{"id":11092,"date":"1970-01-01T00:00:00","date_gmt":"1970-01-01T00:00:00","guid":{"rendered":"https:\/\/elfsight.com\/de\/?page_id=11092"},"modified":"2025-02-19T06:18:29","modified_gmt":"2025-02-19T06:18:29","slug":"webflow","status":"publish","type":"page","link":"https:\/\/elfsight.com\/de\/yelp-reviews-widget\/webflow\/","title":{"rendered":"Yelp Reviews &#8211; Webflow"},"content":{"rendered":"\n<div class=\"application-platform-content-item-description application-platform-content-item\" id=\"description\" data-nav-section=\"description\"> <h2>Einbetten von Yelp-Bewertungen auf Webflow mit dem Elfsight-Widget<\/h2> <p>Elfsight Yelp-Bewertungen ist ein unkompliziertes Widget, mit dem Sie auf ver\u00f6ffentlichen k\u00f6nnen Ihre Website-Bewertungen zu Ihren Produkten oder Dienstleistungen aus Beitr\u00e4gen auf Yelp. Mit diesem Widget k\u00f6nnen Sie Filter anwenden, um unerw\u00fcnschte Bewertungen auszusortieren, Ihre Sterne- und Zahlenbewertungen von Yelp anzuzeigen, Details zu den Autoren hinzuzuf\u00fcgen und eine Schaltfl\u00e4che zu integrieren, die Besucher dazu bringt, eine weitere Bewertung auf Yelp zu schreiben. Das Yelp-Rezensions-Widget von Elfsight hilft Ihnen dabei, Ihren hohen Social Proof auf der Website zu zeigen und den Umsatz zu steigern. <\/p><div class=\"faq\" data-component=\"FAQ\"> <div class=\"faq-item\">\r\n\t\t\t\t\t<div class=\"faq-item-question\">\r\n\t\t\t\t\t\t<h3 class=\"faq-item-question-text\">Wo auf meiner Website kann ich das Widget installieren<\/h3>\r\n\r\n\t\t\t\t\t\t<div class=\"faq-item-question-icon\"><\/div>\r\n\t\t\t\t\t<\/div>\r\n\r\n\t\t\t\t\t<div class=\"faq-item-answer\">\r\n\t\t\t\t\t\t<div class=\"faq-item-answer-text\"> <p>Dieses Widget kann auf jeder Webseite eingebettet werden, auf der Sie Ihre hohe Wertsch\u00e4tzung und Beliebtheit bei Kunden demonstrieren m\u00f6chten. Wenn Sie das Widget auf allen Seiten der Website ver\u00f6ffentlichen m\u00f6chten, k\u00f6nnen Sie es einfach in die Website-Vorlage einf\u00fcgen. <\/p><\/div>\r\n\t\t\t\t\t<\/div>\r\n\t\t\t\t<\/div> <div class=\"faq-item\">\r\n\t\t\t\t\t<div class=\"faq-item-question\">\r\n\t\t\t\t\t\t<h3 class=\"faq-item-question-text\">Welche Vorteile hat es f\u00fcr mich? <\/h3>\r\n\r\n\t\t\t\t\t\t<div class=\"faq-item-question-icon\"><\/div>\r\n\t\t\t\t\t<\/div>\r\n\r\n\t\t\t\t\t<div class=\"faq-item-answer\">\r\n\t\t\t\t\t\t<div class=\"faq-item-answer-text\"> <p>Bewertungen von echten Menschen sind f\u00fcr Ihre Website-Besucher absolut vertrauensw\u00fcrdig und zeigen ihnen, dass Ihr Unternehmen zuverl\u00e4ssig ist. Eine hohe Bewertung und hervorragende Rezensionen k\u00f6nnen dazu beitragen, den Umsatz auf Ihrer Website zu steigern. Dar\u00fcber hinaus kann die aktive Schaltfl\u00e4che dazu beitragen, die Anzahl der Kundenbewertungen zu Ihren Angeboten oder Dienstleistungen auf Yelp zu erh\u00f6hen. <\/p> <\/div>\r\n\t\t\t\t\t<\/div>\r\n\t\t\t\t<\/div> <div class=\"faq-item\">\r\n\t\t\t\t\t<div class=\"faq-item-question\">\r\n\t\t\t\t\t\t<h3 class=\"faq-item-question-text\">Wie kann ich Bewertungen aus dem Yelp-Widget zu meiner Webflow-Website hinzuf\u00fcgen? <\/h3>\r\n\r\n\t\t\t\t\t\t<div class=\"faq-item-question-icon\"><\/div>\r\n\t\t\t\t\t<\/div>\r\n\r\n\t\t\t\t\t<div class=\"faq-item-answer\">\r\n\t\t\t\t\t\t<div class=\"faq-item-answer-text\"> <p>Es dauert nur ein paar Minuten, bis das Widget betriebsbereit ist. Die Integration ist wirklich schnell, kostenlos und ohne Programmieraufwand. <\/p> <p>Sie k\u00f6nnen das Bewertungs-Widget \u00fcber unseren Service in die Website integrieren. F\u00fchren Sie dazu unten auf dieser Seite eine kurze Beschreibung durch. <\/p><\/div>\r\n\t\t\t\t\t<\/div>\r\n\t\t\t\t<\/div> <\/div> <\/div> <div class=\"application-platform-content-item-features application-platform-content-item\" id=\"features\" data-nav-section=\"features\"> <h2>Hauptfunktionen des Yelp-Bewertungs-Widgets<\/h2> <p>Um ein klares Verst\u00e4ndnis davon zu schaffen Widget, entdecken Sie die Liste der wesentlichen Funktionen. Sie machen das Widget f\u00fcr Sie wirklich effizient: <\/p> <ul> <li>Drei verf\u00fcgbare Filter: nach Typ, Ausschlie\u00dfen nach und Anzahl der anzuzeigenden Bewertungen; <\/li> <li>4 vordefinierte Layouts: Liste, Raster, Mauerwerk und Schieberegler; <\/li> <li> Vollst\u00e4ndig flexibler Header des Widgets; <\/li> <li>Die Schaltfl\u00e4che \u201eBewertungsanfrage\u201c f\u00fchrt Besucher zu Ihrer Yelp-Seite. <\/li> <li>Sechs anpassbare Elemente der Benutzeroberfl\u00e4che: Name und Bild des Autors, Empfehlung, Datum, Yelp-Symbol und Sternebewertung; <\/li> <li>Zwei m\u00f6gliche Szenarien nach der Ablehnung einer \u00dcberpr\u00fcfungsanfrage: Demonstrieren Sie Ihre Nachricht oder verbergen Sie die Schaltfl\u00e4che. <\/li> <\/ul><p><a href=\"#demo\">Lernen Sie alle Funktionen in unserer Live-Demo kennen<\/a><\/p> <\/div> <div class=\"application-platform-content-item-installation application-platform-content-item\" id=\"installation\" data-nav-section=\"installation\"> <h2> Erfahren Sie, wie Sie die Yelp-Bewertungen zu Ihrer Webflow-Seite hinzuf\u00fcgen. Es ist eins, zwei, drei einfach<\/h2><div class=\"video-container\"><iframe width=\"560\" height=\"315\" src=\"https:\/\/www.youtube.com\/embed\/lf6p3UAeO0o?si=p2HPa0SfvXnQMCL7\" frameborder=\"0\" allow=\"accelerometer; autoplay; clipboard-write; encrypted-media; gyroscope; picture-in-picture; web-share\" allowfullscreen><\/iframe><\/div><p>Diese verschiedenen Aktionen sind das Einzige, was Sie f\u00fcr die Installation tun m\u00fcssen.<\/p> <ul><li><b>Design Ihr einzigartiges Yelp-Plugin<\/b><br> Generieren Sie mit unserem kostenlosen Konfigurator ein Plugin mit ausgew\u00e4hlter Zusammensetzung und Funktionsmerkmalen. <\/li><li><b>Erwerben Sie den pers\u00f6nlichen Code, um das Plugin anzuzeigen<\/b><br> Nachdem Sie Ihr Widget konfiguriert haben, erhalten Sie den individuellen Code aus der erscheinenden Benachrichtigung auf Elfsight Apps. Kopieren Sie es zur sp\u00e4teren Verwendung. <\/li> <li><b>Ver\u00f6ffentlichen Sie das Plugin auf Ihrer Website<\/b><br> W\u00e4hlen Sie den Bereich auf der Seite aus, in dem Sie das Plugin anzeigen m\u00f6chten, und f\u00fcgen Sie dort den gespeicherten Code hinzu. \u00dcbernehmen Sie die \u00c4nderungen. <\/li> <li><b>Sie haben die Installation erfolgreich abgeschlossen<\/b><br> Besuchen Sie Ihren Shop, um Ihr Plugin zu \u00fcberpr\u00fcfen. <\/li> <\/ul><p>Immer noch nicht sicher? Oder Probleme haben? Schreiben Sie einfach eine Anfrage an unseren Kundensupport und wir l\u00f6sen jedes Problem. <\/p> <\/div>\n","protected":false},"excerpt":{"rendered":"","protected":false},"author":9,"featured_media":0,"parent":1633,"menu_order":0,"comment_status":"closed","ping_status":"closed","template":"templates\/template-application-platform.php","meta":{"publish_to_discourse":"","publish_post_category":"","wpdc_auto_publish_overridden":"","wpdc_topic_tags":"","wpdc_pin_topic":"","wpdc_pin_until":"","discourse_post_id":"","discourse_permalink":"","wpdc_publishing_response":"","wpdc_publishing_error":"","footnotes":""},"class_list":["post-11092","page","type-page","status-publish","hentry"],"yoast_head":"<!-- This site is optimized with the Yoast SEO plugin v25.3.1 - https:\/\/yoast.com\/wordpress\/plugins\/seo\/ -->\n<title>F\u00fcgen Sie das Widget \u201eYelp-Bewertungen\u201c zu Ihrer Webflow-Website hinzu (2025)<\/title>\n<meta name=\"description\" content=\"Erstellen Sie mit Elfsight Ihre Yelp-Bewertungen und platzieren Sie sie im Handumdrehen auf der Webflow-Website. Wir bieten kostenlosen Kundenservice und andere Boni.\" \/>\n<meta name=\"robots\" content=\"index, follow, max-snippet:-1, max-image-preview:large, max-video-preview:-1\" \/>\n<link rel=\"canonical\" href=\"https:\/\/elfsight.com\/de\/yelp-reviews-widget\/webflow\/\" \/>\n<meta property=\"og:locale\" content=\"de_DE\" \/>\n<meta property=\"og:type\" content=\"article\" \/>\n<meta property=\"og:title\" content=\"F\u00fcgen Sie das Widget \u201eYelp-Bewertungen\u201c zu Ihrer Webflow-Website hinzu (2025)\" \/>\n<meta property=\"og:description\" content=\"Erstellen Sie mit Elfsight Ihre Yelp-Bewertungen und platzieren Sie sie im Handumdrehen auf der Webflow-Website. Wir bieten kostenlosen Kundenservice und andere Boni.\" \/>\n<meta property=\"og:url\" content=\"https:\/\/elfsight.com\/de\/yelp-reviews-widget\/webflow\/\" \/>\n<meta property=\"og:site_name\" content=\"Elfsight DE\" \/>\n<meta property=\"article:modified_time\" content=\"2025-02-19T06:18:29+00:00\" \/>\n<meta name=\"twitter:card\" content=\"summary_large_image\" \/>\n<meta name=\"twitter:label1\" content=\"Gesch\u00e4tzte Lesezeit\" \/>\n\t<meta name=\"twitter:data1\" content=\"3\u00a0Minuten\" \/>\n<!-- \/ Yoast SEO plugin. -->","yoast_head_json":{"title":"F\u00fcgen Sie das Widget \u201eYelp-Bewertungen\u201c zu Ihrer Webflow-Website hinzu (2025)","description":"Erstellen Sie mit Elfsight Ihre Yelp-Bewertungen und platzieren Sie sie im Handumdrehen auf der Webflow-Website. Wir bieten kostenlosen Kundenservice und andere Boni.","robots":{"index":"index","follow":"follow","max-snippet":"max-snippet:-1","max-image-preview":"max-image-preview:large","max-video-preview":"max-video-preview:-1"},"canonical":"https:\/\/elfsight.com\/de\/yelp-reviews-widget\/webflow\/","og_locale":"de_DE","og_type":"article","og_title":"F\u00fcgen Sie das Widget \u201eYelp-Bewertungen\u201c zu Ihrer Webflow-Website hinzu (2025)","og_description":"Erstellen Sie mit Elfsight Ihre Yelp-Bewertungen und platzieren Sie sie im Handumdrehen auf der Webflow-Website. Wir bieten kostenlosen Kundenservice und andere Boni.","og_url":"https:\/\/elfsight.com\/de\/yelp-reviews-widget\/webflow\/","og_site_name":"Elfsight DE","article_modified_time":"2025-02-19T06:18:29+00:00","twitter_card":"summary_large_image","twitter_misc":{"Gesch\u00e4tzte Lesezeit":"3\u00a0Minuten"},"schema":{"@context":"https:\/\/schema.org","@graph":[{"@type":"WebPage","@id":"https:\/\/elfsight.com\/de\/yelp-reviews-widget\/webflow\/","url":"https:\/\/elfsight.com\/de\/yelp-reviews-widget\/webflow\/","name":"F\u00fcgen Sie das Widget \u201eYelp-Bewertungen\u201c zu Ihrer Webflow-Website hinzu (2025)","isPartOf":{"@id":"https:\/\/elfsight.com\/de\/#website"},"datePublished":"1970-01-01T00:00:00+00:00","dateModified":"2025-02-19T06:18:29+00:00","description":"Erstellen Sie mit Elfsight Ihre Yelp-Bewertungen und platzieren Sie sie im Handumdrehen auf der Webflow-Website. Wir bieten kostenlosen Kundenservice und andere Boni.","breadcrumb":{"@id":"https:\/\/elfsight.com\/de\/yelp-reviews-widget\/webflow\/#breadcrumb"},"inLanguage":"de","potentialAction":[{"@type":"ReadAction","target":["https:\/\/elfsight.com\/de\/yelp-reviews-widget\/webflow\/"]}]},{"@type":"BreadcrumbList","@id":"https:\/\/elfsight.com\/de\/yelp-reviews-widget\/webflow\/#breadcrumb","itemListElement":[{"@type":"ListItem","position":1,"name":"Home","item":"https:\/\/elfsight.com\/de\/"},{"@type":"ListItem","position":2,"name":"Yelp Reviews","item":"https:\/\/elfsight.com\/de\/yelp-reviews-widget\/"},{"@type":"ListItem","position":3,"name":"Yelp Reviews &#8211; Webflow"}]},{"@type":"WebSite","@id":"https:\/\/elfsight.com\/de\/#website","url":"https:\/\/elfsight.com\/de\/","name":"Elfsight DE","description":"Just another Elfsight Sites site","potentialAction":[{"@type":"SearchAction","target":{"@type":"EntryPoint","urlTemplate":"https:\/\/elfsight.com\/de\/?s={search_term_string}"},"query-input":{"@type":"PropertyValueSpecification","valueRequired":true,"valueName":"search_term_string"}}],"inLanguage":"de"}]}},"meta_box":{"industry":"","seo_heading":"","heading":"","description":"","cta_heading":"","cta_description":"","application":"483","h1":"Webflow Yelp Reviews-Widget","h1_caption":"Pr\u00e4sentieren Sie Kundenrezensionen von Yelp, um Glaubw\u00fcrdigkeit aufzubauen und Ihrem Unternehmen m\u00fchelos soziale Beweise auf Ihrer Webflow-Website zu liefern.","application_category":[],"applications_title":"","applications_request_title":"","applications_request_button_text":"","hero_text":"","hero_video":"","hero_video_schema_markup":"","selling_points_title":"","selling_points_caption":"","selling_points":[],"selling_points_cta_text":"","features_title":"","features":"","ed_cta_examples_text":"","ed_cta_examples_hidden":"","ed_cta_demo_text":"","ed_cta_demo_hidden":"","why_caption":"","why_editor_title":"","why_editor_text":"","why_team_title":"","why_team_text":"","why_service_title":"","why_service_text":"","template_catalog_visible":"0","template_catalog_title":"","template_catalog_text":"","template_catalog_categories_visible":"","demo_title":"Erstellen Sie Ihr Yelp-Rezensions-Widget","demo_caption":"Konfigurieren Sie Ihre Yelp-Bewertungen und f\u00fcgen Sie sie kostenlos zu Ihrer Webflow-Website hinzu!","default_faq_hidden":"","app_template_category":[],"platform":"250","template_public_id":"","codecanyon_url":"","codecanyon_item_id":"","codecanyon_price":"","pricing_caption":"","pricing_elfsight_apps_hide_column":"","pricing_elfsight_apps_url":"","pricing_codecanyon_price_caption":"","integration_category":[],"integration_request_title":"","integration_request_cta":"","integration_platform":"","integrations":[],"platform_category":[],"video_schema_markup":"","price":"ab 0 $ \/ Monat","trial":"","benefits":[{"text":"Kostenloser Installationsservice"},{"text":"Premium-Support"},{"text":"14-t\u00e4gige R\u00fcckerstattungsgarantie"},{"text":"Fortlaufende Entwicklung"}],"button_url":"#demo","button_target_blank":"0","button_nofollow":"0","attributes":[{"name":"Installiert","content":"10,000 - 100,000"},{"name":"Reaktionsfreudig","content":"Ja"},{"name":"Kompatible Browser","content":"Safari, Edge, Chrome, Firefox, Opera"}],"tags":[],"tags_disable_links":"0","hide_more_platforms":"0","video_object":"","demo_hide_cta":"0","demo_hide_cloud_options":"0","pricing_title":"","pricing":[{"pricing_icon":"platform","pricing_title":"Elfsight Apps","pricing_title_caption":"Plattform\u00fcbergreifende digitale L\u00f6sung, die auf jeder Website funktioniert","pricing_price":"ab 0 $ \/ Monat","pricing_price_caption":"Beginnen Sie mit einem kostenlosen Plan","pricing_benefits":[{"text":"Unbegrenzte Domains"},{"text":"Professionelle Unterst\u00fctzung"},{"text":"Kostenloser Installationsservice"},{"text":"Sonderangebot f\u00fcr mehrere Apps"}],"pricing_button_text":"Zur Website hinzuf\u00fcgen","pricing_button_url":"#demo"}],"related_apps_title":"","related_apps_hidden":"0","author":"","image":[],"title":"","job":"","social_networks":[]},"_links":{"self":[{"href":"https:\/\/elfsight.com\/de\/wp-json\/wp\/v2\/pages\/11092","targetHints":{"allow":["GET"]}}],"collection":[{"href":"https:\/\/elfsight.com\/de\/wp-json\/wp\/v2\/pages"}],"about":[{"href":"https:\/\/elfsight.com\/de\/wp-json\/wp\/v2\/types\/page"}],"author":[{"embeddable":true,"href":"https:\/\/elfsight.com\/de\/wp-json\/wp\/v2\/users\/9"}],"replies":[{"embeddable":true,"href":"https:\/\/elfsight.com\/de\/wp-json\/wp\/v2\/comments?post=11092"}],"version-history":[{"count":3,"href":"https:\/\/elfsight.com\/de\/wp-json\/wp\/v2\/pages\/11092\/revisions"}],"predecessor-version":[{"id":24392,"href":"https:\/\/elfsight.com\/de\/wp-json\/wp\/v2\/pages\/11092\/revisions\/24392"}],"up":[{"embeddable":true,"href":"https:\/\/elfsight.com\/de\/wp-json\/wp\/v2\/pages\/1633"}],"wp:attachment":[{"href":"https:\/\/elfsight.com\/de\/wp-json\/wp\/v2\/media?parent=11092"}],"curies":[{"name":"wp","href":"https:\/\/api.w.org\/{rel}","templated":true}]}}