{"id":11091,"date":"1970-01-01T00:00:00","date_gmt":"1970-01-01T00:00:00","guid":{"rendered":"https:\/\/elfsight.com\/de\/?page_id=11091"},"modified":"2025-07-10T14:05:57","modified_gmt":"2025-07-10T14:05:57","slug":"webnode","status":"publish","type":"page","link":"https:\/\/elfsight.com\/de\/yelp-reviews-widget\/webnode\/","title":{"rendered":"Yelp Reviews &#8211; Webnode"},"content":{"rendered":"<div class=\"application-platform-content-item-description application-platform-content-item\" id=\"description\" data-nav-section=\"description\"> <h2>Beschreibung<\/h2> <p>Wenn Sie Ihre Wertsch\u00e4tzung bei den Benutzern zum Ausdruck bringen und Website-Besucher davon \u00fcberzeugen m\u00f6chten, dass Ihre Angebote ein gutes Preis-Leistungs-Verh\u00e4ltnis bieten , Elfsight Yelp Reviews werden den Job erledigen. Mit unserem Widget k\u00f6nnen Sie ganz einfach Kundenbewertungen von Yelp mit Details zu den Autoren auf Ihrer Website einf\u00fcgen, sie filtern, um nur gute Bewertungen anzuzeigen, Bewertungen anzeigen und eine aktive Schaltfl\u00e4che verwenden, die die Leute auf Ihre Yelp-Seite leitet, damit sie ihre Bewertungen ver\u00f6ffentlichen k\u00f6nnen Rezension. <\/p><div class=\"faq\" data-component=\"FAQ\"> <div class=\"faq-item\">\r\n\t\t\t\t\t<div class=\"faq-item-question\">\r\n\t\t\t\t\t\t<h3 class=\"faq-item-question-text\">Wo kann ich dieses Plugin ver\u00f6ffentlichen<\/h3>\r\n\r\n\t\t\t\t\t\t<div class=\"faq-item-question-icon\"><\/div>\r\n\t\t\t\t\t<\/div>\r\n\r\n\t\t\t\t\t<div class=\"faq-item-answer\">\r\n\t\t\t\t\t\t<div class=\"faq-item-answer-text\"> <p>Unser Widget kann auf jeder Seite installiert werden, auf der Sie Ihre hohe Wertsch\u00e4tzung und Beliebtheit bei Kunden zeigen m\u00fcssen. Wenn Sie es auf allen Seiten Ihrer Website ben\u00f6tigen, k\u00f6nnen Sie es einfach in die Website-Vorlage einf\u00fcgen. <\/p><\/div>\r\n\t\t\t\t\t<\/div>\r\n\t\t\t\t<\/div> <div class=\"faq-item\">\r\n\t\t\t\t\t<div class=\"faq-item-question\">\r\n\t\t\t\t\t\t<h3 class=\"faq-item-question-text\">Wie kann ich davon profitieren? <\/h3>\r\n\r\n\t\t\t\t\t\t<div class=\"faq-item-question-icon\"><\/div>\r\n\t\t\t\t\t<\/div>\r\n\r\n\t\t\t\t\t<div class=\"faq-item-answer\">\r\n\t\t\t\t\t\t<div class=\"faq-item-answer-text\"> <p>Bewertungen von echten Menschen sind f\u00fcr die Benutzer Ihrer Website absolut vertrauensw\u00fcrdig und zeigen ihnen, dass Ihr Unternehmen zuverl\u00e4ssig ist. Eine hohe Bewertung und gute Rezensionen k\u00f6nnen dazu beitragen, den Umsatz auf Ihrer Website zu steigern. Dar\u00fcber hinaus tr\u00e4gt die Weiterleitungsschaltfl\u00e4che zu mehr Kundenbewertungen zu Ihrem Unternehmen auf Yelp bei. <\/p> <\/div>\r\n\t\t\t\t\t<\/div>\r\n\t\t\t\t<\/div> <div class=\"faq-item\">\r\n\t\t\t\t\t<div class=\"faq-item-question\">\r\n\t\t\t\t\t\t<h3 class=\"faq-item-question-text\">Wie f\u00fcge ich das Widget \u201eBewertungen aus Yelp\u201c auf meiner Webnode-Website hinzu? <\/h3>\r\n\r\n\t\t\t\t\t\t<div class=\"faq-item-question-icon\"><\/div>\r\n\t\t\t\t\t<\/div>\r\n\r\n\t\t\t\t\t<div class=\"faq-item-answer\">\r\n\t\t\t\t\t\t<div class=\"faq-item-answer-text\"> <p>Das Einbetten des Widgets dauert nur eine Minute. Der Integrationsprozess ist sehr schnell, kostenlos und ohne Programmierung. <\/p> <p>Sie k\u00f6nnen der Webseite direkt \u00fcber unseren Service ein Bewertungs-Widget hinzuf\u00fcgen. Schauen Sie sich einfach die kurze Beschreibung unten auf dieser Seite an. <\/p><\/div>\r\n\t\t\t\t\t<\/div>\r\n\t\t\t\t<\/div> <\/div> <\/div> <div class=\"application-platform-content-item-features application-platform-content-item\" id=\"features\" data-nav-section=\"features\"> <h2>Funktionen<\/h2> <p>Um ein klareres Verst\u00e4ndnis des Widgets zu erlangen, sehen Sie sich die Liste seiner wichtigsten Funktionen an wertvolle Eigenschaften. Sie machen das Widget f\u00fcr Sie maximal effizient: <\/p> <ul> <li>3 Arten von Filtern: nach Typ, Ausschlie\u00dfen nach und Anzahl der anzuzeigenden Bewertungen; <\/li> <li>Vier verf\u00fcgbare Layouts: Liste, Raster, Mauerwerk und Schieberegler; <\/li> <li>Umschaltbarer Header des Widgets; <\/li> <li>Die Schaltfl\u00e4che \u201eBewertungsanfrage\u201c leitet Benutzer zur Yelp-Seite weiter. <\/li> <li>6 anpassbare Elemente der Bewertungen: Name des Autors und Bild, Empfehlung, Datum, Yelp-Symbol und Sternebewertung; <\/li> <li>Zwei alternative Szenarien nach der Ablehnung einer \u00dcberpr\u00fcfungsanfrage: Offenlegen Ihrer Nachricht oder Verstecken der Schaltfl\u00e4che. <\/li> <\/ul><p><a href=\"#demo\">Sehen Sie sich alle Funktionen in unserer Live-Demo an<\/a><\/p> <\/div> <div class=\"application-platform-content-item-installation application-platform-content-item\" id=\"installation\" data-nav-section=\"installation\"> <h2> Sehen wir uns an, wie Sie die Yelp-Bewertungen zu Ihrer Webnode-Seite hinzuf\u00fcgen. Es ist unkompliziert und nimmt nicht viel Zeit in Anspruch. <\/h2> <p> Ein paar einfache Schritte sind das Einzige, was Sie tun m\u00fcssen, um das Widget auf Ihrer Website anzuzeigen. <\/p> <ul><li><b>Erstellen Sie Ihr individuelles Yelp-Widget<\/b><br> Generieren Sie in unserer kostenlosen Demo ein Plugin mit einem bevorzugten Layout und einer bevorzugten Funktionalit\u00e4t. <\/li><li><b>Kopieren Sie den pers\u00f6nlichen Code, um das Plugin zu ver\u00f6ffentlichen<\/b><br> Nachdem Sie Ihr Widget eingerichtet haben, erhalten Sie den Installationscode aus der angezeigten Benachrichtigung auf Elfsight Apps. Kopieren Sie diesen Code zur weiteren Verwendung. <\/li> <li><b> Ver\u00f6ffentlichen Sie das Plugin auf Ihrer Website<\/b><br> Definieren Sie den Bereich, in dem Sie das Plugin hinzuf\u00fcgen m\u00f6chten, und f\u00fcgen Sie dort den gespeicherten Code ein. Ver\u00f6ffentlichen Sie die \u00c4nderungen. <\/li> <li><b>Die Einbettung ist erfolgreich! <\/b><br> Betreten Sie den Store, um Ihr Plugin zu \u00fcberpr\u00fcfen. <\/li> <\/ul><p>Zweifeln Sie immer noch an etwas? Oder Probleme haben? Eine einzige Anfrage an unseren Kundensupport hilft bei jedem Problem. <\/p> <\/div>","protected":false},"excerpt":{"rendered":"","protected":false},"author":9,"featured_media":0,"parent":1633,"menu_order":0,"comment_status":"closed","ping_status":"closed","template":"templates\/template-application-platform.php","meta":{"publish_to_discourse":"","publish_post_category":"","wpdc_auto_publish_overridden":"","wpdc_topic_tags":"","wpdc_pin_topic":"","wpdc_pin_until":"","discourse_post_id":"","discourse_permalink":"","wpdc_publishing_response":"","wpdc_publishing_error":"","footnotes":""},"class_list":["post-11091","page","type-page","status-publish","hentry"],"yoast_head":"<!-- This site is optimized with the Yoast SEO plugin v25.3.1 - https:\/\/yoast.com\/wordpress\/plugins\/seo\/ -->\n<title>F\u00fcgen Sie das Widget \u201eYelp-Bewertungen\u201c zu Ihrer Webnode-Website hinzu (schnell und einfach)<\/title>\n<meta name=\"description\" content=\"Gestalten Sie mit Elfsight Ihre Yelp-Bewertungen und f\u00fcgen Sie sie ganz einfach auf der Webnode-Website hinzu. Wir bieten kostenlosen Kundensupport und weitere Boni.\" \/>\n<meta name=\"robots\" content=\"index, follow, max-snippet:-1, max-image-preview:large, max-video-preview:-1\" \/>\n<link rel=\"canonical\" href=\"https:\/\/elfsight.com\/de\/yelp-reviews-widget\/webnode\/\" \/>\n<meta property=\"og:locale\" content=\"de_DE\" \/>\n<meta property=\"og:type\" content=\"article\" \/>\n<meta property=\"og:title\" content=\"F\u00fcgen Sie das Widget \u201eYelp-Bewertungen\u201c zu Ihrer Webnode-Website hinzu (schnell und einfach)\" \/>\n<meta property=\"og:description\" content=\"Gestalten Sie mit Elfsight Ihre Yelp-Bewertungen und f\u00fcgen Sie sie ganz einfach auf der Webnode-Website hinzu. Wir bieten kostenlosen Kundensupport und weitere Boni.\" \/>\n<meta property=\"og:url\" content=\"https:\/\/elfsight.com\/de\/yelp-reviews-widget\/webnode\/\" \/>\n<meta property=\"og:site_name\" content=\"Elfsight DE\" \/>\n<meta property=\"article:modified_time\" content=\"2025-07-10T14:05:57+00:00\" \/>\n<meta name=\"twitter:card\" content=\"summary_large_image\" \/>\n<meta name=\"twitter:label1\" content=\"Gesch\u00e4tzte Lesezeit\" \/>\n\t<meta name=\"twitter:data1\" content=\"3\u00a0Minuten\" \/>\n<!-- \/ Yoast SEO plugin. -->","yoast_head_json":{"title":"F\u00fcgen Sie das Widget \u201eYelp-Bewertungen\u201c zu Ihrer Webnode-Website hinzu (schnell und einfach)","description":"Gestalten Sie mit Elfsight Ihre Yelp-Bewertungen und f\u00fcgen Sie sie ganz einfach auf der Webnode-Website hinzu. Wir bieten kostenlosen Kundensupport und weitere Boni.","robots":{"index":"index","follow":"follow","max-snippet":"max-snippet:-1","max-image-preview":"max-image-preview:large","max-video-preview":"max-video-preview:-1"},"canonical":"https:\/\/elfsight.com\/de\/yelp-reviews-widget\/webnode\/","og_locale":"de_DE","og_type":"article","og_title":"F\u00fcgen Sie das Widget \u201eYelp-Bewertungen\u201c zu Ihrer Webnode-Website hinzu (schnell und einfach)","og_description":"Gestalten Sie mit Elfsight Ihre Yelp-Bewertungen und f\u00fcgen Sie sie ganz einfach auf der Webnode-Website hinzu. Wir bieten kostenlosen Kundensupport und weitere Boni.","og_url":"https:\/\/elfsight.com\/de\/yelp-reviews-widget\/webnode\/","og_site_name":"Elfsight DE","article_modified_time":"2025-07-10T14:05:57+00:00","twitter_card":"summary_large_image","twitter_misc":{"Gesch\u00e4tzte Lesezeit":"3\u00a0Minuten"},"schema":{"@context":"https:\/\/schema.org","@graph":[{"@type":"WebPage","@id":"https:\/\/elfsight.com\/de\/yelp-reviews-widget\/webnode\/","url":"https:\/\/elfsight.com\/de\/yelp-reviews-widget\/webnode\/","name":"F\u00fcgen Sie das Widget \u201eYelp-Bewertungen\u201c zu Ihrer Webnode-Website hinzu (schnell und einfach)","isPartOf":{"@id":"https:\/\/elfsight.com\/de\/#website"},"datePublished":"1970-01-01T00:00:00+00:00","dateModified":"2025-07-10T14:05:57+00:00","description":"Gestalten Sie mit Elfsight Ihre Yelp-Bewertungen und f\u00fcgen Sie sie ganz einfach auf der Webnode-Website hinzu. Wir bieten kostenlosen Kundensupport und weitere Boni.","breadcrumb":{"@id":"https:\/\/elfsight.com\/de\/yelp-reviews-widget\/webnode\/#breadcrumb"},"inLanguage":"de","potentialAction":[{"@type":"ReadAction","target":["https:\/\/elfsight.com\/de\/yelp-reviews-widget\/webnode\/"]}]},{"@type":"BreadcrumbList","@id":"https:\/\/elfsight.com\/de\/yelp-reviews-widget\/webnode\/#breadcrumb","itemListElement":[{"@type":"ListItem","position":1,"name":"Home","item":"https:\/\/elfsight.com\/de\/"},{"@type":"ListItem","position":2,"name":"Yelp Reviews","item":"https:\/\/elfsight.com\/de\/yelp-reviews-widget\/"},{"@type":"ListItem","position":3,"name":"Yelp Reviews &#8211; Webnode"}]},{"@type":"WebSite","@id":"https:\/\/elfsight.com\/de\/#website","url":"https:\/\/elfsight.com\/de\/","name":"Elfsight DE","description":"Just another Elfsight Sites site","potentialAction":[{"@type":"SearchAction","target":{"@type":"EntryPoint","urlTemplate":"https:\/\/elfsight.com\/de\/?s={search_term_string}"},"query-input":{"@type":"PropertyValueSpecification","valueRequired":true,"valueName":"search_term_string"}}],"inLanguage":"de"}]}},"meta_box":{"industry":"","seo_heading":"","heading":"","description":"","cta_heading":"","cta_description":"","application":"483","h1":"Webnode Yelp Reviews-Widget","h1_caption":"Pr\u00e4sentieren Sie Kundenbewertungen von Yelp, um Glaubw\u00fcrdigkeit aufzubauen und Ihrem Unternehmen m\u00fchelos Social Proof auf Ihrer Webnode-Website bereitzustellen.","application_category":[],"applications_title":"","applications_request_title":"","applications_request_button_text":"","hero_text":"","hero_video":"","hero_video_schema_markup":"","selling_points_title":"","selling_points_caption":"","selling_points":[],"selling_points_cta_text":"","features_title":"","features":"","ed_cta_examples_text":"","ed_cta_examples_hidden":"","ed_cta_demo_text":"","ed_cta_demo_hidden":"","why_caption":"","why_editor_title":"","why_editor_text":"","why_team_title":"","why_team_text":"","why_service_title":"","why_service_text":"","template_catalog_visible":"","template_catalog_title":"","template_catalog_text":"","template_catalog_categories_visible":"","demo_title":"Erstellen Sie Ihr Yelp-Rezensions-Widget","demo_caption":"Konfigurieren Sie Ihre Yelp-Bewertungen und f\u00fcgen Sie sie kostenlos zu Ihrer Webnode-Website hinzu!","default_faq_hidden":"","app_template_category":[],"platform":"248","template_public_id":"","codecanyon_url":"","codecanyon_item_id":"","codecanyon_price":"","pricing_caption":"","pricing_elfsight_apps_hide_column":"","pricing_elfsight_apps_url":"","pricing_codecanyon_price_caption":"","integration_category":[],"integration_request_title":"","integration_request_cta":"","integration_platform":"","integrations":[],"platform_category":[],"video_schema_markup":"","price":"ab 0 $ \/ Monat","trial":"","benefits":[{"text":"Kostenloser Installationsservice"},{"text":"Erfahrener Kundensupport"},{"text":"14-t\u00e4gige Geld-zur\u00fcck-Garantie"},{"text":"Regelm\u00e4\u00dfige kostenlose Verbesserungen"}],"button_url":"#demo","button_target_blank":"","button_nofollow":"","attributes":[{"name":"Installiert","content":"10,000 - 100,000"},{"name":"Reaktionsfreudig","content":"Ja"},{"name":"Kompatible Browser","content":"Firefox, Safari, Opera, Chrome, Edge"}],"tags":[],"tags_disable_links":"","hide_more_platforms":"","video_object":"","demo_hide_cta":"","demo_hide_cloud_options":"","pricing_title":"","pricing":[{"pricing_icon":"platform","pricing_title":"Elfsight Apps","pricing_title_caption":"Plattformunabh\u00e4ngige digitale L\u00f6sung","pricing_price":"ab 0 $ \/ Monat","pricing_price_caption":"Beginnen Sie mit einem kostenlosen Plan","pricing_benefits":[{"text":"Unbegrenzte Websites"},{"text":"Unternehmensunterst\u00fctzung rund um die Uhr"},{"text":"Kostenlose Installationshilfe"},{"text":"Tolles Angebot f\u00fcr mehrere Apps"}],"pricing_button_text":"Zur Website hinzuf\u00fcgen","pricing_button_url":"#demo"}],"related_apps_title":"","related_apps_hidden":"","author":"","image":[],"title":"","job":"","social_networks":[]},"_links":{"self":[{"href":"https:\/\/elfsight.com\/de\/wp-json\/wp\/v2\/pages\/11091","targetHints":{"allow":["GET"]}}],"collection":[{"href":"https:\/\/elfsight.com\/de\/wp-json\/wp\/v2\/pages"}],"about":[{"href":"https:\/\/elfsight.com\/de\/wp-json\/wp\/v2\/types\/page"}],"author":[{"embeddable":true,"href":"https:\/\/elfsight.com\/de\/wp-json\/wp\/v2\/users\/9"}],"replies":[{"embeddable":true,"href":"https:\/\/elfsight.com\/de\/wp-json\/wp\/v2\/comments?post=11091"}],"version-history":[{"count":2,"href":"https:\/\/elfsight.com\/de\/wp-json\/wp\/v2\/pages\/11091\/revisions"}],"predecessor-version":[{"id":22224,"href":"https:\/\/elfsight.com\/de\/wp-json\/wp\/v2\/pages\/11091\/revisions\/22224"}],"up":[{"embeddable":true,"href":"https:\/\/elfsight.com\/de\/wp-json\/wp\/v2\/pages\/1633"}],"wp:attachment":[{"href":"https:\/\/elfsight.com\/de\/wp-json\/wp\/v2\/media?parent=11091"}],"curies":[{"name":"wp","href":"https:\/\/api.w.org\/{rel}","templated":true}]}}