{"id":11083,"date":"1970-01-01T00:00:00","date_gmt":"1970-01-01T00:00:00","guid":{"rendered":"https:\/\/elfsight.com\/de\/?page_id=11083"},"modified":"2025-02-19T06:20:13","modified_gmt":"2025-02-19T06:20:13","slug":"weebly","status":"publish","type":"page","link":"https:\/\/elfsight.com\/de\/yelp-reviews-widget\/weebly\/","title":{"rendered":"Yelp Reviews &#8211; Weebly"},"content":{"rendered":"\n<div class=\"application-platform-content-item-description application-platform-content-item\" id=\"description\" data-nav-section=\"description\"> <h2>Beschreibung<\/h2> <p>Wenn Sie Ihren Kunden Ihre Wertsch\u00e4tzung zeigen und Website-Besucher davon \u00fcberzeugen m\u00f6chten, dass Ihre Angebote den Kauf wert sind, Elfsight Yelp Reviews ist die richtige Wahl. Mit unserem Widget k\u00f6nnen Sie Kundenbewertungen von Yelp mit Informationen zu den Autoren auf Ihrer Website einbetten. Verwenden Sie Filter, um nur gute Bewertungen anzuzeigen. und f\u00fcgen Sie Bewertungen und eine aktive Schaltfl\u00e4che hinzu, die Benutzer auf Ihre Yelp-Seite bringt, wo sie ihre Bewertung schreiben k\u00f6nnen. <\/p><div class=\"faq\" data-component=\"FAQ\"> <div class=\"faq-item\">\r\n\t\t\t\t\t<div class=\"faq-item-question\">\r\n\t\t\t\t\t\t<h3 class=\"faq-item-question-text\">Wo auf meiner Website kann ich das Bewertungs-Widget hinzuf\u00fcgen<\/h3>\r\n\r\n\t\t\t\t\t\t<div class=\"faq-item-question-icon\"><\/div>\r\n\t\t\t\t\t<\/div>\r\n\r\n\t\t\t\t\t<div class=\"faq-item-answer\">\r\n\t\t\t\t\t\t<div class=\"faq-item-answer-text\"> <p>Es steht Ihnen frei, das Widget auf jeder Seite der Website anzuzeigen oder es in die Website-Vorlage einzuf\u00fcgen, damit es funktioniert wird auf allen Seiten bekannt gegeben. Bewertungen k\u00f6nnen gut auf Produktseiten oder auf der Seite \u201e\u00dcber uns\u201c funktionieren, wo Sie Ihre hohe Wertsch\u00e4tzung zum Ausdruck bringen m\u00f6chten. <\/p><\/div>\r\n\t\t\t\t\t<\/div>\r\n\t\t\t\t<\/div> <div class=\"faq-item\">\r\n\t\t\t\t\t<div class=\"faq-item-question\">\r\n\t\t\t\t\t\t<h3 class=\"faq-item-question-text\">Was sind die Vorteile des Widgets f\u00fcr mich? <\/h3>\r\n\r\n\t\t\t\t\t\t<div class=\"faq-item-question-icon\"><\/div>\r\n\t\t\t\t\t<\/div>\r\n\r\n\t\t\t\t\t<div class=\"faq-item-answer\">\r\n\t\t\t\t\t\t<div class=\"faq-item-answer-text\"> <p>Bewertungen von echten Menschen wirken f\u00fcr die Benutzer Ihrer Website absolut glaubw\u00fcrdig und zeigen ihnen, dass Sie Ihrem Unternehmen vertrauen k\u00f6nnen. Hohe Bewertungen und positive Rezensionen k\u00f6nnen dazu beitragen, den Umsatz Ihrer Website zu steigern. Au\u00dferdem kann die aktive Schaltfl\u00e4che dazu beitragen, dass mehr Kundenbewertungen zu Ihrem Unternehmen auf Yelp abgegeben werden. <\/p> <\/div>\r\n\t\t\t\t\t<\/div>\r\n\t\t\t\t<\/div> <div class=\"faq-item\">\r\n\t\t\t\t\t<div class=\"faq-item-question\">\r\n\t\t\t\t\t\t<h3 class=\"faq-item-question-text\">Wie kann ich das Widget \u201eBewertungen von Yelp\u201c auf meiner Weebly-Website einbetten? <\/h3>\r\n\r\n\t\t\t\t\t\t<div class=\"faq-item-question-icon\"><\/div>\r\n\t\t\t\t\t<\/div>\r\n\r\n\t\t\t\t\t<div class=\"faq-item-answer\">\r\n\t\t\t\t\t\t<div class=\"faq-item-answer-text\"> <p>Die Aktivierung dauert eine Minute. Das Hinzuf\u00fcgen erfolgt superschnell, kostenlos und ohne Programmieraufwand. <\/p> <p>Das Widget kann \u00fcber unseren Service oder \u00fcber den Marktplatz integriert werden. Sie k\u00f6nnen sich \u00fcber beide Optionen informieren und eine passendere ausw\u00e4hlen. <\/p><\/div>\r\n\t\t\t\t\t<\/div>\r\n\t\t\t\t<\/div> <\/div> <\/div> <div class=\"application-platform-content-item-features application-platform-content-item\" id=\"features\" data-nav-section=\"features\"> <h2>Funktionen<\/h2> <p>Um das Bewertungs-Widget besser zu verstehen, entdecken Sie die Liste der am h\u00e4ufigsten verwendeten wichtige Funktionen. Sie machen das Widget f\u00fcr Sie maximal effizient: <\/p> <ul> <li>3 verf\u00fcgbare Filter: nach Typ, Ausschlie\u00dfen nach und Anzahl der anzuzeigenden Bewertungen; <\/li> <li>Vier verf\u00fcgbare Layouts: Liste, Raster, Mauerwerk und Schieberegler; <\/li> <li>Umschaltbarer Header des Widgets; <\/li> <li>Die Schaltfl\u00e4che \u201eBewertungsanfrage\u201c leitet Personen zu Ihrer Yelp-Seite weiter; <\/li> <li>6 anpassbare Elemente der Bewertungen: Name des Autors und Bild, Empfehlungstext, Datum, Yelp-Symbol und Sternebewertung; <\/li> <li>Zwei Alternativen f\u00fcr die Ablehnung einer \u00dcberpr\u00fcfungsanfrage: Zeigen Sie Ihre Nachricht an oder blenden Sie die Schaltfl\u00e4che aus. <\/li> <\/ul><p><a href=\"#demo\">Erfahren Sie mehr \u00fcber weitere Funktionen in unserer Live-Demo<\/a><\/p> <\/div> <div class=\"application-platform-content-item-installation application-platform-content-item\" id=\"installation\" data-nav-section=\"installation\"> <h2>So f\u00fcgen Sie Yelp-Bewertungen zu Ihrer Weebly-Website hinzu<\/h2><div class=\"video-container\"><iframe width=\"560\" height=\"315\" src=\"https:\/\/www.youtube.com\/embed\/iOt0bRFCw0E?si=8B-Nq39VmvPH2oob\" frameborder=\"0\" allow=\"accelerometer; autoplay; clipboard-write; encrypted-media; gyroscope; picture-in-picture; web-share\" allowfullscreen><\/iframe><\/div><p>Sie m\u00fcssen nur mehrere Aktionen ausf\u00fchren, um das Widget auf Ihrer Website anzuzeigen. <\/p> <ol><li><b>Nutzen Sie unseren kostenlosen Konfigurator und beginnen Sie mit der Gestaltung Ihrer einzigartigen App. <\/b><br> Finden Sie das bevorzugte Aussehen und die bevorzugten Aspekte der App und speichern Sie alle \u00c4nderungen. <\/li> <li><b>Kopieren Sie den pers\u00f6nlichen Code, der im Fenster von Elfsight Apps angezeigt wird. <\/b><br> Wenn die Konfiguration Ihrer pers\u00f6nlichen App abgeschlossen ist, kopieren Sie den exklusiven Code im angezeigten Fenster und speichern Sie ihn f\u00fcr die zuk\u00fcnftige Verwendung. <\/li> <li><b>Beginnen Sie mit der Nutzung der App auf der Weebly-Website. <\/b><br> Platzieren Sie den Code, den Sie k\u00fcrzlich kopiert haben, auf Ihrer Webseite und speichern Sie die Korrekturen. <\/li> <li><b>Die Installation wurde erfolgreich durchgef\u00fchrt. <\/b><br> Gehen Sie zu Ihrer Webseite, um die Leistung der App zu \u00fcberpr\u00fcfen. <\/li><\/ol><p>Sie k\u00f6nnen sich immer noch nicht entscheiden? Oder \u00fcber irgendetwas gestolpert? Senden Sie einfach eine Anfrage an unseren Kundenservice, der jedes Problem l\u00f6sen wird. <\/p> <\/div>\n","protected":false},"excerpt":{"rendered":"","protected":false},"author":9,"featured_media":0,"parent":1633,"menu_order":0,"comment_status":"closed","ping_status":"closed","template":"templates\/template-application-platform.php","meta":{"publish_to_discourse":"","publish_post_category":"","wpdc_auto_publish_overridden":"","wpdc_topic_tags":"","wpdc_pin_topic":"","wpdc_pin_until":"","discourse_post_id":"","discourse_permalink":"","wpdc_publishing_response":"","wpdc_publishing_error":"","footnotes":""},"class_list":["post-11083","page","type-page","status-publish","hentry"],"yoast_head":"<!-- This site is optimized with the Yoast SEO plugin v25.3.1 - https:\/\/yoast.com\/wordpress\/plugins\/seo\/ -->\n<title>F\u00fcgen Sie die Yelp Reviews-App zu Ihrer Weebly-Website hinzu (in 2 Minuten)<\/title>\n<meta name=\"description\" content=\"Hier haben Sie die M\u00f6glichkeit, ein effektives Yelp-Bewertungs-Widget zu erstellen und es Ihrer Weebly-Website hinzuzuf\u00fcgen. Erhalten Sie kostenlosen Kundenservice und andere Verg\u00fcnstigungen von Elfsight.\" \/>\n<meta name=\"robots\" content=\"index, follow, max-snippet:-1, max-image-preview:large, max-video-preview:-1\" \/>\n<link rel=\"canonical\" href=\"https:\/\/elfsight.com\/de\/yelp-reviews-widget\/weebly\/\" \/>\n<meta property=\"og:locale\" content=\"de_DE\" \/>\n<meta property=\"og:type\" content=\"article\" \/>\n<meta property=\"og:title\" content=\"F\u00fcgen Sie die Yelp Reviews-App zu Ihrer Weebly-Website hinzu (in 2 Minuten)\" \/>\n<meta property=\"og:description\" content=\"Hier haben Sie die M\u00f6glichkeit, ein effektives Yelp-Bewertungs-Widget zu erstellen und es Ihrer Weebly-Website hinzuzuf\u00fcgen. Erhalten Sie kostenlosen Kundenservice und andere Verg\u00fcnstigungen von Elfsight.\" \/>\n<meta property=\"og:url\" content=\"https:\/\/elfsight.com\/de\/yelp-reviews-widget\/weebly\/\" \/>\n<meta property=\"og:site_name\" content=\"Elfsight DE\" \/>\n<meta property=\"article:modified_time\" content=\"2025-02-19T06:20:13+00:00\" \/>\n<meta name=\"twitter:card\" content=\"summary_large_image\" \/>\n<meta name=\"twitter:label1\" content=\"Gesch\u00e4tzte Lesezeit\" \/>\n\t<meta name=\"twitter:data1\" content=\"3\u00a0Minuten\" \/>\n<!-- \/ Yoast SEO plugin. -->","yoast_head_json":{"title":"F\u00fcgen Sie die Yelp Reviews-App zu Ihrer Weebly-Website hinzu (in 2 Minuten)","description":"Hier haben Sie die M\u00f6glichkeit, ein effektives Yelp-Bewertungs-Widget zu erstellen und es Ihrer Weebly-Website hinzuzuf\u00fcgen. Erhalten Sie kostenlosen Kundenservice und andere Verg\u00fcnstigungen von Elfsight.","robots":{"index":"index","follow":"follow","max-snippet":"max-snippet:-1","max-image-preview":"max-image-preview:large","max-video-preview":"max-video-preview:-1"},"canonical":"https:\/\/elfsight.com\/de\/yelp-reviews-widget\/weebly\/","og_locale":"de_DE","og_type":"article","og_title":"F\u00fcgen Sie die Yelp Reviews-App zu Ihrer Weebly-Website hinzu (in 2 Minuten)","og_description":"Hier haben Sie die M\u00f6glichkeit, ein effektives Yelp-Bewertungs-Widget zu erstellen und es Ihrer Weebly-Website hinzuzuf\u00fcgen. Erhalten Sie kostenlosen Kundenservice und andere Verg\u00fcnstigungen von Elfsight.","og_url":"https:\/\/elfsight.com\/de\/yelp-reviews-widget\/weebly\/","og_site_name":"Elfsight DE","article_modified_time":"2025-02-19T06:20:13+00:00","twitter_card":"summary_large_image","twitter_misc":{"Gesch\u00e4tzte Lesezeit":"3\u00a0Minuten"},"schema":{"@context":"https:\/\/schema.org","@graph":[{"@type":"WebPage","@id":"https:\/\/elfsight.com\/de\/yelp-reviews-widget\/weebly\/","url":"https:\/\/elfsight.com\/de\/yelp-reviews-widget\/weebly\/","name":"F\u00fcgen Sie die Yelp Reviews-App zu Ihrer Weebly-Website hinzu (in 2 Minuten)","isPartOf":{"@id":"https:\/\/elfsight.com\/de\/#website"},"datePublished":"1970-01-01T00:00:00+00:00","dateModified":"2025-02-19T06:20:13+00:00","description":"Hier haben Sie die M\u00f6glichkeit, ein effektives Yelp-Bewertungs-Widget zu erstellen und es Ihrer Weebly-Website hinzuzuf\u00fcgen. Erhalten Sie kostenlosen Kundenservice und andere Verg\u00fcnstigungen von Elfsight.","breadcrumb":{"@id":"https:\/\/elfsight.com\/de\/yelp-reviews-widget\/weebly\/#breadcrumb"},"inLanguage":"de","potentialAction":[{"@type":"ReadAction","target":["https:\/\/elfsight.com\/de\/yelp-reviews-widget\/weebly\/"]}]},{"@type":"BreadcrumbList","@id":"https:\/\/elfsight.com\/de\/yelp-reviews-widget\/weebly\/#breadcrumb","itemListElement":[{"@type":"ListItem","position":1,"name":"Home","item":"https:\/\/elfsight.com\/de\/"},{"@type":"ListItem","position":2,"name":"Yelp Reviews","item":"https:\/\/elfsight.com\/de\/yelp-reviews-widget\/"},{"@type":"ListItem","position":3,"name":"Yelp Reviews &#8211; Weebly"}]},{"@type":"WebSite","@id":"https:\/\/elfsight.com\/de\/#website","url":"https:\/\/elfsight.com\/de\/","name":"Elfsight DE","description":"Just another Elfsight Sites site","potentialAction":[{"@type":"SearchAction","target":{"@type":"EntryPoint","urlTemplate":"https:\/\/elfsight.com\/de\/?s={search_term_string}"},"query-input":{"@type":"PropertyValueSpecification","valueRequired":true,"valueName":"search_term_string"}}],"inLanguage":"de"}]}},"meta_box":{"industry":"","seo_heading":"","heading":"","description":"","cta_heading":"","cta_description":"","application":"483","h1":"Weebly Yelp Reviews-App","h1_caption":"Pr\u00e4sentieren Sie Kundenbewertungen von Yelp, um Glaubw\u00fcrdigkeit aufzubauen und Ihrem Unternehmen m\u00fchelos Social Proof auf Ihrer Weebly-Website bereitzustellen.","application_category":[],"applications_title":"","applications_request_title":"","applications_request_button_text":"","hero_text":"","hero_video":"","hero_video_schema_markup":"","selling_points_title":"","selling_points_caption":"","selling_points":[],"selling_points_cta_text":"","features_title":"","features":"","ed_cta_examples_text":"","ed_cta_examples_hidden":"","ed_cta_demo_text":"","ed_cta_demo_hidden":"","why_caption":"","why_editor_title":"","why_editor_text":"","why_team_title":"","why_team_text":"","why_service_title":"","why_service_text":"","template_catalog_visible":"0","template_catalog_title":"","template_catalog_text":"","template_catalog_categories_visible":"","demo_title":"Erstellen Sie Ihre Yelp-Bewertungen-App","demo_caption":"Konfigurieren Sie Ihre Yelp-Bewertungen und f\u00fcgen Sie sie kostenlos zu Ihrer Weebly-Website hinzu!","default_faq_hidden":"","app_template_category":[],"platform":"249","template_public_id":"","codecanyon_url":"","codecanyon_item_id":"","codecanyon_price":"","pricing_caption":"","pricing_elfsight_apps_hide_column":"","pricing_elfsight_apps_url":"","pricing_codecanyon_price_caption":"","integration_category":[],"integration_request_title":"","integration_request_cta":"","integration_platform":"","integrations":[],"platform_category":[],"video_schema_markup":"","price":"ab 0 $ \/ Monat","trial":"","benefits":[{"text":"Kostenlose Installationshilfe"},{"text":"Professioneller Kundenservice"},{"text":"14-t\u00e4gige Geld-zur\u00fcck-Garantie"},{"text":"Fortlaufende Entwicklung"}],"button_url":"#demo","button_target_blank":"0","button_nofollow":"0","attributes":[{"name":"Installiert","content":"10,000 - 100,000"},{"name":"Reaktionsfreudig","content":"Ja"},{"name":"Kompatible Browser","content":"Firefox, Safari, Opera, Chrome, Edge"}],"tags":[],"tags_disable_links":"0","hide_more_platforms":"0","video_object":"","demo_hide_cta":"0","demo_hide_cloud_options":"0","pricing_title":"","pricing":[{"pricing_icon":"platform","pricing_title":"Elfsight Apps","pricing_title_caption":"Plattformunabh\u00e4ngige Software","pricing_price":"ab 0 $ \/ Monat","pricing_price_caption":"Beginnen Sie mit einem kostenlosen Plan","pricing_benefits":[{"text":"Unbegrenzte Domains"},{"text":"Kostenloser und p\u00fcnktlicher Support und gut dokumentiert"},{"text":"Kostenlose Installationshilfe"},{"text":"Flexibles Design"}],"pricing_button_text":"Zur Website hinzuf\u00fcgen","pricing_button_url":"#demo"}],"related_apps_title":"","related_apps_hidden":"0","author":"","image":[],"title":"","job":"","social_networks":[]},"_links":{"self":[{"href":"https:\/\/elfsight.com\/de\/wp-json\/wp\/v2\/pages\/11083","targetHints":{"allow":["GET"]}}],"collection":[{"href":"https:\/\/elfsight.com\/de\/wp-json\/wp\/v2\/pages"}],"about":[{"href":"https:\/\/elfsight.com\/de\/wp-json\/wp\/v2\/types\/page"}],"author":[{"embeddable":true,"href":"https:\/\/elfsight.com\/de\/wp-json\/wp\/v2\/users\/9"}],"replies":[{"embeddable":true,"href":"https:\/\/elfsight.com\/de\/wp-json\/wp\/v2\/comments?post=11083"}],"version-history":[{"count":3,"href":"https:\/\/elfsight.com\/de\/wp-json\/wp\/v2\/pages\/11083\/revisions"}],"predecessor-version":[{"id":24393,"href":"https:\/\/elfsight.com\/de\/wp-json\/wp\/v2\/pages\/11083\/revisions\/24393"}],"up":[{"embeddable":true,"href":"https:\/\/elfsight.com\/de\/wp-json\/wp\/v2\/pages\/1633"}],"wp:attachment":[{"href":"https:\/\/elfsight.com\/de\/wp-json\/wp\/v2\/media?parent=11083"}],"curies":[{"name":"wp","href":"https:\/\/api.w.org\/{rel}","templated":true}]}}