{"id":11081,"date":"1970-01-01T00:00:00","date_gmt":"1970-01-01T00:00:00","guid":{"rendered":"https:\/\/elfsight.com\/de\/?page_id=11081"},"modified":"2025-07-10T14:05:37","modified_gmt":"2025-07-10T14:05:37","slug":"magento","status":"publish","type":"page","link":"https:\/\/elfsight.com\/de\/yelp-reviews-widget\/magento\/","title":{"rendered":"Yelp Reviews &#8211; Magento"},"content":{"rendered":"<div class=\"application-platform-content-item-description application-platform-content-item\" id=\"description\" data-nav-section=\"description\"> <h2>Beschreibung<\/h2> <p>Wenn Sie Ihre hohe Bewertung unter Beweis stellen und Besucher davon \u00fcberzeugen m\u00f6chten, dass Ihre Angebote ein gutes Preis-Leistungs-Verh\u00e4ltnis bieten, ist Elfsight genau das Richtige f\u00fcr Sie Das Yelp-Rezensions-Widget ist genau das, was Sie brauchen. Mit diesem Widget k\u00f6nnen Sie ganz einfach Benutzerbewertungen von Yelp mit Informationen zu ihren Autoren auf Ihrer Website einf\u00fcgen, Filter verwenden, um nur gute Bewertungen anzuzeigen, Bewertungen anzeigen und eine Weiterleitungsschaltfl\u00e4che verwenden, die Personen auf Ihr Yelp-Konto leitet, wo sie ihre hinterlassen k\u00f6nnen Rezension. <\/p><div class=\"faq\" data-component=\"FAQ\"> <div class=\"faq-item\">\r\n\t\t\t\t\t<div class=\"faq-item-question\">\r\n\t\t\t\t\t\t<h3 class=\"faq-item-question-text\">Wo kann ich das Widget einbetten<\/h3>\r\n\r\n\t\t\t\t\t\t<div class=\"faq-item-question-icon\"><\/div>\r\n\t\t\t\t\t<\/div>\r\n\r\n\t\t\t\t\t<div class=\"faq-item-answer\">\r\n\t\t\t\t\t\t<div class=\"faq-item-answer-text\"> <p>Sie k\u00f6nnen das Widget zu jeder Seite der Website hinzuf\u00fcgen oder in die Vorlage einf\u00fcgen. In diesem Fall wird es angezeigt alle Seiten. Bewertungen sind auf Produktseiten oder auf der Seite \u201e\u00dcber uns\u201c wirksam, wo Sie damit prahlen m\u00fcssen, dass Ihre Angebote bei den Menschen beliebt sind. <\/p><\/div>\r\n\t\t\t\t\t<\/div>\r\n\t\t\t\t<\/div> <div class=\"faq-item\">\r\n\t\t\t\t\t<div class=\"faq-item-question\">\r\n\t\t\t\t\t\t<h3 class=\"faq-item-question-text\">Wie k\u00f6nnte ich von diesem Plugin profitieren? <\/h3>\r\n\r\n\t\t\t\t\t\t<div class=\"faq-item-question-icon\"><\/div>\r\n\t\t\t\t\t<\/div>\r\n\r\n\t\t\t\t\t<div class=\"faq-item-answer\">\r\n\t\t\t\t\t\t<div class=\"faq-item-answer-text\"> <p>Bewertungen von echten Menschen wirken f\u00fcr Ihre Website-Besucher absolut vertrauensw\u00fcrdig und beweisen ihnen, dass Sie Ihrem Unternehmen vertrauen k\u00f6nnen. Eine hohe Bewertung und gute Rezensionen k\u00f6nnen dazu beitragen, die K\u00e4ufe auf Ihrer Website anzukurbeln. Dar\u00fcber hinaus kann die aktive Schaltfl\u00e4che dazu beitragen, dass mehr Kundenbewertungen zu Ihrem Unternehmen auf Yelp angezeigt werden. <\/p> <\/div>\r\n\t\t\t\t\t<\/div>\r\n\t\t\t\t<\/div> <div class=\"faq-item\">\r\n\t\t\t\t\t<div class=\"faq-item-question\">\r\n\t\t\t\t\t\t<h3 class=\"faq-item-question-text\">Wie kann ich Bewertungen aus dem Yelp-Widget in meine Magento-Website einbetten? <\/h3>\r\n\r\n\t\t\t\t\t\t<div class=\"faq-item-question-icon\"><\/div>\r\n\t\t\t\t\t<\/div>\r\n\r\n\t\t\t\t\t<div class=\"faq-item-answer\">\r\n\t\t\t\t\t\t<div class=\"faq-item-answer-text\"> <p>Die Einrichtung dauert nur zwei Minuten. Die Einbettung erfolgt sehr schnell, kostenlos und ohne Programmierung. <\/p> <p>Das Elfsight Reviews-Widget kann in unserem Service oder \u00fcber den Marktplatz eingef\u00fchrt werden. Hier k\u00f6nnen Sie beide Varianten kennenlernen und sich f\u00fcr Ihre entscheiden. <\/p><\/div>\r\n\t\t\t\t\t<\/div>\r\n\t\t\t\t<\/div> <\/div> <\/div> <div class=\"application-platform-content-item-features application-platform-content-item\" id=\"features\" data-nav-section=\"features\"> <h2>Funktionen<\/h2> <p>Um das Bewertungs-Widget besser zu verstehen, sehen Sie sich die Liste seiner prim\u00e4ren Elemente an Merkmale. Sie machen das Widget f\u00fcr Sie unglaublich n\u00fctzlich: <\/p> <ul> <li>3 verf\u00fcgbare Filter: nach Typ, Ausschlie\u00dfen nach und Anzahl der anzuzeigenden Bewertungen; <\/li> <li>4 verf\u00fcgbare Layouts: Liste, Raster, Mauerwerk und Schieberegler; <\/li> <li> Vollst\u00e4ndig flexibler Header des Widgets; <\/li> <li>\u00dcber die Schaltfl\u00e4che zum Anfordern einer Bewertung gelangen Kunden zur Yelp-Seite. <\/li> <li>Sechs flexible Elemente des Widgets: Name und Bild des Autors, Empfehlung, Datum der Freigabe, Yelp-Symbol und Sternebewertung; <\/li> <li>Zwei Alternativen f\u00fcr das Szenario nach der Ablehnung einer \u00dcberpr\u00fcfungsanfrage: Demonstrieren Sie Ihre Nachricht oder verbergen Sie die Schaltfl\u00e4che. <\/li> <\/ul><p><a href=\"#demo\">Live-Demo zeigt Ihnen weitere Funktionen<\/a><\/p> <\/div> <div class=\"application-platform-content-item-installation application-platform-content-item\" id=\"installation\" data-nav-section=\"installation\"> <h2>Entdecken Sie, wie Sie die Yelp-Bewertungen in Ihre Magento-Website einbetten<\/h2> <p>Befolgen Sie einfach die nachstehenden Anweisungen, um die Erweiterung in Magento zu integrieren.<\/p> <ol><li><b>Nutzen Sie unseren kostenlosen Konfigurator und legen Sie los Erstellen Sie Ihre ma\u00dfgeschneiderte Erweiterung. <\/b><br> Finden Sie das bevorzugte Design und die Funktionen der Yelp Reviews-Erweiterung und wenden Sie die Korrekturen an. <\/li> <li><b>Erhalten Sie Ihren individuellen Code, der im Fenster von Elfsight Apps angezeigt wird. <\/b><br> Kopieren Sie direkt nach Abschluss der Erstellung Ihrer Erweiterung den pers\u00f6nlichen Code im angezeigten Popup und bewahren Sie ihn f\u00fcr die sp\u00e4tere Verwendung auf. <\/li> <li><b>Geben Sie die Verwendung des Widgets auf Ihrer Magento-Website ein. <\/b><br> F\u00fcgen Sie den k\u00fcrzlich kopierten Code in Ihre Website ein und speichern Sie die Korrekturen. <\/li> <li><b>Fertig! Die Einrichtung ist erfolgreich abgeschlossen. <\/b><br> Besuchen Sie Ihre Website, um zu sehen, wie das Tool funktioniert. <\/li><\/ol><p>Sie k\u00f6nnen immer noch keine Entscheidung treffen? Oder \u00fcber irgendetwas gestolpert? Nur eine einzige Anfrage an unser Support-Team hilft bei jeder Angelegenheit. <\/p> <\/div>","protected":false},"excerpt":{"rendered":"","protected":false},"author":9,"featured_media":0,"parent":1633,"menu_order":0,"comment_status":"closed","ping_status":"closed","template":"templates\/template-application-platform.php","meta":{"publish_to_discourse":"","publish_post_category":"","wpdc_auto_publish_overridden":"","wpdc_topic_tags":"","wpdc_pin_topic":"","wpdc_pin_until":"","discourse_post_id":"","discourse_permalink":"","wpdc_publishing_response":"","wpdc_publishing_error":"","footnotes":""},"class_list":["post-11081","page","type-page","status-publish","hentry"],"yoast_head":"<!-- This site is optimized with the Yoast SEO plugin v25.3.1 - https:\/\/yoast.com\/wordpress\/plugins\/seo\/ -->\n<title>F\u00fcgen Sie Ihrer Magento-Website die Erweiterung \u201eYelp Reviews\u201c hinzu (schnell und einfach)<\/title>\n<meta name=\"description\" content=\"Es ist ganz einfach, Ihr Yelp-Rezensions-Widget zu erstellen und es auf der Magento-Website anzuzeigen. Der Elfsight-Kundendienst ist kostenlos.\" \/>\n<meta name=\"robots\" content=\"index, follow, max-snippet:-1, max-image-preview:large, max-video-preview:-1\" \/>\n<link rel=\"canonical\" href=\"https:\/\/elfsight.com\/de\/yelp-reviews-widget\/magento\/\" \/>\n<meta property=\"og:locale\" content=\"de_DE\" \/>\n<meta property=\"og:type\" content=\"article\" \/>\n<meta property=\"og:title\" content=\"F\u00fcgen Sie Ihrer Magento-Website die Erweiterung \u201eYelp Reviews\u201c hinzu (schnell und einfach)\" \/>\n<meta property=\"og:description\" content=\"Es ist ganz einfach, Ihr Yelp-Rezensions-Widget zu erstellen und es auf der Magento-Website anzuzeigen. Der Elfsight-Kundendienst ist kostenlos.\" \/>\n<meta property=\"og:url\" content=\"https:\/\/elfsight.com\/de\/yelp-reviews-widget\/magento\/\" \/>\n<meta property=\"og:site_name\" content=\"Elfsight DE\" \/>\n<meta property=\"article:modified_time\" content=\"2025-07-10T14:05:37+00:00\" \/>\n<meta name=\"twitter:card\" content=\"summary_large_image\" \/>\n<meta name=\"twitter:label1\" content=\"Gesch\u00e4tzte Lesezeit\" \/>\n\t<meta name=\"twitter:data1\" content=\"3\u00a0Minuten\" \/>\n<!-- \/ Yoast SEO plugin. -->","yoast_head_json":{"title":"F\u00fcgen Sie Ihrer Magento-Website die Erweiterung \u201eYelp Reviews\u201c hinzu (schnell und einfach)","description":"Es ist ganz einfach, Ihr Yelp-Rezensions-Widget zu erstellen und es auf der Magento-Website anzuzeigen. Der Elfsight-Kundendienst ist kostenlos.","robots":{"index":"index","follow":"follow","max-snippet":"max-snippet:-1","max-image-preview":"max-image-preview:large","max-video-preview":"max-video-preview:-1"},"canonical":"https:\/\/elfsight.com\/de\/yelp-reviews-widget\/magento\/","og_locale":"de_DE","og_type":"article","og_title":"F\u00fcgen Sie Ihrer Magento-Website die Erweiterung \u201eYelp Reviews\u201c hinzu (schnell und einfach)","og_description":"Es ist ganz einfach, Ihr Yelp-Rezensions-Widget zu erstellen und es auf der Magento-Website anzuzeigen. Der Elfsight-Kundendienst ist kostenlos.","og_url":"https:\/\/elfsight.com\/de\/yelp-reviews-widget\/magento\/","og_site_name":"Elfsight DE","article_modified_time":"2025-07-10T14:05:37+00:00","twitter_card":"summary_large_image","twitter_misc":{"Gesch\u00e4tzte Lesezeit":"3\u00a0Minuten"},"schema":{"@context":"https:\/\/schema.org","@graph":[{"@type":"WebPage","@id":"https:\/\/elfsight.com\/de\/yelp-reviews-widget\/magento\/","url":"https:\/\/elfsight.com\/de\/yelp-reviews-widget\/magento\/","name":"F\u00fcgen Sie Ihrer Magento-Website die Erweiterung \u201eYelp Reviews\u201c hinzu (schnell und einfach)","isPartOf":{"@id":"https:\/\/elfsight.com\/de\/#website"},"datePublished":"1970-01-01T00:00:00+00:00","dateModified":"2025-07-10T14:05:37+00:00","description":"Es ist ganz einfach, Ihr Yelp-Rezensions-Widget zu erstellen und es auf der Magento-Website anzuzeigen. Der Elfsight-Kundendienst ist kostenlos.","breadcrumb":{"@id":"https:\/\/elfsight.com\/de\/yelp-reviews-widget\/magento\/#breadcrumb"},"inLanguage":"de","potentialAction":[{"@type":"ReadAction","target":["https:\/\/elfsight.com\/de\/yelp-reviews-widget\/magento\/"]}]},{"@type":"BreadcrumbList","@id":"https:\/\/elfsight.com\/de\/yelp-reviews-widget\/magento\/#breadcrumb","itemListElement":[{"@type":"ListItem","position":1,"name":"Home","item":"https:\/\/elfsight.com\/de\/"},{"@type":"ListItem","position":2,"name":"Yelp Reviews","item":"https:\/\/elfsight.com\/de\/yelp-reviews-widget\/"},{"@type":"ListItem","position":3,"name":"Yelp Reviews &#8211; Magento"}]},{"@type":"WebSite","@id":"https:\/\/elfsight.com\/de\/#website","url":"https:\/\/elfsight.com\/de\/","name":"Elfsight DE","description":"Just another Elfsight Sites site","potentialAction":[{"@type":"SearchAction","target":{"@type":"EntryPoint","urlTemplate":"https:\/\/elfsight.com\/de\/?s={search_term_string}"},"query-input":{"@type":"PropertyValueSpecification","valueRequired":true,"valueName":"search_term_string"}}],"inLanguage":"de"}]}},"meta_box":{"industry":"","seo_heading":"","heading":"","description":"","cta_heading":"","cta_description":"","application":"483","h1":"Magento Yelp Reviews-Erweiterung","h1_caption":"Pr\u00e4sentieren Sie Kundenrezensionen von Yelp, um Glaubw\u00fcrdigkeit aufzubauen und soziale Beweise f\u00fcr Ihr Unternehmen auf Ihrer Magento-Website bereitzustellen.","application_category":[],"applications_title":"","applications_request_title":"","applications_request_button_text":"","hero_text":"","hero_video":"","hero_video_schema_markup":"","selling_points_title":"","selling_points_caption":"","selling_points":[],"selling_points_cta_text":"","features_title":"","features":"","ed_cta_examples_text":"","ed_cta_examples_hidden":"","ed_cta_demo_text":"","ed_cta_demo_hidden":"","why_caption":"","why_editor_title":"","why_editor_text":"","why_team_title":"","why_team_text":"","why_service_title":"","why_service_text":"","template_catalog_visible":"","template_catalog_title":"","template_catalog_text":"","template_catalog_categories_visible":"","demo_title":"Erstellen Sie Ihre Yelp-Rezensionen-Erweiterung","demo_caption":"Konfigurieren Sie Ihre Yelp-Bewertungen und f\u00fcgen Sie sie kostenlos zu Ihrer Magento-Website hinzu!","default_faq_hidden":"","app_template_category":[],"platform":"256","template_public_id":"","codecanyon_url":"","codecanyon_item_id":"","codecanyon_price":"","pricing_caption":"","pricing_elfsight_apps_hide_column":"","pricing_elfsight_apps_url":"","pricing_codecanyon_price_caption":"","integration_category":[],"integration_request_title":"","integration_request_cta":"","integration_platform":"","integrations":[],"platform_category":[],"video_schema_markup":"","price":"ab 0 $ \/ Monat","trial":"","benefits":[{"text":"Kostenloser Installationsservice"},{"text":"Premium-Support"},{"text":"Effektiver Kundenservice"},{"text":"Lebenslange kostenlose Updates"}],"button_url":"#demo","button_target_blank":"","button_nofollow":"","attributes":[{"name":"Installiert","content":"10,000 - 100,000"},{"name":"Reaktionsfreudig","content":"Ja"},{"name":"Kompatible Browser","content":"Firefox, Safari, Opera, Chrome, Edge"}],"tags":[],"tags_disable_links":"","hide_more_platforms":"","video_object":"","demo_hide_cta":"","demo_hide_cloud_options":"","pricing_title":"","pricing":[{"pricing_icon":"platform","pricing_title":"Elfsight Apps","pricing_title_caption":"Plattform\u00fcbergreifende digitale L\u00f6sung","pricing_price":"ab 0 $ \/ Monat","pricing_price_caption":"Beginnen Sie mit einem kostenlosen Plan","pricing_benefits":[{"text":"Unbegrenzte Domains"},{"text":"Support rund um die Uhr"},{"text":"Kostenloser Installationsservice"},{"text":"Flexibles Design"}],"pricing_button_text":"Zur Website hinzuf\u00fcgen","pricing_button_url":"#demo"}],"related_apps_title":"","related_apps_hidden":"","author":"","image":[],"title":"","job":"","social_networks":[]},"_links":{"self":[{"href":"https:\/\/elfsight.com\/de\/wp-json\/wp\/v2\/pages\/11081","targetHints":{"allow":["GET"]}}],"collection":[{"href":"https:\/\/elfsight.com\/de\/wp-json\/wp\/v2\/pages"}],"about":[{"href":"https:\/\/elfsight.com\/de\/wp-json\/wp\/v2\/types\/page"}],"author":[{"embeddable":true,"href":"https:\/\/elfsight.com\/de\/wp-json\/wp\/v2\/users\/9"}],"replies":[{"embeddable":true,"href":"https:\/\/elfsight.com\/de\/wp-json\/wp\/v2\/comments?post=11081"}],"version-history":[{"count":2,"href":"https:\/\/elfsight.com\/de\/wp-json\/wp\/v2\/pages\/11081\/revisions"}],"predecessor-version":[{"id":22218,"href":"https:\/\/elfsight.com\/de\/wp-json\/wp\/v2\/pages\/11081\/revisions\/22218"}],"up":[{"embeddable":true,"href":"https:\/\/elfsight.com\/de\/wp-json\/wp\/v2\/pages\/1633"}],"wp:attachment":[{"href":"https:\/\/elfsight.com\/de\/wp-json\/wp\/v2\/media?parent=11081"}],"curies":[{"name":"wp","href":"https:\/\/api.w.org\/{rel}","templated":true}]}}