{"id":11075,"date":"1970-01-01T00:00:00","date_gmt":"1970-01-01T00:00:00","guid":{"rendered":"https:\/\/elfsight.com\/de\/?page_id=11075"},"modified":"2025-07-10T14:05:47","modified_gmt":"2025-07-10T14:05:47","slug":"opencart","status":"publish","type":"page","link":"https:\/\/elfsight.com\/de\/yelp-reviews-widget\/opencart\/","title":{"rendered":"Yelp Reviews &#8211; OpenCart"},"content":{"rendered":"<div class=\"application-platform-content-item-description application-platform-content-item\" id=\"description\" data-nav-section=\"description\"> <h2>Beschreibung<\/h2> <p>Elfsight Yelp Reviews ist ein intuitives Tool, mit dem Sie ganz einfach Bewertungen auf der Website ver\u00f6ffentlichen k\u00f6nnen \u00fcber Ihre Angebote aus Beitr\u00e4gen auf Yelp. Mit unserer Erweiterung k\u00f6nnen Sie Filter anwenden, um unerw\u00fcnschte Bewertungen auszusortieren, Ihre Sterne- und Zahlenbewertungen von Yelp hervorheben, Informationen \u00fcber die Autoren anzeigen und eine Schaltfl\u00e4che einrichten, die Besucher dazu bringt, eine Bewertung auf Yelp abzugeben. Elfsight Yelp Reviews helfen Ihnen dabei, Ihren hohen Social Proof auf Ihrer pers\u00f6nlichen Website zu demonstrieren und neue Verk\u00e4ufe zu erzielen. <\/p><div class=\"faq\" data-component=\"FAQ\"> <div class=\"faq-item\">\r\n\t\t\t\t\t<div class=\"faq-item-question\">\r\n\t\t\t\t\t\t<h3 class=\"faq-item-question-text\">Wo kann ich es ver\u00f6ffentlichen?<\/h3>\r\n\r\n\t\t\t\t\t\t<div class=\"faq-item-question-icon\"><\/div>\r\n\t\t\t\t\t<\/div>\r\n\r\n\t\t\t\t\t<div class=\"faq-item-answer\">\r\n\t\t\t\t\t\t<div class=\"faq-item-answer-text\"> <p>Diese Erweiterung kann auf jeder Seite platziert werden, auf der Sie Ihre hohe Wertsch\u00e4tzung und Beliebtheit bei Kunden demonstrieren m\u00f6chten. Wenn Sie es auf allen Seiten der Website ben\u00f6tigen, k\u00f6nnen Sie es einfach in die Website-Vorlage einf\u00fcgen. <\/p><\/div>\r\n\t\t\t\t\t<\/div>\r\n\t\t\t\t<\/div> <div class=\"faq-item\">\r\n\t\t\t\t\t<div class=\"faq-item-question\">\r\n\t\t\t\t\t\t<h3 class=\"faq-item-question-text\">Wie profitiere ich von der Rezensionserweiterung? <\/h3>\r\n\r\n\t\t\t\t\t\t<div class=\"faq-item-question-icon\"><\/div>\r\n\t\t\t\t\t<\/div>\r\n\r\n\t\t\t\t\t<div class=\"faq-item-answer\">\r\n\t\t\t\t\t\t<div class=\"faq-item-answer-text\"> <p>Von echten Menschen hinzugef\u00fcgte Bewertungen sind f\u00fcr Ihre Website-Besucher absolut glaubw\u00fcrdig und zeigen ihnen, dass Ihr Unternehmen ein zuverl\u00e4ssiger Partner ist. Eine hohe Bewertung und positive Eindr\u00fccke k\u00f6nnen dazu beitragen, die Anzahl der K\u00e4ufe auf Ihrer Website zu steigern. Dar\u00fcber hinaus kann die aktive Schaltfl\u00e4che dazu beitragen, dass mehr Kundenbewertungen zu Ihrem Unternehmen auf Yelp angezeigt werden. <\/p> <\/div>\r\n\t\t\t\t\t<\/div>\r\n\t\t\t\t<\/div> <div class=\"faq-item\">\r\n\t\t\t\t\t<div class=\"faq-item-question\">\r\n\t\t\t\t\t\t<h3 class=\"faq-item-question-text\">Wie bette ich Bewertungen aus der Yelp-Erweiterung auf meiner OpenCart-Website ein? <\/h3>\r\n\r\n\t\t\t\t\t\t<div class=\"faq-item-question-icon\"><\/div>\r\n\t\t\t\t\t<\/div>\r\n\r\n\t\t\t\t\t<div class=\"faq-item-answer\">\r\n\t\t\t\t\t\t<div class=\"faq-item-answer-text\"> <p>Es dauert nur eine Minute, bis Sie mit der Verwendung des Widgets beginnen. Die Integration ist wirklich schnell, kostenlos und erfordert keine Programmierung. <\/p> <p>Die Elfsight Reviews-Erweiterung kann \u00fcber unseren Service oder \u00fcber den Marktplatz in Ihre Website eingef\u00fcgt werden. Sie k\u00f6nnen die Vorteile beider Varianten vergleichen und sich f\u00fcr Ihre entscheiden. <\/p><\/div>\r\n\t\t\t\t\t<\/div>\r\n\t\t\t\t<\/div> <\/div> <\/div> <div class=\"application-platform-content-item-features application-platform-content-item\" id=\"features\" data-nav-section=\"features\"> <h2>Funktionen<\/h2> <p>Um sich eine klare Vorstellung von der Rezensionserweiterung zu machen, k\u00f6nnen Sie die studieren Liste der wesentlichen Merkmale. Sie machen dieses Widget f\u00fcr Ihr Unternehmen unglaublich effizient: <\/p> <ul> <li>3 vordefinierte Filter: nach Typ, Ausschlie\u00dfen nach und Anzahl der anzuzeigenden Bewertungen; <\/li> <li>4 Varianten von Layouts: Liste, Raster, Mauerwerk und Schieberegler; <\/li> <li> Vollst\u00e4ndig flexibler Header des Widgets; <\/li> <li>Die Schaltfl\u00e4che zum Anfordern einer Bewertung leitet Besucher zur Yelp-Seite weiter; <\/li> <li>6 flexible Elemente des Widgets: Name und Foto des Autors, Empfehlung, Datum, Yelp-Symbol und Sternebewertung; <\/li> <li>Zwei m\u00f6gliche Szenarien f\u00fcr die Ablehnung einer \u00dcberpr\u00fcfungsanfrage: Zeigen Sie eine Textnachricht an oder verbergen Sie die Schaltfl\u00e4che. <\/li> <\/ul><p><a href=\"#demo\">Entdecken Sie weitere Funktionen in unserer Live-Demo<\/a><\/p> <\/div> <div class=\"application-platform-content-item-installation application-platform-content-item\" id=\"installation\" data-nav-section=\"installation\"> <h2> Sehen wir uns an, wie Sie die Yelp Reviews-Erweiterung in Ihre OpenCart-Website einbetten.<\/h2> <p>Befolgen Sie einfach die nachstehenden Anweisungen, um die Erweiterung in OpenCart einzuf\u00fcgen.<\/p> <ol><li><b>F\u00fchren Sie unseren kostenlosen Editor aus und Beginnen Sie mit der Gestaltung Ihres ma\u00dfgeschneiderten Instruments. <\/b><br> W\u00e4hlen Sie das passende Aussehen und die passenden Funktionen der Yelp-Bewertungen und nehmen Sie die Korrekturen vor. <\/li> <li><b>Kopieren Sie den eindeutigen Code, der in der Box auf Elfsight Apps angezeigt wird. <\/b><br> Wenn die Konfiguration Ihres Tools abgeschlossen ist, kopieren Sie den einzelnen Code im angezeigten Feld und speichern Sie ihn zur sp\u00e4teren Verwendung. <\/li> <li><b>Geben Sie die Verwendung des Widgets auf Ihrer OpenCart-Website ein. <\/b><br> F\u00fcgen Sie den Code, den Sie k\u00fcrzlich gespeichert haben, in Ihre Website ein und speichern Sie die Verbesserungen. <\/li> <li><b>Du bist fertig! Die Integration wurde erfolgreich durchgef\u00fchrt. <\/b><br> Besuchen Sie Ihre Website, um die Leistung des Tools zu \u00fcberpr\u00fcfen. <\/li><\/ol> <p>Zweifeln Sie immer noch an etwas? Oder haben Sie Anfragen? Eine einzige Anfrage an unser Support-Team hilft bei jeder Frage weiter. <\/p> <\/div>","protected":false},"excerpt":{"rendered":"","protected":false},"author":9,"featured_media":0,"parent":1633,"menu_order":0,"comment_status":"closed","ping_status":"closed","template":"templates\/template-application-platform.php","meta":{"publish_to_discourse":"","publish_post_category":"","wpdc_auto_publish_overridden":"","wpdc_topic_tags":"","wpdc_pin_topic":"","wpdc_pin_until":"","discourse_post_id":"","discourse_permalink":"","wpdc_publishing_response":"","wpdc_publishing_error":"","footnotes":""},"class_list":["post-11075","page","type-page","status-publish","hentry"],"yoast_head":"<!-- This site is optimized with the Yoast SEO plugin v25.3.1 - https:\/\/yoast.com\/wordpress\/plugins\/seo\/ -->\n<title>F\u00fcgen Sie Ihrer OpenCart-Website die Erweiterung \u201eYelp Reviews\u201c hinzu (2026)<\/title>\n<meta name=\"description\" content=\"Hier besteht die M\u00f6glichkeit, das Widget \u201eYelp-Bewertungen\u201c zu erstellen und es in Ihre OpenCart-Website einzubetten. Genie\u00dfen Sie kostenlosen Kundensupport und andere Boni von Elfsight.\" \/>\n<meta name=\"robots\" content=\"index, follow, max-snippet:-1, max-image-preview:large, max-video-preview:-1\" \/>\n<link rel=\"canonical\" href=\"https:\/\/elfsight.com\/de\/yelp-reviews-widget\/opencart\/\" \/>\n<meta property=\"og:locale\" content=\"de_DE\" \/>\n<meta property=\"og:type\" content=\"article\" \/>\n<meta property=\"og:title\" content=\"F\u00fcgen Sie Ihrer OpenCart-Website die Erweiterung \u201eYelp Reviews\u201c hinzu (2026)\" \/>\n<meta property=\"og:description\" content=\"Hier besteht die M\u00f6glichkeit, das Widget \u201eYelp-Bewertungen\u201c zu erstellen und es in Ihre OpenCart-Website einzubetten. Genie\u00dfen Sie kostenlosen Kundensupport und andere Boni von Elfsight.\" \/>\n<meta property=\"og:url\" content=\"https:\/\/elfsight.com\/de\/yelp-reviews-widget\/opencart\/\" \/>\n<meta property=\"og:site_name\" content=\"Elfsight DE\" \/>\n<meta property=\"article:modified_time\" content=\"2025-07-10T14:05:47+00:00\" \/>\n<meta name=\"twitter:card\" content=\"summary_large_image\" \/>\n<meta name=\"twitter:label1\" content=\"Gesch\u00e4tzte Lesezeit\" \/>\n\t<meta name=\"twitter:data1\" content=\"3\u00a0Minuten\" \/>\n<!-- \/ Yoast SEO plugin. -->","yoast_head_json":{"title":"F\u00fcgen Sie Ihrer OpenCart-Website die Erweiterung \u201eYelp Reviews\u201c hinzu (2026)","description":"Hier besteht die M\u00f6glichkeit, das Widget \u201eYelp-Bewertungen\u201c zu erstellen und es in Ihre OpenCart-Website einzubetten. Genie\u00dfen Sie kostenlosen Kundensupport und andere Boni von Elfsight.","robots":{"index":"index","follow":"follow","max-snippet":"max-snippet:-1","max-image-preview":"max-image-preview:large","max-video-preview":"max-video-preview:-1"},"canonical":"https:\/\/elfsight.com\/de\/yelp-reviews-widget\/opencart\/","og_locale":"de_DE","og_type":"article","og_title":"F\u00fcgen Sie Ihrer OpenCart-Website die Erweiterung \u201eYelp Reviews\u201c hinzu (2026)","og_description":"Hier besteht die M\u00f6glichkeit, das Widget \u201eYelp-Bewertungen\u201c zu erstellen und es in Ihre OpenCart-Website einzubetten. Genie\u00dfen Sie kostenlosen Kundensupport und andere Boni von Elfsight.","og_url":"https:\/\/elfsight.com\/de\/yelp-reviews-widget\/opencart\/","og_site_name":"Elfsight DE","article_modified_time":"2025-07-10T14:05:47+00:00","twitter_card":"summary_large_image","twitter_misc":{"Gesch\u00e4tzte Lesezeit":"3\u00a0Minuten"},"schema":{"@context":"https:\/\/schema.org","@graph":[{"@type":"WebPage","@id":"https:\/\/elfsight.com\/de\/yelp-reviews-widget\/opencart\/","url":"https:\/\/elfsight.com\/de\/yelp-reviews-widget\/opencart\/","name":"F\u00fcgen Sie Ihrer OpenCart-Website die Erweiterung \u201eYelp Reviews\u201c hinzu (2026)","isPartOf":{"@id":"https:\/\/elfsight.com\/de\/#website"},"datePublished":"1970-01-01T00:00:00+00:00","dateModified":"2025-07-10T14:05:47+00:00","description":"Hier besteht die M\u00f6glichkeit, das Widget \u201eYelp-Bewertungen\u201c zu erstellen und es in Ihre OpenCart-Website einzubetten. Genie\u00dfen Sie kostenlosen Kundensupport und andere Boni von Elfsight.","breadcrumb":{"@id":"https:\/\/elfsight.com\/de\/yelp-reviews-widget\/opencart\/#breadcrumb"},"inLanguage":"de","potentialAction":[{"@type":"ReadAction","target":["https:\/\/elfsight.com\/de\/yelp-reviews-widget\/opencart\/"]}]},{"@type":"BreadcrumbList","@id":"https:\/\/elfsight.com\/de\/yelp-reviews-widget\/opencart\/#breadcrumb","itemListElement":[{"@type":"ListItem","position":1,"name":"Home","item":"https:\/\/elfsight.com\/de\/"},{"@type":"ListItem","position":2,"name":"Yelp Reviews","item":"https:\/\/elfsight.com\/de\/yelp-reviews-widget\/"},{"@type":"ListItem","position":3,"name":"Yelp Reviews &#8211; OpenCart"}]},{"@type":"WebSite","@id":"https:\/\/elfsight.com\/de\/#website","url":"https:\/\/elfsight.com\/de\/","name":"Elfsight DE","description":"Just another Elfsight Sites site","potentialAction":[{"@type":"SearchAction","target":{"@type":"EntryPoint","urlTemplate":"https:\/\/elfsight.com\/de\/?s={search_term_string}"},"query-input":{"@type":"PropertyValueSpecification","valueRequired":true,"valueName":"search_term_string"}}],"inLanguage":"de"}]}},"meta_box":{"industry":"","seo_heading":"","heading":"","description":"","cta_heading":"","cta_description":"","application":"483","h1":"OpenCart Yelp Reviews-Erweiterung","h1_caption":"Pr\u00e4sentieren Sie Kundenbewertungen von Yelp, um Glaubw\u00fcrdigkeit aufzubauen und soziale Beweise f\u00fcr Ihr Unternehmen auf Ihrer Opencart-Website bereitzustellen.","application_category":[],"applications_title":"","applications_request_title":"","applications_request_button_text":"","hero_text":"","hero_video":"","hero_video_schema_markup":"","selling_points_title":"","selling_points_caption":"","selling_points":[],"selling_points_cta_text":"","features_title":"","features":"","ed_cta_examples_text":"","ed_cta_examples_hidden":"","ed_cta_demo_text":"","ed_cta_demo_hidden":"","why_caption":"","why_editor_title":"","why_editor_text":"","why_team_title":"","why_team_text":"","why_service_title":"","why_service_text":"","template_catalog_visible":"","template_catalog_title":"","template_catalog_text":"","template_catalog_categories_visible":"","demo_title":"Erstellen Sie Ihre Yelp-Rezensionen-Erweiterung","demo_caption":"Konfigurieren Sie Ihre Yelp-Bewertungen und f\u00fcgen Sie sie kostenlos zu Ihrer OpenCart-Website hinzu!","default_faq_hidden":"","app_template_category":[],"platform":"254","template_public_id":"","codecanyon_url":"","codecanyon_item_id":"","codecanyon_price":"","pricing_caption":"","pricing_elfsight_apps_hide_column":"","pricing_elfsight_apps_url":"","pricing_codecanyon_price_caption":"","integration_category":[],"integration_request_title":"","integration_request_cta":"","integration_platform":"","integrations":[],"platform_category":[],"video_schema_markup":"","price":"ab 0 $ \/ Monat","trial":"","benefits":[{"text":"Kostenlose Installationsunterst\u00fctzung"},{"text":"Professioneller Kundenservice"},{"text":"14-t\u00e4gige R\u00fcckerstattungsgarantie"},{"text":"St\u00e4ndige Aktualisierung"}],"button_url":"#demo","button_target_blank":"","button_nofollow":"","attributes":[{"name":"Installiert","content":"10,000 - 100,000"},{"name":"Reaktionsfreudig","content":"Ja"},{"name":"Kompatible Browser","content":"Chrome, Edge, Opera, Safari, Firefox"}],"tags":[],"tags_disable_links":"","hide_more_platforms":"","video_object":"","demo_hide_cta":"","demo_hide_cloud_options":"","pricing_title":"","pricing":[{"pricing_icon":"platform","pricing_title":"Elfsight Apps","pricing_title_caption":"Plattformunabh\u00e4ngige Software, die zu jeder Website passt","pricing_price":"ab 0 $ \/ Monat","pricing_price_caption":"Beginnen Sie mit einem kostenlosen Plan","pricing_benefits":[{"text":"Unbegrenzte Websites"},{"text":"Professionelle Unterst\u00fctzung"},{"text":"Kostenlose Installationshilfe"},{"text":"Sonderangebot f\u00fcr mehrere Apps"}],"pricing_button_text":"Zur Website hinzuf\u00fcgen","pricing_button_url":"#demo"}],"related_apps_title":"","related_apps_hidden":"","author":"","image":[],"title":"","job":"","social_networks":[]},"_links":{"self":[{"href":"https:\/\/elfsight.com\/de\/wp-json\/wp\/v2\/pages\/11075","targetHints":{"allow":["GET"]}}],"collection":[{"href":"https:\/\/elfsight.com\/de\/wp-json\/wp\/v2\/pages"}],"about":[{"href":"https:\/\/elfsight.com\/de\/wp-json\/wp\/v2\/types\/page"}],"author":[{"embeddable":true,"href":"https:\/\/elfsight.com\/de\/wp-json\/wp\/v2\/users\/9"}],"replies":[{"embeddable":true,"href":"https:\/\/elfsight.com\/de\/wp-json\/wp\/v2\/comments?post=11075"}],"version-history":[{"count":2,"href":"https:\/\/elfsight.com\/de\/wp-json\/wp\/v2\/pages\/11075\/revisions"}],"predecessor-version":[{"id":22216,"href":"https:\/\/elfsight.com\/de\/wp-json\/wp\/v2\/pages\/11075\/revisions\/22216"}],"up":[{"embeddable":true,"href":"https:\/\/elfsight.com\/de\/wp-json\/wp\/v2\/pages\/1633"}],"wp:attachment":[{"href":"https:\/\/elfsight.com\/de\/wp-json\/wp\/v2\/media?parent=11075"}],"curies":[{"name":"wp","href":"https:\/\/api.w.org\/{rel}","templated":true}]}}