{"id":11073,"date":"1970-01-01T00:00:00","date_gmt":"1970-01-01T00:00:00","guid":{"rendered":"https:\/\/elfsight.com\/de\/?page_id=11073"},"modified":"2025-02-19T06:21:37","modified_gmt":"2025-02-19T06:21:37","slug":"wix","status":"publish","type":"page","link":"https:\/\/elfsight.com\/de\/yelp-reviews-widget\/wix\/","title":{"rendered":"Yelp Reviews &#8211; Wix"},"content":{"rendered":"\n<div class=\"application-platform-content-item-description application-platform-content-item\" id=\"description\" data-nav-section=\"description\"> <h2>Beschreibung<\/h2> <p>Wenn Sie Ihre hohe Bewertung nachweisen und Website-Besucher davon \u00fcberzeugen m\u00f6chten, dass Ihre Angebote ein gutes Preis-Leistungs-Verh\u00e4ltnis bieten, Das Elfsight Yelp Reviews-Widget ist die L\u00f6sung. Mit diesem Tool k\u00f6nnen Sie Kundenbewertungen von Yelp mit Informationen zu ihren Autoren auf Ihrer Website einbetten, sie so filtern, dass nur positive Ergebnisse angezeigt werden, Bewertungen hinzuf\u00fcgen und eine Weiterleitungsschaltfl\u00e4che hinzuf\u00fcgen, die die Leute auf Ihre Yelp-Seite leitet, wo sie sie teilen k\u00f6nnen noch eine Rezension. <\/p><div class=\"faq\" data-component=\"FAQ\"> <div class=\"faq-item\">\r\n\t\t\t\t\t<div class=\"faq-item-question\">\r\n\t\t\t\t\t\t<h3 class=\"faq-item-question-text\">Wo kann ich dieses Plugin ver\u00f6ffentlichen<\/h3>\r\n\r\n\t\t\t\t\t\t<div class=\"faq-item-question-icon\"><\/div>\r\n\t\t\t\t\t<\/div>\r\n\r\n\t\t\t\t\t<div class=\"faq-item-answer\">\r\n\t\t\t\t\t\t<div class=\"faq-item-answer-text\"> <p>Sie k\u00f6nnen das Bewertungs-Widget in jede Seite Ihrer Website integrieren oder in die Website-Vorlage einf\u00fcgen, woraufhin es angezeigt wird alle Seiten. Bewertungen eignen sich gut f\u00fcr Produktseiten oder die Seite \u201e\u00dcber uns\u201c, auf der Sie Ihre Wertsch\u00e4tzung zum Ausdruck bringen m\u00f6chten. <\/p><\/div>\r\n\t\t\t\t\t<\/div>\r\n\t\t\t\t<\/div> <div class=\"faq-item\">\r\n\t\t\t\t\t<div class=\"faq-item-question\">\r\n\t\t\t\t\t\t<h3 class=\"faq-item-question-text\">Welche Vorteile bringt es mir? <\/h3>\r\n\r\n\t\t\t\t\t\t<div class=\"faq-item-question-icon\"><\/div>\r\n\t\t\t\t\t<\/div>\r\n\r\n\t\t\t\t\t<div class=\"faq-item-answer\">\r\n\t\t\t\t\t\t<div class=\"faq-item-answer-text\"> <p>Bewertungen von echten Menschen wirken f\u00fcr Ihre Website-Kunden absolut glaubw\u00fcrdig und zeigen ihnen, dass Ihr Unternehmen zuverl\u00e4ssig ist. Eine hohe Bewertung und hervorragende Rezensionen k\u00f6nnen dazu beitragen, den Umsatz auf Ihrer Website anzukurbeln. Dar\u00fcber hinaus tr\u00e4gt die Weiterleitungsschaltfl\u00e4che dazu bei, dass mehr Kundenbewertungen zu Ihren Angeboten oder Dienstleistungen auf Yelp angezeigt werden. <\/p> <\/div>\r\n\t\t\t\t\t<\/div>\r\n\t\t\t\t<\/div> <div class=\"faq-item\">\r\n\t\t\t\t\t<div class=\"faq-item-question\">\r\n\t\t\t\t\t\t<h3 class=\"faq-item-question-text\">Wie kann ich Bewertungen aus dem Yelp-Widget in meine Wix-Website einbetten? <\/h3>\r\n\r\n\t\t\t\t\t\t<div class=\"faq-item-question-icon\"><\/div>\r\n\t\t\t\t\t<\/div>\r\n\r\n\t\t\t\t\t<div class=\"faq-item-answer\">\r\n\t\t\t\t\t\t<div class=\"faq-item-answer-text\"> <p>Sie ben\u00f6tigen nur eine Minute, um das Widget zu aktivieren. Dieser Vorgang ist extrem schnell, kostenlos und erfordert keine Programmierung. <\/p> <p>Das Elfsight Reviews-Widget kann \u00fcber unseren Service oder auf dem Marktplatz integriert werden. Hier k\u00f6nnen Sie sich \u00fcber die beiden Varianten informieren und entscheiden, welche Ihre ist. <\/p> <\/div>\r\n\t\t\t\t\t<\/div>\r\n\t\t\t\t<\/div> <\/div> <\/div> <div class=\"application-platform-content-item-features application-platform-content-item\" id=\"features\" data-nav-section=\"features\"> <h2>Funktionen<\/h2> <p>Um eine bessere Wahrnehmung des Bewertungs-Widgets zu erm\u00f6glichen, finden Sie hier eine Liste der wichtigsten Funktionen wichtige Funktionen. Sie machen unser Widget f\u00fcr Sie wirklich effektiv: <\/p> <ul> <li>3 gebrauchsfertige Filter: nach Typ, Ausschlie\u00dfen nach und Anzahl der anzuzeigenden Bewertungen; <\/li> <li>4 Arten von Layouts: Liste, Raster, Mauerwerk und Schieberegler; <\/li> <li>Umschaltbarer Header des Widgets; <\/li> <li>Die Schaltfl\u00e4che \u201eBewertungsanfrage\u201c leitet Kunden zu Ihrer Yelp-Seite weiter; <\/li> <li>Sechs anpassbare Elemente der Bewertungen: Name und Bild des Autors, Empfehlung, Datum, Yelp-Symbol und Sternebewertung; <\/li> <li>Zwei alternative Szenarien nach der Ablehnung einer \u00dcberpr\u00fcfungsanfrage: Anzeigen einer benutzerdefinierten Nachricht oder Ausblenden der Schaltfl\u00e4che. <\/li> <\/ul><p><a href=\"#demo\">Unsere Live-Demo demonstriert Ihnen alle Funktionen<\/a><\/p> <\/div> <div class=\"application-platform-content-item-installation application-platform-content-item\" id=\"installation\" data-nav-section=\"installation\"> <h2>Sehen Sie, wie Sie das Widget in Ihren Shop integrieren. Es ist unkompliziert und erfordert keine Codierung.<\/h2><div class=\"video-container\"><iframe width=\"560\" height=\"315\" src=\"https:\/\/www.youtube.com\/embed\/P9Vprp2jRDQ?si=9RRoGLTmqocTMW8y\" frameborder=\"0\" allow=\"accelerometer; autoplay; clipboard-write; encrypted-media; gyroscope; picture-in-picture; web-share\" allowfullscreen><\/iframe><\/div><p>Diese verschiedenen Aktionen sind das Einzige, was Sie tun m\u00fcssen. <\/p> <ul><li><b>Installieren Sie die App<\/b><br> Geben Sie Shopify ein und gehen Sie zur App-Seite. Klicken Sie auf die Schaltfl\u00e4che \u201eGet\u201c, um die App in Ihrem Store zu installieren. <\/li> <li><b>Passen Sie die App an<\/b><br> Geben Sie die erforderlichen Daten ein: Textinhalte, Links und Konfigurationen der Benutzeroberfl\u00e4che. Nachdem Sie die Personalisierung abgeschlossen haben, wird Ihnen Ihr individueller Installationscode angezeigt. Kopieren Sie den Code zur weiteren Verwendung. <\/li> <li><b>Zeigen Sie die App auf der Seite an<\/b><br> Gehen Sie zur Kategorie \u201eSeiten\u201c und w\u00e4hlen Sie die Seite aus, auf der die App eingef\u00fcgt werden soll. Betten Sie dann den Code im HTML-Format ein und \u00fcbernehmen Sie die \u00c4nderungen. <\/li> <li><b>Die Integration ist gelungen! <\/b><br> Besuchen Sie die Website, um Ihre App anzusehen! <\/li><\/ul><p>Immer noch unruhig? Oder haben Sie Probleme? Senden Sie einfach eine Anfrage an unseren Kundenservice, der Ihnen bei Fragen jeglicher Art weiterhilft. <\/p> <\/div>\n","protected":false},"excerpt":{"rendered":"","protected":false},"author":9,"featured_media":0,"parent":1633,"menu_order":0,"comment_status":"closed","ping_status":"closed","template":"templates\/template-application-platform.php","meta":{"publish_to_discourse":"","publish_post_category":"","wpdc_auto_publish_overridden":"","wpdc_topic_tags":"","wpdc_pin_topic":"","wpdc_pin_until":"","discourse_post_id":"","discourse_permalink":"","wpdc_publishing_response":"","wpdc_publishing_error":"","footnotes":""},"class_list":["post-11073","page","type-page","status-publish","hentry"],"yoast_head":"<!-- This site is optimized with the Yoast SEO plugin v25.3.1 - https:\/\/yoast.com\/wordpress\/plugins\/seo\/ -->\n<title>F\u00fcgen Sie die Yelp Reviews-App zu Ihrer Wix-Website hinzu (einfach und schnell)<\/title>\n<meta name=\"description\" content=\"Hier besteht die M\u00f6glichkeit, eine individuelle Yelp-Bewertungen-App zu erstellen und diese auf Ihrer Wix-Website anzuzeigen. Erhalten Sie kostenlosen Kundensupport und andere Verg\u00fcnstigungen von Elfsight.\" \/>\n<meta name=\"robots\" content=\"index, follow, max-snippet:-1, max-image-preview:large, max-video-preview:-1\" \/>\n<link rel=\"canonical\" href=\"https:\/\/elfsight.com\/de\/yelp-reviews-widget\/wix\/\" \/>\n<meta property=\"og:locale\" content=\"de_DE\" \/>\n<meta property=\"og:type\" content=\"article\" \/>\n<meta property=\"og:title\" content=\"F\u00fcgen Sie die Yelp Reviews-App zu Ihrer Wix-Website hinzu (einfach und schnell)\" \/>\n<meta property=\"og:description\" content=\"Hier besteht die M\u00f6glichkeit, eine individuelle Yelp-Bewertungen-App zu erstellen und diese auf Ihrer Wix-Website anzuzeigen. Erhalten Sie kostenlosen Kundensupport und andere Verg\u00fcnstigungen von Elfsight.\" \/>\n<meta property=\"og:url\" content=\"https:\/\/elfsight.com\/de\/yelp-reviews-widget\/wix\/\" \/>\n<meta property=\"og:site_name\" content=\"Elfsight DE\" \/>\n<meta property=\"article:modified_time\" content=\"2025-02-19T06:21:37+00:00\" \/>\n<meta name=\"twitter:card\" content=\"summary_large_image\" \/>\n<meta name=\"twitter:label1\" content=\"Gesch\u00e4tzte Lesezeit\" \/>\n\t<meta name=\"twitter:data1\" content=\"3\u00a0Minuten\" \/>\n<!-- \/ Yoast SEO plugin. -->","yoast_head_json":{"title":"F\u00fcgen Sie die Yelp Reviews-App zu Ihrer Wix-Website hinzu (einfach und schnell)","description":"Hier besteht die M\u00f6glichkeit, eine individuelle Yelp-Bewertungen-App zu erstellen und diese auf Ihrer Wix-Website anzuzeigen. Erhalten Sie kostenlosen Kundensupport und andere Verg\u00fcnstigungen von Elfsight.","robots":{"index":"index","follow":"follow","max-snippet":"max-snippet:-1","max-image-preview":"max-image-preview:large","max-video-preview":"max-video-preview:-1"},"canonical":"https:\/\/elfsight.com\/de\/yelp-reviews-widget\/wix\/","og_locale":"de_DE","og_type":"article","og_title":"F\u00fcgen Sie die Yelp Reviews-App zu Ihrer Wix-Website hinzu (einfach und schnell)","og_description":"Hier besteht die M\u00f6glichkeit, eine individuelle Yelp-Bewertungen-App zu erstellen und diese auf Ihrer Wix-Website anzuzeigen. Erhalten Sie kostenlosen Kundensupport und andere Verg\u00fcnstigungen von Elfsight.","og_url":"https:\/\/elfsight.com\/de\/yelp-reviews-widget\/wix\/","og_site_name":"Elfsight DE","article_modified_time":"2025-02-19T06:21:37+00:00","twitter_card":"summary_large_image","twitter_misc":{"Gesch\u00e4tzte Lesezeit":"3\u00a0Minuten"},"schema":{"@context":"https:\/\/schema.org","@graph":[{"@type":"WebPage","@id":"https:\/\/elfsight.com\/de\/yelp-reviews-widget\/wix\/","url":"https:\/\/elfsight.com\/de\/yelp-reviews-widget\/wix\/","name":"F\u00fcgen Sie die Yelp Reviews-App zu Ihrer Wix-Website hinzu (einfach und schnell)","isPartOf":{"@id":"https:\/\/elfsight.com\/de\/#website"},"datePublished":"1970-01-01T00:00:00+00:00","dateModified":"2025-02-19T06:21:37+00:00","description":"Hier besteht die M\u00f6glichkeit, eine individuelle Yelp-Bewertungen-App zu erstellen und diese auf Ihrer Wix-Website anzuzeigen. Erhalten Sie kostenlosen Kundensupport und andere Verg\u00fcnstigungen von Elfsight.","breadcrumb":{"@id":"https:\/\/elfsight.com\/de\/yelp-reviews-widget\/wix\/#breadcrumb"},"inLanguage":"de","potentialAction":[{"@type":"ReadAction","target":["https:\/\/elfsight.com\/de\/yelp-reviews-widget\/wix\/"]}]},{"@type":"BreadcrumbList","@id":"https:\/\/elfsight.com\/de\/yelp-reviews-widget\/wix\/#breadcrumb","itemListElement":[{"@type":"ListItem","position":1,"name":"Home","item":"https:\/\/elfsight.com\/de\/"},{"@type":"ListItem","position":2,"name":"Yelp Reviews","item":"https:\/\/elfsight.com\/de\/yelp-reviews-widget\/"},{"@type":"ListItem","position":3,"name":"Yelp Reviews &#8211; Wix"}]},{"@type":"WebSite","@id":"https:\/\/elfsight.com\/de\/#website","url":"https:\/\/elfsight.com\/de\/","name":"Elfsight DE","description":"Just another Elfsight Sites site","potentialAction":[{"@type":"SearchAction","target":{"@type":"EntryPoint","urlTemplate":"https:\/\/elfsight.com\/de\/?s={search_term_string}"},"query-input":{"@type":"PropertyValueSpecification","valueRequired":true,"valueName":"search_term_string"}}],"inLanguage":"de"}]}},"meta_box":{"industry":"","seo_heading":"","heading":"","description":"","cta_heading":"","cta_description":"","application":"483","h1":"Wix Yelp-Bewertungen","h1_caption":"Pr\u00e4sentieren Sie Kundenrezensionen von Yelp, um Glaubw\u00fcrdigkeit aufzubauen und Ihrem Unternehmen m\u00fchelos soziale Beweise auf Ihrer Website von Wix zu liefern.","application_category":[],"applications_title":"","applications_request_title":"","applications_request_button_text":"","hero_text":"","hero_video":"","hero_video_schema_markup":"","selling_points_title":"","selling_points_caption":"","selling_points":[],"selling_points_cta_text":"","features_title":"","features":"","ed_cta_examples_text":"","ed_cta_examples_hidden":"","ed_cta_demo_text":"","ed_cta_demo_hidden":"","why_caption":"","why_editor_title":"","why_editor_text":"","why_team_title":"","why_team_text":"","why_service_title":"","why_service_text":"","template_catalog_visible":"0","template_catalog_title":"","template_catalog_text":"","template_catalog_categories_visible":"","demo_title":"Erstellen Sie Ihre Yelp-Bewertungen-App","demo_caption":"Konfigurieren Sie Ihre Yelp-Bewertungen und f\u00fcgen Sie sie kostenlos zu Ihrer Wix-Website hinzu!","default_faq_hidden":"","app_template_category":[],"platform":"265","template_public_id":"","codecanyon_url":"","codecanyon_item_id":"","codecanyon_price":"","pricing_caption":"","pricing_elfsight_apps_hide_column":"","pricing_elfsight_apps_url":"","pricing_codecanyon_price_caption":"","integration_category":[],"integration_request_title":"","integration_request_cta":"","integration_platform":"","integrations":[],"platform_category":[],"video_schema_markup":"","price":"ab 0 $ \/ Monat","trial":"","benefits":[{"text":"Kostenloser Installationsservice"},{"text":"Au\u00dfergew\u00f6hnliche Unterst\u00fctzung"},{"text":"14-t\u00e4gige Geld-zur\u00fcck-Garantie"},{"text":"Lebenslange Updates"}],"button_url":"#demo","button_target_blank":"0","button_nofollow":"0","attributes":[{"name":"Installiert","content":"10,000 - 100,000"},{"name":"Reaktionsfreudig","content":"Ja"},{"name":"Kompatible Browser","content":"Firefox, Safari, Opera, Chrome, Edge"}],"tags":[],"tags_disable_links":"0","hide_more_platforms":"0","video_object":"","demo_hide_cta":"0","demo_hide_cloud_options":"0","pricing_title":"","pricing":[{"pricing_icon":"platform","pricing_title":"Elfsight Apps","pricing_title_caption":"Multiplattform-Software","pricing_price":"ab 0 $ \/ Monat","pricing_price_caption":"Beginnen Sie mit einem kostenlosen Plan","pricing_benefits":[{"text":"Unbegrenzte Anzahl an Websites"},{"text":"Engagierte Unterst\u00fctzung"},{"text":"Kostenloser Installationssupport"},{"text":"Sonderpreis f\u00fcr mehrere Apps"}],"pricing_button_text":"Zur Website hinzuf\u00fcgen","pricing_button_url":"#demo"}],"related_apps_title":"","related_apps_hidden":"0","author":"","image":[],"title":"","job":"","social_networks":[]},"_links":{"self":[{"href":"https:\/\/elfsight.com\/de\/wp-json\/wp\/v2\/pages\/11073","targetHints":{"allow":["GET"]}}],"collection":[{"href":"https:\/\/elfsight.com\/de\/wp-json\/wp\/v2\/pages"}],"about":[{"href":"https:\/\/elfsight.com\/de\/wp-json\/wp\/v2\/types\/page"}],"author":[{"embeddable":true,"href":"https:\/\/elfsight.com\/de\/wp-json\/wp\/v2\/users\/9"}],"replies":[{"embeddable":true,"href":"https:\/\/elfsight.com\/de\/wp-json\/wp\/v2\/comments?post=11073"}],"version-history":[{"count":3,"href":"https:\/\/elfsight.com\/de\/wp-json\/wp\/v2\/pages\/11073\/revisions"}],"predecessor-version":[{"id":24394,"href":"https:\/\/elfsight.com\/de\/wp-json\/wp\/v2\/pages\/11073\/revisions\/24394"}],"up":[{"embeddable":true,"href":"https:\/\/elfsight.com\/de\/wp-json\/wp\/v2\/pages\/1633"}],"wp:attachment":[{"href":"https:\/\/elfsight.com\/de\/wp-json\/wp\/v2\/media?parent=11073"}],"curies":[{"name":"wp","href":"https:\/\/api.w.org\/{rel}","templated":true}]}}