{"id":11068,"date":"1970-01-01T00:00:00","date_gmt":"1970-01-01T00:00:00","guid":{"rendered":"https:\/\/elfsight.com\/de\/?page_id=11068"},"modified":"2025-02-19T06:08:22","modified_gmt":"2025-02-19T06:08:22","slug":"elementor","status":"publish","type":"page","link":"https:\/\/elfsight.com\/de\/yelp-reviews-widget\/elementor\/","title":{"rendered":"Yelp Reviews &#8211; Elementor"},"content":{"rendered":"\n<div class=\"application-platform-content-item-description application-platform-content-item\" id=\"description\" data-nav-section=\"description\"> <h2>Einbetten von Yelp-Rezensionen auf Elementor mit dem Elfsight-Widget<\/h2> <p>Elfsight Yelp Reviews ist ein unkompliziertes Tool, das Ihnen beim Einf\u00fcgen hilft die Website-Bewertungen zu Ihren Produkten oder Dienstleistungen von Yelp-Nutzern. Mit diesem Widget k\u00f6nnen Sie Filter verwenden, um unerw\u00fcnschte Bewertungen auszusortieren, Ihre Sterne- und Zahlenbewertungen von Yelp anzuzeigen, Informationen \u00fcber die Autoren hinzuzuf\u00fcgen und eine Schaltfl\u00e4che hinzuzuf\u00fcgen, die Besuchern hilft, ihre Bewertung auf Yelp abzugeben. Mit dem Yelp-Rezensionen-Widget von Elfsight k\u00f6nnen Sie Ihren perfekten Social Proof auf der Website pr\u00e4sentieren und den Umsatz steigern.<\/p><\/div><div class=\"application-platform-content-item-features application-platform-content-item\" id=\"features\" data-nav-section=\"features\"> <h2>Hauptfunktionen des Yelp-Rezensionen-Widget<\/h2> <p>\u00dcberpr\u00fcfen Sie alle Funktionsmerkmale des Plugins. Sie sind direkt im Editor verf\u00fcgbar und helfen Ihnen dabei, das Widget entsprechend Ihren Anforderungen zu erstellen.<\/p> <ul> <li>3 verf\u00fcgbare Filter: nach Typ, Ausschlie\u00dfen nach und Anzahl der anzuzeigenden Bewertungen; <\/li> <li>Vier verf\u00fcgbare Layouts: Liste, Raster, Mauerwerk und Schieberegler; <\/li> <li> Vollst\u00e4ndig flexibler Header des Widgets; <\/li> <li>Die Schaltfl\u00e4che \u201eBewertungsanfrage\u201c leitet Besucher zur Yelp-Seite weiter; <\/li> <li>Sechs anpassbare Elemente der Bewertungen: Name und Foto des Autors, Empfehlung, Datum der Ver\u00f6ffentlichung, Yelp-Symbol und Sternebewertung; <\/li> <li>Zwei Szenariooptionen nach der Ablehnung einer \u00dcberpr\u00fcfungsanfrage: Anzeigen einer benutzerdefinierten Nachricht oder Ausblenden der Schaltfl\u00e4che. <\/li> <\/ul><p><a href=\"#demo\">Sie k\u00f6nnen alle Funktionen des Widgets direkt in der Demo testen<\/a><\/p> <\/div> <div class=\"application-platform-content-item-installation application-platform-content-item\" id=\"installation\" data-nav-section=\"installation\"> <h2>Wie kann ich Yelp-Bewertungen zu meiner Elementor-Website hinzuf\u00fcgen?<\/h2> <div class=\"video-container\"><iframe width=\"560\" height=\"315\" src=\"https:\/\/www.youtube.com\/embed\/EWIsWT2RDH4?si=fsMVzPRQXrfcYfg4\" frameborder=\"0\" allow=\"accelerometer; autoplay; clipboard-write; encrypted-media; gyroscope; picture-in-picture; web-share\" allowfullscreen><\/iframe><\/div><p>Um mit der Verwendung des Widgets zu beginnen, befolgen Sie einfach die folgenden Richtlinien.<\/p> <ol><li><b>Erstellen Sie Ihr einzigartiges Yelp-Plugin<\/b><br> Erstellen Sie mit unserem kostenlosen Konfigurator ein Plugin mit einem ausgew\u00e4hlten Layout und einer ausgew\u00e4hlten Funktionalit\u00e4t. <\/li><li><b>Holen Sie sich den individuellen Code zur Anzeige des Plugins<\/b><br> Nachdem Sie Ihr Widget konfiguriert haben, erhalten Sie den Installationscode aus dem erscheinenden Fenster auf Elfsight Apps. Kopiere es. <\/li> <li><b>F\u00fcgen Sie das Plugin auf Ihrer Elementor-Website hinzu<\/b><br> Definieren Sie den Ort, an dem Sie das Plugin integrieren m\u00f6chten, und f\u00fcgen Sie dort den kopierten Code hinzu. Speichern Sie die \u00c4nderungen. <\/li> <li><b>Die Installation ist abgeschlossen<\/b><br> Gehen Sie auf Ihre Website, um Ihr Plugin zu \u00fcberpr\u00fcfen.<\/li> <\/ol><p>Sie k\u00f6nnen sich gerne an Elfsight wenden Wenden Sie sich an den Kundendienst, falls Sie Hilfe ben\u00f6tigen oder eine Frage haben. Unsere Spezialisten helfen Ihnen gerne bei jeder Anfrage.<\/p><div class=\"faq\" data-component=\"FAQ\"> <div class=\"faq-item\">\r\n\t\t\t\t\t<div class=\"faq-item-question\">\r\n\t\t\t\t\t\t<h3 class=\"faq-item-question-text\">Wie f\u00fcge ich Bewertungen von Yelp zu meiner Elementor-Website hinzu, ohne Programmierkenntnisse zu ben\u00f6tigen?<\/h3>\r\n\r\n\t\t\t\t\t\t<div class=\"faq-item-question-icon\"><\/div>\r\n\t\t\t\t\t<\/div>\r\n\r\n\t\t\t\t\t<div class=\"faq-item-answer\">\r\n\t\t\t\t\t\t<div class=\"faq-item-answer-text\"> <p>Elfsight bietet eine SaaS-L\u00f6sung, mit der Sie Erstellen Sie selbst ein Widget \u201eBewertungen von Yelp\u201c und sehen Sie, wie einfach der Vorgang ist: Arbeiten Sie direkt im Online-Editor, um ein Widget \u201eBewertungen von Yelp\u201c zu erstellen, das Sie gerne auf Ihrer Elementor-Website sehen w\u00fcrden. W\u00e4hlen Sie eine der vorgefertigten Vorlagen aus und passen Sie die Bewertungen von Yelp-Einstellungen an, f\u00fcgen Sie Ihre Inhalte hinzu, \u00e4ndern Sie das Layout und die Farbe der Elemente ohne Programmierkenntnisse. Speichern Sie die Bewertungen von Yelp und kopieren Sie den Installationscode, den Sie problemlos in Ihre Elementor-Website einf\u00fcgen k\u00f6nnen, ohne eine kostenpflichtige Version kaufen zu m\u00fcssen. Mit unserem intuitiven Editor kann jeder Internetnutzer online Bewertungen aus dem Yelp-Widget erstellen und diese einfach in seine Elementor-Website einbetten. Sie m\u00fcssen weder bezahlen noch Ihre Kartendaten eingeben, um auf den Service zuzugreifen. Sollten bei irgendeinem Schritt Probleme auftreten, wenden Sie sich bitte an unser technisches Support-Team.<\/p> <\/div>\r\n\t\t\t\t\t<\/div>\r\n\t\t\t\t<\/div> <\/div> <\/div>\n","protected":false},"excerpt":{"rendered":"","protected":false},"author":9,"featured_media":0,"parent":1633,"menu_order":0,"comment_status":"closed","ping_status":"closed","template":"templates\/template-application-platform.php","meta":{"publish_to_discourse":"","publish_post_category":"","wpdc_auto_publish_overridden":"","wpdc_topic_tags":"","wpdc_pin_topic":"","wpdc_pin_until":"","discourse_post_id":"","discourse_permalink":"","wpdc_publishing_response":"","wpdc_publishing_error":"","footnotes":""},"class_list":["post-11068","page","type-page","status-publish","hentry"],"yoast_head":"<!-- This site is optimized with the Yoast SEO plugin v25.3.1 - https:\/\/yoast.com\/wordpress\/plugins\/seo\/ -->\n<title>F\u00fcgen Sie das Widget \u201eYelp-Bewertungen\u201c zu Ihrer Elementor-Website hinzu (in 2 Minuten)<\/title>\n<meta name=\"description\" content=\"Es ist ein Kinderspiel, Ihr Yelp-Bewertungs-Widget zu gestalten und auf Ihrer Elementor-Website anzuzeigen. Der Kundendienst von Elfsight ist kostenlos und schnell.\" \/>\n<meta name=\"robots\" content=\"index, follow, max-snippet:-1, max-image-preview:large, max-video-preview:-1\" \/>\n<link rel=\"canonical\" href=\"https:\/\/elfsight.com\/de\/yelp-reviews-widget\/elementor\/\" \/>\n<meta property=\"og:locale\" content=\"de_DE\" \/>\n<meta property=\"og:type\" content=\"article\" \/>\n<meta property=\"og:title\" content=\"F\u00fcgen Sie das Widget \u201eYelp-Bewertungen\u201c zu Ihrer Elementor-Website hinzu (in 2 Minuten)\" \/>\n<meta property=\"og:description\" content=\"Es ist ein Kinderspiel, Ihr Yelp-Bewertungs-Widget zu gestalten und auf Ihrer Elementor-Website anzuzeigen. Der Kundendienst von Elfsight ist kostenlos und schnell.\" \/>\n<meta property=\"og:url\" content=\"https:\/\/elfsight.com\/de\/yelp-reviews-widget\/elementor\/\" \/>\n<meta property=\"og:site_name\" content=\"Elfsight DE\" \/>\n<meta property=\"article:modified_time\" content=\"2025-02-19T06:08:22+00:00\" \/>\n<meta name=\"twitter:card\" content=\"summary_large_image\" \/>\n<meta name=\"twitter:label1\" content=\"Gesch\u00e4tzte Lesezeit\" \/>\n\t<meta name=\"twitter:data1\" content=\"3\u00a0Minuten\" \/>\n<!-- \/ Yoast SEO plugin. -->","yoast_head_json":{"title":"F\u00fcgen Sie das Widget \u201eYelp-Bewertungen\u201c zu Ihrer Elementor-Website hinzu (in 2 Minuten)","description":"Es ist ein Kinderspiel, Ihr Yelp-Bewertungs-Widget zu gestalten und auf Ihrer Elementor-Website anzuzeigen. Der Kundendienst von Elfsight ist kostenlos und schnell.","robots":{"index":"index","follow":"follow","max-snippet":"max-snippet:-1","max-image-preview":"max-image-preview:large","max-video-preview":"max-video-preview:-1"},"canonical":"https:\/\/elfsight.com\/de\/yelp-reviews-widget\/elementor\/","og_locale":"de_DE","og_type":"article","og_title":"F\u00fcgen Sie das Widget \u201eYelp-Bewertungen\u201c zu Ihrer Elementor-Website hinzu (in 2 Minuten)","og_description":"Es ist ein Kinderspiel, Ihr Yelp-Bewertungs-Widget zu gestalten und auf Ihrer Elementor-Website anzuzeigen. Der Kundendienst von Elfsight ist kostenlos und schnell.","og_url":"https:\/\/elfsight.com\/de\/yelp-reviews-widget\/elementor\/","og_site_name":"Elfsight DE","article_modified_time":"2025-02-19T06:08:22+00:00","twitter_card":"summary_large_image","twitter_misc":{"Gesch\u00e4tzte Lesezeit":"3\u00a0Minuten"},"schema":{"@context":"https:\/\/schema.org","@graph":[{"@type":"WebPage","@id":"https:\/\/elfsight.com\/de\/yelp-reviews-widget\/elementor\/","url":"https:\/\/elfsight.com\/de\/yelp-reviews-widget\/elementor\/","name":"F\u00fcgen Sie das Widget \u201eYelp-Bewertungen\u201c zu Ihrer Elementor-Website hinzu (in 2 Minuten)","isPartOf":{"@id":"https:\/\/elfsight.com\/de\/#website"},"datePublished":"1970-01-01T00:00:00+00:00","dateModified":"2025-02-19T06:08:22+00:00","description":"Es ist ein Kinderspiel, Ihr Yelp-Bewertungs-Widget zu gestalten und auf Ihrer Elementor-Website anzuzeigen. Der Kundendienst von Elfsight ist kostenlos und schnell.","breadcrumb":{"@id":"https:\/\/elfsight.com\/de\/yelp-reviews-widget\/elementor\/#breadcrumb"},"inLanguage":"de","potentialAction":[{"@type":"ReadAction","target":["https:\/\/elfsight.com\/de\/yelp-reviews-widget\/elementor\/"]}]},{"@type":"BreadcrumbList","@id":"https:\/\/elfsight.com\/de\/yelp-reviews-widget\/elementor\/#breadcrumb","itemListElement":[{"@type":"ListItem","position":1,"name":"Home","item":"https:\/\/elfsight.com\/de\/"},{"@type":"ListItem","position":2,"name":"Yelp Reviews","item":"https:\/\/elfsight.com\/de\/yelp-reviews-widget\/"},{"@type":"ListItem","position":3,"name":"Yelp Reviews &#8211; Elementor"}]},{"@type":"WebSite","@id":"https:\/\/elfsight.com\/de\/#website","url":"https:\/\/elfsight.com\/de\/","name":"Elfsight DE","description":"Just another Elfsight Sites site","potentialAction":[{"@type":"SearchAction","target":{"@type":"EntryPoint","urlTemplate":"https:\/\/elfsight.com\/de\/?s={search_term_string}"},"query-input":{"@type":"PropertyValueSpecification","valueRequired":true,"valueName":"search_term_string"}}],"inLanguage":"de"}]}},"meta_box":{"industry":"","seo_heading":"","heading":"","description":"","cta_heading":"","cta_description":"","application":"483","h1":"Elementor Yelp-Bewertungen","h1_caption":"Pr\u00e4sentieren Sie Kundenrezensionen von Yelp, um Glaubw\u00fcrdigkeit aufzubauen und Ihrem Unternehmen m\u00fchelos Social Proof auf Ihrer Elementor-Website bereitzustellen.","application_category":[],"applications_title":"","applications_request_title":"","applications_request_button_text":"","hero_text":"","hero_video":"","hero_video_schema_markup":"","selling_points_title":"","selling_points_caption":"","selling_points":[],"selling_points_cta_text":"","features_title":"","features":"","ed_cta_examples_text":"","ed_cta_examples_hidden":"","ed_cta_demo_text":"","ed_cta_demo_hidden":"","why_caption":"","why_editor_title":"","why_editor_text":"","why_team_title":"","why_team_text":"","why_service_title":"","why_service_text":"","template_catalog_visible":"0","template_catalog_title":"","template_catalog_text":"","template_catalog_categories_visible":"","demo_title":"Erstellen Sie Ihr Yelp-Rezensions-Widget","demo_caption":"Konfigurieren Sie Ihre Yelp-Bewertungen und f\u00fcgen Sie sie kostenlos zu Ihrer Elementor-Website hinzu!","default_faq_hidden":"","app_template_category":[],"platform":"223","template_public_id":"","codecanyon_url":"","codecanyon_item_id":"","codecanyon_price":"","pricing_caption":"","pricing_elfsight_apps_hide_column":"","pricing_elfsight_apps_url":"","pricing_codecanyon_price_caption":"","integration_category":[],"integration_request_title":"","integration_request_cta":"","integration_platform":"","integrations":[],"platform_category":[],"video_schema_markup":"","price":"ab 0 $ \/ Monat","trial":"","benefits":[{"text":"Kostenlose Installationshilfe"},{"text":"Premium-Support"},{"text":"14-t\u00e4gige Geld-zur\u00fcck-Garantie"},{"text":"Zuk\u00fcnftige kostenlose Updates"}],"button_url":"#demo","button_target_blank":"0","button_nofollow":"0","attributes":[{"name":"Installiert","content":"10,000 - 100,000"},{"name":"Reaktionsfreudig","content":"Ja"},{"name":"Kompatible Browser","content":"Firefox, Safari, Opera, Chrome, Edge"}],"tags":[],"tags_disable_links":"0","hide_more_platforms":"0","video_object":"","demo_hide_cta":"0","demo_hide_cloud_options":"0","pricing_title":"","pricing":[{"pricing_icon":"platform","pricing_title":"Elfsight Apps","pricing_title_caption":"Plattform\u00fcbergreifende Software","pricing_price":"ab 0 $ \/ Monat","pricing_price_caption":"Beginnen Sie mit einem kostenlosen Plan","pricing_benefits":[{"text":"Unbegrenzte Websites"},{"text":"Kostenloser Kundensupport"},{"text":"Kostenlose Installationshilfe"},{"text":"Preis f\u00fcr mehrere Apps"}],"pricing_button_text":"Zur Website hinzuf\u00fcgen","pricing_button_url":"#demo"}],"related_apps_title":"","related_apps_hidden":"0","author":"","image":[],"title":"","job":"","social_networks":[]},"_links":{"self":[{"href":"https:\/\/elfsight.com\/de\/wp-json\/wp\/v2\/pages\/11068","targetHints":{"allow":["GET"]}}],"collection":[{"href":"https:\/\/elfsight.com\/de\/wp-json\/wp\/v2\/pages"}],"about":[{"href":"https:\/\/elfsight.com\/de\/wp-json\/wp\/v2\/types\/page"}],"author":[{"embeddable":true,"href":"https:\/\/elfsight.com\/de\/wp-json\/wp\/v2\/users\/9"}],"replies":[{"embeddable":true,"href":"https:\/\/elfsight.com\/de\/wp-json\/wp\/v2\/comments?post=11068"}],"version-history":[{"count":3,"href":"https:\/\/elfsight.com\/de\/wp-json\/wp\/v2\/pages\/11068\/revisions"}],"predecessor-version":[{"id":24386,"href":"https:\/\/elfsight.com\/de\/wp-json\/wp\/v2\/pages\/11068\/revisions\/24386"}],"up":[{"embeddable":true,"href":"https:\/\/elfsight.com\/de\/wp-json\/wp\/v2\/pages\/1633"}],"wp:attachment":[{"href":"https:\/\/elfsight.com\/de\/wp-json\/wp\/v2\/media?parent=11068"}],"curies":[{"name":"wp","href":"https:\/\/api.w.org\/{rel}","templated":true}]}}