{"id":11066,"date":"1970-01-01T00:00:00","date_gmt":"1970-01-01T00:00:00","guid":{"rendered":"https:\/\/elfsight.com\/de\/?page_id=11066"},"modified":"2025-07-10T14:05:03","modified_gmt":"2025-07-10T14:05:03","slug":"facebook","status":"publish","type":"page","link":"https:\/\/elfsight.com\/de\/yelp-reviews-widget\/facebook\/","title":{"rendered":"Yelp Reviews &#8211; Facebook Page"},"content":{"rendered":"<div class=\"application-platform-content-item-description application-platform-content-item\" id=\"description\" data-nav-section=\"description\"><h2>Beschreibung<\/h2><p>Wenn Sie Ihren Kunden Ihre Wertsch\u00e4tzung zeigen und Seitenbesucher davon \u00fcberzeugen m\u00f6chten, dass Ihre Angebote einen Kauf wert sind, Das Elfsight Yelp Reviews-Widget passt perfekt zu Ihnen. Mit diesem Widget k\u00f6nnen Sie ganz einfach Benutzerbewertungen von Yelp mit Details zu ihren Autoren auf Ihrer Seite platzieren, sie filtern, um nur gute Bewertungen anzuzeigen, Bewertungen hinzuf\u00fcgen und eine Bewertungsanforderungsschaltfl\u00e4che einrichten, die Benutzer zu Ihrem Yelp-Konto f\u00fchrt, wo sie sie teilen k\u00f6nnen eine neue Bewertung.<\/p><p><b>Erh\u00f6hen Sie die Vertrauensw\u00fcrdigkeit Ihrer Facebook-Seite mit Yelp-Bewertungen von Kunden!<\/b><\/p><\/div><div class=\"application-platform-content-item-features application-platform-content-item\" id=\"features\" data-nav-section=\"features\"><h2>Funktionen<\/h2><p>\u00dcberpr\u00fcfen Sie alle Funktionen des Produkts. Sie k\u00f6nnen sie direkt im Editor verwalten und sie helfen Ihnen dabei, das Widget entsprechend Ihren Anforderungen zu gestalten. <\/p><ul><li>Drei gebrauchsfertige Filter: nach Typ, Ausschlie\u00dfen nach und Anzahl der anzuzeigenden Bewertungen;<\/li><li>4 Layoutvarianten: Liste, Raster, Mauerwerk und Schieberegler;<\/li><li>Eine M\u00f6glichkeit, die Kopfzeile des Widgets anzuzeigen oder auszublenden;<\/li><li>Die Schaltfl\u00e4che \u201eBewertungsanfrage\u201c leitet Benutzer zur Yelp-Seite weiter;<\/li><li>Sechs anpassbare Elemente des Benutzeroberfl\u00e4che: Name und Bild des Autors, Empfehlung, Datum der Ver\u00f6ffentlichung, Yelp-Symbol und Sternebewertung;<\/li><li>Zwei Szenariooptionen nach der Ablehnung einer \u00dcberpr\u00fcfungsanfrage: Zeigen Sie eine Textnachricht an oder entfernen Sie die Schaltfl\u00e4che.<\/li><\/ul><p><a href=\"#demo\">\u00dcberpr\u00fcfen Sie in unserer Demo, wie alle Funktionen funktionieren<\/a><\/p><\/div> <div class=\"application-platform-content-item-installation application-platform-content-item\" id=\"installation\" data-nav-section=\"installation\"><h2>Anleitung F\u00fcgen Sie die Registerkarte \u201eYelp-Bewertungen\u201c zur Facebook-Unternehmensseite hinzu<\/h2><p>Um das Widget zu integrieren, befolgen Sie die folgenden Richtlinien<\/p><ul><li><b>Generieren Sie Ihr individuelles Yelp-Widget<\/b><br>Verwalten Sie unseren kostenlosen Editor und erhalten Sie ein Plugin mit individuellem Design und relevanten Quellen. <\/li><li><b>Holen Sie sich einen pers\u00f6nlichen Code zum Einbetten des Widgets<\/b><br>Nachdem Sie Ihr Widget generiert haben, erhalten Sie Ihren pers\u00f6nlichen Code im angezeigten Fenster von Elfsight Apps. Kopieren Sie den Code. <\/li><li><b>F\u00fcgen Sie das Yelp-Widget zur Facebook-Seite hinzu<\/b><br> Erstellen Sie Ihren benutzerdefinierten Facebook-Tab. F\u00fcgen Sie den Code, den Sie bei elfsight apps erhalten haben, in die Registerkarte ein. Wenn Sie Probleme haben, lesen Sie einfach unseren Leitfaden unter <a href=\"https:\/\/elfsight.com\/blog\/how-to-add-custom-tab-to-facebook-page\/\" target=\"_blank\" rel=\"noopener noreferrer\">Benutzerdefinierten Facebook-Tab erstellen<\/a><\/li><li><b>Sie haben die Installation vollst\u00e4ndig abgeschlossen<\/b><br>Betreten Sie die Seite, um Ihre Arbeit zu \u00fcberpr\u00fcfen. <\/li><\/ul><p>Kontaktieren Sie den Kundendienst, falls Sie Rat ben\u00f6tigen oder eine Frage haben. Unsere Spezialisten stehen Ihnen bei jeder Anfrage gerne zur Verf\u00fcgung. <\/p><div class=\"faq\" data-component=\"FAQ\"> <div class=\"faq-item\">\r\n\t\t\t\t\t<div class=\"faq-item-question\">\r\n\t\t\t\t\t\t<h3 class=\"faq-item-question-text\">Wie kann ich ohne Programmierkenntnisse Bewertungen von Yelp zu meiner Facebook-Seite hinzuf\u00fcgen?<\/h3>\r\n\r\n\t\t\t\t\t\t<div class=\"faq-item-question-icon\"><\/div>\r\n\t\t\t\t\t<\/div>\r\n\r\n\t\t\t\t\t<div class=\"faq-item-answer\">\r\n\t\t\t\t\t\t<div class=\"faq-item-answer-text\"> <p>Elfsight bietet eine SaaS-L\u00f6sung, mit der Sie selbst ein Widget f\u00fcr Bewertungen von Yelp erstellen k\u00f6nnen Wie einfach der Vorgang ist: Erstellen Sie direkt im Online-Editor ein Bewertungs-Widget aus Yelp, das Sie gerne auf Ihrer Facebook-Seite sehen m\u00f6chten. W\u00e4hlen Sie eine der vorgefertigten Vorlagen aus und passen Sie die Bewertungen von Yelp-Einstellungen an, f\u00fcgen Sie Ihre Inhalte hinzu, \u00e4ndern Sie das Layout und das Farbschema ohne Programmierkenntnisse. Speichern Sie die Bewertungen von Yelp und kopieren Sie den Installationscode, den Sie in Ihre Facebook-Seiten-Website einf\u00fcgen k\u00f6nnen, ohne ein kostenpflichtiges Abonnement zu kaufen. Mit unserem intuitiven Editor kann jeder Internetnutzer online Bewertungen \u00fcber das Yelp-Widget erstellen und diese ganz einfach in seine Facebook-Seite einbetten. Sie m\u00fcssen weder bezahlen noch Ihre Kartendaten eingeben, um auf den Service zuzugreifen. Sollten bei irgendeinem Schritt Probleme auftreten, wenden Sie sich bitte an unser technisches Support-Team.<\/p> <\/div>\r\n\t\t\t\t\t<\/div>\r\n\t\t\t\t<\/div> <\/div> <\/div>","protected":false},"excerpt":{"rendered":"","protected":false},"author":9,"featured_media":0,"parent":1633,"menu_order":0,"comment_status":"closed","ping_status":"closed","template":"templates\/template-application-platform.php","meta":{"publish_to_discourse":"","publish_post_category":"","wpdc_auto_publish_overridden":"","wpdc_topic_tags":"","wpdc_pin_topic":"","wpdc_pin_until":"","discourse_post_id":"","discourse_permalink":"","wpdc_publishing_response":"","wpdc_publishing_error":"","footnotes":""},"class_list":["post-11066","page","type-page","status-publish","hentry"],"yoast_head":"<!-- This site is optimized with the Yoast SEO plugin v25.3.1 - https:\/\/yoast.com\/wordpress\/plugins\/seo\/ -->\n<title>Registerkarte \u201eYelp-Bewertungen\u201c zur Facebook-Unternehmensseite hinzuf\u00fcgen (2025)<\/title>\n<meta name=\"description\" content=\"Hier besteht die M\u00f6glichkeit, ein Yelp-Rezensions-Widget zu erstellen und es in Ihre Facebook-Seite zu integrieren. Erhalten Sie kostenlosen Kundensupport und andere Verg\u00fcnstigungen von Elfsight.\" \/>\n<meta name=\"robots\" content=\"index, follow, max-snippet:-1, max-image-preview:large, max-video-preview:-1\" \/>\n<link rel=\"canonical\" href=\"https:\/\/elfsight.com\/de\/yelp-reviews-widget\/facebook\/\" \/>\n<meta property=\"og:locale\" content=\"de_DE\" \/>\n<meta property=\"og:type\" content=\"article\" \/>\n<meta property=\"og:title\" content=\"Registerkarte \u201eYelp-Bewertungen\u201c zur Facebook-Unternehmensseite hinzuf\u00fcgen (2025)\" \/>\n<meta property=\"og:description\" content=\"Hier besteht die M\u00f6glichkeit, ein Yelp-Rezensions-Widget zu erstellen und es in Ihre Facebook-Seite zu integrieren. Erhalten Sie kostenlosen Kundensupport und andere Verg\u00fcnstigungen von Elfsight.\" \/>\n<meta property=\"og:url\" content=\"https:\/\/elfsight.com\/de\/yelp-reviews-widget\/facebook\/\" \/>\n<meta property=\"og:site_name\" content=\"Elfsight DE\" \/>\n<meta property=\"article:modified_time\" content=\"2025-07-10T14:05:03+00:00\" \/>\n<meta name=\"twitter:card\" content=\"summary_large_image\" \/>\n<meta name=\"twitter:label1\" content=\"Gesch\u00e4tzte Lesezeit\" \/>\n\t<meta name=\"twitter:data1\" content=\"3\u00a0Minuten\" \/>\n<!-- \/ Yoast SEO plugin. -->","yoast_head_json":{"title":"Registerkarte \u201eYelp-Bewertungen\u201c zur Facebook-Unternehmensseite hinzuf\u00fcgen (2025)","description":"Hier besteht die M\u00f6glichkeit, ein Yelp-Rezensions-Widget zu erstellen und es in Ihre Facebook-Seite zu integrieren. Erhalten Sie kostenlosen Kundensupport und andere Verg\u00fcnstigungen von Elfsight.","robots":{"index":"index","follow":"follow","max-snippet":"max-snippet:-1","max-image-preview":"max-image-preview:large","max-video-preview":"max-video-preview:-1"},"canonical":"https:\/\/elfsight.com\/de\/yelp-reviews-widget\/facebook\/","og_locale":"de_DE","og_type":"article","og_title":"Registerkarte \u201eYelp-Bewertungen\u201c zur Facebook-Unternehmensseite hinzuf\u00fcgen (2025)","og_description":"Hier besteht die M\u00f6glichkeit, ein Yelp-Rezensions-Widget zu erstellen und es in Ihre Facebook-Seite zu integrieren. Erhalten Sie kostenlosen Kundensupport und andere Verg\u00fcnstigungen von Elfsight.","og_url":"https:\/\/elfsight.com\/de\/yelp-reviews-widget\/facebook\/","og_site_name":"Elfsight DE","article_modified_time":"2025-07-10T14:05:03+00:00","twitter_card":"summary_large_image","twitter_misc":{"Gesch\u00e4tzte Lesezeit":"3\u00a0Minuten"},"schema":{"@context":"https:\/\/schema.org","@graph":[{"@type":"WebPage","@id":"https:\/\/elfsight.com\/de\/yelp-reviews-widget\/facebook\/","url":"https:\/\/elfsight.com\/de\/yelp-reviews-widget\/facebook\/","name":"Registerkarte \u201eYelp-Bewertungen\u201c zur Facebook-Unternehmensseite hinzuf\u00fcgen (2025)","isPartOf":{"@id":"https:\/\/elfsight.com\/de\/#website"},"datePublished":"1970-01-01T00:00:00+00:00","dateModified":"2025-07-10T14:05:03+00:00","description":"Hier besteht die M\u00f6glichkeit, ein Yelp-Rezensions-Widget zu erstellen und es in Ihre Facebook-Seite zu integrieren. Erhalten Sie kostenlosen Kundensupport und andere Verg\u00fcnstigungen von Elfsight.","breadcrumb":{"@id":"https:\/\/elfsight.com\/de\/yelp-reviews-widget\/facebook\/#breadcrumb"},"inLanguage":"de","potentialAction":[{"@type":"ReadAction","target":["https:\/\/elfsight.com\/de\/yelp-reviews-widget\/facebook\/"]}]},{"@type":"BreadcrumbList","@id":"https:\/\/elfsight.com\/de\/yelp-reviews-widget\/facebook\/#breadcrumb","itemListElement":[{"@type":"ListItem","position":1,"name":"Home","item":"https:\/\/elfsight.com\/de\/"},{"@type":"ListItem","position":2,"name":"Yelp Reviews","item":"https:\/\/elfsight.com\/de\/yelp-reviews-widget\/"},{"@type":"ListItem","position":3,"name":"Yelp Reviews &#8211; Facebook Page"}]},{"@type":"WebSite","@id":"https:\/\/elfsight.com\/de\/#website","url":"https:\/\/elfsight.com\/de\/","name":"Elfsight DE","description":"Just another Elfsight Sites site","potentialAction":[{"@type":"SearchAction","target":{"@type":"EntryPoint","urlTemplate":"https:\/\/elfsight.com\/de\/?s={search_term_string}"},"query-input":{"@type":"PropertyValueSpecification","valueRequired":true,"valueName":"search_term_string"}}],"inLanguage":"de"}]}},"meta_box":{"industry":"","seo_heading":"","heading":"","description":"","cta_heading":"","cta_description":"","application":"483","h1":"Yelp-Bewertungen f\u00fcr die Facebook-Seite","h1_caption":"Pr\u00e4sentieren Sie Kundenrezensionen von Yelp, um Glaubw\u00fcrdigkeit aufzubauen und Ihrem Unternehmen m\u00fchelos Social Proof auf Ihrer Facebook-Seite bereitzustellen.","application_category":[],"applications_title":"","applications_request_title":"","applications_request_button_text":"","hero_text":"","hero_video":"","hero_video_schema_markup":"","selling_points_title":"","selling_points_caption":"","selling_points":[],"selling_points_cta_text":"","features_title":"","features":"","ed_cta_examples_text":"","ed_cta_examples_hidden":"","ed_cta_demo_text":"","ed_cta_demo_hidden":"","why_caption":"","why_editor_title":"","why_editor_text":"","why_team_title":"","why_team_text":"","why_service_title":"","why_service_text":"","template_catalog_visible":"","template_catalog_title":"","template_catalog_text":"","template_catalog_categories_visible":"","demo_title":"Erstellen Sie Ihr Yelp-Rezensions-Widget","demo_caption":"Konfigurieren Sie Ihre Yelp-Bewertungen und f\u00fcgen Sie sie kostenlos zu Ihrer Facebook-Seite hinzu!","default_faq_hidden":"","app_template_category":[],"platform":"216","template_public_id":"","codecanyon_url":"","codecanyon_item_id":"","codecanyon_price":"","pricing_caption":"","pricing_elfsight_apps_hide_column":"","pricing_elfsight_apps_url":"","pricing_codecanyon_price_caption":"","integration_category":[],"integration_request_title":"","integration_request_cta":"","integration_platform":"","integrations":[],"platform_category":[],"video_schema_markup":"","price":"ab 0 $ \/ Monat","trial":"","benefits":[{"text":"Kostenloser Installationsservice"},{"text":"Premium-Support"},{"text":"14-t\u00e4gige Geld-zur\u00fcck-Garantie"},{"text":"Regelm\u00e4\u00dfige Updates"}],"button_url":"#demo","button_target_blank":"","button_nofollow":"","attributes":[{"name":"Installiert","content":"10,000 - 100,000"},{"name":"Reaktionsfreudig","content":"Ja"},{"name":"Kompatible Browser","content":"Opera, Firefox, Safari, Edge, Chrome"}],"tags":[],"tags_disable_links":"","hide_more_platforms":"","video_object":"","demo_hide_cta":"","demo_hide_cloud_options":"","pricing_title":"","pricing":[{"pricing_icon":"platform","pricing_title":"Elfsight Apps","pricing_title_caption":"Plattform\u00fcbergreifende digitale L\u00f6sung, die auf jeder Website funktioniert","pricing_price":"ab 0 $ \/ Monat","pricing_price_caption":"Beginnen Sie mit einem kostenlosen Plan","pricing_benefits":[{"text":"Unbegrenzte Domains"},{"text":"Erstklassiger und p\u00fcnktlicher Support"},{"text":"Kostenlose Installationsunterst\u00fctzung"},{"text":"Sonderangebot f\u00fcr mehrere Apps"}],"pricing_button_text":"Zur Website hinzuf\u00fcgen","pricing_button_url":"#demo"}],"related_apps_title":"","related_apps_hidden":"","author":"","image":[],"title":"","job":"","social_networks":[]},"_links":{"self":[{"href":"https:\/\/elfsight.com\/de\/wp-json\/wp\/v2\/pages\/11066","targetHints":{"allow":["GET"]}}],"collection":[{"href":"https:\/\/elfsight.com\/de\/wp-json\/wp\/v2\/pages"}],"about":[{"href":"https:\/\/elfsight.com\/de\/wp-json\/wp\/v2\/types\/page"}],"author":[{"embeddable":true,"href":"https:\/\/elfsight.com\/de\/wp-json\/wp\/v2\/users\/9"}],"replies":[{"embeddable":true,"href":"https:\/\/elfsight.com\/de\/wp-json\/wp\/v2\/comments?post=11066"}],"version-history":[{"count":2,"href":"https:\/\/elfsight.com\/de\/wp-json\/wp\/v2\/pages\/11066\/revisions"}],"predecessor-version":[{"id":22212,"href":"https:\/\/elfsight.com\/de\/wp-json\/wp\/v2\/pages\/11066\/revisions\/22212"}],"up":[{"embeddable":true,"href":"https:\/\/elfsight.com\/de\/wp-json\/wp\/v2\/pages\/1633"}],"wp:attachment":[{"href":"https:\/\/elfsight.com\/de\/wp-json\/wp\/v2\/media?parent=11066"}],"curies":[{"name":"wp","href":"https:\/\/api.w.org\/{rel}","templated":true}]}}