{"id":11059,"date":"1970-01-01T00:00:00","date_gmt":"1970-01-01T00:00:00","guid":{"rendered":"https:\/\/elfsight.com\/de\/?page_id=11059"},"modified":"2025-07-10T14:05:15","modified_gmt":"2025-07-10T14:05:15","slug":"google-sites","status":"publish","type":"page","link":"https:\/\/elfsight.com\/de\/yelp-reviews-widget\/google-sites\/","title":{"rendered":"Yelp Reviews &#8211; Google Sites"},"content":{"rendered":"<div class=\"application-platform-content-item-description application-platform-content-item\" id=\"description\" data-nav-section=\"description\"> <h2>Einbetten von Yelp-Bewertungen auf Google Sites mit dem Elfsight-Widget<\/h2> <p>Elfsight Yelp Reviews ist ein einfaches Tool, das Ihnen dabei hilft Integrieren Sie auf Ihrer Website Bewertungen zu Ihren Produkten oder Dienstleistungen von Yelp-Nutzern. Mithilfe unseres Widgets stehen Ihnen mehrere Filter zur Verf\u00fcgung, mit denen Sie unerw\u00fcnschte Bewertungen ausblenden, Ihre Sterne- und Zahlenbewertungen auf Yelp anzeigen, Informationen \u00fcber die Autoren anzeigen und eine Schaltfl\u00e4che platzieren k\u00f6nnen, die Besuchern hilft, ihre Bewertung auf Yelp zu ver\u00f6ffentlichen. Mit dem Elfsight-Widget \u201eYelp-Bewertungen\u201c k\u00f6nnen Sie Ihren hohen Social Proof auf Ihrer Website zeigen und den Umsatz steigern.<\/p> <p><b>F\u00fcgen Sie Yelp-Bewertungen ein, um Ihre E-Commerce-Herausforderungen einfacher zu meistern! <\/b><\/p> <\/div> <div class=\"application-platform-content-item-features application-platform-content-item\" id=\"features\" data-nav-section=\"features\"> <h2>Wir bieten praktische und unkomplizierte Funktionen, sehen Sie sich einige davon an: <\/h2> <ul> <li>Drei vordefinierte Filter: nach Art, Ausschluss nach und Anzahl der anzuzeigenden Bewertungen; <\/li> <li>Vier gebrauchsfertige Layouts: Liste, Raster, Mauerwerk und Schieberegler; <\/li> <li>Eine Option zum Ein-\/Ausschalten der Kopfzeile des Widgets; <\/li> <li>Mit der aktiven Schaltfl\u00e4che zum Hinterlassen einer neuen Bewertung gelangen Kunden auf Ihre Yelp-Seite. <\/li> <li>6 anpassbare Elemente des Widgets: Name des Autors und Bild, Empfehlungstext, Datum des Verlassens, Yelp-Symbol und Sternebewertung; <\/li> <li>Zwei Alternativen f\u00fcr die Ablehnung einer \u00dcberpr\u00fcfungsanfrage: Demonstrieren Sie Ihre Nachricht oder entfernen Sie die Schaltfl\u00e4che. <\/li> <\/ul><p><a href=\"#demo\">Die vollst\u00e4ndigen Funktionen des Widgets erfahren Sie in der Demo auf dieser Seite<\/a><\/p> <\/div> <div class=\"application-platform-content-item-installation application-platform-content-item\" id=\"installation\" data-nav-section=\"installation\"> <h2>Wie kann ich Yelp-Bewertungen zu meiner Google Sites-Website hinzuf\u00fcgen? <\/h2> <p>Befolgen Sie einfach die unten beschriebenen Schritte, um mit der Verwendung des Widgets zu beginnen. <\/p> <ol><li><b>Verwalten Sie unseren kostenlosen Editor und beginnen Sie mit der Gestaltung Ihres individuellen Instruments. <\/b><br> Finden Sie die bevorzugte Benutzeroberfl\u00e4che und Optionen des Widgets und speichern Sie die Korrekturen. <\/li> <li><b>Holen Sie sich den pers\u00f6nlichen Code, der im speziellen Formular auf Elfsight Apps angezeigt wird. <\/b><br> Sobald die Einrichtung Ihres pers\u00f6nlichen Widgets abgeschlossen ist, kopieren Sie den exklusiven Code aus dem angezeigten Fenster und speichern Sie ihn zur sp\u00e4teren Verwendung. <\/li> <li><b>Beginnen Sie mit der Verwendung des Widgets auf Ihrer Google Sites-Website. <\/b><br> Geben Sie den Code ein, den Sie k\u00fcrzlich auf Ihrer Website gespeichert haben, und \u00fcbernehmen Sie die \u00c4nderungen. <\/li> <li><b>Du bist fertig! Die Integration ist vollst\u00e4ndig beendet. <\/b><br> Besuchen Sie Ihre Website, um zu \u00fcberpr\u00fcfen, wie das Widget funktioniert. <\/li><\/ol> <div class=\"tip-yellow tip\"><b>Aufgrund der Besonderheiten der Google Sites-Funktion sieht das Widget m\u00f6glicherweise anders aus als die Online-Demo. Wir entschuldigen uns f\u00fcr etwaige Unannehmlichkeiten.<\/b><\/div><p>Wenn Sie Anfragen bearbeiten oder auf Schwierigkeiten sto\u00dfen, k\u00f6nnen Sie sich gerne an unser Support-Personal wenden. Unsere Berater helfen Ihnen gerne bei allen Problemen, die Sie mit dem Tool haben k\u00f6nnten. <\/p><div class=\"faq\" data-component=\"FAQ\"> <div class=\"faq-item\">\r\n\t\t\t\t\t<div class=\"faq-item-question\">\r\n\t\t\t\t\t\t<h3 class=\"faq-item-question-text\">Wie kann ich ohne Programmierkenntnisse Bewertungen von Yelp zu meiner Google Sites-Website hinzuf\u00fcgen?<\/h3>\r\n\r\n\t\t\t\t\t\t<div class=\"faq-item-question-icon\"><\/div>\r\n\t\t\t\t\t<\/div>\r\n\r\n\t\t\t\t\t<div class=\"faq-item-answer\">\r\n\t\t\t\t\t\t<div class=\"faq-item-answer-text\"> <p>Elfsight bietet eine SaaS-L\u00f6sung, mit der Sie selbst ein Widget f\u00fcr Bewertungen von Yelp erstellen k\u00f6nnen Wie einfach der Vorgang ist: Erstellen Sie direkt im Online-Editor ein Bewertungs-Widget aus Yelp, das Sie gerne auf Ihrer Google Sites-Website sehen m\u00f6chten. W\u00e4hlen Sie eine der vorgefertigten Vorlagen aus und passen Sie die Bewertungen von Yelp-Einstellungen an, f\u00fcgen Sie Ihre Inhalte hinzu, \u00e4ndern Sie das Layout und das Farbschema ohne Programmierkenntnisse. Speichern Sie die Bewertungen von Yelp und kopieren Sie den Installationscode, den Sie einfach in Ihre Google Sites-Website einf\u00fcgen k\u00f6nnen, ohne einen kostenpflichtigen Plan kaufen zu m\u00fcssen. Mit unserem intuitiven Editor kann jeder Internetnutzer online Bewertungen \u00fcber das Yelp-Widget erstellen und diese einfach in seine Google Sites-Website einbetten. Sie m\u00fcssen weder bezahlen noch Ihre Kartendaten eingeben, um auf den Service zuzugreifen. Sollten bei irgendeinem Schritt Probleme auftreten, wenden Sie sich bitte an unser technisches Support-Team.<\/p> <\/div>\r\n\t\t\t\t\t<\/div>\r\n\t\t\t\t<\/div> <\/div> <\/div>","protected":false},"excerpt":{"rendered":"","protected":false},"author":9,"featured_media":0,"parent":1633,"menu_order":0,"comment_status":"closed","ping_status":"closed","template":"templates\/template-application-platform.php","meta":{"publish_to_discourse":"","publish_post_category":"","wpdc_auto_publish_overridden":"","wpdc_topic_tags":"","wpdc_pin_topic":"","wpdc_pin_until":"","discourse_post_id":"","discourse_permalink":"","wpdc_publishing_response":"","wpdc_publishing_error":"","footnotes":""},"class_list":["post-11059","page","type-page","status-publish","hentry"],"yoast_head":"<!-- This site is optimized with the Yoast SEO plugin v25.3.1 - https:\/\/yoast.com\/wordpress\/plugins\/seo\/ -->\n<title>Yelp-Bewertungen \u2013 Yelp-Bewertungen-Widget zu Google Sites hinzuf\u00fcgen (2025)<\/title>\n<meta name=\"description\" content=\"Betten Sie ein responsives Yelp-Bewertungs-Widget in Ihre Google Sites-Website ein und erreichen Sie volles Vertrauen. Nutzen Sie die praktische Elfsight-Demo, um Ihr einzigartiges Feature zu erstellen.\" \/>\n<meta name=\"robots\" content=\"index, follow, max-snippet:-1, max-image-preview:large, max-video-preview:-1\" \/>\n<link rel=\"canonical\" href=\"https:\/\/elfsight.com\/de\/yelp-reviews-widget\/google-sites\/\" \/>\n<meta property=\"og:locale\" content=\"de_DE\" \/>\n<meta property=\"og:type\" content=\"article\" \/>\n<meta property=\"og:title\" content=\"Yelp-Bewertungen \u2013 Yelp-Bewertungen-Widget zu Google Sites hinzuf\u00fcgen (2025)\" \/>\n<meta property=\"og:description\" content=\"Betten Sie ein responsives Yelp-Bewertungs-Widget in Ihre Google Sites-Website ein und erreichen Sie volles Vertrauen. Nutzen Sie die praktische Elfsight-Demo, um Ihr einzigartiges Feature zu erstellen.\" \/>\n<meta property=\"og:url\" content=\"https:\/\/elfsight.com\/de\/yelp-reviews-widget\/google-sites\/\" \/>\n<meta property=\"og:site_name\" content=\"Elfsight DE\" \/>\n<meta property=\"article:modified_time\" content=\"2025-07-10T14:05:15+00:00\" \/>\n<meta name=\"twitter:card\" content=\"summary_large_image\" \/>\n<meta name=\"twitter:label1\" content=\"Gesch\u00e4tzte Lesezeit\" \/>\n\t<meta name=\"twitter:data1\" content=\"3\u00a0Minuten\" \/>\n<!-- \/ Yoast SEO plugin. -->","yoast_head_json":{"title":"Yelp-Bewertungen \u2013 Yelp-Bewertungen-Widget zu Google Sites hinzuf\u00fcgen (2025)","description":"Betten Sie ein responsives Yelp-Bewertungs-Widget in Ihre Google Sites-Website ein und erreichen Sie volles Vertrauen. Nutzen Sie die praktische Elfsight-Demo, um Ihr einzigartiges Feature zu erstellen.","robots":{"index":"index","follow":"follow","max-snippet":"max-snippet:-1","max-image-preview":"max-image-preview:large","max-video-preview":"max-video-preview:-1"},"canonical":"https:\/\/elfsight.com\/de\/yelp-reviews-widget\/google-sites\/","og_locale":"de_DE","og_type":"article","og_title":"Yelp-Bewertungen \u2013 Yelp-Bewertungen-Widget zu Google Sites hinzuf\u00fcgen (2025)","og_description":"Betten Sie ein responsives Yelp-Bewertungs-Widget in Ihre Google Sites-Website ein und erreichen Sie volles Vertrauen. Nutzen Sie die praktische Elfsight-Demo, um Ihr einzigartiges Feature zu erstellen.","og_url":"https:\/\/elfsight.com\/de\/yelp-reviews-widget\/google-sites\/","og_site_name":"Elfsight DE","article_modified_time":"2025-07-10T14:05:15+00:00","twitter_card":"summary_large_image","twitter_misc":{"Gesch\u00e4tzte Lesezeit":"3\u00a0Minuten"},"schema":{"@context":"https:\/\/schema.org","@graph":[{"@type":"WebPage","@id":"https:\/\/elfsight.com\/de\/yelp-reviews-widget\/google-sites\/","url":"https:\/\/elfsight.com\/de\/yelp-reviews-widget\/google-sites\/","name":"Yelp-Bewertungen \u2013 Yelp-Bewertungen-Widget zu Google Sites hinzuf\u00fcgen (2025)","isPartOf":{"@id":"https:\/\/elfsight.com\/de\/#website"},"datePublished":"1970-01-01T00:00:00+00:00","dateModified":"2025-07-10T14:05:15+00:00","description":"Betten Sie ein responsives Yelp-Bewertungs-Widget in Ihre Google Sites-Website ein und erreichen Sie volles Vertrauen. Nutzen Sie die praktische Elfsight-Demo, um Ihr einzigartiges Feature zu erstellen.","breadcrumb":{"@id":"https:\/\/elfsight.com\/de\/yelp-reviews-widget\/google-sites\/#breadcrumb"},"inLanguage":"de","potentialAction":[{"@type":"ReadAction","target":["https:\/\/elfsight.com\/de\/yelp-reviews-widget\/google-sites\/"]}]},{"@type":"BreadcrumbList","@id":"https:\/\/elfsight.com\/de\/yelp-reviews-widget\/google-sites\/#breadcrumb","itemListElement":[{"@type":"ListItem","position":1,"name":"Home","item":"https:\/\/elfsight.com\/de\/"},{"@type":"ListItem","position":2,"name":"Yelp Reviews","item":"https:\/\/elfsight.com\/de\/yelp-reviews-widget\/"},{"@type":"ListItem","position":3,"name":"Yelp Reviews &#8211; Google Sites"}]},{"@type":"WebSite","@id":"https:\/\/elfsight.com\/de\/#website","url":"https:\/\/elfsight.com\/de\/","name":"Elfsight DE","description":"Just another Elfsight Sites site","potentialAction":[{"@type":"SearchAction","target":{"@type":"EntryPoint","urlTemplate":"https:\/\/elfsight.com\/de\/?s={search_term_string}"},"query-input":{"@type":"PropertyValueSpecification","valueRequired":true,"valueName":"search_term_string"}}],"inLanguage":"de"}]}},"meta_box":{"industry":"","seo_heading":"","heading":"","description":"","cta_heading":"","cta_description":"","application":"483","h1":"Google Sites Yelp-Rezensionen-Widget","h1_caption":"Pr\u00e4sentieren Sie Kundenrezensionen von Yelp, um Glaubw\u00fcrdigkeit aufzubauen und Ihrem Unternehmen m\u00fchelos soziale Beweise auf Ihren Google Sites zu liefern.","application_category":[],"applications_title":"","applications_request_title":"","applications_request_button_text":"","hero_text":"","hero_video":"","hero_video_schema_markup":"","selling_points_title":"","selling_points_caption":"","selling_points":[],"selling_points_cta_text":"","features_title":"","features":"","ed_cta_examples_text":"","ed_cta_examples_hidden":"","ed_cta_demo_text":"","ed_cta_demo_hidden":"","why_caption":"","why_editor_title":"","why_editor_text":"","why_team_title":"","why_team_text":"","why_service_title":"","why_service_text":"","template_catalog_visible":"","template_catalog_title":"","template_catalog_text":"","template_catalog_categories_visible":"","demo_title":"Erstellen Sie Ihr Yelp-Rezensions-Widget","demo_caption":"Konfigurieren Sie Ihre Yelp-Bewertungen und f\u00fcgen Sie sie kostenlos zu Ihrer Google Sites-Website hinzu!","default_faq_hidden":"","app_template_category":[],"platform":"3000","template_public_id":"","codecanyon_url":"","codecanyon_item_id":"","codecanyon_price":"","pricing_caption":"","pricing_elfsight_apps_hide_column":"","pricing_elfsight_apps_url":"","pricing_codecanyon_price_caption":"","integration_category":[],"integration_request_title":"","integration_request_cta":"","integration_platform":"","integrations":[],"platform_category":[],"video_schema_markup":"","price":"ab 0 $ \/ Monat","trial":"","benefits":[{"text":"Kostenlose Installationshilfe"},{"text":"Erfahrener Kundensupport"},{"text":"14-t\u00e4gige R\u00fcckerstattungsgarantie"},{"text":"Laufende kostenlose Verbesserungen"}],"button_url":"#demo","button_target_blank":"","button_nofollow":"","attributes":[{"name":"Installiert","content":"10,000 - 100,000"},{"name":"Reaktionsfreudig","content":"Mobilfreundlich"},{"name":"Kompatible Browser","content":"Safari, Chrome, Firefox, Opera, Edge"}],"tags":[],"tags_disable_links":"","hide_more_platforms":"","video_object":"","demo_hide_cta":"","demo_hide_cloud_options":"","pricing_title":"","pricing":[{"pricing_icon":"platform","pricing_title":"Elfsight Apps","pricing_title_caption":"Multiplattform-Version, die zu jeder Website passt","pricing_price":"ab 0 $ \/ Monat","pricing_price_caption":"Beginnen Sie mit einem kostenlosen Plan","pricing_benefits":[{"text":"Unbegrenzte Domains"},{"text":"Schneller und p\u00fcnktlicher Support"},{"text":"Kostenlose Installationsunterst\u00fctzung"},{"text":"Sonderangebot f\u00fcr mehrere Apps"}],"pricing_button_text":"Zur Website hinzuf\u00fcgen","pricing_button_url":"#demo"}],"related_apps_title":"","related_apps_hidden":"","author":"","image":[],"title":"","job":"","social_networks":[]},"_links":{"self":[{"href":"https:\/\/elfsight.com\/de\/wp-json\/wp\/v2\/pages\/11059","targetHints":{"allow":["GET"]}}],"collection":[{"href":"https:\/\/elfsight.com\/de\/wp-json\/wp\/v2\/pages"}],"about":[{"href":"https:\/\/elfsight.com\/de\/wp-json\/wp\/v2\/types\/page"}],"author":[{"embeddable":true,"href":"https:\/\/elfsight.com\/de\/wp-json\/wp\/v2\/users\/9"}],"replies":[{"embeddable":true,"href":"https:\/\/elfsight.com\/de\/wp-json\/wp\/v2\/comments?post=11059"}],"version-history":[{"count":2,"href":"https:\/\/elfsight.com\/de\/wp-json\/wp\/v2\/pages\/11059\/revisions"}],"predecessor-version":[{"id":22211,"href":"https:\/\/elfsight.com\/de\/wp-json\/wp\/v2\/pages\/11059\/revisions\/22211"}],"up":[{"embeddable":true,"href":"https:\/\/elfsight.com\/de\/wp-json\/wp\/v2\/pages\/1633"}],"wp:attachment":[{"href":"https:\/\/elfsight.com\/de\/wp-json\/wp\/v2\/media?parent=11059"}],"curies":[{"name":"wp","href":"https:\/\/api.w.org\/{rel}","templated":true}]}}