{"id":11058,"date":"1970-01-01T00:00:00","date_gmt":"1970-01-01T00:00:00","guid":{"rendered":"https:\/\/elfsight.com\/de\/?page_id=11058"},"modified":"2025-07-10T14:05:10","modified_gmt":"2025-07-10T14:05:10","slug":"godaddy","status":"publish","type":"page","link":"https:\/\/elfsight.com\/de\/yelp-reviews-widget\/godaddy\/","title":{"rendered":"Yelp Reviews &#8211; GoDaddy"},"content":{"rendered":"<div class=\"application-platform-content-item-description application-platform-content-item\" id=\"description\" data-nav-section=\"description\"> <h2>Einbetten von Yelp-Rezensionen auf GoDaddy mit dem Elfsight-Widget<\/h2> <p>Das Elfsight Yelp-Rezensionen-Plugin f\u00fcr GoDaddy ist ein unkompliziertes Tool, das Ihnen hilft um auf der Website Bewertungen zu Ihren Produkten oder Dienstleistungen von Yelp-Nutzern einzuf\u00fcgen. Mit diesem Plugin k\u00f6nnen Sie Filter verwenden, um unerw\u00fcnschte Bewertungen auszusortieren, Ihre Sterne- und Zahlenbewertungen von Yelp anzuzeigen, Informationen \u00fcber die Autoren hinzuzuf\u00fcgen und eine Schaltfl\u00e4che hinzuzuf\u00fcgen, die Besuchern hilft, ihre Bewertung auf Yelp abzugeben. Das Elfsight Yelp Reviews-Plugin hilft Ihnen dabei, Ihren perfekten Social Proof auf der Website zu pr\u00e4sentieren und den Umsatz zu steigern. <\/p> <p><b><\/b><\/p> <\/div> <div class=\"application-platform-content-item-features application-platform-content-item\" id=\"features\" data-nav-section=\"features\"> <h2>Die am h\u00e4ufigsten ben\u00f6tigten Plugin-Funktionen bieten<\/h2> <ul> <li>3 Verf\u00fcgbare Filter: nach Typ, Ausschlie\u00dfen nach und Anzahl der anzuzeigenden Bewertungen; <\/li> <li>Vier verf\u00fcgbare Layouts: Liste, Raster, Mauerwerk und Schieberegler; <\/li> <li> Vollst\u00e4ndig flexibler Header des Plugins; <\/li> <li>Die Schaltfl\u00e4che \u201eBewertungsanfrage\u201c leitet Besucher zur Yelp-Seite weiter; <\/li> <li>Sechs anpassbare Elemente der Bewertungen: Name und Foto des Autors, Empfehlung, Datum der Freigabe, Yelp-Symbol und Sternebewertung; <\/li> <li>Zwei Szenariooptionen nach der Ablehnung einer \u00dcberpr\u00fcfungsanfrage: Anzeigen einer benutzerdefinierten Nachricht oder Ausblenden der Schaltfl\u00e4che. <\/li> <\/ul><p><a href=\"#demo\">Probieren Sie einfach diese Demo aus, um die Funktionalit\u00e4t des Plugins zu verstehen<\/a><\/p> <\/div> <div class=\"application-platform-content-item-installation  application-platform-content-item\" id=\"installation \" data-nav-section=\"installation \"> <h2>Wie kann ich Yelp-Bewertungen zu meiner GoDaddy-Website hinzuf\u00fcgen? <\/h2> <p>Befolgen Sie einfach die nachstehenden Anweisungen, um mit der Verwendung des Tools zu beginnen. <\/p> <ol><li><b>\u00d6ffnen Sie unsere kostenlose Demo und beginnen Sie mit der Erstellung Ihres eigenen Instruments. <\/b><br> W\u00e4hlen Sie die gew\u00fcnschte Schnittstelle und Parameter des Plugins und speichern Sie die Korrekturen. <\/li> <li><b>Erhalten Sie Ihren pers\u00f6nlichen Code, der im speziellen Formular auf Elfsight Apps erscheint. <\/b><br> Sobald die Erstellung Ihres pers\u00f6nlichen Plugins abgeschlossen ist, kopieren Sie den pers\u00f6nlichen Code aus dem angezeigten Fenster und bewahren Sie ihn zur weiteren Verwendung auf. <\/li> <li><b>Beginnen Sie mit der Nutzung des Tools auf Ihrer GoDaddy-Startseite. <\/b><br> Implementieren Sie den zuvor gespeicherten Code auf Ihrer Seite und speichern Sie die Verbesserungen. <\/li> <li><b>Die Installation wurde erfolgreich abgeschlossen. <\/b><br> Besuchen Sie Ihre Website, um einen Blick auf die Funktionsweise des Plugins zu werfen. <\/li><\/ol> <p>Wenn Sie auf Hindernisse sto\u00dfen, wenden Sie sich bitte an unseren Kundendienst. Unsere Spezialisten helfen Ihnen gerne bei allen Schwierigkeiten, die Sie mit dem Produkt haben k\u00f6nnten. <\/p> <div class=\"faq\" data-component=\"FAQ\"> <div class=\"faq-item\">\r\n\t\t\t\t\t<div class=\"faq-item-question\">\r\n\t\t\t\t\t\t<h3 class=\"faq-item-question-text\">Wie f\u00fcge ich Bewertungen von Yelp ohne Programmierkenntnisse zu meiner GoDaddy-Website hinzu?<\/h3>\r\n\r\n\t\t\t\t\t\t<div class=\"faq-item-question-icon\"><\/div>\r\n\t\t\t\t\t<\/div>\r\n\r\n\t\t\t\t\t<div class=\"faq-item-answer\">\r\n\t\t\t\t\t\t<div class=\"faq-item-answer-text\"> <p>Elfsight bietet eine SaaS-L\u00f6sung, mit der Sie selbst ein Widget f\u00fcr Bewertungen von Yelp erstellen k\u00f6nnen. Sehen Sie, wie einfach es ist Der Vorgang ist: Arbeiten Sie direkt im Online-Editor, um ein Widget f\u00fcr Bewertungen von Yelp zu erstellen, das Sie auf Ihrer GoDaddy-Website sehen m\u00f6chten. W\u00e4hlen Sie eine der vorgefertigten Vorlagen aus und passen Sie die Bewertungen von Yelp-Einstellungen an, f\u00fcgen Sie Ihre Inhalte hinzu, \u00e4ndern Sie das Layout und das Farbschema ohne Programmierkenntnisse. Speichern Sie die Bewertungen von Yelp und kopieren Sie den Installationscode, den Sie m\u00fchelos in Ihre GoDaddy-Website einf\u00fcgen k\u00f6nnen, ohne ein kostenpflichtiges Abonnement zu kaufen. Mit unserem intuitiven Editor kann jeder Internetnutzer online Bewertungen aus dem Yelp-Widget erstellen und diese ganz einfach in seine GoDaddy-Website einbetten. Sie m\u00fcssen weder bezahlen noch Ihre Kartendaten eingeben, um auf den Service zuzugreifen. Sollten bei irgendeinem Schritt Probleme auftreten, wenden Sie sich bitte an unser technisches Support-Team.<\/p> <\/div>\r\n\t\t\t\t\t<\/div>\r\n\t\t\t\t<\/div> <\/div> <\/div>","protected":false},"excerpt":{"rendered":"","protected":false},"author":9,"featured_media":0,"parent":1633,"menu_order":0,"comment_status":"closed","ping_status":"closed","template":"templates\/template-application-platform.php","meta":{"publish_to_discourse":"","publish_post_category":"","wpdc_auto_publish_overridden":"","wpdc_topic_tags":"","wpdc_pin_topic":"","wpdc_pin_until":"","discourse_post_id":"","discourse_permalink":"","wpdc_publishing_response":"","wpdc_publishing_error":"","footnotes":""},"class_list":["post-11058","page","type-page","status-publish","hentry"],"yoast_head":"<!-- This site is optimized with the Yoast SEO plugin v25.3.1 - https:\/\/yoast.com\/wordpress\/plugins\/seo\/ -->\n<title>Yelp-Bewertungen \u2013 F\u00fcgen Sie das Yelp-Bewertungen-Plugin zu GoDaddy hinzu<\/title>\n<meta name=\"description\" content=\"Erstellen Sie in wenigen einfachen Schritten Ihr Yelp Reviews-Plugin f\u00fcr GoDaddy! Passen Sie es an und erhalten Sie sofort mehr positive Bewertungen!\" \/>\n<meta name=\"robots\" content=\"index, follow, max-snippet:-1, max-image-preview:large, max-video-preview:-1\" \/>\n<link rel=\"canonical\" href=\"https:\/\/elfsight.com\/de\/yelp-reviews-widget\/godaddy\/\" \/>\n<meta property=\"og:locale\" content=\"de_DE\" \/>\n<meta property=\"og:type\" content=\"article\" \/>\n<meta property=\"og:title\" content=\"Yelp-Bewertungen \u2013 F\u00fcgen Sie das Yelp-Bewertungen-Plugin zu GoDaddy hinzu\" \/>\n<meta property=\"og:description\" content=\"Erstellen Sie in wenigen einfachen Schritten Ihr Yelp Reviews-Plugin f\u00fcr GoDaddy! Passen Sie es an und erhalten Sie sofort mehr positive Bewertungen!\" \/>\n<meta property=\"og:url\" content=\"https:\/\/elfsight.com\/de\/yelp-reviews-widget\/godaddy\/\" \/>\n<meta property=\"og:site_name\" content=\"Elfsight DE\" \/>\n<meta property=\"article:modified_time\" content=\"2025-07-10T14:05:10+00:00\" \/>\n<meta name=\"twitter:card\" content=\"summary_large_image\" \/>\n<meta name=\"twitter:label1\" content=\"Gesch\u00e4tzte Lesezeit\" \/>\n\t<meta name=\"twitter:data1\" content=\"3\u00a0Minuten\" \/>\n<!-- \/ Yoast SEO plugin. -->","yoast_head_json":{"title":"Yelp-Bewertungen \u2013 F\u00fcgen Sie das Yelp-Bewertungen-Plugin zu GoDaddy hinzu","description":"Erstellen Sie in wenigen einfachen Schritten Ihr Yelp Reviews-Plugin f\u00fcr GoDaddy! Passen Sie es an und erhalten Sie sofort mehr positive Bewertungen!","robots":{"index":"index","follow":"follow","max-snippet":"max-snippet:-1","max-image-preview":"max-image-preview:large","max-video-preview":"max-video-preview:-1"},"canonical":"https:\/\/elfsight.com\/de\/yelp-reviews-widget\/godaddy\/","og_locale":"de_DE","og_type":"article","og_title":"Yelp-Bewertungen \u2013 F\u00fcgen Sie das Yelp-Bewertungen-Plugin zu GoDaddy hinzu","og_description":"Erstellen Sie in wenigen einfachen Schritten Ihr Yelp Reviews-Plugin f\u00fcr GoDaddy! Passen Sie es an und erhalten Sie sofort mehr positive Bewertungen!","og_url":"https:\/\/elfsight.com\/de\/yelp-reviews-widget\/godaddy\/","og_site_name":"Elfsight DE","article_modified_time":"2025-07-10T14:05:10+00:00","twitter_card":"summary_large_image","twitter_misc":{"Gesch\u00e4tzte Lesezeit":"3\u00a0Minuten"},"schema":{"@context":"https:\/\/schema.org","@graph":[{"@type":"WebPage","@id":"https:\/\/elfsight.com\/de\/yelp-reviews-widget\/godaddy\/","url":"https:\/\/elfsight.com\/de\/yelp-reviews-widget\/godaddy\/","name":"Yelp-Bewertungen \u2013 F\u00fcgen Sie das Yelp-Bewertungen-Plugin zu GoDaddy hinzu","isPartOf":{"@id":"https:\/\/elfsight.com\/de\/#website"},"datePublished":"1970-01-01T00:00:00+00:00","dateModified":"2025-07-10T14:05:10+00:00","description":"Erstellen Sie in wenigen einfachen Schritten Ihr Yelp Reviews-Plugin f\u00fcr GoDaddy! Passen Sie es an und erhalten Sie sofort mehr positive Bewertungen!","breadcrumb":{"@id":"https:\/\/elfsight.com\/de\/yelp-reviews-widget\/godaddy\/#breadcrumb"},"inLanguage":"de","potentialAction":[{"@type":"ReadAction","target":["https:\/\/elfsight.com\/de\/yelp-reviews-widget\/godaddy\/"]}]},{"@type":"BreadcrumbList","@id":"https:\/\/elfsight.com\/de\/yelp-reviews-widget\/godaddy\/#breadcrumb","itemListElement":[{"@type":"ListItem","position":1,"name":"Home","item":"https:\/\/elfsight.com\/de\/"},{"@type":"ListItem","position":2,"name":"Yelp Reviews","item":"https:\/\/elfsight.com\/de\/yelp-reviews-widget\/"},{"@type":"ListItem","position":3,"name":"Yelp Reviews &#8211; GoDaddy"}]},{"@type":"WebSite","@id":"https:\/\/elfsight.com\/de\/#website","url":"https:\/\/elfsight.com\/de\/","name":"Elfsight DE","description":"Just another Elfsight Sites site","potentialAction":[{"@type":"SearchAction","target":{"@type":"EntryPoint","urlTemplate":"https:\/\/elfsight.com\/de\/?s={search_term_string}"},"query-input":{"@type":"PropertyValueSpecification","valueRequired":true,"valueName":"search_term_string"}}],"inLanguage":"de"}]}},"meta_box":{"industry":"","seo_heading":"","heading":"","description":"","cta_heading":"","cta_description":"","application":"483","h1":"GoDaddy Yelp Reviews-Plugin","h1_caption":"Pr\u00e4sentieren Sie Kundenbewertungen von Yelp, um Glaubw\u00fcrdigkeit aufzubauen und Ihrem Unternehmen m\u00fchelos Social Proof auf Ihrer GoDaddy-Website bereitzustellen.","application_category":[],"applications_title":"","applications_request_title":"","applications_request_button_text":"","hero_text":"","hero_video":"","hero_video_schema_markup":"","selling_points_title":"","selling_points_caption":"","selling_points":[],"selling_points_cta_text":"","features_title":"","features":"","ed_cta_examples_text":"","ed_cta_examples_hidden":"","ed_cta_demo_text":"","ed_cta_demo_hidden":"","why_caption":"","why_editor_title":"","why_editor_text":"","why_team_title":"","why_team_text":"","why_service_title":"","why_service_text":"","template_catalog_visible":"","template_catalog_title":"","template_catalog_text":"","template_catalog_categories_visible":"","demo_title":"Erstellen Sie Ihr Yelp-Bewertungen-Plugin","demo_caption":"Konfigurieren Sie Ihre Yelp-Bewertungen und f\u00fcgen Sie sie kostenlos zu Ihrer GoDaddy-Website hinzu!","default_faq_hidden":"","app_template_category":[],"platform":"241","template_public_id":"","codecanyon_url":"","codecanyon_item_id":"","codecanyon_price":"","pricing_caption":"","pricing_elfsight_apps_hide_column":"","pricing_elfsight_apps_url":"","pricing_codecanyon_price_caption":"","integration_category":[],"integration_request_title":"","integration_request_cta":"","integration_platform":"","integrations":[],"platform_category":[],"video_schema_markup":"","price":"ab 0 $ \/ Monat","trial":"","benefits":[{"text":"Kostenlose Installationsunterst\u00fctzung"},{"text":"Au\u00dfergew\u00f6hnlicher Support"},{"text":"14-t\u00e4gige R\u00fcckerstattungsgarantie"},{"text":"Fortlaufende Entwicklung"}],"button_url":"#demo","button_target_blank":"","button_nofollow":"","attributes":[{"name":"Installiert","content":"10,000 - 100,000"},{"name":"Reaktionsfreudig","content":"Ja"},{"name":"Kompatible Browser","content":"IE11, Firefox, Safari, Opera, Chrome, Edge"}],"tags":[],"tags_disable_links":"","hide_more_platforms":"","video_object":"","demo_hide_cta":"","demo_hide_cloud_options":"","pricing_title":"","pricing":[{"pricing_icon":"platform","pricing_title":"Elfsight Apps","pricing_title_caption":"Multiplattform-Software","pricing_price":"ab 0 $ \/ Monat","pricing_price_caption":"Beginnen Sie mit einem kostenlosen Plan","pricing_benefits":[{"text":"Unbegrenzte Domains"},{"text":"Professionelle und p\u00fcnktliche Unterst\u00fctzung"},{"text":"Kostenlose Installationshilfe"},{"text":"Vollst\u00e4ndig anpassbar"}],"pricing_button_text":"Zur Website hinzuf\u00fcgen","pricing_button_url":"#demo"}],"related_apps_title":"","related_apps_hidden":"","author":"","image":[],"title":"","job":"","social_networks":[]},"_links":{"self":[{"href":"https:\/\/elfsight.com\/de\/wp-json\/wp\/v2\/pages\/11058","targetHints":{"allow":["GET"]}}],"collection":[{"href":"https:\/\/elfsight.com\/de\/wp-json\/wp\/v2\/pages"}],"about":[{"href":"https:\/\/elfsight.com\/de\/wp-json\/wp\/v2\/types\/page"}],"author":[{"embeddable":true,"href":"https:\/\/elfsight.com\/de\/wp-json\/wp\/v2\/users\/9"}],"replies":[{"embeddable":true,"href":"https:\/\/elfsight.com\/de\/wp-json\/wp\/v2\/comments?post=11058"}],"version-history":[{"count":2,"href":"https:\/\/elfsight.com\/de\/wp-json\/wp\/v2\/pages\/11058\/revisions"}],"predecessor-version":[{"id":22210,"href":"https:\/\/elfsight.com\/de\/wp-json\/wp\/v2\/pages\/11058\/revisions\/22210"}],"up":[{"embeddable":true,"href":"https:\/\/elfsight.com\/de\/wp-json\/wp\/v2\/pages\/1633"}],"wp:attachment":[{"href":"https:\/\/elfsight.com\/de\/wp-json\/wp\/v2\/media?parent=11058"}],"curies":[{"name":"wp","href":"https:\/\/api.w.org\/{rel}","templated":true}]}}