{"id":11052,"date":"1970-01-01T00:00:00","date_gmt":"1970-01-01T00:00:00","guid":{"rendered":"https:\/\/elfsight.com\/de\/?page_id=11052"},"modified":"2025-02-19T06:26:44","modified_gmt":"2025-02-19T06:26:44","slug":"jimdo","status":"publish","type":"page","link":"https:\/\/elfsight.com\/de\/yelp-reviews-widget\/jimdo\/","title":{"rendered":"Yelp Reviews &#8211; Jimdo"},"content":{"rendered":"\n<div class=\"application-platform-content-item-description application-platform-content-item\" id=\"description\" data-nav-section=\"description\"><h2>Beschreibung<\/h2> <p>Elfsight Yelp Reviews ist ein n\u00fctzliches Widget, mit dem Sie die Bewertungen zu Ihrem Bestand direkt auf Ihrem Ger\u00e4t anzeigen k\u00f6nnen Website von allen g\u00e4ngigen Bewertungsseiten. Mit unserem Widget k\u00f6nnen Sie Filter anwenden, um unerw\u00fcnschte Testimonials zu verbergen, Ihre Sterne- und Quantit\u00e4tsbewertung direkt auf Ihrer Seite auf jeder Webseite mit Unternehmensbewertungen anzuzeigen, Daten zu den Autoren der Bewertungen hinzuzuf\u00fcgen und eine CTA-Schaltfl\u00e4che hinzuzuf\u00fcgen, die Benutzer provoziert ihre Gedanken aufzuschreiben. Unser Widget \u201eYelp-Bewertungen\u201c dr\u00e4ngt Sie dazu, Ihren gro\u00dfartigen Social Proof direkt auf der Website zu zeigen und mehr Neuk\u00e4ufe zu erhalten. <\/p><p><b>Versuchen Sie, Yelp-Bewertungen zu verwenden, um Ihre E-Commerce-Herausforderungen einfacher zu meistern! <\/b><\/p> <\/div> <div class=\"application-platform-content-item-features application-platform-content-item\" id=\"features\" data-nav-section=\"features\"> <h2>Die wichtigsten Widget-Funktionen umfassen<\/h2> <ul><li>Einbetten von Kundenbewertungen von der Yelp-Seite<\/li><li>3 Arten von Filtern: Nach Typ, Ausschlie\u00dfen nach und Anzahl der Bewertungen<\/li><li>Vier Arten von Layouts: Raster, Mauerwerk, Liste und Schieberegler<\/li><li>Zieht Navigations- und Pfeiltypen im Schieberegler-Layout <\/li><li>Slide-Geschwindigkeit und Autoplay-Geschwindigkeit festlegen<\/li><li>Paginierungstyp im Slider-Layout ausw\u00e4hlen<\/li><li>CTA-Schaltfl\u00e4che, um Bewertungen neuer Benutzer auf der Yelp-Seite zu erhalten<\/li><li> Drei Bewertungsvorlagen: Klassisch, Spotlight, Bubble<\/li><li>Sechs flexible Elemente der Bewertungen: Empfehlung und Foto, Sternebewertung, Yelp-Symbol, Datum und Name des Autors<\/li><li>Eine Option zum \u00c4ndern der Bewertung Textschriftgr\u00f6\u00dfe<\/li><\/ul><p><a href=\"#demo\">Sie k\u00f6nnen die volle Funktionalit\u00e4t des Widgets jetzt in der Demo testen<\/a><\/p> <\/div> <div class=\"application-platform-content-item-installation application-platform-content-item\" id=\"installation\" data-nav-section=\"installation\"> <h2>Wie bette ich Yelp-Bewertungen auf meiner Jimdo-Webseite ein? <\/h2> <p>Befolgen Sie einfach die unten aufgef\u00fchrten Schritte, um mit der Verwendung des Widgets zu beginnen. <\/p> <ol><li><b>Starten Sie unseren kostenlosen Konfigurator und beginnen Sie mit der Erstellung Ihres einzigartigen Widgets. <\/b><br> Bestimmen Sie die geeignete Form und Funktionalit\u00e4t des Tools und speichern Sie die \u00c4nderungen. <\/li> <li><b>Erhalten Sie, dass Ihr einzigartiger Code im Fenster von Elfsight Apps angezeigt wird. <\/b><br> Sobald die Generierung Ihres Widgets abgeschlossen ist, kopieren Sie den exklusiven Code aus dem angezeigten Popup und bewahren Sie ihn f\u00fcr zuk\u00fcnftige Gelegenheiten auf. <\/li> <li><b>Beginne mit der Nutzung des Tools auf deiner Jimdo-Website. <\/b><br> Betten Sie den zuvor gespeicherten Code in Ihre Website ein und \u00fcbernehmen Sie die Anpassungen. <\/li> <li><b>Das Setup wurde erfolgreich beendet. <\/b><br> Besuchen Sie Ihre Website, um zu pr\u00fcfen, wie das Tool funktioniert. <\/li><\/ol> <p>Bei Problemen wenden Sie sich bitte an unseren Support. Unsere Spezialisten helfen Ihnen gerne bei allen Fragen rund um das Produkt weiter. <\/p> <div class=\"faq\" data-component=\"FAQ\"> <div class=\"faq-item\">\r\n\t\t\t\t\t<div class=\"faq-item-question\">\r\n\t\t\t\t\t\t<h3 class=\"faq-item-question-text\">Wie f\u00fcge ich ohne Programmierkenntnisse Bewertungen von Yelp zu meiner Jimdo-Website hinzu?<\/h3>\r\n\r\n\t\t\t\t\t\t<div class=\"faq-item-question-icon\"><\/div>\r\n\t\t\t\t\t<\/div>\r\n\r\n\t\t\t\t\t<div class=\"faq-item-answer\">\r\n\t\t\t\t\t\t<div class=\"faq-item-answer-text\"> <p>Elfsight bietet eine SaaS-L\u00f6sung, mit der Sie selbst ein Widget f\u00fcr Bewertungen von Yelp erstellen k\u00f6nnen. Sehen Sie, wie einfach es ist Der Prozess ist: Arbeiten Sie direkt im Online-Editor, um ein Bewertungen-von-Yelp-Widget zu erstellen, das Sie gerne auf Ihrer Jimdo-Website sehen m\u00f6chten. W\u00e4hlen Sie eine der vorgefertigten Vorlagen aus und passen Sie die Bewertungen von Yelp-Einstellungen an, f\u00fcgen Sie Ihre Inhalte hinzu, \u00e4ndern Sie das Layout und das Farbschema ohne Programmierkenntnisse. Speichern Sie die Bewertungen von Yelp und kopieren Sie den Installationscode, den Sie problemlos in Ihre Jimdo-Website einbetten k\u00f6nnen, ohne eine kostenpflichtige Version kaufen zu m\u00fcssen. Mit unserem intuitiven Editor kann jeder Internetnutzer online Bewertungen aus dem Yelp-Widget erstellen und diese einfach in seine Jimdo-Website einbetten. Sie m\u00fcssen weder bezahlen noch Ihre Kartendaten eingeben, um auf den Service zuzugreifen. Sollten bei irgendeinem Schritt Probleme auftreten, wenden Sie sich bitte an unser technisches Support-Team.<\/p> <\/div>\r\n\t\t\t\t\t<\/div>\r\n\t\t\t\t<\/div> <\/div> <\/div>\n","protected":false},"excerpt":{"rendered":"","protected":false},"author":9,"featured_media":0,"parent":1633,"menu_order":0,"comment_status":"closed","ping_status":"closed","template":"templates\/template-application-platform.php","meta":{"publish_to_discourse":"","publish_post_category":"","wpdc_auto_publish_overridden":"","wpdc_topic_tags":"","wpdc_pin_topic":"","wpdc_pin_until":"","discourse_post_id":"","discourse_permalink":"","wpdc_publishing_response":"","wpdc_publishing_error":"","footnotes":""},"class_list":["post-11052","page","type-page","status-publish","hentry"],"yoast_head":"<!-- This site is optimized with the Yoast SEO plugin v25.3.1 - https:\/\/yoast.com\/wordpress\/plugins\/seo\/ -->\n<title>F\u00fcgen Sie das Widget \u201eYelp-Bewertungen\u201c zu Ihrer Jimdo-Website hinzu (in 2 Minuten)<\/title>\n<meta name=\"description\" content=\"Es ist ein Kinderspiel, Ihr Yelp-Rezensions-Widget zu erstellen und es auf der Jimdo-Website hinzuzuf\u00fcgen. Der Elfsight-Kundensupport ist kostenlos.\" \/>\n<meta name=\"robots\" content=\"index, follow, max-snippet:-1, max-image-preview:large, max-video-preview:-1\" \/>\n<link rel=\"canonical\" href=\"https:\/\/elfsight.com\/de\/yelp-reviews-widget\/jimdo\/\" \/>\n<meta property=\"og:locale\" content=\"de_DE\" \/>\n<meta property=\"og:type\" content=\"article\" \/>\n<meta property=\"og:title\" content=\"F\u00fcgen Sie das Widget \u201eYelp-Bewertungen\u201c zu Ihrer Jimdo-Website hinzu (in 2 Minuten)\" \/>\n<meta property=\"og:description\" content=\"Es ist ein Kinderspiel, Ihr Yelp-Rezensions-Widget zu erstellen und es auf der Jimdo-Website hinzuzuf\u00fcgen. Der Elfsight-Kundensupport ist kostenlos.\" \/>\n<meta property=\"og:url\" content=\"https:\/\/elfsight.com\/de\/yelp-reviews-widget\/jimdo\/\" \/>\n<meta property=\"og:site_name\" content=\"Elfsight DE\" \/>\n<meta property=\"article:modified_time\" content=\"2025-02-19T06:26:44+00:00\" \/>\n<meta name=\"twitter:card\" content=\"summary_large_image\" \/>\n<meta name=\"twitter:label1\" content=\"Gesch\u00e4tzte Lesezeit\" \/>\n\t<meta name=\"twitter:data1\" content=\"3\u00a0Minuten\" \/>\n<!-- \/ Yoast SEO plugin. -->","yoast_head_json":{"title":"F\u00fcgen Sie das Widget \u201eYelp-Bewertungen\u201c zu Ihrer Jimdo-Website hinzu (in 2 Minuten)","description":"Es ist ein Kinderspiel, Ihr Yelp-Rezensions-Widget zu erstellen und es auf der Jimdo-Website hinzuzuf\u00fcgen. Der Elfsight-Kundensupport ist kostenlos.","robots":{"index":"index","follow":"follow","max-snippet":"max-snippet:-1","max-image-preview":"max-image-preview:large","max-video-preview":"max-video-preview:-1"},"canonical":"https:\/\/elfsight.com\/de\/yelp-reviews-widget\/jimdo\/","og_locale":"de_DE","og_type":"article","og_title":"F\u00fcgen Sie das Widget \u201eYelp-Bewertungen\u201c zu Ihrer Jimdo-Website hinzu (in 2 Minuten)","og_description":"Es ist ein Kinderspiel, Ihr Yelp-Rezensions-Widget zu erstellen und es auf der Jimdo-Website hinzuzuf\u00fcgen. Der Elfsight-Kundensupport ist kostenlos.","og_url":"https:\/\/elfsight.com\/de\/yelp-reviews-widget\/jimdo\/","og_site_name":"Elfsight DE","article_modified_time":"2025-02-19T06:26:44+00:00","twitter_card":"summary_large_image","twitter_misc":{"Gesch\u00e4tzte Lesezeit":"3\u00a0Minuten"},"schema":{"@context":"https:\/\/schema.org","@graph":[{"@type":"WebPage","@id":"https:\/\/elfsight.com\/de\/yelp-reviews-widget\/jimdo\/","url":"https:\/\/elfsight.com\/de\/yelp-reviews-widget\/jimdo\/","name":"F\u00fcgen Sie das Widget \u201eYelp-Bewertungen\u201c zu Ihrer Jimdo-Website hinzu (in 2 Minuten)","isPartOf":{"@id":"https:\/\/elfsight.com\/de\/#website"},"datePublished":"1970-01-01T00:00:00+00:00","dateModified":"2025-02-19T06:26:44+00:00","description":"Es ist ein Kinderspiel, Ihr Yelp-Rezensions-Widget zu erstellen und es auf der Jimdo-Website hinzuzuf\u00fcgen. Der Elfsight-Kundensupport ist kostenlos.","breadcrumb":{"@id":"https:\/\/elfsight.com\/de\/yelp-reviews-widget\/jimdo\/#breadcrumb"},"inLanguage":"de","potentialAction":[{"@type":"ReadAction","target":["https:\/\/elfsight.com\/de\/yelp-reviews-widget\/jimdo\/"]}]},{"@type":"BreadcrumbList","@id":"https:\/\/elfsight.com\/de\/yelp-reviews-widget\/jimdo\/#breadcrumb","itemListElement":[{"@type":"ListItem","position":1,"name":"Home","item":"https:\/\/elfsight.com\/de\/"},{"@type":"ListItem","position":2,"name":"Yelp Reviews","item":"https:\/\/elfsight.com\/de\/yelp-reviews-widget\/"},{"@type":"ListItem","position":3,"name":"Yelp Reviews &#8211; Jimdo"}]},{"@type":"WebSite","@id":"https:\/\/elfsight.com\/de\/#website","url":"https:\/\/elfsight.com\/de\/","name":"Elfsight DE","description":"Just another Elfsight Sites site","potentialAction":[{"@type":"SearchAction","target":{"@type":"EntryPoint","urlTemplate":"https:\/\/elfsight.com\/de\/?s={search_term_string}"},"query-input":{"@type":"PropertyValueSpecification","valueRequired":true,"valueName":"search_term_string"}}],"inLanguage":"de"}]}},"meta_box":{"industry":"","seo_heading":"","heading":"","description":"","cta_heading":"","cta_description":"","application":"483","h1":"Jimdo Yelp-Bewertungs-Widget","h1_caption":"Pr\u00e4sentieren Sie Kundenbewertungen von Yelp, um Glaubw\u00fcrdigkeit aufzubauen und Ihrem Unternehmen m\u00fchelos Social Proof auf Ihrer Jimdo-Website bereitzustellen.","application_category":[],"applications_title":"","applications_request_title":"","applications_request_button_text":"","hero_text":"","hero_video":"","hero_video_schema_markup":"","selling_points_title":"","selling_points_caption":"","selling_points":[],"selling_points_cta_text":"","features_title":"","features":"","ed_cta_examples_text":"","ed_cta_examples_hidden":"","ed_cta_demo_text":"","ed_cta_demo_hidden":"","why_caption":"","why_editor_title":"","why_editor_text":"","why_team_title":"","why_team_text":"","why_service_title":"","why_service_text":"","template_catalog_visible":"0","template_catalog_title":"","template_catalog_text":"","template_catalog_categories_visible":"","demo_title":"Erstellen Sie Ihr Yelp-Rezensions-Widget","demo_caption":"Konfigurieren Sie Ihre Yelp-Bewertungen und f\u00fcgen Sie sie kostenlos zu Ihrer Jimdo-Website hinzu!","default_faq_hidden":"","app_template_category":[],"platform":"239","template_public_id":"","codecanyon_url":"","codecanyon_item_id":"","codecanyon_price":"","pricing_caption":"","pricing_elfsight_apps_hide_column":"","pricing_elfsight_apps_url":"","pricing_codecanyon_price_caption":"","integration_category":[],"integration_request_title":"","integration_request_cta":"","integration_platform":"","integrations":[],"platform_category":[],"video_schema_markup":"","price":"ab 0 $ \/ Monat","trial":"","benefits":[{"text":"Kostenloser Installationsservice"},{"text":"Professioneller Kundenservice"},{"text":"14-t\u00e4gige R\u00fcckerstattungsgarantie"},{"text":"St\u00e4ndige Aktualisierung"}],"button_url":"#demo","button_target_blank":"0","button_nofollow":"0","attributes":[{"name":"Installiert","content":"10,000 - 100,000"},{"name":"Reaktionsfreudig","content":"Ja"},{"name":"Kompatible Browser","content":"Firefox, Safari, Opera, Chrome, Edge"}],"tags":[],"tags_disable_links":"0","hide_more_platforms":"0","video_object":"","demo_hide_cta":"0","demo_hide_cloud_options":"0","pricing_title":"","pricing":[{"pricing_icon":"platform","pricing_title":"Elfsight Apps","pricing_title_caption":"Plattform\u00fcbergreifende Software","pricing_price":"ab 0 $ \/ Monat","pricing_price_caption":"Beginnen Sie mit einem kostenlosen Plan","pricing_benefits":[{"text":"Unbegrenzte Websites"},{"text":"Professionelle und p\u00fcnktliche Unterst\u00fctzung"},{"text":"Kostenlose Installationsunterst\u00fctzung"},{"text":"Vollst\u00e4ndig anpassbar"}],"pricing_button_text":"Zur Website hinzuf\u00fcgen","pricing_button_url":"#demo"}],"related_apps_title":"","related_apps_hidden":"0","author":"","image":[],"title":"","job":"","social_networks":[]},"_links":{"self":[{"href":"https:\/\/elfsight.com\/de\/wp-json\/wp\/v2\/pages\/11052","targetHints":{"allow":["GET"]}}],"collection":[{"href":"https:\/\/elfsight.com\/de\/wp-json\/wp\/v2\/pages"}],"about":[{"href":"https:\/\/elfsight.com\/de\/wp-json\/wp\/v2\/types\/page"}],"author":[{"embeddable":true,"href":"https:\/\/elfsight.com\/de\/wp-json\/wp\/v2\/users\/9"}],"replies":[{"embeddable":true,"href":"https:\/\/elfsight.com\/de\/wp-json\/wp\/v2\/comments?post=11052"}],"version-history":[{"count":2,"href":"https:\/\/elfsight.com\/de\/wp-json\/wp\/v2\/pages\/11052\/revisions"}],"predecessor-version":[{"id":24396,"href":"https:\/\/elfsight.com\/de\/wp-json\/wp\/v2\/pages\/11052\/revisions\/24396"}],"up":[{"embeddable":true,"href":"https:\/\/elfsight.com\/de\/wp-json\/wp\/v2\/pages\/1633"}],"wp:attachment":[{"href":"https:\/\/elfsight.com\/de\/wp-json\/wp\/v2\/media?parent=11052"}],"curies":[{"name":"wp","href":"https:\/\/api.w.org\/{rel}","templated":true}]}}