{"id":10996,"date":"1970-01-01T00:00:00","date_gmt":"1970-01-01T00:00:00","guid":{"rendered":"https:\/\/elfsight.com\/de\/?page_id=10996"},"modified":"2025-02-25T06:13:46","modified_gmt":"2025-02-25T06:13:46","slug":"bigcommerce","status":"publish","type":"page","link":"https:\/\/elfsight.com\/de\/weather-widget\/bigcommerce\/","title":{"rendered":"Weather &#8211; BigCommerce"},"content":{"rendered":"\n<div class=\"application-platform-content-item-description application-platform-content-item\" id=\"description\" data-nav-section=\"description\"><h2>Beschreibung<\/h2><p>Elfsight Weather ist ein n\u00fctzliches und leicht anpassbares Website-Plugin, um das aktuelle Wetter f\u00fcr ein ausgew\u00e4hltes Gebiet anzuzeigen. F\u00fcgen Sie einen Standort anhand des Namens, der Postleitzahl oder der Koordinaten hinzu. Website-Besucher k\u00f6nnen jetzt die aktualisierten Informationen zu Temperatur, Luftdruck, Luftfeuchtigkeit und aktivem Wetter sehen. Das Widget bietet die M\u00f6glichkeit, die Vorhersage f\u00fcr die Woche oder f\u00fcr die n\u00e4chsten 12 Stunden anzuzeigen. Das Widget enth\u00e4lt auch thematische Hintergrundbilder und die M\u00f6glichkeit, den Hintergrund in beliebigen Farben zu malen. <\/p><p><b>Steigern Sie den Verkauf saisonaler Produkte, indem Sie eine pr\u00e4zise Wettervorhersage auf Ihrer Website anzeigen! <\/b><\/p><\/div><div class=\"application-platform-content-item-features application-platform-content-item\" id=\"features\" data-nav-section=\"features\"><p>\u00dcberpr\u00fcfen Sie alle Funktionen des Wetter-Widgets. Sie sind direkt im Editor verf\u00fcgbar und helfen Ihnen, das Widget speziell f\u00fcr Ihre Bed\u00fcrfnisse zu konfigurieren. <\/p><ul><li>Drei Methoden zum Hinzuf\u00fcgen des Ortes: der Name, die Postleitzahl und die Koordinaten; <\/li><li>\u00dcber 30 Sprachen enthalten, um Wetterdaten in der Sprache Ihres Publikums anzuzeigen; <\/li><li>5 Arten der Widget-Konfiguration f\u00fcr verschiedene Anwendungsf\u00e4lle; <\/li><li>Die M\u00f6glichkeit, die t\u00e4gliche Vorhersage f\u00fcr eine Woche mit Datum anzuzeigen; <\/li><li>Zeigen Sie das st\u00fcndliche Wetter f\u00fcr die n\u00e4chsten zw\u00f6lf Stunden.<\/li><\/ul><p><a href=\"#demo\">Sehen Sie in unserer Demo, wie alle Funktionen funktionieren<\/a> <\/p><\/div><div class=\"application-platform-content-item-installation application-platform-content-item\" id=\"installation\" data-nav-section=\"installation\"><h2>Wie f\u00fcge ich die Wetter-App zur BigCommerce-Site hinzu? <\/h2><div class=\"video-container\"><iframe width=\"560\" height=\"315\" src=\"https:\/\/www.youtube.com\/embed\/BaMQXvHomzk?si=CPCjGdqVhB2tyeLo\" frameborder=\"0\" allow=\"accelerometer; autoplay; clipboard-write; encrypted-media; gyroscope; picture-in-picture; web-share\" allowfullscreen><\/iframe><\/div><p>Befolgen Sie einfach die nachstehenden Anweisungen, um das Tool bei BigCommerce hinzuzuf\u00fcgen.<\/p> <ol><li><b>Verwalten Sie unsere kostenlose Demo und beginnen Sie mit der Erstellung Ihrer benutzerdefinierten App. <\/b><br> W\u00e4hlen Sie die bevorzugte Form und Funktionalit\u00e4t des Widgets und \u00fcbernehmen Sie die \u00c4nderungen. <\/li> <li><b>Lassen Sie sich Ihren einzigartigen Code in der speziellen Form auf Elfsight Apps anzeigen. <\/b><br> Direkt nachdem die Erstellung Ihrer pers\u00f6nlichen Wetter-App abgeschlossen ist, kopieren Sie den exklusiven Code im angezeigten Popup und speichern Sie ihn zur weiteren Verwendung. <\/li> <li><b>Beginnen Sie mit der Verwendung des Tools auf Ihrer BigCommerce-Site. <\/b><br> Betten Sie den k\u00fcrzlich gespeicherten Code in Ihre Website ein und speichern Sie die Korrekturen. <\/li> <li><b>Das Setup wurde erfolgreich durchgef\u00fchrt. <\/b><br> Besuchen Sie Ihre Website, um zu sehen, wie das Plugin funktioniert. <\/li><\/ol><p>Z\u00f6gern Sie nicht, den Elfsight-Support zu kontaktieren, wenn Sie Rat ben\u00f6tigen oder Fragen haben. Wir helfen Ihnen bei jeder Anfrage weiter.<\/p><div class=\"faq\" data-component=\"FAQ\"><div class=\"faq-item\">\r\n\t\t\t\t\t<div class=\"faq-item-question\">\r\n\t\t\t\t\t\t<h3 class=\"faq-item-question-text\">Wie kann ich Weather ohne Programmierkenntnisse in meine BigCommerce-Site einbetten?<\/h3>\r\n\r\n\t\t\t\t\t\t<div class=\"faq-item-question-icon\"><\/div>\r\n\t\t\t\t\t<\/div>\r\n\r\n\t\t\t\t\t<div class=\"faq-item-answer\">\r\n\t\t\t\t\t\t<div class=\"faq-item-answer-text\"> <p>Das Unternehmen Elfsight stellt eine SaaS-L\u00f6sung vor erm\u00f6glicht es Benutzern, selbst ein Wetter-Widget zu erstellen. Finden Sie heraus, wie einfach der Vorgang ist: Beginnen Sie direkt im Live-Editor mit der Arbeit, um ein Wetter-Plugin zu erstellen, das Sie auf der BigCommerce-Website einbetten m\u00f6chten. Klicken Sie auf eine der vorgefertigten Vorlagen und passen Sie die Wettereinstellungen an, \u00e4ndern Sie das Layout und die Farbe der Elemente, einschlie\u00dflich Ihres Inhalts, ohne Programmierkenntnisse. Klicken Sie hier, um die von Ihnen vorgenommenen Wettereinstellungen zu speichern und den Installationscode des Plugins zu erhalten, der in die %platform%-Homepage eingef\u00fcgt werden kann, ohne dass ein kostenpflichtiger Plan erworben werden muss. Mit dem intuitiven Konfigurator kann jeder Internetnutzer ein Wetter-Widget online erstellen und einfach zur BigCommerce-Website hinzuf\u00fcgen. F\u00fcr den Zugriff auf Elfsight Editor ist es nicht erforderlich, ein kostenpflichtiges Abonnement abzuschlie\u00dfen oder Ihre Kartendaten einzugeben. Wenn Sie auf Hindernisse jeglicher Art sto\u00dfen, wenden Sie sich bitte an unseren Kundensupport.<\/p> <\/div>\r\n\t\t\t\t\t<\/div>\r\n\t\t\t\t<\/div> <\/div><\/div>\n","protected":false},"excerpt":{"rendered":"","protected":false},"author":9,"featured_media":0,"parent":2173,"menu_order":0,"comment_status":"closed","ping_status":"closed","template":"templates\/template-application-platform.php","meta":{"publish_to_discourse":"","publish_post_category":"","wpdc_auto_publish_overridden":"","wpdc_topic_tags":"","wpdc_pin_topic":"","wpdc_pin_until":"","discourse_post_id":"","discourse_permalink":"","wpdc_publishing_response":"","wpdc_publishing_error":"","footnotes":""},"class_list":["post-10996","page","type-page","status-publish","hentry"],"yoast_head":"<!-- This site is optimized with the Yoast SEO plugin v25.3.1 - https:\/\/yoast.com\/wordpress\/plugins\/seo\/ -->\n<title>Wetter-Widget \u2013 Wetter-App zur BigCommerce-Website hinzuf\u00fcgen [2025]<\/title>\n<meta name=\"description\" content=\"Hier haben Sie die M\u00f6glichkeit, ein Wetter-Widget zu erstellen und es Ihrer BigCommerce-Website hinzuzuf\u00fcgen. Erhalten Sie kostenlosen Kundensupport und andere Verg\u00fcnstigungen von Elfsight.\" \/>\n<meta name=\"robots\" content=\"index, follow, max-snippet:-1, max-image-preview:large, max-video-preview:-1\" \/>\n<link rel=\"canonical\" href=\"https:\/\/elfsight.com\/de\/weather-widget\/bigcommerce\/\" \/>\n<meta property=\"og:locale\" content=\"de_DE\" \/>\n<meta property=\"og:type\" content=\"article\" \/>\n<meta property=\"og:title\" content=\"Wetter-Widget \u2013 Wetter-App zur BigCommerce-Website hinzuf\u00fcgen [2025]\" \/>\n<meta property=\"og:description\" content=\"Hier haben Sie die M\u00f6glichkeit, ein Wetter-Widget zu erstellen und es Ihrer BigCommerce-Website hinzuzuf\u00fcgen. Erhalten Sie kostenlosen Kundensupport und andere Verg\u00fcnstigungen von Elfsight.\" \/>\n<meta property=\"og:url\" content=\"https:\/\/elfsight.com\/de\/weather-widget\/bigcommerce\/\" \/>\n<meta property=\"og:site_name\" content=\"Elfsight DE\" \/>\n<meta property=\"article:modified_time\" content=\"2025-02-25T06:13:46+00:00\" \/>\n<meta name=\"twitter:card\" content=\"summary_large_image\" \/>\n<meta name=\"twitter:label1\" content=\"Gesch\u00e4tzte Lesezeit\" \/>\n\t<meta name=\"twitter:data1\" content=\"3\u00a0Minuten\" \/>\n<!-- \/ Yoast SEO plugin. -->","yoast_head_json":{"title":"Wetter-Widget \u2013 Wetter-App zur BigCommerce-Website hinzuf\u00fcgen [2025]","description":"Hier haben Sie die M\u00f6glichkeit, ein Wetter-Widget zu erstellen und es Ihrer BigCommerce-Website hinzuzuf\u00fcgen. Erhalten Sie kostenlosen Kundensupport und andere Verg\u00fcnstigungen von Elfsight.","robots":{"index":"index","follow":"follow","max-snippet":"max-snippet:-1","max-image-preview":"max-image-preview:large","max-video-preview":"max-video-preview:-1"},"canonical":"https:\/\/elfsight.com\/de\/weather-widget\/bigcommerce\/","og_locale":"de_DE","og_type":"article","og_title":"Wetter-Widget \u2013 Wetter-App zur BigCommerce-Website hinzuf\u00fcgen [2025]","og_description":"Hier haben Sie die M\u00f6glichkeit, ein Wetter-Widget zu erstellen und es Ihrer BigCommerce-Website hinzuzuf\u00fcgen. Erhalten Sie kostenlosen Kundensupport und andere Verg\u00fcnstigungen von Elfsight.","og_url":"https:\/\/elfsight.com\/de\/weather-widget\/bigcommerce\/","og_site_name":"Elfsight DE","article_modified_time":"2025-02-25T06:13:46+00:00","twitter_card":"summary_large_image","twitter_misc":{"Gesch\u00e4tzte Lesezeit":"3\u00a0Minuten"},"schema":{"@context":"https:\/\/schema.org","@graph":[{"@type":"WebPage","@id":"https:\/\/elfsight.com\/de\/weather-widget\/bigcommerce\/","url":"https:\/\/elfsight.com\/de\/weather-widget\/bigcommerce\/","name":"Wetter-Widget \u2013 Wetter-App zur BigCommerce-Website hinzuf\u00fcgen [2025]","isPartOf":{"@id":"https:\/\/elfsight.com\/de\/#website"},"datePublished":"1970-01-01T00:00:00+00:00","dateModified":"2025-02-25T06:13:46+00:00","description":"Hier haben Sie die M\u00f6glichkeit, ein Wetter-Widget zu erstellen und es Ihrer BigCommerce-Website hinzuzuf\u00fcgen. Erhalten Sie kostenlosen Kundensupport und andere Verg\u00fcnstigungen von Elfsight.","breadcrumb":{"@id":"https:\/\/elfsight.com\/de\/weather-widget\/bigcommerce\/#breadcrumb"},"inLanguage":"de","potentialAction":[{"@type":"ReadAction","target":["https:\/\/elfsight.com\/de\/weather-widget\/bigcommerce\/"]}]},{"@type":"BreadcrumbList","@id":"https:\/\/elfsight.com\/de\/weather-widget\/bigcommerce\/#breadcrumb","itemListElement":[{"@type":"ListItem","position":1,"name":"Home","item":"https:\/\/elfsight.com\/de\/"},{"@type":"ListItem","position":2,"name":"Weather","item":"https:\/\/elfsight.com\/de\/weather-widget\/"},{"@type":"ListItem","position":3,"name":"Weather &#8211; BigCommerce"}]},{"@type":"WebSite","@id":"https:\/\/elfsight.com\/de\/#website","url":"https:\/\/elfsight.com\/de\/","name":"Elfsight DE","description":"Just another Elfsight Sites site","potentialAction":[{"@type":"SearchAction","target":{"@type":"EntryPoint","urlTemplate":"https:\/\/elfsight.com\/de\/?s={search_term_string}"},"query-input":{"@type":"PropertyValueSpecification","valueRequired":true,"valueName":"search_term_string"}}],"inLanguage":"de"}]}},"meta_box":{"industry":"","seo_heading":"","heading":"","description":"","cta_heading":"","cta_description":"","application":"498","h1":"BigCommerce-Wetter-App","h1_caption":"Zeigen Sie aktuelle Wetterinformationen f\u00fcr jeden Ort auf Ihrer Website an, um Ihr lokales oder reisendes Publikum m\u00fchelos auf Ihre BigCommerce-Website aufmerksam zu machen.","application_category":[],"applications_title":"","applications_request_title":"","applications_request_button_text":"","hero_text":"","hero_video":"","hero_video_schema_markup":"","selling_points_title":"","selling_points_caption":"","selling_points":[],"selling_points_cta_text":"","features_title":"","features":"","ed_cta_examples_text":"","ed_cta_examples_hidden":"","ed_cta_demo_text":"","ed_cta_demo_hidden":"","why_caption":"","why_editor_title":"","why_editor_text":"","why_team_title":"","why_team_text":"","why_service_title":"","why_service_text":"","template_catalog_visible":"0","template_catalog_title":"","template_catalog_text":"","template_catalog_categories_visible":"","demo_title":"Erstellen Sie Ihre Wetter-App","demo_caption":"Konfigurieren Sie Ihr Wetter und f\u00fcgen Sie es kostenlos zu Ihrer BigCommerce-Website hinzu!","default_faq_hidden":"","app_template_category":[],"platform":"268","template_public_id":"","codecanyon_url":"","codecanyon_item_id":"","codecanyon_price":"","pricing_caption":"","pricing_elfsight_apps_hide_column":"","pricing_elfsight_apps_url":"","pricing_codecanyon_price_caption":"","integration_category":[],"integration_request_title":"","integration_request_cta":"","integration_platform":"","integrations":[],"platform_category":[],"video_schema_markup":"","price":"ab 0 $ \/ Monat","trial":"","benefits":[{"text":"Kostenlose Installationshilfe"},{"text":"Effektiver Kundenservice"},{"text":"14-t\u00e4gige Geld-zur\u00fcck-Garantie"},{"text":"St\u00e4ndige Aktualisierung"}],"button_url":"#demo","button_target_blank":"0","button_nofollow":"0","attributes":[{"name":"Installiert","content":"10,000 - 100,000"},{"name":"Reaktionsfreudig","content":"Ja"},{"name":"Kompatible Browser","content":"Firefox, Safari, Opera, Chrome, Edge"}],"tags":[],"tags_disable_links":"0","hide_more_platforms":"0","video_object":"","demo_hide_cta":"0","demo_hide_cloud_options":"0","pricing_title":"","pricing":[{"pricing_icon":"platform","pricing_title":"Elfsight Apps","pricing_title_caption":"Multiplattform-Version, die f\u00fcr jede Website geeignet ist","pricing_price":"ab 0 $ \/ Monat","pricing_price_caption":"Beginnen Sie mit einem kostenlosen Plan","pricing_benefits":[{"text":"Unbegrenzte Websites"},{"text":"Schneller Support und gut dokumentiert"},{"text":"Kostenlose Installationsunterst\u00fctzung"},{"text":"Flexibles Design"}],"pricing_button_text":"Zur Website hinzuf\u00fcgen","pricing_button_url":"#demo"}],"related_apps_title":"","related_apps_hidden":"0","author":"","image":[],"title":"","job":"","social_networks":[]},"_links":{"self":[{"href":"https:\/\/elfsight.com\/de\/wp-json\/wp\/v2\/pages\/10996","targetHints":{"allow":["GET"]}}],"collection":[{"href":"https:\/\/elfsight.com\/de\/wp-json\/wp\/v2\/pages"}],"about":[{"href":"https:\/\/elfsight.com\/de\/wp-json\/wp\/v2\/types\/page"}],"author":[{"embeddable":true,"href":"https:\/\/elfsight.com\/de\/wp-json\/wp\/v2\/users\/9"}],"replies":[{"embeddable":true,"href":"https:\/\/elfsight.com\/de\/wp-json\/wp\/v2\/comments?post=10996"}],"version-history":[{"count":3,"href":"https:\/\/elfsight.com\/de\/wp-json\/wp\/v2\/pages\/10996\/revisions"}],"predecessor-version":[{"id":24893,"href":"https:\/\/elfsight.com\/de\/wp-json\/wp\/v2\/pages\/10996\/revisions\/24893"}],"up":[{"embeddable":true,"href":"https:\/\/elfsight.com\/de\/wp-json\/wp\/v2\/pages\/2173"}],"wp:attachment":[{"href":"https:\/\/elfsight.com\/de\/wp-json\/wp\/v2\/media?parent=10996"}],"curies":[{"name":"wp","href":"https:\/\/api.w.org\/{rel}","templated":true}]}}