{"id":10995,"date":"1970-01-01T00:00:00","date_gmt":"1970-01-01T00:00:00","guid":{"rendered":"https:\/\/elfsight.com\/de\/?page_id=10995"},"modified":"2025-02-25T06:15:35","modified_gmt":"2025-02-25T06:15:35","slug":"blogger","status":"publish","type":"page","link":"https:\/\/elfsight.com\/de\/weather-widget\/blogger\/","title":{"rendered":"Weather &#8211; Blogger"},"content":{"rendered":"\n<div class=\"application-platform-content-item-description application-platform-content-item\" id=\"description\" data-nav-section=\"description\"><h2>Beschreibung<\/h2><p>Elfsight Weather ist ein einfaches und \u00e4u\u00dferst anpassungsf\u00e4higes Website-Widget, das die relevante Wettersituation f\u00fcr einen ausgew\u00e4hlten Ort anzeigt. Geben Sie einen Ort anhand des Titels, der Postleitzahl oder der Koordinaten ein. Ihre Benutzer k\u00f6nnen die neuesten Daten zu Temperatur, Luftdruck, Luftfeuchtigkeit und Wetterelementen sehen. Sie k\u00f6nnen sich auch die Vorhersage f\u00fcr die kommende Woche oder die n\u00e4chsten zw\u00f6lf Stunden anzeigen lassen. Das Widget bietet au\u00dferdem thematische Hintergrundbilder und die M\u00f6glichkeit, benutzerdefinierte Farben anzuwenden. <\/p><p><b>Bieten Sie ein verbessertes Kundenerlebnis mit einem praktischen Wetter-Widget auf Ihrer Seite. <\/b><\/p><\/div><div class=\"application-platform-content-item-features application-platform-content-item\" id=\"features\" data-nav-section=\"features\"><p>Sehen Sie sich alle Funktionsmerkmale des Wetter-Widgets an. Sie k\u00f6nnen sie direkt im Editor verwalten und sie helfen Ihnen dabei, das Widget zu erstellen, das f\u00fcr Ihren Anwendungsfall geeignet ist. <\/p><ul><li>Drei Methoden zur Eingabe des Standorts: \u00fcber den Namen, die Postleitzahl und die Koordinaten; <\/li><li>Mehr als 30 Sprachen enthalten, um Wetterinformationen in Ihrer Muttersprache anzuzeigen; <\/li><li>5 Arten der Widget-Konfiguration f\u00fcr verschiedene Anwendungsf\u00e4lle; <\/li><li>Die Option, die Tagesprognose f\u00fcr die zuk\u00fcnftige Woche mit Datum anzuzeigen; <\/li><li>Demonstrieren Sie die st\u00fcndliche Vorhersage f\u00fcr die n\u00e4chsten zw\u00f6lf Stunden. <\/li><\/ul><p><a href=\"#demo\">Probieren Sie alle anderen Funktionen in der Demo aus<\/a><\/p><\/div><div class=\"application-platform-content-item-installation application-platform-content-item\" id=\"installation\" data-nav-section=\"installation\"><h2> Wie bette ich das Wetter-Widget auf meiner Blogger-Website ein? <\/h2><div class=\"video-container\"><iframe width=\"560\" height=\"315\" src=\"https:\/\/www.youtube.com\/embed\/XdxdJ0iQ5h8?si=1Te4SHW7hjsdA0fm\" frameborder=\"0\" allow=\"accelerometer; autoplay; clipboard-write; encrypted-media; gyroscope; picture-in-picture; web-share\" allowfullscreen><\/iframe><\/div><p>Um das Plugin einzubetten, brauchen Sie nur ein paar schnelle Schritte<\/p><ol><li><b>Generieren Sie Ihr personalisiertes Wetter-Plugin<\/b><br>Richten Sie mit Hilfe unserer kostenlosen Demo ein Plugin mit Ihrem bevorzugten Aussehen und Ihrer bevorzugten Funktionalit\u00e4t ein. <\/li> <li><b>Erhalten Sie den pers\u00f6nlichen Code, um das Plugin zu installieren<\/b><br>Nachdem Sie Ihr Widget erstellt haben, erhalten Sie Ihren pers\u00f6nlichen Code \u00fcber die Popup-Benachrichtigung auf Elfsight Apps. Kopieren Sie den Code. <\/li> <li><b>Integrieren Sie das Plugin in Ihre Blogger-Site<\/b><br>Gehen Sie zu der Stelle, an der Sie das Plugin hinzuf\u00fcgen m\u00f6chten, und f\u00fcgen Sie dort den gespeicherten Code ein. Ver\u00f6ffentlichen Sie die \u00c4nderungen. <\/li> <li><b>Sie haben die Installation erfolgreich durchgef\u00fchrt<\/b><br>Besuchen Sie die Website, um einen Blick auf Ihr Widget zu werfen. <\/li><\/ol><p>Sie k\u00f6nnen sich gerne an unseren Kundenservice wenden, wenn Sie Hilfe ben\u00f6tigen oder Probleme haben. Wir helfen Ihnen gerne bei jeder Anfrage weiter. <\/p><div class=\"faq\" data-component=\"FAQ\"><div class=\"faq-item\">\r\n\t\t\t\t\t<div class=\"faq-item-question\">\r\n\t\t\t\t\t\t<h3 class=\"faq-item-question-text\">Gibt es eine Option, Weather ohne Programmierkenntnisse zu meiner Blogger-Website hinzuzuf\u00fcgen?<\/h3>\r\n\r\n\t\t\t\t\t\t<div class=\"faq-item-question-icon\"><\/div>\r\n\t\t\t\t\t<\/div>\r\n\r\n\t\t\t\t\t<div class=\"faq-item-answer\">\r\n\t\t\t\t\t\t<div class=\"faq-item-answer-text\"> <p>Elfsight bietet eine L\u00f6sung, die es einem breiten Publikum erm\u00f6glicht, selbst ein Weather-Plugin zu erstellen, schauen Sie sich das an Die einfachen Anweisungen: Gehen Sie zum Live-Editor, um eine Wetter-App zu erstellen, die Sie Ihrer Blogger-Startseite hinzuf\u00fcgen m\u00f6chten. Klicken Sie auf eine der vorgefertigten Vorlagen und \u00e4ndern Sie die Wettereinstellungen, \u00e4ndern Sie das Layout und die Farbschemata, um Ihre Inhalte einzubinden, ohne Programmierkenntnisse. Klicken Sie hier, um die von Ihnen vorgenommenen Wettereinstellungen zu speichern und Code f\u00fcr die Installation zu kopieren, der in die Blogger-Website eingebunden werden kann, ohne dass ein kostenpflichtiges Abonnement erworben werden muss. Mit dem intuitiven Editor kann jeder Webbenutzer ein Wetter-Widget erstellen und es m\u00fchelos zu seiner Blogger-Webseite hinzuf\u00fcgen. Sie m\u00fcssen weder bezahlen noch Ihre Kartendaten einreichen, um an unserem Service teilzunehmen. Wenn Sie auf Probleme jeglicher Art sto\u00dfen, wenden Sie sich bitte an unsere Support-Mitarbeiter.<\/p> <\/div>\r\n\t\t\t\t\t<\/div>\r\n\t\t\t\t<\/div> <\/div><\/div>\n","protected":false},"excerpt":{"rendered":"","protected":false},"author":9,"featured_media":0,"parent":2173,"menu_order":0,"comment_status":"closed","ping_status":"closed","template":"templates\/template-application-platform.php","meta":{"publish_to_discourse":"","publish_post_category":"","wpdc_auto_publish_overridden":"","wpdc_topic_tags":"","wpdc_pin_topic":"","wpdc_pin_until":"","discourse_post_id":"","discourse_permalink":"","wpdc_publishing_response":"","wpdc_publishing_error":"","footnotes":""},"class_list":["post-10995","page","type-page","status-publish","hentry"],"yoast_head":"<!-- This site is optimized with the Yoast SEO plugin v25.3.1 - https:\/\/yoast.com\/wordpress\/plugins\/seo\/ -->\n<title>Wetter-Widget \u2013 Wetter-App zur Blogger-Website hinzuf\u00fcgen (kostenlos und schnell)<\/title>\n<meta name=\"description\" content=\"Erstellen Sie mit Elfsight Ihr Wetter-Plugin und ver\u00f6ffentlichen Sie es auf Ihrer Blogger-Site. Wir bieten kostenlosen Kundenservice und andere Boni.\" \/>\n<meta name=\"robots\" content=\"index, follow, max-snippet:-1, max-image-preview:large, max-video-preview:-1\" \/>\n<link rel=\"canonical\" href=\"https:\/\/elfsight.com\/de\/weather-widget\/blogger\/\" \/>\n<meta property=\"og:locale\" content=\"de_DE\" \/>\n<meta property=\"og:type\" content=\"article\" \/>\n<meta property=\"og:title\" content=\"Wetter-Widget \u2013 Wetter-App zur Blogger-Website hinzuf\u00fcgen (kostenlos und schnell)\" \/>\n<meta property=\"og:description\" content=\"Erstellen Sie mit Elfsight Ihr Wetter-Plugin und ver\u00f6ffentlichen Sie es auf Ihrer Blogger-Site. Wir bieten kostenlosen Kundenservice und andere Boni.\" \/>\n<meta property=\"og:url\" content=\"https:\/\/elfsight.com\/de\/weather-widget\/blogger\/\" \/>\n<meta property=\"og:site_name\" content=\"Elfsight DE\" \/>\n<meta property=\"article:modified_time\" content=\"2025-02-25T06:15:35+00:00\" \/>\n<meta name=\"twitter:card\" content=\"summary_large_image\" \/>\n<meta name=\"twitter:label1\" content=\"Gesch\u00e4tzte Lesezeit\" \/>\n\t<meta name=\"twitter:data1\" content=\"3\u00a0Minuten\" \/>\n<!-- \/ Yoast SEO plugin. -->","yoast_head_json":{"title":"Wetter-Widget \u2013 Wetter-App zur Blogger-Website hinzuf\u00fcgen (kostenlos und schnell)","description":"Erstellen Sie mit Elfsight Ihr Wetter-Plugin und ver\u00f6ffentlichen Sie es auf Ihrer Blogger-Site. Wir bieten kostenlosen Kundenservice und andere Boni.","robots":{"index":"index","follow":"follow","max-snippet":"max-snippet:-1","max-image-preview":"max-image-preview:large","max-video-preview":"max-video-preview:-1"},"canonical":"https:\/\/elfsight.com\/de\/weather-widget\/blogger\/","og_locale":"de_DE","og_type":"article","og_title":"Wetter-Widget \u2013 Wetter-App zur Blogger-Website hinzuf\u00fcgen (kostenlos und schnell)","og_description":"Erstellen Sie mit Elfsight Ihr Wetter-Plugin und ver\u00f6ffentlichen Sie es auf Ihrer Blogger-Site. Wir bieten kostenlosen Kundenservice und andere Boni.","og_url":"https:\/\/elfsight.com\/de\/weather-widget\/blogger\/","og_site_name":"Elfsight DE","article_modified_time":"2025-02-25T06:15:35+00:00","twitter_card":"summary_large_image","twitter_misc":{"Gesch\u00e4tzte Lesezeit":"3\u00a0Minuten"},"schema":{"@context":"https:\/\/schema.org","@graph":[{"@type":"WebPage","@id":"https:\/\/elfsight.com\/de\/weather-widget\/blogger\/","url":"https:\/\/elfsight.com\/de\/weather-widget\/blogger\/","name":"Wetter-Widget \u2013 Wetter-App zur Blogger-Website hinzuf\u00fcgen (kostenlos und schnell)","isPartOf":{"@id":"https:\/\/elfsight.com\/de\/#website"},"datePublished":"1970-01-01T00:00:00+00:00","dateModified":"2025-02-25T06:15:35+00:00","description":"Erstellen Sie mit Elfsight Ihr Wetter-Plugin und ver\u00f6ffentlichen Sie es auf Ihrer Blogger-Site. Wir bieten kostenlosen Kundenservice und andere Boni.","breadcrumb":{"@id":"https:\/\/elfsight.com\/de\/weather-widget\/blogger\/#breadcrumb"},"inLanguage":"de","potentialAction":[{"@type":"ReadAction","target":["https:\/\/elfsight.com\/de\/weather-widget\/blogger\/"]}]},{"@type":"BreadcrumbList","@id":"https:\/\/elfsight.com\/de\/weather-widget\/blogger\/#breadcrumb","itemListElement":[{"@type":"ListItem","position":1,"name":"Home","item":"https:\/\/elfsight.com\/de\/"},{"@type":"ListItem","position":2,"name":"Weather","item":"https:\/\/elfsight.com\/de\/weather-widget\/"},{"@type":"ListItem","position":3,"name":"Weather &#8211; Blogger"}]},{"@type":"WebSite","@id":"https:\/\/elfsight.com\/de\/#website","url":"https:\/\/elfsight.com\/de\/","name":"Elfsight DE","description":"Just another Elfsight Sites site","potentialAction":[{"@type":"SearchAction","target":{"@type":"EntryPoint","urlTemplate":"https:\/\/elfsight.com\/de\/?s={search_term_string}"},"query-input":{"@type":"PropertyValueSpecification","valueRequired":true,"valueName":"search_term_string"}}],"inLanguage":"de"}]}},"meta_box":{"industry":"","seo_heading":"","heading":"","description":"","cta_heading":"","cta_description":"","application":"498","h1":"Blogger-Wetter-Widget","h1_caption":"Zeigen Sie aktuelle Wetterinformationen f\u00fcr jeden Ort auf Ihrer Website an, um Ihr lokales oder reisendes Publikum m\u00fchelos auf Ihre Blogger-Website aufmerksam zu machen.","application_category":[],"applications_title":"","applications_request_title":"","applications_request_button_text":"","hero_text":"","hero_video":"","hero_video_schema_markup":"","selling_points_title":"","selling_points_caption":"","selling_points":[],"selling_points_cta_text":"","features_title":"","features":"","ed_cta_examples_text":"","ed_cta_examples_hidden":"","ed_cta_demo_text":"","ed_cta_demo_hidden":"","why_caption":"","why_editor_title":"","why_editor_text":"","why_team_title":"","why_team_text":"","why_service_title":"","why_service_text":"","template_catalog_visible":"0","template_catalog_title":"","template_catalog_text":"","template_catalog_categories_visible":"","demo_title":"Erstellen Sie Ihr Wetter-Widget","demo_caption":"Konfigurieren Sie Ihr Wetter und f\u00fcgen Sie es kostenlos zu Ihrer Blogger-Website hinzu!","default_faq_hidden":"","app_template_category":[],"platform":"262","template_public_id":"","codecanyon_url":"","codecanyon_item_id":"","codecanyon_price":"","pricing_caption":"","pricing_elfsight_apps_hide_column":"","pricing_elfsight_apps_url":"","pricing_codecanyon_price_caption":"","integration_category":[],"integration_request_title":"","integration_request_cta":"","integration_platform":"","integrations":[],"platform_category":[],"video_schema_markup":"","price":"ab 0 $ \/ Monat","trial":"","benefits":[{"text":"Kostenloser Installationsservice"},{"text":"Effektiver Kundenservice"},{"text":"14-t\u00e4gige R\u00fcckerstattungsgarantie"},{"text":"Fortlaufende Entwicklung"}],"button_url":"#demo","button_target_blank":"0","button_nofollow":"0","attributes":[{"name":"Installiert","content":"10,000 - 100,000"},{"name":"Reaktionsfreudig","content":"Ja"},{"name":"Kompatible Browser","content":"Firefox, Safari, Opera, Chrome, Edge"}],"tags":[],"tags_disable_links":"0","hide_more_platforms":"0","video_object":"","demo_hide_cta":"0","demo_hide_cloud_options":"0","pricing_title":"","pricing":[{"pricing_icon":"platform","pricing_title":"Elfsight Apps","pricing_title_caption":"Plattform\u00fcbergreifende Version, die auf jeder Website funktioniert","pricing_price":"ab 0 $ \/ Monat","pricing_price_caption":"Beginnen Sie mit einem kostenlosen Plan","pricing_benefits":[{"text":"Unbegrenzte Websites"},{"text":"Kundensupport rund um die Uhr"},{"text":"Kostenlose Installationshilfe"},{"text":"Vollst\u00e4ndig anpassbar"}],"pricing_button_text":"Zur Website hinzuf\u00fcgen","pricing_button_url":"#demo"}],"related_apps_title":"","related_apps_hidden":"0","author":"","image":[],"title":"","job":"","social_networks":[]},"_links":{"self":[{"href":"https:\/\/elfsight.com\/de\/wp-json\/wp\/v2\/pages\/10995","targetHints":{"allow":["GET"]}}],"collection":[{"href":"https:\/\/elfsight.com\/de\/wp-json\/wp\/v2\/pages"}],"about":[{"href":"https:\/\/elfsight.com\/de\/wp-json\/wp\/v2\/types\/page"}],"author":[{"embeddable":true,"href":"https:\/\/elfsight.com\/de\/wp-json\/wp\/v2\/users\/9"}],"replies":[{"embeddable":true,"href":"https:\/\/elfsight.com\/de\/wp-json\/wp\/v2\/comments?post=10995"}],"version-history":[{"count":3,"href":"https:\/\/elfsight.com\/de\/wp-json\/wp\/v2\/pages\/10995\/revisions"}],"predecessor-version":[{"id":24894,"href":"https:\/\/elfsight.com\/de\/wp-json\/wp\/v2\/pages\/10995\/revisions\/24894"}],"up":[{"embeddable":true,"href":"https:\/\/elfsight.com\/de\/wp-json\/wp\/v2\/pages\/2173"}],"wp:attachment":[{"href":"https:\/\/elfsight.com\/de\/wp-json\/wp\/v2\/media?parent=10995"}],"curies":[{"name":"wp","href":"https:\/\/api.w.org\/{rel}","templated":true}]}}