{"id":10994,"date":"1970-01-01T00:00:00","date_gmt":"1970-01-01T00:00:00","guid":{"rendered":"https:\/\/elfsight.com\/de\/?page_id=10994"},"modified":"2025-02-25T06:20:20","modified_gmt":"2025-02-25T06:20:20","slug":"drupal","status":"publish","type":"page","link":"https:\/\/elfsight.com\/de\/weather-widget\/drupal\/","title":{"rendered":"Weather &#8211; Drupal"},"content":{"rendered":"\n<div class=\"application-platform-content-item-description application-platform-content-item\" id=\"description\" data-nav-section=\"description\"><h2>Beschreibung<\/h2><p>Das Elfsight-Wetter-Widget ist ein schnelles und anpassbares Website-Plugin, das aktuelle Wetterinformationen f\u00fcr jeden gew\u00fcnschten Punkt anzeigt die Karte. Geben Sie einen Bezirk mithilfe des Namens, der Postleitzahl oder der Koordinaten ein. Das Website-Publikum kann jetzt aktuelle Informationen zu Temperatur, Luftdruck, Luftfeuchtigkeit und aktivem Wetter abrufen. Unser Widget enth\u00e4lt eine Funktion zur Anzeige st\u00fcndlicher oder t\u00e4glicher Prognosen. Sie k\u00f6nnen die Benutzeroberfl\u00e4che mit einem wetterbezogenen Hintergrund und der Funktion zur Auswahl Ihrer eigenen Farben personalisieren. <\/p><p><b>Verbessern Sie die Benutzererfahrung mit einem informativen Wetter-Widget auf Ihrer Website. <\/b><\/p><\/div><div class=\"faq\" data-component=\"FAQ\"><div class=\"faq-item\">\r\n\t\t\t\t\t<div class=\"faq-item-question\">\r\n\t\t\t\t\t\t<h3 class=\"faq-item-question-text\">Wie f\u00fcge ich das Wetter-Widget zu einer Drupal-Seite hinzu?<\/h3>\r\n\r\n\t\t\t\t\t\t<div class=\"faq-item-question-icon\"><\/div>\r\n\t\t\t\t\t<\/div>\r\n\r\n\t\t\t\t\t<div class=\"faq-item-answer\">\r\n\t\t\t\t\t\t<div class=\"faq-item-answer-text\"><p>Der Vorgang dauert dauert mehrere Minuten und erfordert keinerlei Programmierkenntnisse. Zuerst sollten Sie Ihr Wettermodul anpassen: Schalten Sie die Temperatur ein oder aus, w\u00e4hlen Sie einen benutzerdefinierten Standort, betten Sie die Postleitzahl einer Stadt ein und erhalten Sie das lokale Wetter live. Kopieren Sie den Installationscode im Popup-Fenster, f\u00fcgen Sie ihn an der gew\u00fcnschten Stelle Ihrer Webseite ein und voil\u00e0! &#8211; Sie erhalten Ihr Wettermodul live auf Drupal.<\/p><p>M\u00f6chten Sie mehr \u00fcber die Installation auf anderen Plattformen erfahren? Gerne k\u00f6nnen Sie dies <a href=\"https:\/\/elfsight.com\/tutorials\/how-to-add-weather-widget\/#how-to-add-weather-to-drupal\">auf dieser Seite tun<\/a>.<\/p><\/div>\r\n\t\t\t\t\t<\/div>\r\n\t\t\t\t<\/div><div class=\"faq-item\">\r\n\t\t\t\t\t<div class=\"faq-item-question\">\r\n\t\t\t\t\t\t<h3 class=\"faq-item-question-text\">Habe ich die M\u00f6glichkeit zu sehen, wie das Widget auf einer Website aussehen wird?<\/h3>\r\n\r\n\t\t\t\t\t\t<div class=\"faq-item-question-icon\"><\/div>\r\n\t\t\t\t\t<\/div>\r\n\r\n\t\t\t\t\t<div class=\"faq-item-answer\">\r\n\t\t\t\t\t\t<div class=\"faq-item-answer-text\"><p>Auf jeden Fall! W\u00e4hrend der Entwicklung des Drupal-Wetter-Plugins <a href=\"https:\/\/elfsight.com\/weather-widget\/#demo\">im kostenlosen Online-Editor<\/a> sehen Sie rechts alle \u00c4nderungen. Ihr Wetter-Widget sieht genauso aus wie auf einer Drupal-Site. <\/p><\/div>\r\n\t\t\t\t\t<\/div>\r\n\t\t\t\t<\/div><div class=\"faq-item\">\r\n\t\t\t\t\t<div class=\"faq-item-question\">\r\n\t\t\t\t\t\t<h3 class=\"faq-item-question-text\">Welche anderen Widgets sind f\u00fcr eine Drupal-Website unerl\u00e4sslich?<\/h3>\r\n\r\n\t\t\t\t\t\t<div class=\"faq-item-question-icon\"><\/div>\r\n\t\t\t\t\t<\/div>\r\n\r\n\t\t\t\t\t<div class=\"faq-item-answer\">\r\n\t\t\t\t\t\t<div class=\"faq-item-answer-text\"><p>In Elfsight k\u00f6nnen Sie jede Menge n\u00fctzliche Tools f\u00fcr Drupal erhalten. Sie k\u00f6nnen beispielsweise einen <a href=\"https:\/\/elfsight.com\/de\/whatsapp-chat-widget\/drupal\/\">WhatsApp-Chat<\/a> oder einen <a href=\"https:\/\/elfsight.com\/de\/online-form-builder\/drupal\/\">Form Builder<\/a>, eine <a href=\"https:\/\/elfsight.com\/de\/pdf-embed-widget\/drupal\/\">PDF-Einbettung<\/a> und <a href=\"https:\/\/elfsight.com\/de\/instagram-feed-instashow\/drupal\/\">Instagram-Feed<\/a>. Dar\u00fcber hinaus k\u00f6nnen Sie einen <a href=\"https:\/\/elfsight.com\/de\/event-calendar-widget\/drupal\/\">Veranstaltungskalender<\/a> erhalten, um in Form eines Kalenders mitzuteilen, was in Ihrem Unternehmen passiert .<\/p><\/div>\r\n\t\t\t\t\t<\/div>\r\n\t\t\t\t<\/div><\/div><div class=\"application-platform-content-item-features application-platform-content-item\" id=\"features\" data-nav-section=\"features\"><p>Hier ist eine Liste aller Funktionen des Wetter-Widgets. Sie sind direkt im Editor verf\u00fcgbar und helfen Ihnen, das Widget genau f\u00fcr Ihren Anwendungsfall zu gestalten. <\/p><ul><li>3 M\u00f6glichkeiten, den Ort hinzuzuf\u00fcgen: den Namen, die Postleitzahl oder die Koordinaten; <\/li><li>\u00dcber 30 Sprachen werden unterst\u00fctzt, um Wetterinformationen in der Sprache anzuzeigen, die Ihr Publikum spricht; <\/li><li>F\u00fcnf Varianten der Widget-Konfiguration f\u00fcr verschiedene Anwendungsf\u00e4lle; <\/li><li>Die M\u00f6glichkeit, die t\u00e4gliche Vorhersage f\u00fcr die kommende Woche mit Datumsangaben anzuzeigen; <\/li><li>Zeigen Sie stundenweise das Wetter f\u00fcr die n\u00e4chsten 12 Stunden. <\/li><\/ul><p><a href=\"#demo\">Sie k\u00f6nnen alle Funktionsmerkmale des Widgets direkt in der Demo testen<\/a><\/p><\/div><div class=\"application-platform-content-item-installation application-platform-content-item\" id=\"installation\" data-nav-section=\"installation\"><h2>Wie f\u00fcge ich das Wettermodul zur Drupal-Website hinzu? <\/h2><p>F\u00fchren Sie einfach die unten beschriebenen Schritte aus, um das Tool in Drupal zu integrieren.<\/p> <ol><li><b>F\u00fchren Sie unseren kostenlosen Konfigurator aus und beginnen Sie mit der Erstellung Ihres einzigartigen Wettermoduls. <\/b><br> Geben Sie die bevorzugte Form und Spezifikationen des Moduls an und speichern Sie die \u00c4nderungen. <\/li> <li><b>Erhalten Sie den eindeutigen Code, der im Feld von Elfsight Apps angezeigt wird. <\/b><br> Nachdem die Generierung Ihres Moduls abgeschlossen ist, kopieren Sie den exklusiven Code im angezeigten Popup und bewahren Sie ihn f\u00fcr die sp\u00e4tere Verwendung auf. <\/li> <li><b>Geben Sie Informationen zur Verwendung des Tools auf der Drupal-Website ein. <\/b><br> Platzieren Sie den k\u00fcrzlich kopierten Code auf Ihrer Website und speichern Sie die Verbesserungen. <\/li> <li><b>Du bist fertig! Die Einbettung ist erfolgreich abgeschlossen. <\/b><br> Besuchen Sie Ihre Seite, um zu sehen, wie das Tool funktioniert. <\/li><\/ol><p>Z\u00f6gern Sie nicht, sich an den Kundensupport von Elfsight zu wenden, wenn Sie Hilfe ben\u00f6tigen oder Fragen haben. Unsere Spezialisten stehen Ihnen bei jedem Anliegen mit Rat und Tat zur Seite. <\/p><\/div>\n","protected":false},"excerpt":{"rendered":"","protected":false},"author":9,"featured_media":0,"parent":2173,"menu_order":0,"comment_status":"closed","ping_status":"closed","template":"templates\/template-application-platform.php","meta":{"publish_to_discourse":"","publish_post_category":"","wpdc_auto_publish_overridden":"","wpdc_topic_tags":"","wpdc_pin_topic":"","wpdc_pin_until":"","discourse_post_id":"","discourse_permalink":"","wpdc_publishing_response":"","wpdc_publishing_error":"","footnotes":""},"class_list":["post-10994","page","type-page","status-publish","hentry"],"yoast_head":"<!-- This site is optimized with the Yoast SEO plugin v25.3.1 - https:\/\/yoast.com\/wordpress\/plugins\/seo\/ -->\n<title>Wetter-Widget \u2013 Wetter-App zur Drupal-Website hinzuf\u00fcgen (kostenlos und schnell)<\/title>\n<meta name=\"description\" content=\"Erstellen und f\u00fcgen Sie eine reaktionsf\u00e4hige Wetter-App auf Ihrer Drupal-Site hinzu. Der Elfsight-Kundensupport ist kostenlos und schnell.\" \/>\n<meta name=\"robots\" content=\"index, follow, max-snippet:-1, max-image-preview:large, max-video-preview:-1\" \/>\n<link rel=\"canonical\" href=\"https:\/\/elfsight.com\/de\/weather-widget\/drupal\/\" \/>\n<meta property=\"og:locale\" content=\"de_DE\" \/>\n<meta property=\"og:type\" content=\"article\" \/>\n<meta property=\"og:title\" content=\"Wetter-Widget \u2013 Wetter-App zur Drupal-Website hinzuf\u00fcgen (kostenlos und schnell)\" \/>\n<meta property=\"og:description\" content=\"Erstellen und f\u00fcgen Sie eine reaktionsf\u00e4hige Wetter-App auf Ihrer Drupal-Site hinzu. Der Elfsight-Kundensupport ist kostenlos und schnell.\" \/>\n<meta property=\"og:url\" content=\"https:\/\/elfsight.com\/de\/weather-widget\/drupal\/\" \/>\n<meta property=\"og:site_name\" content=\"Elfsight DE\" \/>\n<meta property=\"article:modified_time\" content=\"2025-02-25T06:20:20+00:00\" \/>\n<meta name=\"twitter:card\" content=\"summary_large_image\" \/>\n<meta name=\"twitter:label1\" content=\"Gesch\u00e4tzte Lesezeit\" \/>\n\t<meta name=\"twitter:data1\" content=\"4\u00a0Minuten\" \/>\n<!-- \/ Yoast SEO plugin. -->","yoast_head_json":{"title":"Wetter-Widget \u2013 Wetter-App zur Drupal-Website hinzuf\u00fcgen (kostenlos und schnell)","description":"Erstellen und f\u00fcgen Sie eine reaktionsf\u00e4hige Wetter-App auf Ihrer Drupal-Site hinzu. Der Elfsight-Kundensupport ist kostenlos und schnell.","robots":{"index":"index","follow":"follow","max-snippet":"max-snippet:-1","max-image-preview":"max-image-preview:large","max-video-preview":"max-video-preview:-1"},"canonical":"https:\/\/elfsight.com\/de\/weather-widget\/drupal\/","og_locale":"de_DE","og_type":"article","og_title":"Wetter-Widget \u2013 Wetter-App zur Drupal-Website hinzuf\u00fcgen (kostenlos und schnell)","og_description":"Erstellen und f\u00fcgen Sie eine reaktionsf\u00e4hige Wetter-App auf Ihrer Drupal-Site hinzu. Der Elfsight-Kundensupport ist kostenlos und schnell.","og_url":"https:\/\/elfsight.com\/de\/weather-widget\/drupal\/","og_site_name":"Elfsight DE","article_modified_time":"2025-02-25T06:20:20+00:00","twitter_card":"summary_large_image","twitter_misc":{"Gesch\u00e4tzte Lesezeit":"4\u00a0Minuten"},"schema":{"@context":"https:\/\/schema.org","@graph":[{"@type":"WebPage","@id":"https:\/\/elfsight.com\/de\/weather-widget\/drupal\/","url":"https:\/\/elfsight.com\/de\/weather-widget\/drupal\/","name":"Wetter-Widget \u2013 Wetter-App zur Drupal-Website hinzuf\u00fcgen (kostenlos und schnell)","isPartOf":{"@id":"https:\/\/elfsight.com\/de\/#website"},"datePublished":"1970-01-01T00:00:00+00:00","dateModified":"2025-02-25T06:20:20+00:00","description":"Erstellen und f\u00fcgen Sie eine reaktionsf\u00e4hige Wetter-App auf Ihrer Drupal-Site hinzu. Der Elfsight-Kundensupport ist kostenlos und schnell.","breadcrumb":{"@id":"https:\/\/elfsight.com\/de\/weather-widget\/drupal\/#breadcrumb"},"inLanguage":"de","potentialAction":[{"@type":"ReadAction","target":["https:\/\/elfsight.com\/de\/weather-widget\/drupal\/"]}]},{"@type":"BreadcrumbList","@id":"https:\/\/elfsight.com\/de\/weather-widget\/drupal\/#breadcrumb","itemListElement":[{"@type":"ListItem","position":1,"name":"Home","item":"https:\/\/elfsight.com\/de\/"},{"@type":"ListItem","position":2,"name":"Weather","item":"https:\/\/elfsight.com\/de\/weather-widget\/"},{"@type":"ListItem","position":3,"name":"Weather &#8211; Drupal"}]},{"@type":"WebSite","@id":"https:\/\/elfsight.com\/de\/#website","url":"https:\/\/elfsight.com\/de\/","name":"Elfsight DE","description":"Just another Elfsight Sites site","potentialAction":[{"@type":"SearchAction","target":{"@type":"EntryPoint","urlTemplate":"https:\/\/elfsight.com\/de\/?s={search_term_string}"},"query-input":{"@type":"PropertyValueSpecification","valueRequired":true,"valueName":"search_term_string"}}],"inLanguage":"de"}]}},"meta_box":{"industry":"","seo_heading":"","heading":"","description":"","cta_heading":"","cta_description":"","application":"498","h1":"Drupal Weather-Modul","h1_caption":"Zeigen Sie aktuelle Wetterinformationen f\u00fcr jeden Ort auf Ihrer Website an, um Ihre lokale oder reisende Zielgruppe m\u00fchelos auf Ihre Drupal-Website aufmerksam zu machen.","application_category":[],"applications_title":"","applications_request_title":"","applications_request_button_text":"","hero_text":"","hero_video":"","hero_video_schema_markup":"","selling_points_title":"","selling_points_caption":"","selling_points":[],"selling_points_cta_text":"","features_title":"","features":"","ed_cta_examples_text":"","ed_cta_examples_hidden":"","ed_cta_demo_text":"","ed_cta_demo_hidden":"","why_caption":"","why_editor_title":"","why_editor_text":"","why_team_title":"","why_team_text":"","why_service_title":"","why_service_text":"","template_catalog_visible":"0","template_catalog_title":"","template_catalog_text":"","template_catalog_categories_visible":"","demo_title":"Erstellen Sie Ihr Wettermodul","demo_caption":"Konfigurieren Sie Ihr Wetter und f\u00fcgen Sie es kostenlos zu Ihrer Drupal-Website hinzu!","default_faq_hidden":"","app_template_category":[],"platform":"261","template_public_id":"","codecanyon_url":"","codecanyon_item_id":"","codecanyon_price":"","pricing_caption":"","pricing_elfsight_apps_hide_column":"","pricing_elfsight_apps_url":"","pricing_codecanyon_price_caption":"","integration_category":[],"integration_request_title":"","integration_request_cta":"","integration_platform":"","integrations":[],"platform_category":[],"video_schema_markup":"","price":"ab 0 $ \/ Monat","trial":"","benefits":[{"text":"Kostenlose Installationsunterst\u00fctzung"},{"text":"Professioneller Kundenservice"},{"text":"14-t\u00e4gige Geld-zur\u00fcck-Garantie"},{"text":"Fortlaufende Entwicklung"}],"button_url":"#demo","button_target_blank":"0","button_nofollow":"0","attributes":[{"name":"Installiert","content":"10,000 - 100,000"},{"name":"Reaktionsfreudig","content":"Ja"},{"name":"Kompatible Browser","content":"Firefox, Safari, Opera, Chrome, Edge"}],"tags":[],"tags_disable_links":"0","hide_more_platforms":"0","video_object":"","demo_hide_cta":"0","demo_hide_cloud_options":"0","pricing_title":"","pricing":[{"pricing_icon":"platform","pricing_title":"Elfsight Apps","pricing_title_caption":"Plattformunabh\u00e4ngige L\u00f6sung","pricing_price":"ab 0 $ \/ Monat","pricing_price_caption":"Beginnen Sie mit einem kostenlosen Plan","pricing_benefits":[{"text":"Unbegrenzte Domains"},{"text":"Schnelle Unternehmensunterst\u00fctzung"},{"text":"Kostenloser Installationssupport"},{"text":"Tolles Angebot f\u00fcr mehrere Apps"}],"pricing_button_text":"Zur Website hinzuf\u00fcgen","pricing_button_url":"#demo"}],"related_apps_title":"","related_apps_hidden":"0","author":"","image":[],"title":"","job":"","social_networks":[]},"_links":{"self":[{"href":"https:\/\/elfsight.com\/de\/wp-json\/wp\/v2\/pages\/10994","targetHints":{"allow":["GET"]}}],"collection":[{"href":"https:\/\/elfsight.com\/de\/wp-json\/wp\/v2\/pages"}],"about":[{"href":"https:\/\/elfsight.com\/de\/wp-json\/wp\/v2\/types\/page"}],"author":[{"embeddable":true,"href":"https:\/\/elfsight.com\/de\/wp-json\/wp\/v2\/users\/9"}],"replies":[{"embeddable":true,"href":"https:\/\/elfsight.com\/de\/wp-json\/wp\/v2\/comments?post=10994"}],"version-history":[{"count":4,"href":"https:\/\/elfsight.com\/de\/wp-json\/wp\/v2\/pages\/10994\/revisions"}],"predecessor-version":[{"id":24897,"href":"https:\/\/elfsight.com\/de\/wp-json\/wp\/v2\/pages\/10994\/revisions\/24897"}],"up":[{"embeddable":true,"href":"https:\/\/elfsight.com\/de\/wp-json\/wp\/v2\/pages\/2173"}],"wp:attachment":[{"href":"https:\/\/elfsight.com\/de\/wp-json\/wp\/v2\/media?parent=10994"}],"curies":[{"name":"wp","href":"https:\/\/api.w.org\/{rel}","templated":true}]}}