{"id":10993,"date":"1970-01-01T00:00:00","date_gmt":"1970-01-01T00:00:00","guid":{"rendered":"https:\/\/elfsight.com\/de\/?page_id=10993"},"modified":"2025-02-25T06:22:25","modified_gmt":"2025-02-25T06:22:25","slug":"elementor","status":"publish","type":"page","link":"https:\/\/elfsight.com\/de\/weather-widget\/elementor\/","title":{"rendered":"Weather &#8211; Elementor"},"content":{"rendered":"\n<div class=\"application-platform-content-item-description application-platform-content-item\" id=\"description\" data-nav-section=\"description\"><h2>Wetter auf Elementor mit dem Elfsight-Widget einbetten<\/h2><p>Elfsight Weather ist ein schnelles und sehr anpassbares Website-Plugin, das das Neueste anzeigt Wetterbedingungen f\u00fcr jeden gew\u00fcnschten Standort. Geben Sie einen Punkt anhand des Namens, der Postleitzahl oder der Koordinaten ein. Ihr Publikum kann die aktualisierten Daten zu Temperatur, Luftdruck, Luftfeuchtigkeit und Wetterelementen \u00fcberpr\u00fcfen. Sie k\u00f6nnen auch st\u00fcndliche oder t\u00e4gliche Prognosen anzeigen. Das Widget verf\u00fcgt au\u00dferdem \u00fcber einen thematischen Hintergrund und die M\u00f6glichkeit, eigene Farben anzuwenden. <\/p><p><b>Steigern Sie den Verkauf von Saisonartikeln, indem Sie auf Ihrer Website eine pr\u00e4zise Wettervorhersage anzeigen! <\/b><\/p><\/div><div class=\"application-platform-content-item-features application-platform-content-item\" id=\"features\" data-nav-section=\"features\"><p>Hier ist eine Liste aller Funktionen des Wetter-Widgets. Sie k\u00f6nnen sie direkt im Editor verwalten und sie helfen Ihnen dabei, das Widget passend f\u00fcr Ihren Fall zu gestalten. <\/p><ul><li>3 Methoden zur Eingabe des Standorts: \u00fcber den Namen, die Postleitzahl und die Koordinaten; <\/li><li>\u00dcber 30 Sprachen enthalten, um Wetterinformationen in der Sprache Ihres Publikums anzuzeigen; <\/li><li>F\u00fcnf Varianten der Widget-Konfiguration f\u00fcr verschiedene Anwendungsf\u00e4lle; <\/li><li>Die M\u00f6glichkeit, die t\u00e4gliche Vorhersage f\u00fcr die zuk\u00fcnftige Woche mit Datum hinzuzuf\u00fcgen; <\/li><li>F\u00fcgen Sie eine stundenweise Vorhersage f\u00fcr die n\u00e4chsten zw\u00f6lf Stunden hinzu. <\/li><\/ul><p><a href=\"#demo\">Testen Sie alle anderen Funktionen in der Demo<\/a><\/p><\/div><div class=\"application-platform-content-item-installation application-platform-content-item\" id=\"installation\" data-nav-section=\"installation\"><h2> Wie kann ich das Wetter-Widget in die Elementor-Website integrieren? <\/h2><div class=\"video-container\"><iframe width=\"560\" height=\"315\" src=\"https:\/\/www.youtube.com\/embed\/y5602MYe0Ug?si=sPc29Y3bMTJstSm4\" frameborder=\"0\" allow=\"accelerometer; autoplay; clipboard-write; encrypted-media; gyroscope; picture-in-picture; web-share\" allowfullscreen><\/iframe><\/div><p>Um das Plugin zu aktivieren, befolgen Sie die nachstehenden Anweisungen<\/p><ol><li><b>Erstellen Sie Ihr pers\u00f6nliches Wetter-Plugin<\/b><br>Mit Holen Sie sich mit unserem kostenlosen Editor ein Plugin mit ausgew\u00e4hltem Aussehen und ausgew\u00e4hlten Funktionen.<\/li> <li><b>Holen Sie sich den pers\u00f6nlichen Code zum Hinzuf\u00fcgen des Plugins<\/b><br>Nachdem Sie Ihr Widget eingerichtet haben, k\u00f6nnen Sie dies tun Erwerben Sie den eindeutigen Code aus dem Popup-Fenster von Elfsight Apps. Kopiere es. <\/li> <li><b>Integrieren Sie das Plugin in Ihre Elementor-Website<\/b><br>W\u00e4hlen Sie den Ort aus, an dem Sie das Plugin hinzuf\u00fcgen m\u00f6chten, und f\u00fcgen Sie dort den kopierten Code hinzu. \u00dcbernehmen Sie die \u00c4nderungen. <\/li> <li><b>Sie haben die Installation erfolgreich durchgef\u00fchrt<\/b><br>Betreten Sie den Store, um Ihre Arbeit anzusehen. <\/li><\/ol><p>Sie k\u00f6nnen sich gerne an unseren Kundensupport wenden, wenn Sie Hilfe ben\u00f6tigen oder Fragen haben. Wir helfen Ihnen gerne bei jeder Anfrage weiter. <\/p><div class=\"faq\" data-component=\"FAQ\"><div class=\"faq-item\">\r\n\t\t\t\t\t<div class=\"faq-item-question\">\r\n\t\t\t\t\t\t<h3 class=\"faq-item-question-text\">Wie ist es m\u00f6glich, Wetter ohne Programmierkenntnisse zu meiner Elementor-Webseite hinzuzuf\u00fcgen?<\/h3>\r\n\r\n\t\t\t\t\t\t<div class=\"faq-item-question-icon\"><\/div>\r\n\t\t\t\t\t<\/div>\r\n\r\n\t\t\t\t\t<div class=\"faq-item-answer\">\r\n\t\t\t\t\t\t<div class=\"faq-item-answer-text\"> <p>Das Unternehmen Elfsight stellt eine Cloud-L\u00f6sung vor, mit der Sie selbst ein Wetter-Widget erstellen k\u00f6nnen Sehen Sie sich die einfache Anleitung an: Gehen Sie zum Online-Editor, um ein Wetter-Plugin zu erstellen, das Sie in Ihre Elementor-Website integrieren m\u00f6chten. Klicken Sie auf eine der vorgefertigten Vorlagen und passen Sie die Wettereinstellungen an, \u00e4ndern Sie das Layout und das Farbschema und aktualisieren Sie Ihre Inhalte, ohne Programmiererfahrung zu haben. Klicken Sie, um das Wetter zu speichern und den Code f\u00fcr die Installation zu erhalten, den Sie m\u00fchelos zur Elementor-Site hinzuf\u00fcgen k\u00f6nnen, ohne eine kostenpflichtige Version kaufen zu m\u00fcssen. Mit Hilfe des benutzerfreundlichen Editors kann jeder Internetnutzer ein Wetter-Widget erstellen und es einfach in die Elementor-Website einbinden. Sie m\u00fcssen keinen kostenpflichtigen Plan abschlie\u00dfen oder Ihre Kartendaten offenlegen, um auf den Dienst zuzugreifen. Wenn Sie auf Probleme jeglicher Art sto\u00dfen, wenden Sie sich bitte an unsere Support-Mitarbeiter.<\/p> <\/div>\r\n\t\t\t\t\t<\/div>\r\n\t\t\t\t<\/div> <\/div><\/div>\n","protected":false},"excerpt":{"rendered":"","protected":false},"author":9,"featured_media":0,"parent":2173,"menu_order":0,"comment_status":"closed","ping_status":"closed","template":"templates\/template-application-platform.php","meta":{"publish_to_discourse":"","publish_post_category":"","wpdc_auto_publish_overridden":"","wpdc_topic_tags":"","wpdc_pin_topic":"","wpdc_pin_until":"","discourse_post_id":"","discourse_permalink":"","wpdc_publishing_response":"","wpdc_publishing_error":"","footnotes":""},"class_list":["post-10993","page","type-page","status-publish","hentry"],"yoast_head":"<!-- This site is optimized with the Yoast SEO plugin v25.3.1 - https:\/\/yoast.com\/wordpress\/plugins\/seo\/ -->\n<title>Wetter-Widget zur Elementor-Website hinzuf\u00fcgen (kostenlos und schnell)<\/title>\n<meta name=\"description\" content=\"Gestalten Sie mit Elfsight Ihr Wetter-Widget und zeigen Sie es im Handumdrehen auf Ihrer Elementor-Website an. Wir bieten kostenlosen Kundensupport und weitere Boni.\" \/>\n<meta name=\"robots\" content=\"index, follow, max-snippet:-1, max-image-preview:large, max-video-preview:-1\" \/>\n<link rel=\"canonical\" href=\"https:\/\/elfsight.com\/de\/weather-widget\/elementor\/\" \/>\n<meta property=\"og:locale\" content=\"de_DE\" \/>\n<meta property=\"og:type\" content=\"article\" \/>\n<meta property=\"og:title\" content=\"Wetter-Widget zur Elementor-Website hinzuf\u00fcgen (kostenlos und schnell)\" \/>\n<meta property=\"og:description\" content=\"Gestalten Sie mit Elfsight Ihr Wetter-Widget und zeigen Sie es im Handumdrehen auf Ihrer Elementor-Website an. Wir bieten kostenlosen Kundensupport und weitere Boni.\" \/>\n<meta property=\"og:url\" content=\"https:\/\/elfsight.com\/de\/weather-widget\/elementor\/\" \/>\n<meta property=\"og:site_name\" content=\"Elfsight DE\" \/>\n<meta property=\"article:modified_time\" content=\"2025-02-25T06:22:25+00:00\" \/>\n<meta name=\"twitter:card\" content=\"summary_large_image\" \/>\n<meta name=\"twitter:label1\" content=\"Gesch\u00e4tzte Lesezeit\" \/>\n\t<meta name=\"twitter:data1\" content=\"3\u00a0Minuten\" \/>\n<!-- \/ Yoast SEO plugin. -->","yoast_head_json":{"title":"Wetter-Widget zur Elementor-Website hinzuf\u00fcgen (kostenlos und schnell)","description":"Gestalten Sie mit Elfsight Ihr Wetter-Widget und zeigen Sie es im Handumdrehen auf Ihrer Elementor-Website an. Wir bieten kostenlosen Kundensupport und weitere Boni.","robots":{"index":"index","follow":"follow","max-snippet":"max-snippet:-1","max-image-preview":"max-image-preview:large","max-video-preview":"max-video-preview:-1"},"canonical":"https:\/\/elfsight.com\/de\/weather-widget\/elementor\/","og_locale":"de_DE","og_type":"article","og_title":"Wetter-Widget zur Elementor-Website hinzuf\u00fcgen (kostenlos und schnell)","og_description":"Gestalten Sie mit Elfsight Ihr Wetter-Widget und zeigen Sie es im Handumdrehen auf Ihrer Elementor-Website an. Wir bieten kostenlosen Kundensupport und weitere Boni.","og_url":"https:\/\/elfsight.com\/de\/weather-widget\/elementor\/","og_site_name":"Elfsight DE","article_modified_time":"2025-02-25T06:22:25+00:00","twitter_card":"summary_large_image","twitter_misc":{"Gesch\u00e4tzte Lesezeit":"3\u00a0Minuten"},"schema":{"@context":"https:\/\/schema.org","@graph":[{"@type":"WebPage","@id":"https:\/\/elfsight.com\/de\/weather-widget\/elementor\/","url":"https:\/\/elfsight.com\/de\/weather-widget\/elementor\/","name":"Wetter-Widget zur Elementor-Website hinzuf\u00fcgen (kostenlos und schnell)","isPartOf":{"@id":"https:\/\/elfsight.com\/de\/#website"},"datePublished":"1970-01-01T00:00:00+00:00","dateModified":"2025-02-25T06:22:25+00:00","description":"Gestalten Sie mit Elfsight Ihr Wetter-Widget und zeigen Sie es im Handumdrehen auf Ihrer Elementor-Website an. Wir bieten kostenlosen Kundensupport und weitere Boni.","breadcrumb":{"@id":"https:\/\/elfsight.com\/de\/weather-widget\/elementor\/#breadcrumb"},"inLanguage":"de","potentialAction":[{"@type":"ReadAction","target":["https:\/\/elfsight.com\/de\/weather-widget\/elementor\/"]}]},{"@type":"BreadcrumbList","@id":"https:\/\/elfsight.com\/de\/weather-widget\/elementor\/#breadcrumb","itemListElement":[{"@type":"ListItem","position":1,"name":"Home","item":"https:\/\/elfsight.com\/de\/"},{"@type":"ListItem","position":2,"name":"Weather","item":"https:\/\/elfsight.com\/de\/weather-widget\/"},{"@type":"ListItem","position":3,"name":"Weather &#8211; Elementor"}]},{"@type":"WebSite","@id":"https:\/\/elfsight.com\/de\/#website","url":"https:\/\/elfsight.com\/de\/","name":"Elfsight DE","description":"Just another Elfsight Sites site","potentialAction":[{"@type":"SearchAction","target":{"@type":"EntryPoint","urlTemplate":"https:\/\/elfsight.com\/de\/?s={search_term_string}"},"query-input":{"@type":"PropertyValueSpecification","valueRequired":true,"valueName":"search_term_string"}}],"inLanguage":"de"}]}},"meta_box":{"industry":"","seo_heading":"","heading":"","description":"","cta_heading":"","cta_description":"","application":"498","h1":"Elementor-Wetter-Widget","h1_caption":"Zeigen Sie aktuelle Wetterinformationen f\u00fcr jeden Ort auf Ihrer Website an, um Ihr lokales oder reisendes Publikum m\u00fchelos auf Ihre Elementor-Website aufmerksam zu machen.","application_category":[],"applications_title":"","applications_request_title":"","applications_request_button_text":"","hero_text":"","hero_video":"","hero_video_schema_markup":"","selling_points_title":"","selling_points_caption":"","selling_points":[],"selling_points_cta_text":"","features_title":"","features":"","ed_cta_examples_text":"","ed_cta_examples_hidden":"","ed_cta_demo_text":"","ed_cta_demo_hidden":"","why_caption":"","why_editor_title":"","why_editor_text":"","why_team_title":"","why_team_text":"","why_service_title":"","why_service_text":"","template_catalog_visible":"0","template_catalog_title":"","template_catalog_text":"","template_catalog_categories_visible":"","demo_title":"Erstellen Sie Ihr Wetter-Widget","demo_caption":"Konfigurieren Sie Ihr Wetter und f\u00fcgen Sie es kostenlos zu Ihrer Elementor-Website hinzu!","default_faq_hidden":"","app_template_category":[],"platform":"223","template_public_id":"","codecanyon_url":"","codecanyon_item_id":"","codecanyon_price":"","pricing_caption":"","pricing_elfsight_apps_hide_column":"","pricing_elfsight_apps_url":"","pricing_codecanyon_price_caption":"","integration_category":[],"integration_request_title":"","integration_request_cta":"","integration_platform":"","integrations":[],"platform_category":[],"video_schema_markup":"","price":"ab 0 $ \/ Monat","trial":"","benefits":[{"text":"Kostenlose Installationshilfe"},{"text":"Premium-Support"},{"text":"14-t\u00e4gige R\u00fcckerstattungsgarantie"},{"text":"Lebenslange Verbesserungen"}],"button_url":"#demo","button_target_blank":"0","button_nofollow":"0","attributes":[{"name":"Installiert","content":"10,000 - 100,000"},{"name":"Reaktionsfreudig","content":"Ja"},{"name":"Kompatible Browser","content":"Firefox, Safari, Opera, Chrome, Edge"}],"tags":[],"tags_disable_links":"0","hide_more_platforms":"0","video_object":"","demo_hide_cta":"0","demo_hide_cloud_options":"0","pricing_title":"","pricing":[{"pricing_icon":"platform","pricing_title":"Elfsight Apps","pricing_title_caption":"Multiplattform-L\u00f6sung","pricing_price":"ab 0 $ \/ Monat","pricing_price_caption":"Beginnen Sie mit einem kostenlosen Plan","pricing_benefits":[{"text":"Unbegrenzte Domains"},{"text":"Engagierte Unterst\u00fctzung"},{"text":"Kostenlose Installationsunterst\u00fctzung"},{"text":"Preis f\u00fcr mehrere Apps"}],"pricing_button_text":"Zur Website hinzuf\u00fcgen","pricing_button_url":"#demo"}],"related_apps_title":"","related_apps_hidden":"0","author":"","image":[],"title":"","job":"","social_networks":[]},"_links":{"self":[{"href":"https:\/\/elfsight.com\/de\/wp-json\/wp\/v2\/pages\/10993","targetHints":{"allow":["GET"]}}],"collection":[{"href":"https:\/\/elfsight.com\/de\/wp-json\/wp\/v2\/pages"}],"about":[{"href":"https:\/\/elfsight.com\/de\/wp-json\/wp\/v2\/types\/page"}],"author":[{"embeddable":true,"href":"https:\/\/elfsight.com\/de\/wp-json\/wp\/v2\/users\/9"}],"replies":[{"embeddable":true,"href":"https:\/\/elfsight.com\/de\/wp-json\/wp\/v2\/comments?post=10993"}],"version-history":[{"count":3,"href":"https:\/\/elfsight.com\/de\/wp-json\/wp\/v2\/pages\/10993\/revisions"}],"predecessor-version":[{"id":24898,"href":"https:\/\/elfsight.com\/de\/wp-json\/wp\/v2\/pages\/10993\/revisions\/24898"}],"up":[{"embeddable":true,"href":"https:\/\/elfsight.com\/de\/wp-json\/wp\/v2\/pages\/2173"}],"wp:attachment":[{"href":"https:\/\/elfsight.com\/de\/wp-json\/wp\/v2\/media?parent=10993"}],"curies":[{"name":"wp","href":"https:\/\/api.w.org\/{rel}","templated":true}]}}