{"id":10988,"date":"1970-01-01T00:00:00","date_gmt":"1970-01-01T00:00:00","guid":{"rendered":"https:\/\/elfsight.com\/de\/?page_id=10988"},"modified":"2025-02-25T06:25:17","modified_gmt":"2025-02-25T06:25:17","slug":"joomla","status":"publish","type":"page","link":"https:\/\/elfsight.com\/de\/weather-widget\/joomla\/","title":{"rendered":"Weather &#8211; Joomla"},"content":{"rendered":"\n<div class=\"application-platform-content-item-description application-platform-content-item\" id=\"description\" data-nav-section=\"description\"><h2>Beschreibung<\/h2><p>Das Elfsight-Wetter-Widget ist ein unkompliziertes und hochgradig anpassbares Website-Widget, mit dem Sie Ihren Benutzern die aktuelle Wettervorhersage f\u00fcr bieten k\u00f6nnen einem ausgew\u00e4hlten Ort. Geben Sie einen Ort mithilfe des Namens, der Postleitzahl oder der Koordinaten ein. Ihre Besucher sehen die neuesten Informationen zu Temperatur, Luftdruck, Luftfeuchtigkeit und Wetterbedingungen. Es besteht die M\u00f6glichkeit, st\u00fcndliche oder t\u00e4gliche Vorhersagen anzuzeigen. Sie k\u00f6nnen die Benutzeroberfl\u00e4che mit Hintergrundbildern zum Thema Wetter und der Option, den Hintergrund in benutzerdefinierten Farben zu malen, personalisieren. <\/p><p><b>Bieten Sie ein besseres Kundenerlebnis mit einem informativen Wetter-Widget auf Ihrer Website. <\/b><\/p><div class=\"faq\" data-component=\"FAQ\"><div class=\"faq-item\">\r\n\t\t\t\t\t<div class=\"faq-item-question\">\r\n\t\t\t\t\t\t<h3 class=\"faq-item-question-text\">Welche anderen Module sind ein Muss f\u00fcr eine Joomla-Site?<\/h3>\r\n\r\n\t\t\t\t\t\t<div class=\"faq-item-question-icon\"><\/div>\r\n\t\t\t\t\t<\/div>\r\n\r\n\t\t\t\t\t<div class=\"faq-item-answer\">\r\n\t\t\t\t\t\t<div class=\"faq-item-answer-text\"><p>Sie k\u00f6nnen jede Art von Plugin auf finden Elfsight, von zahlreichen Chats bis hin zu Galerien und Rezensionen. Sie k\u00f6nnen beispielsweise einen <a href=\"https:\/\/elfsight.com\/all-in-one-chat-widget\/joomla\/\">All-in-One-Chat<\/a> oder <a href=\"\/\/elfsight.com\/whatsapp-chat-widget\/joomla\/\">WhatsApp Chat<\/a>, um auf einfachste Weise mit Website-Benutzern zu kommunizieren, <a href=\"https:\/\/elfsight.com\/pdf-embed-widget\/joomla\/\">PDF-Einbettung<\/a> \u2013 zur Pr\u00e4sentation offizieller Dokumente oder Restaurantmen\u00fcs, <a href=\"https:\/\/elfsight.com\/instagram-feed-instashow\/joomla\/\">Instagram-Feed<\/a> &#8211; um Ihre \u00fcberw\u00e4ltigenden Instagram-Fotos direkt auf der Website zu pr\u00e4sentieren.<\/p><p>Denken Sie jedoch daran, dass Sie jedes gew\u00fcnschte Tool ausw\u00e4hlen und Ihre Website in nur wenigen Sekunden verbessern k\u00f6nnen!<\/p><\/div>\r\n\t\t\t\t\t<\/div>\r\n\t\t\t\t<\/div><div class=\"faq-item\">\r\n\t\t\t\t\t<div class=\"faq-item-question\">\r\n\t\t\t\t\t\t<h3 class=\"faq-item-question-text\">Wie f\u00fcge ich die Weather-Erweiterung zu einer Joomla-Website hinzu?<\/h3>\r\n\r\n\t\t\t\t\t\t<div class=\"faq-item-question-icon\"><\/div>\r\n\t\t\t\t\t<\/div>\r\n\r\n\t\t\t\t\t<div class=\"faq-item-answer\">\r\n\t\t\t\t\t\t<div class=\"faq-item-answer-text\"><p>Die Installation dauert nur eineinhalb Minuten. Passen Sie das animierte Modul f\u00fcr Ihre Joomla-Site im kostenlosen Konfigurator an, pr\u00e4sentieren Sie die aktuelle Wettervorhersage, den Wind und die Temperatur und geben Sie eine Postleitzahl oder einen St\u00e4dtenamen ein, um nur lokale Vorhersagen anzuzeigen.<\/p> <p>Kopieren Sie Ihren Installationscode und f\u00fcgen Sie ihn ein F\u00fcgen Sie es an die gew\u00fcnschte Stelle im Backend der Website ein. Habe es! Die Einrichtung des Wetter-Plugins auf Joomla ist abgeschlossen! M\u00f6glicherweise sehen Sie die vollst\u00e4ndige Anleitung zum Einbetten der Joomla-Wettererweiterung <a href=\"https:\/\/elfsight.com\/tutorials\/how-to-add-weather-widget\/#how-to-add-weather-to-joomla\">auf dieser Seite<\/a>.<\/p><\/div>\r\n\t\t\t\t\t<\/div>\r\n\t\t\t\t<\/div><div class=\"faq-item\">\r\n\t\t\t\t\t<div class=\"faq-item-question\">\r\n\t\t\t\t\t\t<h3 class=\"faq-item-question-text\">Kann ich sehen, wie das Widget auf einer Website aussehen wird?<\/h3>\r\n\r\n\t\t\t\t\t\t<div class=\"faq-item-question-icon\"><\/div>\r\n\t\t\t\t\t<\/div>\r\n\r\n\t\t\t\t\t<div class=\"faq-item-answer\">\r\n\t\t\t\t\t\t<div class=\"faq-item-answer-text\"><p>Ja, Sie d\u00fcrfen! Beim Erstellen der Joomla-Wettererweiterung <a href=\"https:\/\/elfsight.com\/weather-widget\/#demo\">im kostenlosen Online-Widget-Builder<\/a> ber\u00fccksichtigen Sie alle Konfigurationen auf der rechten Seite . Das Wetter darin ist identisch mit dem, was Sie einer Joomla-Website hinzuf\u00fcgen.<\/p><\/div>\r\n\t\t\t\t\t<\/div>\r\n\t\t\t\t<\/div><\/div><\/div><div class=\"application-platform-content-item-features application-platform-content-item\" id=\"features\" data-nav-section=\"features\"><p>Sehen Sie sich alle Funktionen von an Wetter-Widget. Sie k\u00f6nnen sie direkt im Editor festlegen und sie helfen Ihnen dabei, das Widget zu gestalten, das f\u00fcr Ihren Anwendungsfall am besten geeignet ist. <\/p><ul><li>Drei Methoden zum Hinzuf\u00fcgen des Ortes: durch den Namen, die Postleitzahl und die Koordinaten; <\/li><li>Mehr als 30 Sprachen enthalten, um Wetterinformationen in der Sprache anzuzeigen, die Ihr Publikum spricht; <\/li><li>F\u00fcnf Arten der Widget-Konfiguration f\u00fcr verschiedene Anwendungsf\u00e4lle; <\/li><li>Die Option, die t\u00e4gliche Vorhersage f\u00fcr die zuk\u00fcnftige Woche mit Datum anzuzeigen; <\/li><li>F\u00fcgen Sie das stundenweise Wetter f\u00fcr die n\u00e4chsten zw\u00f6lf Stunden hinzu. <\/li><\/ul><p><a href=\"#demo\">\u00dcberpr\u00fcfen Sie in unserer Demo, wie alle Funktionen funktionieren<\/a><\/p><\/div><div class=\"application-platform-content-item-installation application-platform-content-item\" id=\"installation\" data-nav-section=\"installation\"> <h2>Wie kann ich die Weather-Erweiterung in meine Joomla-Website einbetten? <\/h2><p>Befolgen Sie einfach die nachstehenden Anweisungen, um das Tool auf Joomla zu verwenden.<\/p> <ol><li><b>Verwalten Sie unseren kostenlosen Konfigurator und beginnen Sie mit der Erstellung Ihrer personalisierten Erweiterung. <\/b><br> Geben Sie das gew\u00fcnschte Aussehen und die gew\u00fcnschten Funktionsmerkmale des Werkzeugs an und nehmen Sie die Korrekturen vor. <\/li> <li><b>Sie erhalten Ihren eindeutigen Code, der im Fenster von Elfsight Apps angezeigt wird. <\/b><br> Wenn die Einrichtung Ihrer Wettererweiterung abgeschlossen ist, kopieren Sie den pers\u00f6nlichen Code im angezeigten Fenster und speichern Sie ihn f\u00fcr die zuk\u00fcnftige Verwendung. <\/li> <li><b>Beginn der Verwendung des Tools auf der Joomla-Website. <\/b><br> Platzieren Sie den zuvor gespeicherten Code auf Ihrer Website und \u00fcbernehmen Sie die Korrekturen. <\/li> <li><b>Du bist fertig! Die Einrichtung ist erfolgreich abgeschlossen. <\/b><br> Besuchen Sie Ihre Website, um zu sehen, wie die Erweiterung funktioniert. <\/li><\/ol><p>Z\u00f6gern Sie nicht, sich an den Kundendienst von Elfsight zu wenden, wenn Sie Rat ben\u00f6tigen oder Fragen haben. Bei jeder Anfrage stehen wir Ihnen gerne zur Verf\u00fcgung. <\/p><\/div>\n","protected":false},"excerpt":{"rendered":"","protected":false},"author":9,"featured_media":0,"parent":2173,"menu_order":0,"comment_status":"closed","ping_status":"closed","template":"templates\/template-application-platform.php","meta":{"publish_to_discourse":"","publish_post_category":"","wpdc_auto_publish_overridden":"","wpdc_topic_tags":"","wpdc_pin_topic":"","wpdc_pin_until":"","discourse_post_id":"","discourse_permalink":"","wpdc_publishing_response":"","wpdc_publishing_error":"","footnotes":""},"class_list":["post-10988","page","type-page","status-publish","hentry"],"yoast_head":"<!-- This site is optimized with the Yoast SEO plugin v25.3.1 - https:\/\/yoast.com\/wordpress\/plugins\/seo\/ -->\n<title>Wetter-Widget \u2013 Wettermodul zur Joomla-Website hinzuf\u00fcgen (kostenlos und schnell)<\/title>\n<meta name=\"description\" content=\"Erstellen Sie eine Weather-Erweiterung und ver\u00f6ffentlichen Sie sie mit Elfsight auf Ihrer Joomla-Website. Wir bieten kostenlosen Kundensupport und weitere Boni.\" \/>\n<meta name=\"robots\" content=\"index, follow, max-snippet:-1, max-image-preview:large, max-video-preview:-1\" \/>\n<link rel=\"canonical\" href=\"https:\/\/elfsight.com\/de\/weather-widget\/joomla\/\" \/>\n<meta property=\"og:locale\" content=\"de_DE\" \/>\n<meta property=\"og:type\" content=\"article\" \/>\n<meta property=\"og:title\" content=\"Wetter-Widget \u2013 Wettermodul zur Joomla-Website hinzuf\u00fcgen (kostenlos und schnell)\" \/>\n<meta property=\"og:description\" content=\"Erstellen Sie eine Weather-Erweiterung und ver\u00f6ffentlichen Sie sie mit Elfsight auf Ihrer Joomla-Website. Wir bieten kostenlosen Kundensupport und weitere Boni.\" \/>\n<meta property=\"og:url\" content=\"https:\/\/elfsight.com\/de\/weather-widget\/joomla\/\" \/>\n<meta property=\"og:site_name\" content=\"Elfsight DE\" \/>\n<meta property=\"article:modified_time\" content=\"2025-02-25T06:25:17+00:00\" \/>\n<meta name=\"twitter:card\" content=\"summary_large_image\" \/>\n<meta name=\"twitter:label1\" content=\"Gesch\u00e4tzte Lesezeit\" \/>\n\t<meta name=\"twitter:data1\" content=\"4\u00a0Minuten\" \/>\n<!-- \/ Yoast SEO plugin. -->","yoast_head_json":{"title":"Wetter-Widget \u2013 Wettermodul zur Joomla-Website hinzuf\u00fcgen (kostenlos und schnell)","description":"Erstellen Sie eine Weather-Erweiterung und ver\u00f6ffentlichen Sie sie mit Elfsight auf Ihrer Joomla-Website. Wir bieten kostenlosen Kundensupport und weitere Boni.","robots":{"index":"index","follow":"follow","max-snippet":"max-snippet:-1","max-image-preview":"max-image-preview:large","max-video-preview":"max-video-preview:-1"},"canonical":"https:\/\/elfsight.com\/de\/weather-widget\/joomla\/","og_locale":"de_DE","og_type":"article","og_title":"Wetter-Widget \u2013 Wettermodul zur Joomla-Website hinzuf\u00fcgen (kostenlos und schnell)","og_description":"Erstellen Sie eine Weather-Erweiterung und ver\u00f6ffentlichen Sie sie mit Elfsight auf Ihrer Joomla-Website. Wir bieten kostenlosen Kundensupport und weitere Boni.","og_url":"https:\/\/elfsight.com\/de\/weather-widget\/joomla\/","og_site_name":"Elfsight DE","article_modified_time":"2025-02-25T06:25:17+00:00","twitter_card":"summary_large_image","twitter_misc":{"Gesch\u00e4tzte Lesezeit":"4\u00a0Minuten"},"schema":{"@context":"https:\/\/schema.org","@graph":[{"@type":"WebPage","@id":"https:\/\/elfsight.com\/de\/weather-widget\/joomla\/","url":"https:\/\/elfsight.com\/de\/weather-widget\/joomla\/","name":"Wetter-Widget \u2013 Wettermodul zur Joomla-Website hinzuf\u00fcgen (kostenlos und schnell)","isPartOf":{"@id":"https:\/\/elfsight.com\/de\/#website"},"datePublished":"1970-01-01T00:00:00+00:00","dateModified":"2025-02-25T06:25:17+00:00","description":"Erstellen Sie eine Weather-Erweiterung und ver\u00f6ffentlichen Sie sie mit Elfsight auf Ihrer Joomla-Website. Wir bieten kostenlosen Kundensupport und weitere Boni.","breadcrumb":{"@id":"https:\/\/elfsight.com\/de\/weather-widget\/joomla\/#breadcrumb"},"inLanguage":"de","potentialAction":[{"@type":"ReadAction","target":["https:\/\/elfsight.com\/de\/weather-widget\/joomla\/"]}]},{"@type":"BreadcrumbList","@id":"https:\/\/elfsight.com\/de\/weather-widget\/joomla\/#breadcrumb","itemListElement":[{"@type":"ListItem","position":1,"name":"Home","item":"https:\/\/elfsight.com\/de\/"},{"@type":"ListItem","position":2,"name":"Weather","item":"https:\/\/elfsight.com\/de\/weather-widget\/"},{"@type":"ListItem","position":3,"name":"Weather &#8211; Joomla"}]},{"@type":"WebSite","@id":"https:\/\/elfsight.com\/de\/#website","url":"https:\/\/elfsight.com\/de\/","name":"Elfsight DE","description":"Just another Elfsight Sites site","potentialAction":[{"@type":"SearchAction","target":{"@type":"EntryPoint","urlTemplate":"https:\/\/elfsight.com\/de\/?s={search_term_string}"},"query-input":{"@type":"PropertyValueSpecification","valueRequired":true,"valueName":"search_term_string"}}],"inLanguage":"de"}]}},"meta_box":{"industry":"","seo_heading":"","heading":"","description":"","cta_heading":"","cta_description":"","application":"498","h1":"Joomla-Wetter-Widget","h1_caption":"Zeigen Sie aktuelle Wetterinformationen f\u00fcr jeden Ort auf Ihrer Website an, um Ihr lokales oder reisendes Publikum m\u00fchelos auf Ihre Joomla-Website aufmerksam zu machen.","application_category":[],"applications_title":"","applications_request_title":"","applications_request_button_text":"","hero_text":"","hero_video":"","hero_video_schema_markup":"","selling_points_title":"","selling_points_caption":"","selling_points":[],"selling_points_cta_text":"","features_title":"","features":"","ed_cta_examples_text":"","ed_cta_examples_hidden":"","ed_cta_demo_text":"","ed_cta_demo_hidden":"","why_caption":"","why_editor_title":"","why_editor_text":"","why_team_title":"","why_team_text":"","why_service_title":"","why_service_text":"","template_catalog_visible":"0","template_catalog_title":"","template_catalog_text":"","template_catalog_categories_visible":"","demo_title":"Erstellen Sie Ihr Wetter-Plugin","demo_caption":"Konfigurieren Sie Ihr Wetter und f\u00fcgen Sie es kostenlos zu Ihrer Joomla-Website hinzu!","default_faq_hidden":"","app_template_category":[],"platform":"259","template_public_id":"","codecanyon_url":"","codecanyon_item_id":"","codecanyon_price":"","pricing_caption":"","pricing_elfsight_apps_hide_column":"","pricing_elfsight_apps_url":"","pricing_codecanyon_price_caption":"","integration_category":[],"integration_request_title":"","integration_request_cta":"","integration_platform":"","integrations":[],"platform_category":[],"video_schema_markup":"","price":"ab 0 $ \/ Monat","trial":"","benefits":[{"text":"Kostenlose Installationsunterst\u00fctzung"},{"text":"Premium-Support"},{"text":"14-t\u00e4gige Geld-zur\u00fcck-Garantie"},{"text":"Lebenslange kostenlose Verbesserungen"}],"button_url":"#demo","button_target_blank":"0","button_nofollow":"0","attributes":[{"name":"Installiert","content":"10,000 - 100,000"},{"name":"Reaktionsfreudig","content":"Ja"},{"name":"Kompatible Browser","content":"IE11, Firefox, Safari, Opera, Chrome, Edge"}],"tags":[],"tags_disable_links":"0","hide_more_platforms":"0","video_object":"","demo_hide_cta":"0","demo_hide_cloud_options":"0","pricing_title":"","pricing":[{"pricing_icon":"platform","pricing_title":"Elfsight Apps","pricing_title_caption":"Plattformunabh\u00e4ngige Version, die f\u00fcr jede Website geeignet ist","pricing_price":"ab 0 $ \/ Monat","pricing_price_caption":"Beginnen Sie mit einem kostenlosen Plan","pricing_benefits":[{"text":"Unbegrenzte Domains"},{"text":"Professioneller Kundensupport"},{"text":"Kostenloser Installationsservice"},{"text":"Sonderangebot f\u00fcr mehrere Apps"}],"pricing_button_text":"Zur Website hinzuf\u00fcgen","pricing_button_url":"#demo"}],"related_apps_title":"","related_apps_hidden":"0","author":"","image":[],"title":"","job":"","social_networks":[]},"_links":{"self":[{"href":"https:\/\/elfsight.com\/de\/wp-json\/wp\/v2\/pages\/10988","targetHints":{"allow":["GET"]}}],"collection":[{"href":"https:\/\/elfsight.com\/de\/wp-json\/wp\/v2\/pages"}],"about":[{"href":"https:\/\/elfsight.com\/de\/wp-json\/wp\/v2\/types\/page"}],"author":[{"embeddable":true,"href":"https:\/\/elfsight.com\/de\/wp-json\/wp\/v2\/users\/9"}],"replies":[{"embeddable":true,"href":"https:\/\/elfsight.com\/de\/wp-json\/wp\/v2\/comments?post=10988"}],"version-history":[{"count":5,"href":"https:\/\/elfsight.com\/de\/wp-json\/wp\/v2\/pages\/10988\/revisions"}],"predecessor-version":[{"id":24902,"href":"https:\/\/elfsight.com\/de\/wp-json\/wp\/v2\/pages\/10988\/revisions\/24902"}],"up":[{"embeddable":true,"href":"https:\/\/elfsight.com\/de\/wp-json\/wp\/v2\/pages\/2173"}],"wp:attachment":[{"href":"https:\/\/elfsight.com\/de\/wp-json\/wp\/v2\/media?parent=10988"}],"curies":[{"name":"wp","href":"https:\/\/api.w.org\/{rel}","templated":true}]}}