{"id":10985,"date":"1970-01-01T00:00:00","date_gmt":"1970-01-01T00:00:00","guid":{"rendered":"https:\/\/elfsight.com\/de\/?page_id=10985"},"modified":"2025-07-10T14:00:14","modified_gmt":"2025-07-10T14:00:14","slug":"iframe","status":"publish","type":"page","link":"https:\/\/elfsight.com\/de\/weather-widget\/iframe\/","title":{"rendered":"Weather &#8211; iFrame"},"content":{"rendered":"<div class=\"application-platform-content-item-description application-platform-content-item\" id=\"description\" data-nav-section=\"description\"><h2>Wetter mit dem Elfsight-Widget in iFrame einbetten<\/h2><p>Elfsight Weather ist ein unkompliziertes und sehr anpassungsf\u00e4higes Website-Plugin zur Darstellung des aktuellen Wetters Wetteraussichten f\u00fcr jedes Gebiet. Geben Sie einen Ort mithilfe des Titels, der Postleitzahl oder der Koordinaten ein. Das Website-Publikum kann jetzt die aktualisierten Daten zu Temperatur, Druck, Luftfeuchtigkeit und aktivem Wetter sehen. Unser Widget verf\u00fcgt \u00fcber eine Funktion zur Darstellung st\u00fcndlicher oder t\u00e4glicher Prognosen. Das Widget enth\u00e4lt au\u00dferdem thematische Hintergrundbilder und die Funktion zum Anwenden eigener Farben. <\/p><p><b>Bieten Sie ein verbessertes Kundenerlebnis mit einem informativen Wetter-Widget auf Ihrer Website. <\/b><\/p><\/div><div class=\"application-platform-content-item-features application-platform-content-item\" id=\"features\" data-nav-section=\"features\"><p>\u00dcberpr\u00fcfen Sie alle Funktionen des Wetter-Widgets. Sie sind direkt im Editor verf\u00fcgbar und helfen Ihnen, das Widget passend f\u00fcr Ihren Fall zu konfigurieren. <\/p><ul><li>3 M\u00f6glichkeiten, den Standort hinzuzuf\u00fcgen: den Namen, die Postleitzahl und die Koordinaten; <\/li><li>Mehr als 30 Sprachen enthalten, um Wetterinformationen in Ihrer Muttersprache anzuzeigen; <\/li><li>F\u00fcnf Arten der Widget-Konfiguration f\u00fcr verschiedene Anwendungsf\u00e4lle; <\/li><li>Die M\u00f6glichkeit, die t\u00e4gliche Vorhersage f\u00fcr eine Woche mit Datum hinzuzuf\u00fcgen; <\/li><li>Zeigen Sie stundenweise das Wetter f\u00fcr die n\u00e4chsten zw\u00f6lf Stunden. <\/li><\/ul><p><a href=\"#demo\">Testen Sie alle anderen Funktionen in der Demo<\/a><\/p><\/div><div class=\"application-platform-content-item-installation application-platform-content-item\" id=\"installation\" data-nav-section=\"installation\"><h2> Wie integriere ich das Wetter-Widget in die iFrame-Website? <\/h2><p>Um das Plugin zu integrieren, befolgen Sie einfach die folgenden Richtlinien<\/p><ol><li><b>Erstellen Sie Ihr einzigartiges Wetter-Plugin<\/b><br>Mit Hilfe unserer kostenlosen Demo, Richten Sie ein Plugin mit einer bevorzugten Zusammensetzung und Funktionalit\u00e4t ein. <\/li> <li><b>Erhalten Sie den individuellen Code zum Einbetten des Plugins<\/b><br>Nachdem Sie Ihr Widget angepasst haben, erhalten Sie den eindeutigen Code aus der Popup-Benachrichtigung auf Elfsight Apps. Kopieren Sie den Code. <\/li> <li><b> Betten Sie das Plugin auf Ihrer iFrame-Site ein<\/b><br>Gehen Sie zu dem Bereich, in dem Sie das Plugin platzieren m\u00fcssen, und f\u00fcgen Sie dort den gespeicherten Code ein. Speichern Sie die \u00c4nderungen. <\/li> <li><b>Die Integration ist gelungen! <\/b><br>Geben Sie Ihre Website ein, um Ihr Plugin anzuzeigen. <\/li><\/ol><p>Nehmen Sie sich eine Minute Zeit, um unseren Support-Service zu erreichen, wenn Sie unsere Hilfe ben\u00f6tigen oder Fragen haben. Wir helfen Ihnen gerne bei jeder Anfrage weiter. <\/p><div class=\"faq\" data-component=\"FAQ\"><div class=\"faq-item\">\r\n\t\t\t\t\t<div class=\"faq-item-question\">\r\n\t\t\t\t\t\t<h3 class=\"faq-item-question-text\">Wie f\u00fcge ich Wetter ohne Codierung zu meiner iFrame-Webseite hinzu?<\/h3>\r\n\r\n\t\t\t\t\t\t<div class=\"faq-item-question-icon\"><\/div>\r\n\t\t\t\t\t<\/div>\r\n\r\n\t\t\t\t\t<div class=\"faq-item-answer\">\r\n\t\t\t\t\t\t<div class=\"faq-item-answer-text\"> <p>Das Unternehmen Elfsight bietet eine Cloud-L\u00f6sung an, mit der Websitebesitzer selbst ein Wetter-Plugin erstellen und sich das unkompliziert ansehen k\u00f6nnen Anleitung: Gehen Sie zum Live-Editor, um ein Wetter-Widget zu erstellen, das Sie auf der iFrame-Startseite einbinden m\u00f6chten. W\u00e4hlen Sie eine der vorgefertigten Vorlagen aus und \u00e4ndern Sie die Wettereinstellungen, f\u00fcgen Sie Ihre Inhalte hinzu, \u00e4ndern Sie das Layout und die Farbe der Elemente ohne Programmierkenntnisse. Klicken Sie, um das Wetter zu speichern und den Code des Plugins zum Einbetten zu kopieren, den Sie einfach in die iFrame-Site einf\u00fcgen k\u00f6nnen, ohne ein kostenpflichtiges Abonnement kaufen zu m\u00fcssen. Mit Hilfe unseres benutzerfreundlichen Konfigurators kann jeder Internetnutzer online ein Wetter-Plugin erstellen und es m\u00fchelos in jede iFrame-Webseite einbinden. Sie sollten nicht bezahlen oder Ihre Kartendaten einreichen, um auf unseren Editor zuzugreifen. Wenn Sie auf Hindernisse jeglicher Art sto\u00dfen, wenden Sie sich bitte an unser Support-Team.<\/p> <\/div>\r\n\t\t\t\t\t<\/div>\r\n\t\t\t\t<\/div> <\/div><\/div>","protected":false},"excerpt":{"rendered":"","protected":false},"author":9,"featured_media":0,"parent":2173,"menu_order":0,"comment_status":"closed","ping_status":"closed","template":"templates\/template-application-platform.php","meta":{"publish_to_discourse":"","publish_post_category":"","wpdc_auto_publish_overridden":"","wpdc_topic_tags":"","wpdc_pin_topic":"","wpdc_pin_until":"","discourse_post_id":"","discourse_permalink":"","wpdc_publishing_response":"","wpdc_publishing_error":"","footnotes":""},"class_list":["post-10985","page","type-page","status-publish","hentry"],"yoast_head":"<!-- This site is optimized with the Yoast SEO plugin v25.3.1 - https:\/\/yoast.com\/wordpress\/plugins\/seo\/ -->\n<title>Wetter-Widget \u2013 Wetter-Widget zur iFrame-Website hinzuf\u00fcgen (kostenlos und schnell)<\/title>\n<meta name=\"description\" content=\"Hier haben Sie die M\u00f6glichkeit, ein Wetter-Widget zu erstellen und es schnell und einfach zu Ihrer iFrame-Website hinzuzuf\u00fcgen. Erhalten Sie kostenlosen Kundensupport und andere Verg\u00fcnstigungen von Elfsight.\" \/>\n<meta name=\"robots\" content=\"index, follow, max-snippet:-1, max-image-preview:large, max-video-preview:-1\" \/>\n<link rel=\"canonical\" href=\"https:\/\/elfsight.com\/de\/weather-widget\/iframe\/\" \/>\n<meta property=\"og:locale\" content=\"de_DE\" \/>\n<meta property=\"og:type\" content=\"article\" \/>\n<meta property=\"og:title\" content=\"Wetter-Widget \u2013 Wetter-Widget zur iFrame-Website hinzuf\u00fcgen (kostenlos und schnell)\" \/>\n<meta property=\"og:description\" content=\"Hier haben Sie die M\u00f6glichkeit, ein Wetter-Widget zu erstellen und es schnell und einfach zu Ihrer iFrame-Website hinzuzuf\u00fcgen. Erhalten Sie kostenlosen Kundensupport und andere Verg\u00fcnstigungen von Elfsight.\" \/>\n<meta property=\"og:url\" content=\"https:\/\/elfsight.com\/de\/weather-widget\/iframe\/\" \/>\n<meta property=\"og:site_name\" content=\"Elfsight DE\" \/>\n<meta property=\"article:modified_time\" content=\"2025-07-10T14:00:14+00:00\" \/>\n<meta name=\"twitter:card\" content=\"summary_large_image\" \/>\n<meta name=\"twitter:label1\" content=\"Gesch\u00e4tzte Lesezeit\" \/>\n\t<meta name=\"twitter:data1\" content=\"3\u00a0Minuten\" \/>\n<!-- \/ Yoast SEO plugin. -->","yoast_head_json":{"title":"Wetter-Widget \u2013 Wetter-Widget zur iFrame-Website hinzuf\u00fcgen (kostenlos und schnell)","description":"Hier haben Sie die M\u00f6glichkeit, ein Wetter-Widget zu erstellen und es schnell und einfach zu Ihrer iFrame-Website hinzuzuf\u00fcgen. Erhalten Sie kostenlosen Kundensupport und andere Verg\u00fcnstigungen von Elfsight.","robots":{"index":"index","follow":"follow","max-snippet":"max-snippet:-1","max-image-preview":"max-image-preview:large","max-video-preview":"max-video-preview:-1"},"canonical":"https:\/\/elfsight.com\/de\/weather-widget\/iframe\/","og_locale":"de_DE","og_type":"article","og_title":"Wetter-Widget \u2013 Wetter-Widget zur iFrame-Website hinzuf\u00fcgen (kostenlos und schnell)","og_description":"Hier haben Sie die M\u00f6glichkeit, ein Wetter-Widget zu erstellen und es schnell und einfach zu Ihrer iFrame-Website hinzuzuf\u00fcgen. Erhalten Sie kostenlosen Kundensupport und andere Verg\u00fcnstigungen von Elfsight.","og_url":"https:\/\/elfsight.com\/de\/weather-widget\/iframe\/","og_site_name":"Elfsight DE","article_modified_time":"2025-07-10T14:00:14+00:00","twitter_card":"summary_large_image","twitter_misc":{"Gesch\u00e4tzte Lesezeit":"3\u00a0Minuten"},"schema":{"@context":"https:\/\/schema.org","@graph":[{"@type":"WebPage","@id":"https:\/\/elfsight.com\/de\/weather-widget\/iframe\/","url":"https:\/\/elfsight.com\/de\/weather-widget\/iframe\/","name":"Wetter-Widget \u2013 Wetter-Widget zur iFrame-Website hinzuf\u00fcgen (kostenlos und schnell)","isPartOf":{"@id":"https:\/\/elfsight.com\/de\/#website"},"datePublished":"1970-01-01T00:00:00+00:00","dateModified":"2025-07-10T14:00:14+00:00","description":"Hier haben Sie die M\u00f6glichkeit, ein Wetter-Widget zu erstellen und es schnell und einfach zu Ihrer iFrame-Website hinzuzuf\u00fcgen. Erhalten Sie kostenlosen Kundensupport und andere Verg\u00fcnstigungen von Elfsight.","breadcrumb":{"@id":"https:\/\/elfsight.com\/de\/weather-widget\/iframe\/#breadcrumb"},"inLanguage":"de","potentialAction":[{"@type":"ReadAction","target":["https:\/\/elfsight.com\/de\/weather-widget\/iframe\/"]}]},{"@type":"BreadcrumbList","@id":"https:\/\/elfsight.com\/de\/weather-widget\/iframe\/#breadcrumb","itemListElement":[{"@type":"ListItem","position":1,"name":"Home","item":"https:\/\/elfsight.com\/de\/"},{"@type":"ListItem","position":2,"name":"Weather","item":"https:\/\/elfsight.com\/de\/weather-widget\/"},{"@type":"ListItem","position":3,"name":"Weather &#8211; iFrame"}]},{"@type":"WebSite","@id":"https:\/\/elfsight.com\/de\/#website","url":"https:\/\/elfsight.com\/de\/","name":"Elfsight DE","description":"Just another Elfsight Sites site","potentialAction":[{"@type":"SearchAction","target":{"@type":"EntryPoint","urlTemplate":"https:\/\/elfsight.com\/de\/?s={search_term_string}"},"query-input":{"@type":"PropertyValueSpecification","valueRequired":true,"valueName":"search_term_string"}}],"inLanguage":"de"}]}},"meta_box":{"industry":"","seo_heading":"","heading":"","description":"","cta_heading":"","cta_description":"","application":"498","h1":"iFrame-Wetter-Widget","h1_caption":"Zeigen Sie aktuelle Wetterinformationen f\u00fcr jeden Ort auf Ihrer Website an, um Ihr lokales oder reisendes Publikum m\u00fchelos auf Ihre iFrame-Website aufmerksam zu machen.","application_category":[],"applications_title":"","applications_request_title":"","applications_request_button_text":"","hero_text":"","hero_video":"","hero_video_schema_markup":"","selling_points_title":"","selling_points_caption":"","selling_points":[],"selling_points_cta_text":"","features_title":"","features":"","ed_cta_examples_text":"","ed_cta_examples_hidden":"","ed_cta_demo_text":"","ed_cta_demo_hidden":"","why_caption":"","why_editor_title":"","why_editor_text":"","why_team_title":"","why_team_text":"","why_service_title":"","why_service_text":"","template_catalog_visible":"","template_catalog_title":"","template_catalog_text":"","template_catalog_categories_visible":"","demo_title":"Erstellen Sie Ihr Wetter-Widget","demo_caption":"Konfigurieren Sie Ihr Wetter und f\u00fcgen Sie es kostenlos zu Ihrer iFrame-Website hinzu!","default_faq_hidden":"","app_template_category":[],"platform":"240","template_public_id":"","codecanyon_url":"","codecanyon_item_id":"","codecanyon_price":"","pricing_caption":"","pricing_elfsight_apps_hide_column":"","pricing_elfsight_apps_url":"","pricing_codecanyon_price_caption":"","integration_category":[],"integration_request_title":"","integration_request_cta":"","integration_platform":"","integrations":[],"platform_category":[],"video_schema_markup":"","price":"ab 0 $ \/ Monat","trial":"","benefits":[{"text":"Kostenlose Installationsunterst\u00fctzung"},{"text":"Au\u00dfergew\u00f6hnliche Unterst\u00fctzung"},{"text":"14-t\u00e4gige R\u00fcckerstattungsgarantie"},{"text":"Regelm\u00e4\u00dfige Verbesserungen"}],"button_url":"#demo","button_target_blank":"","button_nofollow":"","attributes":[{"name":"Installiert","content":"10,000 - 100,000"},{"name":"Reaktionsfreudig","content":"Ja"},{"name":"Kompatible Browser","content":"Opera, Chrome, Safari, Firefox, Edge"}],"tags":[],"tags_disable_links":"","hide_more_platforms":"","video_object":"","demo_hide_cta":"","demo_hide_cloud_options":"","pricing_title":"","pricing":[{"pricing_icon":"platform","pricing_title":"Elfsight Apps","pricing_title_caption":"Plattformunabh\u00e4ngige digitale L\u00f6sung, die zu jeder Website passt","pricing_price":"ab 0 $ \/ Monat","pricing_price_caption":"Beginnen Sie mit einem kostenlosen Plan","pricing_benefits":[{"text":"Unbegrenzte Anzahl an Domains"},{"text":"Engagierter Kundensupport"},{"text":"Kostenlose Installationsunterst\u00fctzung"},{"text":"Sonderangebot f\u00fcr mehrere Apps"}],"pricing_button_text":"Zur Website hinzuf\u00fcgen","pricing_button_url":"#demo"}],"related_apps_title":"","related_apps_hidden":"","author":"","image":[],"title":"","job":"","social_networks":[]},"_links":{"self":[{"href":"https:\/\/elfsight.com\/de\/wp-json\/wp\/v2\/pages\/10985","targetHints":{"allow":["GET"]}}],"collection":[{"href":"https:\/\/elfsight.com\/de\/wp-json\/wp\/v2\/pages"}],"about":[{"href":"https:\/\/elfsight.com\/de\/wp-json\/wp\/v2\/types\/page"}],"author":[{"embeddable":true,"href":"https:\/\/elfsight.com\/de\/wp-json\/wp\/v2\/users\/9"}],"replies":[{"embeddable":true,"href":"https:\/\/elfsight.com\/de\/wp-json\/wp\/v2\/comments?post=10985"}],"version-history":[{"count":1,"href":"https:\/\/elfsight.com\/de\/wp-json\/wp\/v2\/pages\/10985\/revisions"}],"predecessor-version":[{"id":10989,"href":"https:\/\/elfsight.com\/de\/wp-json\/wp\/v2\/pages\/10985\/revisions\/10989"}],"up":[{"embeddable":true,"href":"https:\/\/elfsight.com\/de\/wp-json\/wp\/v2\/pages\/2173"}],"wp:attachment":[{"href":"https:\/\/elfsight.com\/de\/wp-json\/wp\/v2\/media?parent=10985"}],"curies":[{"name":"wp","href":"https:\/\/api.w.org\/{rel}","templated":true}]}}