{"id":10978,"date":"1970-01-01T00:00:00","date_gmt":"1970-01-01T00:00:00","guid":{"rendered":"https:\/\/elfsight.com\/de\/?page_id=10978"},"modified":"2025-07-10T14:00:52","modified_gmt":"2025-07-10T14:00:52","slug":"opencart","status":"publish","type":"page","link":"https:\/\/elfsight.com\/de\/weather-widget\/opencart\/","title":{"rendered":"Weather &#8211; OpenCart"},"content":{"rendered":"<div class=\"application-platform-content-item-description application-platform-content-item\" id=\"description\" data-nav-section=\"description\"><h2>Beschreibung<\/h2><p>Elfsight Weather ist ein unkompliziertes und sehr anpassbares Website-Widget, das die aktuelle Wettervorhersage anzeigt f\u00fcr jeden Bereich. F\u00fcgen Sie den Standort mit dem Namen, der Postleitzahl oder den Koordinaten hinzu. Website-Besucher k\u00f6nnen die aktuellen Daten zu Temperatur, Druck, Luftfeuchtigkeit und aktivem Wetter \u00fcberpr\u00fcfen. Es gibt eine Funktion zum Anzeigen einer st\u00fcndlichen oder t\u00e4glichen Vorhersage. Sie k\u00f6nnen die Benutzeroberfl\u00e4che mit Hintergrundbildern zum Thema Wetter und der Option, Ihre eigenen Farben auszuw\u00e4hlen, anpassen. <\/p><p><b>Erleichtern Sie Ihren Kunden die Buchung ihrer Reise mit der Wettervorhersage auf Anhieb! <\/b><\/p><\/div><div class=\"application-platform-content-item-features application-platform-content-item\" id=\"features\" data-nav-section=\"features\"><p>Hier ist eine Liste aller Funktionen des Wetter-Widgets. Sie k\u00f6nnen sie direkt im Editor festlegen und helfen Ihnen dabei, das Widget speziell an Ihre Bed\u00fcrfnisse anzupassen. <\/p><ul><li>Drei M\u00f6glichkeiten, den Standort einzugeben: den Namen, die Postleitzahl oder die Koordinaten; <\/li><li>\u00dcber 30 Sprachen enthalten, um Wetterinformationen in Ihrer Muttersprache anzuzeigen; <\/li><li>F\u00fcnf Varianten der Widget-Konfiguration f\u00fcr verschiedene Anwendungsf\u00e4lle; <\/li><li>Die Option, die Tagesprognose f\u00fcr eine Woche mit Datum anzuzeigen; <\/li><li>St\u00fcndliche Vorhersage f\u00fcr die n\u00e4chsten zw\u00f6lf Stunden anzeigen. <\/li><\/ul><p><a href=\"#demo\">Sehen Sie in unserer Demo, wie alle Funktionen funktionieren<\/a><\/p><\/div><div class=\"application-platform-content-item-installation application-platform-content-item\" id=\"installation\" data-nav-section=\"installation\"> <h2>Wie f\u00fcge ich die Weather-Erweiterung zu meiner OpenCart-Website hinzu? <\/h2><p>Um das Widget einzuf\u00fcgen, f\u00fchren Sie einfach diese schnellen Schritte aus<\/p><ol><li><b>Starten Sie unseren kostenlosen Editor und beginnen Sie mit der Erstellung Ihrer personalisierten Wettererweiterung. <\/b><br> W\u00e4hlen Sie das gew\u00fcnschte Aussehen und die Leistung der Erweiterung und wenden Sie alle \u00c4nderungen an. <\/li> <li><b>Kopieren Sie Ihren eindeutigen Code, der im Feld von Elfsight Apps angezeigt wird. <\/b><br> Sobald die Einrichtung Ihrer Erweiterung abgeschlossen ist, kopieren Sie Ihren Code aus dem angezeigten Feld und bewahren Sie ihn f\u00fcr einen sp\u00e4teren Bedarf auf. <\/li> <li><b>Initiieren Sie die Nutzung der Erweiterung auf Ihrer OpenCart-Webseite. <\/b><br> Integrieren Sie den k\u00fcrzlich kopierten Code in Ihre Website und wenden Sie die Verbesserungen an. <\/li> <li><b>Das Setup ist vollst\u00e4ndig beendet. <\/b><br> Besuchen Sie Ihre Website, um die Funktionsweise der Erweiterung zu sehen. <\/li><\/ol><p>Z\u00f6gern Sie nicht, sich an den Kundendienst von Elfsight zu wenden, wenn Sie Hilfe ben\u00f6tigen oder Fragen haben. Unsere Spezialisten stehen Ihnen bei jeder Anfrage gerne zur Verf\u00fcgung. <\/p><div class=\"faq\" data-component=\"FAQ\"><div class=\"faq-item\">\r\n\t\t\t\t\t<div class=\"faq-item-question\">\r\n\t\t\t\t\t\t<h3 class=\"faq-item-question-text\">Gibt es eine M\u00f6glichkeit, Wetter ohne Programmierkenntnisse zu meiner OpenCart-Homepage hinzuzuf\u00fcgen?<\/h3>\r\n\r\n\t\t\t\t\t\t<div class=\"faq-item-question-icon\"><\/div>\r\n\t\t\t\t\t<\/div>\r\n\r\n\t\t\t\t\t<div class=\"faq-item-answer\">\r\n\t\t\t\t\t\t<div class=\"faq-item-answer-text\"> <p>Das Unternehmen Elfsight stellt eine Cloud-L\u00f6sung vor, mit der Sie selbst ein Wetter-Plugin erstellen und sich das unkompliziert ansehen k\u00f6nnen Anleitung: Gehen Sie zur Online-Demo, um ein Wetter-Widget zu erstellen, das Sie in OpenCart integrieren m\u00f6chten. W\u00e4hlen Sie eine der vielen vorgefertigten Vorlagen aus und passen Sie die Wettereinstellungen an, \u00e4ndern Sie das Layout und die Farbe der Elemente und aktualisieren Sie Ihre Inhalte \u2013 ganz ohne Programmierkenntnisse. Klicken Sie hier, um die von Ihnen vorgenommenen Wettereinstellungen zu speichern und den Plugin-Code f\u00fcr die Installation zu erhalten, der mit einem kostenlosen Plan problemlos in die OpenCart-Webseite eingebunden werden kann. Mit dem unkomplizierten Editor kann jeder Webbenutzer eine Wetter-App erstellen und diese problemlos in die OpenCart-Homepage einbetten. Sie m\u00fcssen keinen kostenpflichtigen Plan abschlie\u00dfen oder Ihre Kartendaten eingeben, um auf den Dienst zuzugreifen. Wenn Sie bei irgendeinem Schritt auf Hindernisse sto\u00dfen, wenden Sie sich an unser technisches Support-Team.<\/p> <\/div>\r\n\t\t\t\t\t<\/div>\r\n\t\t\t\t<\/div> <\/div><\/div>","protected":false},"excerpt":{"rendered":"","protected":false},"author":9,"featured_media":0,"parent":2173,"menu_order":0,"comment_status":"closed","ping_status":"closed","template":"templates\/template-application-platform.php","meta":{"publish_to_discourse":"","publish_post_category":"","wpdc_auto_publish_overridden":"","wpdc_topic_tags":"","wpdc_pin_topic":"","wpdc_pin_until":"","discourse_post_id":"","discourse_permalink":"","wpdc_publishing_response":"","wpdc_publishing_error":"","footnotes":""},"class_list":["post-10978","page","type-page","status-publish","hentry"],"yoast_head":"<!-- This site is optimized with the Yoast SEO plugin v25.3.1 - https:\/\/yoast.com\/wordpress\/plugins\/seo\/ -->\n<title>Wetter-Widget \u2013 Wetter-App zur OpenCart-Website hinzuf\u00fcgen (kostenlos und schnell)<\/title>\n<meta name=\"description\" content=\"Erstellen Sie ein Design, betten Sie einfach Ihr Wetter-Widget ein und zeigen Sie es auf der OpenCart-Website an. Der Elfsight-Kundensupport ist kostenlos.\" \/>\n<meta name=\"robots\" content=\"index, follow, max-snippet:-1, max-image-preview:large, max-video-preview:-1\" \/>\n<link rel=\"canonical\" href=\"https:\/\/elfsight.com\/de\/weather-widget\/opencart\/\" \/>\n<meta property=\"og:locale\" content=\"de_DE\" \/>\n<meta property=\"og:type\" content=\"article\" \/>\n<meta property=\"og:title\" content=\"Wetter-Widget \u2013 Wetter-App zur OpenCart-Website hinzuf\u00fcgen (kostenlos und schnell)\" \/>\n<meta property=\"og:description\" content=\"Erstellen Sie ein Design, betten Sie einfach Ihr Wetter-Widget ein und zeigen Sie es auf der OpenCart-Website an. Der Elfsight-Kundensupport ist kostenlos.\" \/>\n<meta property=\"og:url\" content=\"https:\/\/elfsight.com\/de\/weather-widget\/opencart\/\" \/>\n<meta property=\"og:site_name\" content=\"Elfsight DE\" \/>\n<meta property=\"article:modified_time\" content=\"2025-07-10T14:00:52+00:00\" \/>\n<meta name=\"twitter:card\" content=\"summary_large_image\" \/>\n<meta name=\"twitter:label1\" content=\"Gesch\u00e4tzte Lesezeit\" \/>\n\t<meta name=\"twitter:data1\" content=\"3\u00a0Minuten\" \/>\n<!-- \/ Yoast SEO plugin. -->","yoast_head_json":{"title":"Wetter-Widget \u2013 Wetter-App zur OpenCart-Website hinzuf\u00fcgen (kostenlos und schnell)","description":"Erstellen Sie ein Design, betten Sie einfach Ihr Wetter-Widget ein und zeigen Sie es auf der OpenCart-Website an. Der Elfsight-Kundensupport ist kostenlos.","robots":{"index":"index","follow":"follow","max-snippet":"max-snippet:-1","max-image-preview":"max-image-preview:large","max-video-preview":"max-video-preview:-1"},"canonical":"https:\/\/elfsight.com\/de\/weather-widget\/opencart\/","og_locale":"de_DE","og_type":"article","og_title":"Wetter-Widget \u2013 Wetter-App zur OpenCart-Website hinzuf\u00fcgen (kostenlos und schnell)","og_description":"Erstellen Sie ein Design, betten Sie einfach Ihr Wetter-Widget ein und zeigen Sie es auf der OpenCart-Website an. Der Elfsight-Kundensupport ist kostenlos.","og_url":"https:\/\/elfsight.com\/de\/weather-widget\/opencart\/","og_site_name":"Elfsight DE","article_modified_time":"2025-07-10T14:00:52+00:00","twitter_card":"summary_large_image","twitter_misc":{"Gesch\u00e4tzte Lesezeit":"3\u00a0Minuten"},"schema":{"@context":"https:\/\/schema.org","@graph":[{"@type":"WebPage","@id":"https:\/\/elfsight.com\/de\/weather-widget\/opencart\/","url":"https:\/\/elfsight.com\/de\/weather-widget\/opencart\/","name":"Wetter-Widget \u2013 Wetter-App zur OpenCart-Website hinzuf\u00fcgen (kostenlos und schnell)","isPartOf":{"@id":"https:\/\/elfsight.com\/de\/#website"},"datePublished":"1970-01-01T00:00:00+00:00","dateModified":"2025-07-10T14:00:52+00:00","description":"Erstellen Sie ein Design, betten Sie einfach Ihr Wetter-Widget ein und zeigen Sie es auf der OpenCart-Website an. Der Elfsight-Kundensupport ist kostenlos.","breadcrumb":{"@id":"https:\/\/elfsight.com\/de\/weather-widget\/opencart\/#breadcrumb"},"inLanguage":"de","potentialAction":[{"@type":"ReadAction","target":["https:\/\/elfsight.com\/de\/weather-widget\/opencart\/"]}]},{"@type":"BreadcrumbList","@id":"https:\/\/elfsight.com\/de\/weather-widget\/opencart\/#breadcrumb","itemListElement":[{"@type":"ListItem","position":1,"name":"Home","item":"https:\/\/elfsight.com\/de\/"},{"@type":"ListItem","position":2,"name":"Weather","item":"https:\/\/elfsight.com\/de\/weather-widget\/"},{"@type":"ListItem","position":3,"name":"Weather &#8211; OpenCart"}]},{"@type":"WebSite","@id":"https:\/\/elfsight.com\/de\/#website","url":"https:\/\/elfsight.com\/de\/","name":"Elfsight DE","description":"Just another Elfsight Sites site","potentialAction":[{"@type":"SearchAction","target":{"@type":"EntryPoint","urlTemplate":"https:\/\/elfsight.com\/de\/?s={search_term_string}"},"query-input":{"@type":"PropertyValueSpecification","valueRequired":true,"valueName":"search_term_string"}}],"inLanguage":"de"}]}},"meta_box":{"industry":"","seo_heading":"","heading":"","description":"","cta_heading":"","cta_description":"","application":"498","h1":"OpenCart Weather-Erweiterung","h1_caption":"Zeigen Sie aktuelle Wetterinformationen f\u00fcr jeden Ort auf Ihrer Website an, um Ihr lokales oder reisendes Publikum m\u00fchelos auf Ihre Opencart-Website aufmerksam zu machen.","application_category":[],"applications_title":"","applications_request_title":"","applications_request_button_text":"","hero_text":"","hero_video":"","hero_video_schema_markup":"","selling_points_title":"","selling_points_caption":"","selling_points":[],"selling_points_cta_text":"","features_title":"","features":"","ed_cta_examples_text":"","ed_cta_examples_hidden":"","ed_cta_demo_text":"","ed_cta_demo_hidden":"","why_caption":"","why_editor_title":"","why_editor_text":"","why_team_title":"","why_team_text":"","why_service_title":"","why_service_text":"","template_catalog_visible":"","template_catalog_title":"","template_catalog_text":"","template_catalog_categories_visible":"","demo_title":"Erstellen Sie Ihre Wettererweiterung","demo_caption":"Konfigurieren Sie Ihr Wetter und f\u00fcgen Sie es kostenlos zu Ihrer OpenCart-Website hinzu!","default_faq_hidden":"","app_template_category":[],"platform":"254","template_public_id":"","codecanyon_url":"","codecanyon_item_id":"","codecanyon_price":"","pricing_caption":"","pricing_elfsight_apps_hide_column":"","pricing_elfsight_apps_url":"","pricing_codecanyon_price_caption":"","integration_category":[],"integration_request_title":"","integration_request_cta":"","integration_platform":"","integrations":[],"platform_category":[],"video_schema_markup":"","price":"ab 0 $ \/ Monat","trial":"","benefits":[{"text":"Kostenloser Installationsservice"},{"text":"Effektiver Kundenservice"},{"text":"14-t\u00e4gige R\u00fcckerstattungsgarantie"},{"text":"Laufende kostenlose Verbesserungen"}],"button_url":"#demo","button_target_blank":"","button_nofollow":"","attributes":[{"name":"Installiert","content":"10,000 - 100,000"},{"name":"Reaktionsfreudig","content":"Ja"},{"name":"Kompatible Browser","content":"Opera, Safari, Edge, Firefox, Chrome"}],"tags":[],"tags_disable_links":"","hide_more_platforms":"","video_object":"","demo_hide_cta":"","demo_hide_cloud_options":"","pricing_title":"","pricing":[{"pricing_icon":"platform","pricing_title":"Elfsight Apps","pricing_title_caption":"Plattform\u00fcbergreifende digitale L\u00f6sung","pricing_price":"ab 0 $ \/ Monat","pricing_price_caption":"Beginnen Sie mit einem kostenlosen Plan","pricing_benefits":[{"text":"Unbegrenzte Websites"},{"text":"Kostenloser und p\u00fcnktlicher Support"},{"text":"Kostenloser Installationssupport"},{"text":"100 % anpassbar"}],"pricing_button_text":"Zur Website hinzuf\u00fcgen","pricing_button_url":"#demo"}],"related_apps_title":"","related_apps_hidden":"","author":"","image":[],"title":"","job":"","social_networks":[]},"_links":{"self":[{"href":"https:\/\/elfsight.com\/de\/wp-json\/wp\/v2\/pages\/10978","targetHints":{"allow":["GET"]}}],"collection":[{"href":"https:\/\/elfsight.com\/de\/wp-json\/wp\/v2\/pages"}],"about":[{"href":"https:\/\/elfsight.com\/de\/wp-json\/wp\/v2\/types\/page"}],"author":[{"embeddable":true,"href":"https:\/\/elfsight.com\/de\/wp-json\/wp\/v2\/users\/9"}],"replies":[{"embeddable":true,"href":"https:\/\/elfsight.com\/de\/wp-json\/wp\/v2\/comments?post=10978"}],"version-history":[{"count":1,"href":"https:\/\/elfsight.com\/de\/wp-json\/wp\/v2\/pages\/10978\/revisions"}],"predecessor-version":[{"id":10982,"href":"https:\/\/elfsight.com\/de\/wp-json\/wp\/v2\/pages\/10978\/revisions\/10982"}],"up":[{"embeddable":true,"href":"https:\/\/elfsight.com\/de\/wp-json\/wp\/v2\/pages\/2173"}],"wp:attachment":[{"href":"https:\/\/elfsight.com\/de\/wp-json\/wp\/v2\/media?parent=10978"}],"curies":[{"name":"wp","href":"https:\/\/api.w.org\/{rel}","templated":true}]}}