{"id":10977,"date":"1970-01-01T00:00:00","date_gmt":"1970-01-01T00:00:00","guid":{"rendered":"https:\/\/elfsight.com\/de\/?page_id=10977"},"modified":"2025-02-25T06:38:46","modified_gmt":"2025-02-25T06:38:46","slug":"shopify","status":"publish","type":"page","link":"https:\/\/elfsight.com\/de\/weather-widget\/shopify\/","title":{"rendered":"Weather &#8211; Shopify"},"content":{"rendered":"\n<div class=\"application-platform-content-item-description application-platform-content-item\" id=\"description\" data-nav-section=\"description\"><h2>Wetter auf Shopify mit dem Elfsight-Widget einbetten<\/h2><p>Elfsight Weather ist ein schnelles und sehr anpassungsf\u00e4higes Website-Widget zur Anzeige relevanter Informationen Wetteraussichten f\u00fcr einen ausgew\u00e4hlten Ort. Geben Sie den Ort anhand des Titels, der Postleitzahl oder der Koordinaten ein. Ihre Benutzer \u00fcberpr\u00fcfen die aktuellen Informationen zu Temperatur, Druck, Luftfeuchtigkeit und aktivem Wetter. Es besteht die M\u00f6glichkeit, st\u00fcndliche oder t\u00e4gliche Vorhersagen anzuzeigen. Sie k\u00f6nnen die Benutzeroberfl\u00e4che mithilfe eines thematischen Hintergrunds und der Option zur Auswahl beliebiger Farben personalisieren. <\/p><p><b>Machen Sie es Ihren Kunden leicht, ihre Reise zu planen, da die Wettervorhersage immer zur Hand ist! <\/b><\/p><\/div><div class=\"application-platform-content-item-features application-platform-content-item\" id=\"features\" data-nav-section=\"features\"><p>Hier k\u00f6nnen Sie alle Funktionen des Wetter-Widgets sehen. Sie sind direkt im Editor verf\u00fcgbar und helfen Ihnen, das f\u00fcr Ihren Fall passende Widget zu erstellen. <\/p><ul><li>3 Methoden zur Eingabe des Standorts: Name, Postleitzahl oder Koordinaten; <\/li><li>\u00dcber 30 Sprachen enthalten, um Wetterdetails in Ihrer Muttersprache anzuzeigen; <\/li><li>5 Varianten der Widget-Konfiguration f\u00fcr verschiedene Anwendungsf\u00e4lle; <\/li><li>Die Option, die t\u00e4gliche Vorhersage f\u00fcr die zuk\u00fcnftige Woche mit Datum anzuzeigen; <\/li><li>Zeigen Sie das Wetter f\u00fcr die n\u00e4chsten zw\u00f6lf Stunden st\u00fcndlich. <\/li><\/ul><p><a href=\"#demo\">Probieren Sie alle anderen Funktionen in der Demo aus<\/a><\/p><\/div><div class=\"application-platform-content-item-installation application-platform-content-item\" id=\"installation\" data-nav-section=\"installation\"><h2> Wie bette ich die Wetter-App in Shopify ein? <\/h2><div class=\"video-container\"><iframe src=\"https:\/\/www.youtube.com\/embed\/_1AL1BgluKc\" width=\"720\" height=\"405\" frameborder=\"0\" allowfullscreen=\"allowfullscreen\"><\/iframe><\/div><p>Um das Wetter-Widget einzuf\u00fchren, f\u00fchren Sie die folgenden schnellen Schritte aus<\/p><ol><li><b>Richten Sie die App ein<\/b><br>Gehen Sie zu Shopify-Site und rufen Sie die App-Seite auf. Klicken Sie auf die Schaltfl\u00e4che \u201eGet\u201c, um die App in Ihre Website einzubetten. <\/li><li><b>Konfigurieren Sie die Parameter der App<\/b><br>Definieren Sie die Daten der App: Inhalte und Optionen der Schnittstelle. Nach Abschluss der Personalisierung erhalten Sie einen individuellen Installationscode. Kopieren Sie den Code zur weiteren Verwendung. <\/li><li><b>F\u00fcgen Sie die App zur Seite hinzu<\/b><br>Gehen Sie zum Abschnitt \u201eSeiten\u201c und \u00f6ffnen Sie die Seite, um die App anzuzeigen. Betten Sie anschlie\u00dfend den Code im HTML-Modus ein und ver\u00f6ffentlichen Sie die \u00c4nderungen. <\/li><li><b>Fertig! <\/b><br>Besuchen Sie Ihre Website, um Ihre neue App zu testen! <\/li><\/ol><p>Z\u00f6gern Sie nicht, sich an unseren Kundensupport zu wenden, wenn Sie Rat ben\u00f6tigen oder eine Frage haben. Unsere Spezialisten stehen Ihnen bei allen Anliegen gerne zur Verf\u00fcgung. <\/p><div class=\"faq\" data-component=\"FAQ\"><div class=\"faq-item\">\r\n\t\t\t\t\t<div class=\"faq-item-question\">\r\n\t\t\t\t\t\t<h3 class=\"faq-item-question-text\">Welche weiteren Apps sind f\u00fcr eine Shopify-Website erforderlich?<\/h3>\r\n\r\n\t\t\t\t\t\t<div class=\"faq-item-question-icon\"><\/div>\r\n\t\t\t\t\t<\/div>\r\n\r\n\t\t\t\t\t<div class=\"faq-item-answer\">\r\n\t\t\t\t\t\t<div class=\"faq-item-answer-text\"><p>Shopify selbst bietet zahlreiche Instrumente zur Verbesserung von E-Commerce-Websites. Wenn Sie Ihr Shopify noch leistungsf\u00e4higer machen m\u00f6chten, k\u00f6nnen Sie Elfsight-Apps nutzen.<\/p><p>Zum Beispiel gibt es <a href=\"https:\/\/elfsight.com\/google-reviews-widget\/shopify\/\">Google Reviews<\/a>, <a href=\"https:\/\/elfsight.com\/slider-widget\/shopify\/\">Slider<\/a> und <a href=\"https:\/\/elfsight.com\/instagram-feed-instashow\/shopify\/\">Instagram-Feed<\/a> genau das Richtige f\u00fcr Sie. Au\u00dferdem finden Sie <a href=\"https:\/\/elfsight.com\/pdf-embed-widget\/shopify\/\">PDF Embed<\/a> und <a href=\"https:\/\/elfsight.com\/logo-showcase-widget\/shopify\/\">Logo Showcase<\/a> und viele mehr zum Aktualisieren einer Shopify-Website.<\/p><\/div>\r\n\t\t\t\t\t<\/div>\r\n\t\t\t\t<\/div><div class=\"faq-item\">\r\n\t\t\t\t\t<div class=\"faq-item-question\">\r\n\t\t\t\t\t\t<h3 class=\"faq-item-question-text\">So betten Sie das Wetter-Widget auf einer ein Shopify-Seite?<\/h3>\r\n\r\n\t\t\t\t\t\t<div class=\"faq-item-question-icon\"><\/div>\r\n\t\t\t\t\t<\/div>\r\n\r\n\t\t\t\t\t<div class=\"faq-item-answer\">\r\n\t\t\t\t\t\t<div class=\"faq-item-answer-text\"><p>Die Installation dauert etwa ein paar Sekunden. Sie f\u00fcgen einfach einen benutzerdefinierten Standort hinzu, schalten die Temperaturziffern im kostenlosen Online-Konfigurator ein oder aus und erhalten einen Installationscode.<\/p><p>Dar\u00fcber hinaus sollten Sie den Code einfach in den erforderlichen Codeblock auf einem einf\u00fcgen ben\u00f6tigte Webseite. Das ist es! Ihre Wetter-App wird sofort auf einer Shopify-Website erscheinen! Wenn Sie jedoch mehr \u00fcber die Installation erfahren m\u00f6chten, k\u00f6nnen Sie dies jederzeit tun <a href=\"https:\/\/elfsight.com\/tutorials\/how-to-add-weather-widget\/#how-to-add-weather-to-shopify\">auf dieser Seite<\/a>.<\/p><\/div>\r\n\t\t\t\t\t<\/div>\r\n\t\t\t\t<\/div><div class=\"faq-item\">\r\n\t\t\t\t\t<div class=\"faq-item-question\">\r\n\t\t\t\t\t\t<h3 class=\"faq-item-question-text\">Kann ich sehen, wie das Widget auf meiner Website aussehen wird?<\/h3>\r\n\r\n\t\t\t\t\t\t<div class=\"faq-item-question-icon\"><\/div>\r\n\t\t\t\t\t<\/div>\r\n\r\n\t\t\t\t\t<div class=\"faq-item-answer\">\r\n\t\t\t\t\t\t<div class=\"faq-item-answer-text\"><p>Auf jeden Fall! W\u00e4hrend Sie die Shopify-Wetter-App <a href=\"https:\/\/elfsight.com\/weather-widget\/#demo\">im kostenlosen Online-Editor<\/a> \u00e4ndern, sehen Sie im rechten Teil alle Konfigurationen des Herausgebers. Das Wetter-Widget sieht genauso aus wie auf einer Shopify-Website.<\/p><\/div>\r\n\t\t\t\t\t<\/div>\r\n\t\t\t\t<\/div><\/div><\/div>\n","protected":false},"excerpt":{"rendered":"","protected":false},"author":9,"featured_media":0,"parent":2173,"menu_order":0,"comment_status":"closed","ping_status":"closed","template":"templates\/template-application-platform.php","meta":{"publish_to_discourse":"","publish_post_category":"","wpdc_auto_publish_overridden":"","wpdc_topic_tags":"","wpdc_pin_topic":"","wpdc_pin_until":"","discourse_post_id":"","discourse_permalink":"","wpdc_publishing_response":"","wpdc_publishing_error":"","footnotes":""},"class_list":["post-10977","page","type-page","status-publish","hentry"],"yoast_head":"<!-- This site is optimized with the Yoast SEO plugin v25.3.1 - https:\/\/yoast.com\/wordpress\/plugins\/seo\/ -->\n<title>Wetter-Widget \u2013 Wetter-App zur Shopify-Website hinzuf\u00fcgen (kostenlos und schnell)<\/title>\n<meta name=\"description\" content=\"Hier haben Sie die M\u00f6glichkeit, ein Wetter-Plugin zu erstellen und es in Ihre Shopify-Website zu integrieren. Erhalten Sie kostenlosen Kundenservice und andere Boni von Elfsight.\" \/>\n<meta name=\"robots\" content=\"index, follow, max-snippet:-1, max-image-preview:large, max-video-preview:-1\" \/>\n<link rel=\"canonical\" href=\"https:\/\/elfsight.com\/de\/weather-widget\/shopify\/\" \/>\n<meta property=\"og:locale\" content=\"de_DE\" \/>\n<meta property=\"og:type\" content=\"article\" \/>\n<meta property=\"og:title\" content=\"Wetter-Widget \u2013 Wetter-App zur Shopify-Website hinzuf\u00fcgen (kostenlos und schnell)\" \/>\n<meta property=\"og:description\" content=\"Hier haben Sie die M\u00f6glichkeit, ein Wetter-Plugin zu erstellen und es in Ihre Shopify-Website zu integrieren. Erhalten Sie kostenlosen Kundenservice und andere Boni von Elfsight.\" \/>\n<meta property=\"og:url\" content=\"https:\/\/elfsight.com\/de\/weather-widget\/shopify\/\" \/>\n<meta property=\"og:site_name\" content=\"Elfsight DE\" \/>\n<meta property=\"article:modified_time\" content=\"2025-02-25T06:38:46+00:00\" \/>\n<meta name=\"twitter:card\" content=\"summary_large_image\" \/>\n<meta name=\"twitter:label1\" content=\"Gesch\u00e4tzte Lesezeit\" \/>\n\t<meta name=\"twitter:data1\" content=\"3\u00a0Minuten\" \/>\n<!-- \/ Yoast SEO plugin. -->","yoast_head_json":{"title":"Wetter-Widget \u2013 Wetter-App zur Shopify-Website hinzuf\u00fcgen (kostenlos und schnell)","description":"Hier haben Sie die M\u00f6glichkeit, ein Wetter-Plugin zu erstellen und es in Ihre Shopify-Website zu integrieren. Erhalten Sie kostenlosen Kundenservice und andere Boni von Elfsight.","robots":{"index":"index","follow":"follow","max-snippet":"max-snippet:-1","max-image-preview":"max-image-preview:large","max-video-preview":"max-video-preview:-1"},"canonical":"https:\/\/elfsight.com\/de\/weather-widget\/shopify\/","og_locale":"de_DE","og_type":"article","og_title":"Wetter-Widget \u2013 Wetter-App zur Shopify-Website hinzuf\u00fcgen (kostenlos und schnell)","og_description":"Hier haben Sie die M\u00f6glichkeit, ein Wetter-Plugin zu erstellen und es in Ihre Shopify-Website zu integrieren. Erhalten Sie kostenlosen Kundenservice und andere Boni von Elfsight.","og_url":"https:\/\/elfsight.com\/de\/weather-widget\/shopify\/","og_site_name":"Elfsight DE","article_modified_time":"2025-02-25T06:38:46+00:00","twitter_card":"summary_large_image","twitter_misc":{"Gesch\u00e4tzte Lesezeit":"3\u00a0Minuten"},"schema":{"@context":"https:\/\/schema.org","@graph":[{"@type":"WebPage","@id":"https:\/\/elfsight.com\/de\/weather-widget\/shopify\/","url":"https:\/\/elfsight.com\/de\/weather-widget\/shopify\/","name":"Wetter-Widget \u2013 Wetter-App zur Shopify-Website hinzuf\u00fcgen (kostenlos und schnell)","isPartOf":{"@id":"https:\/\/elfsight.com\/de\/#website"},"datePublished":"1970-01-01T00:00:00+00:00","dateModified":"2025-02-25T06:38:46+00:00","description":"Hier haben Sie die M\u00f6glichkeit, ein Wetter-Plugin zu erstellen und es in Ihre Shopify-Website zu integrieren. Erhalten Sie kostenlosen Kundenservice und andere Boni von Elfsight.","breadcrumb":{"@id":"https:\/\/elfsight.com\/de\/weather-widget\/shopify\/#breadcrumb"},"inLanguage":"de","potentialAction":[{"@type":"ReadAction","target":["https:\/\/elfsight.com\/de\/weather-widget\/shopify\/"]}]},{"@type":"BreadcrumbList","@id":"https:\/\/elfsight.com\/de\/weather-widget\/shopify\/#breadcrumb","itemListElement":[{"@type":"ListItem","position":1,"name":"Home","item":"https:\/\/elfsight.com\/de\/"},{"@type":"ListItem","position":2,"name":"Weather","item":"https:\/\/elfsight.com\/de\/weather-widget\/"},{"@type":"ListItem","position":3,"name":"Weather &#8211; Shopify"}]},{"@type":"WebSite","@id":"https:\/\/elfsight.com\/de\/#website","url":"https:\/\/elfsight.com\/de\/","name":"Elfsight DE","description":"Just another Elfsight Sites site","potentialAction":[{"@type":"SearchAction","target":{"@type":"EntryPoint","urlTemplate":"https:\/\/elfsight.com\/de\/?s={search_term_string}"},"query-input":{"@type":"PropertyValueSpecification","valueRequired":true,"valueName":"search_term_string"}}],"inLanguage":"de"}]}},"meta_box":{"industry":"","seo_heading":"","heading":"","description":"","cta_heading":"","cta_description":"","application":"498","h1":"Shopify Weather-App","h1_caption":"Zeigen Sie aktuelle Wetterinformationen f\u00fcr jeden Ort auf Ihrer Website an, um Ihr lokales oder reisendes Publikum m\u00fchelos auf Ihre Shopify-Website aufmerksam zu machen.","application_category":[],"applications_title":"","applications_request_title":"","applications_request_button_text":"","hero_text":"","hero_video":"","hero_video_schema_markup":"","selling_points_title":"","selling_points_caption":"","selling_points":[],"selling_points_cta_text":"","features_title":"","features":"","ed_cta_examples_text":"","ed_cta_examples_hidden":"","ed_cta_demo_text":"","ed_cta_demo_hidden":"","why_caption":"","why_editor_title":"","why_editor_text":"","why_team_title":"","why_team_text":"","why_service_title":"","why_service_text":"","template_catalog_visible":"0","template_catalog_title":"","template_catalog_text":"","template_catalog_categories_visible":"","demo_title":"Erstellen Sie Ihre Wetter-App","demo_caption":"Konfigurieren Sie Ihr Wetter und f\u00fcgen Sie es kostenlos zu Ihrer Shopify-Website hinzu!","default_faq_hidden":"","app_template_category":[],"platform":"253","template_public_id":"","codecanyon_url":"","codecanyon_item_id":"","codecanyon_price":"","pricing_caption":"","pricing_elfsight_apps_hide_column":"","pricing_elfsight_apps_url":"","pricing_codecanyon_price_caption":"","integration_category":[],"integration_request_title":"","integration_request_cta":"","integration_platform":"","integrations":[],"platform_category":[],"video_schema_markup":"","price":"ab 0 $ \/ Monat","trial":"","benefits":[{"text":"Kostenloser Installationsservice"},{"text":"Premium-Support"},{"text":"14-t\u00e4gige Geld-zur\u00fcck-Garantie"},{"text":"Kontinuierliche kostenlose Updates"}],"button_url":"#demo","button_target_blank":"0","button_nofollow":"0","attributes":[{"name":"Installiert","content":"10,000 - 100,000"},{"name":"Reaktionsfreudig","content":"Ja"},{"name":"Kompatible Browser","content":"Firefox, Safari, Opera, Chrome, Edge"}],"tags":[],"tags_disable_links":"0","hide_more_platforms":"0","video_object":"","demo_hide_cta":"0","demo_hide_cloud_options":"0","pricing_title":"","pricing":[{"pricing_icon":"platform","pricing_title":"Elfsight Apps","pricing_title_caption":"Plattform\u00fcbergreifende Version, die auf jeder Website funktioniert","pricing_price":"ab 0 $ \/ Monat","pricing_price_caption":"Beginnen Sie mit einem kostenlosen Plan","pricing_benefits":[{"text":"Unbegrenzte Websites"},{"text":"Premium-Support"},{"text":"Kostenloser Installationsservice"},{"text":"Sonderangebot f\u00fcr mehrere Apps"}],"pricing_button_text":"Zur Website hinzuf\u00fcgen","pricing_button_url":"#demo"}],"related_apps_title":"","related_apps_hidden":"0","author":"","image":[],"title":"","job":"","social_networks":[]},"_links":{"self":[{"href":"https:\/\/elfsight.com\/de\/wp-json\/wp\/v2\/pages\/10977","targetHints":{"allow":["GET"]}}],"collection":[{"href":"https:\/\/elfsight.com\/de\/wp-json\/wp\/v2\/pages"}],"about":[{"href":"https:\/\/elfsight.com\/de\/wp-json\/wp\/v2\/types\/page"}],"author":[{"embeddable":true,"href":"https:\/\/elfsight.com\/de\/wp-json\/wp\/v2\/users\/9"}],"replies":[{"embeddable":true,"href":"https:\/\/elfsight.com\/de\/wp-json\/wp\/v2\/comments?post=10977"}],"version-history":[{"count":5,"href":"https:\/\/elfsight.com\/de\/wp-json\/wp\/v2\/pages\/10977\/revisions"}],"predecessor-version":[{"id":24906,"href":"https:\/\/elfsight.com\/de\/wp-json\/wp\/v2\/pages\/10977\/revisions\/24906"}],"up":[{"embeddable":true,"href":"https:\/\/elfsight.com\/de\/wp-json\/wp\/v2\/pages\/2173"}],"wp:attachment":[{"href":"https:\/\/elfsight.com\/de\/wp-json\/wp\/v2\/media?parent=10977"}],"curies":[{"name":"wp","href":"https:\/\/api.w.org\/{rel}","templated":true}]}}