{"id":10972,"date":"1970-01-01T00:00:00","date_gmt":"1970-01-01T00:00:00","guid":{"rendered":"https:\/\/elfsight.com\/de\/?page_id=10972"},"modified":"2025-02-25T06:39:41","modified_gmt":"2025-02-25T06:39:41","slug":"squarespace","status":"publish","type":"page","link":"https:\/\/elfsight.com\/de\/weather-widget\/squarespace\/","title":{"rendered":"Weather &#8211; Squarespace"},"content":{"rendered":"\n<div class=\"application-platform-content-item-description application-platform-content-item\" id=\"description\" data-nav-section=\"description\"><h2>Wetter auf Squarespace mit dem Elfsight-Widget einbetten<\/h2><p>Elfsight Weather ist ein n\u00fctzliches und sehr anpassbares Website-Widget, das Sie Ihrem Publikum zur Verf\u00fcgung stellen k\u00f6nnen mit dem aktuellen Wetter f\u00fcr ein ausgew\u00e4hltes Gebiet. F\u00fcgen Sie einen Ort anhand des Namens, der Postleitzahl oder der Koordinaten hinzu. Ihre Benutzer \u00fcberpr\u00fcfen die aktuellen Daten zu Temperatur, Druck, Luftfeuchtigkeit und aktivem Wetter. Sie k\u00f6nnen auch eine st\u00fcndliche oder t\u00e4gliche Vorhersage anzeigen. Das Widget enth\u00e4lt au\u00dferdem einen thematischen Hintergrund und die M\u00f6glichkeit, eigene Farben auszuw\u00e4hlen. <\/p><p><b>Erzielen Sie ein komfortableres Kundenerlebnis mit einem informativen Wetter-Widget auf Ihrer Seite. <\/b><\/p><\/div><div class=\"application-platform-content-item-features application-platform-content-item\" id=\"features\" data-nav-section=\"features\"><p>\u00dcberpr\u00fcfen Sie eine Liste aller Funktionen des Wetter-Widgets. Sie sind direkt im Editor verf\u00fcgbar und helfen Ihnen dabei, das Widget genau nach Ihren Bed\u00fcrfnissen zu erstellen. <\/p><ul><li>Drei Methoden zum Hinzuf\u00fcgen des Ortes: der Name, die Postleitzahl und die Koordinaten; <\/li><li>\u00dcber 30 Sprachen enthalten, um Wetterdetails in Ihrer Muttersprache anzuzeigen; <\/li><li>F\u00fcnf Varianten der Widget-Konfiguration f\u00fcr verschiedene Anwendungsf\u00e4lle; <\/li><li>Die Option, die t\u00e4gliche Vorhersage f\u00fcr die kommende Woche mit Datum anzuzeigen; <\/li><li>St\u00fcndliche Vorhersage f\u00fcr die n\u00e4chsten 12 Stunden anzeigen. <\/li><\/ul><p><a href=\"#demo\">Sehen Sie in unserer Demo, wie alle Funktionen funktionieren<\/a><\/p><\/div><div class=\"application-platform-content-item-installation application-platform-content-item\" id=\"installation\" data-nav-section=\"installation\"> <h2>Wie integriere ich das Wetter-Plugin in meine Squarespace-Website? <\/h2><div class=\"video-container\"><iframe width=\"560\" height=\"315\" src=\"https:\/\/www.youtube.com\/embed\/UZDQaamI_pQ?si=V2-6caI8rrs6z3Un\" frameborder=\"0\" allow=\"accelerometer; autoplay; clipboard-write; encrypted-media; gyroscope; picture-in-picture; web-share\" allowfullscreen><\/iframe><\/div><p>Um das Widget einzuf\u00fchren, befolgen Sie einfach die folgenden Richtlinien<\/p><ol><li><b>Erstellen Sie Ihr einzigartiges Wetter-Plugin<\/b><br>Mit unserem Kostenlose Demo, generieren Sie ein Plugin mit einer benutzerdefinierten Zusammensetzung und Funktionen. <\/li> <li><b>Kopieren Sie den individuellen Code, um das Plugin zu integrieren<\/b><br>Nachdem Sie Ihr Widget konfiguriert haben, erhalten Sie den Installationscode aus der erscheinenden Benachrichtigung auf Elfsight Apps. Kopieren Sie es zur sp\u00e4teren Verwendung. <\/li> <li><b>F\u00fcgen Sie das Plugin auf Ihrer Squarespace-Website hinzu.<\/b><br>W\u00e4hlen Sie den Ort aus, an dem Sie das Plugin platzieren m\u00f6chten, und f\u00fcgen Sie dort den kopierten Code ein. Wenden Sie die Ergebnisse an. <\/li> <li><b>Sie haben die Installation vollst\u00e4ndig durchgef\u00fchrt<\/b><br>Besuchen Sie Ihre Webseite, um Ihr Plugin zu \u00fcberpr\u00fcfen. <\/li><\/ol> <p>Wenn Sie Hilfe ben\u00f6tigen oder Probleme haben, k\u00f6nnen Sie sich jederzeit an den Kundendienst wenden. Wir helfen Ihnen gerne bei jeder Anfrage weiter. <\/p><div class=\"faq\" data-component=\"FAQ\"><div class=\"faq-item\">\r\n\t\t\t\t\t<div class=\"faq-item-question\">\r\n\t\t\t\t\t\t<h3 class=\"faq-item-question-text\">Wie ist es m\u00f6glich, Weather ohne Codierung zu meiner Squarespace-Webseite hinzuzuf\u00fcgen?<\/h3>\r\n\r\n\t\t\t\t\t\t<div class=\"faq-item-question-icon\"><\/div>\r\n\t\t\t\t\t<\/div>\r\n\r\n\t\t\t\t\t<div class=\"faq-item-answer\">\r\n\t\t\t\t\t\t<div class=\"faq-item-answer-text\"> <p>Das Unternehmen Elfsight bietet eine Cloud-L\u00f6sung an, mit der Sie selbst ein Weather-Plugin generieren k\u00f6nnen Entdecken Sie die einfache Anleitung: Arbeiten Sie direkt im Online-Editor, um ein Wetter-Widget zu erstellen, das Sie auf der Squarespace-Website einbetten m\u00f6chten. Entscheiden Sie sich f\u00fcr eine der vorgefertigten Vorlagen und \u00e4ndern Sie die Wettereinstellungen, \u00e4ndern Sie das Layout und das Farbschema und aktualisieren Sie Ihre Inhalte, ohne dass Sie daf\u00fcr Programmierkenntnisse ben\u00f6tigen. Speichern Sie das Wetter und erhalten Sie den Installationscode des Plugins, der mit einem kostenlosen Plan problemlos in Ihre Squarespace-Site eingebunden werden kann. Mit unserem unkomplizierten Konfigurator kann jeder Internetnutzer Weather online erstellen und zu jeder Squarespace-Website hinzuf\u00fcgen. Sie m\u00fcssen weder bezahlen noch Ihre Kartendaten eingeben, um auf den Elfsight-Dienst zuzugreifen. Sollten bei irgendeinem Schritt Probleme auftreten, z\u00f6gern Sie bitte nicht, mit unserem technischen Kundensupport zu sprechen.<\/p> <\/div>\r\n\t\t\t\t\t<\/div>\r\n\t\t\t\t<\/div> <\/div><\/div>\n","protected":false},"excerpt":{"rendered":"","protected":false},"author":9,"featured_media":0,"parent":2173,"menu_order":0,"comment_status":"closed","ping_status":"closed","template":"templates\/template-application-platform.php","meta":{"publish_to_discourse":"","publish_post_category":"","wpdc_auto_publish_overridden":"","wpdc_topic_tags":"","wpdc_pin_topic":"","wpdc_pin_until":"","discourse_post_id":"","discourse_permalink":"","wpdc_publishing_response":"","wpdc_publishing_error":"","footnotes":""},"class_list":["post-10972","page","type-page","status-publish","hentry"],"yoast_head":"<!-- This site is optimized with the Yoast SEO plugin v25.3.1 - https:\/\/yoast.com\/wordpress\/plugins\/seo\/ -->\n<title>Wetter-Plugin zur Squarespace-Website hinzuf\u00fcgen (kostenlos und schnell)<\/title>\n<meta name=\"description\" content=\"Es ist ganz einfach, Ihr Wetter-Plugin zu erstellen und auf Ihrer Squarespace-Website zu ver\u00f6ffentlichen. Der Kundendienst von Elfsight ist kostenlos.\" \/>\n<meta name=\"robots\" content=\"index, follow, max-snippet:-1, max-image-preview:large, max-video-preview:-1\" \/>\n<link rel=\"canonical\" href=\"https:\/\/elfsight.com\/de\/weather-widget\/squarespace\/\" \/>\n<meta property=\"og:locale\" content=\"de_DE\" \/>\n<meta property=\"og:type\" content=\"article\" \/>\n<meta property=\"og:title\" content=\"Wetter-Plugin zur Squarespace-Website hinzuf\u00fcgen (kostenlos und schnell)\" \/>\n<meta property=\"og:description\" content=\"Es ist ganz einfach, Ihr Wetter-Plugin zu erstellen und auf Ihrer Squarespace-Website zu ver\u00f6ffentlichen. Der Kundendienst von Elfsight ist kostenlos.\" \/>\n<meta property=\"og:url\" content=\"https:\/\/elfsight.com\/de\/weather-widget\/squarespace\/\" \/>\n<meta property=\"og:site_name\" content=\"Elfsight DE\" \/>\n<meta property=\"article:modified_time\" content=\"2025-02-25T06:39:41+00:00\" \/>\n<meta name=\"twitter:card\" content=\"summary_large_image\" \/>\n<meta name=\"twitter:label1\" content=\"Gesch\u00e4tzte Lesezeit\" \/>\n\t<meta name=\"twitter:data1\" content=\"3\u00a0Minuten\" \/>\n<!-- \/ Yoast SEO plugin. -->","yoast_head_json":{"title":"Wetter-Plugin zur Squarespace-Website hinzuf\u00fcgen (kostenlos und schnell)","description":"Es ist ganz einfach, Ihr Wetter-Plugin zu erstellen und auf Ihrer Squarespace-Website zu ver\u00f6ffentlichen. Der Kundendienst von Elfsight ist kostenlos.","robots":{"index":"index","follow":"follow","max-snippet":"max-snippet:-1","max-image-preview":"max-image-preview:large","max-video-preview":"max-video-preview:-1"},"canonical":"https:\/\/elfsight.com\/de\/weather-widget\/squarespace\/","og_locale":"de_DE","og_type":"article","og_title":"Wetter-Plugin zur Squarespace-Website hinzuf\u00fcgen (kostenlos und schnell)","og_description":"Es ist ganz einfach, Ihr Wetter-Plugin zu erstellen und auf Ihrer Squarespace-Website zu ver\u00f6ffentlichen. Der Kundendienst von Elfsight ist kostenlos.","og_url":"https:\/\/elfsight.com\/de\/weather-widget\/squarespace\/","og_site_name":"Elfsight DE","article_modified_time":"2025-02-25T06:39:41+00:00","twitter_card":"summary_large_image","twitter_misc":{"Gesch\u00e4tzte Lesezeit":"3\u00a0Minuten"},"schema":{"@context":"https:\/\/schema.org","@graph":[{"@type":"WebPage","@id":"https:\/\/elfsight.com\/de\/weather-widget\/squarespace\/","url":"https:\/\/elfsight.com\/de\/weather-widget\/squarespace\/","name":"Wetter-Plugin zur Squarespace-Website hinzuf\u00fcgen (kostenlos und schnell)","isPartOf":{"@id":"https:\/\/elfsight.com\/de\/#website"},"datePublished":"1970-01-01T00:00:00+00:00","dateModified":"2025-02-25T06:39:41+00:00","description":"Es ist ganz einfach, Ihr Wetter-Plugin zu erstellen und auf Ihrer Squarespace-Website zu ver\u00f6ffentlichen. Der Kundendienst von Elfsight ist kostenlos.","breadcrumb":{"@id":"https:\/\/elfsight.com\/de\/weather-widget\/squarespace\/#breadcrumb"},"inLanguage":"de","potentialAction":[{"@type":"ReadAction","target":["https:\/\/elfsight.com\/de\/weather-widget\/squarespace\/"]}]},{"@type":"BreadcrumbList","@id":"https:\/\/elfsight.com\/de\/weather-widget\/squarespace\/#breadcrumb","itemListElement":[{"@type":"ListItem","position":1,"name":"Home","item":"https:\/\/elfsight.com\/de\/"},{"@type":"ListItem","position":2,"name":"Weather","item":"https:\/\/elfsight.com\/de\/weather-widget\/"},{"@type":"ListItem","position":3,"name":"Weather &#8211; Squarespace"}]},{"@type":"WebSite","@id":"https:\/\/elfsight.com\/de\/#website","url":"https:\/\/elfsight.com\/de\/","name":"Elfsight DE","description":"Just another Elfsight Sites site","potentialAction":[{"@type":"SearchAction","target":{"@type":"EntryPoint","urlTemplate":"https:\/\/elfsight.com\/de\/?s={search_term_string}"},"query-input":{"@type":"PropertyValueSpecification","valueRequired":true,"valueName":"search_term_string"}}],"inLanguage":"de"}]}},"meta_box":{"industry":"","seo_heading":"","heading":"","description":"","cta_heading":"","cta_description":"","application":"498","h1":"Squarespace Weather-Plugin","h1_caption":"Zeigen Sie aktuelle Wetterinformationen f\u00fcr jeden Ort auf Ihrer Website an, um Ihr lokales oder reisendes Publikum m\u00fchelos auf Ihre Squarespace-Website aufmerksam zu machen.","application_category":[],"applications_title":"","applications_request_title":"","applications_request_button_text":"","hero_text":"","hero_video":"","hero_video_schema_markup":"","selling_points_title":"","selling_points_caption":"","selling_points":[],"selling_points_cta_text":"","features_title":"","features":"","ed_cta_examples_text":"","ed_cta_examples_hidden":"","ed_cta_demo_text":"","ed_cta_demo_hidden":"","why_caption":"","why_editor_title":"","why_editor_text":"","why_team_title":"","why_team_text":"","why_service_title":"","why_service_text":"","template_catalog_visible":"0","template_catalog_title":"","template_catalog_text":"","template_catalog_categories_visible":"","demo_title":"Erstellen Sie Ihr Wetter-Plugin","demo_caption":"Konfigurieren Sie Ihr Wetter und f\u00fcgen Sie es kostenlos zu Ihrer Squarespace-Website hinzu!","default_faq_hidden":"","app_template_category":[],"platform":"252","template_public_id":"","codecanyon_url":"","codecanyon_item_id":"","codecanyon_price":"","pricing_caption":"","pricing_elfsight_apps_hide_column":"","pricing_elfsight_apps_url":"","pricing_codecanyon_price_caption":"","integration_category":[],"integration_request_title":"","integration_request_cta":"","integration_platform":"","integrations":[],"platform_category":[],"video_schema_markup":"","price":"ab 0 $ \/ Monat","trial":"","benefits":[{"text":"Kostenloser Installationsservice"},{"text":"Au\u00dfergew\u00f6hnlicher Support"},{"text":"14-t\u00e4gige Geld-zur\u00fcck-Garantie"},{"text":"Laufende kostenlose Verbesserungen"}],"button_url":"#demo","button_target_blank":"0","button_nofollow":"0","attributes":[{"name":"Installiert","content":"10,000 - 100,000"},{"name":"Reaktionsfreudig","content":"Am besten f\u00fcr Mobilger\u00e4te"},{"name":"Kompatible Browser","content":"Firefox, Safari, Opera, Chrome, Edge"}],"tags":[],"tags_disable_links":"0","hide_more_platforms":"0","video_object":"","demo_hide_cta":"0","demo_hide_cloud_options":"0","pricing_title":"","pricing":[{"pricing_icon":"platform","pricing_title":"Elfsight Apps","pricing_title_caption":"Plattformunabh\u00e4ngige Version, die f\u00fcr jede Site geeignet ist","pricing_price":"ab 0 $ \/ Monat","pricing_price_caption":"Beginnen Sie mit einem kostenlosen Plan","pricing_benefits":[{"text":"Unbegrenzte Websites"},{"text":"Engagierter und p\u00fcnktlicher Support und gut dokumentiert"},{"text":"Kostenloser Installationsservice"},{"text":"100 % anpassbar"}],"pricing_button_text":"Zur Website hinzuf\u00fcgen","pricing_button_url":"#demo"}],"related_apps_title":"","related_apps_hidden":"0","author":"","image":[],"title":"","job":"","social_networks":[]},"_links":{"self":[{"href":"https:\/\/elfsight.com\/de\/wp-json\/wp\/v2\/pages\/10972","targetHints":{"allow":["GET"]}}],"collection":[{"href":"https:\/\/elfsight.com\/de\/wp-json\/wp\/v2\/pages"}],"about":[{"href":"https:\/\/elfsight.com\/de\/wp-json\/wp\/v2\/types\/page"}],"author":[{"embeddable":true,"href":"https:\/\/elfsight.com\/de\/wp-json\/wp\/v2\/users\/9"}],"replies":[{"embeddable":true,"href":"https:\/\/elfsight.com\/de\/wp-json\/wp\/v2\/comments?post=10972"}],"version-history":[{"count":3,"href":"https:\/\/elfsight.com\/de\/wp-json\/wp\/v2\/pages\/10972\/revisions"}],"predecessor-version":[{"id":24907,"href":"https:\/\/elfsight.com\/de\/wp-json\/wp\/v2\/pages\/10972\/revisions\/24907"}],"up":[{"embeddable":true,"href":"https:\/\/elfsight.com\/de\/wp-json\/wp\/v2\/pages\/2173"}],"wp:attachment":[{"href":"https:\/\/elfsight.com\/de\/wp-json\/wp\/v2\/media?parent=10972"}],"curies":[{"name":"wp","href":"https:\/\/api.w.org\/{rel}","templated":true}]}}