{"id":10971,"date":"1970-01-01T00:00:00","date_gmt":"1970-01-01T00:00:00","guid":{"rendered":"https:\/\/elfsight.com\/de\/?page_id=10971"},"modified":"2025-02-25T06:41:23","modified_gmt":"2025-02-25T06:41:23","slug":"webflow","status":"publish","type":"page","link":"https:\/\/elfsight.com\/de\/weather-widget\/webflow\/","title":{"rendered":"Weather &#8211; Webflow"},"content":{"rendered":"\n<div class=\"application-platform-content-item-description application-platform-content-item\" id=\"description\" data-nav-section=\"description\"><h2>Wetter mit dem Elfsight-Widget in Webflow einbetten<\/h2><p>Elfsight Weather ist ein einfaches und anpassungsf\u00e4higes Website-Widget zur Anzeige des Up- aktuelle Wetterlage f\u00fcr ein ausgew\u00e4hltes Gebiet. Geben Sie einen Ort anhand des Namens, der Postleitzahl oder der Koordinaten ein. Das Website-Publikum \u00fcberpr\u00fcft Temperatur, Druck, Luftfeuchtigkeit und aktives Wetter. Sie k\u00f6nnen auch eine st\u00fcndliche oder t\u00e4gliche Vorhersage anzeigen. Das Widget bietet au\u00dferdem thematische Hintergrundbilder und die Funktion, den Hintergrund in Ihren eigenen Farben zu malen. <\/p><p><b>Machen Sie es f\u00fcr Kunden praktisch, Veranstaltungen im Freien zu organisieren und dabei die Wettervorhersage immer im Blick zu haben! <\/b><\/p><\/div><div class=\"application-platform-content-item-features application-platform-content-item\" id=\"features\" data-nav-section=\"features\"><p>\u00dcberpr\u00fcfen Sie alle Funktionsmerkmale des Wetter-Widgets. Sie sind direkt im Editor verf\u00fcgbar und helfen Ihnen, das Widget f\u00fcr Ihren Anwendungsfall zu gestalten. <\/p><ul><li>Drei M\u00f6glichkeiten, den Standort einzugeben: \u00fcber den Namen, die Postleitzahl oder die Koordinaten; <\/li><li>Mehr als 30 Sprachen enthalten, um Wetterdaten in der Sprache Ihres Publikums anzuzeigen; <\/li><li>F\u00fcnf Arten der Widget-Konfiguration f\u00fcr verschiedene Anwendungsf\u00e4lle; <\/li><li>Die Option, die t\u00e4gliche Vorhersage f\u00fcr die zuk\u00fcnftige Woche mit Datum anzuzeigen; <\/li><li>Demonstrieren Sie die st\u00fcndliche Vorhersage f\u00fcr die n\u00e4chsten zw\u00f6lf Stunden. <\/li><\/ul><p><a href=\"#demo\">\u00dcberpr\u00fcfen Sie in unserer Demo, wie alle Funktionen funktionieren<\/a><\/p><\/div><div class=\"application-platform-content-item-installation application-platform-content-item\" id=\"installation\" data-nav-section=\"installation\"> <h2>Wie bette ich das Wetter-Widget in Webflow ein? <\/h2><div class=\"video-container\"><iframe width=\"560\" height=\"315\" src=\"https:\/\/www.youtube.com\/embed\/1m5Mv24DjHk?si=h9G4vnbFjySPxPZs\" frameborder=\"0\" allow=\"accelerometer; autoplay; clipboard-write; encrypted-media; gyroscope; picture-in-picture; web-share\" allowfullscreen><\/iframe><\/div><p>Um ein Plugin hinzuzuf\u00fcgen, folgen Sie einfach den Anweisungen unten<\/p><ol><li><b>Entwerfen Sie Ihr individuelles Wetter-Plugin<\/b><br>Verwenden Sie unser Kostenloser Editor, erstellen Sie ein Plugin mit individuellem Design und funktionalen Merkmalen. <\/li> <li><b>Kopieren Sie den pers\u00f6nlichen Code, um das Plugin anzuzeigen<\/b><br>Nachdem Sie Ihr Widget konfiguriert haben, erhalten Sie Ihren pers\u00f6nlichen Code aus der Popup-Benachrichtigung auf Elfsight Apps. Kopieren Sie den Code zur weiteren Verwendung. <\/li> <li><b>Ver\u00f6ffentlichen Sie das Plugin auf Ihrer Webflow-Website<\/b><br>Suchen Sie den Bereich, in dem das Plugin platziert werden soll, und f\u00fcgen Sie dort den kopierten Code hinzu. Wenden Sie die Ergebnisse an. <\/li> <li><b>Die Einbettung ist erfolgreich! <\/b><br>Gehen Sie zur Webseite, um Ihre Arbeit zu sehen. <\/li><\/ol> <p>Sie k\u00f6nnen sich gerne an den Support unserer Kunden wenden, wenn Sie Hilfe ben\u00f6tigen oder Fragen haben. Wir helfen Ihnen gerne bei jedem Anliegen weiter. <\/p><div class=\"faq\" data-component=\"FAQ\"><div class=\"faq-item\">\r\n\t\t\t\t\t<div class=\"faq-item-question\">\r\n\t\t\t\t\t\t<h3 class=\"faq-item-question-text\">Wie ist es m\u00f6glich, Wetter ohne Programmierkenntnisse zu meiner Webflow-Site hinzuzuf\u00fcgen?<\/h3>\r\n\r\n\t\t\t\t\t\t<div class=\"faq-item-question-icon\"><\/div>\r\n\t\t\t\t\t<\/div>\r\n\r\n\t\t\t\t\t<div class=\"faq-item-answer\">\r\n\t\t\t\t\t\t<div class=\"faq-item-answer-text\"> <p>Das Unternehmen Elfsight stellt eine SaaS-L\u00f6sung vor, mit der Benutzer selbst einen Wetterabschnitt erstellen k\u00f6nnen. Entdecken Sie, wie unkompliziert der Prozess ist: Gehen Sie zur Online-Demo, um einen Wetterabschnitt zu erstellen, den Sie auf Ihrer Webflow-Homepage einbetten m\u00f6chten. W\u00e4hlen Sie eine der vorgefertigten Vorlagen aus und passen Sie die Wettereinstellungen an, \u00e4ndern Sie das Layout und die Farben und aktualisieren Sie Ihre Inhalte \u2013 ganz ohne Programmieraufwand. Speichern Sie die Einstellungen, die Sie in Weather vorgenommen haben, und erhalten Sie den Installationscode, der problemlos in die Webflow-Webseite eingef\u00fcgt werden kann, ohne einen kostenpflichtigen Plan zu kaufen. Mit unserem unkomplizierten Editor kann jeder Webbenutzer ein Wetter-Plugin erstellen und es einfach in seine Webflow-Website einf\u00fcgen. Sie sollten keinen kostenpflichtigen Tarif abschlie\u00dfen oder Ihre Kartendaten offenlegen, um auf unseren Service zuzugreifen. Wenn Sie auf Probleme jeglicher Art sto\u00dfen, z\u00f6gern Sie nicht, sich an unser technisches Support-Team zu wenden.<\/p> <\/div>\r\n\t\t\t\t\t<\/div>\r\n\t\t\t\t<\/div> <\/div><\/div>\n","protected":false},"excerpt":{"rendered":"","protected":false},"author":9,"featured_media":0,"parent":2173,"menu_order":0,"comment_status":"closed","ping_status":"closed","template":"templates\/template-application-platform.php","meta":{"publish_to_discourse":"","publish_post_category":"","wpdc_auto_publish_overridden":"","wpdc_topic_tags":"","wpdc_pin_topic":"","wpdc_pin_until":"","discourse_post_id":"","discourse_permalink":"","wpdc_publishing_response":"","wpdc_publishing_error":"","footnotes":""},"class_list":["post-10971","page","type-page","status-publish","hentry"],"yoast_head":"<!-- This site is optimized with the Yoast SEO plugin v25.3.1 - https:\/\/yoast.com\/wordpress\/plugins\/seo\/ -->\n<title>Wetter-Widget zur Webflow-Website hinzuf\u00fcgen (kostenlos und schnell)<\/title>\n<meta name=\"description\" content=\"Hier haben Sie die M\u00f6glichkeit, ein Wetter-Widget zu erstellen und es auf Ihrer Webflow-Website anzuzeigen. Sie profitieren von kostenlosem Kundenservice und anderen Boni von Elfsight.\" \/>\n<meta name=\"robots\" content=\"index, follow, max-snippet:-1, max-image-preview:large, max-video-preview:-1\" \/>\n<link rel=\"canonical\" href=\"https:\/\/elfsight.com\/de\/weather-widget\/webflow\/\" \/>\n<meta property=\"og:locale\" content=\"de_DE\" \/>\n<meta property=\"og:type\" content=\"article\" \/>\n<meta property=\"og:title\" content=\"Wetter-Widget zur Webflow-Website hinzuf\u00fcgen (kostenlos und schnell)\" \/>\n<meta property=\"og:description\" content=\"Hier haben Sie die M\u00f6glichkeit, ein Wetter-Widget zu erstellen und es auf Ihrer Webflow-Website anzuzeigen. Sie profitieren von kostenlosem Kundenservice und anderen Boni von Elfsight.\" \/>\n<meta property=\"og:url\" content=\"https:\/\/elfsight.com\/de\/weather-widget\/webflow\/\" \/>\n<meta property=\"og:site_name\" content=\"Elfsight DE\" \/>\n<meta property=\"article:modified_time\" content=\"2025-02-25T06:41:23+00:00\" \/>\n<meta name=\"twitter:card\" content=\"summary_large_image\" \/>\n<meta name=\"twitter:label1\" content=\"Gesch\u00e4tzte Lesezeit\" \/>\n\t<meta name=\"twitter:data1\" content=\"3\u00a0Minuten\" \/>\n<!-- \/ Yoast SEO plugin. -->","yoast_head_json":{"title":"Wetter-Widget zur Webflow-Website hinzuf\u00fcgen (kostenlos und schnell)","description":"Hier haben Sie die M\u00f6glichkeit, ein Wetter-Widget zu erstellen und es auf Ihrer Webflow-Website anzuzeigen. Sie profitieren von kostenlosem Kundenservice und anderen Boni von Elfsight.","robots":{"index":"index","follow":"follow","max-snippet":"max-snippet:-1","max-image-preview":"max-image-preview:large","max-video-preview":"max-video-preview:-1"},"canonical":"https:\/\/elfsight.com\/de\/weather-widget\/webflow\/","og_locale":"de_DE","og_type":"article","og_title":"Wetter-Widget zur Webflow-Website hinzuf\u00fcgen (kostenlos und schnell)","og_description":"Hier haben Sie die M\u00f6glichkeit, ein Wetter-Widget zu erstellen und es auf Ihrer Webflow-Website anzuzeigen. Sie profitieren von kostenlosem Kundenservice und anderen Boni von Elfsight.","og_url":"https:\/\/elfsight.com\/de\/weather-widget\/webflow\/","og_site_name":"Elfsight DE","article_modified_time":"2025-02-25T06:41:23+00:00","twitter_card":"summary_large_image","twitter_misc":{"Gesch\u00e4tzte Lesezeit":"3\u00a0Minuten"},"schema":{"@context":"https:\/\/schema.org","@graph":[{"@type":"WebPage","@id":"https:\/\/elfsight.com\/de\/weather-widget\/webflow\/","url":"https:\/\/elfsight.com\/de\/weather-widget\/webflow\/","name":"Wetter-Widget zur Webflow-Website hinzuf\u00fcgen (kostenlos und schnell)","isPartOf":{"@id":"https:\/\/elfsight.com\/de\/#website"},"datePublished":"1970-01-01T00:00:00+00:00","dateModified":"2025-02-25T06:41:23+00:00","description":"Hier haben Sie die M\u00f6glichkeit, ein Wetter-Widget zu erstellen und es auf Ihrer Webflow-Website anzuzeigen. Sie profitieren von kostenlosem Kundenservice und anderen Boni von Elfsight.","breadcrumb":{"@id":"https:\/\/elfsight.com\/de\/weather-widget\/webflow\/#breadcrumb"},"inLanguage":"de","potentialAction":[{"@type":"ReadAction","target":["https:\/\/elfsight.com\/de\/weather-widget\/webflow\/"]}]},{"@type":"BreadcrumbList","@id":"https:\/\/elfsight.com\/de\/weather-widget\/webflow\/#breadcrumb","itemListElement":[{"@type":"ListItem","position":1,"name":"Home","item":"https:\/\/elfsight.com\/de\/"},{"@type":"ListItem","position":2,"name":"Weather","item":"https:\/\/elfsight.com\/de\/weather-widget\/"},{"@type":"ListItem","position":3,"name":"Weather &#8211; Webflow"}]},{"@type":"WebSite","@id":"https:\/\/elfsight.com\/de\/#website","url":"https:\/\/elfsight.com\/de\/","name":"Elfsight DE","description":"Just another Elfsight Sites site","potentialAction":[{"@type":"SearchAction","target":{"@type":"EntryPoint","urlTemplate":"https:\/\/elfsight.com\/de\/?s={search_term_string}"},"query-input":{"@type":"PropertyValueSpecification","valueRequired":true,"valueName":"search_term_string"}}],"inLanguage":"de"}]}},"meta_box":{"industry":"","seo_heading":"","heading":"","description":"","cta_heading":"","cta_description":"","application":"498","h1":"Webflow-Wetter-Widget","h1_caption":"Zeigen Sie aktuelle Wetterinformationen f\u00fcr jeden Ort auf Ihrer Website an, um Ihr lokales oder reisendes Publikum m\u00fchelos auf Ihre Webflow-Website aufmerksam zu machen.","application_category":[],"applications_title":"","applications_request_title":"","applications_request_button_text":"","hero_text":"","hero_video":"","hero_video_schema_markup":"","selling_points_title":"","selling_points_caption":"","selling_points":[],"selling_points_cta_text":"","features_title":"","features":"","ed_cta_examples_text":"","ed_cta_examples_hidden":"","ed_cta_demo_text":"","ed_cta_demo_hidden":"","why_caption":"","why_editor_title":"","why_editor_text":"","why_team_title":"","why_team_text":"","why_service_title":"","why_service_text":"","template_catalog_visible":"0","template_catalog_title":"","template_catalog_text":"","template_catalog_categories_visible":"","demo_title":"Erstellen Sie Ihr Wetter-Widget","demo_caption":"Konfigurieren Sie Ihr Wetter und f\u00fcgen Sie es kostenlos zu Ihrer Webflow-Website hinzu!","default_faq_hidden":"","app_template_category":[],"platform":"250","template_public_id":"","codecanyon_url":"","codecanyon_item_id":"","codecanyon_price":"","pricing_caption":"","pricing_elfsight_apps_hide_column":"","pricing_elfsight_apps_url":"","pricing_codecanyon_price_caption":"","integration_category":[],"integration_request_title":"","integration_request_cta":"","integration_platform":"","integrations":[],"platform_category":[],"video_schema_markup":"","price":"ab 0 $ \/ Monat","trial":"","benefits":[{"text":"Kostenloser Installationsservice"},{"text":"Premium-Kundensupport"},{"text":"14-t\u00e4gige Geld-zur\u00fcck-Garantie"},{"text":"Lebenslange kostenlose Verbesserungen"}],"button_url":"#demo","button_target_blank":"0","button_nofollow":"0","attributes":[{"name":"Installiert","content":"10,000 - 100,000"},{"name":"Reaktionsfreudig","content":"Ja"},{"name":"Kompatible Browser","content":"Firefox, Chrome, Opera, Safari, Edge"}],"tags":[],"tags_disable_links":"0","hide_more_platforms":"0","video_object":"","demo_hide_cta":"0","demo_hide_cloud_options":"0","pricing_title":"","pricing":[{"pricing_icon":"platform","pricing_title":"Elfsight Apps","pricing_title_caption":"Multiplattform-L\u00f6sung, die zu jeder Website passt","pricing_price":"ab 0 $ \/ Monat","pricing_price_caption":"Beginnen Sie mit einem kostenlosen Plan","pricing_benefits":[{"text":"Unbegrenzte Domains"},{"text":"Erstklassiger und p\u00fcnktlicher Support"},{"text":"Kostenlose Installationsunterst\u00fctzung"},{"text":"Sonderangebot f\u00fcr mehrere Apps"}],"pricing_button_text":"Zur Website hinzuf\u00fcgen","pricing_button_url":"#demo"}],"related_apps_title":"","related_apps_hidden":"0","author":"","image":[],"title":"","job":"","social_networks":[]},"_links":{"self":[{"href":"https:\/\/elfsight.com\/de\/wp-json\/wp\/v2\/pages\/10971","targetHints":{"allow":["GET"]}}],"collection":[{"href":"https:\/\/elfsight.com\/de\/wp-json\/wp\/v2\/pages"}],"about":[{"href":"https:\/\/elfsight.com\/de\/wp-json\/wp\/v2\/types\/page"}],"author":[{"embeddable":true,"href":"https:\/\/elfsight.com\/de\/wp-json\/wp\/v2\/users\/9"}],"replies":[{"embeddable":true,"href":"https:\/\/elfsight.com\/de\/wp-json\/wp\/v2\/comments?post=10971"}],"version-history":[{"count":4,"href":"https:\/\/elfsight.com\/de\/wp-json\/wp\/v2\/pages\/10971\/revisions"}],"predecessor-version":[{"id":24909,"href":"https:\/\/elfsight.com\/de\/wp-json\/wp\/v2\/pages\/10971\/revisions\/24909"}],"up":[{"embeddable":true,"href":"https:\/\/elfsight.com\/de\/wp-json\/wp\/v2\/pages\/2173"}],"wp:attachment":[{"href":"https:\/\/elfsight.com\/de\/wp-json\/wp\/v2\/media?parent=10971"}],"curies":[{"name":"wp","href":"https:\/\/api.w.org\/{rel}","templated":true}]}}