{"id":10970,"date":"1970-01-01T00:00:00","date_gmt":"1970-01-01T00:00:00","guid":{"rendered":"https:\/\/elfsight.com\/de\/?page_id=10970"},"modified":"2025-07-10T14:01:04","modified_gmt":"2025-07-10T14:01:04","slug":"webnode","status":"publish","type":"page","link":"https:\/\/elfsight.com\/de\/weather-widget\/webnode\/","title":{"rendered":"Weather &#8211; Webnode"},"content":{"rendered":"<div class=\"application-platform-content-item-description application-platform-content-item\" id=\"description\" data-nav-section=\"description\"><h2>Beschreibung<\/h2><p>Elfsight Weather ist ein schnell und einfach anpassbares Website-Plugin, das das aktuelle Wetter f\u00fcr jeden anzeigt Punkt auf der Karte. F\u00fcgen Sie einen Standort anhand des Namens, der Postleitzahl oder der Koordinaten hinzu. Ihr Publikum sieht die aktualisierten Informationen zu Temperatur, Druck, Luftfeuchtigkeitsprozentsatz und aktivem Wetter. Sie k\u00f6nnen auch st\u00fcndliche oder t\u00e4gliche Prognosen anzeigen. Das Widget bietet au\u00dferdem Hintergrundbilder zum Thema Wetter und die M\u00f6glichkeit, eigene Farben auszuw\u00e4hlen. <\/p><p><b>Machen Sie es Ihren Kunden leicht, nach dem Datum von Outdoor-Veranstaltungen zu suchen, da die Wettervorhersage immer zur Hand ist! <\/b><\/p><\/div><div class=\"application-platform-content-item-features application-platform-content-item\" id=\"features\" data-nav-section=\"features\"><p>Sehen Sie sich alle Funktionsmerkmale des Wetter-Widgets an. Sie sind direkt im Editor verf\u00fcgbar und helfen Ihnen bei der Erstellung des Widgets, das Ihren Anforderungen entspricht. <\/p><ul><li>3 M\u00f6glichkeiten, den Ort einzugeben: \u00fcber den Namen, die Postleitzahl und die Koordinaten; <\/li><li>\u00dcber 30 Sprachen werden unterst\u00fctzt, um Wetterdetails in der Sprache anzuzeigen, die Ihr Publikum spricht; <\/li><li>5 Varianten der Widget-Konfiguration f\u00fcr verschiedene Anwendungsf\u00e4lle; <\/li><li>Die M\u00f6glichkeit, die t\u00e4gliche Vorhersage f\u00fcr die kommende Woche mit Datum hinzuzuf\u00fcgen; <\/li><li>F\u00fcgen Sie das st\u00fcndliche Wetter f\u00fcr die n\u00e4chsten 12 Stunden hinzu. <\/li><\/ul><p><a href=\"#demo\">Testen Sie alle anderen Funktionen in der Demo<\/a><\/p><\/div><div class=\"application-platform-content-item-installation application-platform-content-item\" id=\"installation\" data-nav-section=\"installation\"><h2> Wie kann ich das Wetter-Widget zu meiner Webnode-Site hinzuf\u00fcgen? <\/h2><p>Um das Plugin hinzuzuf\u00fcgen, f\u00fchren Sie einfach diese schnellen Schritte aus<\/p><ol><li><b>Erstellen Sie Ihr einzigartiges Wetter-Plugin<\/b><br>Konfigurieren Sie es mit unserem kostenlosen Konfigurator ein Plugin mit benutzerdefiniertem Design und f\u00fcgen Sie den Standort hinzu. <\/li> <li><b>Kopieren Sie den individuellen Code, um das Plugin einzurichten<\/b><br>Nachdem Sie Ihr Widget erstellt haben, erhalten Sie den eindeutigen Code in der Popup-Benachrichtigung auf Elfsight Apps. Kopieren Sie den Code. <\/li> <li><b>Ver\u00f6ffentlichen Sie das Plugin auf Ihrer Webnode-Site<\/b><br>Definieren Sie den Bereich, in dem Sie das Plugin anzeigen m\u00f6chten, und f\u00fcgen Sie dort den gespeicherten Code ein. Ver\u00f6ffentlichen Sie die \u00c4nderungen. <\/li> <li><b>Die Einrichtung ist erfolgreich! <\/b><br>Besuchen Sie die Website, um einen Blick auf Ihr Widget zu werfen. <\/li><\/ol> <p>Z\u00f6gern Sie nicht, sich an unseren Kundenservice zu wenden, wenn Sie Rat ben\u00f6tigen oder eine Frage haben. Unsere Spezialisten helfen Ihnen gerne bei jeder Anfrage weiter. <\/p><div class=\"faq\" data-component=\"FAQ\"><div class=\"faq-item\">\r\n\t\t\t\t\t<div class=\"faq-item-question\">\r\n\t\t\t\t\t\t<h3 class=\"faq-item-question-text\">Gibt es eine Option, Weather ohne Programmiererfahrung in meine Webnode-Website einzubetten?<\/h3>\r\n\r\n\t\t\t\t\t\t<div class=\"faq-item-question-icon\"><\/div>\r\n\t\t\t\t\t<\/div>\r\n\r\n\t\t\t\t\t<div class=\"faq-item-answer\">\r\n\t\t\t\t\t\t<div class=\"faq-item-answer-text\"> <p>Elfsight bietet eine L\u00f6sung, mit der Sie selbst einen Wetterabschnitt einrichten k\u00f6nnen. Sehen Sie, wie einfach das ist : Arbeiten Sie in der Live-Demo daran, ein Wetter-Plugin zu erstellen, das Sie auf Ihrer Webnode-Webseite integrieren m\u00f6chten. W\u00e4hlen Sie eine der vorgefertigten Vorlagen aus und \u00e4ndern Sie die Wettereinstellungen, f\u00fcgen Sie Ihre Inhalte hinzu, \u00e4ndern Sie das Layout und das Farbschema ohne Codierung. Klicken Sie hier, um die von Ihnen vorgenommenen Wettereinstellungen zu speichern und den Installationscode zu kopieren, den Sie in die Webnode-Webseite einbetten k\u00f6nnen, ohne ein kostenpflichtiges Abonnement kaufen zu m\u00fcssen. Mit dem benutzerfreundlichen Konfigurator kann jeder Internetnutzer online eine Wetter-App erstellen und diese problemlos auf der Webnode-Webseite einf\u00fcgen. Es ist nicht erforderlich, einen kostenpflichtigen Plan abzuschlie\u00dfen oder Ihre Kartendaten einzugeben, um auf den Elfsight-Dienst zuzugreifen. Wenn Sie bei irgendeinem Schritt auf Probleme sto\u00dfen, wenden Sie sich an unseren technischen Support.<\/p> <\/div>\r\n\t\t\t\t\t<\/div>\r\n\t\t\t\t<\/div> <\/div><\/div>","protected":false},"excerpt":{"rendered":"","protected":false},"author":9,"featured_media":0,"parent":2173,"menu_order":0,"comment_status":"closed","ping_status":"closed","template":"templates\/template-application-platform.php","meta":{"publish_to_discourse":"","publish_post_category":"","wpdc_auto_publish_overridden":"","wpdc_topic_tags":"","wpdc_pin_topic":"","wpdc_pin_until":"","discourse_post_id":"","discourse_permalink":"","wpdc_publishing_response":"","wpdc_publishing_error":"","footnotes":""},"class_list":["post-10970","page","type-page","status-publish","hentry"],"yoast_head":"<!-- This site is optimized with the Yoast SEO plugin v25.3.1 - https:\/\/yoast.com\/wordpress\/plugins\/seo\/ -->\n<title>Wetter-Widget zur Webnode-Website hinzuf\u00fcgen (kostenlos und schnell)<\/title>\n<meta name=\"description\" content=\"Gestalten Sie mit Elfsight Ihr Wetter-Widget und zeigen Sie es im Handumdrehen auf der Webnode-Website an. Wir bieten kostenlosen Kundenservice und weitere Boni.\" \/>\n<meta name=\"robots\" content=\"index, follow, max-snippet:-1, max-image-preview:large, max-video-preview:-1\" \/>\n<link rel=\"canonical\" href=\"https:\/\/elfsight.com\/de\/weather-widget\/webnode\/\" \/>\n<meta property=\"og:locale\" content=\"de_DE\" \/>\n<meta property=\"og:type\" content=\"article\" \/>\n<meta property=\"og:title\" content=\"Wetter-Widget zur Webnode-Website hinzuf\u00fcgen (kostenlos und schnell)\" \/>\n<meta property=\"og:description\" content=\"Gestalten Sie mit Elfsight Ihr Wetter-Widget und zeigen Sie es im Handumdrehen auf der Webnode-Website an. Wir bieten kostenlosen Kundenservice und weitere Boni.\" \/>\n<meta property=\"og:url\" content=\"https:\/\/elfsight.com\/de\/weather-widget\/webnode\/\" \/>\n<meta property=\"og:site_name\" content=\"Elfsight DE\" \/>\n<meta property=\"article:modified_time\" content=\"2025-07-10T14:01:04+00:00\" \/>\n<meta name=\"twitter:card\" content=\"summary_large_image\" \/>\n<meta name=\"twitter:label1\" content=\"Gesch\u00e4tzte Lesezeit\" \/>\n\t<meta name=\"twitter:data1\" content=\"3\u00a0Minuten\" \/>\n<!-- \/ Yoast SEO plugin. -->","yoast_head_json":{"title":"Wetter-Widget zur Webnode-Website hinzuf\u00fcgen (kostenlos und schnell)","description":"Gestalten Sie mit Elfsight Ihr Wetter-Widget und zeigen Sie es im Handumdrehen auf der Webnode-Website an. Wir bieten kostenlosen Kundenservice und weitere Boni.","robots":{"index":"index","follow":"follow","max-snippet":"max-snippet:-1","max-image-preview":"max-image-preview:large","max-video-preview":"max-video-preview:-1"},"canonical":"https:\/\/elfsight.com\/de\/weather-widget\/webnode\/","og_locale":"de_DE","og_type":"article","og_title":"Wetter-Widget zur Webnode-Website hinzuf\u00fcgen (kostenlos und schnell)","og_description":"Gestalten Sie mit Elfsight Ihr Wetter-Widget und zeigen Sie es im Handumdrehen auf der Webnode-Website an. Wir bieten kostenlosen Kundenservice und weitere Boni.","og_url":"https:\/\/elfsight.com\/de\/weather-widget\/webnode\/","og_site_name":"Elfsight DE","article_modified_time":"2025-07-10T14:01:04+00:00","twitter_card":"summary_large_image","twitter_misc":{"Gesch\u00e4tzte Lesezeit":"3\u00a0Minuten"},"schema":{"@context":"https:\/\/schema.org","@graph":[{"@type":"WebPage","@id":"https:\/\/elfsight.com\/de\/weather-widget\/webnode\/","url":"https:\/\/elfsight.com\/de\/weather-widget\/webnode\/","name":"Wetter-Widget zur Webnode-Website hinzuf\u00fcgen (kostenlos und schnell)","isPartOf":{"@id":"https:\/\/elfsight.com\/de\/#website"},"datePublished":"1970-01-01T00:00:00+00:00","dateModified":"2025-07-10T14:01:04+00:00","description":"Gestalten Sie mit Elfsight Ihr Wetter-Widget und zeigen Sie es im Handumdrehen auf der Webnode-Website an. Wir bieten kostenlosen Kundenservice und weitere Boni.","breadcrumb":{"@id":"https:\/\/elfsight.com\/de\/weather-widget\/webnode\/#breadcrumb"},"inLanguage":"de","potentialAction":[{"@type":"ReadAction","target":["https:\/\/elfsight.com\/de\/weather-widget\/webnode\/"]}]},{"@type":"BreadcrumbList","@id":"https:\/\/elfsight.com\/de\/weather-widget\/webnode\/#breadcrumb","itemListElement":[{"@type":"ListItem","position":1,"name":"Home","item":"https:\/\/elfsight.com\/de\/"},{"@type":"ListItem","position":2,"name":"Weather","item":"https:\/\/elfsight.com\/de\/weather-widget\/"},{"@type":"ListItem","position":3,"name":"Weather &#8211; Webnode"}]},{"@type":"WebSite","@id":"https:\/\/elfsight.com\/de\/#website","url":"https:\/\/elfsight.com\/de\/","name":"Elfsight DE","description":"Just another Elfsight Sites site","potentialAction":[{"@type":"SearchAction","target":{"@type":"EntryPoint","urlTemplate":"https:\/\/elfsight.com\/de\/?s={search_term_string}"},"query-input":{"@type":"PropertyValueSpecification","valueRequired":true,"valueName":"search_term_string"}}],"inLanguage":"de"}]}},"meta_box":{"industry":"","seo_heading":"","heading":"","description":"","cta_heading":"","cta_description":"","application":"498","h1":"Webnode-Wetter-Widget","h1_caption":"Zeigen Sie aktuelle Wetterinformationen f\u00fcr jeden Ort auf Ihrer Website an, um Ihr lokales oder reisendes Publikum m\u00fchelos auf Ihre Webnode-Website aufmerksam zu machen.","application_category":[],"applications_title":"","applications_request_title":"","applications_request_button_text":"","hero_text":"","hero_video":"","hero_video_schema_markup":"","selling_points_title":"","selling_points_caption":"","selling_points":[],"selling_points_cta_text":"","features_title":"","features":"","ed_cta_examples_text":"","ed_cta_examples_hidden":"","ed_cta_demo_text":"","ed_cta_demo_hidden":"","why_caption":"","why_editor_title":"","why_editor_text":"","why_team_title":"","why_team_text":"","why_service_title":"","why_service_text":"","template_catalog_visible":"","template_catalog_title":"","template_catalog_text":"","template_catalog_categories_visible":"","demo_title":"Erstellen Sie Ihr Wetter-Widget","demo_caption":"Konfigurieren Sie Ihr Wetter und f\u00fcgen Sie es kostenlos zu Ihrer Webnode-Website hinzu!","default_faq_hidden":"","app_template_category":[],"platform":"248","template_public_id":"","codecanyon_url":"","codecanyon_item_id":"","codecanyon_price":"","pricing_caption":"","pricing_elfsight_apps_hide_column":"","pricing_elfsight_apps_url":"","pricing_codecanyon_price_caption":"","integration_category":[],"integration_request_title":"","integration_request_cta":"","integration_platform":"","integrations":[],"platform_category":[],"video_schema_markup":"","price":"ab 0 $ \/ Monat","trial":"","benefits":[{"text":"Kostenlose Installationsunterst\u00fctzung"},{"text":"Professioneller Kundenservice"},{"text":"14-t\u00e4gige R\u00fcckerstattungsgarantie"},{"text":"Regelm\u00e4\u00dfige Updates"}],"button_url":"#demo","button_target_blank":"","button_nofollow":"","attributes":[{"name":"Installiert","content":"10,000 - 100,000"},{"name":"Reaktionsfreudig","content":"Ja"},{"name":"Kompatible Browser","content":"Firefox, Safari, Opera, Chrome, Edge"}],"tags":[],"tags_disable_links":"","hide_more_platforms":"","video_object":"","demo_hide_cta":"","demo_hide_cloud_options":"","pricing_title":"","pricing":[{"pricing_icon":"platform","pricing_title":"Elfsight Apps","pricing_title_caption":"Plattform\u00fcbergreifende digitale L\u00f6sung","pricing_price":"ab 0 $ \/ Monat","pricing_price_caption":"Beginnen Sie mit einem kostenlosen Plan","pricing_benefits":[{"text":"Unbegrenzte Domains"},{"text":"Premium-Support"},{"text":"Kostenloser Installationsservice"},{"text":"Sonderangebot f\u00fcr mehrere Apps"}],"pricing_button_text":"Zur Website hinzuf\u00fcgen","pricing_button_url":"#demo"}],"related_apps_title":"","related_apps_hidden":"","author":"","image":[],"title":"","job":"","social_networks":[]},"_links":{"self":[{"href":"https:\/\/elfsight.com\/de\/wp-json\/wp\/v2\/pages\/10970","targetHints":{"allow":["GET"]}}],"collection":[{"href":"https:\/\/elfsight.com\/de\/wp-json\/wp\/v2\/pages"}],"about":[{"href":"https:\/\/elfsight.com\/de\/wp-json\/wp\/v2\/types\/page"}],"author":[{"embeddable":true,"href":"https:\/\/elfsight.com\/de\/wp-json\/wp\/v2\/users\/9"}],"replies":[{"embeddable":true,"href":"https:\/\/elfsight.com\/de\/wp-json\/wp\/v2\/comments?post=10970"}],"version-history":[{"count":2,"href":"https:\/\/elfsight.com\/de\/wp-json\/wp\/v2\/pages\/10970\/revisions"}],"predecessor-version":[{"id":22185,"href":"https:\/\/elfsight.com\/de\/wp-json\/wp\/v2\/pages\/10970\/revisions\/22185"}],"up":[{"embeddable":true,"href":"https:\/\/elfsight.com\/de\/wp-json\/wp\/v2\/pages\/2173"}],"wp:attachment":[{"href":"https:\/\/elfsight.com\/de\/wp-json\/wp\/v2\/media?parent=10970"}],"curies":[{"name":"wp","href":"https:\/\/api.w.org\/{rel}","templated":true}]}}