{"id":10964,"date":"1970-01-01T00:00:00","date_gmt":"1970-01-01T00:00:00","guid":{"rendered":"https:\/\/elfsight.com\/de\/?page_id=10964"},"modified":"2025-02-25T06:54:55","modified_gmt":"2025-02-25T06:54:55","slug":"wix","status":"publish","type":"page","link":"https:\/\/elfsight.com\/de\/weather-widget\/wix\/","title":{"rendered":"Weather &#8211; Wix"},"content":{"rendered":"\n<div class=\"application-platform-content-item-description application-platform-content-item\" id=\"description\" data-nav-section=\"description\"><h2>Beschreibung<\/h2><p>Das Elfsight-Wetter-Widget ist ein unkompliziertes und anpassbares Website-Widget, das die aktuelle Wettervorhersage f\u00fcr jeden anzeigt erforderlichen Standort. F\u00fcgen Sie einen Standort mithilfe des Namens, der Postleitzahl oder der Koordinaten hinzu. Website-Besucher k\u00f6nnen aktuelle Informationen zu Temperatur, Luftdruck, Luftfeuchtigkeit und aktivem Wetter sehen. Sie k\u00f6nnen auch die Vorhersage f\u00fcr die Woche oder f\u00fcr die n\u00e4chsten zw\u00f6lf Stunden anzeigen. Das Widget bietet au\u00dferdem einen thematischen Hintergrund und die M\u00f6glichkeit, beliebige Farben auszuw\u00e4hlen. <\/p><p><b>Steigern Sie den Verkauf wetterabh\u00e4ngiger Produkte durch die Bereitstellung relevanter Wettervorhersagen auf Ihrer Website! <\/b><\/p><\/div><div class=\"application-platform-content-item-features application-platform-content-item\" id=\"features\" data-nav-section=\"features\"><p>Hier k\u00f6nnen Sie alle Funktionsmerkmale des Wetter-Widgets sehen. Sie k\u00f6nnen sie direkt im Editor verwalten und sie helfen Ihnen dabei, das Widget entsprechend Ihren Anforderungen zu erstellen. <\/p><ul><li>3 Methoden zum Hinzuf\u00fcgen des Standorts: der Name, die Postleitzahl oder die Koordinaten; <\/li><li>\u00dcber 30 Sprachen enthalten, um Wetterinformationen in der Sprache anzuzeigen, die Ihr Publikum spricht; <\/li><li>5 Arten der Widget-Konfiguration f\u00fcr verschiedene Anwendungsf\u00e4lle; <\/li><li>Die M\u00f6glichkeit, die t\u00e4gliche Vorhersage f\u00fcr die kommende Woche mit Datum anzuzeigen; <\/li><li>Zeigen Sie das st\u00fcndliche Wetter f\u00fcr die n\u00e4chsten 12 Stunden. <\/li><\/ul><p><a href=\"#demo\">\u00dcberpr\u00fcfen Sie in unserer Demo, wie alle Funktionen funktionieren<\/a><\/p><\/div><div class=\"application-platform-content-item-installation application-platform-content-item\" id=\"installation\" data-nav-section=\"installation\"> <h2>Wie f\u00fcge ich die Wetter-App zur Website von Wix hinzu? <\/h2><div class=\"video-container\"><iframe width=\"560\" height=\"315\" src=\"https:\/\/www.youtube.com\/embed\/WKJgqnycTPs?si=PZQL5XUcmCXkBDHA\" frameborder=\"0\" allow=\"accelerometer; autoplay; clipboard-write; encrypted-media; gyroscope; picture-in-picture; web-share\" allowfullscreen><\/iframe><\/div><p>Befolgen Sie zur Einf\u00fchrung des Widgets die folgenden Richtlinien<\/p><ol><li><b>Entwerfen Sie Ihr benutzerdefiniertes Wetter-Widget<\/b><br>Verwaltung unseres kostenlosen Demo, erhalten Sie ein Plugin mit individuellem Aussehen und individuellen Einstellungen. <\/li> <li><b>Erhalten Sie den individuellen Code zum Ver\u00f6ffentlichen des Plugins<\/b><br>Nachdem Sie Ihr Widget erstellt haben, erhalten Sie einen eindeutigen Code aus der erscheinenden Benachrichtigung auf Elfsight Apps. Kopieren Sie den Code zur weiteren Verwendung. <\/li> <li><b>Ver\u00f6ffentlichen Sie das Plugin auf Ihrer Wix-Site<\/b><br>W\u00e4hlen Sie den Ort aus, an dem Sie das Plugin integrieren m\u00f6chten, und f\u00fcgen Sie dort den kopierten Code ein. Speichern Sie die Ergebnisse. <\/li> <li><b>Die Einrichtung ist abgeschlossen<\/b><br>Besuchen Sie Ihren Shop, um Ihr neues Widget anzusehen. <\/li><\/ol> <p>Wenn Sie Hilfe ben\u00f6tigen oder Fragen haben, k\u00f6nnen Sie sich jederzeit an den Kundenservice von Elfsight wenden. Wir helfen Ihnen gerne bei jedem Anliegen weiter. <\/p><div class=\"faq\" data-component=\"FAQ\"><div class=\"faq-item\">\r\n\t\t\t\t\t<div class=\"faq-item-question\">\r\n\t\t\t\t\t\t<h3 class=\"faq-item-question-text\">Wie f\u00fcge ich das Wetter-Widget zu Wix hinzu?<\/h3>\r\n\r\n\t\t\t\t\t\t<div class=\"faq-item-question-icon\"><\/div>\r\n\t\t\t\t\t<\/div>\r\n\r\n\t\t\t\t\t<div class=\"faq-item-answer\">\r\n\t\t\t\t\t\t<div class=\"faq-item-answer-text\"><p>Legen Sie zun\u00e4chst Ihren Standort fest und schalten Sie die Option ein oder aus um die Temperatur im kostenlosen Online-Konfigurator anzuzeigen. Kopieren Sie au\u00dferdem einen Installationscode im Popup-Fenster und f\u00fcgen Sie ihn in den erforderlichen Block auf Ihrer Wix-Site ein. Das ist es! Du bist perfekt! Ihr animiertes Wetterfenster wird auf einer Website angezeigt.<\/p><p><a href=\"https:\/\/elfsight.com\/tutorials\/how-to-add-weather-widget\/#how-to-add-weather-to-wix\">Hier ist eine Anleitung<\/a> zur Installation des Widgets auf anderen Plattformen, insbesondere Wix, viel Spa\u00df.<\/p><\/div>\r\n\t\t\t\t\t<\/div>\r\n\t\t\t\t<\/div><div class=\"faq-item\">\r\n\t\t\t\t\t<div class=\"faq-item-question\">\r\n\t\t\t\t\t\t<h3 class=\"faq-item-question-text\">Ist da eine Chance zu sehen, wie das Widget auf einer Website aussehen wird?<\/h3>\r\n\r\n\t\t\t\t\t\t<div class=\"faq-item-question-icon\"><\/div>\r\n\t\t\t\t\t<\/div>\r\n\r\n\t\t\t\t\t<div class=\"faq-item-answer\">\r\n\t\t\t\t\t\t<div class=\"faq-item-answer-text\"><p>Auf jeden Fall! Wenn Sie das Wix-Wetter-Plugin im <a href=\"https:\/\/elfsight.com\/weather-widget\/#demo\">Online-Widget-Builder<\/a> erstellen, sehen Sie alle \u00c4nderungen im rechten Teil des Editor. Ihr Wetter-Widget wird genauso aussehen wie das, was Sie auf Ihrer Website von Wix haben werden. <\/p><\/div>\r\n\t\t\t\t\t<\/div>\r\n\t\t\t\t<\/div><div class=\"faq-item\">\r\n\t\t\t\t\t<div class=\"faq-item-question\">\r\n\t\t\t\t\t\t<h3 class=\"faq-item-question-text\">Welche anderen Widgets sind ein Muss f\u00fcr eine Website von Wix?<\/h3>\r\n\r\n\t\t\t\t\t\t<div class=\"faq-item-question-icon\"><\/div>\r\n\t\t\t\t\t<\/div>\r\n\r\n\t\t\t\t\t<div class=\"faq-item-answer\">\r\n\t\t\t\t\t\t<div class=\"faq-item-answer-text\"><p>Wix bietet unz\u00e4hlige E-Commerce-Tools f\u00fcr jede Art von Website. Wenn Sie jedoch die Funktionalit\u00e4t Ihrer Website noch erweitern m\u00f6chten, k\u00f6nnen Sie dies mithilfe von Elfsight-Widgets tun.<\/p><p>Sie k\u00f6nnen beispielsweise ein <a href=\"https:\/\/elfsight.com\/de\/pdf-embed-widget\/wix\/\">PDF Embed<\/a>, ein <a href=\"https:\/\/elfsight.com\/de\/instagram-feed-instashow\/wix\/\">Instagram-Feed<\/a>, oder <a href=\"https:\/\/elfsight.com\/de\/google-reviews-widget\/wix\/\">Google Bewertungen<\/a>. Dar\u00fcber hinaus besteht die M\u00f6glichkeit, einen <a href=\"https:\/\/elfsight.com\/de\/whatsapp-chat-widget\/wix\/\">WhatsApp-Chat<\/a> oder einen <a href=\"https:\/\/elfsight.com\/de\/popup-widget\/wix\/\">Popup<\/a>, um Besucher noch st\u00e4rker einzubeziehen. Auf jeden Fall finden Sie im Elfsight-Katalog jede L\u00f6sung f\u00fcr Ihre Website.<\/p><\/div>\r\n\t\t\t\t\t<\/div>\r\n\t\t\t\t<\/div><\/div><\/div>\n","protected":false},"excerpt":{"rendered":"","protected":false},"author":9,"featured_media":0,"parent":2173,"menu_order":0,"comment_status":"closed","ping_status":"closed","template":"templates\/template-application-platform.php","meta":{"publish_to_discourse":"","publish_post_category":"","wpdc_auto_publish_overridden":"","wpdc_topic_tags":"","wpdc_pin_topic":"","wpdc_pin_until":"","discourse_post_id":"","discourse_permalink":"","wpdc_publishing_response":"","wpdc_publishing_error":"","footnotes":""},"class_list":["post-10964","page","type-page","status-publish","hentry"],"yoast_head":"<!-- This site is optimized with the Yoast SEO plugin v25.3.1 - https:\/\/yoast.com\/wordpress\/plugins\/seo\/ -->\n<title>Wetter-Widget \u2013 Wetter-App zur Website von Wix hinzuf\u00fcgen (kostenlos und schnell)<\/title>\n<meta name=\"description\" content=\"Es ist ganz einfach, Ihr responsives Wetter-Plugin zu erstellen und es auf Ihrer Wix-Website anzuzeigen. Der Elfsight-Kundensupport ist kostenlos und schnell.\" \/>\n<meta name=\"robots\" content=\"index, follow, max-snippet:-1, max-image-preview:large, max-video-preview:-1\" \/>\n<link rel=\"canonical\" href=\"https:\/\/elfsight.com\/de\/weather-widget\/wix\/\" \/>\n<meta property=\"og:locale\" content=\"de_DE\" \/>\n<meta property=\"og:type\" content=\"article\" \/>\n<meta property=\"og:title\" content=\"Wetter-Widget \u2013 Wetter-App zur Website von Wix hinzuf\u00fcgen (kostenlos und schnell)\" \/>\n<meta property=\"og:description\" content=\"Es ist ganz einfach, Ihr responsives Wetter-Plugin zu erstellen und es auf Ihrer Wix-Website anzuzeigen. Der Elfsight-Kundensupport ist kostenlos und schnell.\" \/>\n<meta property=\"og:url\" content=\"https:\/\/elfsight.com\/de\/weather-widget\/wix\/\" \/>\n<meta property=\"og:site_name\" content=\"Elfsight DE\" \/>\n<meta property=\"article:modified_time\" content=\"2025-02-25T06:54:55+00:00\" \/>\n<meta name=\"twitter:card\" content=\"summary_large_image\" \/>\n<meta name=\"twitter:label1\" content=\"Gesch\u00e4tzte Lesezeit\" \/>\n\t<meta name=\"twitter:data1\" content=\"3\u00a0Minuten\" \/>\n<!-- \/ Yoast SEO plugin. -->","yoast_head_json":{"title":"Wetter-Widget \u2013 Wetter-App zur Website von Wix hinzuf\u00fcgen (kostenlos und schnell)","description":"Es ist ganz einfach, Ihr responsives Wetter-Plugin zu erstellen und es auf Ihrer Wix-Website anzuzeigen. Der Elfsight-Kundensupport ist kostenlos und schnell.","robots":{"index":"index","follow":"follow","max-snippet":"max-snippet:-1","max-image-preview":"max-image-preview:large","max-video-preview":"max-video-preview:-1"},"canonical":"https:\/\/elfsight.com\/de\/weather-widget\/wix\/","og_locale":"de_DE","og_type":"article","og_title":"Wetter-Widget \u2013 Wetter-App zur Website von Wix hinzuf\u00fcgen (kostenlos und schnell)","og_description":"Es ist ganz einfach, Ihr responsives Wetter-Plugin zu erstellen und es auf Ihrer Wix-Website anzuzeigen. Der Elfsight-Kundensupport ist kostenlos und schnell.","og_url":"https:\/\/elfsight.com\/de\/weather-widget\/wix\/","og_site_name":"Elfsight DE","article_modified_time":"2025-02-25T06:54:55+00:00","twitter_card":"summary_large_image","twitter_misc":{"Gesch\u00e4tzte Lesezeit":"3\u00a0Minuten"},"schema":{"@context":"https:\/\/schema.org","@graph":[{"@type":"WebPage","@id":"https:\/\/elfsight.com\/de\/weather-widget\/wix\/","url":"https:\/\/elfsight.com\/de\/weather-widget\/wix\/","name":"Wetter-Widget \u2013 Wetter-App zur Website von Wix hinzuf\u00fcgen (kostenlos und schnell)","isPartOf":{"@id":"https:\/\/elfsight.com\/de\/#website"},"datePublished":"1970-01-01T00:00:00+00:00","dateModified":"2025-02-25T06:54:55+00:00","description":"Es ist ganz einfach, Ihr responsives Wetter-Plugin zu erstellen und es auf Ihrer Wix-Website anzuzeigen. Der Elfsight-Kundensupport ist kostenlos und schnell.","breadcrumb":{"@id":"https:\/\/elfsight.com\/de\/weather-widget\/wix\/#breadcrumb"},"inLanguage":"de","potentialAction":[{"@type":"ReadAction","target":["https:\/\/elfsight.com\/de\/weather-widget\/wix\/"]}]},{"@type":"BreadcrumbList","@id":"https:\/\/elfsight.com\/de\/weather-widget\/wix\/#breadcrumb","itemListElement":[{"@type":"ListItem","position":1,"name":"Home","item":"https:\/\/elfsight.com\/de\/"},{"@type":"ListItem","position":2,"name":"Weather","item":"https:\/\/elfsight.com\/de\/weather-widget\/"},{"@type":"ListItem","position":3,"name":"Weather &#8211; Wix"}]},{"@type":"WebSite","@id":"https:\/\/elfsight.com\/de\/#website","url":"https:\/\/elfsight.com\/de\/","name":"Elfsight DE","description":"Just another Elfsight Sites site","potentialAction":[{"@type":"SearchAction","target":{"@type":"EntryPoint","urlTemplate":"https:\/\/elfsight.com\/de\/?s={search_term_string}"},"query-input":{"@type":"PropertyValueSpecification","valueRequired":true,"valueName":"search_term_string"}}],"inLanguage":"de"}]}},"meta_box":{"industry":"","seo_heading":"","heading":"","description":"","cta_heading":"","cta_description":"","application":"498","h1":"Wix Weather-App","h1_caption":"Zeigen Sie aktuelle Wetterinformationen f\u00fcr jeden Ort auf Ihrer Website an, um Ihr lokales oder reisendes Publikum m\u00fchelos auf Ihre Website von Wix aufmerksam zu machen.","application_category":[],"applications_title":"","applications_request_title":"","applications_request_button_text":"","hero_text":"","hero_video":"","hero_video_schema_markup":"","selling_points_title":"","selling_points_caption":"","selling_points":[],"selling_points_cta_text":"","features_title":"","features":"","ed_cta_examples_text":"","ed_cta_examples_hidden":"","ed_cta_demo_text":"","ed_cta_demo_hidden":"","why_caption":"","why_editor_title":"","why_editor_text":"","why_team_title":"","why_team_text":"","why_service_title":"","why_service_text":"","template_catalog_visible":"0","template_catalog_title":"","template_catalog_text":"","template_catalog_categories_visible":"","demo_title":"Erstellen Sie Ihre Wetter-App","demo_caption":"Konfigurieren Sie Ihr Wetter und f\u00fcgen Sie es kostenlos zu Ihrer Wix-Website hinzu!","default_faq_hidden":"","app_template_category":[],"platform":"265","template_public_id":"","codecanyon_url":"","codecanyon_item_id":"","codecanyon_price":"","pricing_caption":"","pricing_elfsight_apps_hide_column":"","pricing_elfsight_apps_url":"","pricing_codecanyon_price_caption":"","integration_category":[],"integration_request_title":"","integration_request_cta":"","integration_platform":"","integrations":[],"platform_category":[],"video_schema_markup":"","price":"ab 0 $ \/ Monat","trial":"","benefits":[{"text":"Kostenlose Installationshilfe"},{"text":"Au\u00dfergew\u00f6hnliche Unterst\u00fctzung"},{"text":"14-t\u00e4gige Geld-zur\u00fcck-Garantie"},{"text":"Fortlaufende Entwicklung"}],"button_url":"#demo","button_target_blank":"0","button_nofollow":"0","attributes":[{"name":"Installiert","content":"10,000 - 100,000"},{"name":"Reaktionsfreudig","content":"Ja"},{"name":"Kompatible Browser","content":"Firefox, Safari, Opera, Chrome, Edge"}],"tags":[],"tags_disable_links":"0","hide_more_platforms":"0","video_object":"","demo_hide_cta":"0","demo_hide_cloud_options":"0","pricing_title":"","pricing":[{"pricing_icon":"platform","pricing_title":"Elfsight Apps","pricing_title_caption":"Plattformunabh\u00e4ngige Software, die zu jeder Site passt","pricing_price":"ab 0 $ \/ Monat","pricing_price_caption":"Beginnen Sie mit einem kostenlosen Plan","pricing_benefits":[{"text":"Unbegrenzte Websites"},{"text":"Engagierter Kundensupport"},{"text":"Kostenloser Installationsservice"},{"text":"Sonderangebot f\u00fcr mehrere Apps"}],"pricing_button_text":"Zur Website hinzuf\u00fcgen","pricing_button_url":"#demo"}],"related_apps_title":"","related_apps_hidden":"0","author":"","image":[],"title":"","job":"","social_networks":[]},"_links":{"self":[{"href":"https:\/\/elfsight.com\/de\/wp-json\/wp\/v2\/pages\/10964","targetHints":{"allow":["GET"]}}],"collection":[{"href":"https:\/\/elfsight.com\/de\/wp-json\/wp\/v2\/pages"}],"about":[{"href":"https:\/\/elfsight.com\/de\/wp-json\/wp\/v2\/types\/page"}],"author":[{"embeddable":true,"href":"https:\/\/elfsight.com\/de\/wp-json\/wp\/v2\/users\/9"}],"replies":[{"embeddable":true,"href":"https:\/\/elfsight.com\/de\/wp-json\/wp\/v2\/comments?post=10964"}],"version-history":[{"count":3,"href":"https:\/\/elfsight.com\/de\/wp-json\/wp\/v2\/pages\/10964\/revisions"}],"predecessor-version":[{"id":24913,"href":"https:\/\/elfsight.com\/de\/wp-json\/wp\/v2\/pages\/10964\/revisions\/24913"}],"up":[{"embeddable":true,"href":"https:\/\/elfsight.com\/de\/wp-json\/wp\/v2\/pages\/2173"}],"wp:attachment":[{"href":"https:\/\/elfsight.com\/de\/wp-json\/wp\/v2\/media?parent=10964"}],"curies":[{"name":"wp","href":"https:\/\/api.w.org\/{rel}","templated":true}]}}