{"id":10962,"date":"1970-01-01T00:00:00","date_gmt":"1970-01-01T00:00:00","guid":{"rendered":"https:\/\/elfsight.com\/de\/?page_id=10962"},"modified":"2025-07-10T13:59:56","modified_gmt":"2025-07-10T13:59:56","slug":"facebook","status":"publish","type":"page","link":"https:\/\/elfsight.com\/de\/weather-widget\/facebook\/","title":{"rendered":"Weather &#8211; Facebook Page"},"content":{"rendered":"<div class=\"application-platform-content-item-description application-platform-content-item\" id=\"description\" data-nav-section=\"description\"><h2>Beschreibung<\/h2><p>Elfsight Weather ist ein einfaches und leicht anpassbares Website-Widget, das die relevante Wettersituation f\u00fcr jedes gew\u00fcnschte Gebiet anzeigt. Geben Sie einen Ort anhand des Titels, der Postleitzahl oder der Koordinaten ein. Website-Besucher k\u00f6nnen die aktuellen Informationen zu Temperatur, Luftdruck, Luftfeuchtigkeit und Wetterelementen \u00fcberpr\u00fcfen. Unser Widget bietet die M\u00f6glichkeit, st\u00fcndliche oder t\u00e4gliche Vorhersagen anzuzeigen. Sie k\u00f6nnen die Benutzeroberfl\u00e4che mithilfe thematischer Hintergrundbilder und der Option zum Anwenden benutzerdefinierter Farben anpassen. <\/p><p><b>Steigern Sie den Verkauf saisonaler Produkte mit relevanten Wettervorhersagen auf Ihrer Website! <\/b><\/p><\/div><div class=\"application-platform-content-item-features application-platform-content-item\" id=\"features\" data-nav-section=\"features\"><p>\u00dcberpr\u00fcfen Sie eine Liste aller Funktionsmerkmale des Facebook-Wetter-Widgets. Sie k\u00f6nnen sie direkt im Editor anpassen und sie helfen Ihnen dabei, das Widget speziell f\u00fcr Ihre Bed\u00fcrfnisse zu erstellen. <\/p><ul><li>3 M\u00f6glichkeiten, den Ort hinzuzuf\u00fcgen: den Namen, die Postleitzahl und die Koordinaten; <\/li><li>\u00dcber 30 Sprachen werden unterst\u00fctzt, um Wetterdaten in der Sprache Ihres Publikums anzuzeigen; <\/li><li>5 Varianten der Widget-Konfiguration f\u00fcr verschiedene Anwendungsf\u00e4lle; <\/li><li>Die Option, die t\u00e4gliche Vorhersage f\u00fcr eine Woche mit Datum anzuzeigen; <\/li><li>F\u00fcgen Sie eine st\u00fcndliche Vorhersage f\u00fcr die n\u00e4chsten 12 Stunden hinzu. <\/li><\/ul><p><a href=\"#demo\">Testen Sie alle anderen Funktionen in der Demo<\/a><\/p><\/div><div class=\"application-platform-content-item-installation application-platform-content-item\" id=\"installation\" data-nav-section=\"installation\"><h2> Wie kann ich Wetter zu einer Facebook-Seite hinzuf\u00fcgen? <\/h2><p>Um das Wetter-Widget einzuf\u00fchren, befolgen Sie einfach die folgenden Richtlinien<\/p><ol><li><b>Generieren Sie Ihr personalisiertes Wetter-Widget<\/b><br>Mithilfe unserer kostenlosen Demo, shape ein Plugin mit einer bevorzugten Schnittstelle und Einstellungen. <\/li> <li><b>Holen Sie sich den individuellen Code zur Installation des Widgets<\/b><br>Nachdem Sie Ihr Widget generiert haben, erhalten Sie Ihren Installationscode aus dem Popup-Fenster von Elfsight Apps. Kopieren Sie den Code. <\/li><li><b>F\u00fcgen Sie den Wetter-Tab zur Facebook-Seite hinzu<\/b><br> Erstellen Sie Ihren benutzerdefinierten Facebook-Tab. F\u00fcgen Sie den Code, den Sie bei elfsight apps erhalten haben, in die Registerkarte ein. Wenn Sie Probleme haben, lesen Sie einfach unseren Leitfaden unter <a href=\"https:\/\/elfsight.com\/blog\/how-to-add-custom-tab-to-facebook-page\/\" target=\"_blank\" rel=\"noopener noreferrer\">Benutzerdefinierten Facebook-Tab erstellen<\/a><\/li> <li><b>Die Einrichtung ist abgeschlossen<\/b><br>Besuchen Sie Ihre Seite, um Ihr Widget zu \u00fcberpr\u00fcfen. <\/li><\/ol> <p>Wenn Sie Hilfe ben\u00f6tigen oder Probleme haben, k\u00f6nnen Sie sich jederzeit an den Support wenden. Wir helfen Ihnen gerne bei jeder Anfrage weiter. <\/p><div class=\"faq\" data-component=\"FAQ\"><div class=\"faq-item\">\r\n\t\t\t\t\t<div class=\"faq-item-question\">\r\n\t\t\t\t\t\t<h3 class=\"faq-item-question-text\">Wie kann ich Wetter ohne Programmierkenntnisse zu meiner Facebook-Seite hinzuf\u00fcgen?<\/h3>\r\n\r\n\t\t\t\t\t\t<div class=\"faq-item-question-icon\"><\/div>\r\n\t\t\t\t\t<\/div>\r\n\r\n\t\t\t\t\t<div class=\"faq-item-answer\">\r\n\t\t\t\t\t\t<div class=\"faq-item-answer-text\"> <p>Elfsight bietet eine SaaS-L\u00f6sung, mit der Sie selbst ein Wetter-Widget erstellen k\u00f6nnen. Finden Sie heraus, wie Es ist ganz einfach: Beginnen Sie direkt in der Live-Demo mit der Erstellung eines Wetterabschnitts, den Sie auf der Startseite der Facebook-Seite einbinden m\u00f6chten. Entscheiden Sie sich f\u00fcr eine der vorgefertigten Vorlagen und \u00e4ndern Sie die Wettereinstellungen, \u00e4ndern Sie das Layout und das Farbschema und f\u00fcgen Sie Ihre Inhalte hinzu, ohne Programmiererfahrung zu haben. Speichern Sie die von Ihnen vorgenommenen Wettereinstellungen und erhalten Sie einen Widget-Code zum Einbetten, der kostenlos in die Startseite der Facebook-Seite eingebettet werden kann. Mit dem intuitiven Konfigurator kann jeder Internetnutzer das Wetter online einrichten und es m\u00fchelos in die Startseite der Facebook-Seite einbinden. Es ist nicht erforderlich, zu bezahlen oder Ihre Kartendaten offenzulegen, um Zugang zu unserem Editor zu erhalten. Wenn Sie auf Probleme jeglicher Art sto\u00dfen, wenden Sie sich bitte an unseren technischen Kundensupport.<\/p> <\/div>\r\n\t\t\t\t\t<\/div>\r\n\t\t\t\t<\/div> <\/div><\/div>","protected":false},"excerpt":{"rendered":"","protected":false},"author":9,"featured_media":0,"parent":2173,"menu_order":0,"comment_status":"closed","ping_status":"closed","template":"templates\/template-application-platform.php","meta":{"publish_to_discourse":"","publish_post_category":"","wpdc_auto_publish_overridden":"","wpdc_topic_tags":"","wpdc_pin_topic":"","wpdc_pin_until":"","discourse_post_id":"","discourse_permalink":"","wpdc_publishing_response":"","wpdc_publishing_error":"","footnotes":""},"class_list":["post-10962","page","type-page","status-publish","hentry"],"yoast_head":"<!-- This site is optimized with the Yoast SEO plugin v25.3.1 - https:\/\/yoast.com\/wordpress\/plugins\/seo\/ -->\n<title>Wetter-Widget zum Facebook-Seiten-Tab hinzuf\u00fcgen (kostenlos und schnell)<\/title>\n<meta name=\"description\" content=\"Es ist ganz einfach, Ihr Wetter-Widget zu erstellen und es auf Ihrem Facebook-Seiten-Tab hinzuzuf\u00fcgen. Der Kundensupport von Elfsight ist kostenlos und schnell.\" \/>\n<meta name=\"robots\" content=\"index, follow, max-snippet:-1, max-image-preview:large, max-video-preview:-1\" \/>\n<link rel=\"canonical\" href=\"https:\/\/elfsight.com\/de\/weather-widget\/facebook\/\" \/>\n<meta property=\"og:locale\" content=\"de_DE\" \/>\n<meta property=\"og:type\" content=\"article\" \/>\n<meta property=\"og:title\" content=\"Wetter-Widget zum Facebook-Seiten-Tab hinzuf\u00fcgen (kostenlos und schnell)\" \/>\n<meta property=\"og:description\" content=\"Es ist ganz einfach, Ihr Wetter-Widget zu erstellen und es auf Ihrem Facebook-Seiten-Tab hinzuzuf\u00fcgen. Der Kundensupport von Elfsight ist kostenlos und schnell.\" \/>\n<meta property=\"og:url\" content=\"https:\/\/elfsight.com\/de\/weather-widget\/facebook\/\" \/>\n<meta property=\"og:site_name\" content=\"Elfsight DE\" \/>\n<meta property=\"article:modified_time\" content=\"2025-07-10T13:59:56+00:00\" \/>\n<meta name=\"twitter:card\" content=\"summary_large_image\" \/>\n<meta name=\"twitter:label1\" content=\"Gesch\u00e4tzte Lesezeit\" \/>\n\t<meta name=\"twitter:data1\" content=\"3\u00a0Minuten\" \/>\n<!-- \/ Yoast SEO plugin. -->","yoast_head_json":{"title":"Wetter-Widget zum Facebook-Seiten-Tab hinzuf\u00fcgen (kostenlos und schnell)","description":"Es ist ganz einfach, Ihr Wetter-Widget zu erstellen und es auf Ihrem Facebook-Seiten-Tab hinzuzuf\u00fcgen. Der Kundensupport von Elfsight ist kostenlos und schnell.","robots":{"index":"index","follow":"follow","max-snippet":"max-snippet:-1","max-image-preview":"max-image-preview:large","max-video-preview":"max-video-preview:-1"},"canonical":"https:\/\/elfsight.com\/de\/weather-widget\/facebook\/","og_locale":"de_DE","og_type":"article","og_title":"Wetter-Widget zum Facebook-Seiten-Tab hinzuf\u00fcgen (kostenlos und schnell)","og_description":"Es ist ganz einfach, Ihr Wetter-Widget zu erstellen und es auf Ihrem Facebook-Seiten-Tab hinzuzuf\u00fcgen. Der Kundensupport von Elfsight ist kostenlos und schnell.","og_url":"https:\/\/elfsight.com\/de\/weather-widget\/facebook\/","og_site_name":"Elfsight DE","article_modified_time":"2025-07-10T13:59:56+00:00","twitter_card":"summary_large_image","twitter_misc":{"Gesch\u00e4tzte Lesezeit":"3\u00a0Minuten"},"schema":{"@context":"https:\/\/schema.org","@graph":[{"@type":"WebPage","@id":"https:\/\/elfsight.com\/de\/weather-widget\/facebook\/","url":"https:\/\/elfsight.com\/de\/weather-widget\/facebook\/","name":"Wetter-Widget zum Facebook-Seiten-Tab hinzuf\u00fcgen (kostenlos und schnell)","isPartOf":{"@id":"https:\/\/elfsight.com\/de\/#website"},"datePublished":"1970-01-01T00:00:00+00:00","dateModified":"2025-07-10T13:59:56+00:00","description":"Es ist ganz einfach, Ihr Wetter-Widget zu erstellen und es auf Ihrem Facebook-Seiten-Tab hinzuzuf\u00fcgen. Der Kundensupport von Elfsight ist kostenlos und schnell.","breadcrumb":{"@id":"https:\/\/elfsight.com\/de\/weather-widget\/facebook\/#breadcrumb"},"inLanguage":"de","potentialAction":[{"@type":"ReadAction","target":["https:\/\/elfsight.com\/de\/weather-widget\/facebook\/"]}]},{"@type":"BreadcrumbList","@id":"https:\/\/elfsight.com\/de\/weather-widget\/facebook\/#breadcrumb","itemListElement":[{"@type":"ListItem","position":1,"name":"Home","item":"https:\/\/elfsight.com\/de\/"},{"@type":"ListItem","position":2,"name":"Weather","item":"https:\/\/elfsight.com\/de\/weather-widget\/"},{"@type":"ListItem","position":3,"name":"Weather &#8211; Facebook Page"}]},{"@type":"WebSite","@id":"https:\/\/elfsight.com\/de\/#website","url":"https:\/\/elfsight.com\/de\/","name":"Elfsight DE","description":"Just another Elfsight Sites site","potentialAction":[{"@type":"SearchAction","target":{"@type":"EntryPoint","urlTemplate":"https:\/\/elfsight.com\/de\/?s={search_term_string}"},"query-input":{"@type":"PropertyValueSpecification","valueRequired":true,"valueName":"search_term_string"}}],"inLanguage":"de"}]}},"meta_box":{"industry":"","seo_heading":"","heading":"","description":"","cta_heading":"","cta_description":"","application":"498","h1":"Wetter-Widget f\u00fcr Facebook-Seite","h1_caption":"Zeigen Sie aktuelle Wetterinformationen f\u00fcr jeden Ort auf Ihrer Website an, um Ihre lokale oder reisende Zielgruppe m\u00fchelos auf Ihre Facebook-Seite aufmerksam zu machen.","application_category":[],"applications_title":"","applications_request_title":"","applications_request_button_text":"","hero_text":"","hero_video":"","hero_video_schema_markup":"","selling_points_title":"","selling_points_caption":"","selling_points":[],"selling_points_cta_text":"","features_title":"","features":"","ed_cta_examples_text":"","ed_cta_examples_hidden":"","ed_cta_demo_text":"","ed_cta_demo_hidden":"","why_caption":"","why_editor_title":"","why_editor_text":"","why_team_title":"","why_team_text":"","why_service_title":"","why_service_text":"","template_catalog_visible":"","template_catalog_title":"","template_catalog_text":"","template_catalog_categories_visible":"","demo_title":"Erstellen Sie Ihr Wetter-Widget","demo_caption":"Konfigurieren Sie Ihr Wetter und f\u00fcgen Sie es kostenlos Ihrer Facebook-Seite hinzu!","default_faq_hidden":"","app_template_category":[],"platform":"216","template_public_id":"","codecanyon_url":"","codecanyon_item_id":"","codecanyon_price":"","pricing_caption":"","pricing_elfsight_apps_hide_column":"","pricing_elfsight_apps_url":"","pricing_codecanyon_price_caption":"","integration_category":[],"integration_request_title":"","integration_request_cta":"","integration_platform":"","integrations":[],"platform_category":[],"video_schema_markup":"","price":"ab 0 $ \/ Monat","trial":"","benefits":[{"text":"Kostenlose Installationshilfe"},{"text":"Kompetenter Kundenservice"},{"text":"14-t\u00e4gige R\u00fcckerstattungsgarantie"},{"text":"Laufende kostenlose Verbesserungen"}],"button_url":"#demo","button_target_blank":"","button_nofollow":"","attributes":[{"name":"Installiert","content":"10,000 - 100,000"},{"name":"Reaktionsfreudig","content":"Ja"},{"name":"Kompatible Browser","content":"Firefox, Edge, Safari, Chrome, Opera"}],"tags":[],"tags_disable_links":"","hide_more_platforms":"","video_object":"","demo_hide_cta":"","demo_hide_cloud_options":"","pricing_title":"","pricing":[{"pricing_icon":"platform","pricing_title":"Elfsight Apps","pricing_title_caption":"Plattform\u00fcbergreifende Version","pricing_price":"ab 0 $ \/ Monat","pricing_price_caption":"Beginnen Sie mit einem kostenlosen Plan","pricing_benefits":[{"text":"Unbegrenzte Websites"},{"text":"Schnelle Unternehmensunterst\u00fctzung"},{"text":"Kostenlose Installationsunterst\u00fctzung"},{"text":"Tolles Angebot f\u00fcr mehrere Apps"}],"pricing_button_text":"Zur Website hinzuf\u00fcgen","pricing_button_url":"#demo"}],"related_apps_title":"","related_apps_hidden":"","author":"","image":[],"title":"","job":"","social_networks":[]},"_links":{"self":[{"href":"https:\/\/elfsight.com\/de\/wp-json\/wp\/v2\/pages\/10962","targetHints":{"allow":["GET"]}}],"collection":[{"href":"https:\/\/elfsight.com\/de\/wp-json\/wp\/v2\/pages"}],"about":[{"href":"https:\/\/elfsight.com\/de\/wp-json\/wp\/v2\/types\/page"}],"author":[{"embeddable":true,"href":"https:\/\/elfsight.com\/de\/wp-json\/wp\/v2\/users\/9"}],"replies":[{"embeddable":true,"href":"https:\/\/elfsight.com\/de\/wp-json\/wp\/v2\/comments?post=10962"}],"version-history":[{"count":1,"href":"https:\/\/elfsight.com\/de\/wp-json\/wp\/v2\/pages\/10962\/revisions"}],"predecessor-version":[{"id":10966,"href":"https:\/\/elfsight.com\/de\/wp-json\/wp\/v2\/pages\/10962\/revisions\/10966"}],"up":[{"embeddable":true,"href":"https:\/\/elfsight.com\/de\/wp-json\/wp\/v2\/pages\/2173"}],"wp:attachment":[{"href":"https:\/\/elfsight.com\/de\/wp-json\/wp\/v2\/media?parent=10962"}],"curies":[{"name":"wp","href":"https:\/\/api.w.org\/{rel}","templated":true}]}}