{"id":10961,"date":"1970-01-01T00:00:00","date_gmt":"1970-01-01T00:00:00","guid":{"rendered":"https:\/\/elfsight.com\/de\/?page_id=10961"},"modified":"2025-07-10T14:01:10","modified_gmt":"2025-07-10T14:01:10","slug":"woocommerce","status":"publish","type":"page","link":"https:\/\/elfsight.com\/de\/weather-widget\/woocommerce\/","title":{"rendered":"Weather &#8211; WooCommerce"},"content":{"rendered":"<div class=\"application-platform-content-item-description application-platform-content-item\" id=\"description\" data-nav-section=\"description\"><h2>Beschreibung<\/h2><p>Elfsight Weather ist ein n\u00fctzliches und anpassbares Website-Plugin, um Ihren Besuchern das aktuelle Wetter zu liefern f\u00fcr jeden Standort. F\u00fcgen Sie einen Standort anhand des Namens, der Postleitzahl oder der Koordinaten hinzu. Das Website-Publikum kann die aktuellen Daten zu Temperatur, Luftdruck, Luftfeuchtigkeit und aktivem Wetter sehen. Sie k\u00f6nnen auch eine st\u00fcndliche oder t\u00e4gliche Vorhersage anzeigen. Sie k\u00f6nnen die Benutzeroberfl\u00e4che mit thematischen Hintergrundbildern und der M\u00f6glichkeit, benutzerdefinierte Farben auszuw\u00e4hlen, personalisieren.<\/p><p><b>Bieten Sie ein komfortableres Benutzererlebnis mit einem praktischen Wetter-Widget auf Ihrer Website.<\/b><\/p> <\/div> <div class=\"application-platform-content-item-features application-platform-content-item\" id=\"features\" data-nav-section=\"features\"><h2>Dies sind nur einige der vielen Widget-Funktionen:<\/h2><ul><li>3 M\u00f6glichkeiten, den Standort zu markieren: durch den Namen, die Postleitzahl, und die Koordinaten;<\/li><li>\u00dcber 30 Sprachen werden unterst\u00fctzt, um Wetterinformationen in Ihrer Muttersprache anzuzeigen;<\/li><li>5 Arten der Widget-Konfiguration f\u00fcr verschiedene Anwendungsf\u00e4lle;<\/li><li> Die Option, die t\u00e4gliche Vorhersage f\u00fcr die kommende Woche mit Datum hinzuzuf\u00fcgen;<\/li><li>St\u00fcndliche Vorhersage f\u00fcr die n\u00e4chsten 12 Stunden anzeigen.<\/li><\/ul><p><a href=\"#demo\"> Schauen Sie sich einfach diese Demo an, um zu sehen, wie es funktioniert<\/a><\/p><\/div><div class=\"application-platform-content-item-installation application-platform-content-item\" id=\"installation\" data-nav-section=\"installation\"><h2>Wie bette ich Weather in meine WooCommerce-Website ein?<\/h2><p>Einfach ausf\u00fchren Befolgen Sie die nachstehenden Richtlinien, um mit der Arbeit mit dem Plugin zu beginnen.<\/p><ol><li><b>F\u00fchren Sie unseren kostenlosen Editor aus und beginnen Sie mit der Erstellung Ihres benutzerdefinierten Widgets.<\/b><br>W\u00e4hlen Sie die ausgew\u00e4hlte Form und Aspekte des Plugins und speichern Sie die Korrekturen.<\/li><li><b>Kopieren Sie Ihren pers\u00f6nlichen Code, der in der Box auf Elfsight Apps angezeigt wird.<\/b><br>Wenn die Anpassung Ihres pers\u00f6nlichen Plugins abgeschlossen ist, kopieren Sie den pers\u00f6nlichen Code unter angezeigte Feld und speichern Sie es zur sp\u00e4teren Verwendung.<\/li><li><b>Geben Sie die Verwendung des Tools auf der WooCommerce-Website ein.<\/b><br>F\u00fcgen Sie den zuvor kopierten Code in Ihre Website ein und wenden Sie die Korrekturen an.<\/li><li><b>Die Installation wurde erfolgreich abgeschlossen.<\/b><br>Gehen Sie auf Ihre Webseite, um die Funktionsweise des Tools in Aktion zu sehen.<\/li><\/ol><p>F\u00fcr den Fall, dass Sie Wenn Sie auf Hindernisse sto\u00dfen, wenden Sie sich bitte an unser Support-Team. Unsere Berater sind bestrebt, alle Fragen zu beantworten, die Sie m\u00f6glicherweise mit dem Tool haben.<\/p><div class=\"faq\" data-component=\"FAQ\"><div class=\"faq-item\">\r\n\t\t\t\t\t<div class=\"faq-item-question\">\r\n\t\t\t\t\t\t<h3 class=\"faq-item-question-text\">Wie kann ich Weather ohne Codierung zu meiner WooCommerce-Website hinzuf\u00fcgen?<\/h3>\r\n\r\n\t\t\t\t\t\t<div class=\"faq-item-question-icon\"><\/div>\r\n\t\t\t\t\t<\/div>\r\n\r\n\t\t\t\t\t<div class=\"faq-item-answer\">\r\n\t\t\t\t\t\t<div class=\"faq-item-answer-text\"> <p>Das Unternehmen Elfsight bietet a Cloud-L\u00f6sung, mit der Sie selbst eine Wetter-App einrichten k\u00f6nnen. Sehen Sie sich die einfachen Schritte an: Gehen Sie zur Live-Demo, um eine Wetter-App zu erstellen, die Sie auf der WooCommerce-Webseite hinzuf\u00fcgen m\u00f6chten. W\u00e4hlen Sie eine der vielen vorgefertigten Vorlagen aus und \u00e4ndern Sie die Wettereinstellungen, f\u00fcgen Sie Ihre Inhalte hinzu und \u00e4ndern Sie das Layout und die Farbe der Elemente \u2013 ganz ohne Programmierkenntnisse. Klicken Sie, um das Wetter zu speichern und den Code zum Einbetten zu kopieren, der problemlos in Ihre WooCommerce-Website eingebettet werden kann, ohne dass Sie ein kostenpflichtiges Abonnement erwerben m\u00fcssen. Mit dem benutzerfreundlichen Editor kann jeder Webbenutzer ein Wetter-Widget online erstellen und es einfach zur WooCommerce-Homepage hinzuf\u00fcgen. Sie sollten kein kostenpflichtiges Abonnement abschlie\u00dfen oder Ihre Kartendaten angeben, um auf den Dienst zuzugreifen. Sollten bei irgendeinem Schritt Probleme auftreten, k\u00f6nnen Sie sich gerne an unsere Support-Mitarbeiter wenden.<\/p> <\/div>\r\n\t\t\t\t\t<\/div>\r\n\t\t\t\t<\/div> <\/div><\/div>","protected":false},"excerpt":{"rendered":"","protected":false},"author":9,"featured_media":0,"parent":2173,"menu_order":0,"comment_status":"closed","ping_status":"closed","template":"templates\/template-application-platform.php","meta":{"publish_to_discourse":"","publish_post_category":"","wpdc_auto_publish_overridden":"","wpdc_topic_tags":"","wpdc_pin_topic":"","wpdc_pin_until":"","discourse_post_id":"","discourse_permalink":"","wpdc_publishing_response":"","wpdc_publishing_error":"","footnotes":""},"class_list":["post-10961","page","type-page","status-publish","hentry"],"yoast_head":"<!-- This site is optimized with the Yoast SEO plugin v25.3.1 - https:\/\/yoast.com\/wordpress\/plugins\/seo\/ -->\n<title>Wetter-Widget \u2013 Wetter-App zur WooCommerce-Website hinzuf\u00fcgen<\/title>\n<meta name=\"description\" content=\"Nutzen Sie die Gelegenheit, das benutzerdefinierte Forecast Weather-Plugin jetzt anzupassen und es direkt aus der Live-Demo zu Ihrer WooCommerce-Website hinzuzuf\u00fcgen.\" \/>\n<meta name=\"robots\" content=\"index, follow, max-snippet:-1, max-image-preview:large, max-video-preview:-1\" \/>\n<link rel=\"canonical\" href=\"https:\/\/elfsight.com\/de\/weather-widget\/woocommerce\/\" \/>\n<meta property=\"og:locale\" content=\"de_DE\" \/>\n<meta property=\"og:type\" content=\"article\" \/>\n<meta property=\"og:title\" content=\"Wetter-Widget \u2013 Wetter-App zur WooCommerce-Website hinzuf\u00fcgen\" \/>\n<meta property=\"og:description\" content=\"Nutzen Sie die Gelegenheit, das benutzerdefinierte Forecast Weather-Plugin jetzt anzupassen und es direkt aus der Live-Demo zu Ihrer WooCommerce-Website hinzuzuf\u00fcgen.\" \/>\n<meta property=\"og:url\" content=\"https:\/\/elfsight.com\/de\/weather-widget\/woocommerce\/\" \/>\n<meta property=\"og:site_name\" content=\"Elfsight DE\" \/>\n<meta property=\"article:modified_time\" content=\"2025-07-10T14:01:10+00:00\" \/>\n<meta name=\"twitter:card\" content=\"summary_large_image\" \/>\n<meta name=\"twitter:label1\" content=\"Gesch\u00e4tzte Lesezeit\" \/>\n\t<meta name=\"twitter:data1\" content=\"3\u00a0Minuten\" \/>\n<!-- \/ Yoast SEO plugin. -->","yoast_head_json":{"title":"Wetter-Widget \u2013 Wetter-App zur WooCommerce-Website hinzuf\u00fcgen","description":"Nutzen Sie die Gelegenheit, das benutzerdefinierte Forecast Weather-Plugin jetzt anzupassen und es direkt aus der Live-Demo zu Ihrer WooCommerce-Website hinzuzuf\u00fcgen.","robots":{"index":"index","follow":"follow","max-snippet":"max-snippet:-1","max-image-preview":"max-image-preview:large","max-video-preview":"max-video-preview:-1"},"canonical":"https:\/\/elfsight.com\/de\/weather-widget\/woocommerce\/","og_locale":"de_DE","og_type":"article","og_title":"Wetter-Widget \u2013 Wetter-App zur WooCommerce-Website hinzuf\u00fcgen","og_description":"Nutzen Sie die Gelegenheit, das benutzerdefinierte Forecast Weather-Plugin jetzt anzupassen und es direkt aus der Live-Demo zu Ihrer WooCommerce-Website hinzuzuf\u00fcgen.","og_url":"https:\/\/elfsight.com\/de\/weather-widget\/woocommerce\/","og_site_name":"Elfsight DE","article_modified_time":"2025-07-10T14:01:10+00:00","twitter_card":"summary_large_image","twitter_misc":{"Gesch\u00e4tzte Lesezeit":"3\u00a0Minuten"},"schema":{"@context":"https:\/\/schema.org","@graph":[{"@type":"WebPage","@id":"https:\/\/elfsight.com\/de\/weather-widget\/woocommerce\/","url":"https:\/\/elfsight.com\/de\/weather-widget\/woocommerce\/","name":"Wetter-Widget \u2013 Wetter-App zur WooCommerce-Website hinzuf\u00fcgen","isPartOf":{"@id":"https:\/\/elfsight.com\/de\/#website"},"datePublished":"1970-01-01T00:00:00+00:00","dateModified":"2025-07-10T14:01:10+00:00","description":"Nutzen Sie die Gelegenheit, das benutzerdefinierte Forecast Weather-Plugin jetzt anzupassen und es direkt aus der Live-Demo zu Ihrer WooCommerce-Website hinzuzuf\u00fcgen.","breadcrumb":{"@id":"https:\/\/elfsight.com\/de\/weather-widget\/woocommerce\/#breadcrumb"},"inLanguage":"de","potentialAction":[{"@type":"ReadAction","target":["https:\/\/elfsight.com\/de\/weather-widget\/woocommerce\/"]}]},{"@type":"BreadcrumbList","@id":"https:\/\/elfsight.com\/de\/weather-widget\/woocommerce\/#breadcrumb","itemListElement":[{"@type":"ListItem","position":1,"name":"Home","item":"https:\/\/elfsight.com\/de\/"},{"@type":"ListItem","position":2,"name":"Weather","item":"https:\/\/elfsight.com\/de\/weather-widget\/"},{"@type":"ListItem","position":3,"name":"Weather &#8211; WooCommerce"}]},{"@type":"WebSite","@id":"https:\/\/elfsight.com\/de\/#website","url":"https:\/\/elfsight.com\/de\/","name":"Elfsight DE","description":"Just another Elfsight Sites site","potentialAction":[{"@type":"SearchAction","target":{"@type":"EntryPoint","urlTemplate":"https:\/\/elfsight.com\/de\/?s={search_term_string}"},"query-input":{"@type":"PropertyValueSpecification","valueRequired":true,"valueName":"search_term_string"}}],"inLanguage":"de"}]}},"meta_box":{"industry":"","seo_heading":"","heading":"","description":"","cta_heading":"","cta_description":"","application":"498","h1":"WooCommerce Weather-Plugin","h1_caption":"Zeigen Sie aktuelle Wetterinformationen f\u00fcr jeden Ort auf Ihrer Website an, um Ihr lokales oder reisendes Publikum m\u00fchelos auf Ihre WooCommerce-Website aufmerksam zu machen.","application_category":[],"applications_title":"","applications_request_title":"","applications_request_button_text":"","hero_text":"","hero_video":"","hero_video_schema_markup":"","selling_points_title":"","selling_points_caption":"","selling_points":[],"selling_points_cta_text":"","features_title":"","features":"","ed_cta_examples_text":"","ed_cta_examples_hidden":"","ed_cta_demo_text":"","ed_cta_demo_hidden":"","why_caption":"","why_editor_title":"","why_editor_text":"","why_team_title":"","why_team_text":"","why_service_title":"","why_service_text":"","template_catalog_visible":"","template_catalog_title":"","template_catalog_text":"","template_catalog_categories_visible":"","demo_title":"Erstellen Sie Ihre Wetter-App","demo_caption":"Konfigurieren Sie Ihr Wetter und f\u00fcgen Sie es kostenlos zu Ihrer WooCommerce-Website hinzu!","default_faq_hidden":"","app_template_category":[],"platform":"200","template_public_id":"","codecanyon_url":"","codecanyon_item_id":"","codecanyon_price":"","pricing_caption":"","pricing_elfsight_apps_hide_column":"","pricing_elfsight_apps_url":"","pricing_codecanyon_price_caption":"","integration_category":[],"integration_request_title":"","integration_request_cta":"","integration_platform":"","integrations":[],"platform_category":[],"video_schema_markup":"","price":"ab 0 $ \/ Monat","trial":"","benefits":[{"text":"Kostenloser Installationsservice"},{"text":"Erfahrener Kundensupport"},{"text":"14-t\u00e4gige Geld-zur\u00fcck-Garantie"},{"text":"Fortlaufende Entwicklung"}],"button_url":"#demo","button_target_blank":"","button_nofollow":"","attributes":[{"name":"Installiert","content":"10,000 - 100,000"},{"name":"Reaktionsfreudig","content":"Ja"},{"name":"Kompatible Browser","content":"Firefox, Safari, Opera, Chrome, Edge"}],"tags":[],"tags_disable_links":"","hide_more_platforms":"","video_object":"","demo_hide_cta":"","demo_hide_cloud_options":"","pricing_title":"","pricing":[{"pricing_icon":"platform","pricing_title":"Elfsight Apps","pricing_title_caption":"Multiplattform-Software, die auf jeder Website funktioniert","pricing_price":"ab 0 $ \/ Monat","pricing_price_caption":"Beginnen Sie mit einem kostenlosen Plan","pricing_benefits":[{"text":"Unbegrenzte Domains"},{"text":"Kostenloser und p\u00fcnktlicher Support und gut dokumentiert"},{"text":"Kostenlose Installationshilfe"},{"text":"100 % anpassbar"}],"pricing_button_text":"Zur Website hinzuf\u00fcgen","pricing_button_url":"#demo"}],"related_apps_title":"","related_apps_hidden":"","author":"","image":[],"title":"","job":"","social_networks":[]},"_links":{"self":[{"href":"https:\/\/elfsight.com\/de\/wp-json\/wp\/v2\/pages\/10961","targetHints":{"allow":["GET"]}}],"collection":[{"href":"https:\/\/elfsight.com\/de\/wp-json\/wp\/v2\/pages"}],"about":[{"href":"https:\/\/elfsight.com\/de\/wp-json\/wp\/v2\/types\/page"}],"author":[{"embeddable":true,"href":"https:\/\/elfsight.com\/de\/wp-json\/wp\/v2\/users\/9"}],"replies":[{"embeddable":true,"href":"https:\/\/elfsight.com\/de\/wp-json\/wp\/v2\/comments?post=10961"}],"version-history":[{"count":1,"href":"https:\/\/elfsight.com\/de\/wp-json\/wp\/v2\/pages\/10961\/revisions"}],"predecessor-version":[{"id":10965,"href":"https:\/\/elfsight.com\/de\/wp-json\/wp\/v2\/pages\/10961\/revisions\/10965"}],"up":[{"embeddable":true,"href":"https:\/\/elfsight.com\/de\/wp-json\/wp\/v2\/pages\/2173"}],"wp:attachment":[{"href":"https:\/\/elfsight.com\/de\/wp-json\/wp\/v2\/media?parent=10961"}],"curies":[{"name":"wp","href":"https:\/\/api.w.org\/{rel}","templated":true}]}}