{"id":10954,"date":"1970-01-01T00:00:00","date_gmt":"1970-01-01T00:00:00","guid":{"rendered":"https:\/\/elfsight.com\/de\/?page_id=10954"},"modified":"2025-07-10T14:00:01","modified_gmt":"2025-07-10T14:00:01","slug":"godaddy","status":"publish","type":"page","link":"https:\/\/elfsight.com\/de\/weather-widget\/godaddy\/","title":{"rendered":"Weather &#8211; GoDaddy"},"content":{"rendered":"<div class=\"application-platform-content-item-description application-platform-content-item\" id=\"description\" data-nav-section=\"description\"><h2>Wetter mit dem Elfsight-Widget in GoDaddy einbetten<\/h2><p>Elfsight Weather ist ein n\u00fctzliches und hochgradig anpassbares Website-Plugin zur Anzeige durch GoDaddy das frische Wetter f\u00fcr ein ausgew\u00e4hltes Gebiet. Geben Sie einen Bezirk anhand des Titels, der Postleitzahl oder der Koordinaten ein. Website-Benutzer k\u00f6nnen jetzt die neuesten Informationen zu Temperatur, Luftdruck, Luftfeuchtigkeit und aktivem Wetter abrufen. Sie k\u00f6nnen auch st\u00fcndliche oder t\u00e4gliche Prognosen anzeigen. Sie k\u00f6nnen die Benutzeroberfl\u00e4che mit einem wetterbezogenen Hintergrund und der Funktion zum Anwenden Ihrer eigenen Farben anpassen. <\/p> <p><b>Machen Sie es f\u00fcr Kunden praktisch, Reisen zu buchen und dabei die Wettervorhersage immer im Blick zu haben! <\/b><\/p><\/div><div class=\"application-platform-content-item-features application-platform-content-item\" id=\"features\" data-nav-section=\"features\"><p>\u00dcberpr\u00fcfen Sie alle Funktionsmerkmale des Wetter-Plugins. Sie k\u00f6nnen sie direkt im Editor anpassen und sie helfen Ihnen dabei, das Plugin genau an Ihre Bed\u00fcrfnisse anzupassen. <\/p><ul><li>3 M\u00f6glichkeiten, den Ort einzugeben: \u00fcber den Namen, die Postleitzahl und die Koordinaten; <\/li><li>Mehr als 30 Sprachen werden unterst\u00fctzt, um Wetterdaten in Ihrer Muttersprache anzuzeigen; <\/li><li>5 Varianten der Plugin-Konfiguration f\u00fcr verschiedene Anwendungsf\u00e4lle; <\/li><li>Die Option, die Tagesprognose f\u00fcr die zuk\u00fcnftige Woche mit Datum anzuzeigen; <\/li><li>St\u00fcndliche Vorhersage f\u00fcr die n\u00e4chsten 12 Stunden anzeigen. <\/li><\/ul><p><a href=\"#demo\">Testen Sie alle anderen Funktionen in der Demo<\/a><\/p><\/div><div class=\"application-platform-content-item-installation application-platform-content-item\" id=\"installation\" data-nav-section=\"installation\"><h2> Wie f\u00fcge ich das Wetter-Plugin zu meiner GoDaddy-Site hinzu? <\/h2><p>Um das Wetter-Plugin einzubetten, f\u00fchren Sie einfach diese schnellen Schritte aus<\/p> <ol><li><b>Erstellen Sie Ihr einzigartiges Wetter-Plugin<\/b><br>Generieren Sie mit unserem kostenlosen Editor ein Plugin mit individuellem Look und funktionalen Eigenschaften. <\/li> <li><b>Erhalten Sie den pers\u00f6nlichen Code zum Ver\u00f6ffentlichen des Plugins<\/b><br>Nachdem Sie Ihr Plugin angepasst haben, erhalten Sie den Installationscode aus dem erscheinenden Fenster auf Elfsight Apps. Kopiere diesen Code. <\/li> <li><b>Integrieren Sie das Plugin auf Ihrer Muse-Site<\/b><br>W\u00e4hlen Sie den Bereich aus, in dem Sie das Plugin anzeigen m\u00f6chten, und f\u00fcgen Sie dort den kopierten Code hinzu. Speichern Sie die Ergebnisse. <\/li> <li><b>Du bist fertig! <\/b><br>Gehen Sie zu Ihrer Website, um Ihr Plugin zu sehen. <\/li><\/ol> <p>Z\u00f6gern Sie nicht, sich an unseren Support zu wenden, wenn Sie Hilfe ben\u00f6tigen oder Fragen haben. Wir stehen Ihnen bei jeder Anfrage mit Rat und Tat zur Seite. <\/p><div class=\"faq\" data-component=\"FAQ\"><div class=\"faq-item\">\r\n\t\t\t\t\t<div class=\"faq-item-question\">\r\n\t\t\t\t\t\t<h3 class=\"faq-item-question-text\">Gibt es eine Option, Wetter ohne Programmierkenntnisse zu meiner GoDaddy-Website hinzuzuf\u00fcgen?<\/h3>\r\n\r\n\t\t\t\t\t\t<div class=\"faq-item-question-icon\"><\/div>\r\n\t\t\t\t\t<\/div>\r\n\r\n\t\t\t\t\t<div class=\"faq-item-answer\">\r\n\t\t\t\t\t\t<div class=\"faq-item-answer-text\"> <p>Elfsight stellt eine SaaS-L\u00f6sung vor, mit der Sie selbst einen Wetterabschnitt erstellen k\u00f6nnen. Sehen Sie sich die einfache Anleitung an : Arbeiten Sie in der Live-Demo daran, einen Wetterabschnitt zu erstellen, der auf der GoDaddy-Website angezeigt werden soll. W\u00e4hlen Sie eine der vorgefertigten Vorlagen aus und passen Sie die Wettereinstellungen an, f\u00fcgen Sie Ihre Inhalte hinzu, \u00e4ndern Sie das Layout und die Farben \u2013 ganz ohne Programmierkenntnisse. Speichern Sie das Wetter und erhalten Sie den Plugin-Code zur Installation, den Sie m\u00fchelos in die GoDaddy-Homepage einf\u00fcgen k\u00f6nnen, ohne ein kostenpflichtiges Abonnement zu kaufen. Mit dem benutzerfreundlichen Konfigurator kann jeder Webbenutzer einen Wetterabschnitt erstellen und ihn m\u00fchelos in die GoDaddy-Webseite einbetten. F\u00fcr den Zugriff auf den Elfsight-Service ist es nicht erforderlich, zu bezahlen oder Ihre Kartendaten offenzulegen. Sollten Sie auf Hindernisse jeglicher Art sto\u00dfen, z\u00f6gern Sie bitte nicht, sich an unser Support-Team zu wenden.<\/p> <\/div>\r\n\t\t\t\t\t<\/div>\r\n\t\t\t\t<\/div> <\/div><\/div>","protected":false},"excerpt":{"rendered":"","protected":false},"author":9,"featured_media":0,"parent":2173,"menu_order":0,"comment_status":"closed","ping_status":"closed","template":"templates\/template-application-platform.php","meta":{"publish_to_discourse":"","publish_post_category":"","wpdc_auto_publish_overridden":"","wpdc_topic_tags":"","wpdc_pin_topic":"","wpdc_pin_until":"","discourse_post_id":"","discourse_permalink":"","wpdc_publishing_response":"","wpdc_publishing_error":"","footnotes":""},"class_list":["post-10954","page","type-page","status-publish","hentry"],"yoast_head":"<!-- This site is optimized with the Yoast SEO plugin v25.3.1 - https:\/\/yoast.com\/wordpress\/plugins\/seo\/ -->\n<title>Wetter \u2013 Wetter-Plugin zur GoDaddy-Website hinzuf\u00fcgen!<\/title>\n<meta name=\"description\" content=\"F\u00fcgen Sie Ihrer GoDaddy-Homepage ein praktisches und benutzerfreundliches Wetter-Plugin hinzu. Bauen Sie gemeinsam mit Elfsight ein erfolgreiches Unternehmen auf!\" \/>\n<meta name=\"robots\" content=\"index, follow, max-snippet:-1, max-image-preview:large, max-video-preview:-1\" \/>\n<link rel=\"canonical\" href=\"https:\/\/elfsight.com\/de\/weather-widget\/godaddy\/\" \/>\n<meta property=\"og:locale\" content=\"de_DE\" \/>\n<meta property=\"og:type\" content=\"article\" \/>\n<meta property=\"og:title\" content=\"Wetter \u2013 Wetter-Plugin zur GoDaddy-Website hinzuf\u00fcgen!\" \/>\n<meta property=\"og:description\" content=\"F\u00fcgen Sie Ihrer GoDaddy-Homepage ein praktisches und benutzerfreundliches Wetter-Plugin hinzu. Bauen Sie gemeinsam mit Elfsight ein erfolgreiches Unternehmen auf!\" \/>\n<meta property=\"og:url\" content=\"https:\/\/elfsight.com\/de\/weather-widget\/godaddy\/\" \/>\n<meta property=\"og:site_name\" content=\"Elfsight DE\" \/>\n<meta property=\"article:modified_time\" content=\"2025-07-10T14:00:01+00:00\" \/>\n<meta name=\"twitter:card\" content=\"summary_large_image\" \/>\n<meta name=\"twitter:label1\" content=\"Gesch\u00e4tzte Lesezeit\" \/>\n\t<meta name=\"twitter:data1\" content=\"3\u00a0Minuten\" \/>\n<!-- \/ Yoast SEO plugin. -->","yoast_head_json":{"title":"Wetter \u2013 Wetter-Plugin zur GoDaddy-Website hinzuf\u00fcgen!","description":"F\u00fcgen Sie Ihrer GoDaddy-Homepage ein praktisches und benutzerfreundliches Wetter-Plugin hinzu. Bauen Sie gemeinsam mit Elfsight ein erfolgreiches Unternehmen auf!","robots":{"index":"index","follow":"follow","max-snippet":"max-snippet:-1","max-image-preview":"max-image-preview:large","max-video-preview":"max-video-preview:-1"},"canonical":"https:\/\/elfsight.com\/de\/weather-widget\/godaddy\/","og_locale":"de_DE","og_type":"article","og_title":"Wetter \u2013 Wetter-Plugin zur GoDaddy-Website hinzuf\u00fcgen!","og_description":"F\u00fcgen Sie Ihrer GoDaddy-Homepage ein praktisches und benutzerfreundliches Wetter-Plugin hinzu. Bauen Sie gemeinsam mit Elfsight ein erfolgreiches Unternehmen auf!","og_url":"https:\/\/elfsight.com\/de\/weather-widget\/godaddy\/","og_site_name":"Elfsight DE","article_modified_time":"2025-07-10T14:00:01+00:00","twitter_card":"summary_large_image","twitter_misc":{"Gesch\u00e4tzte Lesezeit":"3\u00a0Minuten"},"schema":{"@context":"https:\/\/schema.org","@graph":[{"@type":"WebPage","@id":"https:\/\/elfsight.com\/de\/weather-widget\/godaddy\/","url":"https:\/\/elfsight.com\/de\/weather-widget\/godaddy\/","name":"Wetter \u2013 Wetter-Plugin zur GoDaddy-Website hinzuf\u00fcgen!","isPartOf":{"@id":"https:\/\/elfsight.com\/de\/#website"},"datePublished":"1970-01-01T00:00:00+00:00","dateModified":"2025-07-10T14:00:01+00:00","description":"F\u00fcgen Sie Ihrer GoDaddy-Homepage ein praktisches und benutzerfreundliches Wetter-Plugin hinzu. Bauen Sie gemeinsam mit Elfsight ein erfolgreiches Unternehmen auf!","breadcrumb":{"@id":"https:\/\/elfsight.com\/de\/weather-widget\/godaddy\/#breadcrumb"},"inLanguage":"de","potentialAction":[{"@type":"ReadAction","target":["https:\/\/elfsight.com\/de\/weather-widget\/godaddy\/"]}]},{"@type":"BreadcrumbList","@id":"https:\/\/elfsight.com\/de\/weather-widget\/godaddy\/#breadcrumb","itemListElement":[{"@type":"ListItem","position":1,"name":"Home","item":"https:\/\/elfsight.com\/de\/"},{"@type":"ListItem","position":2,"name":"Weather","item":"https:\/\/elfsight.com\/de\/weather-widget\/"},{"@type":"ListItem","position":3,"name":"Weather &#8211; GoDaddy"}]},{"@type":"WebSite","@id":"https:\/\/elfsight.com\/de\/#website","url":"https:\/\/elfsight.com\/de\/","name":"Elfsight DE","description":"Just another Elfsight Sites site","potentialAction":[{"@type":"SearchAction","target":{"@type":"EntryPoint","urlTemplate":"https:\/\/elfsight.com\/de\/?s={search_term_string}"},"query-input":{"@type":"PropertyValueSpecification","valueRequired":true,"valueName":"search_term_string"}}],"inLanguage":"de"}]}},"meta_box":{"industry":"","seo_heading":"","heading":"","description":"","cta_heading":"","cta_description":"","application":"498","h1":"GoDaddy Weather-Plugin","h1_caption":"Zeigen Sie aktuelle Wetterinformationen f\u00fcr jeden Ort auf Ihrer Website an, um Ihre lokale oder reisende Zielgruppe m\u00fchelos auf Ihre GoDaddy-Website aufmerksam zu machen.","application_category":[],"applications_title":"","applications_request_title":"","applications_request_button_text":"","hero_text":"","hero_video":"","hero_video_schema_markup":"","selling_points_title":"","selling_points_caption":"","selling_points":[],"selling_points_cta_text":"","features_title":"","features":"","ed_cta_examples_text":"","ed_cta_examples_hidden":"","ed_cta_demo_text":"","ed_cta_demo_hidden":"","why_caption":"","why_editor_title":"","why_editor_text":"","why_team_title":"","why_team_text":"","why_service_title":"","why_service_text":"","template_catalog_visible":"","template_catalog_title":"","template_catalog_text":"","template_catalog_categories_visible":"","demo_title":"Erstellen Sie Ihr Wetter-Plugin","demo_caption":"Konfigurieren Sie Ihr Wetter und f\u00fcgen Sie es kostenlos zu Ihrer GoDaddy-Website hinzu!","default_faq_hidden":"","app_template_category":[],"platform":"241","template_public_id":"","codecanyon_url":"","codecanyon_item_id":"","codecanyon_price":"","pricing_caption":"","pricing_elfsight_apps_hide_column":"","pricing_elfsight_apps_url":"","pricing_codecanyon_price_caption":"","integration_category":[],"integration_request_title":"","integration_request_cta":"","integration_platform":"","integrations":[],"platform_category":[],"video_schema_markup":"","price":"ab 0 $ \/ Monat","trial":"","benefits":[{"text":"Kostenlose Installationshilfe"},{"text":"Au\u00dfergew\u00f6hnlicher Support"},{"text":"14-t\u00e4gige R\u00fcckerstattungsgarantie"},{"text":"Regelm\u00e4\u00dfige Updates"}],"button_url":"#demo","button_target_blank":"","button_nofollow":"","attributes":[{"name":"Installiert","content":"10,000 - 100,000"},{"name":"Reaktionsfreudig","content":"Ja"},{"name":"Kompatible Browser","content":"IE11, Firefox, Safari, Opera, Chrome, Edge"}],"tags":[],"tags_disable_links":"","hide_more_platforms":"","video_object":"","demo_hide_cta":"","demo_hide_cloud_options":"","pricing_title":"","pricing":[{"pricing_icon":"platform","pricing_title":"Elfsight Apps","pricing_title_caption":"Plattformunabh\u00e4ngige Software, die f\u00fcr jede Site geeignet ist","pricing_price":"ab 0 $ \/ Monat","pricing_price_caption":"Beginnen Sie mit einem kostenlosen Plan","pricing_benefits":[{"text":"Unbegrenzte Websites"},{"text":"Kostenloser und p\u00fcnktlicher Support"},{"text":"Kostenloser Installationsservice"},{"text":"100 % anpassbar"}],"pricing_button_text":"Zur Website hinzuf\u00fcgen","pricing_button_url":"#demo"}],"related_apps_title":"","related_apps_hidden":"","author":"","image":[],"title":"","job":"","social_networks":[]},"_links":{"self":[{"href":"https:\/\/elfsight.com\/de\/wp-json\/wp\/v2\/pages\/10954","targetHints":{"allow":["GET"]}}],"collection":[{"href":"https:\/\/elfsight.com\/de\/wp-json\/wp\/v2\/pages"}],"about":[{"href":"https:\/\/elfsight.com\/de\/wp-json\/wp\/v2\/types\/page"}],"author":[{"embeddable":true,"href":"https:\/\/elfsight.com\/de\/wp-json\/wp\/v2\/users\/9"}],"replies":[{"embeddable":true,"href":"https:\/\/elfsight.com\/de\/wp-json\/wp\/v2\/comments?post=10954"}],"version-history":[{"count":1,"href":"https:\/\/elfsight.com\/de\/wp-json\/wp\/v2\/pages\/10954\/revisions"}],"predecessor-version":[{"id":10958,"href":"https:\/\/elfsight.com\/de\/wp-json\/wp\/v2\/pages\/10954\/revisions\/10958"}],"up":[{"embeddable":true,"href":"https:\/\/elfsight.com\/de\/wp-json\/wp\/v2\/pages\/2173"}],"wp:attachment":[{"href":"https:\/\/elfsight.com\/de\/wp-json\/wp\/v2\/media?parent=10954"}],"curies":[{"name":"wp","href":"https:\/\/api.w.org\/{rel}","templated":true}]}}