{"id":10953,"date":"1970-01-01T00:00:00","date_gmt":"1970-01-01T00:00:00","guid":{"rendered":"https:\/\/elfsight.com\/de\/?page_id=10953"},"modified":"2025-07-10T14:00:58","modified_gmt":"2025-07-10T14:00:58","slug":"prestashop","status":"publish","type":"page","link":"https:\/\/elfsight.com\/de\/weather-widget\/prestashop\/","title":{"rendered":"Weather &#8211; PrestaShop"},"content":{"rendered":"<div class=\"application-platform-content-item-description application-platform-content-item\" id=\"description\" data-nav-section=\"description\"> <h2>Beschreibung<\/h2> <p>Elfsight Weather ist ein unkompliziertes und sehr anpassungsf\u00e4higes Website-Widget, das das aktuelle Wetter f\u00fcr einen ausgew\u00e4hlten Ort anzeigt. Ein Bezirk anhand des Titels, der Postleitzahl oder der Koordinaten. Das Website-Publikum kann die neuesten Daten zu Temperatur, Luftdruck, Luftfeuchtigkeit und Wetterelementen pr\u00fcfen. Sie k\u00f6nnen auch st\u00fcndliche oder t\u00e4gliche Vorhersagen anzeigen. Sie k\u00f6nnen die Benutzeroberfl\u00e4che mit Hintergrundbildern zum Thema Wetter und der Funktion zum Anwenden benutzerdefinierter Farben personalisieren. <\/p> <p><b>Verbessern Sie die Benutzererfahrung mit einem informativen Wetter-Widget auf Ihrer Website. <\/b><\/p> <\/div> <div class=\"application-platform-content-item-features application-platform-content-item\" id=\"features\" data-nav-section=\"features\"> <h2>Lernen Sie die Liste der n\u00fctzlichsten Funktionen kennen: <\/h2> <ul><li>Zeigen Sie jederzeit das aktuelle Wetter an Ort der Welt<\/li><li>3 M\u00f6glichkeiten, den Standort einzugeben: die Koordinaten, die Postleitzahl und den Namen<\/li><li>Temperatureinheiten in Fahrenheit oder Celsius<\/li><li>5 Varianten des Widgets Konfiguration zum Anzeigen von mehr oder weniger Daten<\/li><li>Die Option, die t\u00e4gliche Vorhersage f\u00fcr die kommende Woche mit Datum anzuzeigen<\/li><li>St\u00fcndliches Wetter f\u00fcr die n\u00e4chsten 12 Stunden anzeigen<\/li><li>Umschalten Symbolanimation ein- oder ausschalten<\/li><li>Die Option, ein thematisches Wetterbild anzuzeigen, das die aktuellen Bedingungen widerspiegelt<\/li><\/ul><p><a href=\"#demo\">Sie k\u00f6nnen sehen, was das Widget ist lohnt sich mit Hilfe der Demo<\/a><\/p> <\/div> <div class=\"application-platform-content-item-installation application-platform-content-item\" id=\"installation\" data-nav-section=\"installation\"> <h2>So f\u00fcgen Sie Weather zur PrestaShop-Site hinzu <\/h2> <p>Folgen Sie einfach den Anweisungen unten, um das Widget zu aktivieren. <\/p> <ol><li><b>Starten Sie unsere kostenlose Demo und beginnen Sie mit der Gestaltung Ihres ma\u00dfgeschneiderten Instruments. <\/b><br> W\u00e4hlen Sie die ausgew\u00e4hlte Schnittstelle und Spezifikationen des Addons aus und speichern Sie die Korrekturen. <\/li> <li><b>Erhalten Sie Ihren einzigartigen Code, der im speziellen Formular auf Elfsight Apps angezeigt wird. <\/b><br> Gleich nachdem die Erstellung Ihres pers\u00f6nlichen Add-ons abgeschlossen ist, kopieren Sie den exklusiven Code im erscheinenden Fenster und speichern Sie ihn f\u00fcr sp\u00e4tere Gelegenheiten. <\/li> <li><b>Initiieren Sie die Anwendung des Tools auf der PrestaShop-Webseite. <\/b><br> Platzieren Sie den zuvor gespeicherten Code auf Ihrer Website und speichern Sie die Anpassungen. <\/li> <li><b>Die Installation ist vollst\u00e4ndig durchgef\u00fchrt. <\/b><br> Gehen Sie zu Ihrer Seite, um zu sehen, wie das Tool ausgef\u00fchrt wird. <\/li><\/ol> <p>Sollten Sie Probleme haben, k\u00f6nnen Sie sich gerne an unseren Kundenservice wenden. Unsere Mitarbeiter helfen Ihnen gerne bei allen Schwierigkeiten, die Sie mit dem Tool haben k\u00f6nnten. <\/p> <div class=\"faq\" data-component=\"FAQ\"><div class=\"faq-item\">\r\n\t\t\t\t\t<div class=\"faq-item-question\">\r\n\t\t\t\t\t\t<h3 class=\"faq-item-question-text\">Wie kann ich Weather ohne Programmierkenntnisse in meinen PrestaShop einbetten?<\/h3>\r\n\r\n\t\t\t\t\t\t<div class=\"faq-item-question-icon\"><\/div>\r\n\t\t\t\t\t<\/div>\r\n\r\n\t\t\t\t\t<div class=\"faq-item-answer\">\r\n\t\t\t\t\t\t<div class=\"faq-item-answer-text\"> <p>Das Unternehmen Elfsight bietet eine Cloud-L\u00f6sung, mit der Benutzer selbst eine Wetter-App erstellen und ansehen k\u00f6nnen Einfache Anleitung: Gehen Sie zum Live-Editor, um ein Wetter-Plugin einzurichten, das Sie auf Ihrer PrestaShop-Website sehen m\u00f6chten. Klicken Sie auf eine der vielen vorgefertigten Vorlagen und passen Sie die Wettereinstellungen an, \u00e4ndern Sie das Layout und das Farbschema und f\u00fcgen Sie Ihre Inhalte hinzu \u2013 ganz ohne Programmieraufwand. Klicken Sie, um das Wetter zu speichern und den Installationscode zu kopieren, den Sie einfach kostenlos in jede PrestaShop-Website einf\u00fcgen k\u00f6nnen. Mit dem intuitiven Konfigurator kann jeder Webbenutzer online ein Wetter-Widget erstellen und es einfach in seine PrestaShop-Website einf\u00fcgen. Sie d\u00fcrfen nicht bezahlen oder Ihre Kartendaten offenlegen, um auf unseren Editor zuzugreifen. Wenn Sie auf Hindernisse jeglicher Art sto\u00dfen, wenden Sie sich bitte an unser Support-Team.<\/p> <\/div>\r\n\t\t\t\t\t<\/div>\r\n\t\t\t\t<\/div> <\/div><\/div>","protected":false},"excerpt":{"rendered":"","protected":false},"author":9,"featured_media":0,"parent":2173,"menu_order":0,"comment_status":"closed","ping_status":"closed","template":"templates\/template-application-platform.php","meta":{"publish_to_discourse":"","publish_post_category":"","wpdc_auto_publish_overridden":"","wpdc_topic_tags":"","wpdc_pin_topic":"","wpdc_pin_until":"","discourse_post_id":"","discourse_permalink":"","wpdc_publishing_response":"","wpdc_publishing_error":"","footnotes":""},"class_list":["post-10953","page","type-page","status-publish","hentry"],"yoast_head":"<!-- This site is optimized with the Yoast SEO plugin v25.3.1 - https:\/\/yoast.com\/wordpress\/plugins\/seo\/ -->\n<title>Wetter-Addon zur PrestaShop-Website hinzuf\u00fcgen (kostenlos und schnell)<\/title>\n<meta name=\"description\" content=\"Es ist ganz einfach, Ihr Wetter-Add-on zu erstellen und auf Ihrer PrestaShop-Website zu ver\u00f6ffentlichen. Der Kundendienst von Elfsight ist kostenlos.\" \/>\n<meta name=\"robots\" content=\"index, follow, max-snippet:-1, max-image-preview:large, max-video-preview:-1\" \/>\n<link rel=\"canonical\" href=\"https:\/\/elfsight.com\/de\/weather-widget\/prestashop\/\" \/>\n<meta property=\"og:locale\" content=\"de_DE\" \/>\n<meta property=\"og:type\" content=\"article\" \/>\n<meta property=\"og:title\" content=\"Wetter-Addon zur PrestaShop-Website hinzuf\u00fcgen (kostenlos und schnell)\" \/>\n<meta property=\"og:description\" content=\"Es ist ganz einfach, Ihr Wetter-Add-on zu erstellen und auf Ihrer PrestaShop-Website zu ver\u00f6ffentlichen. Der Kundendienst von Elfsight ist kostenlos.\" \/>\n<meta property=\"og:url\" content=\"https:\/\/elfsight.com\/de\/weather-widget\/prestashop\/\" \/>\n<meta property=\"og:site_name\" content=\"Elfsight DE\" \/>\n<meta property=\"article:modified_time\" content=\"2025-07-10T14:00:58+00:00\" \/>\n<meta name=\"twitter:card\" content=\"summary_large_image\" \/>\n<meta name=\"twitter:label1\" content=\"Gesch\u00e4tzte Lesezeit\" \/>\n\t<meta name=\"twitter:data1\" content=\"3\u00a0Minuten\" \/>\n<!-- \/ Yoast SEO plugin. -->","yoast_head_json":{"title":"Wetter-Addon zur PrestaShop-Website hinzuf\u00fcgen (kostenlos und schnell)","description":"Es ist ganz einfach, Ihr Wetter-Add-on zu erstellen und auf Ihrer PrestaShop-Website zu ver\u00f6ffentlichen. Der Kundendienst von Elfsight ist kostenlos.","robots":{"index":"index","follow":"follow","max-snippet":"max-snippet:-1","max-image-preview":"max-image-preview:large","max-video-preview":"max-video-preview:-1"},"canonical":"https:\/\/elfsight.com\/de\/weather-widget\/prestashop\/","og_locale":"de_DE","og_type":"article","og_title":"Wetter-Addon zur PrestaShop-Website hinzuf\u00fcgen (kostenlos und schnell)","og_description":"Es ist ganz einfach, Ihr Wetter-Add-on zu erstellen und auf Ihrer PrestaShop-Website zu ver\u00f6ffentlichen. Der Kundendienst von Elfsight ist kostenlos.","og_url":"https:\/\/elfsight.com\/de\/weather-widget\/prestashop\/","og_site_name":"Elfsight DE","article_modified_time":"2025-07-10T14:00:58+00:00","twitter_card":"summary_large_image","twitter_misc":{"Gesch\u00e4tzte Lesezeit":"3\u00a0Minuten"},"schema":{"@context":"https:\/\/schema.org","@graph":[{"@type":"WebPage","@id":"https:\/\/elfsight.com\/de\/weather-widget\/prestashop\/","url":"https:\/\/elfsight.com\/de\/weather-widget\/prestashop\/","name":"Wetter-Addon zur PrestaShop-Website hinzuf\u00fcgen (kostenlos und schnell)","isPartOf":{"@id":"https:\/\/elfsight.com\/de\/#website"},"datePublished":"1970-01-01T00:00:00+00:00","dateModified":"2025-07-10T14:00:58+00:00","description":"Es ist ganz einfach, Ihr Wetter-Add-on zu erstellen und auf Ihrer PrestaShop-Website zu ver\u00f6ffentlichen. Der Kundendienst von Elfsight ist kostenlos.","breadcrumb":{"@id":"https:\/\/elfsight.com\/de\/weather-widget\/prestashop\/#breadcrumb"},"inLanguage":"de","potentialAction":[{"@type":"ReadAction","target":["https:\/\/elfsight.com\/de\/weather-widget\/prestashop\/"]}]},{"@type":"BreadcrumbList","@id":"https:\/\/elfsight.com\/de\/weather-widget\/prestashop\/#breadcrumb","itemListElement":[{"@type":"ListItem","position":1,"name":"Home","item":"https:\/\/elfsight.com\/de\/"},{"@type":"ListItem","position":2,"name":"Weather","item":"https:\/\/elfsight.com\/de\/weather-widget\/"},{"@type":"ListItem","position":3,"name":"Weather &#8211; PrestaShop"}]},{"@type":"WebSite","@id":"https:\/\/elfsight.com\/de\/#website","url":"https:\/\/elfsight.com\/de\/","name":"Elfsight DE","description":"Just another Elfsight Sites site","potentialAction":[{"@type":"SearchAction","target":{"@type":"EntryPoint","urlTemplate":"https:\/\/elfsight.com\/de\/?s={search_term_string}"},"query-input":{"@type":"PropertyValueSpecification","valueRequired":true,"valueName":"search_term_string"}}],"inLanguage":"de"}]}},"meta_box":{"industry":"","seo_heading":"","heading":"","description":"","cta_heading":"","cta_description":"","application":"498","h1":"PrestaShop Wetter-Addon","h1_caption":"Zeigen Sie aktuelle Wetterinformationen f\u00fcr jeden Ort auf Ihrer Website an, um Ihr lokales oder reisendes Publikum m\u00fchelos auf Ihre Prestashop-Website aufmerksam zu machen.","application_category":[],"applications_title":"","applications_request_title":"","applications_request_button_text":"","hero_text":"","hero_video":"","hero_video_schema_markup":"","selling_points_title":"","selling_points_caption":"","selling_points":[],"selling_points_cta_text":"","features_title":"","features":"","ed_cta_examples_text":"","ed_cta_examples_hidden":"","ed_cta_demo_text":"","ed_cta_demo_hidden":"","why_caption":"","why_editor_title":"","why_editor_text":"","why_team_title":"","why_team_text":"","why_service_title":"","why_service_text":"","template_catalog_visible":"","template_catalog_title":"","template_catalog_text":"","template_catalog_categories_visible":"","demo_title":"Erstellen Sie Ihr Wetter-Addon","demo_caption":"Konfigurieren Sie Ihr Wetter und f\u00fcgen Sie es kostenlos zu Ihrer PrestaShop-Website hinzu!","default_faq_hidden":"","app_template_category":[],"platform":"3811","template_public_id":"","codecanyon_url":"","codecanyon_item_id":"","codecanyon_price":"","pricing_caption":"","pricing_elfsight_apps_hide_column":"","pricing_elfsight_apps_url":"","pricing_codecanyon_price_caption":"","integration_category":[],"integration_request_title":"","integration_request_cta":"","integration_platform":"","integrations":[],"platform_category":[],"video_schema_markup":"","price":"ab 0 $ \/ Monat","trial":"","benefits":[{"text":"Kostenlose Installationshilfe"},{"text":"Premium-Support"},{"text":"14-t\u00e4gige Geld-zur\u00fcck-Garantie"},{"text":"Fortlaufende Entwicklung"}],"button_url":"#demo","button_target_blank":"","button_nofollow":"","attributes":[{"name":"Installiert","content":"10,000 - 100,000"},{"name":"Reaktionsfreudig","content":"Ja"},{"name":"Kompatible Browser","content":"Firefox, Safari, Opera, Chrome, Edge"}],"tags":[],"tags_disable_links":"","hide_more_platforms":"","video_object":"","demo_hide_cta":"","demo_hide_cloud_options":"","pricing_title":"","pricing":[{"pricing_icon":"platform","pricing_title":"Elfsight Apps","pricing_title_caption":"Plattformunabh\u00e4ngige digitale L\u00f6sung","pricing_price":"ab 0 $ \/ Monat","pricing_price_caption":"Beginnen Sie mit einem kostenlosen Plan","pricing_benefits":[{"text":"Unbegrenzte Websites"},{"text":"Engagierte Unternehmensunterst\u00fctzung"},{"text":"Kostenloser Installationssupport"},{"text":"Flexibles Design"}],"pricing_button_text":"Zur Website hinzuf\u00fcgen","pricing_button_url":"#demo"}],"related_apps_title":"","related_apps_hidden":"","author":"","image":[],"title":"","job":"","social_networks":[]},"_links":{"self":[{"href":"https:\/\/elfsight.com\/de\/wp-json\/wp\/v2\/pages\/10953","targetHints":{"allow":["GET"]}}],"collection":[{"href":"https:\/\/elfsight.com\/de\/wp-json\/wp\/v2\/pages"}],"about":[{"href":"https:\/\/elfsight.com\/de\/wp-json\/wp\/v2\/types\/page"}],"author":[{"embeddable":true,"href":"https:\/\/elfsight.com\/de\/wp-json\/wp\/v2\/users\/9"}],"replies":[{"embeddable":true,"href":"https:\/\/elfsight.com\/de\/wp-json\/wp\/v2\/comments?post=10953"}],"version-history":[{"count":1,"href":"https:\/\/elfsight.com\/de\/wp-json\/wp\/v2\/pages\/10953\/revisions"}],"predecessor-version":[{"id":10957,"href":"https:\/\/elfsight.com\/de\/wp-json\/wp\/v2\/pages\/10953\/revisions\/10957"}],"up":[{"embeddable":true,"href":"https:\/\/elfsight.com\/de\/wp-json\/wp\/v2\/pages\/2173"}],"wp:attachment":[{"href":"https:\/\/elfsight.com\/de\/wp-json\/wp\/v2\/media?parent=10953"}],"curies":[{"name":"wp","href":"https:\/\/api.w.org\/{rel}","templated":true}]}}