{"id":10939,"date":"1970-01-01T00:00:00","date_gmt":"1970-01-01T00:00:00","guid":{"rendered":"https:\/\/elfsight.com\/de\/?page_id=10939"},"modified":"2025-07-10T13:58:42","modified_gmt":"2025-07-10T13:58:42","slug":"facebook","status":"publish","type":"page","link":"https:\/\/elfsight.com\/de\/visitor-counter-widget\/facebook\/","title":{"rendered":"Visitor Counter  &#8211; Facebook Page"},"content":{"rendered":"<div class=\"application-platform-content-item-description application-platform-content-item\" id=\"description\" data-nav-section=\"description\"> <h2>Beschreibung<\/h2> <p> Der Besucherz\u00e4hler f\u00fcr Facebook-Seiten ist ein einfach zu verwaltendes Widget, mit dem Sie Ihre Besucherzahl analysieren k\u00f6nnen und die beliebtesten Seiten, die innerhalb eines bestimmten Zeitraums aufgerufen wurden. Grundlegende Metriken sind jetzt einfach zu \u00fcberpr\u00fcfen, ohne dass Codierung oder Datenanalyse erforderlich sind. Damit k\u00f6nnen Sie den Besuchern ganz einfach versichern, dass Sie ein vertrauensw\u00fcrdiges Unternehmen sind und mehr abgeschlossene Zielaktionen als je zuvor erhalten. Mit unseren anpassbaren, stilvollen Optionen und praktischen Layouts k\u00f6nnen Sie das Widget mit nur wenigen Klicks in Ihre Seite einbetten. <\/p> <p><b>Testen Sie Visitor Counter, um Ihren E-Commerce-Plan so zu planen, dass Sie Ihre Ziele effizienter erreichen! <\/b><\/p><\/div> <div class=\"application-platform-content-item-features application-platform-content-item\" id=\"features\" data-nav-section=\"features\"> <h2>Dies sind nur einige der leistungsstarken Widget-Funktionen: <\/h2> <ul><li>Einfach zu verwenden ohne professionelle Qualifikation Datenanalyse und Codierung erforderlich<\/li><li>Viel Zeit zum Verfolgen Ihrer Statistiken<\/li><li>Praktische Layouts, um alle Metriken auf zug\u00e4ngliche Weise zu erstellen<\/li><li>Hell, dunkel und Anpassbare Farbschemata, um das Tool stilvoll zu gestalten<\/li><li> Konfigurieren Sie die Schriftgr\u00f6\u00dfe und -st\u00e4rke <\/li><li> Einfache Integration auch ohne Programmierkenntnisse <\/li><\/ul><p><a href=\"#demo\">Sie k\u00f6nnen jetzt in der Demo alle Funktionen des Widgets erkunden<\/a><\/p> <\/div> <div class=\"application-platform-content-item-installation application-platform-content-item\" id=\"installation\" data-nav-section=\"installation\"> <h2>Wie kann ich Besucherz\u00e4hler hinzuf\u00fcgen? meine Facebook-Seite? <\/h2> <p>F\u00fchren Sie einfach die folgenden Richtlinien aus, um mit dem Tool zu arbeiten: <\/p> <ol><li><b>Nutzen Sie unseren kostenlosen Konfigurator und beginnen Sie mit der Gestaltung Ihres personalisierten Widgets. <\/b><br> W\u00e4hlen Sie die bevorzugte Form und Spezifikationen des Werkzeugs und speichern Sie die \u00c4nderungen. <\/li> <li><b>Sie erhalten den individuellen Code, der in der Box auf Elfsight Apps angezeigt wird. <\/b><br> Wenn die Anpassung Ihres pers\u00f6nlichen Widgets abgeschlossen ist, kopieren Sie den individuellen Code im angezeigten Fenster und speichern Sie ihn f\u00fcr die zuk\u00fcnftige Verwendung. <\/li> <li><b>Geben Sie die Verwendung des Plugins auf der Facebook-Seite ein. <\/b><br> F\u00fcgen Sie den zuvor kopierten Code in Ihre Seite ein und speichern Sie die \u00c4nderungen. <\/li> <li><b>Das Setup wurde erfolgreich beendet. <\/b><br> Besuchen Sie Ihre Website, um die Funktion des Plugins zu \u00fcberpr\u00fcfen. <\/li><\/ol> <p>Z\u00f6gern Sie nicht, sich an unser Support-Team zu wenden, wenn Sie Anfragen bearbeiten oder auf Hindernisse sto\u00dfen. Unsere Spezialisten helfen Ihnen gerne bei allen Schwierigkeiten, die Sie mit dem Tool haben. <\/p> <div class=\"faq\" data-component=\"FAQ\"><div class=\"faq-item\">\r\n\t\t\t\t\t<div class=\"faq-item-question\">\r\n\t\t\t\t\t\t<h3 class=\"faq-item-question-text\">Gibt es eine Methode, Besucherz\u00e4hler ohne Programmiererfahrung zu meiner Facebook-Seite hinzuzuf\u00fcgen?<\/h3>\r\n\r\n\t\t\t\t\t\t<div class=\"faq-item-question-icon\"><\/div>\r\n\t\t\t\t\t<\/div>\r\n\r\n\t\t\t\t\t<div class=\"faq-item-answer\">\r\n\t\t\t\t\t\t<div class=\"faq-item-answer-text\"> <p>Elfsight stellt eine SaaS-L\u00f6sung vor, mit der Benutzer selbst einen Besucherz\u00e4hlerbereich erstellen k\u00f6nnen. Sehen Sie sich an, wie einfach es ist: Gehen Sie zur Live-Demo, um eine Besucherz\u00e4hler-App zu erstellen, die Sie auf der Startseite Ihrer Facebook-Seite einbinden m\u00f6chten. W\u00e4hlen Sie eine der vorgefertigten Vorlagen aus und \u00e4ndern Sie die Besucherz\u00e4hlereinstellungen sowie das Layout und die Farbschemata einschlie\u00dflich Ihrer Inhalte, ohne Programmierkenntnisse. Speichern Sie die von Ihnen vorgenommenen Einstellungen im Besucherz\u00e4hler und kopieren Sie den Installationscode des Plugins, der kostenlos in die Startseite der Facebook-Seite eingebettet werden kann. Mit unserem intuitiven Editor kann jeder Internetnutzer einen Besucherz\u00e4hler erstellen und ihn problemlos in seine Facebook-Seite einf\u00fcgen. Es ist nicht erforderlich, zu bezahlen oder Ihre Kartendaten einzureichen, um den Editor zu betreten. Wenn Sie auf Hindernisse jeglicher Art sto\u00dfen, z\u00f6gern Sie nicht, sich an unser technisches Support-Team zu wenden.<\/p> <\/div>\r\n\t\t\t\t\t<\/div>\r\n\t\t\t\t<\/div> <\/div><\/div>","protected":false},"excerpt":{"rendered":"","protected":false},"author":9,"featured_media":0,"parent":2053,"menu_order":0,"comment_status":"closed","ping_status":"closed","template":"templates\/template-application-platform.php","meta":{"publish_to_discourse":"","publish_post_category":"","wpdc_auto_publish_overridden":"","wpdc_topic_tags":"","wpdc_pin_topic":"","wpdc_pin_until":"","discourse_post_id":"","discourse_permalink":"","wpdc_publishing_response":"","wpdc_publishing_error":"","footnotes":""},"class_list":["post-10939","page","type-page","status-publish","hentry"],"yoast_head":"<!-- This site is optimized with the Yoast SEO plugin v25.3.1 - https:\/\/yoast.com\/wordpress\/plugins\/seo\/ -->\n<title>Besucherz\u00e4hler zum benutzerdefinierten Tab der Facebook-Seite hinzuf\u00fcgen (2025)<\/title>\n<meta name=\"description\" content=\"Entwerfen Sie Ihr bestes Besucherz\u00e4hler-Widget und f\u00fcgen Sie es mit wenigen Klicks in Ihre Website ein. Wir bieten kostenlosen Kundenservice und andere Boni.\" \/>\n<meta name=\"robots\" content=\"index, follow, max-snippet:-1, max-image-preview:large, max-video-preview:-1\" \/>\n<link rel=\"canonical\" href=\"https:\/\/elfsight.com\/de\/visitor-counter-widget\/facebook\/\" \/>\n<meta property=\"og:locale\" content=\"de_DE\" \/>\n<meta property=\"og:type\" content=\"article\" \/>\n<meta property=\"og:title\" content=\"Besucherz\u00e4hler zum benutzerdefinierten Tab der Facebook-Seite hinzuf\u00fcgen (2025)\" \/>\n<meta property=\"og:description\" content=\"Entwerfen Sie Ihr bestes Besucherz\u00e4hler-Widget und f\u00fcgen Sie es mit wenigen Klicks in Ihre Website ein. Wir bieten kostenlosen Kundenservice und andere Boni.\" \/>\n<meta property=\"og:url\" content=\"https:\/\/elfsight.com\/de\/visitor-counter-widget\/facebook\/\" \/>\n<meta property=\"og:site_name\" content=\"Elfsight DE\" \/>\n<meta property=\"article:modified_time\" content=\"2025-07-10T13:58:42+00:00\" \/>\n<meta name=\"twitter:card\" content=\"summary_large_image\" \/>\n<meta name=\"twitter:label1\" content=\"Gesch\u00e4tzte Lesezeit\" \/>\n\t<meta name=\"twitter:data1\" content=\"3\u00a0Minuten\" \/>\n<!-- \/ Yoast SEO plugin. -->","yoast_head_json":{"title":"Besucherz\u00e4hler zum benutzerdefinierten Tab der Facebook-Seite hinzuf\u00fcgen (2025)","description":"Entwerfen Sie Ihr bestes Besucherz\u00e4hler-Widget und f\u00fcgen Sie es mit wenigen Klicks in Ihre Website ein. Wir bieten kostenlosen Kundenservice und andere Boni.","robots":{"index":"index","follow":"follow","max-snippet":"max-snippet:-1","max-image-preview":"max-image-preview:large","max-video-preview":"max-video-preview:-1"},"canonical":"https:\/\/elfsight.com\/de\/visitor-counter-widget\/facebook\/","og_locale":"de_DE","og_type":"article","og_title":"Besucherz\u00e4hler zum benutzerdefinierten Tab der Facebook-Seite hinzuf\u00fcgen (2025)","og_description":"Entwerfen Sie Ihr bestes Besucherz\u00e4hler-Widget und f\u00fcgen Sie es mit wenigen Klicks in Ihre Website ein. Wir bieten kostenlosen Kundenservice und andere Boni.","og_url":"https:\/\/elfsight.com\/de\/visitor-counter-widget\/facebook\/","og_site_name":"Elfsight DE","article_modified_time":"2025-07-10T13:58:42+00:00","twitter_card":"summary_large_image","twitter_misc":{"Gesch\u00e4tzte Lesezeit":"3\u00a0Minuten"},"schema":{"@context":"https:\/\/schema.org","@graph":[{"@type":"WebPage","@id":"https:\/\/elfsight.com\/de\/visitor-counter-widget\/facebook\/","url":"https:\/\/elfsight.com\/de\/visitor-counter-widget\/facebook\/","name":"Besucherz\u00e4hler zum benutzerdefinierten Tab der Facebook-Seite hinzuf\u00fcgen (2025)","isPartOf":{"@id":"https:\/\/elfsight.com\/de\/#website"},"datePublished":"1970-01-01T00:00:00+00:00","dateModified":"2025-07-10T13:58:42+00:00","description":"Entwerfen Sie Ihr bestes Besucherz\u00e4hler-Widget und f\u00fcgen Sie es mit wenigen Klicks in Ihre Website ein. Wir bieten kostenlosen Kundenservice und andere Boni.","breadcrumb":{"@id":"https:\/\/elfsight.com\/de\/visitor-counter-widget\/facebook\/#breadcrumb"},"inLanguage":"de","potentialAction":[{"@type":"ReadAction","target":["https:\/\/elfsight.com\/de\/visitor-counter-widget\/facebook\/"]}]},{"@type":"BreadcrumbList","@id":"https:\/\/elfsight.com\/de\/visitor-counter-widget\/facebook\/#breadcrumb","itemListElement":[{"@type":"ListItem","position":1,"name":"Home","item":"https:\/\/elfsight.com\/de\/"},{"@type":"ListItem","position":2,"name":"Visitor Counter","item":"https:\/\/elfsight.com\/de\/visitor-counter-widget\/"},{"@type":"ListItem","position":3,"name":"Visitor Counter &#8211; Facebook Page"}]},{"@type":"WebSite","@id":"https:\/\/elfsight.com\/de\/#website","url":"https:\/\/elfsight.com\/de\/","name":"Elfsight DE","description":"Just another Elfsight Sites site","potentialAction":[{"@type":"SearchAction","target":{"@type":"EntryPoint","urlTemplate":"https:\/\/elfsight.com\/de\/?s={search_term_string}"},"query-input":{"@type":"PropertyValueSpecification","valueRequired":true,"valueName":"search_term_string"}}],"inLanguage":"de"}]}},"meta_box":{"industry":"","seo_heading":"","heading":"","description":"","cta_heading":"","cta_description":"","application":"515","h1":"Besucherz\u00e4hler-Widget f\u00fcr Facebook-Seiten","h1_caption":"\u00dcberwachen Sie Ihre Website-Statistiken und verbessern Sie die Glaubw\u00fcrdigkeit","application_category":[],"applications_title":"","applications_request_title":"","applications_request_button_text":"","hero_text":"","hero_video":"","hero_video_schema_markup":"","selling_points_title":"","selling_points_caption":"","selling_points":[],"selling_points_cta_text":"","features_title":"","features":"","ed_cta_examples_text":"","ed_cta_examples_hidden":"","ed_cta_demo_text":"","ed_cta_demo_hidden":"","why_caption":"","why_editor_title":"","why_editor_text":"","why_team_title":"","why_team_text":"","why_service_title":"","why_service_text":"","template_catalog_visible":"","template_catalog_title":"","template_catalog_text":"","template_catalog_categories_visible":"","demo_title":"Beeilen Sie sich und erstellen Sie einen eigenen Besucherz\u00e4hler f\u00fcr Ihre Facebook-Seite","demo_caption":"Passen Sie das Tool per Live-Demo an und f\u00fcgen Sie es in Ihre Website ein","default_faq_hidden":"","app_template_category":[],"platform":"216","template_public_id":"","codecanyon_url":"","codecanyon_item_id":"","codecanyon_price":"","pricing_caption":"","pricing_elfsight_apps_hide_column":"","pricing_elfsight_apps_url":"","pricing_codecanyon_price_caption":"","integration_category":[],"integration_request_title":"","integration_request_cta":"","integration_platform":"","integrations":[],"platform_category":[],"video_schema_markup":"","price":"ab 0 $ \/ Monat","trial":"","benefits":[{"text":"Kostenloser Installationsservice"},{"text":"Erfahrener Kundensupport"},{"text":"14-t\u00e4gige R\u00fcckerstattungsgarantie"},{"text":"Lebenslange kostenlose Verbesserungen"}],"button_url":"#demo","button_target_blank":"","button_nofollow":"","attributes":[{"name":"Installiert","content":"10,000 - 100,000"},{"name":"Reaktionsfreudig","content":"Ja"},{"name":"Kompatible Browser","content":"Opera, Firefox, Chrome, Safari, Edge"}],"tags":[],"tags_disable_links":"","hide_more_platforms":"","video_object":"","demo_hide_cta":"","demo_hide_cloud_options":"","pricing_title":"","pricing":[{"pricing_icon":"platform","pricing_title":"Elfsight Apps","pricing_title_caption":"Plattformunabh\u00e4ngige Version, die zu jeder Website passt","pricing_price":"ab 0 $ \/ Monat","pricing_price_caption":"Beginnen Sie mit einem kostenlosen Plan","pricing_benefits":[{"text":"Unbegrenzte Domains"},{"text":"Engagierter Kundensupport"},{"text":"Kostenloser Installationssupport"},{"text":"Vollst\u00e4ndig anpassbar"}],"pricing_button_text":"Zur Website hinzuf\u00fcgen","pricing_button_url":"#demo"}],"related_apps_title":"","related_apps_hidden":"","author":"","image":[],"title":"","job":"","social_networks":[]},"_links":{"self":[{"href":"https:\/\/elfsight.com\/de\/wp-json\/wp\/v2\/pages\/10939","targetHints":{"allow":["GET"]}}],"collection":[{"href":"https:\/\/elfsight.com\/de\/wp-json\/wp\/v2\/pages"}],"about":[{"href":"https:\/\/elfsight.com\/de\/wp-json\/wp\/v2\/types\/page"}],"author":[{"embeddable":true,"href":"https:\/\/elfsight.com\/de\/wp-json\/wp\/v2\/users\/9"}],"replies":[{"embeddable":true,"href":"https:\/\/elfsight.com\/de\/wp-json\/wp\/v2\/comments?post=10939"}],"version-history":[{"count":1,"href":"https:\/\/elfsight.com\/de\/wp-json\/wp\/v2\/pages\/10939\/revisions"}],"predecessor-version":[{"id":10943,"href":"https:\/\/elfsight.com\/de\/wp-json\/wp\/v2\/pages\/10939\/revisions\/10943"}],"up":[{"embeddable":true,"href":"https:\/\/elfsight.com\/de\/wp-json\/wp\/v2\/pages\/2053"}],"wp:attachment":[{"href":"https:\/\/elfsight.com\/de\/wp-json\/wp\/v2\/media?parent=10939"}],"curies":[{"name":"wp","href":"https:\/\/api.w.org\/{rel}","templated":true}]}}