{"id":10938,"date":"1970-01-01T00:00:00","date_gmt":"1970-01-01T00:00:00","guid":{"rendered":"https:\/\/elfsight.com\/de\/?page_id=10938"},"modified":"2025-02-25T05:20:13","modified_gmt":"2025-02-25T05:20:13","slug":"elementor","status":"publish","type":"page","link":"https:\/\/elfsight.com\/de\/visitor-counter-widget\/elementor\/","title":{"rendered":"Visitor Counter  &#8211; Elementor"},"content":{"rendered":"\n<div class=\"application-platform-content-item-description application-platform-content-item\" id=\"description\" data-nav-section=\"description\"><h2>Besucherz\u00e4hler auf Elementor mit dem Elfsight-Widget einbetten<\/h2> <p>Besucherz\u00e4hler f\u00fcr Elementor ist ein unkompliziertes Tool, mit dem Sie a analysieren k\u00f6nnen Anzahl der Besucher und die beliebtesten Inhalte. Grundlegende Statistiken sind jetzt einfach zu verfolgen, ohne dass zus\u00e4tzliche Kenntnisse in Codierung oder Datenanalyse erforderlich sind. Dadurch k\u00f6nnen Sie dem Publikum ganz einfach versichern, dass Sie ein seri\u00f6ses Unternehmen sind und viel mehr Leads gewinnen. Mit unseren anpassbaren, stilvollen M\u00f6glichkeiten und praktischen Layouts k\u00f6nnen Sie das Widget mit nur wenigen Klicks in Ihre Seite integrieren. <\/p> <p><b>Machen Sie Ihre E-Commerce-Taktiken mit Hilfe von Visitor Counter effektiver!<\/b><\/p><\/div> <div class=\"application-platform-content-item-features application-platform-content-item\" id=\"features\" data-nav-section=\"features\"> <h2>Das Wesentliche Zu den Widget-Funktionen geh\u00f6ren: <\/h2> <ul><li>Einfach zu verwenden, ohne dass professionelle SEO- und Programmierkenntnisse erforderlich sind<\/li><li>Eine gro\u00dfe Auswahl an Zeitintervallen zur \u00dcberpr\u00fcfung Ihrer Statistiken<\/li><li>Praktisch Layouts, um alle Metriken auf zug\u00e4ngliche Weise zu erstellen. <\/li><li>Helle, dunkle und anpassbare Farbschemata zum Anpassen des Tools. <\/li><li>Schriftgr\u00f6\u00dfe und -st\u00e4rke festlegen. <\/li><li>Einfach hinzuzuf\u00fcgen auf der Website auch f\u00fcr technisch nicht versierte Benutzer <\/li><\/ul><p><a href=\"#demo\">Mit der Demo k\u00f6nnen Sie sich ein Bild von den Angeboten des Widgets machen<\/a><\/p> <\/div> <div class=\"application-platform-content-item-installation application-platform-content-item\" id=\"installation\" data-nav-section=\"installation\"> <h2>Wie kann ich einen Besucherz\u00e4hler auf meiner Elementor-Website hinzuf\u00fcgen? <\/h2> <div class=\"video-container\"><iframe width=\"560\" height=\"315\" src=\"https:\/\/www.youtube.com\/embed\/5lMKAjQs6po?si=7iepivnqLpg5LjXG\" frameborder=\"0\" allow=\"accelerometer; autoplay; clipboard-write; encrypted-media; gyroscope; picture-in-picture; web-share\" allowfullscreen><\/iframe><\/div><p>Befolgen Sie einfach die folgenden Richtlinien, um mit der Verwendung des Tools zu beginnen: <\/p> <ol><li><b>F\u00fchren Sie unseren kostenlosen Editor aus und beginnen Sie mit der Erstellung Ihres benutzerdefinierten Instruments. <\/b><br> W\u00e4hlen Sie das ausgew\u00e4hlte Aussehen und die ausgew\u00e4hlten Aspekte des Widgets aus und wenden Sie die \u00c4nderungen an. <\/li> <li><b>Erhalten Sie Ihren pers\u00f6nlichen Code, der im speziellen Formular auf Elfsight Apps erscheint. <\/b><br> Sobald die Anpassung Ihres pers\u00f6nlichen Widgets abgeschlossen ist, kopieren Sie den exklusiven Code aus dem angezeigten Feld und bewahren Sie ihn zur weiteren Verwendung auf. <\/li> <li><b>Initiieren Sie die Anwendung des Tools auf der Elementor-Webseite. <\/b><br> Betten Sie den k\u00fcrzlich gespeicherten Code in Ihre Webseite ein und \u00fcbernehmen Sie die Anpassungen. <\/li> <li><b>Du bist fertig! Die Einbettung wurde erfolgreich beendet. <\/b><br> Besuchen Sie Ihre Website, um die Leistung des Tools zu \u00fcberpr\u00fcfen. <\/li><\/ol> <p>Wenn Sie Fragen haben oder auf Probleme sto\u00dfen, wenden Sie sich bitte an unser Kundendienstteam. Unsere Spezialisten helfen Ihnen gerne bei allen Schwierigkeiten, die Sie mit dem Produkt haben k\u00f6nnten. <\/p> <div class=\"faq\" data-component=\"FAQ\"><div class=\"faq-item\">\r\n\t\t\t\t\t<div class=\"faq-item-question\">\r\n\t\t\t\t\t\t<h3 class=\"faq-item-question-text\">Gibt es eine Option zum Einbetten von Besucherz\u00e4hlern in meine Elementor-Site ohne Programmierkenntnisse?<\/h3>\r\n\r\n\t\t\t\t\t\t<div class=\"faq-item-question-icon\"><\/div>\r\n\t\t\t\t\t<\/div>\r\n\r\n\t\t\t\t\t<div class=\"faq-item-answer\">\r\n\t\t\t\t\t\t<div class=\"faq-item-answer-text\"> <p>Das Unternehmen Elfsight bietet eine Cloud-L\u00f6sung an, mit der Benutzer selbst ein Besucherz\u00e4hler-Widget erstellen k\u00f6nnen. Sehen Sie, wie einfach der Vorgang ist: Gehen Sie zur Live-Demo, um ein Besucherz\u00e4hler-Plugin zu erstellen, das Sie auf der Elementor-Homepage einbetten m\u00f6chten. Klicken Sie auf eine unserer vorgefertigten Vorlagen und passen Sie die Besucherz\u00e4hlereinstellungen an, aktualisieren Sie Ihre Inhalte, \u00e4ndern Sie das Layout und die Farben \u2013 ohne Programmierkenntnisse. Klicken Sie hier, um die Einstellungen, die Sie im Besucherz\u00e4hler vorgenommen haben, zu speichern und den Installationscode zu erhalten, den Sie ganz einfach in Ihre Elementor-Homepage einf\u00fcgen k\u00f6nnen, ohne eine kostenpflichtige Version zu kaufen. Mit dem benutzerfreundlichen Konfigurator kann jeder Webbenutzer online ein Besucherz\u00e4hler-Widget erstellen und es einfach zu jeder Elementor-Site hinzuf\u00fcgen. F\u00fcr den Zugriff auf unseren Service ist es nicht erforderlich, einen kostenpflichtigen Plan abzuschlie\u00dfen oder Ihre Kartendaten anzugeben. Wenn Sie auf Probleme jeglicher Art sto\u00dfen, z\u00f6gern Sie nicht, sich an unsere Support-Mitarbeiter zu wenden.<\/p> <\/div>\r\n\t\t\t\t\t<\/div>\r\n\t\t\t\t<\/div> <\/div><\/div>\n","protected":false},"excerpt":{"rendered":"","protected":false},"author":9,"featured_media":0,"parent":2053,"menu_order":0,"comment_status":"closed","ping_status":"closed","template":"templates\/template-application-platform.php","meta":{"publish_to_discourse":"","publish_post_category":"","wpdc_auto_publish_overridden":"","wpdc_topic_tags":"","wpdc_pin_topic":"","wpdc_pin_until":"","discourse_post_id":"","discourse_permalink":"","wpdc_publishing_response":"","wpdc_publishing_error":"","footnotes":""},"class_list":["post-10938","page","type-page","status-publish","hentry"],"yoast_head":"<!-- This site is optimized with the Yoast SEO plugin v25.3.1 - https:\/\/yoast.com\/wordpress\/plugins\/seo\/ -->\n<title>Besucherz\u00e4hler-Widget zur Elementor-Website (schnell und kostenlos)<\/title>\n<meta name=\"description\" content=\"Hier ist die beste Gelegenheit, ein Besucherz\u00e4hler-Widget zu erstellen und es Ihrer Website hinzuzuf\u00fcgen. Genie\u00dfen Sie den kostenlosen Kundensupport von Elfsight.\" \/>\n<meta name=\"robots\" content=\"index, follow, max-snippet:-1, max-image-preview:large, max-video-preview:-1\" \/>\n<link rel=\"canonical\" href=\"https:\/\/elfsight.com\/de\/visitor-counter-widget\/elementor\/\" \/>\n<meta property=\"og:locale\" content=\"de_DE\" \/>\n<meta property=\"og:type\" content=\"article\" \/>\n<meta property=\"og:title\" content=\"Besucherz\u00e4hler-Widget zur Elementor-Website (schnell und kostenlos)\" \/>\n<meta property=\"og:description\" content=\"Hier ist die beste Gelegenheit, ein Besucherz\u00e4hler-Widget zu erstellen und es Ihrer Website hinzuzuf\u00fcgen. Genie\u00dfen Sie den kostenlosen Kundensupport von Elfsight.\" \/>\n<meta property=\"og:url\" content=\"https:\/\/elfsight.com\/de\/visitor-counter-widget\/elementor\/\" \/>\n<meta property=\"og:site_name\" content=\"Elfsight DE\" \/>\n<meta property=\"article:modified_time\" content=\"2025-02-25T05:20:13+00:00\" \/>\n<meta name=\"twitter:card\" content=\"summary_large_image\" \/>\n<meta name=\"twitter:label1\" content=\"Gesch\u00e4tzte Lesezeit\" \/>\n\t<meta name=\"twitter:data1\" content=\"3\u00a0Minuten\" \/>\n<!-- \/ Yoast SEO plugin. -->","yoast_head_json":{"title":"Besucherz\u00e4hler-Widget zur Elementor-Website (schnell und kostenlos)","description":"Hier ist die beste Gelegenheit, ein Besucherz\u00e4hler-Widget zu erstellen und es Ihrer Website hinzuzuf\u00fcgen. Genie\u00dfen Sie den kostenlosen Kundensupport von Elfsight.","robots":{"index":"index","follow":"follow","max-snippet":"max-snippet:-1","max-image-preview":"max-image-preview:large","max-video-preview":"max-video-preview:-1"},"canonical":"https:\/\/elfsight.com\/de\/visitor-counter-widget\/elementor\/","og_locale":"de_DE","og_type":"article","og_title":"Besucherz\u00e4hler-Widget zur Elementor-Website (schnell und kostenlos)","og_description":"Hier ist die beste Gelegenheit, ein Besucherz\u00e4hler-Widget zu erstellen und es Ihrer Website hinzuzuf\u00fcgen. Genie\u00dfen Sie den kostenlosen Kundensupport von Elfsight.","og_url":"https:\/\/elfsight.com\/de\/visitor-counter-widget\/elementor\/","og_site_name":"Elfsight DE","article_modified_time":"2025-02-25T05:20:13+00:00","twitter_card":"summary_large_image","twitter_misc":{"Gesch\u00e4tzte Lesezeit":"3\u00a0Minuten"},"schema":{"@context":"https:\/\/schema.org","@graph":[{"@type":"WebPage","@id":"https:\/\/elfsight.com\/de\/visitor-counter-widget\/elementor\/","url":"https:\/\/elfsight.com\/de\/visitor-counter-widget\/elementor\/","name":"Besucherz\u00e4hler-Widget zur Elementor-Website (schnell und kostenlos)","isPartOf":{"@id":"https:\/\/elfsight.com\/de\/#website"},"datePublished":"1970-01-01T00:00:00+00:00","dateModified":"2025-02-25T05:20:13+00:00","description":"Hier ist die beste Gelegenheit, ein Besucherz\u00e4hler-Widget zu erstellen und es Ihrer Website hinzuzuf\u00fcgen. Genie\u00dfen Sie den kostenlosen Kundensupport von Elfsight.","breadcrumb":{"@id":"https:\/\/elfsight.com\/de\/visitor-counter-widget\/elementor\/#breadcrumb"},"inLanguage":"de","potentialAction":[{"@type":"ReadAction","target":["https:\/\/elfsight.com\/de\/visitor-counter-widget\/elementor\/"]}]},{"@type":"BreadcrumbList","@id":"https:\/\/elfsight.com\/de\/visitor-counter-widget\/elementor\/#breadcrumb","itemListElement":[{"@type":"ListItem","position":1,"name":"Home","item":"https:\/\/elfsight.com\/de\/"},{"@type":"ListItem","position":2,"name":"Visitor Counter","item":"https:\/\/elfsight.com\/de\/visitor-counter-widget\/"},{"@type":"ListItem","position":3,"name":"Visitor Counter &#8211; Elementor"}]},{"@type":"WebSite","@id":"https:\/\/elfsight.com\/de\/#website","url":"https:\/\/elfsight.com\/de\/","name":"Elfsight DE","description":"Just another Elfsight Sites site","potentialAction":[{"@type":"SearchAction","target":{"@type":"EntryPoint","urlTemplate":"https:\/\/elfsight.com\/de\/?s={search_term_string}"},"query-input":{"@type":"PropertyValueSpecification","valueRequired":true,"valueName":"search_term_string"}}],"inLanguage":"de"}]}},"meta_box":{"industry":"","seo_heading":"","heading":"","description":"","cta_heading":"","cta_description":"","application":"515","h1":"Elementor-Besucherz\u00e4hler-Widget","h1_caption":"Verfolgen Sie den Traffic Ihrer Website und verbessern Sie Ihre Gesch\u00e4ftsstrategie","application_category":[],"applications_title":"","applications_request_title":"","applications_request_button_text":"","hero_text":"","hero_video":"","hero_video_schema_markup":"","selling_points_title":"","selling_points_caption":"","selling_points":[],"selling_points_cta_text":"","features_title":"","features":"","ed_cta_examples_text":"","ed_cta_examples_hidden":"","ed_cta_demo_text":"","ed_cta_demo_hidden":"","why_caption":"","why_editor_title":"","why_editor_text":"","why_team_title":"","why_team_text":"","why_service_title":"","why_service_text":"","template_catalog_visible":"0","template_catalog_title":"","template_catalog_text":"","template_catalog_categories_visible":"","demo_title":"F\u00fchlen Sie sich frei, einen personalisierten Elementor-Besucherz\u00e4hler zusammenzustellen","demo_caption":"Personalisieren Sie es und implementieren Sie das Tool mithilfe einer aktiven Demo auf Ihrer Website","default_faq_hidden":"","app_template_category":[],"platform":"223","template_public_id":"","codecanyon_url":"","codecanyon_item_id":"","codecanyon_price":"","pricing_caption":"","pricing_elfsight_apps_hide_column":"","pricing_elfsight_apps_url":"","pricing_codecanyon_price_caption":"","integration_category":[],"integration_request_title":"","integration_request_cta":"","integration_platform":"","integrations":[],"platform_category":[],"video_schema_markup":"","price":"ab 0 $ \/ Monat","trial":"","benefits":[{"text":"Kostenlose Installationsunterst\u00fctzung"},{"text":"Premium-Support"},{"text":"14-t\u00e4gige R\u00fcckerstattungsgarantie"},{"text":"St\u00e4ndige Aktualisierung"}],"button_url":"#demo","button_target_blank":"0","button_nofollow":"0","attributes":[{"name":"Installiert","content":"10,000 - 100,000"},{"name":"Reaktionsfreudig","content":"Ja"},{"name":"Kompatible Browser","content":"Firefox, Safari, Opera, Chrome, Edge"}],"tags":[],"tags_disable_links":"0","hide_more_platforms":"0","video_object":"","demo_hide_cta":"0","demo_hide_cloud_options":"0","pricing_title":"","pricing":[{"pricing_icon":"platform","pricing_title":"Elfsight Apps","pricing_title_caption":"Multiplattform-Software","pricing_price":"ab 0 $ \/ Monat","pricing_price_caption":"Beginnen Sie mit einem kostenlosen Plan","pricing_benefits":[{"text":"Unbegrenzte Websites"},{"text":"24\/7 und p\u00fcnktlicher Support"},{"text":"Kostenlose Installationshilfe"},{"text":"Sonderangebot f\u00fcr mehrere Apps"}],"pricing_button_text":"Zur Website hinzuf\u00fcgen","pricing_button_url":"#demo"}],"related_apps_title":"","related_apps_hidden":"0","author":"","image":[],"title":"","job":"","social_networks":[]},"_links":{"self":[{"href":"https:\/\/elfsight.com\/de\/wp-json\/wp\/v2\/pages\/10938","targetHints":{"allow":["GET"]}}],"collection":[{"href":"https:\/\/elfsight.com\/de\/wp-json\/wp\/v2\/pages"}],"about":[{"href":"https:\/\/elfsight.com\/de\/wp-json\/wp\/v2\/types\/page"}],"author":[{"embeddable":true,"href":"https:\/\/elfsight.com\/de\/wp-json\/wp\/v2\/users\/9"}],"replies":[{"embeddable":true,"href":"https:\/\/elfsight.com\/de\/wp-json\/wp\/v2\/comments?post=10938"}],"version-history":[{"count":3,"href":"https:\/\/elfsight.com\/de\/wp-json\/wp\/v2\/pages\/10938\/revisions"}],"predecessor-version":[{"id":24881,"href":"https:\/\/elfsight.com\/de\/wp-json\/wp\/v2\/pages\/10938\/revisions\/24881"}],"up":[{"embeddable":true,"href":"https:\/\/elfsight.com\/de\/wp-json\/wp\/v2\/pages\/2053"}],"wp:attachment":[{"href":"https:\/\/elfsight.com\/de\/wp-json\/wp\/v2\/media?parent=10938"}],"curies":[{"name":"wp","href":"https:\/\/api.w.org\/{rel}","templated":true}]}}