{"id":10932,"date":"1970-01-01T00:00:00","date_gmt":"1970-01-01T00:00:00","guid":{"rendered":"https:\/\/elfsight.com\/de\/?page_id=10932"},"modified":"2025-07-10T13:58:58","modified_gmt":"2025-07-10T13:58:58","slug":"jquery","status":"publish","type":"page","link":"https:\/\/elfsight.com\/de\/visitor-counter-widget\/jquery\/","title":{"rendered":"Visitor Counter  &#8211; jQuery"},"content":{"rendered":"<div class=\"application-platform-content-item-description application-platform-content-item\" id=\"description\" data-nav-section=\"description\"> <h2>Beschreibung<\/h2> <p> Der Besucherz\u00e4hler f\u00fcr jQuery ist ein praktisches Tool, mit dem Sie die Anzahl Ihrer Besucher und die beliebtesten Besucher verfolgen k\u00f6nnen Seiten, die innerhalb des genauen Zeitraums aufgerufen wurden. Wichtige Statistiken k\u00f6nnen jetzt bequem analysiert werden, ohne dass spezielle Spezialisten f\u00fcr Codierung oder Datenanalyse erforderlich sind. Mit dieser Funktion k\u00f6nnen Sie den Zuschauern ganz einfach versichern, dass Sie ein seri\u00f6ses Unternehmen sind, und viel mehr neue Kunden gewinnen. Mit unseren anpassbaren, stilvollen Optionen und praktischen Layouts k\u00f6nnen Sie das Plugin f\u00fcr Ihre Website in nur wenigen Sekunden erstellen. <\/p> <p><b>\u00dcberwachen Sie mit Visitor Counter Ihre Statistiken und starten Sie ein aktives Gesch\u00e4ftswachstum! <\/b><\/p><\/div> <div class=\"application-platform-content-item-features application-platform-content-item\" id=\"features\" data-nav-section=\"features\"> <h2>Dies sind nur einige der vielen Plugin-Funktionen: <\/h2> <ul><li>Einfach zu verwenden, ohne dass professionelle Anforderungen erforderlich sind Kenntnisse in Datenanalyse und Codierung erforderlich<\/li><li>Ein gro\u00dfer Zeitbereich zur \u00dcberwachung Ihrer Statistiken<\/li><li>Praktische Layouts, um alle Informationen auf zug\u00e4ngliche Weise zu bilden<\/li><li>Leicht, Dunkle und anpassbare Farbschemata zum Anpassen des Tools <\/li><li>W\u00e4hlen Sie die Schriftgr\u00f6\u00dfe und -st\u00e4rke <\/li><li>Einfach einzubetten, auch ohne Programmierkenntnisse <\/li><\/ul><p><a href=\"#demo\">Schauen Sie sich einfach diese Demo an, um zu sehen, was das Plugin wert ist<\/a><\/p> <\/div> <div class=\"application-platform-content-item-installation application-platform-content-item\" id=\"installation\" data-nav-section=\"installation\"> <h2>Wie kann ich Besucherz\u00e4hler zu meinem jQuery-Web hinzuf\u00fcgen? Seite? <\/h2> <p>F\u00fchren Sie einfach die folgenden Richtlinien aus, um das Plugin zu aktivieren: <\/p> <ol><li><b>F\u00fchren Sie unseren kostenlosen Editor aus und beginnen Sie mit der Erstellung Ihres individuellen Instruments. <\/b><br> Bestimmen Sie das geeignete Design und die Spezifikationen des Plugins und wenden Sie die \u00c4nderungen an. <\/li> <li><b>Sie erhalten den eindeutigen Code, der im speziellen Formular auf Elfsight Apps angezeigt wird. <\/b><br> Nachdem Sie Ihr pers\u00f6nliches Plugin angepasst haben, kopieren Sie den pers\u00f6nlichen Code in das angezeigte Feld und bewahren Sie ihn f\u00fcr einen sp\u00e4teren Bedarf auf. <\/li> <li><b>Beginnen Sie mit der Nutzung des Widgets auf Ihrer jQuery-Website. <\/b><br> F\u00fcgen Sie den Code, den Sie k\u00fcrzlich kopiert haben, in Ihre Homepage ein und \u00fcbernehmen Sie die \u00c4nderungen. <\/li> <li><b>Fertig! Die Einbettung ist vollst\u00e4ndig durchgef\u00fchrt. <\/b><br> Besuchen Sie Ihre Seite, um zu \u00fcberpr\u00fcfen, wie das Plugin funktioniert. <\/li><\/ol> <p>Sollten bei Ihnen Probleme auftreten, z\u00f6gern Sie nicht, sich an unsere Support-Mitarbeiter zu wenden. Unsere Berater sind bestrebt, alle Schwierigkeiten zu l\u00f6sen, die Sie mit dem Tool haben k\u00f6nnten. <\/p> <div class=\"faq\" data-component=\"FAQ\"><div class=\"faq-item\">\r\n\t\t\t\t\t<div class=\"faq-item-question\">\r\n\t\t\t\t\t\t<h3 class=\"faq-item-question-text\">Wie bette ich Besucherz\u00e4hler ohne Programmierkenntnisse in meine jQuery-Site ein?<\/h3>\r\n\r\n\t\t\t\t\t\t<div class=\"faq-item-question-icon\"><\/div>\r\n\t\t\t\t\t<\/div>\r\n\r\n\t\t\t\t\t<div class=\"faq-item-answer\">\r\n\t\t\t\t\t\t<div class=\"faq-item-answer-text\"> <p>Das Unternehmen Elfsight bietet eine SaaS-L\u00f6sung, mit der Sie selbst ein Besucherz\u00e4hler-Plugin erstellen k\u00f6nnen. Sehen Sie, wie das geht Ganz einfach: Gehen Sie zur Live-Demo, um eine Besucherz\u00e4hler-App zu erstellen, die Sie auf Ihrer jQuery-Homepage integrieren m\u00f6chten. W\u00e4hlen Sie eine unserer vorgefertigten Vorlagen und passen Sie die Besucherz\u00e4hlereinstellungen an, \u00e4ndern Sie das Layout und die Farben und f\u00fcgen Sie Ihre Inhalte hinzu, ohne Programmierkenntnisse. Speichern Sie den Besucherz\u00e4hler und erhalten Sie den Installationscode, der m\u00fchelos und kostenlos in die jQuery-Homepage eingebunden werden kann. Mit dem benutzerfreundlichen Konfigurator kann jeder Webbenutzer einen Besucherz\u00e4hler erstellen und ihn einfach in seine jQuery-Website einf\u00fcgen. Sie m\u00fcssen weder bezahlen noch Ihre Kartendaten einreichen, um an unserem Service teilzunehmen. Wenn Sie auf Probleme jeglicher Art sto\u00dfen, wenden Sie sich bitte an unseren Kundensupport.<\/p> <\/div>\r\n\t\t\t\t\t<\/div>\r\n\t\t\t\t<\/div> <\/div><\/div>","protected":false},"excerpt":{"rendered":"","protected":false},"author":9,"featured_media":0,"parent":2053,"menu_order":0,"comment_status":"closed","ping_status":"closed","template":"templates\/template-application-platform.php","meta":{"publish_to_discourse":"","publish_post_category":"","wpdc_auto_publish_overridden":"","wpdc_topic_tags":"","wpdc_pin_topic":"","wpdc_pin_until":"","discourse_post_id":"","discourse_permalink":"","wpdc_publishing_response":"","wpdc_publishing_error":"","footnotes":""},"class_list":["post-10932","page","type-page","status-publish","hentry"],"yoast_head":"<!-- This site is optimized with the Yoast SEO plugin v25.3.1 - https:\/\/yoast.com\/wordpress\/plugins\/seo\/ -->\n<title>Erstellen Sie ein Besucherz\u00e4hler-Plugin f\u00fcr die jQuery-Website (schnell und kostenlos)<\/title>\n<meta name=\"description\" content=\"Hier ist die beste M\u00f6glichkeit, ein Hit Counter-Plugin zu erstellen und es Ihrer jQuery-Website hinzuzuf\u00fcgen. Genie\u00dfen Sie den kostenlosen Kundenservice von Elfsight.\" \/>\n<meta name=\"robots\" content=\"index, follow, max-snippet:-1, max-image-preview:large, max-video-preview:-1\" \/>\n<link rel=\"canonical\" href=\"https:\/\/elfsight.com\/de\/visitor-counter-widget\/jquery\/\" \/>\n<meta property=\"og:locale\" content=\"de_DE\" \/>\n<meta property=\"og:type\" content=\"article\" \/>\n<meta property=\"og:title\" content=\"Erstellen Sie ein Besucherz\u00e4hler-Plugin f\u00fcr die jQuery-Website (schnell und kostenlos)\" \/>\n<meta property=\"og:description\" content=\"Hier ist die beste M\u00f6glichkeit, ein Hit Counter-Plugin zu erstellen und es Ihrer jQuery-Website hinzuzuf\u00fcgen. Genie\u00dfen Sie den kostenlosen Kundenservice von Elfsight.\" \/>\n<meta property=\"og:url\" content=\"https:\/\/elfsight.com\/de\/visitor-counter-widget\/jquery\/\" \/>\n<meta property=\"og:site_name\" content=\"Elfsight DE\" \/>\n<meta property=\"article:modified_time\" content=\"2025-07-10T13:58:58+00:00\" \/>\n<meta name=\"twitter:card\" content=\"summary_large_image\" \/>\n<meta name=\"twitter:label1\" content=\"Gesch\u00e4tzte Lesezeit\" \/>\n\t<meta name=\"twitter:data1\" content=\"3\u00a0Minuten\" \/>\n<!-- \/ Yoast SEO plugin. -->","yoast_head_json":{"title":"Erstellen Sie ein Besucherz\u00e4hler-Plugin f\u00fcr die jQuery-Website (schnell und kostenlos)","description":"Hier ist die beste M\u00f6glichkeit, ein Hit Counter-Plugin zu erstellen und es Ihrer jQuery-Website hinzuzuf\u00fcgen. Genie\u00dfen Sie den kostenlosen Kundenservice von Elfsight.","robots":{"index":"index","follow":"follow","max-snippet":"max-snippet:-1","max-image-preview":"max-image-preview:large","max-video-preview":"max-video-preview:-1"},"canonical":"https:\/\/elfsight.com\/de\/visitor-counter-widget\/jquery\/","og_locale":"de_DE","og_type":"article","og_title":"Erstellen Sie ein Besucherz\u00e4hler-Plugin f\u00fcr die jQuery-Website (schnell und kostenlos)","og_description":"Hier ist die beste M\u00f6glichkeit, ein Hit Counter-Plugin zu erstellen und es Ihrer jQuery-Website hinzuzuf\u00fcgen. Genie\u00dfen Sie den kostenlosen Kundenservice von Elfsight.","og_url":"https:\/\/elfsight.com\/de\/visitor-counter-widget\/jquery\/","og_site_name":"Elfsight DE","article_modified_time":"2025-07-10T13:58:58+00:00","twitter_card":"summary_large_image","twitter_misc":{"Gesch\u00e4tzte Lesezeit":"3\u00a0Minuten"},"schema":{"@context":"https:\/\/schema.org","@graph":[{"@type":"WebPage","@id":"https:\/\/elfsight.com\/de\/visitor-counter-widget\/jquery\/","url":"https:\/\/elfsight.com\/de\/visitor-counter-widget\/jquery\/","name":"Erstellen Sie ein Besucherz\u00e4hler-Plugin f\u00fcr die jQuery-Website (schnell und kostenlos)","isPartOf":{"@id":"https:\/\/elfsight.com\/de\/#website"},"datePublished":"1970-01-01T00:00:00+00:00","dateModified":"2025-07-10T13:58:58+00:00","description":"Hier ist die beste M\u00f6glichkeit, ein Hit Counter-Plugin zu erstellen und es Ihrer jQuery-Website hinzuzuf\u00fcgen. Genie\u00dfen Sie den kostenlosen Kundenservice von Elfsight.","breadcrumb":{"@id":"https:\/\/elfsight.com\/de\/visitor-counter-widget\/jquery\/#breadcrumb"},"inLanguage":"de","potentialAction":[{"@type":"ReadAction","target":["https:\/\/elfsight.com\/de\/visitor-counter-widget\/jquery\/"]}]},{"@type":"BreadcrumbList","@id":"https:\/\/elfsight.com\/de\/visitor-counter-widget\/jquery\/#breadcrumb","itemListElement":[{"@type":"ListItem","position":1,"name":"Home","item":"https:\/\/elfsight.com\/de\/"},{"@type":"ListItem","position":2,"name":"Visitor Counter","item":"https:\/\/elfsight.com\/de\/visitor-counter-widget\/"},{"@type":"ListItem","position":3,"name":"Visitor Counter &#8211; jQuery"}]},{"@type":"WebSite","@id":"https:\/\/elfsight.com\/de\/#website","url":"https:\/\/elfsight.com\/de\/","name":"Elfsight DE","description":"Just another Elfsight Sites site","potentialAction":[{"@type":"SearchAction","target":{"@type":"EntryPoint","urlTemplate":"https:\/\/elfsight.com\/de\/?s={search_term_string}"},"query-input":{"@type":"PropertyValueSpecification","valueRequired":true,"valueName":"search_term_string"}}],"inLanguage":"de"}]}},"meta_box":{"industry":"","seo_heading":"","heading":"","description":"","cta_heading":"","cta_description":"","application":"515","h1":"jQuery-Besucherz\u00e4hler-Plugin","h1_caption":"Integrieren Sie beliebte Dienste nahtlos in Ihre Website.","application_category":[],"applications_title":"","applications_request_title":"","applications_request_button_text":"","hero_text":"","hero_video":"","hero_video_schema_markup":"","selling_points_title":"","selling_points_caption":"","selling_points":[],"selling_points_cta_text":"","features_title":"","features":"","ed_cta_examples_text":"","ed_cta_examples_hidden":"","ed_cta_demo_text":"","ed_cta_demo_hidden":"","why_caption":"","why_editor_title":"","why_editor_text":"","why_team_title":"","why_team_text":"","why_service_title":"","why_service_text":"","template_catalog_visible":"","template_catalog_title":"","template_catalog_text":"","template_catalog_categories_visible":"","demo_title":"Erstellen Sie ein ma\u00dfgeschneidertes Besucherz\u00e4hler-Plugin","demo_caption":"Passen Sie das Tool per Live-Demo an und integrieren Sie es auf Ihrer Homepage","default_faq_hidden":"","app_template_category":[],"platform":"258","template_public_id":"","codecanyon_url":"","codecanyon_item_id":"","codecanyon_price":"","pricing_caption":"","pricing_elfsight_apps_hide_column":"","pricing_elfsight_apps_url":"","pricing_codecanyon_price_caption":"","integration_category":[],"integration_request_title":"","integration_request_cta":"","integration_platform":"","integrations":[],"platform_category":[],"video_schema_markup":"","price":"ab 0 $ \/ Monat","trial":"","benefits":[{"text":"Kostenloser Installationsservice"},{"text":"Effektiver Kundenservice"},{"text":"14-t\u00e4gige Geld-zur\u00fcck-Garantie"},{"text":"Kontinuierliche kostenlose Verbesserungen"}],"button_url":"#demo","button_target_blank":"","button_nofollow":"","attributes":[{"name":"Installiert","content":"10,000 - 100,000"},{"name":"Reaktionsfreudig","content":"Ja"},{"name":"Kompatible Browser","content":"Firefox, Safari, Opera, Chrome, Edge"}],"tags":[],"tags_disable_links":"","hide_more_platforms":"","video_object":"","demo_hide_cta":"","demo_hide_cloud_options":"","pricing_title":"","pricing":[{"pricing_icon":"platform","pricing_title":"Elfsight Apps","pricing_title_caption":"Plattformunabh\u00e4ngige digitale L\u00f6sung, die f\u00fcr jede Website geeignet ist","pricing_price":"ab 0 $ \/ Monat","pricing_price_caption":"Beginnen Sie mit einem kostenlosen Plan","pricing_benefits":[{"text":"Unbegrenzte Websites"},{"text":"Schneller und p\u00fcnktlicher Support und gut dokumentiert"},{"text":"Kostenlose Installationshilfe"},{"text":"100 % anpassbar"}],"pricing_button_text":"Zur Website hinzuf\u00fcgen","pricing_button_url":"#demo"}],"related_apps_title":"","related_apps_hidden":"","author":"","image":[],"title":"","job":"","social_networks":[]},"_links":{"self":[{"href":"https:\/\/elfsight.com\/de\/wp-json\/wp\/v2\/pages\/10932","targetHints":{"allow":["GET"]}}],"collection":[{"href":"https:\/\/elfsight.com\/de\/wp-json\/wp\/v2\/pages"}],"about":[{"href":"https:\/\/elfsight.com\/de\/wp-json\/wp\/v2\/types\/page"}],"author":[{"embeddable":true,"href":"https:\/\/elfsight.com\/de\/wp-json\/wp\/v2\/users\/9"}],"replies":[{"embeddable":true,"href":"https:\/\/elfsight.com\/de\/wp-json\/wp\/v2\/comments?post=10932"}],"version-history":[{"count":1,"href":"https:\/\/elfsight.com\/de\/wp-json\/wp\/v2\/pages\/10932\/revisions"}],"predecessor-version":[{"id":10936,"href":"https:\/\/elfsight.com\/de\/wp-json\/wp\/v2\/pages\/10932\/revisions\/10936"}],"up":[{"embeddable":true,"href":"https:\/\/elfsight.com\/de\/wp-json\/wp\/v2\/pages\/2053"}],"wp:attachment":[{"href":"https:\/\/elfsight.com\/de\/wp-json\/wp\/v2\/media?parent=10932"}],"curies":[{"name":"wp","href":"https:\/\/api.w.org\/{rel}","templated":true}]}}