{"id":10930,"date":"1970-01-01T00:00:00","date_gmt":"1970-01-01T00:00:00","guid":{"rendered":"https:\/\/elfsight.com\/de\/?page_id=10930"},"modified":"2025-07-10T13:58:52","modified_gmt":"2025-07-10T13:58:52","slug":"iframe","status":"publish","type":"page","link":"https:\/\/elfsight.com\/de\/visitor-counter-widget\/iframe\/","title":{"rendered":"Visitor Counter  &#8211; iFrame"},"content":{"rendered":"<div class=\"application-platform-content-item-description application-platform-content-item\" id=\"description\" data-nav-section=\"description\"> <h2>Besucherz\u00e4hler in iFrame mit dem Elfsight-Widget einbetten<\/h2> <p>Besucherz\u00e4hler f\u00fcr iFrame ist ein einfaches Widget, mit dem Sie analysieren k\u00f6nnen Ihre Besucherzahl und die beliebtesten Inhalte, die innerhalb bestimmter Zeitintervalle angesehen wurden. Wichtige Statistiken lassen sich jetzt einfach analysieren, ohne dass zus\u00e4tzliche Spezialisten f\u00fcr Datenanalysen erforderlich sind. Dar\u00fcber hinaus k\u00f6nnen Sie ganz einfach sicherstellen, dass die Benutzer ein seri\u00f6ses Unternehmen sind, und das Umsatzniveau steigern. Mit unseren auf den Benutzer zugeschnittenen, stilvollen Optionen und praktischen Layouts k\u00f6nnen Sie das Widget mit nur einem Klick auf Ihrer Seite erstellen. <\/p> <p><b>Betten Sie den Besucherz\u00e4hler ein, um Ihre Gesch\u00e4ftsstrategie einfacher zu verbessern! <\/b><\/p><\/div> <div class=\"application-platform-content-item-features application-platform-content-item\" id=\"features\" data-nav-section=\"features\"> <h2>Dies sind nur einige der leistungsstarken Widget-Funktionen: <\/h2> <ul><li>Einfach zu verwenden, ohne besondere Anforderungen Kenntnisse in Datenanalyse und Codierung erforderlich<\/li><li>Eine gro\u00dfe Auswahl an Zeitintervallen zum Z\u00e4hlen Ihrer Statistiken<\/li><li>N\u00fctzliche Layouts, um alle Punkte bequem zu organisieren<\/li><li>Leicht , Dunkle und anpassbare Farbschemata, um das Tool stilvoll zu gestalten <\/li><li> Legen Sie die Schriftgr\u00f6\u00dfe und -st\u00e4rke fest <\/li><li> Einfach einzubetten, auch ohne Programmierkenntnisse <\/li><\/ul><p><a href=\"#demo\">Probieren Sie einfach diese Demo aus, um die Funktionalit\u00e4t des Widgets zu verstehen<\/a><\/p> <\/div> <div class=\"application-platform-content-item-installation application-platform-content-item\" id=\"installation\" data-nav-section=\"installation\"> <h2>Wie man Besucherz\u00e4hler in mein einbettet iFrame-Website? <\/h2> <p>F\u00fchren Sie einfach die folgenden Richtlinien aus, um das Tool zu integrieren. <\/p> <ol><li><b>F\u00fchren Sie unseren kostenlosen Konfigurator aus und beginnen Sie mit der Erstellung Ihres ma\u00dfgeschneiderten Widgets. <\/b><br> W\u00e4hlen Sie das ausgew\u00e4hlte Aussehen und die ausgew\u00e4hlten Aspekte des Tools und speichern Sie die \u00c4nderungen. <\/li> <li><b>Kopieren Sie Ihren pers\u00f6nlichen Code, der im speziellen Formular auf Elfsight Apps erscheint. <\/b><br> Nachdem die Einrichtung Ihres pers\u00f6nlichen Widgets abgeschlossen ist, kopieren Sie den individuellen Code aus dem angezeigten Feld und speichern Sie ihn zur weiteren Verwendung. <\/li> <li><b>Beginnen Sie mit der Nutzung des Widgets auf Ihrer iFrame-Startseite. <\/b><br> F\u00fcgen Sie den zuvor kopierten Code auf Ihrer Seite hinzu und \u00fcbernehmen Sie die \u00c4nderungen. <\/li> <li><b>Die Installation ist vollst\u00e4ndig abgeschlossen. <\/b><br> Besuchen Sie Ihre Website, um die Leistung des Widgets anzuzeigen. <\/li><\/ol> <p>Z\u00f6gern Sie nicht, die Hilfe unseres Kundenservice-Personals in Anspruch zu nehmen, wenn Sie mit Anfragen konfrontiert werden oder auf Komplikationen sto\u00dfen. Unsere Spezialisten sind bestrebt, alle Probleme zu l\u00f6sen, die Sie m\u00f6glicherweise mit dem Widget haben. <\/p> <div class=\"faq\" data-component=\"FAQ\"><div class=\"faq-item\">\r\n\t\t\t\t\t<div class=\"faq-item-question\">\r\n\t\t\t\t\t\t<h3 class=\"faq-item-question-text\">Gibt es eine Option, Besucherz\u00e4hler ohne Programmiererfahrung in meine iFrame-Website einzubetten?<\/h3>\r\n\r\n\t\t\t\t\t\t<div class=\"faq-item-question-icon\"><\/div>\r\n\t\t\t\t\t<\/div>\r\n\r\n\t\t\t\t\t<div class=\"faq-item-answer\">\r\n\t\t\t\t\t\t<div class=\"faq-item-answer-text\"> <p>Elfsight stellt eine L\u00f6sung vor, mit der Websitebesitzer selbst ein Besucherz\u00e4hler-Widget einrichten k\u00f6nnen. \u00dcberpr\u00fcfen Sie dies Die unkomplizierte Anleitung: Gehen Sie zur Online-Demo, um einen Besucherz\u00e4hlerbereich zu erstellen, den Sie auf iFrame integrieren m\u00f6chten. W\u00e4hlen Sie eine der vorgefertigten Vorlagen aus und \u00e4ndern Sie die Besucherz\u00e4hlereinstellungen, aktualisieren Sie Ihre Inhalte, \u00e4ndern Sie das Layout und das Farbschema ohne Programmierkenntnisse. Speichern Sie die Einstellungen, die Sie im Besucherz\u00e4hler vorgenommen haben, und kopieren Sie den Installationscode, damit Sie ihn problemlos auf der iFrame-Website hinzuf\u00fcgen k\u00f6nnen, ohne ein kostenpflichtiges Abonnement erwerben zu m\u00fcssen. Mit dem unkomplizierten Editor kann jeder Internetnutzer einen Besucherz\u00e4hlerbereich erstellen und diesen einfach in die iFrame-Webseite einbetten. Sie d\u00fcrfen nicht bezahlen oder Ihre Kartendaten offenlegen, um auf unseren Service zuzugreifen. Wenn Sie auf Probleme jeglicher Art sto\u00dfen, z\u00f6gern Sie nicht, sich an unsere Support-Mitarbeiter zu wenden.<\/p> <\/div>\r\n\t\t\t\t\t<\/div>\r\n\t\t\t\t<\/div> <\/div><\/div>","protected":false},"excerpt":{"rendered":"","protected":false},"author":9,"featured_media":0,"parent":2053,"menu_order":0,"comment_status":"closed","ping_status":"closed","template":"templates\/template-application-platform.php","meta":{"publish_to_discourse":"","publish_post_category":"","wpdc_auto_publish_overridden":"","wpdc_topic_tags":"","wpdc_pin_topic":"","wpdc_pin_until":"","discourse_post_id":"","discourse_permalink":"","wpdc_publishing_response":"","wpdc_publishing_error":"","footnotes":""},"class_list":["post-10930","page","type-page","status-publish","hentry"],"yoast_head":"<!-- This site is optimized with the Yoast SEO plugin v25.3.1 - https:\/\/yoast.com\/wordpress\/plugins\/seo\/ -->\n<title>iFrame Besucherz\u00e4hler-Widget f\u00fcr Ihre Website (kostenlos und schnell)<\/title>\n<meta name=\"description\" content=\"Zeigen Sie das Premium View Counter-Plugin auf Ihrer iFrame-Website an. Kostenloses iFrame Hit Counter-Plugin von Elfsight [2024]!\" \/>\n<meta name=\"robots\" content=\"index, follow, max-snippet:-1, max-image-preview:large, max-video-preview:-1\" \/>\n<link rel=\"canonical\" href=\"https:\/\/elfsight.com\/de\/visitor-counter-widget\/iframe\/\" \/>\n<meta property=\"og:locale\" content=\"de_DE\" \/>\n<meta property=\"og:type\" content=\"article\" \/>\n<meta property=\"og:title\" content=\"iFrame Besucherz\u00e4hler-Widget f\u00fcr Ihre Website (kostenlos und schnell)\" \/>\n<meta property=\"og:description\" content=\"Zeigen Sie das Premium View Counter-Plugin auf Ihrer iFrame-Website an. Kostenloses iFrame Hit Counter-Plugin von Elfsight [2024]!\" \/>\n<meta property=\"og:url\" content=\"https:\/\/elfsight.com\/de\/visitor-counter-widget\/iframe\/\" \/>\n<meta property=\"og:site_name\" content=\"Elfsight DE\" \/>\n<meta property=\"article:modified_time\" content=\"2025-07-10T13:58:52+00:00\" \/>\n<meta name=\"twitter:card\" content=\"summary_large_image\" \/>\n<meta name=\"twitter:label1\" content=\"Gesch\u00e4tzte Lesezeit\" \/>\n\t<meta name=\"twitter:data1\" content=\"3\u00a0Minuten\" \/>\n<!-- \/ Yoast SEO plugin. -->","yoast_head_json":{"title":"iFrame Besucherz\u00e4hler-Widget f\u00fcr Ihre Website (kostenlos und schnell)","description":"Zeigen Sie das Premium View Counter-Plugin auf Ihrer iFrame-Website an. Kostenloses iFrame Hit Counter-Plugin von Elfsight [2024]!","robots":{"index":"index","follow":"follow","max-snippet":"max-snippet:-1","max-image-preview":"max-image-preview:large","max-video-preview":"max-video-preview:-1"},"canonical":"https:\/\/elfsight.com\/de\/visitor-counter-widget\/iframe\/","og_locale":"de_DE","og_type":"article","og_title":"iFrame Besucherz\u00e4hler-Widget f\u00fcr Ihre Website (kostenlos und schnell)","og_description":"Zeigen Sie das Premium View Counter-Plugin auf Ihrer iFrame-Website an. Kostenloses iFrame Hit Counter-Plugin von Elfsight [2024]!","og_url":"https:\/\/elfsight.com\/de\/visitor-counter-widget\/iframe\/","og_site_name":"Elfsight DE","article_modified_time":"2025-07-10T13:58:52+00:00","twitter_card":"summary_large_image","twitter_misc":{"Gesch\u00e4tzte Lesezeit":"3\u00a0Minuten"},"schema":{"@context":"https:\/\/schema.org","@graph":[{"@type":"WebPage","@id":"https:\/\/elfsight.com\/de\/visitor-counter-widget\/iframe\/","url":"https:\/\/elfsight.com\/de\/visitor-counter-widget\/iframe\/","name":"iFrame Besucherz\u00e4hler-Widget f\u00fcr Ihre Website (kostenlos und schnell)","isPartOf":{"@id":"https:\/\/elfsight.com\/de\/#website"},"datePublished":"1970-01-01T00:00:00+00:00","dateModified":"2025-07-10T13:58:52+00:00","description":"Zeigen Sie das Premium View Counter-Plugin auf Ihrer iFrame-Website an. Kostenloses iFrame Hit Counter-Plugin von Elfsight [2024]!","breadcrumb":{"@id":"https:\/\/elfsight.com\/de\/visitor-counter-widget\/iframe\/#breadcrumb"},"inLanguage":"de","potentialAction":[{"@type":"ReadAction","target":["https:\/\/elfsight.com\/de\/visitor-counter-widget\/iframe\/"]}]},{"@type":"BreadcrumbList","@id":"https:\/\/elfsight.com\/de\/visitor-counter-widget\/iframe\/#breadcrumb","itemListElement":[{"@type":"ListItem","position":1,"name":"Home","item":"https:\/\/elfsight.com\/de\/"},{"@type":"ListItem","position":2,"name":"Visitor Counter","item":"https:\/\/elfsight.com\/de\/visitor-counter-widget\/"},{"@type":"ListItem","position":3,"name":"Visitor Counter &#8211; iFrame"}]},{"@type":"WebSite","@id":"https:\/\/elfsight.com\/de\/#website","url":"https:\/\/elfsight.com\/de\/","name":"Elfsight DE","description":"Just another Elfsight Sites site","potentialAction":[{"@type":"SearchAction","target":{"@type":"EntryPoint","urlTemplate":"https:\/\/elfsight.com\/de\/?s={search_term_string}"},"query-input":{"@type":"PropertyValueSpecification","valueRequired":true,"valueName":"search_term_string"}}],"inLanguage":"de"}]}},"meta_box":{"industry":"","seo_heading":"","heading":"","description":"","cta_heading":"","cta_description":"","application":"515","h1":"iFrame-Besucherz\u00e4hler-Widget","h1_caption":"\u00dcberwachen Sie die Website-Analysen und verbessern Sie Ihre Gesch\u00e4ftstaktiken","application_category":[],"applications_title":"","applications_request_title":"","applications_request_button_text":"","hero_text":"","hero_video":"","hero_video_schema_markup":"","selling_points_title":"","selling_points_caption":"","selling_points":[],"selling_points_cta_text":"","features_title":"","features":"","ed_cta_examples_text":"","ed_cta_examples_hidden":"","ed_cta_demo_text":"","ed_cta_demo_hidden":"","why_caption":"","why_editor_title":"","why_editor_text":"","why_team_title":"","why_team_text":"","why_service_title":"","why_service_text":"","template_catalog_visible":"","template_catalog_title":"","template_catalog_text":"","template_catalog_categories_visible":"","demo_title":"","demo_caption":"","default_faq_hidden":"","app_template_category":[],"platform":"240","template_public_id":"","codecanyon_url":"","codecanyon_item_id":"","codecanyon_price":"","pricing_caption":"","pricing_elfsight_apps_hide_column":"","pricing_elfsight_apps_url":"","pricing_codecanyon_price_caption":"","integration_category":[],"integration_request_title":"","integration_request_cta":"","integration_platform":"","integrations":[],"platform_category":[],"video_schema_markup":"","price":"ab 0 $ \/ Monat","trial":"","benefits":[{"text":"Kostenlose Installationshilfe"},{"text":"Professioneller Kundensupport"},{"text":"14-t\u00e4gige Geld-zur\u00fcck-Garantie"},{"text":"Laufende Updates"}],"button_url":"#demo","button_target_blank":"","button_nofollow":"","attributes":[{"name":"Installiert","content":"10,000 - 100,000"},{"name":"Reaktionsfreudig","content":"Ja"},{"name":"Kompatible Browser","content":"Chrome, Safari, Firefox, Opera, Edge"}],"tags":[],"tags_disable_links":"","hide_more_platforms":"","video_object":"","demo_hide_cta":"","demo_hide_cloud_options":"","pricing_title":"","pricing":[{"pricing_icon":"platform","pricing_title":"Elfsight Apps","pricing_title_caption":"Plattform\u00fcbergreifende Software, die zu jeder Website passt","pricing_price":"ab 0 $ \/ Monat","pricing_price_caption":"Beginnen Sie mit einem kostenlosen Plan","pricing_benefits":[{"text":"Unbegrenzte Domains"},{"text":"Professionelle und p\u00fcnktliche Unterst\u00fctzung"},{"text":"Kostenlose Installationsunterst\u00fctzung"},{"text":"Vollst\u00e4ndig anpassbar"}],"pricing_button_text":"Zur Website hinzuf\u00fcgen","pricing_button_url":"#demo"}],"related_apps_title":"","related_apps_hidden":"","author":"","image":[],"title":"","job":"","social_networks":[]},"_links":{"self":[{"href":"https:\/\/elfsight.com\/de\/wp-json\/wp\/v2\/pages\/10930","targetHints":{"allow":["GET"]}}],"collection":[{"href":"https:\/\/elfsight.com\/de\/wp-json\/wp\/v2\/pages"}],"about":[{"href":"https:\/\/elfsight.com\/de\/wp-json\/wp\/v2\/types\/page"}],"author":[{"embeddable":true,"href":"https:\/\/elfsight.com\/de\/wp-json\/wp\/v2\/users\/9"}],"replies":[{"embeddable":true,"href":"https:\/\/elfsight.com\/de\/wp-json\/wp\/v2\/comments?post=10930"}],"version-history":[{"count":1,"href":"https:\/\/elfsight.com\/de\/wp-json\/wp\/v2\/pages\/10930\/revisions"}],"predecessor-version":[{"id":10934,"href":"https:\/\/elfsight.com\/de\/wp-json\/wp\/v2\/pages\/10930\/revisions\/10934"}],"up":[{"embeddable":true,"href":"https:\/\/elfsight.com\/de\/wp-json\/wp\/v2\/pages\/2053"}],"wp:attachment":[{"href":"https:\/\/elfsight.com\/de\/wp-json\/wp\/v2\/media?parent=10930"}],"curies":[{"name":"wp","href":"https:\/\/api.w.org\/{rel}","templated":true}]}}