{"id":10923,"date":"1970-01-01T00:00:00","date_gmt":"1970-01-01T00:00:00","guid":{"rendered":"https:\/\/elfsight.com\/de\/?page_id=10923"},"modified":"2025-07-10T13:59:14","modified_gmt":"2025-07-10T13:59:14","slug":"opencart","status":"publish","type":"page","link":"https:\/\/elfsight.com\/de\/visitor-counter-widget\/opencart\/","title":{"rendered":"Visitor Counter  &#8211; OpenCart"},"content":{"rendered":"<div class=\"application-platform-content-item-description application-platform-content-item\" id=\"description\" data-nav-section=\"description\"> <h2>Beschreibung<\/h2> <p> Visitor Counter f\u00fcr OpenCart ist eine unkomplizierte Erweiterung, mit der Sie Ihre Besucherzahl und die beliebtesten Seiten kontrollieren k\u00f6nnen innerhalb eines bestimmten Zeitraums angesehen werden. Grundlegende Statistiken lassen sich jetzt einfach \u00fcberwachen, ohne dass zus\u00e4tzliche Kenntnisse in Codierung oder Datenanalyse erforderlich sind. Dar\u00fcber hinaus k\u00f6nnen Sie den Besuchern ganz einfach versichern, dass Sie ein seri\u00f6ses Unternehmen sind und viel mehr neue Kunden oder Abonnenten gewinnen. Mit unseren ma\u00dfgeschneiderten, stilvollen M\u00f6glichkeiten und praktischen Layouts k\u00f6nnen Sie die Erweiterung mit nur einem Klick in Ihre Website einbetten. <\/p> <p><b>Machen Sie Ihren E-Commerce-Plan erfolgreicher mit Visitor Counter!<\/b><\/p><\/div> <div class=\"application-platform-content-item-features application-platform-content-item\" id=\"features\" data-nav-section=\"features\"> <h2>Im Folgenden sind die zentralen Funktionen von aufgef\u00fchrt Das Widget: <\/h2> <ul><li>Einfach zu verwenden, ohne dass professionelle Kenntnisse in Analyse und Codierung erforderlich sind<\/li><li>Eine gro\u00dfe Auswahl an Zeitr\u00e4umen zum Verfolgen Ihrer Statistiken<\/li><li> Praktische Layouts, um alle Z\u00e4hler auf praktischste Weise zu organisieren. <\/li><li>Helle, dunkle und anpassbare Farbschemata, um das Tool stilvoll zu gestalten. <\/li><li>Konfigurieren Sie die Schriftgr\u00f6\u00dfe und -st\u00e4rke.<\/li><li>Einfache Integration auch f\u00fcr technisch nicht versierte Benutzer <\/li><\/ul><p><a href=\"#demo\">Probieren Sie einfach diese Demo aus, um die Funktionalit\u00e4t der Erweiterung zu verstehen.<\/a><\/p> <\/div> <div class=\"application-platform-content-item-installation application-platform-content-item\" id=\"installation\" data-nav-section=\"installation\"> <h2>Wie bette ich das Besucherz\u00e4hlermodul in meine OpenCart-Site ein? <\/h2> <p>Befolgen Sie einfach die folgenden Anweisungen, um mit der Verwendung der Erweiterung zu beginnen: <\/p> <ol><li><b>Nutzen Sie unseren kostenlosen Editor und beginnen Sie mit der Gestaltung Ihrer einzigartigen Erweiterung. <\/b><br> Finden Sie die ausgew\u00e4hlte Form und Funktionalit\u00e4t der Erweiterung und speichern Sie alle \u00c4nderungen. <\/li> <li><b>Erhalten Sie Ihren einzigartigen Code, der im speziellen Formular auf Elfsight Apps angezeigt wird. <\/b><br> Kopieren Sie unmittelbar nach Abschluss der Generierung Ihrer pers\u00f6nlichen Erweiterung den pers\u00f6nlichen Code aus dem angezeigten Popup und speichern Sie ihn zur sp\u00e4teren Verwendung. <\/li> <li><b>Geben Sie die Verwendung der Erweiterung auf Ihrer OpenCart-Site ein. <\/b><br> Implementieren Sie den Code, den Sie k\u00fcrzlich auf Ihrer Seite gespeichert haben, und wenden Sie die Verbesserungen an. <\/li> <li><b>Fertig! Die Einbettung wurde erfolgreich durchgef\u00fchrt. <\/b><br> Besuchen Sie Ihre Webseite, um die Funktionsweise der Erweiterung zu \u00fcberpr\u00fcfen. <\/li><\/ol><p>Wenn Sie Fragen haben oder auf Hindernisse sto\u00dfen, wenden Sie sich bitte an unser Kundendienstteam. Unsere Mitarbeiter helfen Ihnen gerne bei allen Schwierigkeiten, die Sie mit dem Widget haben k\u00f6nnten. <\/p> <div class=\"faq\" data-component=\"FAQ\"><div class=\"faq-item\">\r\n\t\t\t\t\t<div class=\"faq-item-question\">\r\n\t\t\t\t\t\t<h3 class=\"faq-item-question-text\">Wie binde ich einen Besucherz\u00e4hler in meinen OpenCart ein, ohne \u00fcber Programmiererfahrung zu verf\u00fcgen?<\/h3>\r\n\r\n\t\t\t\t\t\t<div class=\"faq-item-question-icon\"><\/div>\r\n\t\t\t\t\t<\/div>\r\n\r\n\t\t\t\t\t<div class=\"faq-item-answer\">\r\n\t\t\t\t\t\t<div class=\"faq-item-answer-text\"> <p>Das Unternehmen Elfsight bietet eine L\u00f6sung, die es einem breiten Publikum erm\u00f6glicht, selbst einen Besucherz\u00e4hlerbereich zu erstellen. Erfahren Sie mehr So einfach ist es: Erstellen Sie direkt in der Online-Demo ein Besucherz\u00e4hler-Plugin, das Sie auf der OpenCart-Webseite hinzuf\u00fcgen m\u00f6chten. W\u00e4hlen Sie eine der vorgefertigten Vorlagen aus und \u00e4ndern Sie die Besucherz\u00e4hlereinstellungen, f\u00fcgen Sie Ihre Inhalte hinzu, \u00e4ndern Sie das Layout und die Farben ohne Programmierkenntnisse. Klicken Sie hier, um den Besucherz\u00e4hler zu speichern und den Code f\u00fcr die Installation zu erhalten, den Sie problemlos in jede OpenCart-Homepage einbetten k\u00f6nnen, ohne eine kostenpflichtige Version kaufen zu m\u00fcssen. Mit dem benutzerfreundlichen Konfigurator kann jeder Internetnutzer ein Besucherz\u00e4hler-Plugin erstellen und es m\u00fchelos in die OpenCart-Site einf\u00fcgen. Es ist nicht erforderlich, zu bezahlen oder Ihre Kartendaten einzureichen, um auf unseren Editor zuzugreifen. Wenn Sie auf Hindernisse jeglicher Art sto\u00dfen, z\u00f6gern Sie bitte nicht, mit unserem Support-Team zu sprechen.<\/p> <\/div>\r\n\t\t\t\t\t<\/div>\r\n\t\t\t\t<\/div> <\/div><\/div>","protected":false},"excerpt":{"rendered":"","protected":false},"author":9,"featured_media":0,"parent":2053,"menu_order":0,"comment_status":"closed","ping_status":"closed","template":"templates\/template-application-platform.php","meta":{"publish_to_discourse":"","publish_post_category":"","wpdc_auto_publish_overridden":"","wpdc_topic_tags":"","wpdc_pin_topic":"","wpdc_pin_until":"","discourse_post_id":"","discourse_permalink":"","wpdc_publishing_response":"","wpdc_publishing_error":"","footnotes":""},"class_list":["post-10923","page","type-page","status-publish","hentry"],"yoast_head":"<!-- This site is optimized with the Yoast SEO plugin v25.3.1 - https:\/\/yoast.com\/wordpress\/plugins\/seo\/ -->\n<title>Open Cart-Erweiterung zur OpenCart-Website hinzuf\u00fcgen (schnell und kostenlos)<\/title>\n<meta name=\"description\" content=\"Hier ist die gro\u00dfartige Gelegenheit, die Erweiterung \u201eBest Visitor Counter\u201c zu erstellen und in Ihre Website einzubetten. Genie\u00dfen Sie den kostenlosen Kundensupport von Elfsight.\" \/>\n<meta name=\"robots\" content=\"index, follow, max-snippet:-1, max-image-preview:large, max-video-preview:-1\" \/>\n<link rel=\"canonical\" href=\"https:\/\/elfsight.com\/de\/visitor-counter-widget\/opencart\/\" \/>\n<meta property=\"og:locale\" content=\"de_DE\" \/>\n<meta property=\"og:type\" content=\"article\" \/>\n<meta property=\"og:title\" content=\"Open Cart-Erweiterung zur OpenCart-Website hinzuf\u00fcgen (schnell und kostenlos)\" \/>\n<meta property=\"og:description\" content=\"Hier ist die gro\u00dfartige Gelegenheit, die Erweiterung \u201eBest Visitor Counter\u201c zu erstellen und in Ihre Website einzubetten. Genie\u00dfen Sie den kostenlosen Kundensupport von Elfsight.\" \/>\n<meta property=\"og:url\" content=\"https:\/\/elfsight.com\/de\/visitor-counter-widget\/opencart\/\" \/>\n<meta property=\"og:site_name\" content=\"Elfsight DE\" \/>\n<meta property=\"article:modified_time\" content=\"2025-07-10T13:59:14+00:00\" \/>\n<meta name=\"twitter:card\" content=\"summary_large_image\" \/>\n<meta name=\"twitter:label1\" content=\"Gesch\u00e4tzte Lesezeit\" \/>\n\t<meta name=\"twitter:data1\" content=\"3\u00a0Minuten\" \/>\n<!-- \/ Yoast SEO plugin. -->","yoast_head_json":{"title":"Open Cart-Erweiterung zur OpenCart-Website hinzuf\u00fcgen (schnell und kostenlos)","description":"Hier ist die gro\u00dfartige Gelegenheit, die Erweiterung \u201eBest Visitor Counter\u201c zu erstellen und in Ihre Website einzubetten. Genie\u00dfen Sie den kostenlosen Kundensupport von Elfsight.","robots":{"index":"index","follow":"follow","max-snippet":"max-snippet:-1","max-image-preview":"max-image-preview:large","max-video-preview":"max-video-preview:-1"},"canonical":"https:\/\/elfsight.com\/de\/visitor-counter-widget\/opencart\/","og_locale":"de_DE","og_type":"article","og_title":"Open Cart-Erweiterung zur OpenCart-Website hinzuf\u00fcgen (schnell und kostenlos)","og_description":"Hier ist die gro\u00dfartige Gelegenheit, die Erweiterung \u201eBest Visitor Counter\u201c zu erstellen und in Ihre Website einzubetten. Genie\u00dfen Sie den kostenlosen Kundensupport von Elfsight.","og_url":"https:\/\/elfsight.com\/de\/visitor-counter-widget\/opencart\/","og_site_name":"Elfsight DE","article_modified_time":"2025-07-10T13:59:14+00:00","twitter_card":"summary_large_image","twitter_misc":{"Gesch\u00e4tzte Lesezeit":"3\u00a0Minuten"},"schema":{"@context":"https:\/\/schema.org","@graph":[{"@type":"WebPage","@id":"https:\/\/elfsight.com\/de\/visitor-counter-widget\/opencart\/","url":"https:\/\/elfsight.com\/de\/visitor-counter-widget\/opencart\/","name":"Open Cart-Erweiterung zur OpenCart-Website hinzuf\u00fcgen (schnell und kostenlos)","isPartOf":{"@id":"https:\/\/elfsight.com\/de\/#website"},"datePublished":"1970-01-01T00:00:00+00:00","dateModified":"2025-07-10T13:59:14+00:00","description":"Hier ist die gro\u00dfartige Gelegenheit, die Erweiterung \u201eBest Visitor Counter\u201c zu erstellen und in Ihre Website einzubetten. Genie\u00dfen Sie den kostenlosen Kundensupport von Elfsight.","breadcrumb":{"@id":"https:\/\/elfsight.com\/de\/visitor-counter-widget\/opencart\/#breadcrumb"},"inLanguage":"de","potentialAction":[{"@type":"ReadAction","target":["https:\/\/elfsight.com\/de\/visitor-counter-widget\/opencart\/"]}]},{"@type":"BreadcrumbList","@id":"https:\/\/elfsight.com\/de\/visitor-counter-widget\/opencart\/#breadcrumb","itemListElement":[{"@type":"ListItem","position":1,"name":"Home","item":"https:\/\/elfsight.com\/de\/"},{"@type":"ListItem","position":2,"name":"Visitor Counter","item":"https:\/\/elfsight.com\/de\/visitor-counter-widget\/"},{"@type":"ListItem","position":3,"name":"Visitor Counter &#8211; OpenCart"}]},{"@type":"WebSite","@id":"https:\/\/elfsight.com\/de\/#website","url":"https:\/\/elfsight.com\/de\/","name":"Elfsight DE","description":"Just another Elfsight Sites site","potentialAction":[{"@type":"SearchAction","target":{"@type":"EntryPoint","urlTemplate":"https:\/\/elfsight.com\/de\/?s={search_term_string}"},"query-input":{"@type":"PropertyValueSpecification","valueRequired":true,"valueName":"search_term_string"}}],"inLanguage":"de"}]}},"meta_box":{"industry":"","seo_heading":"","heading":"","description":"","cta_heading":"","cta_description":"","application":"515","h1":"OpenCart Besucherz\u00e4hler-Erweiterung","h1_caption":"Analysieren Sie Ihre Webseitenstatistiken und verbessern Sie Ihre Gesch\u00e4ftsstrategie","application_category":[],"applications_title":"","applications_request_title":"","applications_request_button_text":"","hero_text":"","hero_video":"","hero_video_schema_markup":"","selling_points_title":"","selling_points_caption":"","selling_points":[],"selling_points_cta_text":"","features_title":"","features":"","ed_cta_examples_text":"","ed_cta_examples_hidden":"","ed_cta_demo_text":"","ed_cta_demo_hidden":"","why_caption":"","why_editor_title":"","why_editor_text":"","why_team_title":"","why_team_text":"","why_service_title":"","why_service_text":"","template_catalog_visible":"","template_catalog_title":"","template_catalog_text":"","template_catalog_categories_visible":"","demo_title":"Beeilen Sie sich und stellen Sie Ihren ma\u00dfgeschneiderten OpenCart-Besucherz\u00e4hler zusammen","demo_caption":"Passen Sie die Erweiterung per Live-Demo an und f\u00fcgen Sie sie in Ihre Seite ein","default_faq_hidden":"","app_template_category":[],"platform":"254","template_public_id":"","codecanyon_url":"","codecanyon_item_id":"","codecanyon_price":"","pricing_caption":"","pricing_elfsight_apps_hide_column":"","pricing_elfsight_apps_url":"","pricing_codecanyon_price_caption":"","integration_category":[],"integration_request_title":"","integration_request_cta":"","integration_platform":"","integrations":[],"platform_category":[],"video_schema_markup":"","price":"ab 0 $ \/ Monat","trial":"","benefits":[{"text":"Kostenlose Installationshilfe"},{"text":"Erfahrener Kundensupport"},{"text":"14-t\u00e4gige R\u00fcckerstattungsgarantie"},{"text":"Fortlaufende Entwicklung"}],"button_url":"#demo","button_target_blank":"","button_nofollow":"","attributes":[{"name":"Installiert","content":"10,000 - 100,000"},{"name":"Reaktionsfreudig","content":"Ja"},{"name":"Kompatible Browser","content":"Opera, Safari, Chrome, Edge, Firefox"}],"tags":[],"tags_disable_links":"","hide_more_platforms":"","video_object":"","demo_hide_cta":"","demo_hide_cloud_options":"","pricing_title":"","pricing":[{"pricing_icon":"platform","pricing_title":"Elfsight Apps","pricing_title_caption":"Plattform\u00fcbergreifende digitale L\u00f6sung","pricing_price":"ab 0 $ \/ Monat","pricing_price_caption":"Beginnen Sie mit einem kostenlosen Plan","pricing_benefits":[{"text":"Unbegrenzte Websites"},{"text":"Professionelle und p\u00fcnktliche Unterst\u00fctzung"},{"text":"Kostenloser Installationsservice"},{"text":"Flexibles Design"}],"pricing_button_text":"Zur Website hinzuf\u00fcgen","pricing_button_url":"#demo"}],"related_apps_title":"","related_apps_hidden":"","author":"","image":[],"title":"","job":"","social_networks":[]},"_links":{"self":[{"href":"https:\/\/elfsight.com\/de\/wp-json\/wp\/v2\/pages\/10923","targetHints":{"allow":["GET"]}}],"collection":[{"href":"https:\/\/elfsight.com\/de\/wp-json\/wp\/v2\/pages"}],"about":[{"href":"https:\/\/elfsight.com\/de\/wp-json\/wp\/v2\/types\/page"}],"author":[{"embeddable":true,"href":"https:\/\/elfsight.com\/de\/wp-json\/wp\/v2\/users\/9"}],"replies":[{"embeddable":true,"href":"https:\/\/elfsight.com\/de\/wp-json\/wp\/v2\/comments?post=10923"}],"version-history":[{"count":1,"href":"https:\/\/elfsight.com\/de\/wp-json\/wp\/v2\/pages\/10923\/revisions"}],"predecessor-version":[{"id":10927,"href":"https:\/\/elfsight.com\/de\/wp-json\/wp\/v2\/pages\/10923\/revisions\/10927"}],"up":[{"embeddable":true,"href":"https:\/\/elfsight.com\/de\/wp-json\/wp\/v2\/pages\/2053"}],"wp:attachment":[{"href":"https:\/\/elfsight.com\/de\/wp-json\/wp\/v2\/media?parent=10923"}],"curies":[{"name":"wp","href":"https:\/\/api.w.org\/{rel}","templated":true}]}}