{"id":10922,"date":"1970-01-01T00:00:00","date_gmt":"1970-01-01T00:00:00","guid":{"rendered":"https:\/\/elfsight.com\/de\/?page_id=10922"},"modified":"2025-02-25T05:35:15","modified_gmt":"2025-02-25T05:35:15","slug":"shopify","status":"publish","type":"page","link":"https:\/\/elfsight.com\/de\/visitor-counter-widget\/shopify\/","title":{"rendered":"Visitor Counter &#8211; Shopify"},"content":{"rendered":"\n<div class=\"application-platform-content-item-description application-platform-content-item\" id=\"description\" data-nav-section=\"description\"> <h2>Besucherz\u00e4hler auf Shopify mit dem Elfsight-Widget einbetten<\/h2> <p>Besucherz\u00e4hler f\u00fcr Shopify ist ein einfach zu verwaltendes Tool, das erm\u00f6glicht es Ihnen, die Anzahl Ihrer Besucher und die beliebtesten Inhalte zu verfolgen, die innerhalb eines bestimmten Zeitintervalls angesehen wurden. Wesentliche Statistiken lassen sich jetzt einfach verfolgen, ohne dass zus\u00e4tzliche Hilfe von Spezialisten erforderlich ist und viel Zeit aufgewendet werden muss. Mit dieser Funktion k\u00f6nnen Sie den Zuschauern ganz einfach versichern, dass Sie ein zuverl\u00e4ssiges Unternehmen sind und viel mehr Neukunden und Verk\u00e4ufe erzielen. Mit unseren anpassbaren, stilvollen Optionen und praktischen Layouts k\u00f6nnen Sie die App mit nur einem Klick in Ihre Website integrieren. <\/p> <p><b>Machen Sie Ihre Gesch\u00e4ftsstrategie effizienter mit Visitor Counter! <\/b><\/p><\/div> <div class=\"application-platform-content-item-features application-platform-content-item\" id=\"features\" data-nav-section=\"features\"> <h2>Dies sind nur einige der zahlreichen App-Funktionen: <\/h2> <ul><li>Einfach zu verwalten ohne spezielle Qualifikation von SEO und Codierung erforderlich<\/li><li>Eine gro\u00dfe Auswahl an Zeitdauern zur \u00dcberwachung Ihrer Metriken<\/li><li>Praktische Layouts, um alle Statistiken auf zug\u00e4ngliche Weise zu organisieren<\/li><li>Hell, dunkel und anpassbar Farbschemata zum Anpassen des Tools <\/li><li>W\u00e4hlen Sie die Schriftgr\u00f6\u00dfe und -st\u00e4rke <\/li><li>Einfache Integration auch ohne Programmierkenntnisse <\/li><\/ul><p><a href=\"# demo\">Mit der Demo k\u00f6nnen Sie pr\u00fcfen, was die App wert ist<\/a><\/p> <\/div> <div class=\"application-platform-content-item-installation application-platform-content-item\" id=\"installation\" data-nav-section=\"installation\"> <h2>Wie f\u00fcge ich einen Besucherz\u00e4hler auf meiner Shopify-Website hinzu? <\/h2> <div class=\"video-container\"><iframe width=\"560\" height=\"315\" src=\"https:\/\/www.youtube.com\/embed\/SCPmc0eAT0k?si=j3mflPLYOUN-o-rG\" frameborder=\"0\" allow=\"accelerometer; autoplay; clipboard-write; encrypted-media; gyroscope; picture-in-picture; web-share\" allowfullscreen><\/iframe><\/div><p>Befolgen Sie einfach die unten beschriebenen Schritte, um die App zu aktivieren: <\/p> <ol><li><b>\u00d6ffnen Sie unseren kostenlosen Konfigurator und beginnen Sie mit der Gestaltung Ihrer einzigartigen App. <\/b><br> W\u00e4hlen Sie die benutzerdefinierte Anordnung und Leistung der App und speichern Sie alle Korrekturen. <\/li> <li><b>Kopieren Sie den pers\u00f6nlichen Code, der im Feld von Elfsight Apps angezeigt wird. <\/b><br> Nachdem die Konfiguration Ihrer pers\u00f6nlichen App abgeschlossen ist, kopieren Sie den exklusiven Code im erscheinenden Fenster und bewahren Sie ihn zur weiteren Verwendung auf. <\/li> <li><b>Initiieren Sie die Anwendung der App auf der Shopify-Website. <\/b><br> F\u00fcgen Sie den Code, den Sie zuvor gespeichert haben, in Ihre Website ein und speichern Sie die Korrekturen. <\/li> <li><b>Fertig! Die Integration ist vollst\u00e4ndig beendet. <\/b><br> Besuchen Sie Ihre Website, um die Funktion der App zu \u00fcberpr\u00fcfen. <\/li><\/ol><p>Falls Sie irgendwelche Komplikationen feststellen, scheuen Sie sich nicht, sich an unser Support-Team zu wenden. Unsere Mitarbeiter helfen Ihnen gerne bei allen Problemen mit der App. <\/p> <div class=\"faq\" data-component=\"FAQ\"><div class=\"faq-item\">\r\n\t\t\t\t\t<div class=\"faq-item-question\">\r\n\t\t\t\t\t\t<h3 class=\"faq-item-question-text\">Wie ist es m\u00f6glich, Besucherz\u00e4hler ohne Programmierkenntnisse zu meiner Shopify-Site hinzuzuf\u00fcgen?<\/h3>\r\n\r\n\t\t\t\t\t\t<div class=\"faq-item-question-icon\"><\/div>\r\n\t\t\t\t\t<\/div>\r\n\r\n\t\t\t\t\t<div class=\"faq-item-answer\">\r\n\t\t\t\t\t\t<div class=\"faq-item-answer-text\"> <p>Elfsight stellt eine L\u00f6sung vor, die es Menschen erm\u00f6glicht, selbst eine Besucherz\u00e4hler-App zu erstellen Sehen Sie sich die einfachen Anweisungen an: Gehen Sie zur Online-Demo, um einen Besucherz\u00e4hlerbereich zu erstellen, den Sie gerne auf Ihrem Shopify sehen w\u00fcrden. W\u00e4hlen Sie eine der vielen vorgefertigten Vorlagen und \u00e4ndern Sie die Besucherz\u00e4hlereinstellungen, f\u00fcgen Sie Ihre Inhalte hinzu, \u00e4ndern Sie das Layout und die Farbe der Elemente ohne Programmieraufwand. Speichern Sie die Einstellungen, die Sie in Visitor Counter vorgenommen haben, und kopieren Sie den Installationscode, der problemlos in Ihre Shopify-Webseite eingef\u00fcgt werden kann, ohne dass Sie eine kostenpflichtige Version kaufen m\u00fcssen. Mit unserem unkomplizierten Editor kann jeder Internetnutzer einen Besucherz\u00e4hler online erstellen und ihn problemlos in jede Shopify-Site einbetten. Es ist nicht erforderlich, ein kostenpflichtiges Abonnement abzuschlie\u00dfen oder Ihre Kartendaten offenzulegen, um Zugang zum Editor zu erhalten. Sollten Sie auf Hindernisse jeglicher Art sto\u00dfen, wenden Sie sich bitte an unseren technischen Kundensupport.<\/p> <\/div>\r\n\t\t\t\t\t<\/div>\r\n\t\t\t\t<\/div> <\/div><\/div>\n","protected":false},"excerpt":{"rendered":"","protected":false},"author":9,"featured_media":0,"parent":2053,"menu_order":0,"comment_status":"closed","ping_status":"closed","template":"templates\/template-application-platform.php","meta":{"publish_to_discourse":"","publish_post_category":"","wpdc_auto_publish_overridden":"","wpdc_topic_tags":"","wpdc_pin_topic":"","wpdc_pin_until":"","discourse_post_id":"","discourse_permalink":"","wpdc_publishing_response":"","wpdc_publishing_error":"","footnotes":""},"class_list":["post-10922","page","type-page","status-publish","hentry"],"yoast_head":"<!-- This site is optimized with the Yoast SEO plugin v25.3.1 - https:\/\/yoast.com\/wordpress\/plugins\/seo\/ -->\n<title>Besucherz\u00e4hler | Besucherz\u00e4hler-App zur Shopify-Website hinzuf\u00fcgen (schnell und kostenlos)<\/title>\n<meta name=\"description\" content=\"Hier ist die beste M\u00f6glichkeit, die Besucherz\u00e4hler-App Shopify zu erstellen und in Ihre Website einzubetten. Sie genie\u00dfen den kostenlosen Kundendienst von Elfsight.\" \/>\n<meta name=\"robots\" content=\"index, follow, max-snippet:-1, max-image-preview:large, max-video-preview:-1\" \/>\n<link rel=\"canonical\" href=\"https:\/\/elfsight.com\/de\/visitor-counter-widget\/shopify\/\" \/>\n<meta property=\"og:locale\" content=\"de_DE\" \/>\n<meta property=\"og:type\" content=\"article\" \/>\n<meta property=\"og:title\" content=\"Besucherz\u00e4hler | Besucherz\u00e4hler-App zur Shopify-Website hinzuf\u00fcgen (schnell und kostenlos)\" \/>\n<meta property=\"og:description\" content=\"Hier ist die beste M\u00f6glichkeit, die Besucherz\u00e4hler-App Shopify zu erstellen und in Ihre Website einzubetten. Sie genie\u00dfen den kostenlosen Kundendienst von Elfsight.\" \/>\n<meta property=\"og:url\" content=\"https:\/\/elfsight.com\/de\/visitor-counter-widget\/shopify\/\" \/>\n<meta property=\"og:site_name\" content=\"Elfsight DE\" \/>\n<meta property=\"article:modified_time\" content=\"2025-02-25T05:35:15+00:00\" \/>\n<meta name=\"twitter:card\" content=\"summary_large_image\" \/>\n<meta name=\"twitter:label1\" content=\"Gesch\u00e4tzte Lesezeit\" \/>\n\t<meta name=\"twitter:data1\" content=\"3\u00a0Minuten\" \/>\n<!-- \/ Yoast SEO plugin. -->","yoast_head_json":{"title":"Besucherz\u00e4hler | Besucherz\u00e4hler-App zur Shopify-Website hinzuf\u00fcgen (schnell und kostenlos)","description":"Hier ist die beste M\u00f6glichkeit, die Besucherz\u00e4hler-App Shopify zu erstellen und in Ihre Website einzubetten. Sie genie\u00dfen den kostenlosen Kundendienst von Elfsight.","robots":{"index":"index","follow":"follow","max-snippet":"max-snippet:-1","max-image-preview":"max-image-preview:large","max-video-preview":"max-video-preview:-1"},"canonical":"https:\/\/elfsight.com\/de\/visitor-counter-widget\/shopify\/","og_locale":"de_DE","og_type":"article","og_title":"Besucherz\u00e4hler | Besucherz\u00e4hler-App zur Shopify-Website hinzuf\u00fcgen (schnell und kostenlos)","og_description":"Hier ist die beste M\u00f6glichkeit, die Besucherz\u00e4hler-App Shopify zu erstellen und in Ihre Website einzubetten. Sie genie\u00dfen den kostenlosen Kundendienst von Elfsight.","og_url":"https:\/\/elfsight.com\/de\/visitor-counter-widget\/shopify\/","og_site_name":"Elfsight DE","article_modified_time":"2025-02-25T05:35:15+00:00","twitter_card":"summary_large_image","twitter_misc":{"Gesch\u00e4tzte Lesezeit":"3\u00a0Minuten"},"schema":{"@context":"https:\/\/schema.org","@graph":[{"@type":"WebPage","@id":"https:\/\/elfsight.com\/de\/visitor-counter-widget\/shopify\/","url":"https:\/\/elfsight.com\/de\/visitor-counter-widget\/shopify\/","name":"Besucherz\u00e4hler | Besucherz\u00e4hler-App zur Shopify-Website hinzuf\u00fcgen (schnell und kostenlos)","isPartOf":{"@id":"https:\/\/elfsight.com\/de\/#website"},"datePublished":"1970-01-01T00:00:00+00:00","dateModified":"2025-02-25T05:35:15+00:00","description":"Hier ist die beste M\u00f6glichkeit, die Besucherz\u00e4hler-App Shopify zu erstellen und in Ihre Website einzubetten. Sie genie\u00dfen den kostenlosen Kundendienst von Elfsight.","breadcrumb":{"@id":"https:\/\/elfsight.com\/de\/visitor-counter-widget\/shopify\/#breadcrumb"},"inLanguage":"de","potentialAction":[{"@type":"ReadAction","target":["https:\/\/elfsight.com\/de\/visitor-counter-widget\/shopify\/"]}]},{"@type":"BreadcrumbList","@id":"https:\/\/elfsight.com\/de\/visitor-counter-widget\/shopify\/#breadcrumb","itemListElement":[{"@type":"ListItem","position":1,"name":"Home","item":"https:\/\/elfsight.com\/de\/"},{"@type":"ListItem","position":2,"name":"Visitor Counter","item":"https:\/\/elfsight.com\/de\/visitor-counter-widget\/"},{"@type":"ListItem","position":3,"name":"Visitor Counter &#8211; Shopify"}]},{"@type":"WebSite","@id":"https:\/\/elfsight.com\/de\/#website","url":"https:\/\/elfsight.com\/de\/","name":"Elfsight DE","description":"Just another Elfsight Sites site","potentialAction":[{"@type":"SearchAction","target":{"@type":"EntryPoint","urlTemplate":"https:\/\/elfsight.com\/de\/?s={search_term_string}"},"query-input":{"@type":"PropertyValueSpecification","valueRequired":true,"valueName":"search_term_string"}}],"inLanguage":"de"}]}},"meta_box":{"industry":"","seo_heading":"","heading":"","description":"","cta_heading":"","cta_description":"","application":"515","h1":"Shopify Besucherz\u00e4hler-App","h1_caption":"Zeigen Sie die Anzahl der Besucher Ihrer Website mit einem Live-Besucherz\u00e4hler an und steigern Sie so m\u00fchelos die Glaubw\u00fcrdigkeit Ihrer Website auf Ihrer Shopify-Website.","application_category":[],"applications_title":"","applications_request_title":"","applications_request_button_text":"","hero_text":"","hero_video":"","hero_video_schema_markup":"","selling_points_title":"","selling_points_caption":"","selling_points":[],"selling_points_cta_text":"","features_title":"","features":"","ed_cta_examples_text":"","ed_cta_examples_hidden":"","ed_cta_demo_text":"","ed_cta_demo_hidden":"","why_caption":"","why_editor_title":"","why_editor_text":"","why_team_title":"","why_team_text":"","why_service_title":"","why_service_text":"","template_catalog_visible":"0","template_catalog_title":"","template_catalog_text":"","template_catalog_categories_visible":"","demo_title":"Erstellen Sie Ihre Besucherz\u00e4hler-App","demo_caption":"Konfigurieren Sie Ihren Besucherz\u00e4hler und f\u00fcgen Sie ihn kostenlos zu Ihrer Shopify-Website hinzu!","default_faq_hidden":"","app_template_category":[],"platform":"253","template_public_id":"","codecanyon_url":"","codecanyon_item_id":"","codecanyon_price":"","pricing_caption":"","pricing_elfsight_apps_hide_column":"","pricing_elfsight_apps_url":"","pricing_codecanyon_price_caption":"","integration_category":[],"integration_request_title":"","integration_request_cta":"","integration_platform":"","integrations":[],"platform_category":[],"video_schema_markup":"","price":"ab 0 $ \/ Monat","trial":"","benefits":[{"text":"Kostenloser Installationsservice"},{"text":"Premium-Support"},{"text":"14-t\u00e4gige Geld-zur\u00fcck-Garantie"},{"text":"Kontinuierliche kostenlose Updates"}],"button_url":"#demo","button_target_blank":"0","button_nofollow":"0","attributes":[{"name":"Installiert","content":"10,000 - 100,000"},{"name":"Reaktionsfreudig","content":"Ja"},{"name":"Kompatible Browser","content":"Firefox, Safari, Opera, Chrome, Edge"}],"tags":[],"tags_disable_links":"0","hide_more_platforms":"0","video_object":"","demo_hide_cta":"0","demo_hide_cloud_options":"0","pricing_title":"","pricing":[{"pricing_icon":"platform","pricing_title":"Elfsight Apps","pricing_title_caption":"Plattform\u00fcbergreifende Version, die auf jeder Website funktioniert","pricing_price":"ab 0 $ \/ Monat","pricing_price_caption":"Beginnen Sie mit einem kostenlosen Plan","pricing_benefits":[{"text":"Unbegrenzte Websites"},{"text":"Premium-Support"},{"text":"Kostenloser Installationsservice"},{"text":"Sonderangebot f\u00fcr mehrere Apps"}],"pricing_button_text":"Zur Website hinzuf\u00fcgen","pricing_button_url":"#demo"}],"related_apps_title":"","related_apps_hidden":"0","author":"","image":[],"title":"","job":"","social_networks":[]},"_links":{"self":[{"href":"https:\/\/elfsight.com\/de\/wp-json\/wp\/v2\/pages\/10922","targetHints":{"allow":["GET"]}}],"collection":[{"href":"https:\/\/elfsight.com\/de\/wp-json\/wp\/v2\/pages"}],"about":[{"href":"https:\/\/elfsight.com\/de\/wp-json\/wp\/v2\/types\/page"}],"author":[{"embeddable":true,"href":"https:\/\/elfsight.com\/de\/wp-json\/wp\/v2\/users\/9"}],"replies":[{"embeddable":true,"href":"https:\/\/elfsight.com\/de\/wp-json\/wp\/v2\/comments?post=10922"}],"version-history":[{"count":3,"href":"https:\/\/elfsight.com\/de\/wp-json\/wp\/v2\/pages\/10922\/revisions"}],"predecessor-version":[{"id":24885,"href":"https:\/\/elfsight.com\/de\/wp-json\/wp\/v2\/pages\/10922\/revisions\/24885"}],"up":[{"embeddable":true,"href":"https:\/\/elfsight.com\/de\/wp-json\/wp\/v2\/pages\/2053"}],"wp:attachment":[{"href":"https:\/\/elfsight.com\/de\/wp-json\/wp\/v2\/media?parent=10922"}],"curies":[{"name":"wp","href":"https:\/\/api.w.org\/{rel}","templated":true}]}}