{"id":10921,"date":"1970-01-01T00:00:00","date_gmt":"1970-01-01T00:00:00","guid":{"rendered":"https:\/\/elfsight.com\/de\/?page_id=10921"},"modified":"2025-02-25T05:36:31","modified_gmt":"2025-02-25T05:36:31","slug":"squarespace","status":"publish","type":"page","link":"https:\/\/elfsight.com\/de\/visitor-counter-widget\/squarespace\/","title":{"rendered":"Visitor Counter &#8211; Squarespace"},"content":{"rendered":"\n<div class=\"application-platform-content-item-description application-platform-content-item\" id=\"description\" data-nav-section=\"description\"> <h2>Besucherz\u00e4hler auf Squarespace mit dem Elfsight-Widget einbetten<\/h2> <p>Besucherz\u00e4hler f\u00fcr Squarespace ist ein praktisches Plugin, mit dem Sie Ihre Besucherz\u00e4hler verfolgen k\u00f6nnen Anzahl der Besucher und die beliebtesten Inhalte, die innerhalb eines bestimmten Zeitraums angesehen wurden. Wichtige Statistiken k\u00f6nnen jetzt bequem \u00fcberpr\u00fcft werden, ohne dass zus\u00e4tzliche Spezialisten f\u00fcr Codierung oder Datenanalyse erforderlich sind. Mithilfe dieser Funktion k\u00f6nnen Sie Ihrer Zielgruppe au\u00dferdem ganz einfach versichern, dass Sie ein seri\u00f6ses Unternehmen sind und mehr neue Kunden gewinnen. Mit unseren anpassbaren, stilvollen Optionen und praktischen Layouts k\u00f6nnen Sie das Plugin in nur wenigen Sekunden in Ihre Website integrieren. <\/p> <p><b>Mit Visitor Counter verfolgen Sie Ihre Statistiken und sehen nachhaltige Gesch\u00e4ftsentwicklung! <\/b><\/p><\/div> <div class=\"application-platform-content-item-features application-platform-content-item\" id=\"features\" data-nav-section=\"features\"> <h2>Die wesentlichen Widget-Funktionen bieten: <\/h2> <ul><li>Einfach zu verwalten, ohne dass spezifische SEO-Kenntnisse erforderlich sind Codierung erforderlich<\/li><li>Eine gro\u00dfe Auswahl an Zeitdauern zum Z\u00e4hlen Ihrer Statistiken<\/li><li>Praktische Layouts, um alle Metriken auf beeindruckende Weise zu organisieren<\/li><li>Helle, dunkle und anpassbare Farbschemata Passen Sie das Tool an <\/li><li>Passen Sie die Schriftgr\u00f6\u00dfe und -st\u00e4rke an <\/li><li>Einfach zu integrieren, auch ohne Programmierkenntnisse <\/li><\/ul><p><a href=\"#demo\"> Probieren Sie einfach diese Demo aus, um zu sehen, wie es funktioniert<\/a><\/p> <\/div> <div class=\"application-platform-content-item-installation application-platform-content-item\" id=\"installation\" data-nav-section=\"installation\"> <h2>Wie kann ich Besucherz\u00e4hler zu meiner Squarespace-Webseite hinzuf\u00fcgen? <\/h2> <div class=\"video-container\"><iframe width=\"560\" height=\"315\" src=\"https:\/\/www.youtube.com\/embed\/Zd49Y3cyQB8?si=F5TPptAEK1ZGyFTn\" frameborder=\"0\" allow=\"accelerometer; autoplay; clipboard-write; encrypted-media; gyroscope; picture-in-picture; web-share\" allowfullscreen><\/iframe><\/div><p>F\u00fchren Sie einfach die unten beschriebenen Schritte aus, um das Plugin zu integrieren: <\/p> <ol><li><b>Verwalten Sie unsere kostenlose Demo und beginnen Sie mit der Entwicklung Ihres einzigartigen Plugins. <\/b><br> Geben Sie das bevorzugte Layout und die Funktionalit\u00e4t des Plugins an und wenden Sie die Korrekturen an. <\/li> <li><b>Erhalten Sie den einzigartigen Code in der speziellen Form auf Elfsight Apps verf\u00fcgbar. <\/b><br> Direkt nachdem die Konfiguration Ihres Plugins abgeschlossen ist, kopieren Sie den einzelnen Code im erscheinenden Fenster und speichern Sie ihn zur weiteren Verwendung. <\/li> <li><b>Erste Schritte mit der Verwendung des Tools auf der Squarespace-Website. <\/b><br> Implementieren Sie den zuvor kopierten Code auf Ihrer Homepage und speichern Sie die Anpassungen. <\/li> <li><b>Fertig! Die Integration wurde erfolgreich beendet. <\/b><br> Gehen Sie zu Ihrer Webseite, um zu \u00fcberpr\u00fcfen, wie das Plugin funktioniert. <\/li><\/ol> <p>Wenn Sie Fragen haben oder auf Schwierigkeiten sto\u00dfen, scheuen Sie sich nicht, sich an unsere Kundendienstmitarbeiter zu wenden. Unsere Berater helfen Ihnen gerne bei allen Fragen rund um das Tool weiter. <\/p> <div class=\"faq\" data-component=\"FAQ\"><div class=\"faq-item\">\r\n\t\t\t\t\t<div class=\"faq-item-question\">\r\n\t\t\t\t\t\t<h3 class=\"faq-item-question-text\">Gibt es eine M\u00f6glichkeit, Besucherz\u00e4hler ohne Programmiererfahrung in meine Squarespace-Webseite einzubetten?<\/h3>\r\n\r\n\t\t\t\t\t\t<div class=\"faq-item-question-icon\"><\/div>\r\n\t\t\t\t\t<\/div>\r\n\r\n\t\t\t\t\t<div class=\"faq-item-answer\">\r\n\t\t\t\t\t\t<div class=\"faq-item-answer-text\"> <p>Elfsight stellt eine L\u00f6sung vor, die es Benutzern erm\u00f6glicht, selbst ein Besucherz\u00e4hler-Plugin zu erstellen, erfahren Sie hier Wie unkompliziert es ist: Beginnen Sie direkt in der Online-Demo mit der Erstellung eines Besucherz\u00e4hler-Widgets, das Sie auf Ihrer Squarespace-Homepage einbetten m\u00f6chten. Klicken Sie auf eine der vorgefertigten Vorlagen und passen Sie die Besucherz\u00e4hler-Einstellungen an, f\u00fcgen Sie Ihre Inhalte ein, \u00e4ndern Sie das Layout und die Farbgebung, ohne Programmiererfahrung zu haben. Klicken Sie hier, um die Einstellungen, die Sie am Besucherz\u00e4hler vorgenommen haben, zu speichern und den Code des Widgets zum Einbetten zu erhalten, den Sie in Ihre Squarespace-Homepage einf\u00fcgen k\u00f6nnen, ohne einen kostenpflichtigen Plan kaufen zu m\u00fcssen. Mit dem unkomplizierten Konfigurator kann jeder Webbenutzer ein Besucherz\u00e4hler-Plugin erstellen und m\u00fchelos zu seiner Squarespace-Webseite hinzuf\u00fcgen. Es ist nicht erforderlich, zu bezahlen oder Ihre Kartendaten anzugeben, um den Service in Anspruch zu nehmen. Wenn Sie auf Probleme jeglicher Art sto\u00dfen, wenden Sie sich bitte an unseren Kundensupport.<\/p> <\/div>\r\n\t\t\t\t\t<\/div>\r\n\t\t\t\t<\/div> <\/div><\/div>\n","protected":false},"excerpt":{"rendered":"","protected":false},"author":9,"featured_media":0,"parent":2053,"menu_order":0,"comment_status":"closed","ping_status":"closed","template":"templates\/template-application-platform.php","meta":{"publish_to_discourse":"","publish_post_category":"","wpdc_auto_publish_overridden":"","wpdc_topic_tags":"","wpdc_pin_topic":"","wpdc_pin_until":"","discourse_post_id":"","discourse_permalink":"","wpdc_publishing_response":"","wpdc_publishing_error":"","footnotes":""},"class_list":["post-10921","page","type-page","status-publish","hentry"],"yoast_head":"<!-- This site is optimized with the Yoast SEO plugin v25.3.1 - https:\/\/yoast.com\/wordpress\/plugins\/seo\/ -->\n<title>Besucherz\u00e4hler \u2013 F\u00fcgen Sie Squarespace das kostenlose Hit Counter-Plugin hinzu<\/title>\n<meta name=\"description\" content=\"Es ist ganz einfach, Ihr bestes Besucherz\u00e4hler-Plugin zu erstellen und es in Ihre Website einzubetten. Der Kundendienst von Elfsight ist kostenlos und schnell.\" \/>\n<meta name=\"robots\" content=\"index, follow, max-snippet:-1, max-image-preview:large, max-video-preview:-1\" \/>\n<link rel=\"canonical\" href=\"https:\/\/elfsight.com\/de\/visitor-counter-widget\/squarespace\/\" \/>\n<meta property=\"og:locale\" content=\"de_DE\" \/>\n<meta property=\"og:type\" content=\"article\" \/>\n<meta property=\"og:title\" content=\"Besucherz\u00e4hler \u2013 F\u00fcgen Sie Squarespace das kostenlose Hit Counter-Plugin hinzu\" \/>\n<meta property=\"og:description\" content=\"Es ist ganz einfach, Ihr bestes Besucherz\u00e4hler-Plugin zu erstellen und es in Ihre Website einzubetten. Der Kundendienst von Elfsight ist kostenlos und schnell.\" \/>\n<meta property=\"og:url\" content=\"https:\/\/elfsight.com\/de\/visitor-counter-widget\/squarespace\/\" \/>\n<meta property=\"og:site_name\" content=\"Elfsight DE\" \/>\n<meta property=\"article:modified_time\" content=\"2025-02-25T05:36:31+00:00\" \/>\n<meta name=\"twitter:card\" content=\"summary_large_image\" \/>\n<meta name=\"twitter:label1\" content=\"Gesch\u00e4tzte Lesezeit\" \/>\n\t<meta name=\"twitter:data1\" content=\"3\u00a0Minuten\" \/>\n<!-- \/ Yoast SEO plugin. -->","yoast_head_json":{"title":"Besucherz\u00e4hler \u2013 F\u00fcgen Sie Squarespace das kostenlose Hit Counter-Plugin hinzu","description":"Es ist ganz einfach, Ihr bestes Besucherz\u00e4hler-Plugin zu erstellen und es in Ihre Website einzubetten. Der Kundendienst von Elfsight ist kostenlos und schnell.","robots":{"index":"index","follow":"follow","max-snippet":"max-snippet:-1","max-image-preview":"max-image-preview:large","max-video-preview":"max-video-preview:-1"},"canonical":"https:\/\/elfsight.com\/de\/visitor-counter-widget\/squarespace\/","og_locale":"de_DE","og_type":"article","og_title":"Besucherz\u00e4hler \u2013 F\u00fcgen Sie Squarespace das kostenlose Hit Counter-Plugin hinzu","og_description":"Es ist ganz einfach, Ihr bestes Besucherz\u00e4hler-Plugin zu erstellen und es in Ihre Website einzubetten. Der Kundendienst von Elfsight ist kostenlos und schnell.","og_url":"https:\/\/elfsight.com\/de\/visitor-counter-widget\/squarespace\/","og_site_name":"Elfsight DE","article_modified_time":"2025-02-25T05:36:31+00:00","twitter_card":"summary_large_image","twitter_misc":{"Gesch\u00e4tzte Lesezeit":"3\u00a0Minuten"},"schema":{"@context":"https:\/\/schema.org","@graph":[{"@type":"WebPage","@id":"https:\/\/elfsight.com\/de\/visitor-counter-widget\/squarespace\/","url":"https:\/\/elfsight.com\/de\/visitor-counter-widget\/squarespace\/","name":"Besucherz\u00e4hler \u2013 F\u00fcgen Sie Squarespace das kostenlose Hit Counter-Plugin hinzu","isPartOf":{"@id":"https:\/\/elfsight.com\/de\/#website"},"datePublished":"1970-01-01T00:00:00+00:00","dateModified":"2025-02-25T05:36:31+00:00","description":"Es ist ganz einfach, Ihr bestes Besucherz\u00e4hler-Plugin zu erstellen und es in Ihre Website einzubetten. Der Kundendienst von Elfsight ist kostenlos und schnell.","breadcrumb":{"@id":"https:\/\/elfsight.com\/de\/visitor-counter-widget\/squarespace\/#breadcrumb"},"inLanguage":"de","potentialAction":[{"@type":"ReadAction","target":["https:\/\/elfsight.com\/de\/visitor-counter-widget\/squarespace\/"]}]},{"@type":"BreadcrumbList","@id":"https:\/\/elfsight.com\/de\/visitor-counter-widget\/squarespace\/#breadcrumb","itemListElement":[{"@type":"ListItem","position":1,"name":"Home","item":"https:\/\/elfsight.com\/de\/"},{"@type":"ListItem","position":2,"name":"Visitor Counter","item":"https:\/\/elfsight.com\/de\/visitor-counter-widget\/"},{"@type":"ListItem","position":3,"name":"Visitor Counter &#8211; Squarespace"}]},{"@type":"WebSite","@id":"https:\/\/elfsight.com\/de\/#website","url":"https:\/\/elfsight.com\/de\/","name":"Elfsight DE","description":"Just another Elfsight Sites site","potentialAction":[{"@type":"SearchAction","target":{"@type":"EntryPoint","urlTemplate":"https:\/\/elfsight.com\/de\/?s={search_term_string}"},"query-input":{"@type":"PropertyValueSpecification","valueRequired":true,"valueName":"search_term_string"}}],"inLanguage":"de"}]}},"meta_box":{"industry":"","seo_heading":"","heading":"","description":"","cta_heading":"","cta_description":"","application":"515","h1":"Squarespace-Besucherz\u00e4hler-Plugin","h1_caption":"Zeigen Sie die Anzahl der Besucher Ihrer Website mit einem Live-Besucherz\u00e4hler an und steigern Sie so m\u00fchelos die Glaubw\u00fcrdigkeit Ihrer Website auf Ihrer Squarespace-Website.","application_category":[],"applications_title":"","applications_request_title":"","applications_request_button_text":"","hero_text":"","hero_video":"","hero_video_schema_markup":"","selling_points_title":"","selling_points_caption":"","selling_points":[],"selling_points_cta_text":"","features_title":"","features":"","ed_cta_examples_text":"","ed_cta_examples_hidden":"","ed_cta_demo_text":"","ed_cta_demo_hidden":"","why_caption":"","why_editor_title":"","why_editor_text":"","why_team_title":"","why_team_text":"","why_service_title":"","why_service_text":"","template_catalog_visible":"0","template_catalog_title":"","template_catalog_text":"","template_catalog_categories_visible":"","demo_title":"Erstellen Sie Ihr Besucherz\u00e4hler-Plugin","demo_caption":"Konfigurieren Sie Ihren Besucherz\u00e4hler und f\u00fcgen Sie ihn kostenlos zu Ihrer Squarespace-Website hinzu!","default_faq_hidden":"","app_template_category":[],"platform":"252","template_public_id":"","codecanyon_url":"","codecanyon_item_id":"","codecanyon_price":"","pricing_caption":"","pricing_elfsight_apps_hide_column":"","pricing_elfsight_apps_url":"","pricing_codecanyon_price_caption":"","integration_category":[],"integration_request_title":"","integration_request_cta":"","integration_platform":"","integrations":[],"platform_category":[],"video_schema_markup":"","price":"ab 0 $ \/ Monat","trial":"","benefits":[{"text":"Kostenlose Installationsunterst\u00fctzung"},{"text":"Premium-Support"},{"text":"Effektiver Kundenservice"},{"text":"Laufende Verbesserungen"}],"button_url":"#demo","button_target_blank":"0","button_nofollow":"0","attributes":[{"name":"Installiert","content":"10,000 - 100,000"},{"name":"Reaktionsfreudig","content":"Ja"},{"name":"Kompatible Browser","content":"Firefox, Safari, Opera, Chrome, Edge"}],"tags":[],"tags_disable_links":"0","hide_more_platforms":"0","video_object":"","demo_hide_cta":"0","demo_hide_cloud_options":"0","pricing_title":"","pricing":[{"pricing_icon":"platform","pricing_title":"Elfsight Apps","pricing_title_caption":"Multiplattform-L\u00f6sung, die auf jeder Site funktioniert","pricing_price":"ab 0 $ \/ Monat","pricing_price_caption":"Beginnen Sie mit einem kostenlosen Plan","pricing_benefits":[{"text":"Unbegrenzte Domains"},{"text":"Professionelle und p\u00fcnktliche Unterst\u00fctzung und gut dokumentiert"},{"text":"Kostenloser Installationssupport"},{"text":"100 % anpassbar"}],"pricing_button_text":"Zur Website hinzuf\u00fcgen","pricing_button_url":"#demo"}],"related_apps_title":"","related_apps_hidden":"0","author":"","image":[],"title":"","job":"","social_networks":[]},"_links":{"self":[{"href":"https:\/\/elfsight.com\/de\/wp-json\/wp\/v2\/pages\/10921","targetHints":{"allow":["GET"]}}],"collection":[{"href":"https:\/\/elfsight.com\/de\/wp-json\/wp\/v2\/pages"}],"about":[{"href":"https:\/\/elfsight.com\/de\/wp-json\/wp\/v2\/types\/page"}],"author":[{"embeddable":true,"href":"https:\/\/elfsight.com\/de\/wp-json\/wp\/v2\/users\/9"}],"replies":[{"embeddable":true,"href":"https:\/\/elfsight.com\/de\/wp-json\/wp\/v2\/comments?post=10921"}],"version-history":[{"count":3,"href":"https:\/\/elfsight.com\/de\/wp-json\/wp\/v2\/pages\/10921\/revisions"}],"predecessor-version":[{"id":24886,"href":"https:\/\/elfsight.com\/de\/wp-json\/wp\/v2\/pages\/10921\/revisions\/24886"}],"up":[{"embeddable":true,"href":"https:\/\/elfsight.com\/de\/wp-json\/wp\/v2\/pages\/2053"}],"wp:attachment":[{"href":"https:\/\/elfsight.com\/de\/wp-json\/wp\/v2\/media?parent=10921"}],"curies":[{"name":"wp","href":"https:\/\/api.w.org\/{rel}","templated":true}]}}