{"id":10916,"date":"1970-01-01T00:00:00","date_gmt":"1970-01-01T00:00:00","guid":{"rendered":"https:\/\/elfsight.com\/de\/?page_id=10916"},"modified":"2025-02-25T05:37:51","modified_gmt":"2025-02-25T05:37:51","slug":"webflow","status":"publish","type":"page","link":"https:\/\/elfsight.com\/de\/visitor-counter-widget\/webflow\/","title":{"rendered":"Visitor Counter &#8211; Webflow"},"content":{"rendered":"\n<div class=\"application-platform-content-item-description application-platform-content-item\" id=\"description\" data-nav-section=\"description\"> <h2>Besucherz\u00e4hler in Webflow mit dem Elfsight-Widget einbetten<\/h2> <p> Besucherz\u00e4hler f\u00fcr Webflow ist ein unkompliziertes Widget, mit dem Sie Ihre Besucherz\u00e4hler \u00fcberwachen k\u00f6nnen Anzahl der Besucher und die beliebtesten Seiten, die innerhalb eines bestimmten Zeitraums aufgerufen wurden. Notwendige Statistiken k\u00f6nnen jetzt bequem verfolgt werden, ohne dass zus\u00e4tzliche Programmier- oder Datenanalysekenntnisse erforderlich sind. Mit dieser Funktion k\u00f6nnen Sie den Zuschauern ganz einfach versichern, dass Sie ein seri\u00f6ses Unternehmen sind und viel mehr Leads haben. Mit unseren auf den Benutzer zugeschnittenen, stilvollen M\u00f6glichkeiten und praktischen Layouts k\u00f6nnen Sie das Widget in wenigen Sekunden in Ihre Website integrieren. <\/p> <p><b>Testen Sie Visitor Counter, um Ihre E-Commerce-Taktiken zu entwickeln und Ihre Gesch\u00e4ftsspitzen einfacher zu erreichen! <\/b><\/p><\/div> <div class=\"application-platform-content-item-features application-platform-content-item\" id=\"features\" data-nav-section=\"features\"> <h2>Hier finden Sie die grundlegenden Funktionen des Widgets: <\/h2> <ul><li>Einfach zu verwenden, auch ohne professionelle Datenkenntnisse Analyse und Codierung erforderlich<\/li><li>Eine gro\u00dfe Vielfalt an Zeitintervallen zur \u00dcberwachung Ihrer Metriken<\/li><li>Praktische Layouts, um alle Metriken bequem zu organisieren <\/li><li>Hell, Dunkel und Anpassbare Farbschemata zum Anpassen des Tools <\/li><li>Konfigurieren Sie die Schriftgr\u00f6\u00dfe und -st\u00e4rke <\/li><li>Einfach zu erstellen, auch f\u00fcr technisch nicht versierte Benutzer <\/li><\/ul><p><a href=\"#demo\">Testen Sie alle Einstellungen in der Demo mit vollem Funktionsumfang<\/a><\/p> <\/div> <div class=\"application-platform-content-item-installation application-platform-content-item\" id=\"installation\" data-nav-section=\"installation\"> <h2>Wie bette ich das Besucherz\u00e4hler-Plugin auf meiner Webflow-Website ein? <\/h2> <div class=\"video-container\"><iframe width=\"560\" height=\"315\" src=\"https:\/\/www.youtube.com\/embed\/i0J9ZZ-Vgtw?si=sU2j-adV9NnzVN3R\" frameborder=\"0\" allow=\"accelerometer; autoplay; clipboard-write; encrypted-media; gyroscope; picture-in-picture; web-share\" allowfullscreen><\/iframe><\/div><p>F\u00fchren Sie einfach die folgenden Richtlinien aus, um das Widget einzubetten: <\/p> <ol><li><b>Nutzen Sie unseren kostenlosen Konfigurator und beginnen Sie mit der Erstellung Ihres eigenen Widget. <\/b><br> Geben Sie die bevorzugte Schnittstelle und Optionen des Widgets an und \u00fcbernehmen Sie die \u00c4nderungen. <\/li> <li><b>Erhalten Sie den pers\u00f6nlichen Code, der im speziellen Formular auf Elfsight Apps angezeigt wird. <\/b><br> Direkt nachdem die Generierung Ihres Tools abgeschlossen ist, kopieren Sie den einzelnen Code im angezeigten Fenster und speichern Sie ihn zur sp\u00e4teren Verwendung. <\/li> <li><b>Initiieren Sie die Verwendung des Tools auf Ihrer Webflow-Webseite. <\/b><br> Geben Sie den Code, den Sie k\u00fcrzlich gespeichert haben, in Ihre Website ein und \u00fcbernehmen Sie die Korrekturen. <\/li> <li><b>Fertig! Die Einbettung ist vollst\u00e4ndig durchgef\u00fchrt. <\/b><br> Besuchen Sie Ihre Seite, um die Funktionsweise des Widgets zu \u00fcberpr\u00fcfen. <\/li><\/ol> <p>Wenn Sie auf Schwierigkeiten sto\u00dfen, scheuen Sie sich nicht, sich an unser Support-Team zu wenden. Unsere Spezialisten helfen Ihnen gerne bei allen Fragen rund um das Widget weiter. <\/p> <div class=\"faq\" data-component=\"FAQ\"><div class=\"faq-item\">\r\n\t\t\t\t\t<div class=\"faq-item-question\">\r\n\t\t\t\t\t\t<h3 class=\"faq-item-question-text\">Gibt es eine Option zum Hinzuf\u00fcgen eines Besucherz\u00e4hlers zu meiner Webflow-Site ohne Programmierkenntnisse?<\/h3>\r\n\r\n\t\t\t\t\t\t<div class=\"faq-item-question-icon\"><\/div>\r\n\t\t\t\t\t<\/div>\r\n\r\n\t\t\t\t\t<div class=\"faq-item-answer\">\r\n\t\t\t\t\t\t<div class=\"faq-item-answer-text\"> <p>Das Unternehmen Elfsight stellt eine L\u00f6sung vor, die es einem breiten Publikum erm\u00f6glicht, selbst ein Besucherz\u00e4hler-Widget zu erstellen. Lernen Sie die einfachen Schritte kennen: Gehen Sie zum Online-Editor, um ein Besucherz\u00e4hler-Plugin zu erstellen, das Sie in Ihren Webflow einbinden m\u00f6chten. Entscheiden Sie sich f\u00fcr eine der vorgefertigten Vorlagen und passen Sie die Einstellungen des Besucherz\u00e4hlers an, f\u00fcgen Sie Ihre Inhalte hinzu und \u00e4ndern Sie das Layout und die Farbe der Elemente ohne Programmieraufwand. Speichern Sie den Besucherz\u00e4hler und erhalten Sie den Installationscode des Plugins, den Sie einfach in die Webflow-Homepage einf\u00fcgen k\u00f6nnen, ohne ein kostenpflichtiges Abonnement kaufen zu m\u00fcssen. Mit Hilfe des benutzerfreundlichen Konfigurators kann jeder Internetnutzer online eine Besucherz\u00e4hler-App erstellen und diese einfach auf der Webflow-Homepage einf\u00fcgen. Sie d\u00fcrfen weder bezahlen noch Ihre Kartendaten offenlegen, um Zugang zum Editor zu erhalten. Sollten Sie bei irgendeinem Schritt auf Hindernisse sto\u00dfen, wenden Sie sich bitte an unsere Mitarbeiter des technischen Supports.<\/p> <\/div>\r\n\t\t\t\t\t<\/div>\r\n\t\t\t\t<\/div> <\/div><\/div>\n","protected":false},"excerpt":{"rendered":"","protected":false},"author":9,"featured_media":0,"parent":2053,"menu_order":0,"comment_status":"closed","ping_status":"closed","template":"templates\/template-application-platform.php","meta":{"publish_to_discourse":"","publish_post_category":"","wpdc_auto_publish_overridden":"","wpdc_topic_tags":"","wpdc_pin_topic":"","wpdc_pin_until":"","discourse_post_id":"","discourse_permalink":"","wpdc_publishing_response":"","wpdc_publishing_error":"","footnotes":""},"class_list":["post-10916","page","type-page","status-publish","hentry"],"yoast_head":"<!-- This site is optimized with the Yoast SEO plugin v25.3.1 - https:\/\/yoast.com\/wordpress\/plugins\/seo\/ -->\n<title>Erstellen Sie das beste Besucherz\u00e4hler-Widget f\u00fcr die Webflow-Website (schnell und kostenlos)<\/title>\n<meta name=\"description\" content=\"Es ist ganz einfach, Ihr bestes Besucher-Tracker-Widget zu erstellen und es in Ihre Website einzuf\u00fcgen. Der Elfsight-Kundensupport ist kostenlos.\" \/>\n<meta name=\"robots\" content=\"index, follow, max-snippet:-1, max-image-preview:large, max-video-preview:-1\" \/>\n<link rel=\"canonical\" href=\"https:\/\/elfsight.com\/de\/visitor-counter-widget\/webflow\/\" \/>\n<meta property=\"og:locale\" content=\"de_DE\" \/>\n<meta property=\"og:type\" content=\"article\" \/>\n<meta property=\"og:title\" content=\"Erstellen Sie das beste Besucherz\u00e4hler-Widget f\u00fcr die Webflow-Website (schnell und kostenlos)\" \/>\n<meta property=\"og:description\" content=\"Es ist ganz einfach, Ihr bestes Besucher-Tracker-Widget zu erstellen und es in Ihre Website einzuf\u00fcgen. Der Elfsight-Kundensupport ist kostenlos.\" \/>\n<meta property=\"og:url\" content=\"https:\/\/elfsight.com\/de\/visitor-counter-widget\/webflow\/\" \/>\n<meta property=\"og:site_name\" content=\"Elfsight DE\" \/>\n<meta property=\"article:modified_time\" content=\"2025-02-25T05:37:51+00:00\" \/>\n<meta name=\"twitter:card\" content=\"summary_large_image\" \/>\n<meta name=\"twitter:label1\" content=\"Gesch\u00e4tzte Lesezeit\" \/>\n\t<meta name=\"twitter:data1\" content=\"3\u00a0Minuten\" \/>\n<!-- \/ Yoast SEO plugin. -->","yoast_head_json":{"title":"Erstellen Sie das beste Besucherz\u00e4hler-Widget f\u00fcr die Webflow-Website (schnell und kostenlos)","description":"Es ist ganz einfach, Ihr bestes Besucher-Tracker-Widget zu erstellen und es in Ihre Website einzuf\u00fcgen. Der Elfsight-Kundensupport ist kostenlos.","robots":{"index":"index","follow":"follow","max-snippet":"max-snippet:-1","max-image-preview":"max-image-preview:large","max-video-preview":"max-video-preview:-1"},"canonical":"https:\/\/elfsight.com\/de\/visitor-counter-widget\/webflow\/","og_locale":"de_DE","og_type":"article","og_title":"Erstellen Sie das beste Besucherz\u00e4hler-Widget f\u00fcr die Webflow-Website (schnell und kostenlos)","og_description":"Es ist ganz einfach, Ihr bestes Besucher-Tracker-Widget zu erstellen und es in Ihre Website einzuf\u00fcgen. Der Elfsight-Kundensupport ist kostenlos.","og_url":"https:\/\/elfsight.com\/de\/visitor-counter-widget\/webflow\/","og_site_name":"Elfsight DE","article_modified_time":"2025-02-25T05:37:51+00:00","twitter_card":"summary_large_image","twitter_misc":{"Gesch\u00e4tzte Lesezeit":"3\u00a0Minuten"},"schema":{"@context":"https:\/\/schema.org","@graph":[{"@type":"WebPage","@id":"https:\/\/elfsight.com\/de\/visitor-counter-widget\/webflow\/","url":"https:\/\/elfsight.com\/de\/visitor-counter-widget\/webflow\/","name":"Erstellen Sie das beste Besucherz\u00e4hler-Widget f\u00fcr die Webflow-Website (schnell und kostenlos)","isPartOf":{"@id":"https:\/\/elfsight.com\/de\/#website"},"datePublished":"1970-01-01T00:00:00+00:00","dateModified":"2025-02-25T05:37:51+00:00","description":"Es ist ganz einfach, Ihr bestes Besucher-Tracker-Widget zu erstellen und es in Ihre Website einzuf\u00fcgen. Der Elfsight-Kundensupport ist kostenlos.","breadcrumb":{"@id":"https:\/\/elfsight.com\/de\/visitor-counter-widget\/webflow\/#breadcrumb"},"inLanguage":"de","potentialAction":[{"@type":"ReadAction","target":["https:\/\/elfsight.com\/de\/visitor-counter-widget\/webflow\/"]}]},{"@type":"BreadcrumbList","@id":"https:\/\/elfsight.com\/de\/visitor-counter-widget\/webflow\/#breadcrumb","itemListElement":[{"@type":"ListItem","position":1,"name":"Home","item":"https:\/\/elfsight.com\/de\/"},{"@type":"ListItem","position":2,"name":"Visitor Counter","item":"https:\/\/elfsight.com\/de\/visitor-counter-widget\/"},{"@type":"ListItem","position":3,"name":"Visitor Counter &#8211; Webflow"}]},{"@type":"WebSite","@id":"https:\/\/elfsight.com\/de\/#website","url":"https:\/\/elfsight.com\/de\/","name":"Elfsight DE","description":"Just another Elfsight Sites site","potentialAction":[{"@type":"SearchAction","target":{"@type":"EntryPoint","urlTemplate":"https:\/\/elfsight.com\/de\/?s={search_term_string}"},"query-input":{"@type":"PropertyValueSpecification","valueRequired":true,"valueName":"search_term_string"}}],"inLanguage":"de"}]}},"meta_box":{"industry":"","seo_heading":"","heading":"","description":"","cta_heading":"","cta_description":"","application":"515","h1":"Webflow-Besucherz\u00e4hler-Widget","h1_caption":"Zeigen Sie die Anzahl der Besucher Ihrer Website mit einem Live-Besucherz\u00e4hler an und steigern Sie so m\u00fchelos die Glaubw\u00fcrdigkeit Ihrer Website auf Ihrer Webflow-Website.","application_category":[],"applications_title":"","applications_request_title":"","applications_request_button_text":"","hero_text":"","hero_video":"","hero_video_schema_markup":"","selling_points_title":"","selling_points_caption":"","selling_points":[],"selling_points_cta_text":"","features_title":"","features":"","ed_cta_examples_text":"","ed_cta_examples_hidden":"","ed_cta_demo_text":"","ed_cta_demo_hidden":"","why_caption":"","why_editor_title":"","why_editor_text":"","why_team_title":"","why_team_text":"","why_service_title":"","why_service_text":"","template_catalog_visible":"0","template_catalog_title":"","template_catalog_text":"","template_catalog_categories_visible":"","demo_title":"Erstellen Sie Ihr Besucherz\u00e4hler-Widget","demo_caption":"Konfigurieren Sie Ihren Besucherz\u00e4hler und f\u00fcgen Sie ihn kostenlos zu Ihrer Webflow-Website hinzu!","default_faq_hidden":"","app_template_category":[],"platform":"250","template_public_id":"","codecanyon_url":"","codecanyon_item_id":"","codecanyon_price":"","pricing_caption":"","pricing_elfsight_apps_hide_column":"","pricing_elfsight_apps_url":"","pricing_codecanyon_price_caption":"","integration_category":[],"integration_request_title":"","integration_request_cta":"","integration_platform":"","integrations":[],"platform_category":[],"video_schema_markup":"","price":"ab 0 $ \/ Monat","trial":"","benefits":[{"text":"Kostenloser Installationsservice"},{"text":"Effektiver Kundensupport"},{"text":"14-t\u00e4gige Geld-zur\u00fcck-Garantie"},{"text":"Laufende Verbesserungen"}],"button_url":"#demo","button_target_blank":"0","button_nofollow":"0","attributes":[{"name":"Installiert","content":"10,000 - 100,000"},{"name":"Reaktionsfreudig","content":"Ja"},{"name":"Kompatible Browser","content":"Firefox, Opera, Chrome, Edge, Safari"}],"tags":[],"tags_disable_links":"0","hide_more_platforms":"0","video_object":"","demo_hide_cta":"0","demo_hide_cloud_options":"0","pricing_title":"","pricing":[{"pricing_icon":"platform","pricing_title":"Elfsight Apps","pricing_title_caption":"Multiplattform-Software, die auf jeder Website funktioniert","pricing_price":"ab 0 $ \/ Monat","pricing_price_caption":"Beginnen Sie mit einem kostenlosen Plan","pricing_benefits":[{"text":"Unbegrenzte Domains"},{"text":"Professionelle Unterst\u00fctzung"},{"text":"Kostenlose Installationshilfe"},{"text":"Sonderangebot f\u00fcr mehrere Apps"}],"pricing_button_text":"Zur Website hinzuf\u00fcgen","pricing_button_url":"#demo"}],"related_apps_title":"","related_apps_hidden":"0","author":"","image":[],"title":"","job":"","social_networks":[]},"_links":{"self":[{"href":"https:\/\/elfsight.com\/de\/wp-json\/wp\/v2\/pages\/10916","targetHints":{"allow":["GET"]}}],"collection":[{"href":"https:\/\/elfsight.com\/de\/wp-json\/wp\/v2\/pages"}],"about":[{"href":"https:\/\/elfsight.com\/de\/wp-json\/wp\/v2\/types\/page"}],"author":[{"embeddable":true,"href":"https:\/\/elfsight.com\/de\/wp-json\/wp\/v2\/users\/9"}],"replies":[{"embeddable":true,"href":"https:\/\/elfsight.com\/de\/wp-json\/wp\/v2\/comments?post=10916"}],"version-history":[{"count":3,"href":"https:\/\/elfsight.com\/de\/wp-json\/wp\/v2\/pages\/10916\/revisions"}],"predecessor-version":[{"id":24887,"href":"https:\/\/elfsight.com\/de\/wp-json\/wp\/v2\/pages\/10916\/revisions\/24887"}],"up":[{"embeddable":true,"href":"https:\/\/elfsight.com\/de\/wp-json\/wp\/v2\/pages\/2053"}],"wp:attachment":[{"href":"https:\/\/elfsight.com\/de\/wp-json\/wp\/v2\/media?parent=10916"}],"curies":[{"name":"wp","href":"https:\/\/api.w.org\/{rel}","templated":true}]}}