{"id":10914,"date":"1970-01-01T00:00:00","date_gmt":"1970-01-01T00:00:00","guid":{"rendered":"https:\/\/elfsight.com\/de\/?page_id=10914"},"modified":"2025-02-25T05:39:36","modified_gmt":"2025-02-25T05:39:36","slug":"weebly","status":"publish","type":"page","link":"https:\/\/elfsight.com\/de\/visitor-counter-widget\/weebly\/","title":{"rendered":"Visitor Counter &#8211; Weebly"},"content":{"rendered":"\n<div class=\"application-platform-content-item-description application-platform-content-item\" id=\"description\" data-nav-section=\"description\"> <h2>Beschreibung<\/h2> <p> Visitor Counter f\u00fcr Weebly ist eine praktische App, mit der Sie die Anzahl Ihrer Besucher und die beliebtesten Besucher \u00fcberwachen k\u00f6nnen Seiten, die innerhalb eines bestimmten Zeitraums aufgerufen wurden. Wesentliche Metriken lassen sich jetzt einfach analysieren, ohne dass Kenntnisse in Codierung oder Datenanalyse erforderlich sind. Dar\u00fcber hinaus k\u00f6nnen Sie durch die Nutzung ganz einfach sicherstellen, dass Ihr Publikum ein zuverl\u00e4ssiges Unternehmen ist und mehr neue Kunden oder Abonnenten hat. Mit unseren anpassbaren, stilvollen Optionen und praktischen Layouts k\u00f6nnen Sie mit nur wenigen Klicks das Widget f\u00fcr Ihre Website erstellen. <\/p> <p><b>Machen Sie Ihre E-Commerce-Strategie effizienter und gewinnen Sie mehr Kunden mit Visitor Counter! <\/b><\/p><\/div> <div class=\"application-platform-content-item-features application-platform-content-item\" id=\"features\" data-nav-section=\"features\"> <h2>Im Folgenden sind die Grundfunktionen der App aufgef\u00fchrt: <\/h2> <ul><li>Einfach zu verwalten, auch ohne professionelle Datenkompetenz Analyse und Codierung erforderlich<\/li><li>Eine gro\u00dfe Auswahl an Zeitintervallen zur Verfolgung Ihrer Metriken<\/li><li>Praktische Layouts zur bequemen Verwaltung aller Metriken<\/li><li>Hell, Dunkel und Anpassbare Farbschemata zum Anpassen des Tools <\/li><li>Konfigurieren Sie die Schriftgr\u00f6\u00dfe und -st\u00e4rke <\/li><li>Einfach zu erstellen, auch ohne Programmierkenntnisse <\/li><\/ul><p><a href=\" #demo\">Probieren Sie alle Einstellungen in einer 100 % funktionsf\u00e4higen Demo aus<\/a><\/p> <\/div> <div class=\"application-platform-content-item-installation application-platform-content-item\" id=\"installation\" data-nav-section=\"installation\"> <h2>Wie kann ich einen Besucherz\u00e4hler auf meiner Weebly-Webseite hinzuf\u00fcgen? <\/h2> <div class=\"video-container\"><iframe width=\"560\" height=\"315\" src=\"https:\/\/www.youtube.com\/embed\/VgR9wn35uRY?si=swr9Cv-_lvcdzwE9\" frameborder=\"0\" allow=\"accelerometer; autoplay; clipboard-write; encrypted-media; gyroscope; picture-in-picture; web-share\" allowfullscreen><\/iframe><\/div><p>Befolgen Sie einfach die unten beschriebenen Schritte, um mit der Arbeit mit der App zu beginnen: <\/p> <ol><li><b>\u00d6ffnen Sie unseren kostenlosen Konfigurator und beginnen Sie mit der Erstellung Ihrer individuellen App . <\/b><br> W\u00e4hlen Sie die bevorzugte Benutzeroberfl\u00e4che und die bevorzugten Funktionsmerkmale der App aus und speichern Sie alle Korrekturen. <\/li> <li><b>Sie erhalten Ihren pers\u00f6nlichen Code, der in der Box von Elfsight Apps angezeigt wird. <\/b><br> Sobald die Generierung Ihrer pers\u00f6nlichen App abgeschlossen ist, kopieren Sie den individuellen Code aus dem angezeigten Popup und bewahren Sie ihn f\u00fcr die sp\u00e4tere Verwendung auf. <\/li> <li><b>Beginnen Sie mit der Nutzung der App auf der Weebly-Website. <\/b><br> F\u00fcgen Sie den Code, den Sie k\u00fcrzlich gespeichert haben, in Ihre Webseite ein und speichern Sie die \u00c4nderungen. <\/li> <li><b>Die Installation wurde erfolgreich abgeschlossen. <\/b><br> \u00d6ffnen Sie Ihre Webseite, um die Leistung der App zu \u00fcberpr\u00fcfen. <\/li><\/ol><p>Wenn Sie Fragen haben oder auf Schwierigkeiten sto\u00dfen, k\u00f6nnen Sie sich gerne an unser Kundendienstteam wenden. Unsere Mitarbeiter sind bestrebt, alle Ihre Fragen zum Widget zu beantworten. <\/p> <div class=\"faq\" data-component=\"FAQ\"><div class=\"faq-item\">\r\n\t\t\t\t\t<div class=\"faq-item-question\">\r\n\t\t\t\t\t\t<h3 class=\"faq-item-question-text\">Gibt es eine Option, Besucherz\u00e4hler ohne Codierung in meine Weebly-Website einzubetten?<\/h3>\r\n\r\n\t\t\t\t\t\t<div class=\"faq-item-question-icon\"><\/div>\r\n\t\t\t\t\t<\/div>\r\n\r\n\t\t\t\t\t<div class=\"faq-item-answer\">\r\n\t\t\t\t\t\t<div class=\"faq-item-answer-text\"> <p>Das Unternehmen Elfsight bietet eine SaaS-L\u00f6sung, mit der Benutzer selbst einen Besucherz\u00e4hlerbereich erstellen und entdecken k\u00f6nnen Einfache Anleitung: Gehen Sie zum Live-Editor, um ein Besucherz\u00e4hler-Plugin zu erstellen, das Sie auf der Weebly-Homepage sehen m\u00f6chten. W\u00e4hlen Sie eine unserer vorgefertigten Vorlagen und \u00e4ndern Sie die Besucherz\u00e4hlereinstellungen, \u00e4ndern Sie das Layout und die Farbe der Elemente und f\u00fcgen Sie Ihre Inhalte hinzu \u2013 ohne Programmierkenntnisse. Klicken Sie hier, um den Besucherz\u00e4hler zu speichern und den Installationscode zu erhalten, den Sie einfach und kostenlos in jede Weebly-Webseite einbetten k\u00f6nnen. Mit unserem intuitiven Konfigurator kann jeder Webbenutzer ein Besucherz\u00e4hler-Plugin erstellen und in seine Weebly-Homepage einbetten. Es ist nicht erforderlich, zu bezahlen oder Ihre Kartendaten einzugeben, um auf den Dienst zuzugreifen. Wenn Sie auf Probleme jeglicher Art sto\u00dfen, z\u00f6gern Sie nicht, unser technisches Support-Team zu kontaktieren.<\/p> <\/div>\r\n\t\t\t\t\t<\/div>\r\n\t\t\t\t<\/div> <\/div><\/div>\n","protected":false},"excerpt":{"rendered":"","protected":false},"author":9,"featured_media":0,"parent":2053,"menu_order":0,"comment_status":"closed","ping_status":"closed","template":"templates\/template-application-platform.php","meta":{"publish_to_discourse":"","publish_post_category":"","wpdc_auto_publish_overridden":"","wpdc_topic_tags":"","wpdc_pin_topic":"","wpdc_pin_until":"","discourse_post_id":"","discourse_permalink":"","wpdc_publishing_response":"","wpdc_publishing_error":"","footnotes":""},"class_list":["post-10914","page","type-page","status-publish","hentry"],"yoast_head":"<!-- This site is optimized with the Yoast SEO plugin v25.3.1 - https:\/\/yoast.com\/wordpress\/plugins\/seo\/ -->\n<title>Besucherz\u00e4hler-App zur Weebly-Website (schnell und kostenlos)<\/title>\n<meta name=\"description\" content=\"Zeigen Sie das beste Besucherz\u00e4hler-Plugin auf Ihrer Weebly-Website an. Lernen Sie unseren interaktiven Editor kennen und erstellen Sie in nur 1 Minute ein pers\u00f6nliches Hit Counter-Widget.\" \/>\n<meta name=\"robots\" content=\"index, follow, max-snippet:-1, max-image-preview:large, max-video-preview:-1\" \/>\n<link rel=\"canonical\" href=\"https:\/\/elfsight.com\/de\/visitor-counter-widget\/weebly\/\" \/>\n<meta property=\"og:locale\" content=\"de_DE\" \/>\n<meta property=\"og:type\" content=\"article\" \/>\n<meta property=\"og:title\" content=\"Besucherz\u00e4hler-App zur Weebly-Website (schnell und kostenlos)\" \/>\n<meta property=\"og:description\" content=\"Zeigen Sie das beste Besucherz\u00e4hler-Plugin auf Ihrer Weebly-Website an. Lernen Sie unseren interaktiven Editor kennen und erstellen Sie in nur 1 Minute ein pers\u00f6nliches Hit Counter-Widget.\" \/>\n<meta property=\"og:url\" content=\"https:\/\/elfsight.com\/de\/visitor-counter-widget\/weebly\/\" \/>\n<meta property=\"og:site_name\" content=\"Elfsight DE\" \/>\n<meta property=\"article:modified_time\" content=\"2025-02-25T05:39:36+00:00\" \/>\n<meta name=\"twitter:card\" content=\"summary_large_image\" \/>\n<meta name=\"twitter:label1\" content=\"Gesch\u00e4tzte Lesezeit\" \/>\n\t<meta name=\"twitter:data1\" content=\"3\u00a0Minuten\" \/>\n<!-- \/ Yoast SEO plugin. -->","yoast_head_json":{"title":"Besucherz\u00e4hler-App zur Weebly-Website (schnell und kostenlos)","description":"Zeigen Sie das beste Besucherz\u00e4hler-Plugin auf Ihrer Weebly-Website an. Lernen Sie unseren interaktiven Editor kennen und erstellen Sie in nur 1 Minute ein pers\u00f6nliches Hit Counter-Widget.","robots":{"index":"index","follow":"follow","max-snippet":"max-snippet:-1","max-image-preview":"max-image-preview:large","max-video-preview":"max-video-preview:-1"},"canonical":"https:\/\/elfsight.com\/de\/visitor-counter-widget\/weebly\/","og_locale":"de_DE","og_type":"article","og_title":"Besucherz\u00e4hler-App zur Weebly-Website (schnell und kostenlos)","og_description":"Zeigen Sie das beste Besucherz\u00e4hler-Plugin auf Ihrer Weebly-Website an. Lernen Sie unseren interaktiven Editor kennen und erstellen Sie in nur 1 Minute ein pers\u00f6nliches Hit Counter-Widget.","og_url":"https:\/\/elfsight.com\/de\/visitor-counter-widget\/weebly\/","og_site_name":"Elfsight DE","article_modified_time":"2025-02-25T05:39:36+00:00","twitter_card":"summary_large_image","twitter_misc":{"Gesch\u00e4tzte Lesezeit":"3\u00a0Minuten"},"schema":{"@context":"https:\/\/schema.org","@graph":[{"@type":"WebPage","@id":"https:\/\/elfsight.com\/de\/visitor-counter-widget\/weebly\/","url":"https:\/\/elfsight.com\/de\/visitor-counter-widget\/weebly\/","name":"Besucherz\u00e4hler-App zur Weebly-Website (schnell und kostenlos)","isPartOf":{"@id":"https:\/\/elfsight.com\/de\/#website"},"datePublished":"1970-01-01T00:00:00+00:00","dateModified":"2025-02-25T05:39:36+00:00","description":"Zeigen Sie das beste Besucherz\u00e4hler-Plugin auf Ihrer Weebly-Website an. Lernen Sie unseren interaktiven Editor kennen und erstellen Sie in nur 1 Minute ein pers\u00f6nliches Hit Counter-Widget.","breadcrumb":{"@id":"https:\/\/elfsight.com\/de\/visitor-counter-widget\/weebly\/#breadcrumb"},"inLanguage":"de","potentialAction":[{"@type":"ReadAction","target":["https:\/\/elfsight.com\/de\/visitor-counter-widget\/weebly\/"]}]},{"@type":"BreadcrumbList","@id":"https:\/\/elfsight.com\/de\/visitor-counter-widget\/weebly\/#breadcrumb","itemListElement":[{"@type":"ListItem","position":1,"name":"Home","item":"https:\/\/elfsight.com\/de\/"},{"@type":"ListItem","position":2,"name":"Visitor Counter","item":"https:\/\/elfsight.com\/de\/visitor-counter-widget\/"},{"@type":"ListItem","position":3,"name":"Visitor Counter &#8211; Weebly"}]},{"@type":"WebSite","@id":"https:\/\/elfsight.com\/de\/#website","url":"https:\/\/elfsight.com\/de\/","name":"Elfsight DE","description":"Just another Elfsight Sites site","potentialAction":[{"@type":"SearchAction","target":{"@type":"EntryPoint","urlTemplate":"https:\/\/elfsight.com\/de\/?s={search_term_string}"},"query-input":{"@type":"PropertyValueSpecification","valueRequired":true,"valueName":"search_term_string"}}],"inLanguage":"de"}]}},"meta_box":{"industry":"","seo_heading":"","heading":"","description":"","cta_heading":"","cta_description":"","application":"515","h1":"Weebly Besucherz\u00e4hler-App","h1_caption":"Zeigen Sie die Anzahl der Besucher Ihrer Website mit einem Live-Besucherz\u00e4hler an und steigern Sie so m\u00fchelos die Glaubw\u00fcrdigkeit Ihrer Website auf Ihrer Weebly-Website.","application_category":[],"applications_title":"","applications_request_title":"","applications_request_button_text":"","hero_text":"","hero_video":"","hero_video_schema_markup":"","selling_points_title":"","selling_points_caption":"","selling_points":[],"selling_points_cta_text":"","features_title":"","features":"","ed_cta_examples_text":"","ed_cta_examples_hidden":"","ed_cta_demo_text":"","ed_cta_demo_hidden":"","why_caption":"","why_editor_title":"","why_editor_text":"","why_team_title":"","why_team_text":"","why_service_title":"","why_service_text":"","template_catalog_visible":"0","template_catalog_title":"","template_catalog_text":"","template_catalog_categories_visible":"","demo_title":"Erstellen Sie Ihre Besucherz\u00e4hler-App","demo_caption":"Konfigurieren Sie Ihren Besucherz\u00e4hler und f\u00fcgen Sie ihn kostenlos zu Ihrer Weebly-Website hinzu!","default_faq_hidden":"","app_template_category":[],"platform":"249","template_public_id":"","codecanyon_url":"","codecanyon_item_id":"","codecanyon_price":"","pricing_caption":"","pricing_elfsight_apps_hide_column":"","pricing_elfsight_apps_url":"","pricing_codecanyon_price_caption":"","integration_category":[],"integration_request_title":"","integration_request_cta":"","integration_platform":"","integrations":[],"platform_category":[],"video_schema_markup":"","price":"ab 0 $ \/ Monat","trial":"","benefits":[{"text":"Kostenloser Installationsservice"},{"text":"Au\u00dfergew\u00f6hnlicher Support"},{"text":"14-t\u00e4gige Geld-zur\u00fcck-Garantie"},{"text":"Fortlaufende Entwicklung"}],"button_url":"#demo","button_target_blank":"0","button_nofollow":"0","attributes":[{"name":"Installiert","content":"10,000 - 100,000"},{"name":"Reaktionsfreudig","content":"Ja"},{"name":"Kompatible Browser","content":"Firefox, Safari, Opera, Chrome, Edge"}],"tags":[],"tags_disable_links":"0","hide_more_platforms":"0","video_object":"","demo_hide_cta":"0","demo_hide_cloud_options":"0","pricing_title":"","pricing":[{"pricing_icon":"platform","pricing_title":"Elfsight Apps","pricing_title_caption":"Plattform\u00fcbergreifende digitale L\u00f6sung","pricing_price":"ab 0 $ \/ Monat","pricing_price_caption":"Beginnen Sie mit einem kostenlosen Plan","pricing_benefits":[{"text":"Unbegrenzte Domains"},{"text":"Erstklassiger und p\u00fcnktlicher Support und gut dokumentiert"},{"text":"Kostenloser Installationssupport"},{"text":"Vollst\u00e4ndig anpassbar"}],"pricing_button_text":"Zur Website hinzuf\u00fcgen","pricing_button_url":"#demo"}],"related_apps_title":"","related_apps_hidden":"0","author":"","image":[],"title":"","job":"","social_networks":[]},"_links":{"self":[{"href":"https:\/\/elfsight.com\/de\/wp-json\/wp\/v2\/pages\/10914","targetHints":{"allow":["GET"]}}],"collection":[{"href":"https:\/\/elfsight.com\/de\/wp-json\/wp\/v2\/pages"}],"about":[{"href":"https:\/\/elfsight.com\/de\/wp-json\/wp\/v2\/types\/page"}],"author":[{"embeddable":true,"href":"https:\/\/elfsight.com\/de\/wp-json\/wp\/v2\/users\/9"}],"replies":[{"embeddable":true,"href":"https:\/\/elfsight.com\/de\/wp-json\/wp\/v2\/comments?post=10914"}],"version-history":[{"count":3,"href":"https:\/\/elfsight.com\/de\/wp-json\/wp\/v2\/pages\/10914\/revisions"}],"predecessor-version":[{"id":24888,"href":"https:\/\/elfsight.com\/de\/wp-json\/wp\/v2\/pages\/10914\/revisions\/24888"}],"up":[{"embeddable":true,"href":"https:\/\/elfsight.com\/de\/wp-json\/wp\/v2\/pages\/2053"}],"wp:attachment":[{"href":"https:\/\/elfsight.com\/de\/wp-json\/wp\/v2\/media?parent=10914"}],"curies":[{"name":"wp","href":"https:\/\/api.w.org\/{rel}","templated":true}]}}