{"id":10913,"date":"1970-01-01T00:00:00","date_gmt":"1970-01-01T00:00:00","guid":{"rendered":"https:\/\/elfsight.com\/de\/?page_id=10913"},"modified":"2025-02-25T05:40:57","modified_gmt":"2025-02-25T05:40:57","slug":"wix","status":"publish","type":"page","link":"https:\/\/elfsight.com\/de\/visitor-counter-widget\/wix\/","title":{"rendered":"Visitor Counter &#8211; Wix"},"content":{"rendered":"\n<div class=\"application-platform-content-item-description application-platform-content-item\" id=\"description\" data-nav-section=\"description\"><h2>Beschreibung<\/h2> <p> Der Besucherz\u00e4hler f\u00fcr Wix ist ein unkompliziertes Tool, mit dem Sie Ihre Besucherzahl und die beliebtesten Seiten kontrollieren k\u00f6nnen innerhalb eines genauen Zeitraums angezeigt. Wichtige Statistiken k\u00f6nnen jetzt bequem \u00fcberpr\u00fcft werden, ohne dass besondere Programmier- oder Datenanalysekenntnisse erforderlich sind. Dar\u00fcber hinaus k\u00f6nnen Sie den Nutzern ganz einfach versichern, dass Sie ein zuverl\u00e4ssiges Unternehmen sind und viel mehr neue Kunden oder Abonnenten gewinnen. Mit unseren anpassbaren, stilvollen Optionen und praktischen Layouts k\u00f6nnen Sie die App mit nur einem Klick in Ihre Seite integrieren. <\/p> <p><b>Betten Sie den Besucherz\u00e4hler ein, um Ihren E-Commerce-Plan zu verbessern und Ihre Herausforderungen schneller zu meistern! <\/b><\/p><\/div> <div class=\"application-platform-content-item-features application-platform-content-item\" id=\"features\" data-nav-section=\"features\"> <h2>Dies sind nur einige der vielen App-Funktionen: <\/h2> <ul><li>Einfach zu bedienen ohne professionelle Kenntnisse von Analyse und Codierung erforderlich<\/li><li>Eine gro\u00dfe Auswahl an Zeitr\u00e4umen, um Ihre Statistiken zu \u00fcberpr\u00fcfen<\/li><li>N\u00fctzliche Layouts, um alle Punkte auf praktische Weise zu verwalten <\/li><li>Hell, Dunkel und Anpassbare Farbschemata zum Anpassen des Tools <\/li><li>Passen Sie die Schriftgr\u00f6\u00dfe und -st\u00e4rke an <\/li><li>Einfach auf der Website hinzuzuf\u00fcgen, auch ohne Programmierkenntnisse <\/li><\/ul><p><a href=\"#demo\">Entdecken Sie alle Einstellungen in der Demo mit vollem Funktionsumfang<\/a><\/p> <\/div> <div class=\"application-platform-content-item-installation application-platform-content-item\" id=\"installation\" data-nav-section=\"installation\"> <h2>Wie kann ich Visitor Tracker auf meiner Wix-Webseite einbetten? <\/h2> <div class=\"video-container\"><iframe width=\"560\" height=\"315\" src=\"https:\/\/www.youtube.com\/embed\/2Gsps851Uoo?si=v29kzdPdhJzqDF1m\" frameborder=\"0\" allow=\"accelerometer; autoplay; clipboard-write; encrypted-media; gyroscope; picture-in-picture; web-share\" allowfullscreen><\/iframe><\/div><p>Befolgen Sie einfach die unten aufgef\u00fchrten Schritte, um die App zu aktivieren:<\/p> <ol><li><b>Starten Sie unseren kostenlosen Editor und beginnen Sie mit der Gestaltung Ihrer ma\u00dfgeschneiderten App. <\/b><br> Bestimmen Sie die benutzerdefinierte Benutzeroberfl\u00e4che und die Eigenschaften der App und speichern Sie die \u00c4nderungen. <\/li> <li><b>Ihr pers\u00f6nlicher Code erscheint im Feld von Elfsight Apps. <\/b><br> Nachdem Sie Ihr pers\u00f6nliches Widget eingerichtet haben, kopieren Sie den individuellen Code aus dem angezeigten Fenster und speichern Sie ihn f\u00fcr die zuk\u00fcnftige Verwendung. <\/li> <li><b>Initiieren Sie die Anwendung der App auf Ihrer Wix-Webseite. <\/b><br> Betten Sie den zuvor gespeicherten Code in Ihre Website ein und speichern Sie die \u00c4nderungen. <\/li> <li><b>Du bist fertig! Die Einbettung ist vollst\u00e4ndig durchgef\u00fchrt. <\/b><br> Besuchen Sie Ihre Website, um zu \u00fcberpr\u00fcfen, wie die App funktioniert. <\/li><\/ol> <p>Wenn Sie Fragen haben oder auf Schwierigkeiten sto\u00dfen, scheuen Sie sich nicht, sich an unser Support-Team zu wenden. Unsere Mitarbeiter helfen Ihnen gerne bei allen Schwierigkeiten, die Sie mit der App haben k\u00f6nnten. <\/p> <div class=\"faq\" data-component=\"FAQ\"><div class=\"faq-item\">\r\n\t\t\t\t\t<div class=\"faq-item-question\">\r\n\t\t\t\t\t\t<h3 class=\"faq-item-question-text\">Gibt es eine Option, Besucherz\u00e4hler ohne Programmierkenntnisse zu meiner Wix-Webseite hinzuzuf\u00fcgen?<\/h3>\r\n\r\n\t\t\t\t\t\t<div class=\"faq-item-question-icon\"><\/div>\r\n\t\t\t\t\t<\/div>\r\n\r\n\t\t\t\t\t<div class=\"faq-item-answer\">\r\n\t\t\t\t\t\t<div class=\"faq-item-answer-text\"> <p>Elfsight bietet eine SaaS-L\u00f6sung, mit der Sie selbst ein Besucherz\u00e4hler-Widget erstellen k\u00f6nnen. Sehen Sie, wie einfach der Vorgang ist: Gehen Sie zum Online-Editor, um ein Besucherz\u00e4hler-Plugin zu erstellen, das Sie in Ihre Wix-Webseite integrieren m\u00f6chten. W\u00e4hlen Sie eine der vorgefertigten Vorlagen und \u00e4ndern Sie die Besucherz\u00e4hlereinstellungen, \u00e4ndern Sie das Layout und die Farbe der Elemente und aktualisieren Sie Ihre Inhalte, ohne Programmiererfahrung zu haben. Klicken Sie hier, um die Einstellungen, die Sie im Besucherz\u00e4hler vorgenommen haben, zu speichern und den Installationscode zu kopieren, den Sie m\u00fchelos in die Wix-Webseite einf\u00fcgen k\u00f6nnen, ohne ein kostenpflichtiges Abonnement erwerben zu m\u00fcssen. Mit dem benutzerfreundlichen Konfigurator kann jeder Internetnutzer online ein Besucherz\u00e4hler-Plugin erstellen und es m\u00fchelos in jede Website von Wix einbetten. Sie m\u00fcssen keinen kostenpflichtigen Plan abschlie\u00dfen oder Ihre Kartendaten angeben, um an unserem Service teilzunehmen. Wenn Sie bei irgendeinem Schritt auf Probleme sto\u00dfen, z\u00f6gern Sie nicht, sich an unser technisches Support-Team zu wenden.<\/p> <\/div>\r\n\t\t\t\t\t<\/div>\r\n\t\t\t\t<\/div> <\/div><\/div>\n","protected":false},"excerpt":{"rendered":"","protected":false},"author":9,"featured_media":0,"parent":2053,"menu_order":0,"comment_status":"closed","ping_status":"closed","template":"templates\/template-application-platform.php","meta":{"publish_to_discourse":"","publish_post_category":"","wpdc_auto_publish_overridden":"","wpdc_topic_tags":"","wpdc_pin_topic":"","wpdc_pin_until":"","discourse_post_id":"","discourse_permalink":"","wpdc_publishing_response":"","wpdc_publishing_error":"","footnotes":""},"class_list":["post-10913","page","type-page","status-publish","hentry"],"yoast_head":"<!-- This site is optimized with the Yoast SEO plugin v25.3.1 - https:\/\/yoast.com\/wordpress\/plugins\/seo\/ -->\n<title>Hit Counter \u2013 Besucherz\u00e4hler-Plugin zu Wix hinzuf\u00fcgen (kostenlos und schnell)<\/title>\n<meta name=\"description\" content=\"Entwerfen Sie Ihre beste Hit Counter-App und betten Sie sie schnell und einfach in Ihre Website ein. Wir bieten kostenlosen Kundensupport und andere Boni.\" \/>\n<meta name=\"robots\" content=\"index, follow, max-snippet:-1, max-image-preview:large, max-video-preview:-1\" \/>\n<link rel=\"canonical\" href=\"https:\/\/elfsight.com\/de\/visitor-counter-widget\/wix\/\" \/>\n<meta property=\"og:locale\" content=\"de_DE\" \/>\n<meta property=\"og:type\" content=\"article\" \/>\n<meta property=\"og:title\" content=\"Hit Counter \u2013 Besucherz\u00e4hler-Plugin zu Wix hinzuf\u00fcgen (kostenlos und schnell)\" \/>\n<meta property=\"og:description\" content=\"Entwerfen Sie Ihre beste Hit Counter-App und betten Sie sie schnell und einfach in Ihre Website ein. Wir bieten kostenlosen Kundensupport und andere Boni.\" \/>\n<meta property=\"og:url\" content=\"https:\/\/elfsight.com\/de\/visitor-counter-widget\/wix\/\" \/>\n<meta property=\"og:site_name\" content=\"Elfsight DE\" \/>\n<meta property=\"article:modified_time\" content=\"2025-02-25T05:40:57+00:00\" \/>\n<meta name=\"twitter:card\" content=\"summary_large_image\" \/>\n<meta name=\"twitter:label1\" content=\"Gesch\u00e4tzte Lesezeit\" \/>\n\t<meta name=\"twitter:data1\" content=\"3\u00a0Minuten\" \/>\n<!-- \/ Yoast SEO plugin. -->","yoast_head_json":{"title":"Hit Counter \u2013 Besucherz\u00e4hler-Plugin zu Wix hinzuf\u00fcgen (kostenlos und schnell)","description":"Entwerfen Sie Ihre beste Hit Counter-App und betten Sie sie schnell und einfach in Ihre Website ein. Wir bieten kostenlosen Kundensupport und andere Boni.","robots":{"index":"index","follow":"follow","max-snippet":"max-snippet:-1","max-image-preview":"max-image-preview:large","max-video-preview":"max-video-preview:-1"},"canonical":"https:\/\/elfsight.com\/de\/visitor-counter-widget\/wix\/","og_locale":"de_DE","og_type":"article","og_title":"Hit Counter \u2013 Besucherz\u00e4hler-Plugin zu Wix hinzuf\u00fcgen (kostenlos und schnell)","og_description":"Entwerfen Sie Ihre beste Hit Counter-App und betten Sie sie schnell und einfach in Ihre Website ein. Wir bieten kostenlosen Kundensupport und andere Boni.","og_url":"https:\/\/elfsight.com\/de\/visitor-counter-widget\/wix\/","og_site_name":"Elfsight DE","article_modified_time":"2025-02-25T05:40:57+00:00","twitter_card":"summary_large_image","twitter_misc":{"Gesch\u00e4tzte Lesezeit":"3\u00a0Minuten"},"schema":{"@context":"https:\/\/schema.org","@graph":[{"@type":"WebPage","@id":"https:\/\/elfsight.com\/de\/visitor-counter-widget\/wix\/","url":"https:\/\/elfsight.com\/de\/visitor-counter-widget\/wix\/","name":"Hit Counter \u2013 Besucherz\u00e4hler-Plugin zu Wix hinzuf\u00fcgen (kostenlos und schnell)","isPartOf":{"@id":"https:\/\/elfsight.com\/de\/#website"},"datePublished":"1970-01-01T00:00:00+00:00","dateModified":"2025-02-25T05:40:57+00:00","description":"Entwerfen Sie Ihre beste Hit Counter-App und betten Sie sie schnell und einfach in Ihre Website ein. Wir bieten kostenlosen Kundensupport und andere Boni.","breadcrumb":{"@id":"https:\/\/elfsight.com\/de\/visitor-counter-widget\/wix\/#breadcrumb"},"inLanguage":"de","potentialAction":[{"@type":"ReadAction","target":["https:\/\/elfsight.com\/de\/visitor-counter-widget\/wix\/"]}]},{"@type":"BreadcrumbList","@id":"https:\/\/elfsight.com\/de\/visitor-counter-widget\/wix\/#breadcrumb","itemListElement":[{"@type":"ListItem","position":1,"name":"Home","item":"https:\/\/elfsight.com\/de\/"},{"@type":"ListItem","position":2,"name":"Visitor Counter","item":"https:\/\/elfsight.com\/de\/visitor-counter-widget\/"},{"@type":"ListItem","position":3,"name":"Visitor Counter &#8211; Wix"}]},{"@type":"WebSite","@id":"https:\/\/elfsight.com\/de\/#website","url":"https:\/\/elfsight.com\/de\/","name":"Elfsight DE","description":"Just another Elfsight Sites site","potentialAction":[{"@type":"SearchAction","target":{"@type":"EntryPoint","urlTemplate":"https:\/\/elfsight.com\/de\/?s={search_term_string}"},"query-input":{"@type":"PropertyValueSpecification","valueRequired":true,"valueName":"search_term_string"}}],"inLanguage":"de"}]}},"meta_box":{"industry":"","seo_heading":"","heading":"","description":"","cta_heading":"","cta_description":"","application":"515","h1":"Wix Besucherz\u00e4hler-App","h1_caption":"Zeigen Sie die Anzahl der Besucher Ihrer Website mit einem Live-Besucherz\u00e4hler an und steigern Sie so m\u00fchelos die Glaubw\u00fcrdigkeit Ihrer Website auf Ihrer Wix-Website.","application_category":[],"applications_title":"","applications_request_title":"","applications_request_button_text":"","hero_text":"","hero_video":"","hero_video_schema_markup":"","selling_points_title":"","selling_points_caption":"","selling_points":[],"selling_points_cta_text":"","features_title":"","features":"","ed_cta_examples_text":"","ed_cta_examples_hidden":"","ed_cta_demo_text":"","ed_cta_demo_hidden":"","why_caption":"","why_editor_title":"","why_editor_text":"","why_team_title":"","why_team_text":"","why_service_title":"","why_service_text":"","template_catalog_visible":"0","template_catalog_title":"","template_catalog_text":"","template_catalog_categories_visible":"","demo_title":"Erstellen Sie Ihre Besucherz\u00e4hler-App","demo_caption":"Konfigurieren Sie Ihren Besucherz\u00e4hler und f\u00fcgen Sie ihn kostenlos zu Ihrer Wix-Website hinzu!","default_faq_hidden":"","app_template_category":[],"platform":"265","template_public_id":"","codecanyon_url":"","codecanyon_item_id":"","codecanyon_price":"","pricing_caption":"","pricing_elfsight_apps_hide_column":"","pricing_elfsight_apps_url":"","pricing_codecanyon_price_caption":"","integration_category":[],"integration_request_title":"","integration_request_cta":"","integration_platform":"","integrations":[],"platform_category":[],"video_schema_markup":"","price":"ab 0 $ \/ Monat","trial":"","benefits":[{"text":"Kostenlose Installationsunterst\u00fctzung"},{"text":"Erfahrener Kundensupport"},{"text":"14-t\u00e4gige Geld-zur\u00fcck-Garantie"},{"text":"Kontinuierliche kostenlose Verbesserungen"}],"button_url":"#demo","button_target_blank":"0","button_nofollow":"0","attributes":[{"name":"Installiert","content":"10,000 - 100,000"},{"name":"Reaktionsfreudig","content":"Ja"},{"name":"Kompatible Browser","content":"Firefox, Safari, Opera, Chrome, Edge"}],"tags":[],"tags_disable_links":"0","hide_more_platforms":"0","video_object":"","demo_hide_cta":"0","demo_hide_cloud_options":"0","pricing_title":"","pricing":[{"pricing_icon":"platform","pricing_title":"Elfsight Apps","pricing_title_caption":"Multiplattform-Version, die auf jeder Website funktioniert","pricing_price":"ab 0 $ \/ Monat","pricing_price_caption":"Beginnen Sie mit einem kostenlosen Plan","pricing_benefits":[{"text":"Unbegrenzte Domains"},{"text":"Premium-Kundensupport"},{"text":"Kostenlose Installationsunterst\u00fctzung"},{"text":"Sonderangebot f\u00fcr mehrere Apps"}],"pricing_button_text":"Zur Website hinzuf\u00fcgen","pricing_button_url":"#demo"}],"related_apps_title":"","related_apps_hidden":"0","author":"","image":[],"title":"","job":"","social_networks":[]},"_links":{"self":[{"href":"https:\/\/elfsight.com\/de\/wp-json\/wp\/v2\/pages\/10913","targetHints":{"allow":["GET"]}}],"collection":[{"href":"https:\/\/elfsight.com\/de\/wp-json\/wp\/v2\/pages"}],"about":[{"href":"https:\/\/elfsight.com\/de\/wp-json\/wp\/v2\/types\/page"}],"author":[{"embeddable":true,"href":"https:\/\/elfsight.com\/de\/wp-json\/wp\/v2\/users\/9"}],"replies":[{"embeddable":true,"href":"https:\/\/elfsight.com\/de\/wp-json\/wp\/v2\/comments?post=10913"}],"version-history":[{"count":3,"href":"https:\/\/elfsight.com\/de\/wp-json\/wp\/v2\/pages\/10913\/revisions"}],"predecessor-version":[{"id":24889,"href":"https:\/\/elfsight.com\/de\/wp-json\/wp\/v2\/pages\/10913\/revisions\/24889"}],"up":[{"embeddable":true,"href":"https:\/\/elfsight.com\/de\/wp-json\/wp\/v2\/pages\/2053"}],"wp:attachment":[{"href":"https:\/\/elfsight.com\/de\/wp-json\/wp\/v2\/media?parent=10913"}],"curies":[{"name":"wp","href":"https:\/\/api.w.org\/{rel}","templated":true}]}}