{"id":10906,"date":"1970-01-01T00:00:00","date_gmt":"1970-01-01T00:00:00","guid":{"rendered":"https:\/\/elfsight.com\/de\/?page_id=10906"},"modified":"2025-02-25T05:44:09","modified_gmt":"2025-02-25T05:44:09","slug":"google-sites","status":"publish","type":"page","link":"https:\/\/elfsight.com\/de\/visitor-counter-widget\/google-sites\/","title":{"rendered":"Visitor Counter &#8211; Google Sites"},"content":{"rendered":"\n<div class=\"application-platform-content-item-description application-platform-content-item\" id=\"description\" data-nav-section=\"description\"> <h2>Besucherz\u00e4hler auf Google Sites mit dem Elfsight-Widget einbetten<\/h2> <p>Besucherz\u00e4hler f\u00fcr Google Sites ist ein einfaches Widget, mit dem Sie um Ihre Besucherzahl und die beliebtesten Seiten, die innerhalb eines bestimmten Zeitraums aufgerufen wurden, zu kontrollieren. Grundlegende Metriken k\u00f6nnen jetzt bequem analysiert werden, ohne dass spezielle Programmier- oder Datenanalysekenntnisse erforderlich sind. Dar\u00fcber hinaus k\u00f6nnen Sie damit den Benutzern ganz einfach versichern, dass Sie ein vertrauensw\u00fcrdiges Unternehmen sind, und viel mehr Leads erhalten. Mit unseren anpassbaren, stilvollen Optionen und praktischen Layouts k\u00f6nnen Sie das Widget mit nur wenigen Klicks in Ihre Website integrieren.<\/p> <p><b>Machen Sie Ihre E-Commerce-Strategie erfolgreicher und gewinnen Sie mehr Leads mit Besucherz\u00e4hler<\/b><\/p><\/div><div class=\"application-platform-content-item-features application-platform-content-item\" id=\"features\" data-nav-section=\"features\"> <h2>Das Widget bietet praktische und einfache Funktionen, sehen Sie sich einige davon an: <\/h2> <ul><li>Verwenden Sie CTA-Schaltfl\u00e4chen, um die Website zu leiten Besucher in Richtung Konvertierung<\/li><li>Einfach zu verwalten, ohne dass besondere SEO- und Programmierkenntnisse erforderlich sind<\/li><li>Eine gro\u00dfe Auswahl an Zeitintervallen zum Z\u00e4hlen Ihrer Metriken<\/li><li> N\u00fctzliche Layouts Organisieren Sie alle Informationen auf zug\u00e4ngliche Weise. <\/li><li>Helle, dunkle und anpassbare Farbschemata, um das Tool stilvoll zu gestalten. <\/li><li> Konfigurieren Sie die Schriftgr\u00f6\u00dfe und -st\u00e4rke. <\/li><li> Einfach zu auch f\u00fcr technisch nicht versierte Benutzer umsetzbar <\/li><\/ul><p><a href=\"#demo\">Mit Hilfe der Demo k\u00f6nnen Sie herausfinden, was das Widget wert ist<\/a><\/p> <\/div><div class=\"application-platform-content-item-installation application-platform-content-item\" id=\"installation\" data-nav-section=\"installation\"> <h2>Wie bette ich den Besucherz\u00e4hler in meine Google Sites-Website ein? <\/h2> <div class=\"video-container\"><iframe width=\"560\" height=\"315\" src=\"https:\/\/www.youtube.com\/embed\/QQe1MjAH3WY?si=M6_78lih0WLNlgx_\" frameborder=\"0\" allow=\"accelerometer; autoplay; clipboard-write; encrypted-media; gyroscope; picture-in-picture; web-share\" allowfullscreen><\/iframe><\/div><p>Befolgen Sie einfach die unten aufgef\u00fchrten Schritte, um das Tool hinzuzuf\u00fcgen. <\/p> <ol><li><b>\u00d6ffnen Sie unseren kostenlosen Editor und beginnen Sie mit der Erstellung Ihres eigenen Widgets. <\/b><br> Bestimmen Sie die benutzerdefinierte Benutzeroberfl\u00e4che und die Optionen des Plugins und \u00fcbernehmen Sie die \u00c4nderungen. <\/li> <li><b>Sie erhalten Ihren individuellen Code, der im Feld von Elfsight Apps angezeigt wird. <\/b><br> Sobald die Generierung Ihres pers\u00f6nlichen Plugins abgeschlossen ist, kopieren Sie den pers\u00f6nlichen Code im angezeigten Fenster und bewahren Sie ihn f\u00fcr die sp\u00e4tere Verwendung auf. <\/li> <li><b>Erste Schritte mit der Verwendung des Tools auf der Google Sites-Startseite. <\/b><br> Geben Sie den zuvor gespeicherten Code auf Ihrer Homepage ein und speichern Sie die Anpassungen. <\/li> <li><b>Du bist fertig! Die Integration wurde erfolgreich durchgef\u00fchrt. <\/b><br> Gehen Sie zu Ihrer Seite, um einen Blick auf die Leistung des Widgets zu werfen. <\/li><\/ol> <div class=\"tip-yellow tip\"><b>Aufgrund der Besonderheiten der Google Sites-Funktion sieht das Widget m\u00f6glicherweise anders aus als die Online-Demo. Wir entschuldigen uns f\u00fcr etwaige Unannehmlichkeiten.<\/b><\/div><p>Wenn Sie auf Probleme sto\u00dfen, k\u00f6nnen Sie sich jederzeit an unser Support-Team wenden. Unsere Berater sind bestrebt, alle Probleme zu l\u00f6sen, die Sie m\u00f6glicherweise mit dem Plugin haben. <\/p> <div class=\"faq\" data-component=\"FAQ\"><div class=\"faq-item\">\r\n\t\t\t\t\t<div class=\"faq-item-question\">\r\n\t\t\t\t\t\t<h3 class=\"faq-item-question-text\">Gibt es eine Methode zum Einbetten von Besucherz\u00e4hlern in meine Google Sites-Website ohne Programmierkenntnisse?<\/h3>\r\n\r\n\t\t\t\t\t\t<div class=\"faq-item-question-icon\"><\/div>\r\n\t\t\t\t\t<\/div>\r\n\r\n\t\t\t\t\t<div class=\"faq-item-answer\">\r\n\t\t\t\t\t\t<div class=\"faq-item-answer-text\"> <p>Das Unternehmen Elfsight bietet eine Cloud-L\u00f6sung an, mit der Websitebesitzer ein Besucherz\u00e4hler-Plugin erstellen k\u00f6nnen Erfahren Sie selbst, wie unkompliziert der Vorgang ist: Erstellen Sie im Live-Editor ein Besucherz\u00e4hler-Widget, das Sie in Ihre Google Sites-Website integrieren m\u00f6chten. Entscheiden Sie sich f\u00fcr eine der vielen vorgefertigten Vorlagen und passen Sie die Besucherz\u00e4hlereinstellungen an, \u00e4ndern Sie das Layout und das Farbschema und f\u00fcgen Sie Ihre Inhalte hinzu \u2013 ganz ohne Programmierkenntnisse. Speichern Sie die von Ihnen vorgenommenen Einstellungen im Besucherz\u00e4hler und erhalten Sie den Installationscode, der kostenlos in Ihre Google Sites-Website eingebunden werden kann. Mit Hilfe unseres benutzerfreundlichen Editors kann jeder Internetnutzer online einen Besucherz\u00e4hlerbereich erstellen und ihn einfach in seine Google Sites-Webseite einf\u00fcgen. Sie m\u00fcssen kein kostenpflichtiges Abonnement abschlie\u00dfen oder Ihre Kartendaten eingeben, um auf den Dienst zuzugreifen. Sollten Sie bei irgendeinem Schritt auf Hindernisse sto\u00dfen, wenden Sie sich bitte an unser technisches Support-Team.<\/p> <\/div>\r\n\t\t\t\t\t<\/div>\r\n\t\t\t\t<\/div> <\/div><\/div>\n","protected":false},"excerpt":{"rendered":"","protected":false},"author":9,"featured_media":0,"parent":2053,"menu_order":0,"comment_status":"closed","ping_status":"closed","template":"templates\/template-application-platform.php","meta":{"publish_to_discourse":"","publish_post_category":"","wpdc_auto_publish_overridden":"","wpdc_topic_tags":"","wpdc_pin_topic":"","wpdc_pin_until":"","discourse_post_id":"","discourse_permalink":"","wpdc_publishing_response":"","wpdc_publishing_error":"","footnotes":""},"class_list":["post-10906","page","type-page","status-publish","hentry"],"yoast_head":"<!-- This site is optimized with the Yoast SEO plugin v25.3.1 - https:\/\/yoast.com\/wordpress\/plugins\/seo\/ -->\n<title>Besucherz\u00e4hler \u2013 Trefferz\u00e4hler-Widget zu Google Sites hinzuf\u00fcgen [2025]<\/title>\n<meta name=\"description\" content=\"Hier ist die beste Gelegenheit, ein Besucherz\u00e4hler-Widget zu entwerfen und es Ihrer Website hinzuzuf\u00fcgen. Erhalten Sie mit wenigen Klicks den kostenlosen Kundenservice von Elfsight!\" \/>\n<meta name=\"robots\" content=\"index, follow, max-snippet:-1, max-image-preview:large, max-video-preview:-1\" \/>\n<link rel=\"canonical\" href=\"https:\/\/elfsight.com\/de\/visitor-counter-widget\/google-sites\/\" \/>\n<meta property=\"og:locale\" content=\"de_DE\" \/>\n<meta property=\"og:type\" content=\"article\" \/>\n<meta property=\"og:title\" content=\"Besucherz\u00e4hler \u2013 Trefferz\u00e4hler-Widget zu Google Sites hinzuf\u00fcgen [2025]\" \/>\n<meta property=\"og:description\" content=\"Hier ist die beste Gelegenheit, ein Besucherz\u00e4hler-Widget zu entwerfen und es Ihrer Website hinzuzuf\u00fcgen. Erhalten Sie mit wenigen Klicks den kostenlosen Kundenservice von Elfsight!\" \/>\n<meta property=\"og:url\" content=\"https:\/\/elfsight.com\/de\/visitor-counter-widget\/google-sites\/\" \/>\n<meta property=\"og:site_name\" content=\"Elfsight DE\" \/>\n<meta property=\"article:modified_time\" content=\"2025-02-25T05:44:09+00:00\" \/>\n<meta name=\"twitter:card\" content=\"summary_large_image\" \/>\n<meta name=\"twitter:label1\" content=\"Gesch\u00e4tzte Lesezeit\" \/>\n\t<meta name=\"twitter:data1\" content=\"4\u00a0Minuten\" \/>\n<!-- \/ Yoast SEO plugin. -->","yoast_head_json":{"title":"Besucherz\u00e4hler \u2013 Trefferz\u00e4hler-Widget zu Google Sites hinzuf\u00fcgen [2025]","description":"Hier ist die beste Gelegenheit, ein Besucherz\u00e4hler-Widget zu entwerfen und es Ihrer Website hinzuzuf\u00fcgen. Erhalten Sie mit wenigen Klicks den kostenlosen Kundenservice von Elfsight!","robots":{"index":"index","follow":"follow","max-snippet":"max-snippet:-1","max-image-preview":"max-image-preview:large","max-video-preview":"max-video-preview:-1"},"canonical":"https:\/\/elfsight.com\/de\/visitor-counter-widget\/google-sites\/","og_locale":"de_DE","og_type":"article","og_title":"Besucherz\u00e4hler \u2013 Trefferz\u00e4hler-Widget zu Google Sites hinzuf\u00fcgen [2025]","og_description":"Hier ist die beste Gelegenheit, ein Besucherz\u00e4hler-Widget zu entwerfen und es Ihrer Website hinzuzuf\u00fcgen. Erhalten Sie mit wenigen Klicks den kostenlosen Kundenservice von Elfsight!","og_url":"https:\/\/elfsight.com\/de\/visitor-counter-widget\/google-sites\/","og_site_name":"Elfsight DE","article_modified_time":"2025-02-25T05:44:09+00:00","twitter_card":"summary_large_image","twitter_misc":{"Gesch\u00e4tzte Lesezeit":"4\u00a0Minuten"},"schema":{"@context":"https:\/\/schema.org","@graph":[{"@type":"WebPage","@id":"https:\/\/elfsight.com\/de\/visitor-counter-widget\/google-sites\/","url":"https:\/\/elfsight.com\/de\/visitor-counter-widget\/google-sites\/","name":"Besucherz\u00e4hler \u2013 Trefferz\u00e4hler-Widget zu Google Sites hinzuf\u00fcgen [2025]","isPartOf":{"@id":"https:\/\/elfsight.com\/de\/#website"},"datePublished":"1970-01-01T00:00:00+00:00","dateModified":"2025-02-25T05:44:09+00:00","description":"Hier ist die beste Gelegenheit, ein Besucherz\u00e4hler-Widget zu entwerfen und es Ihrer Website hinzuzuf\u00fcgen. Erhalten Sie mit wenigen Klicks den kostenlosen Kundenservice von Elfsight!","breadcrumb":{"@id":"https:\/\/elfsight.com\/de\/visitor-counter-widget\/google-sites\/#breadcrumb"},"inLanguage":"de","potentialAction":[{"@type":"ReadAction","target":["https:\/\/elfsight.com\/de\/visitor-counter-widget\/google-sites\/"]}]},{"@type":"BreadcrumbList","@id":"https:\/\/elfsight.com\/de\/visitor-counter-widget\/google-sites\/#breadcrumb","itemListElement":[{"@type":"ListItem","position":1,"name":"Home","item":"https:\/\/elfsight.com\/de\/"},{"@type":"ListItem","position":2,"name":"Visitor Counter","item":"https:\/\/elfsight.com\/de\/visitor-counter-widget\/"},{"@type":"ListItem","position":3,"name":"Visitor Counter &#8211; Google Sites"}]},{"@type":"WebSite","@id":"https:\/\/elfsight.com\/de\/#website","url":"https:\/\/elfsight.com\/de\/","name":"Elfsight DE","description":"Just another Elfsight Sites site","potentialAction":[{"@type":"SearchAction","target":{"@type":"EntryPoint","urlTemplate":"https:\/\/elfsight.com\/de\/?s={search_term_string}"},"query-input":{"@type":"PropertyValueSpecification","valueRequired":true,"valueName":"search_term_string"}}],"inLanguage":"de"}]}},"meta_box":{"industry":"","seo_heading":"","heading":"","description":"","cta_heading":"","cta_description":"","application":"515","h1":"Besucherz\u00e4hler-Widget f\u00fcr Google Sites","h1_caption":"Zeigen Sie die Anzahl der Besucher Ihrer Website mit einem Live-Besucherz\u00e4hler an und steigern Sie so m\u00fchelos die Glaubw\u00fcrdigkeit Ihrer Website auf Ihren Google Sites.","application_category":[],"applications_title":"","applications_request_title":"","applications_request_button_text":"","hero_text":"","hero_video":"","hero_video_schema_markup":"","selling_points_title":"","selling_points_caption":"","selling_points":[],"selling_points_cta_text":"","features_title":"","features":"","ed_cta_examples_text":"","ed_cta_examples_hidden":"","ed_cta_demo_text":"","ed_cta_demo_hidden":"","why_caption":"","why_editor_title":"","why_editor_text":"","why_team_title":"","why_team_text":"","why_service_title":"","why_service_text":"","template_catalog_visible":"0","template_catalog_title":"","template_catalog_text":"","template_catalog_categories_visible":"","demo_title":"Erstellen Sie Ihr Besucherz\u00e4hler-Widget","demo_caption":"Konfigurieren Sie Ihren Besucherz\u00e4hler und f\u00fcgen Sie ihn kostenlos zu Ihrer Google Sites-Website hinzu!","default_faq_hidden":"","app_template_category":[],"platform":"3000","template_public_id":"","codecanyon_url":"","codecanyon_item_id":"","codecanyon_price":"","pricing_caption":"","pricing_elfsight_apps_hide_column":"","pricing_elfsight_apps_url":"","pricing_codecanyon_price_caption":"","integration_category":[],"integration_request_title":"","integration_request_cta":"","integration_platform":"","integrations":[],"platform_category":[],"video_schema_markup":"","price":"ab 0 $ \/ Monat","trial":"","benefits":[{"text":"Kostenloser Installationsservice"},{"text":"Au\u00dfergew\u00f6hnliche Unterst\u00fctzung"},{"text":"14-t\u00e4gige Geld-zur\u00fcck-Garantie"},{"text":"Fortlaufende Entwicklung"}],"button_url":"#demo","button_target_blank":"0","button_nofollow":"0","attributes":[{"name":"Installiert","content":"10,000 - 100,000"},{"name":"Empf\u00e4nglichkeit","content":"Funktioniert und sieht auf der mobilen Version der Website perfekt aus"},{"name":"Kompatible Browser","content":"Chrome, Safari, Opera, Firefox, Edge"}],"tags":[],"tags_disable_links":"0","hide_more_platforms":"0","video_object":"","demo_hide_cta":"0","demo_hide_cloud_options":"0","pricing_title":"","pricing":[{"pricing_icon":"platform","pricing_title":"Elfsight Apps","pricing_title_caption":"Plattform\u00fcbergreifende Version, die auf jeder Website funktioniert","pricing_price":"ab 0 $ \/ Monat","pricing_price_caption":"Beginnen Sie mit einem kostenlosen Plan","pricing_benefits":[{"text":"Unbegrenzte Domains"},{"text":"Erstklassiger und p\u00fcnktlicher Support"},{"text":"Kostenloser Installationsservice"},{"text":"100 % anpassbar"}],"pricing_button_text":"Zur Website hinzuf\u00fcgen","pricing_button_url":"#demo"}],"related_apps_title":"","related_apps_hidden":"0","author":"","image":[],"title":"","job":"","social_networks":[]},"_links":{"self":[{"href":"https:\/\/elfsight.com\/de\/wp-json\/wp\/v2\/pages\/10906","targetHints":{"allow":["GET"]}}],"collection":[{"href":"https:\/\/elfsight.com\/de\/wp-json\/wp\/v2\/pages"}],"about":[{"href":"https:\/\/elfsight.com\/de\/wp-json\/wp\/v2\/types\/page"}],"author":[{"embeddable":true,"href":"https:\/\/elfsight.com\/de\/wp-json\/wp\/v2\/users\/9"}],"replies":[{"embeddable":true,"href":"https:\/\/elfsight.com\/de\/wp-json\/wp\/v2\/comments?post=10906"}],"version-history":[{"count":3,"href":"https:\/\/elfsight.com\/de\/wp-json\/wp\/v2\/pages\/10906\/revisions"}],"predecessor-version":[{"id":24891,"href":"https:\/\/elfsight.com\/de\/wp-json\/wp\/v2\/pages\/10906\/revisions\/24891"}],"up":[{"embeddable":true,"href":"https:\/\/elfsight.com\/de\/wp-json\/wp\/v2\/pages\/2053"}],"wp:attachment":[{"href":"https:\/\/elfsight.com\/de\/wp-json\/wp\/v2\/media?parent=10906"}],"curies":[{"name":"wp","href":"https:\/\/api.w.org\/{rel}","templated":true}]}}