{"id":10900,"date":"1970-01-01T00:00:00","date_gmt":"1970-01-01T00:00:00","guid":{"rendered":"https:\/\/elfsight.com\/de\/?page_id=10900"},"modified":"2025-07-10T13:58:47","modified_gmt":"2025-07-10T13:58:47","slug":"godaddy","status":"publish","type":"page","link":"https:\/\/elfsight.com\/de\/visitor-counter-widget\/godaddy\/","title":{"rendered":"Visitor Counter  &#8211; GoDaddy"},"content":{"rendered":"<div class=\"application-platform-content-item-description application-platform-content-item\" id=\"description\" data-nav-section=\"description\"> <h2>Einbetten des Besucherz\u00e4hlers in GoDaddy mit dem Elfsight-Widget<\/h2> <p>Besucherz\u00e4hler f\u00fcr GoDaddy ist ein einfach zu verwaltendes Plugin, das erm\u00f6glicht Ihnen die Kontrolle Ihrer Besucherzahl und der beliebtesten Inhalte, die innerhalb eines bestimmten Zeitraums angesehen werden. Notwendige Statistiken k\u00f6nnen jetzt einfach \u00fcberpr\u00fcft werden, ohne dass besondere Programmier- oder Datenanalysekenntnisse erforderlich sind. Au\u00dferdem k\u00f6nnen Sie durch die Nutzung ganz einfach sicherstellen, dass die Benutzer ein seri\u00f6ses Unternehmen sind und viel mehr Umsatz erzielen. Mit unseren anpassbaren, stilvollen M\u00f6glichkeiten und praktischen Layouts k\u00f6nnen Sie das Plugin mit nur einem Klick in Ihre Website integrieren. <\/p> <p><b>Machen Sie Ihre E-Commerce-Strategie effizienter, um mehr Gesch\u00e4fte mit Hilfe des Besucherz\u00e4hlers zu erzielen<\/b><\/p><\/div> <div class=\"application-platform-content-item-features application-platform-content-item\" id=\"features\" data-nav-section=\"features\"> <h2>Lernen Sie die Liste der n\u00fctzlichsten Funktionen kennen: <\/h2> <ul><li>Verwenden Sie CTAs, um Benutzer zur Konvertierung zu f\u00fchren<\/li><li>Einfach zu verwalten, ohne dass eine spezielle Qualifikation in Analyse und Codierung erforderlich ist<\/li><li>Eine gro\u00dfe Auswahl an Zeitr\u00e4umen zum \u00dcberpr\u00fcfen Ihrer Messwerte<\/li><li>N\u00fctzliche Layouts, um alle Informationen auf zug\u00e4ngliche Weise zu organisieren <\/li><li>Helle, dunkle und anpassbare Farbschemata zur Anpassung des Tools <\/li><li>W\u00e4hlen Sie die Schriftgr\u00f6\u00dfe und -st\u00e4rke aus <\/li><li>Einfach zum Einbetten, auch f\u00fcr technisch nicht versierte Benutzer <\/li><\/ul><p><a href=\"#demo\">Sie Mit der Demo k\u00f6nnen Sie sehen, was das Plugin wert ist<\/a><\/p> <\/div> <div class=\"application-platform-content-item-installation application-platform-content-item\" id=\"installation\" data-nav-section=\"installation\"> <h2>Wie f\u00fcge ich einen Besucherz\u00e4hler zu meiner GoDaddy-Webseite hinzu? <\/h2> <p>Befolgen Sie einfach die unten beschriebenen Schritte, um das Plugin zu integrieren. <\/p> <ol><li><b>Nutzen Sie unseren kostenlosen Konfigurator und beginnen Sie mit der Erstellung Ihres individuellen Plugins. <\/b><br> W\u00e4hlen Sie die bevorzugte Schnittstelle und Parameter des Plugins und wenden Sie die Korrekturen an. <\/li> <li><b>Kopieren Sie den einzelnen Code, der in der Box auf Elfsight Apps angezeigt wird. <\/b><br> Sobald die Generierung Ihres pers\u00f6nlichen Tools abgeschlossen ist, kopieren Sie den exklusiven Code aus dem erscheinenden Fenster und speichern Sie ihn f\u00fcr die zuk\u00fcnftige Verwendung. <\/li> <li><b>Initiieren Sie den Einsatz des Plugins auf der GoDaddy-Homepage. <\/b><br> Betten Sie den Code, den Sie k\u00fcrzlich kopiert haben, in Ihre Seite ein und speichern Sie die Anpassungen. <\/li> <li><b>Das Setup ist vollst\u00e4ndig abgeschlossen. <\/b><br> Besuchen Sie Ihre Website, um zu \u00fcberpr\u00fcfen, wie das Plugin funktioniert. <\/li><\/ol> <p>Wenn Sie Fragen haben oder auf Komplikationen sto\u00dfen, wenden Sie sich bitte an unseren Kundendienst. Unsere Berater helfen Ihnen gerne bei allen Schwierigkeiten, die Sie mit dem Plugin haben. <\/p> <div class=\"faq\" data-component=\"FAQ\"><div class=\"faq-item\">\r\n\t\t\t\t\t<div class=\"faq-item-question\">\r\n\t\t\t\t\t\t<h3 class=\"faq-item-question-text\">Wie kann ich Besucherz\u00e4hler ohne Programmiererfahrung zu meiner GoDaddy-Website hinzuf\u00fcgen?<\/h3>\r\n\r\n\t\t\t\t\t\t<div class=\"faq-item-question-icon\"><\/div>\r\n\t\t\t\t\t<\/div>\r\n\r\n\t\t\t\t\t<div class=\"faq-item-answer\">\r\n\t\t\t\t\t\t<div class=\"faq-item-answer-text\"> <p>Elfsight bietet eine Cloud-L\u00f6sung, mit der Benutzer selbst ein Besucherz\u00e4hler-Widget erstellen und sich das ganz einfach ansehen k\u00f6nnen Anleitung: Arbeiten Sie direkt in der Online-Demo daran, ein Besucherz\u00e4hler-Widget zu erstellen, das Sie in Ihre GoDaddy-Site einbetten m\u00f6chten. W\u00e4hlen Sie eine unserer vorgefertigten Vorlagen und \u00e4ndern Sie die Besucherz\u00e4hlereinstellungen, \u00e4ndern Sie das Layout und die Farben und aktualisieren Sie Ihre Inhalte, ohne zu programmieren. Klicken Sie, um den Besucherz\u00e4hler zu speichern und den Installationscode des Widgets zu kopieren, den Sie problemlos kostenlos auf der GoDaddy-Website hinzuf\u00fcgen k\u00f6nnen. Mit unserem benutzerfreundlichen Editor kann jeder Internetnutzer online eine Besucherz\u00e4hler-App erstellen und diese zu jeder GoDaddy-Homepage hinzuf\u00fcgen. Sie m\u00fcssen kein kostenpflichtiges Abonnement abschlie\u00dfen oder Ihre Kartendaten eingeben, um auf den Editor zuzugreifen. Sollten bei irgendeinem Schritt Probleme auftreten, z\u00f6gern Sie bitte nicht, sich an unser technisches Support-Team zu wenden.<\/p> <\/div>\r\n\t\t\t\t\t<\/div>\r\n\t\t\t\t<\/div> <\/div><\/div><!-- \/wp:html - &gt; \/wp:html -->","protected":false},"excerpt":{"rendered":"","protected":false},"author":9,"featured_media":0,"parent":2053,"menu_order":0,"comment_status":"closed","ping_status":"closed","template":"templates\/template-application-platform.php","meta":{"publish_to_discourse":"","publish_post_category":"","wpdc_auto_publish_overridden":"","wpdc_topic_tags":"","wpdc_pin_topic":"","wpdc_pin_until":"","discourse_post_id":"","discourse_permalink":"","wpdc_publishing_response":"","wpdc_publishing_error":"","footnotes":""},"class_list":["post-10900","page","type-page","status-publish","hentry"],"yoast_head":"<!-- This site is optimized with the Yoast SEO plugin v25.3.1 - https:\/\/yoast.com\/wordpress\/plugins\/seo\/ -->\n<title>Besucherz\u00e4hler \u2013 F\u00fcgen Sie das Besucherz\u00e4hler-Plugin zur GoDaddy-Website hinzu!<\/title>\n<meta name=\"description\" content=\"Hier ist die beste Gelegenheit, ein Besucherz\u00e4hler-Plugin zu erstellen und es Ihrer GoDaddy-Website hinzuzuf\u00fcgen. Erhalten Sie kostenlosen Kundensupport von Elfsight.\" \/>\n<meta name=\"robots\" content=\"index, follow, max-snippet:-1, max-image-preview:large, max-video-preview:-1\" \/>\n<link rel=\"canonical\" href=\"https:\/\/elfsight.com\/de\/visitor-counter-widget\/godaddy\/\" \/>\n<meta property=\"og:locale\" content=\"de_DE\" \/>\n<meta property=\"og:type\" content=\"article\" \/>\n<meta property=\"og:title\" content=\"Besucherz\u00e4hler \u2013 F\u00fcgen Sie das Besucherz\u00e4hler-Plugin zur GoDaddy-Website hinzu!\" \/>\n<meta property=\"og:description\" content=\"Hier ist die beste Gelegenheit, ein Besucherz\u00e4hler-Plugin zu erstellen und es Ihrer GoDaddy-Website hinzuzuf\u00fcgen. Erhalten Sie kostenlosen Kundensupport von Elfsight.\" \/>\n<meta property=\"og:url\" content=\"https:\/\/elfsight.com\/de\/visitor-counter-widget\/godaddy\/\" \/>\n<meta property=\"og:site_name\" content=\"Elfsight DE\" \/>\n<meta property=\"article:modified_time\" content=\"2025-07-10T13:58:47+00:00\" \/>\n<meta name=\"twitter:card\" content=\"summary_large_image\" \/>\n<meta name=\"twitter:label1\" content=\"Gesch\u00e4tzte Lesezeit\" \/>\n\t<meta name=\"twitter:data1\" content=\"3\u00a0Minuten\" \/>\n<!-- \/ Yoast SEO plugin. -->","yoast_head_json":{"title":"Besucherz\u00e4hler \u2013 F\u00fcgen Sie das Besucherz\u00e4hler-Plugin zur GoDaddy-Website hinzu!","description":"Hier ist die beste Gelegenheit, ein Besucherz\u00e4hler-Plugin zu erstellen und es Ihrer GoDaddy-Website hinzuzuf\u00fcgen. Erhalten Sie kostenlosen Kundensupport von Elfsight.","robots":{"index":"index","follow":"follow","max-snippet":"max-snippet:-1","max-image-preview":"max-image-preview:large","max-video-preview":"max-video-preview:-1"},"canonical":"https:\/\/elfsight.com\/de\/visitor-counter-widget\/godaddy\/","og_locale":"de_DE","og_type":"article","og_title":"Besucherz\u00e4hler \u2013 F\u00fcgen Sie das Besucherz\u00e4hler-Plugin zur GoDaddy-Website hinzu!","og_description":"Hier ist die beste Gelegenheit, ein Besucherz\u00e4hler-Plugin zu erstellen und es Ihrer GoDaddy-Website hinzuzuf\u00fcgen. Erhalten Sie kostenlosen Kundensupport von Elfsight.","og_url":"https:\/\/elfsight.com\/de\/visitor-counter-widget\/godaddy\/","og_site_name":"Elfsight DE","article_modified_time":"2025-07-10T13:58:47+00:00","twitter_card":"summary_large_image","twitter_misc":{"Gesch\u00e4tzte Lesezeit":"3\u00a0Minuten"},"schema":{"@context":"https:\/\/schema.org","@graph":[{"@type":"WebPage","@id":"https:\/\/elfsight.com\/de\/visitor-counter-widget\/godaddy\/","url":"https:\/\/elfsight.com\/de\/visitor-counter-widget\/godaddy\/","name":"Besucherz\u00e4hler \u2013 F\u00fcgen Sie das Besucherz\u00e4hler-Plugin zur GoDaddy-Website hinzu!","isPartOf":{"@id":"https:\/\/elfsight.com\/de\/#website"},"datePublished":"1970-01-01T00:00:00+00:00","dateModified":"2025-07-10T13:58:47+00:00","description":"Hier ist die beste Gelegenheit, ein Besucherz\u00e4hler-Plugin zu erstellen und es Ihrer GoDaddy-Website hinzuzuf\u00fcgen. Erhalten Sie kostenlosen Kundensupport von Elfsight.","breadcrumb":{"@id":"https:\/\/elfsight.com\/de\/visitor-counter-widget\/godaddy\/#breadcrumb"},"inLanguage":"de","potentialAction":[{"@type":"ReadAction","target":["https:\/\/elfsight.com\/de\/visitor-counter-widget\/godaddy\/"]}]},{"@type":"BreadcrumbList","@id":"https:\/\/elfsight.com\/de\/visitor-counter-widget\/godaddy\/#breadcrumb","itemListElement":[{"@type":"ListItem","position":1,"name":"Home","item":"https:\/\/elfsight.com\/de\/"},{"@type":"ListItem","position":2,"name":"Visitor Counter","item":"https:\/\/elfsight.com\/de\/visitor-counter-widget\/"},{"@type":"ListItem","position":3,"name":"Visitor Counter &#8211; GoDaddy"}]},{"@type":"WebSite","@id":"https:\/\/elfsight.com\/de\/#website","url":"https:\/\/elfsight.com\/de\/","name":"Elfsight DE","description":"Just another Elfsight Sites site","potentialAction":[{"@type":"SearchAction","target":{"@type":"EntryPoint","urlTemplate":"https:\/\/elfsight.com\/de\/?s={search_term_string}"},"query-input":{"@type":"PropertyValueSpecification","valueRequired":true,"valueName":"search_term_string"}}],"inLanguage":"de"}]}},"meta_box":{"industry":"","seo_heading":"","heading":"","description":"","cta_heading":"","cta_description":"","application":"515","h1":"GoDaddy-Besucherz\u00e4hler-Plugin","h1_caption":"\u00dcberpr\u00fcfen Sie Ihre Website-Statistiken und gewinnen Sie mehr Leads","application_category":[],"applications_title":"","applications_request_title":"","applications_request_button_text":"","hero_text":"","hero_video":"","hero_video_schema_markup":"","selling_points_title":"","selling_points_caption":"","selling_points":[],"selling_points_cta_text":"","features_title":"","features":"","ed_cta_examples_text":"","ed_cta_examples_hidden":"","ed_cta_demo_text":"","ed_cta_demo_hidden":"","why_caption":"","why_editor_title":"","why_editor_text":"","why_team_title":"","why_team_text":"","why_service_title":"","why_service_text":"","template_catalog_visible":"","template_catalog_title":"","template_catalog_text":"","template_catalog_categories_visible":"","demo_title":"Entwerfen Sie Ihren personalisierten GoDaddy-Besucherz\u00e4hler","demo_caption":"Passen Sie es an und betten Sie es \u00fcber eine Demo in Ihre Webseite ein.","default_faq_hidden":"","app_template_category":[],"platform":"241","template_public_id":"","codecanyon_url":"","codecanyon_item_id":"","codecanyon_price":"","pricing_caption":"","pricing_elfsight_apps_hide_column":"","pricing_elfsight_apps_url":"","pricing_codecanyon_price_caption":"","integration_category":[],"integration_request_title":"","integration_request_cta":"","integration_platform":"","integrations":[],"platform_category":[],"video_schema_markup":"","price":"ab 0 $ \/ Monat","trial":"","benefits":[{"text":"Kostenloser Installationsservice"},{"text":"Effektiver Kundenservice"},{"text":"14-t\u00e4gige R\u00fcckerstattungsgarantie"},{"text":"Regelm\u00e4\u00dfige kostenlose Verbesserungen"}],"button_url":"#demo","button_target_blank":"","button_nofollow":"","attributes":[{"name":"Installiert","content":"10,000 - 100,000"},{"name":"Reaktionsfreudig","content":"Ja"},{"name":"Kompatible Browser","content":"IE11, Firefox, Safari, Opera, Chrome, Edge"}],"tags":[],"tags_disable_links":"","hide_more_platforms":"","video_object":"","demo_hide_cta":"","demo_hide_cloud_options":"","pricing_title":"","pricing":[{"pricing_icon":"platform","pricing_title":"Elfsight Apps","pricing_title_caption":"Plattformunabh\u00e4ngige Software","pricing_price":"ab 0 $ \/ Monat","pricing_price_caption":"Beginnen Sie mit einem kostenlosen Plan","pricing_benefits":[{"text":"Unbegrenzte Domains"},{"text":"Kostenloser Kundensupport"},{"text":"Kostenloser Installationsservice"},{"text":"100 % anpassbar"}],"pricing_button_text":"Zur Website hinzuf\u00fcgen","pricing_button_url":"#demo"}],"related_apps_title":"","related_apps_hidden":"","author":"","image":[],"title":"","job":"","social_networks":[]},"_links":{"self":[{"href":"https:\/\/elfsight.com\/de\/wp-json\/wp\/v2\/pages\/10900","targetHints":{"allow":["GET"]}}],"collection":[{"href":"https:\/\/elfsight.com\/de\/wp-json\/wp\/v2\/pages"}],"about":[{"href":"https:\/\/elfsight.com\/de\/wp-json\/wp\/v2\/types\/page"}],"author":[{"embeddable":true,"href":"https:\/\/elfsight.com\/de\/wp-json\/wp\/v2\/users\/9"}],"replies":[{"embeddable":true,"href":"https:\/\/elfsight.com\/de\/wp-json\/wp\/v2\/comments?post=10900"}],"version-history":[{"count":1,"href":"https:\/\/elfsight.com\/de\/wp-json\/wp\/v2\/pages\/10900\/revisions"}],"predecessor-version":[{"id":10904,"href":"https:\/\/elfsight.com\/de\/wp-json\/wp\/v2\/pages\/10900\/revisions\/10904"}],"up":[{"embeddable":true,"href":"https:\/\/elfsight.com\/de\/wp-json\/wp\/v2\/pages\/2053"}],"wp:attachment":[{"href":"https:\/\/elfsight.com\/de\/wp-json\/wp\/v2\/media?parent=10900"}],"curies":[{"name":"wp","href":"https:\/\/api.w.org\/{rel}","templated":true}]}}