{"id":10899,"date":"1970-01-01T00:00:00","date_gmt":"1970-01-01T00:00:00","guid":{"rendered":"https:\/\/elfsight.com\/de\/?page_id=10899"},"modified":"2025-02-25T06:05:25","modified_gmt":"2025-02-25T06:05:25","slug":"prestashop","status":"publish","type":"page","link":"https:\/\/elfsight.com\/de\/visitor-counter-widget\/prestashop\/","title":{"rendered":"Visitor Counter &#8211; PrestaShop"},"content":{"rendered":"\n<div class=\"application-platform-content-item-description application-platform-content-item\" id=\"description\" data-nav-section=\"description\"> <h2>Beschreibung<\/h2> <p> Der Besucherz\u00e4hler f\u00fcr PrestaShop ist ein einfach zu verwaltendes Tool, mit dem Sie die Anzahl Ihrer Besucher \u00fcberpr\u00fcfen k\u00f6nnen und die beliebtesten Inhalte, die innerhalb eines bestimmten Zeitraums angesehen wurden. Wesentliche Metriken k\u00f6nnen jetzt einfach verfolgt werden, ohne dass zus\u00e4tzliche Kenntnisse in Codierung oder Datenanalyse erforderlich sind. Dar\u00fcber hinaus k\u00f6nnen Sie den Besuchern ganz einfach versichern, dass Sie ein vertrauensw\u00fcrdiges Unternehmen sind und viel mehr Umsatz erzielen. Mit unseren auf den Benutzer zugeschnittenen, stilvollen M\u00f6glichkeiten und praktischen Layouts k\u00f6nnen Sie das Widget mit nur wenigen Klicks auf Ihrer Website erstellen. <\/p> <p><b>F\u00fcgen Sie einen Besucherz\u00e4hler hinzu, um Ihre Gesch\u00e4ftsstrategie zu verbessern und Ihre Ziele einfacher zu erreichen!<\/b><\/p><\/div> <div class=\"application-platform-content-item-features application-platform-content-item\" id=\"features\" data-nav-section=\"features\"> <h2>Wir bieten praktische und einfache Funktionen, sehen Sie sich einige davon an: <\/h2> <ul><li>Einfach zu verwenden, auch ohne professionelle Datenanalysekenntnisse<\/li><li>Gro\u00dfe Auswahl an Zeitintervallen zum Z\u00e4hlen Ihrer Metriken <\/li><li>Ein interaktives Diagramm zur dynamischen Visualisierung Ihrer Daten<\/li><li>Praktische Layouts, um alle Punkte auf zug\u00e4ngliche Weise zu gestalten<\/li><li>Dunkle, anpassbare und helle Farbschemata, um das Tool stilvoll zu gestalten <\/li><\/ul><p><a href=\"#demo\">Sie k\u00f6nnen die volle Funktionalit\u00e4t des Widgets in der Demo unten entdecken<\/a><\/p> <\/div> <div class=\"application-platform-content-item-installation application-platform-content-item\" id=\"installation\" data-nav-section=\"installation\"> <h2>Wie bette ich einen Besucherz\u00e4hler in meine PrestaShop-Website ein?<\/h2> <p>F\u00fchren Sie einfach die unten aufgef\u00fchrten Schritte aus, um das Widget zu aktivieren. <\/p> <ol><li><b>F\u00fchren Sie unsere kostenlose Demo durch und beginnen Sie mit der Gestaltung Ihres einzigartigen Instruments. <\/b><br> Geben Sie das bevorzugte Aussehen und die bevorzugten Funktionen des Add-Ons an und speichern Sie die \u00c4nderungen. <\/li> <li><b>Kopieren Sie den pers\u00f6nlichen Code, der im Fenster von Elfsight Apps angezeigt wird. <\/b><br> Sobald die Generierung Ihres Tools abgeschlossen ist, kopieren Sie den exklusiven Code im angezeigten Fenster und bewahren Sie ihn zur weiteren Verwendung auf. <\/li> <li><b>Initiieren Sie die Nutzung des Tools auf der PrestaShop-Website. <\/b><br> Integrieren Sie den zuvor gespeicherten Code in Ihre Homepage und wenden Sie die Verbesserungen an. <\/li> <li><b>Du bist fertig! Die Einbettung ist erfolgreich abgeschlossen. <\/b><br> Besuchen Sie Ihre Seite, um einen Blick auf die Funktionsweise des Tools zu werfen. <\/li><\/ol> <p>Z\u00f6gern Sie nicht, Hilfe von unserem Support-Personal in Anspruch zu nehmen, wenn Sie Anfragen bearbeiten oder auf Schwierigkeiten sto\u00dfen. Unsere Spezialisten helfen Ihnen gerne bei allen Schwierigkeiten, die Sie mit dem Produkt haben k\u00f6nnten. <\/p> <div class=\"faq\" data-component=\"FAQ\"><div class=\"faq-item\">\r\n\t\t\t\t\t<div class=\"faq-item-question\">\r\n\t\t\t\t\t\t<h3 class=\"faq-item-question-text\">Gibt es eine M\u00f6glichkeit, Besucherz\u00e4hler ohne Programmierkenntnisse in meine PrestaShop-Homepage einzubetten?<\/h3>\r\n\r\n\t\t\t\t\t\t<div class=\"faq-item-question-icon\"><\/div>\r\n\t\t\t\t\t<\/div>\r\n\r\n\t\t\t\t\t<div class=\"faq-item-answer\">\r\n\t\t\t\t\t\t<div class=\"faq-item-answer-text\"> <p>Elfsight bietet eine L\u00f6sung, mit der Websitebesitzer selbst ein Besucherz\u00e4hler-Plugin erstellen k\u00f6nnen. Entdecken Sie das Einfache Schritte: Beginnen Sie direkt im Online-Editor mit der Erstellung eines Besucherz\u00e4hler-Widgets, das Sie in Ihre PrestaShop-Homepage integrieren m\u00f6chten. Entscheiden Sie sich f\u00fcr eine der vorgefertigten Vorlagen und \u00e4ndern Sie die Besucherz\u00e4hlereinstellungen, f\u00fcgen Sie Ihre Inhalte hinzu, \u00e4ndern Sie das Layout und das Farbschema ohne Programmierkenntnisse. Klicken Sie hier, um die Einstellungen, die Sie im Besucherz\u00e4hler vorgenommen haben, zu speichern und den Installationscode zu erhalten, der problemlos auf der PrestaShop-Website hinzugef\u00fcgt werden kann, ohne ein kostenpflichtiges Abonnement zu erwerben. Mit dem unkomplizierten Editor kann jeder Internetnutzer den Bereich \u201eBesucherz\u00e4hler\u201c erstellen und in die PrestaShop-Website einbinden. Sie sollten nicht bezahlen oder Ihre Kartendaten offenlegen, um Elfsight Editor zu betreten. Sollten bei irgendeinem Schritt Probleme auftreten, wenden Sie sich bitte an unser technisches Support-Team.<\/p> <\/div>\r\n\t\t\t\t\t<\/div>\r\n\t\t\t\t<\/div> <\/div><\/div>\n","protected":false},"excerpt":{"rendered":"","protected":false},"author":9,"featured_media":0,"parent":2053,"menu_order":0,"comment_status":"closed","ping_status":"closed","template":"templates\/template-application-platform.php","meta":{"publish_to_discourse":"","publish_post_category":"","wpdc_auto_publish_overridden":"","wpdc_topic_tags":"","wpdc_pin_topic":"","wpdc_pin_until":"","discourse_post_id":"","discourse_permalink":"","wpdc_publishing_response":"","wpdc_publishing_error":"","footnotes":""},"class_list":["post-10899","page","type-page","status-publish","hentry"],"yoast_head":"<!-- This site is optimized with the Yoast SEO plugin v25.3.1 - https:\/\/yoast.com\/wordpress\/plugins\/seo\/ -->\n<title>Besucherz\u00e4hler \u2013 F\u00fcgen Sie PrestaShop ein kostenloses Hit Counter-Add-on hinzu<\/title>\n<meta name=\"description\" content=\"Es ist ganz einfach, Ihr bestes Besucherz\u00e4hler-Add-on zu erstellen und es in Ihre Website einzubetten. Der Kundendienst von Elfsight ist kostenlos und schnell.\" \/>\n<meta name=\"robots\" content=\"index, follow, max-snippet:-1, max-image-preview:large, max-video-preview:-1\" \/>\n<link rel=\"canonical\" href=\"https:\/\/elfsight.com\/de\/visitor-counter-widget\/prestashop\/\" \/>\n<meta property=\"og:locale\" content=\"de_DE\" \/>\n<meta property=\"og:type\" content=\"article\" \/>\n<meta property=\"og:title\" content=\"Besucherz\u00e4hler \u2013 F\u00fcgen Sie PrestaShop ein kostenloses Hit Counter-Add-on hinzu\" \/>\n<meta property=\"og:description\" content=\"Es ist ganz einfach, Ihr bestes Besucherz\u00e4hler-Add-on zu erstellen und es in Ihre Website einzubetten. Der Kundendienst von Elfsight ist kostenlos und schnell.\" \/>\n<meta property=\"og:url\" content=\"https:\/\/elfsight.com\/de\/visitor-counter-widget\/prestashop\/\" \/>\n<meta property=\"og:site_name\" content=\"Elfsight DE\" \/>\n<meta property=\"article:modified_time\" content=\"2025-02-25T06:05:25+00:00\" \/>\n<meta name=\"twitter:card\" content=\"summary_large_image\" \/>\n<meta name=\"twitter:label1\" content=\"Gesch\u00e4tzte Lesezeit\" \/>\n\t<meta name=\"twitter:data1\" content=\"3\u00a0Minuten\" \/>\n<!-- \/ Yoast SEO plugin. -->","yoast_head_json":{"title":"Besucherz\u00e4hler \u2013 F\u00fcgen Sie PrestaShop ein kostenloses Hit Counter-Add-on hinzu","description":"Es ist ganz einfach, Ihr bestes Besucherz\u00e4hler-Add-on zu erstellen und es in Ihre Website einzubetten. Der Kundendienst von Elfsight ist kostenlos und schnell.","robots":{"index":"index","follow":"follow","max-snippet":"max-snippet:-1","max-image-preview":"max-image-preview:large","max-video-preview":"max-video-preview:-1"},"canonical":"https:\/\/elfsight.com\/de\/visitor-counter-widget\/prestashop\/","og_locale":"de_DE","og_type":"article","og_title":"Besucherz\u00e4hler \u2013 F\u00fcgen Sie PrestaShop ein kostenloses Hit Counter-Add-on hinzu","og_description":"Es ist ganz einfach, Ihr bestes Besucherz\u00e4hler-Add-on zu erstellen und es in Ihre Website einzubetten. Der Kundendienst von Elfsight ist kostenlos und schnell.","og_url":"https:\/\/elfsight.com\/de\/visitor-counter-widget\/prestashop\/","og_site_name":"Elfsight DE","article_modified_time":"2025-02-25T06:05:25+00:00","twitter_card":"summary_large_image","twitter_misc":{"Gesch\u00e4tzte Lesezeit":"3\u00a0Minuten"},"schema":{"@context":"https:\/\/schema.org","@graph":[{"@type":"WebPage","@id":"https:\/\/elfsight.com\/de\/visitor-counter-widget\/prestashop\/","url":"https:\/\/elfsight.com\/de\/visitor-counter-widget\/prestashop\/","name":"Besucherz\u00e4hler \u2013 F\u00fcgen Sie PrestaShop ein kostenloses Hit Counter-Add-on hinzu","isPartOf":{"@id":"https:\/\/elfsight.com\/de\/#website"},"datePublished":"1970-01-01T00:00:00+00:00","dateModified":"2025-02-25T06:05:25+00:00","description":"Es ist ganz einfach, Ihr bestes Besucherz\u00e4hler-Add-on zu erstellen und es in Ihre Website einzubetten. Der Kundendienst von Elfsight ist kostenlos und schnell.","breadcrumb":{"@id":"https:\/\/elfsight.com\/de\/visitor-counter-widget\/prestashop\/#breadcrumb"},"inLanguage":"de","potentialAction":[{"@type":"ReadAction","target":["https:\/\/elfsight.com\/de\/visitor-counter-widget\/prestashop\/"]}]},{"@type":"BreadcrumbList","@id":"https:\/\/elfsight.com\/de\/visitor-counter-widget\/prestashop\/#breadcrumb","itemListElement":[{"@type":"ListItem","position":1,"name":"Home","item":"https:\/\/elfsight.com\/de\/"},{"@type":"ListItem","position":2,"name":"Visitor Counter","item":"https:\/\/elfsight.com\/de\/visitor-counter-widget\/"},{"@type":"ListItem","position":3,"name":"Visitor Counter &#8211; PrestaShop"}]},{"@type":"WebSite","@id":"https:\/\/elfsight.com\/de\/#website","url":"https:\/\/elfsight.com\/de\/","name":"Elfsight DE","description":"Just another Elfsight Sites site","potentialAction":[{"@type":"SearchAction","target":{"@type":"EntryPoint","urlTemplate":"https:\/\/elfsight.com\/de\/?s={search_term_string}"},"query-input":{"@type":"PropertyValueSpecification","valueRequired":true,"valueName":"search_term_string"}}],"inLanguage":"de"}]}},"meta_box":{"industry":"","seo_heading":"","heading":"","description":"","cta_heading":"","cta_description":"","application":"515","h1":"PrestaShop-Besucherz\u00e4hler-Add-on","h1_caption":"Zeigen Sie die Anzahl der Besucher Ihrer Website mit einem Live-Besucherz\u00e4hler an und steigern Sie so m\u00fchelos die Glaubw\u00fcrdigkeit Ihrer Website auf Ihrer Prestashop-Website.","application_category":[],"applications_title":"","applications_request_title":"","applications_request_button_text":"","hero_text":"","hero_video":"","hero_video_schema_markup":"","selling_points_title":"","selling_points_caption":"","selling_points":[],"selling_points_cta_text":"","features_title":"","features":"","ed_cta_examples_text":"","ed_cta_examples_hidden":"","ed_cta_demo_text":"","ed_cta_demo_hidden":"","why_caption":"","why_editor_title":"","why_editor_text":"","why_team_title":"","why_team_text":"","why_service_title":"","why_service_text":"","template_catalog_visible":"0","template_catalog_title":"","template_catalog_text":"","template_catalog_categories_visible":"","demo_title":"Erstellen Sie Ihr Besucherz\u00e4hler-Addon","demo_caption":"Konfigurieren Sie Ihren Besucherz\u00e4hler und f\u00fcgen Sie ihn kostenlos zu Ihrer PrestaShop-Website hinzu!","default_faq_hidden":"","app_template_category":[],"platform":"3811","template_public_id":"","codecanyon_url":"","codecanyon_item_id":"","codecanyon_price":"","pricing_caption":"","pricing_elfsight_apps_hide_column":"","pricing_elfsight_apps_url":"","pricing_codecanyon_price_caption":"","integration_category":[],"integration_request_title":"","integration_request_cta":"","integration_platform":"","integrations":[],"platform_category":[],"video_schema_markup":"","price":"ab 0 $ \/ Monat","trial":"","benefits":[{"text":"Kostenlose Installationsunterst\u00fctzung"},{"text":"Premium-Support"},{"text":"Effektiver Kundenservice"},{"text":"Laufende Verbesserungen"}],"button_url":"#demo","button_target_blank":"0","button_nofollow":"0","attributes":[{"name":"Installiert","content":"10,000 - 100,000"},{"name":"Reaktionsfreudig","content":"Ja"},{"name":"Kompatible Browser","content":"Firefox, Safari, Opera, Chrome, Edge"}],"tags":[],"tags_disable_links":"0","hide_more_platforms":"0","video_object":"","demo_hide_cta":"0","demo_hide_cloud_options":"0","pricing_title":"","pricing":[{"pricing_icon":"platform","pricing_title":"Elfsight Apps","pricing_title_caption":"Plattformunabh\u00e4ngige L\u00f6sung, die auf jeder Site funktioniert","pricing_price":"ab 0 $ \/ Monat","pricing_price_caption":"Beginnen Sie mit einem kostenlosen Plan","pricing_benefits":[{"text":"Unbegrenzte Websites"},{"text":"Schneller und p\u00fcnktlicher Support"},{"text":"Kostenlose Installationsunterst\u00fctzung"},{"text":"Vollst\u00e4ndig anpassbar"}],"pricing_button_text":"Zur Website hinzuf\u00fcgen","pricing_button_url":"#demo"}],"related_apps_title":"","related_apps_hidden":"0","author":"","image":[],"title":"","job":"","social_networks":[]},"_links":{"self":[{"href":"https:\/\/elfsight.com\/de\/wp-json\/wp\/v2\/pages\/10899","targetHints":{"allow":["GET"]}}],"collection":[{"href":"https:\/\/elfsight.com\/de\/wp-json\/wp\/v2\/pages"}],"about":[{"href":"https:\/\/elfsight.com\/de\/wp-json\/wp\/v2\/types\/page"}],"author":[{"embeddable":true,"href":"https:\/\/elfsight.com\/de\/wp-json\/wp\/v2\/users\/9"}],"replies":[{"embeddable":true,"href":"https:\/\/elfsight.com\/de\/wp-json\/wp\/v2\/comments?post=10899"}],"version-history":[{"count":2,"href":"https:\/\/elfsight.com\/de\/wp-json\/wp\/v2\/pages\/10899\/revisions"}],"predecessor-version":[{"id":24892,"href":"https:\/\/elfsight.com\/de\/wp-json\/wp\/v2\/pages\/10899\/revisions\/24892"}],"up":[{"embeddable":true,"href":"https:\/\/elfsight.com\/de\/wp-json\/wp\/v2\/pages\/2053"}],"wp:attachment":[{"href":"https:\/\/elfsight.com\/de\/wp-json\/wp\/v2\/media?parent=10899"}],"curies":[{"name":"wp","href":"https:\/\/api.w.org\/{rel}","templated":true}]}}