{"id":10898,"date":"1970-01-01T00:00:00","date_gmt":"1970-01-01T00:00:00","guid":{"rendered":"https:\/\/elfsight.com\/de\/?page_id=10898"},"modified":"2024-11-07T15:03:54","modified_gmt":"2024-11-07T15:03:54","slug":"jimdo","status":"publish","type":"page","link":"https:\/\/elfsight.com\/de\/visitor-counter-widget\/jimdo\/","title":{"rendered":"Visitor Counter &#8211; Jimdo"},"content":{"rendered":"<div class=\"application-platform-content-item-description application-platform-content-item\" id=\"description\" data-nav-section=\"description\"><h2>Beschreibung<\/h2> <p>Besucherz\u00e4hler f\u00fcr Jimdo ist eine einfach zu verwaltende Erweiterung, mit der Sie Ihre Besucherzahl kontrollieren k\u00f6nnen die beliebtesten Seiten, die innerhalb eines bestimmten Zeitraums aufgerufen wurden. Einfache Statistiken k\u00f6nnen jetzt bequem \u00fcberwacht werden, ohne dass zus\u00e4tzliche Spezialisten f\u00fcr Codierung oder Datenanalyse erforderlich sind. Dar\u00fcber hinaus k\u00f6nnen Sie Ihren Zuschauern ganz einfach versichern, dass Sie ein vertrauensw\u00fcrdiges Unternehmen sind und viele weitere neue Kunden oder Abonnenten haben. Mit unseren anpassbaren, stilvollen M\u00f6glichkeiten und praktischen Layouts k\u00f6nnen Sie das Widget mit nur wenigen Klicks zu Ihrer Website hinzuf\u00fcgen. <\/p><p><b>Testen Sie Visitor Counter, um Ihre E-Commerce-Strategie zu entwickeln und Ihre Ziele schneller zu erreichen! <\/b><\/p> <\/div> <div class=\"application-platform-content-item-features application-platform-content-item\" id=\"features\" data-nav-section=\"features\"> <h2>Dies sind nur einige der wertvollen Widget-Funktionen: <\/h2> <ul><li>Einfach zu verwenden, auch ohne professionelle Kenntnisse in der Datenanalyse<\/li><li>Gro\u00dfe Auswahl an Zeitintervallen zum Z\u00e4hlen Ihrer Metriken<\/li><li>Ein interaktives Diagramm zur dynamischen Visualisierung Ihrer Daten<\/li><li>Praktische Layouts zur Bildung aller Punkte auf zug\u00e4ngliche Weise<\/li><li>Helle, dunkle und anpassbare Farbschemata, um das Tool stilvoll zu gestalten <\/li><\/ul><p><a href=\"#demo\">Probieren Sie einfach diese Demo aus, um das zu verstehen Funktionalit\u00e4t des Widgets<\/a><\/p> <\/div> <div class=\"application-platform-content-item-installation application-platform-content-item\" id=\"installation\" data-nav-section=\"installation\"> <h2>Wie f\u00fcge ich einen Besucherz\u00e4hler zu meiner Jimdo-Website hinzu? <\/h2> <p>Befolgen Sie einfach die nachstehenden Anweisungen, um das Widget hinzuzuf\u00fcgen. <\/p> <ol><li><b>Verwalten Sie unseren kostenlosen Konfigurator und beginnen Sie mit der Gestaltung Ihres pers\u00f6nlichen Instruments. <\/b><br> Geben Sie das bevorzugte Layout und die Parameter des Tools an und wenden Sie die \u00c4nderungen an. <\/li> <li><b>Erhalten Sie Ihren einzigartigen Code, der im speziellen Formular auf Elfsight Apps angezeigt wird. <\/b><br> Wenn die Konfiguration Ihres Widgets abgeschlossen ist, kopieren Sie den pers\u00f6nlichen Code im angezeigten Fenster und bewahren Sie ihn zur weiteren Verwendung auf. <\/li> <li><b>Erste Schritte mit der Verwendung des Widgets auf der Jimdo-Website. <\/b><br> Platzieren Sie den Code, den Sie k\u00fcrzlich gespeichert haben, auf Ihrer Homepage und \u00fcbernehmen Sie die \u00c4nderungen. <\/li> <li><b>Fertig! Das Setup ist vollst\u00e4ndig durchgef\u00fchrt. <\/b><br> Besuchen Sie Ihre Webseite, um einen Blick auf die Funktionsweise des Widgets zu werfen. <\/li><\/ol> <p>Wenn Sie Fragen haben oder auf Hindernisse sto\u00dfen, z\u00f6gern Sie nicht, unseren Support-Mitarbeitern zu schreiben. Unsere Mitarbeiter beantworten gerne alle Fragen, die Sie zum Tool haben. <\/p> <div class=\"faq\" data-component=\"FAQ\"><div class=\"faq-item\">\r\n\t\t\t\t\t<div class=\"faq-item-question\">\r\n\t\t\t\t\t\t<h3 class=\"faq-item-question-text\">Wie ist es m\u00f6glich, Besucherz\u00e4hler ohne Programmiererfahrung zu meiner Jimdo-Webseite hinzuzuf\u00fcgen?<\/h3>\r\n\r\n\t\t\t\t\t\t<div class=\"faq-item-question-icon\"><\/div>\r\n\t\t\t\t\t<\/div>\r\n\r\n\t\t\t\t\t<div class=\"faq-item-answer\">\r\n\t\t\t\t\t\t<div class=\"faq-item-answer-text\"> <p>Elfsight liefert eine L\u00f6sung, mit der Benutzer selbst eine Besucherz\u00e4hler-App erstellen k\u00f6nnen. Finden Sie heraus, wie einfach es ist: Gehen Sie zur Online-Demo, um eine Besucherz\u00e4hler-App zu erstellen, die Sie auf Jimdo anzeigen m\u00f6chten. W\u00e4hlen Sie eine der vorgefertigten Vorlagen und \u00e4ndern Sie die Besucherz\u00e4hlereinstellungen, aktualisieren Sie Ihre Inhalte, \u00e4ndern Sie das Layout und die Farbe der Elemente \u2013 ohne Programmierkenntnisse. Speichern Sie den Besucherz\u00e4hler und holen Sie sich den Installationscode, damit Sie jede Jimdo-Webseite hinzuf\u00fcgen k\u00f6nnen, ohne ein kostenpflichtiges Abonnement zu kaufen. Mit dem benutzerfreundlichen Editor kann jeder Internetnutzer online ein Besucherz\u00e4hler-Plugin erstellen und es einfach in die Jimdo-Webseite einbinden. Sie m\u00fcssen keinen kostenpflichtigen Plan abschlie\u00dfen oder Ihre Kartendaten angeben, um auf den Service zuzugreifen. Wenn Sie bei irgendeinem Schritt auf Probleme sto\u00dfen, wenden Sie sich an unseren technischen Support.<\/p> <\/div>\r\n\t\t\t\t\t<\/div>\r\n\t\t\t\t<\/div> <\/div><\/div>","protected":false},"excerpt":{"rendered":"","protected":false},"author":9,"featured_media":0,"parent":2053,"menu_order":0,"comment_status":"closed","ping_status":"closed","template":"templates\/template-application-platform.php","meta":{"publish_to_discourse":"","publish_post_category":"","wpdc_auto_publish_overridden":"","wpdc_topic_tags":"","wpdc_pin_topic":"","wpdc_pin_until":"","discourse_post_id":"","discourse_permalink":"","wpdc_publishing_response":"","wpdc_publishing_error":"","footnotes":""},"class_list":["post-10898","page","type-page","status-publish","hentry"],"yoast_head":"<!-- This site is optimized with the Yoast SEO plugin v25.3.1 - https:\/\/yoast.com\/wordpress\/plugins\/seo\/ -->\n<title>Besucherz\u00e4hler \u2013 F\u00fcgen Sie Jimdo ein kostenloses Trefferz\u00e4hler-Widget hinzu<\/title>\n<meta name=\"description\" content=\"Es ist ganz einfach, Ihr bestes Besucherz\u00e4hler-Widget zu erstellen und es in Ihre Website einzubetten. Der Kundendienst von Elfsight ist kostenlos und schnell.\" \/>\n<meta name=\"robots\" content=\"index, follow, max-snippet:-1, max-image-preview:large, max-video-preview:-1\" \/>\n<link rel=\"canonical\" href=\"https:\/\/elfsight.com\/de\/visitor-counter-widget\/jimdo\/\" \/>\n<meta property=\"og:locale\" content=\"de_DE\" \/>\n<meta property=\"og:type\" content=\"article\" \/>\n<meta property=\"og:title\" content=\"Besucherz\u00e4hler \u2013 F\u00fcgen Sie Jimdo ein kostenloses Trefferz\u00e4hler-Widget hinzu\" \/>\n<meta property=\"og:description\" content=\"Es ist ganz einfach, Ihr bestes Besucherz\u00e4hler-Widget zu erstellen und es in Ihre Website einzubetten. Der Kundendienst von Elfsight ist kostenlos und schnell.\" \/>\n<meta property=\"og:url\" content=\"https:\/\/elfsight.com\/de\/visitor-counter-widget\/jimdo\/\" \/>\n<meta property=\"og:site_name\" content=\"Elfsight DE\" \/>\n<meta property=\"article:modified_time\" content=\"2024-11-07T15:03:54+00:00\" \/>\n<meta name=\"twitter:card\" content=\"summary_large_image\" \/>\n<meta name=\"twitter:label1\" content=\"Gesch\u00e4tzte Lesezeit\" \/>\n\t<meta name=\"twitter:data1\" content=\"3\u00a0Minuten\" \/>\n<!-- \/ Yoast SEO plugin. -->","yoast_head_json":{"title":"Besucherz\u00e4hler \u2013 F\u00fcgen Sie Jimdo ein kostenloses Trefferz\u00e4hler-Widget hinzu","description":"Es ist ganz einfach, Ihr bestes Besucherz\u00e4hler-Widget zu erstellen und es in Ihre Website einzubetten. Der Kundendienst von Elfsight ist kostenlos und schnell.","robots":{"index":"index","follow":"follow","max-snippet":"max-snippet:-1","max-image-preview":"max-image-preview:large","max-video-preview":"max-video-preview:-1"},"canonical":"https:\/\/elfsight.com\/de\/visitor-counter-widget\/jimdo\/","og_locale":"de_DE","og_type":"article","og_title":"Besucherz\u00e4hler \u2013 F\u00fcgen Sie Jimdo ein kostenloses Trefferz\u00e4hler-Widget hinzu","og_description":"Es ist ganz einfach, Ihr bestes Besucherz\u00e4hler-Widget zu erstellen und es in Ihre Website einzubetten. Der Kundendienst von Elfsight ist kostenlos und schnell.","og_url":"https:\/\/elfsight.com\/de\/visitor-counter-widget\/jimdo\/","og_site_name":"Elfsight DE","article_modified_time":"2024-11-07T15:03:54+00:00","twitter_card":"summary_large_image","twitter_misc":{"Gesch\u00e4tzte Lesezeit":"3\u00a0Minuten"},"schema":{"@context":"https:\/\/schema.org","@graph":[{"@type":"WebPage","@id":"https:\/\/elfsight.com\/de\/visitor-counter-widget\/jimdo\/","url":"https:\/\/elfsight.com\/de\/visitor-counter-widget\/jimdo\/","name":"Besucherz\u00e4hler \u2013 F\u00fcgen Sie Jimdo ein kostenloses Trefferz\u00e4hler-Widget hinzu","isPartOf":{"@id":"https:\/\/elfsight.com\/de\/#website"},"datePublished":"1970-01-01T00:00:00+00:00","dateModified":"2024-11-07T15:03:54+00:00","description":"Es ist ganz einfach, Ihr bestes Besucherz\u00e4hler-Widget zu erstellen und es in Ihre Website einzubetten. Der Kundendienst von Elfsight ist kostenlos und schnell.","breadcrumb":{"@id":"https:\/\/elfsight.com\/de\/visitor-counter-widget\/jimdo\/#breadcrumb"},"inLanguage":"de","potentialAction":[{"@type":"ReadAction","target":["https:\/\/elfsight.com\/de\/visitor-counter-widget\/jimdo\/"]}]},{"@type":"BreadcrumbList","@id":"https:\/\/elfsight.com\/de\/visitor-counter-widget\/jimdo\/#breadcrumb","itemListElement":[{"@type":"ListItem","position":1,"name":"Home","item":"https:\/\/elfsight.com\/de\/"},{"@type":"ListItem","position":2,"name":"Visitor Counter","item":"https:\/\/elfsight.com\/de\/visitor-counter-widget\/"},{"@type":"ListItem","position":3,"name":"Visitor Counter &#8211; Jimdo"}]},{"@type":"WebSite","@id":"https:\/\/elfsight.com\/de\/#website","url":"https:\/\/elfsight.com\/de\/","name":"Elfsight DE","description":"Just another Elfsight Sites site","potentialAction":[{"@type":"SearchAction","target":{"@type":"EntryPoint","urlTemplate":"https:\/\/elfsight.com\/de\/?s={search_term_string}"},"query-input":{"@type":"PropertyValueSpecification","valueRequired":true,"valueName":"search_term_string"}}],"inLanguage":"de"}]}},"meta_box":{"industry":"","seo_heading":"","heading":"","description":"","cta_heading":"","cta_description":"","application":"515","h1":"Jimdo Besucherz\u00e4hler-Widget","h1_caption":"Zeigen Sie die Anzahl der Besucher Ihrer Website mit einem Live-Besucherz\u00e4hler an und steigern Sie so m\u00fchelos die Glaubw\u00fcrdigkeit Ihrer Website auf Ihrer Jimdo-Website.","application_category":[],"applications_title":"","applications_request_title":"","applications_request_button_text":"","hero_text":"","hero_video":"","hero_video_schema_markup":"","selling_points_title":"","selling_points_caption":"","selling_points":[],"selling_points_cta_text":"","features_title":"","features":"","ed_cta_examples_text":"","ed_cta_examples_hidden":"","ed_cta_demo_text":"","ed_cta_demo_hidden":"","why_caption":"","why_editor_title":"","why_editor_text":"","why_team_title":"","why_team_text":"","why_service_title":"","why_service_text":"","template_catalog_visible":"","template_catalog_title":"","template_catalog_text":"","template_catalog_categories_visible":"","demo_title":"Erstellen Sie Ihr Besucherz\u00e4hler-Widget","demo_caption":"Konfigurieren Sie Ihren Besucherz\u00e4hler und f\u00fcgen Sie ihn kostenlos zu Ihrer Jimdo-Website hinzu!","default_faq_hidden":"","app_template_category":[],"platform":"239","template_public_id":"","codecanyon_url":"","codecanyon_item_id":"","codecanyon_price":"","pricing_caption":"","pricing_elfsight_apps_hide_column":"","pricing_elfsight_apps_url":"","pricing_codecanyon_price_caption":"","integration_category":[],"integration_request_title":"","integration_request_cta":"","integration_platform":"","integrations":[],"platform_category":[],"video_schema_markup":"","price":"ab 0 $ \/ Monat","trial":"","benefits":[{"text":"Kostenlose Installationsunterst\u00fctzung"},{"text":"Premium-Support"},{"text":"14-t\u00e4gige Geld-zur\u00fcck-Garantie"},{"text":"St\u00e4ndige Aktualisierung"}],"button_url":"#demo","button_target_blank":"","button_nofollow":"","attributes":[{"name":"Installiert","content":"10,000 - 100,000"},{"name":"Reaktionsfreudig","content":"Ja"},{"name":"Kompatible Browser","content":"Firefox, Safari, Opera, Chrome, Edge"}],"tags":[],"tags_disable_links":"","hide_more_platforms":"","video_object":"","demo_hide_cta":"","demo_hide_cloud_options":"","pricing_title":"","pricing":[{"pricing_icon":"platform","pricing_title":"Elfsight Apps","pricing_title_caption":"Plattform\u00fcbergreifende digitale L\u00f6sung","pricing_price":"ab 0 $ \/ Monat","pricing_price_caption":"Beginnen Sie mit einem kostenlosen Plan","pricing_benefits":[{"text":"Unbegrenzte Websites"},{"text":"Kostenloser und p\u00fcnktlicher Support"},{"text":"Kostenlose Installationsunterst\u00fctzung"},{"text":"Vollst\u00e4ndig anpassbar"}],"pricing_button_text":"Zur Website hinzuf\u00fcgen","pricing_button_url":"#demo"}],"related_apps_title":"","related_apps_hidden":"","author":"","image":[],"title":"","job":"","social_networks":[]},"_links":{"self":[{"href":"https:\/\/elfsight.com\/de\/wp-json\/wp\/v2\/pages\/10898","targetHints":{"allow":["GET"]}}],"collection":[{"href":"https:\/\/elfsight.com\/de\/wp-json\/wp\/v2\/pages"}],"about":[{"href":"https:\/\/elfsight.com\/de\/wp-json\/wp\/v2\/types\/page"}],"author":[{"embeddable":true,"href":"https:\/\/elfsight.com\/de\/wp-json\/wp\/v2\/users\/9"}],"replies":[{"embeddable":true,"href":"https:\/\/elfsight.com\/de\/wp-json\/wp\/v2\/comments?post=10898"}],"version-history":[{"count":2,"href":"https:\/\/elfsight.com\/de\/wp-json\/wp\/v2\/pages\/10898\/revisions"}],"predecessor-version":[{"id":22166,"href":"https:\/\/elfsight.com\/de\/wp-json\/wp\/v2\/pages\/10898\/revisions\/22166"}],"up":[{"embeddable":true,"href":"https:\/\/elfsight.com\/de\/wp-json\/wp\/v2\/pages\/2053"}],"wp:attachment":[{"href":"https:\/\/elfsight.com\/de\/wp-json\/wp\/v2\/media?parent=10898"}],"curies":[{"name":"wp","href":"https:\/\/api.w.org\/{rel}","templated":true}]}}