{"id":10892,"date":"1970-01-01T00:00:00","date_gmt":"1970-01-01T00:00:00","guid":{"rendered":"https:\/\/elfsight.com\/de\/?page_id=10892"},"modified":"2025-02-14T05:36:00","modified_gmt":"2025-02-14T05:36:00","slug":"bigcommerce","status":"publish","type":"page","link":"https:\/\/elfsight.com\/de\/vimeo-video-gallery-widget\/bigcommerce\/","title":{"rendered":"Vimeo Gallery &#8211; BigCommerce"},"content":{"rendered":"\n<div class=\"application-platform-content-item-description application-platform-content-item\" id=\"description\" data-nav-section=\"description\"> <h2>Beschreibung<\/h2> <p>Elfsight Gallery ist ein effektives Tool f\u00fcr alle, die Vimeo-Inhalte auf der Website einbetten m\u00fcssen. Sie haben die M\u00f6glichkeit, Wiedergabelisten zu erstellen, einen ganzen Kanal zu zeigen, die besten Videoinhalte f\u00fcr Ihre Galerie usw. auszuw\u00e4hlen. Das Elfsight-Widget verf\u00fcgt \u00fcber viele Designoptionen, die dabei helfen, die Schnittstelle so festzulegen, dass sie f\u00fcr verschiedene F\u00e4lle geeignet ist. Drei Layouts helfen dabei, die Videos optimal zu platzieren, mehrere Wiedergabemodi machen das Ansehen Ihrer Videos in jedem Anwendungsfall komfortabel. Mit der Kopfzeile ist es ganz einfach, allen von Ihrem Vimeo-Konto zu erz\u00e4hlen und die Anzahl der Abonnenten zu erh\u00f6hen. Die Elfsight Vimeo-App ist eine einfache M\u00f6glichkeit, nicht nur das Engagement zu steigern, sondern auch Ihr Gesch\u00e4ft auszubauen. <\/p> <div class=\"faq\" data-component=\"FAQ\"><div class=\"faq-item\">\r\n\t\t\t\t\t<div class=\"faq-item-question\">\r\n\t\t\t\t\t\t<h3 class=\"faq-item-question-text\">Wo kann ich es integrieren<\/h3>\r\n\r\n\t\t\t\t\t\t<div class=\"faq-item-question-icon\"><\/div>\r\n\t\t\t\t\t<\/div>\r\n\r\n\t\t\t\t\t<div class=\"faq-item-answer\">\r\n\t\t\t\t\t\t<div class=\"faq-item-answer-text\"> <p>Sie k\u00f6nnen das Widget auf der Seite Ihrer Wahl einbetten. Wenn Sie den Vimeo-Player in die Vorlage integrieren, wird das Widget auf jeder einzelnen Seite angezeigt.<\/p> <\/div>\r\n\t\t\t\t\t<\/div>\r\n\t\t\t\t<\/div><div class=\"faq-item\">\r\n\t\t\t\t\t<div class=\"faq-item-question\">\r\n\t\t\t\t\t\t<h3 class=\"faq-item-question-text\">Welche Vorteile bietet mir die Vimeo-Galerie?<\/h3>\r\n\r\n\t\t\t\t\t\t<div class=\"faq-item-question-icon\"><\/div>\r\n\t\t\t\t\t<\/div>\r\n\r\n\t\t\t\t\t<div class=\"faq-item-answer\">\r\n\t\t\t\t\t\t<div class=\"faq-item-answer-text\"> <p>Dies Das Plugin tr\u00e4gt mit attraktiven Videos dazu bei, das Engagement auf Ihrer Website zu steigern. Mit der Schnellabonnementfunktion k\u00f6nnen Sie neue Follower f\u00fcr Ihren Vimeo-Kanal gewinnen.<\/p><\/div>\r\n\t\t\t\t\t<\/div>\r\n\t\t\t\t<\/div> <div class=\"faq-item\">\r\n\t\t\t\t\t<div class=\"faq-item-question\">\r\n\t\t\t\t\t\t<h3 class=\"faq-item-question-text\">Wie kann ich den Vimeo-Videoplayer installieren?<\/h3>\r\n\r\n\t\t\t\t\t\t<div class=\"faq-item-question-icon\"><\/div>\r\n\t\t\t\t\t<\/div>\r\n\r\n\t\t\t\t\t<div class=\"faq-item-answer\">\r\n\t\t\t\t\t\t<div class=\"faq-item-answer-text\"> <p>Sie ben\u00f6tigen nur zwei Minuten, um mit der Nutzung zu beginnen das Widget. Die Einbettung erfolgt superschnell, kostenlos und ohne Programmierung. <\/p> <p>Die Elfsight Vimeo-Videogalerie kann in unserem Service oder \u00fcber den Marktplatz eingef\u00fchrt werden. Hier k\u00f6nnen Sie alle Details der beiden Optionen vergleichen und sich f\u00fcr Ihre entscheiden. <\/p> <\/div>\r\n\t\t\t\t\t<\/div>\r\n\t\t\t\t<\/div> <\/div> <\/div> <div class=\"application-platform-content-item-features application-platform-content-item\" id=\"features\" data-nav-section=\"features\"> <h2>Funktionen<\/h2> <p>Um eine klare Wahrnehmung des Widgets zu schaffen, \u00fcberpr\u00fcfen Sie die Liste der am h\u00e4ufigsten verwendeten wertvolle Funktionen. Sie machen das Widget f\u00fcr Sie n\u00fctzlich: <\/p> <ul><li>Einbettung gebrauchsfertiger Layouts f\u00fcr verschiedene Arten der Videoabfolge: Raster, Playlist, Slider; <\/li><li>7 umschaltbare Elemente des Widget-Headers: Name, Statistik, Beschreibung, Schaltfl\u00e4che \u201eFolgen\u201c, Profilsymbol; <\/li><li>4 gebrauchsfertige Wiedergabemodi: Popup, Player, Inline oder auf Vimeo; <\/li><li>3 Aktionen nach Ende des Videos: Als n\u00e4chstes abspielen, erneut abspielen, keine; <\/li><\/ul><p><a href=\"#demo\">Unsere Live-Demo \u00f6ffnet Ihnen alle Funktionen<\/a><\/p> <\/div> <div class=\"application-platform-content-item-installation application-platform-content-item\" id=\"installation\" data-nav-section=\"installation\"> <h2>So f\u00fcgen Sie das Vimeo-Video zu Ihrer BigCommerce-Website hinzu<\/h2><div class=\"video-container\"><iframe width=\"560\" height=\"315\" src=\"https:\/\/www.youtube.com\/embed\/wZAyVHu_GrM?si=VEayXFMSEJwp1siQ\" frameborder=\"0\" allow=\"accelerometer; autoplay; clipboard-write; encrypted-media; gyroscope; picture-in-picture; web-share\" allowfullscreen><\/iframe><\/div><p>Befolgen Sie einfach die unten aufgef\u00fchrten Schritte, um das Widget zu BigCommerce hinzuzuf\u00fcgen.<\/p> <ol><li><b>Starten Sie unsere kostenlose Demo und beginnen Sie mit der Gestaltung Ihrer personalisierten Vimeo-Galerie. <\/b><br> Geben Sie die bevorzugte Form und Funktionen der App an und wenden Sie die Korrekturen an. <\/li> <li><b>Kopieren Sie Ihren pers\u00f6nlichen Code, der in der Box auf Elfsight Apps angezeigt wird. <\/b><br> Nachdem die Konfiguration Ihres Widgets abgeschlossen ist, kopieren Sie den exklusiven Code im erscheinenden Popup und speichern Sie ihn f\u00fcr zuk\u00fcnftige Gelegenheiten. <\/li> <li><b>Beginnen Sie mit der Verwendung der App auf Ihrer BigCommerce-Site. <\/b><br> Implementieren Sie den zuvor kopierten Code in Ihre Site und \u00fcbernehmen Sie die Anpassungen. <\/li> <li><b>Die Installation ist vollst\u00e4ndig durchgef\u00fchrt. <\/b><br> Besuchen Sie Ihre Website, um die Funktion des Tools zu \u00fcberpr\u00fcfen. <\/li><\/ol><p>Sie k\u00f6nnen sich immer noch nicht entscheiden? Oder haben Sie Fragen? Schreiben Sie einfach eine Anfrage an unser Support-Team, wir helfen Ihnen bei allen Anliegen.<\/p> <\/div>\n","protected":false},"excerpt":{"rendered":"","protected":false},"author":9,"featured_media":0,"parent":1162,"menu_order":0,"comment_status":"closed","ping_status":"closed","template":"templates\/template-application-platform.php","meta":{"publish_to_discourse":"","publish_post_category":"","wpdc_auto_publish_overridden":"","wpdc_topic_tags":"","wpdc_pin_topic":"","wpdc_pin_until":"","discourse_post_id":"","discourse_permalink":"","wpdc_publishing_response":"","wpdc_publishing_error":"","footnotes":""},"class_list":["post-10892","page","type-page","status-publish","hentry"],"yoast_head":"<!-- This site is optimized with the Yoast SEO plugin v25.3.1 - https:\/\/yoast.com\/wordpress\/plugins\/seo\/ -->\n<title>Einbetten der Vimeo-Videogalerie auf der BigCommerce-Website (kostenlos und schnell)<\/title>\n<meta name=\"description\" content=\"Es ist ein Kinderspiel, Ihre Vimeo-Videogalerie-App zu erstellen und sie in die BigCommerce-Website einzubetten. Der Elfsight-Kundensupport ist kostenlos.\" \/>\n<meta name=\"robots\" content=\"index, follow, max-snippet:-1, max-image-preview:large, max-video-preview:-1\" \/>\n<link rel=\"canonical\" href=\"https:\/\/elfsight.com\/de\/vimeo-video-gallery-widget\/bigcommerce\/\" \/>\n<meta property=\"og:locale\" content=\"de_DE\" \/>\n<meta property=\"og:type\" content=\"article\" \/>\n<meta property=\"og:title\" content=\"Einbetten der Vimeo-Videogalerie auf der BigCommerce-Website (kostenlos und schnell)\" \/>\n<meta property=\"og:description\" content=\"Es ist ein Kinderspiel, Ihre Vimeo-Videogalerie-App zu erstellen und sie in die BigCommerce-Website einzubetten. Der Elfsight-Kundensupport ist kostenlos.\" \/>\n<meta property=\"og:url\" content=\"https:\/\/elfsight.com\/de\/vimeo-video-gallery-widget\/bigcommerce\/\" \/>\n<meta property=\"og:site_name\" content=\"Elfsight DE\" \/>\n<meta property=\"article:modified_time\" content=\"2025-02-14T05:36:00+00:00\" \/>\n<meta name=\"twitter:card\" content=\"summary_large_image\" \/>\n<meta name=\"twitter:label1\" content=\"Gesch\u00e4tzte Lesezeit\" \/>\n\t<meta name=\"twitter:data1\" content=\"3\u00a0Minuten\" \/>\n<!-- \/ Yoast SEO plugin. -->","yoast_head_json":{"title":"Einbetten der Vimeo-Videogalerie auf der BigCommerce-Website (kostenlos und schnell)","description":"Es ist ein Kinderspiel, Ihre Vimeo-Videogalerie-App zu erstellen und sie in die BigCommerce-Website einzubetten. Der Elfsight-Kundensupport ist kostenlos.","robots":{"index":"index","follow":"follow","max-snippet":"max-snippet:-1","max-image-preview":"max-image-preview:large","max-video-preview":"max-video-preview:-1"},"canonical":"https:\/\/elfsight.com\/de\/vimeo-video-gallery-widget\/bigcommerce\/","og_locale":"de_DE","og_type":"article","og_title":"Einbetten der Vimeo-Videogalerie auf der BigCommerce-Website (kostenlos und schnell)","og_description":"Es ist ein Kinderspiel, Ihre Vimeo-Videogalerie-App zu erstellen und sie in die BigCommerce-Website einzubetten. Der Elfsight-Kundensupport ist kostenlos.","og_url":"https:\/\/elfsight.com\/de\/vimeo-video-gallery-widget\/bigcommerce\/","og_site_name":"Elfsight DE","article_modified_time":"2025-02-14T05:36:00+00:00","twitter_card":"summary_large_image","twitter_misc":{"Gesch\u00e4tzte Lesezeit":"3\u00a0Minuten"},"schema":{"@context":"https:\/\/schema.org","@graph":[{"@type":"WebPage","@id":"https:\/\/elfsight.com\/de\/vimeo-video-gallery-widget\/bigcommerce\/","url":"https:\/\/elfsight.com\/de\/vimeo-video-gallery-widget\/bigcommerce\/","name":"Einbetten der Vimeo-Videogalerie auf der BigCommerce-Website (kostenlos und schnell)","isPartOf":{"@id":"https:\/\/elfsight.com\/de\/#website"},"datePublished":"1970-01-01T00:00:00+00:00","dateModified":"2025-02-14T05:36:00+00:00","description":"Es ist ein Kinderspiel, Ihre Vimeo-Videogalerie-App zu erstellen und sie in die BigCommerce-Website einzubetten. Der Elfsight-Kundensupport ist kostenlos.","breadcrumb":{"@id":"https:\/\/elfsight.com\/de\/vimeo-video-gallery-widget\/bigcommerce\/#breadcrumb"},"inLanguage":"de","potentialAction":[{"@type":"ReadAction","target":["https:\/\/elfsight.com\/de\/vimeo-video-gallery-widget\/bigcommerce\/"]}]},{"@type":"BreadcrumbList","@id":"https:\/\/elfsight.com\/de\/vimeo-video-gallery-widget\/bigcommerce\/#breadcrumb","itemListElement":[{"@type":"ListItem","position":1,"name":"Home","item":"https:\/\/elfsight.com\/de\/"},{"@type":"ListItem","position":2,"name":"Vimeo Gallery","item":"https:\/\/elfsight.com\/de\/vimeo-video-gallery-widget\/"},{"@type":"ListItem","position":3,"name":"Vimeo Gallery &#8211; BigCommerce"}]},{"@type":"WebSite","@id":"https:\/\/elfsight.com\/de\/#website","url":"https:\/\/elfsight.com\/de\/","name":"Elfsight DE","description":"Just another Elfsight Sites site","potentialAction":[{"@type":"SearchAction","target":{"@type":"EntryPoint","urlTemplate":"https:\/\/elfsight.com\/de\/?s={search_term_string}"},"query-input":{"@type":"PropertyValueSpecification","valueRequired":true,"valueName":"search_term_string"}}],"inLanguage":"de"}]}},"meta_box":{"industry":"","seo_heading":"","heading":"","description":"","cta_heading":"","cta_description":"","application":"492","h1":"BigCommerce Vimeo-Videogalerie","h1_caption":"Betten Sie eine Galerie mit Vimeo-Videos ein und bieten Sie so eine nahtlose M\u00f6glichkeit, Ihre Videoinhalte m\u00fchelos auf Ihrer BigCommerce-Website zu pr\u00e4sentieren.","application_category":[],"applications_title":"","applications_request_title":"","applications_request_button_text":"","hero_text":"","hero_video":"","hero_video_schema_markup":"","selling_points_title":"","selling_points_caption":"","selling_points":[],"selling_points_cta_text":"","features_title":"","features":"","ed_cta_examples_text":"","ed_cta_examples_hidden":"","ed_cta_demo_text":"","ed_cta_demo_hidden":"","why_caption":"","why_editor_title":"","why_editor_text":"","why_team_title":"","why_team_text":"","why_service_title":"","why_service_text":"","template_catalog_visible":"0","template_catalog_title":"","template_catalog_text":"","template_catalog_categories_visible":"","demo_title":"Erstellen Sie Ihre Vimeo Gallery-App","demo_caption":"Konfigurieren Sie Ihre Vimeo-Galerie und f\u00fcgen Sie sie kostenlos zu Ihrer BigCommerce-Website hinzu!","default_faq_hidden":"","app_template_category":[],"platform":"268","template_public_id":"","codecanyon_url":"","codecanyon_item_id":"","codecanyon_price":"","pricing_caption":"","pricing_elfsight_apps_hide_column":"","pricing_elfsight_apps_url":"","pricing_codecanyon_price_caption":"","integration_category":[],"integration_request_title":"","integration_request_cta":"","integration_platform":"","integrations":[],"platform_category":[],"video_schema_markup":"","price":"ab 0 $ \/ Monat","trial":"","benefits":[{"text":"Kostenlose Installationsunterst\u00fctzung"},{"text":"Professioneller Kundenservice"},{"text":"14-t\u00e4gige R\u00fcckerstattungsgarantie"},{"text":"Lebenslange kostenlose Updates"}],"button_url":"#demo","button_target_blank":"0","button_nofollow":"0","attributes":[{"name":"Installiert","content":"10,000 - 100,000"},{"name":"Reaktionsfreudig","content":"Ja"},{"name":"Kompatible Browser","content":"Firefox, Safari, Opera, Chrome, Edge"}],"tags":[],"tags_disable_links":"0","hide_more_platforms":"0","video_object":"","demo_hide_cta":"0","demo_hide_cloud_options":"0","pricing_title":"","pricing":[{"pricing_icon":"platform","pricing_title":"Elfsight Apps","pricing_title_caption":"Plattform\u00fcbergreifende Version","pricing_price":"ab 0 $ \/ Monat","pricing_price_caption":"Beginnen Sie mit einem kostenlosen Plan","pricing_benefits":[{"text":"Unbegrenzte Websites"},{"text":"24\/7 und p\u00fcnktlicher Support und gut dokumentiert"},{"text":"Kostenlose Installationshilfe"},{"text":"100 % anpassbar"}],"pricing_button_text":"Zur Website hinzuf\u00fcgen","pricing_button_url":"#demo"}],"related_apps_title":"","related_apps_hidden":"0","author":"","image":[],"title":"","job":"","social_networks":[]},"_links":{"self":[{"href":"https:\/\/elfsight.com\/de\/wp-json\/wp\/v2\/pages\/10892","targetHints":{"allow":["GET"]}}],"collection":[{"href":"https:\/\/elfsight.com\/de\/wp-json\/wp\/v2\/pages"}],"about":[{"href":"https:\/\/elfsight.com\/de\/wp-json\/wp\/v2\/types\/page"}],"author":[{"embeddable":true,"href":"https:\/\/elfsight.com\/de\/wp-json\/wp\/v2\/users\/9"}],"replies":[{"embeddable":true,"href":"https:\/\/elfsight.com\/de\/wp-json\/wp\/v2\/comments?post=10892"}],"version-history":[{"count":3,"href":"https:\/\/elfsight.com\/de\/wp-json\/wp\/v2\/pages\/10892\/revisions"}],"predecessor-version":[{"id":24146,"href":"https:\/\/elfsight.com\/de\/wp-json\/wp\/v2\/pages\/10892\/revisions\/24146"}],"up":[{"embeddable":true,"href":"https:\/\/elfsight.com\/de\/wp-json\/wp\/v2\/pages\/1162"}],"wp:attachment":[{"href":"https:\/\/elfsight.com\/de\/wp-json\/wp\/v2\/media?parent=10892"}],"curies":[{"name":"wp","href":"https:\/\/api.w.org\/{rel}","templated":true}]}}