{"id":10890,"date":"1970-01-01T00:00:00","date_gmt":"1970-01-01T00:00:00","guid":{"rendered":"https:\/\/elfsight.com\/de\/?page_id=10890"},"modified":"2025-02-14T05:38:59","modified_gmt":"2025-02-14T05:38:59","slug":"drupal","status":"publish","type":"page","link":"https:\/\/elfsight.com\/de\/vimeo-video-gallery-widget\/drupal\/","title":{"rendered":"Vimeo Gallery &#8211; Drupal"},"content":{"rendered":"\n<div class=\"application-platform-content-item-description application-platform-content-item\" id=\"description\" data-nav-section=\"description\"> <h2>Beschreibung<\/h2> <p>Elfsight Gallery ist ein einfaches Tool f\u00fcr Websitebesitzer, die Vimeo-Videos auf der Website hinzuf\u00fcgen m\u00f6chten. Sie k\u00f6nnen Playlists mit Videos erstellen, Kan\u00e4le integrieren, die ansprechendsten Inhalte f\u00fcr Ihre Videogalerie ausw\u00e4hlen und vieles mehr. Das Elfsight-Modul verf\u00fcgt \u00fcber praktische Designfunktionen, die dazu beitragen, die Schnittstelle f\u00fcr verschiedene F\u00e4lle geeignet zu machen. Integrierte Videolayouts helfen dabei, die Videos optimal zu platzieren. Eine Auswahl an Wiedergabemodi macht das Ansehen von Videos in jedem Anwendungsfall komfortabel. Dank des Headers besteht die M\u00f6glichkeit, Ihr Vimeo-Konto zu bewerben und mehr Follower zu gewinnen. Das Vimeo-Modul von Elfsight ist eine effektive M\u00f6glichkeit, nicht nur das Engagement zu steigern, sondern auch Ihr Unternehmen weiterzuentwickeln. <\/p> <div class=\"faq\" data-component=\"FAQ\"><div class=\"faq-item\">\r\n\t\t\t\t\t<div class=\"faq-item-question\">\r\n\t\t\t\t\t\t<h3 class=\"faq-item-question-text\">Wo kann ich es einf\u00fcgen<\/h3>\r\n\r\n\t\t\t\t\t\t<div class=\"faq-item-question-icon\"><\/div>\r\n\t\t\t\t\t<\/div>\r\n\r\n\t\t\t\t\t<div class=\"faq-item-answer\">\r\n\t\t\t\t\t\t<div class=\"faq-item-answer-text\"> <p>Sie k\u00f6nnen es auf jeder Seite Ihrer Website platzieren. Wenn Sie die Vimeo-Galerie in die Website-Vorlage einf\u00fcgen, werden die Videos auf jeder einzelnen Seite angezeigt. <\/p> <\/div>\r\n\t\t\t\t\t<\/div>\r\n\t\t\t\t<\/div><div class=\"faq-item\">\r\n\t\t\t\t\t<div class=\"faq-item-question\">\r\n\t\t\t\t\t\t<h3 class=\"faq-item-question-text\">Wie kann ich davon profitieren? <\/h3>\r\n\r\n\t\t\t\t\t\t<div class=\"faq-item-question-icon\"><\/div>\r\n\t\t\t\t\t<\/div>\r\n\r\n\t\t\t\t\t<div class=\"faq-item-answer\">\r\n\t\t\t\t\t\t<div class=\"faq-item-answer-text\"> <p>Mit Hilfe sorgf\u00e4ltig ausgew\u00e4hlter Videos tr\u00e4gt es dazu bei, das Nutzerengagement auf Ihrer Website zu steigern. Mit der Funktion \u201eSchnell folgen\u201c k\u00f6nnen Sie neue Abonnenten f\u00fcr Ihren Kanal gewinnen. <\/p><\/div>\r\n\t\t\t\t\t<\/div>\r\n\t\t\t\t<\/div> <div class=\"faq-item\">\r\n\t\t\t\t\t<div class=\"faq-item-question\">\r\n\t\t\t\t\t\t<h3 class=\"faq-item-question-text\">Wie kann ich den Vimeo-Videoplayer nutzen? <\/h3>\r\n\r\n\t\t\t\t\t\t<div class=\"faq-item-question-icon\"><\/div>\r\n\t\t\t\t\t<\/div>\r\n\r\n\t\t\t\t\t<div class=\"faq-item-answer\">\r\n\t\t\t\t\t\t<div class=\"faq-item-answer-text\"> <p>Sie ben\u00f6tigen nur eine Minute, um das Widget einzubetten. Dieser Vorgang ist wirklich schnell, kostenlos und erfordert keine Programmierung. <\/p> <p>Der Elfsight Vimeo Player kann \u00fcber unseren Service oder \u00fcber den Marktplatz integriert werden. Sie k\u00f6nnen diese Optionen vergleichen und Ihre ausw\u00e4hlen. <\/p> <\/div>\r\n\t\t\t\t\t<\/div>\r\n\t\t\t\t<\/div> <\/div> <\/div> <div class=\"application-platform-content-item-features application-platform-content-item\" id=\"features\" data-nav-section=\"features\"> <h2>Funktionen<\/h2> <p>Um eine klare Vorstellung von der Vimeo-Galerie zu bekommen, entdecken Sie die Liste ihrer Hauptinhalte Merkmale. Sie machen dieses Widget f\u00fcr Ihre Werbung wirklich n\u00fctzlich: <\/p> <ul><li>Hinzuf\u00fcgen von Videos nach URLs; <\/li><li>Drei integrierte Layouts f\u00fcr verschiedene Arten der Videogeschwindigkeit: Raster, Wiedergabeliste, Schieberegler; <\/li><li>7 kontrollierte Elemente des Widget-Headers: Name, Statistik, Beschreibung, Schaltfl\u00e4che \u201eFolgen\u201c, Profilbild; <\/li><li>Vier integrierte Wiedergabemodi: Popup, Player, Inline oder auf Vimeo; <\/li><li>3 Optionen nach Ende des Videos: Als n\u00e4chstes abspielen, erneut abspielen, keine; <\/li><\/ul><p><a href=\"#demo\">Um alle Funktionen zu erkunden, sehen Sie sich die Live-Demo an<\/a><\/p> <\/div> <div class=\"application-platform-content-item-installation application-platform-content-item\" id=\"installation\" data-nav-section=\"installation\"> <h2>\u00dcberpr\u00fcfen Sie, wie Sie das Vimeo-Video in Ihre Drupal-Website einbetten<\/h2><div class=\"video-container\"><iframe width=\"560\" height=\"315\" src=\"https:\/\/www.youtube.com\/embed\/IH_dL6x6VzI?si=c6ab0KW2G0KRZDgy\" frameborder=\"0\" allow=\"accelerometer; autoplay; clipboard-write; encrypted-media; gyroscope; picture-in-picture; web-share\" allowfullscreen><\/iframe><\/div><p>Erf\u00fcllen Sie einfach die folgenden Richtlinien, um das Plugin in Drupal einzubetten.<\/p> <ol><li><b>Verwalten Sie unsere Kostenlose Demo und beginnen Sie mit der Erstellung Ihres eigenen Vimeo-Galerie-Moduls. <\/b><br> Finden Sie die bevorzugte Form und die Parameter des Werkzeugs und \u00fcbernehmen Sie die \u00c4nderungen. <\/li> <li><b>Erhalten Sie Ihren einzigartigen Code, der im Feld von Elfsight Apps angezeigt wird. <\/b><br> Kopieren Sie direkt nach Abschluss der Erstellung Ihres Moduls den einzelnen Code im angezeigten Fenster und speichern Sie ihn f\u00fcr eine sp\u00e4tere Verwendung. <\/li> <li><b>Initiieren Sie die Nutzung des Moduls auf der Drupal-Website. <\/b><br> F\u00fcgen Sie den k\u00fcrzlich kopierten Code in Ihre Website ein und \u00fcbernehmen Sie die Korrekturen. <\/li> <li><b>Fertig! Die Integration wurde erfolgreich durchgef\u00fchrt. <\/b><br> Besuchen Sie Ihre Website, um die Leistung des Moduls zu \u00fcberpr\u00fcfen. <\/li><\/ol><p>Immer noch nicht sicher? Oder haben Sie Anfragen? Senden Sie Ihre Anfrage einfach an unseren Kundenservice. Wir helfen Ihnen in jeder Angelegenheit. <\/p> <\/div>\n","protected":false},"excerpt":{"rendered":"","protected":false},"author":9,"featured_media":0,"parent":1162,"menu_order":0,"comment_status":"closed","ping_status":"closed","template":"templates\/template-application-platform.php","meta":{"publish_to_discourse":"","publish_post_category":"","wpdc_auto_publish_overridden":"","wpdc_topic_tags":"","wpdc_pin_topic":"","wpdc_pin_until":"","discourse_post_id":"","discourse_permalink":"","wpdc_publishing_response":"","wpdc_publishing_error":"","footnotes":""},"class_list":["post-10890","page","type-page","status-publish","hentry"],"yoast_head":"<!-- This site is optimized with the Yoast SEO plugin v25.3.1 - https:\/\/yoast.com\/wordpress\/plugins\/seo\/ -->\n<title>Drupal Vimeo \u2013 Vimeo Gallery-Modul zur Drupal-Website hinzuf\u00fcgen [2025]<\/title>\n<meta name=\"description\" content=\"Es ist ganz einfach, Ihr Vimeo-Videogalerie-Modul zu erstellen und es auf Ihrer Drupal-Website anzuzeigen. Der Elfsight-Kundendienst ist kostenlos.\" \/>\n<meta name=\"robots\" content=\"index, follow, max-snippet:-1, max-image-preview:large, max-video-preview:-1\" \/>\n<link rel=\"canonical\" href=\"https:\/\/elfsight.com\/de\/vimeo-video-gallery-widget\/drupal\/\" \/>\n<meta property=\"og:locale\" content=\"de_DE\" \/>\n<meta property=\"og:type\" content=\"article\" \/>\n<meta property=\"og:title\" content=\"Drupal Vimeo \u2013 Vimeo Gallery-Modul zur Drupal-Website hinzuf\u00fcgen [2025]\" \/>\n<meta property=\"og:description\" content=\"Es ist ganz einfach, Ihr Vimeo-Videogalerie-Modul zu erstellen und es auf Ihrer Drupal-Website anzuzeigen. Der Elfsight-Kundendienst ist kostenlos.\" \/>\n<meta property=\"og:url\" content=\"https:\/\/elfsight.com\/de\/vimeo-video-gallery-widget\/drupal\/\" \/>\n<meta property=\"og:site_name\" content=\"Elfsight DE\" \/>\n<meta property=\"article:modified_time\" content=\"2025-02-14T05:38:59+00:00\" \/>\n<meta name=\"twitter:card\" content=\"summary_large_image\" \/>\n<meta name=\"twitter:label1\" content=\"Gesch\u00e4tzte Lesezeit\" \/>\n\t<meta name=\"twitter:data1\" content=\"3\u00a0Minuten\" \/>\n<!-- \/ Yoast SEO plugin. -->","yoast_head_json":{"title":"Drupal Vimeo \u2013 Vimeo Gallery-Modul zur Drupal-Website hinzuf\u00fcgen [2025]","description":"Es ist ganz einfach, Ihr Vimeo-Videogalerie-Modul zu erstellen und es auf Ihrer Drupal-Website anzuzeigen. Der Elfsight-Kundendienst ist kostenlos.","robots":{"index":"index","follow":"follow","max-snippet":"max-snippet:-1","max-image-preview":"max-image-preview:large","max-video-preview":"max-video-preview:-1"},"canonical":"https:\/\/elfsight.com\/de\/vimeo-video-gallery-widget\/drupal\/","og_locale":"de_DE","og_type":"article","og_title":"Drupal Vimeo \u2013 Vimeo Gallery-Modul zur Drupal-Website hinzuf\u00fcgen [2025]","og_description":"Es ist ganz einfach, Ihr Vimeo-Videogalerie-Modul zu erstellen und es auf Ihrer Drupal-Website anzuzeigen. Der Elfsight-Kundendienst ist kostenlos.","og_url":"https:\/\/elfsight.com\/de\/vimeo-video-gallery-widget\/drupal\/","og_site_name":"Elfsight DE","article_modified_time":"2025-02-14T05:38:59+00:00","twitter_card":"summary_large_image","twitter_misc":{"Gesch\u00e4tzte Lesezeit":"3\u00a0Minuten"},"schema":{"@context":"https:\/\/schema.org","@graph":[{"@type":"WebPage","@id":"https:\/\/elfsight.com\/de\/vimeo-video-gallery-widget\/drupal\/","url":"https:\/\/elfsight.com\/de\/vimeo-video-gallery-widget\/drupal\/","name":"Drupal Vimeo \u2013 Vimeo Gallery-Modul zur Drupal-Website hinzuf\u00fcgen [2025]","isPartOf":{"@id":"https:\/\/elfsight.com\/de\/#website"},"datePublished":"1970-01-01T00:00:00+00:00","dateModified":"2025-02-14T05:38:59+00:00","description":"Es ist ganz einfach, Ihr Vimeo-Videogalerie-Modul zu erstellen und es auf Ihrer Drupal-Website anzuzeigen. Der Elfsight-Kundendienst ist kostenlos.","breadcrumb":{"@id":"https:\/\/elfsight.com\/de\/vimeo-video-gallery-widget\/drupal\/#breadcrumb"},"inLanguage":"de","potentialAction":[{"@type":"ReadAction","target":["https:\/\/elfsight.com\/de\/vimeo-video-gallery-widget\/drupal\/"]}]},{"@type":"BreadcrumbList","@id":"https:\/\/elfsight.com\/de\/vimeo-video-gallery-widget\/drupal\/#breadcrumb","itemListElement":[{"@type":"ListItem","position":1,"name":"Home","item":"https:\/\/elfsight.com\/de\/"},{"@type":"ListItem","position":2,"name":"Vimeo Gallery","item":"https:\/\/elfsight.com\/de\/vimeo-video-gallery-widget\/"},{"@type":"ListItem","position":3,"name":"Vimeo Gallery &#8211; Drupal"}]},{"@type":"WebSite","@id":"https:\/\/elfsight.com\/de\/#website","url":"https:\/\/elfsight.com\/de\/","name":"Elfsight DE","description":"Just another Elfsight Sites site","potentialAction":[{"@type":"SearchAction","target":{"@type":"EntryPoint","urlTemplate":"https:\/\/elfsight.com\/de\/?s={search_term_string}"},"query-input":{"@type":"PropertyValueSpecification","valueRequired":true,"valueName":"search_term_string"}}],"inLanguage":"de"}]}},"meta_box":{"industry":"","seo_heading":"","heading":"","description":"","cta_heading":"","cta_description":"","application":"492","h1":"Drupal Vimeo-Videogalerie","h1_caption":"Betten Sie eine Galerie mit Vimeo-Videos ein und bieten Sie so eine nahtlose M\u00f6glichkeit, Ihre Videoinhalte m\u00fchelos auf Ihrer Drupal-Website zu pr\u00e4sentieren.","application_category":[],"applications_title":"","applications_request_title":"","applications_request_button_text":"","hero_text":"","hero_video":"","hero_video_schema_markup":"","selling_points_title":"","selling_points_caption":"","selling_points":[],"selling_points_cta_text":"","features_title":"","features":"","ed_cta_examples_text":"","ed_cta_examples_hidden":"","ed_cta_demo_text":"","ed_cta_demo_hidden":"","why_caption":"","why_editor_title":"","why_editor_text":"","why_team_title":"","why_team_text":"","why_service_title":"","why_service_text":"","template_catalog_visible":"0","template_catalog_title":"","template_catalog_text":"","template_catalog_categories_visible":"","demo_title":"Erstellen Sie Ihr Vimeo-Galerie-Modul","demo_caption":"Konfigurieren Sie Ihre Vimeo-Galerie und f\u00fcgen Sie sie kostenlos zu Ihrer Drupal-Website hinzu!","default_faq_hidden":"","app_template_category":[],"platform":"261","template_public_id":"","codecanyon_url":"","codecanyon_item_id":"","codecanyon_price":"","pricing_caption":"","pricing_elfsight_apps_hide_column":"","pricing_elfsight_apps_url":"","pricing_codecanyon_price_caption":"","integration_category":[],"integration_request_title":"","integration_request_cta":"","integration_platform":"","integrations":[],"platform_category":[],"video_schema_markup":"","price":"ab 0 $ \/ Monat","trial":"","benefits":[{"text":"Kostenlose Installationsunterst\u00fctzung"},{"text":"Kompetenter Kundenservice"},{"text":"14-t\u00e4gige R\u00fcckerstattungsgarantie"},{"text":"Zuk\u00fcnftige kostenlose Updates"}],"button_url":"#demo","button_target_blank":"0","button_nofollow":"0","attributes":[{"name":"Installiert","content":"10,000 - 100,000"},{"name":"Reaktionsfreudig","content":"Ja"},{"name":"Kompatible Browser","content":"Firefox, Safari, Opera, Chrome, Edge"}],"tags":[],"tags_disable_links":"0","hide_more_platforms":"0","video_object":"","demo_hide_cta":"0","demo_hide_cloud_options":"0","pricing_title":"","pricing":[{"pricing_icon":"platform","pricing_title":"Elfsight Apps","pricing_title_caption":"Plattform\u00fcbergreifende L\u00f6sung, die auf jeder Website funktioniert","pricing_price":"ab 0 $ \/ Monat","pricing_price_caption":"Beginnen Sie mit einem kostenlosen Plan","pricing_benefits":[{"text":"Unbegrenzte Domains"},{"text":"Kostenloser und p\u00fcnktlicher Support"},{"text":"Kostenloser Installationsservice"},{"text":"Sonderpreis f\u00fcr mehrere Apps"}],"pricing_button_text":"Zur Website hinzuf\u00fcgen","pricing_button_url":"#demo"}],"related_apps_title":"","related_apps_hidden":"0","author":"","image":[],"title":"","job":"","social_networks":[]},"_links":{"self":[{"href":"https:\/\/elfsight.com\/de\/wp-json\/wp\/v2\/pages\/10890","targetHints":{"allow":["GET"]}}],"collection":[{"href":"https:\/\/elfsight.com\/de\/wp-json\/wp\/v2\/pages"}],"about":[{"href":"https:\/\/elfsight.com\/de\/wp-json\/wp\/v2\/types\/page"}],"author":[{"embeddable":true,"href":"https:\/\/elfsight.com\/de\/wp-json\/wp\/v2\/users\/9"}],"replies":[{"embeddable":true,"href":"https:\/\/elfsight.com\/de\/wp-json\/wp\/v2\/comments?post=10890"}],"version-history":[{"count":3,"href":"https:\/\/elfsight.com\/de\/wp-json\/wp\/v2\/pages\/10890\/revisions"}],"predecessor-version":[{"id":24148,"href":"https:\/\/elfsight.com\/de\/wp-json\/wp\/v2\/pages\/10890\/revisions\/24148"}],"up":[{"embeddable":true,"href":"https:\/\/elfsight.com\/de\/wp-json\/wp\/v2\/pages\/1162"}],"wp:attachment":[{"href":"https:\/\/elfsight.com\/de\/wp-json\/wp\/v2\/media?parent=10890"}],"curies":[{"name":"wp","href":"https:\/\/api.w.org\/{rel}","templated":true}]}}