{"id":10883,"date":"1970-01-01T00:00:00","date_gmt":"1970-01-01T00:00:00","guid":{"rendered":"https:\/\/elfsight.com\/de\/?page_id=10883"},"modified":"2025-07-10T13:57:41","modified_gmt":"2025-07-10T13:57:41","slug":"jquery","status":"publish","type":"page","link":"https:\/\/elfsight.com\/de\/vimeo-video-gallery-widget\/jquery\/","title":{"rendered":"Vimeo Gallery &#8211; jQuery"},"content":{"rendered":"<div class=\"application-platform-content-item-description application-platform-content-item\" id=\"description\" data-nav-section=\"description\"> <h2>Beschreibung<\/h2> <p>Elfsight Gallery ist ein unkompliziertes Widget f\u00fcr Websitebesitzer, die bereit sind, Vimeo-Videos auf der Website einzubetten. Mit dem Widget k\u00f6nnen Sie Wiedergabelisten mit Videos sammeln, einen ganzen Kanal integrieren, die attraktivsten Themeninhalte f\u00fcr Ihre Galerie usw. ausw\u00e4hlen. Das Elfsight-Widget bietet mehrere Designfunktionen, die dabei helfen, die Benutzeroberfl\u00e4che so zu gestalten, dass sie f\u00fcr verschiedene Anwendungsf\u00e4lle geeignet ist. Integrierte Videolayouts sorgen f\u00fcr die optimale Platzierung der Inhalte. Eine Auswahl an Wiedergabemodi sorgt daf\u00fcr, dass Videos in jedem Layout bequem angezeigt werden k\u00f6nnen. Mit Hilfe des flexiblen Headers k\u00f6nnen Sie Ihren Kanal ank\u00fcndigen und mehr Follower gewinnen. Die Elfsight Vimeo Gallery ist eine effektive M\u00f6glichkeit, nicht nur das Engagement zu steigern, sondern auch f\u00fcr Ihr Unternehmen zu werben. <\/p> <div class=\"faq\" data-component=\"FAQ\"><div class=\"faq-item\">\r\n\t\t\t\t\t<div class=\"faq-item-question\">\r\n\t\t\t\t\t\t<h3 class=\"faq-item-question-text\">Wo kann ich dieses Plugin ver\u00f6ffentlichen<\/h3>\r\n\r\n\t\t\t\t\t\t<div class=\"faq-item-question-icon\"><\/div>\r\n\t\t\t\t\t<\/div>\r\n\r\n\t\t\t\t\t<div class=\"faq-item-answer\">\r\n\t\t\t\t\t\t<div class=\"faq-item-answer-text\"> <p>Sie k\u00f6nnen es auf jeder Seite Ihrer Website einf\u00fcgen. Wenn Sie es in die Website-Vorlage einf\u00fcgen, werden die Videos auf jeder Seite angezeigt. <\/p> <\/div>\r\n\t\t\t\t\t<\/div>\r\n\t\t\t\t<\/div><div class=\"faq-item\">\r\n\t\t\t\t\t<div class=\"faq-item-question\">\r\n\t\t\t\t\t\t<h3 class=\"faq-item-question-text\">Welche Vorteile hat es f\u00fcr mich?<\/h3>\r\n\r\n\t\t\t\t\t\t<div class=\"faq-item-question-icon\"><\/div>\r\n\t\t\t\t\t<\/div>\r\n\r\n\t\t\t\t\t<div class=\"faq-item-answer\">\r\n\t\t\t\t\t\t<div class=\"faq-item-answer-text\"> <p>Es erm\u00f6glicht Ihnen, die Besucherbindung auf Ihrer Website mit attraktiven Videos zu steigern. Mit der Sofortabonnementoption k\u00f6nnen Sie neue Follower f\u00fcr Ihren Kanal gewinnen. <\/p><\/div>\r\n\t\t\t\t\t<\/div>\r\n\t\t\t\t<\/div> <div class=\"faq-item\">\r\n\t\t\t\t\t<div class=\"faq-item-question\">\r\n\t\t\t\t\t\t<h3 class=\"faq-item-question-text\">Was ben\u00f6tige ich, um den Vimeo-Videoplayer auf meiner Website zu installieren?<\/h3>\r\n\r\n\t\t\t\t\t\t<div class=\"faq-item-question-icon\"><\/div>\r\n\t\t\t\t\t<\/div>\r\n\r\n\t\t\t\t\t<div class=\"faq-item-answer\">\r\n\t\t\t\t\t\t<div class=\"faq-item-answer-text\"> <p>Die Aktivierung des Widgets dauert nur ein paar Minuten. Das Einbetten geht superschnell, ist kostenlos und erfordert keine Programmierung. <\/p> <p>Es besteht die M\u00f6glichkeit, \u00fcber unseren Dienst eine Vimeo-Galerie in die Webseite einzuf\u00fcgen. Befolgen Sie einfach die Schritte der Anleitung unten auf dieser Seite. <\/p> <\/div>\r\n\t\t\t\t\t<\/div>\r\n\t\t\t\t<\/div> <\/div> <\/div><div class=\"application-platform-content-item-features application-platform-content-item\" id=\"features\" data-nav-section=\"features\"> <h2>Funktionen<\/h2> <p>Um eine klarere Vorstellung vom Widget zu erhalten, sehen Sie sich die Liste der wichtigsten an Z\u00fcge. Sie machen dieses Widget f\u00fcr Ihr Unternehmen maximal effizient:<\/p> <ul><li>Die Option, ausgew\u00e4hlte Layouts f\u00fcr verschiedene Arten der Videogeschwindigkeit hinzuzuf\u00fcgen: Raster, Playlist, Slider;<\/li><li>Sieben gesteuerte Komponenten von die Kopfzeile: Name, Statistik, Beschreibung, Schaltfl\u00e4che \u201eFolgen\u201c, Profilsymbol;<\/li><li>4 gebrauchsfertige Wiedergabemodi: Popup, Player, Inline oder auf Vimeo;<\/li><li>Drei Optionen nach Ende des Videos: Weiter abspielen, erneut abspielen, keine;<\/li><\/ul><p><a href=\"#demo\">Unsere Demo \u00f6ffnet Ihnen eine vollst\u00e4ndige Liste der Funktionen<\/a><\/p> <\/div> <div class=\"application-platform-content-item-installation application-platform-content-item\" id=\"installation\" data-nav-section=\"installation\"> <h2>Sehen wir uns an, wie Sie das Vimeo-Video zu Ihrer jQuery-Website hinzuf\u00fcgen<\/h2> <p>Diese verschiedenen Aktionen sind das Einzige, was Sie zum Einrichten ben\u00f6tigen.<\/p> <ol><li><b>Generieren Sie Ihr personalisiertes Vimeo-Plugin<\/b><br> Richten Sie mithilfe unserer kostenlosen Demo ein Plugin mit ausgew\u00e4hlter Zusammensetzung und Funktionalit\u00e4t ein. <\/li><li><b>Kopieren Sie den individuellen Code, um das Plugin zu integrieren<\/b><br> Nachdem Sie Ihr Widget angepasst haben, erhalten Sie den individuellen Code aus dem erscheinenden Fenster auf Elfsight Apps. Kopiere diesen Code. <\/li> <li><b>Integrieren Sie das Plugin auf Ihrer Muse-Site<\/b><br> W\u00e4hlen Sie den Bereich aus, in dem Sie das Plugin anzeigen m\u00f6chten, und f\u00fcgen Sie dort den kopierten Code ein. \u00dcbernehmen Sie die \u00c4nderungen. <\/li> <li><b>Fertig!<\/b><br> Besuchen Sie Ihre Website, um Ihre Arbeit zu sehen. <\/li> <\/ol><p>Zweifeln Sie immer noch an etwas? Oder haben Sie Anfragen? Senden Sie einfach eine Anfrage an unser Support-Team, das jedes Problem l\u00f6sen wird.<\/p> <\/div>","protected":false},"excerpt":{"rendered":"","protected":false},"author":9,"featured_media":0,"parent":1162,"menu_order":0,"comment_status":"closed","ping_status":"closed","template":"templates\/template-application-platform.php","meta":{"publish_to_discourse":"","publish_post_category":"","wpdc_auto_publish_overridden":"","wpdc_topic_tags":"","wpdc_pin_topic":"","wpdc_pin_until":"","discourse_post_id":"","discourse_permalink":"","wpdc_publishing_response":"","wpdc_publishing_error":"","footnotes":""},"class_list":["post-10883","page","type-page","status-publish","hentry"],"yoast_head":"<!-- This site is optimized with the Yoast SEO plugin v25.3.1 - https:\/\/yoast.com\/wordpress\/plugins\/seo\/ -->\n<title>jQuery Vimeo \u2013 Vimeo-Galerie-Widget zur jQuery-Website hinzuf\u00fcgen [2025]<\/title>\n<meta name=\"description\" content=\"Gestalten Sie mit Elfsight Ihre Vimeo-Videogalerie und platzieren Sie sie schnell auf der jQuery-Website. Wir bieten kostenlosen Kundensupport und andere Boni.\" \/>\n<meta name=\"robots\" content=\"index, follow, max-snippet:-1, max-image-preview:large, max-video-preview:-1\" \/>\n<link rel=\"canonical\" href=\"https:\/\/elfsight.com\/de\/vimeo-video-gallery-widget\/jquery\/\" \/>\n<meta property=\"og:locale\" content=\"de_DE\" \/>\n<meta property=\"og:type\" content=\"article\" \/>\n<meta property=\"og:title\" content=\"jQuery Vimeo \u2013 Vimeo-Galerie-Widget zur jQuery-Website hinzuf\u00fcgen [2025]\" \/>\n<meta property=\"og:description\" content=\"Gestalten Sie mit Elfsight Ihre Vimeo-Videogalerie und platzieren Sie sie schnell auf der jQuery-Website. Wir bieten kostenlosen Kundensupport und andere Boni.\" \/>\n<meta property=\"og:url\" content=\"https:\/\/elfsight.com\/de\/vimeo-video-gallery-widget\/jquery\/\" \/>\n<meta property=\"og:site_name\" content=\"Elfsight DE\" \/>\n<meta property=\"article:modified_time\" content=\"2025-07-10T13:57:41+00:00\" \/>\n<meta name=\"twitter:card\" content=\"summary_large_image\" \/>\n<meta name=\"twitter:label1\" content=\"Gesch\u00e4tzte Lesezeit\" \/>\n\t<meta name=\"twitter:data1\" content=\"3\u00a0Minuten\" \/>\n<!-- \/ Yoast SEO plugin. -->","yoast_head_json":{"title":"jQuery Vimeo \u2013 Vimeo-Galerie-Widget zur jQuery-Website hinzuf\u00fcgen [2025]","description":"Gestalten Sie mit Elfsight Ihre Vimeo-Videogalerie und platzieren Sie sie schnell auf der jQuery-Website. Wir bieten kostenlosen Kundensupport und andere Boni.","robots":{"index":"index","follow":"follow","max-snippet":"max-snippet:-1","max-image-preview":"max-image-preview:large","max-video-preview":"max-video-preview:-1"},"canonical":"https:\/\/elfsight.com\/de\/vimeo-video-gallery-widget\/jquery\/","og_locale":"de_DE","og_type":"article","og_title":"jQuery Vimeo \u2013 Vimeo-Galerie-Widget zur jQuery-Website hinzuf\u00fcgen [2025]","og_description":"Gestalten Sie mit Elfsight Ihre Vimeo-Videogalerie und platzieren Sie sie schnell auf der jQuery-Website. Wir bieten kostenlosen Kundensupport und andere Boni.","og_url":"https:\/\/elfsight.com\/de\/vimeo-video-gallery-widget\/jquery\/","og_site_name":"Elfsight DE","article_modified_time":"2025-07-10T13:57:41+00:00","twitter_card":"summary_large_image","twitter_misc":{"Gesch\u00e4tzte Lesezeit":"3\u00a0Minuten"},"schema":{"@context":"https:\/\/schema.org","@graph":[{"@type":"WebPage","@id":"https:\/\/elfsight.com\/de\/vimeo-video-gallery-widget\/jquery\/","url":"https:\/\/elfsight.com\/de\/vimeo-video-gallery-widget\/jquery\/","name":"jQuery Vimeo \u2013 Vimeo-Galerie-Widget zur jQuery-Website hinzuf\u00fcgen [2025]","isPartOf":{"@id":"https:\/\/elfsight.com\/de\/#website"},"datePublished":"1970-01-01T00:00:00+00:00","dateModified":"2025-07-10T13:57:41+00:00","description":"Gestalten Sie mit Elfsight Ihre Vimeo-Videogalerie und platzieren Sie sie schnell auf der jQuery-Website. Wir bieten kostenlosen Kundensupport und andere Boni.","breadcrumb":{"@id":"https:\/\/elfsight.com\/de\/vimeo-video-gallery-widget\/jquery\/#breadcrumb"},"inLanguage":"de","potentialAction":[{"@type":"ReadAction","target":["https:\/\/elfsight.com\/de\/vimeo-video-gallery-widget\/jquery\/"]}]},{"@type":"BreadcrumbList","@id":"https:\/\/elfsight.com\/de\/vimeo-video-gallery-widget\/jquery\/#breadcrumb","itemListElement":[{"@type":"ListItem","position":1,"name":"Home","item":"https:\/\/elfsight.com\/de\/"},{"@type":"ListItem","position":2,"name":"Vimeo Gallery","item":"https:\/\/elfsight.com\/de\/vimeo-video-gallery-widget\/"},{"@type":"ListItem","position":3,"name":"Vimeo Gallery &#8211; jQuery"}]},{"@type":"WebSite","@id":"https:\/\/elfsight.com\/de\/#website","url":"https:\/\/elfsight.com\/de\/","name":"Elfsight DE","description":"Just another Elfsight Sites site","potentialAction":[{"@type":"SearchAction","target":{"@type":"EntryPoint","urlTemplate":"https:\/\/elfsight.com\/de\/?s={search_term_string}"},"query-input":{"@type":"PropertyValueSpecification","valueRequired":true,"valueName":"search_term_string"}}],"inLanguage":"de"}]}},"meta_box":{"industry":"","seo_heading":"","heading":"","description":"","cta_heading":"","cta_description":"","application":"492","h1":"jQuery Vimeo-Videogalerie","h1_caption":"Betten Sie eine Galerie mit Vimeo-Videos ein und bieten Sie so eine nahtlose M\u00f6glichkeit, Ihre Videoinhalte m\u00fchelos auf Ihrer jQuery-Website zu pr\u00e4sentieren.","application_category":[],"applications_title":"","applications_request_title":"","applications_request_button_text":"","hero_text":"","hero_video":"","hero_video_schema_markup":"","selling_points_title":"","selling_points_caption":"","selling_points":[],"selling_points_cta_text":"","features_title":"","features":"","ed_cta_examples_text":"","ed_cta_examples_hidden":"","ed_cta_demo_text":"","ed_cta_demo_hidden":"","why_caption":"","why_editor_title":"","why_editor_text":"","why_team_title":"","why_team_text":"","why_service_title":"","why_service_text":"","template_catalog_visible":"","template_catalog_title":"","template_catalog_text":"","template_catalog_categories_visible":"","demo_title":"Erstellen Sie Ihr Vimeo Gallery-Plugin","demo_caption":"Konfigurieren Sie Ihre Vimeo-Galerie und f\u00fcgen Sie sie kostenlos zu Ihrer jQuery-Website hinzu!","default_faq_hidden":"","app_template_category":[],"platform":"258","template_public_id":"","codecanyon_url":"","codecanyon_item_id":"","codecanyon_price":"","pricing_caption":"","pricing_elfsight_apps_hide_column":"","pricing_elfsight_apps_url":"","pricing_codecanyon_price_caption":"","integration_category":[],"integration_request_title":"","integration_request_cta":"","integration_platform":"","integrations":[],"platform_category":[],"video_schema_markup":"","price":"ab 0 $ \/ Monat","trial":"","benefits":[{"text":"Kostenloser Installationsservice"},{"text":"Professioneller Kundenservice"},{"text":"14-t\u00e4gige R\u00fcckerstattungsgarantie"},{"text":"Lebenslange kostenlose Verbesserungen"}],"button_url":"#demo","button_target_blank":"","button_nofollow":"","attributes":[{"name":"Installiert","content":"10,000 - 100,000"},{"name":"Reaktionsfreudig","content":"Ja"},{"name":"Kompatible Browser","content":"Firefox, Safari, Opera, Chrome, Edge"}],"tags":[],"tags_disable_links":"","hide_more_platforms":"","video_object":"","demo_hide_cta":"","demo_hide_cloud_options":"","pricing_title":"","pricing":[{"pricing_icon":"platform","pricing_title":"Elfsight Apps","pricing_title_caption":"Plattform\u00fcbergreifende digitale L\u00f6sung, die f\u00fcr jeden Standort geeignet ist","pricing_price":"ab 0 $ \/ Monat","pricing_price_caption":"Beginnen Sie mit einem kostenlosen Plan","pricing_benefits":[{"text":"Unbegrenzte Domains"},{"text":"Erstklassiger Kundensupport und gut dokumentiert"},{"text":"Kostenlose Installationsunterst\u00fctzung"},{"text":"Flexibles Design"}],"pricing_button_text":"Zur Website hinzuf\u00fcgen","pricing_button_url":"#demo"}],"related_apps_title":"","related_apps_hidden":"","author":"","image":[],"title":"","job":"","social_networks":[]},"_links":{"self":[{"href":"https:\/\/elfsight.com\/de\/wp-json\/wp\/v2\/pages\/10883","targetHints":{"allow":["GET"]}}],"collection":[{"href":"https:\/\/elfsight.com\/de\/wp-json\/wp\/v2\/pages"}],"about":[{"href":"https:\/\/elfsight.com\/de\/wp-json\/wp\/v2\/types\/page"}],"author":[{"embeddable":true,"href":"https:\/\/elfsight.com\/de\/wp-json\/wp\/v2\/users\/9"}],"replies":[{"embeddable":true,"href":"https:\/\/elfsight.com\/de\/wp-json\/wp\/v2\/comments?post=10883"}],"version-history":[{"count":1,"href":"https:\/\/elfsight.com\/de\/wp-json\/wp\/v2\/pages\/10883\/revisions"}],"predecessor-version":[{"id":10887,"href":"https:\/\/elfsight.com\/de\/wp-json\/wp\/v2\/pages\/10883\/revisions\/10887"}],"up":[{"embeddable":true,"href":"https:\/\/elfsight.com\/de\/wp-json\/wp\/v2\/pages\/1162"}],"wp:attachment":[{"href":"https:\/\/elfsight.com\/de\/wp-json\/wp\/v2\/media?parent=10883"}],"curies":[{"name":"wp","href":"https:\/\/api.w.org\/{rel}","templated":true}]}}