{"id":10882,"date":"1970-01-01T00:00:00","date_gmt":"1970-01-01T00:00:00","guid":{"rendered":"https:\/\/elfsight.com\/de\/?page_id=10882"},"modified":"2025-07-10T13:57:53","modified_gmt":"2025-07-10T13:57:53","slug":"magento","status":"publish","type":"page","link":"https:\/\/elfsight.com\/de\/vimeo-video-gallery-widget\/magento\/","title":{"rendered":"Vimeo Gallery &#8211; Magento"},"content":{"rendered":"<div class=\"application-platform-content-item-description application-platform-content-item\" id=\"description\" data-nav-section=\"description\"> <h2>Beschreibung<\/h2> <p>Elfsight Vimeo Gallery ist ein einfaches Tool f\u00fcr Websitebesitzer, die bereit sind, Videoinhalte auf der Website anzuzeigen. Mit dem Widget k\u00f6nnen Sie Wiedergabelisten mit Videos erstellen, Kan\u00e4le anzeigen, die ansprechendsten Videoinhalte f\u00fcr Ihre Galerie finden und vieles mehr. Das Elfsight-Widget verf\u00fcgt \u00fcber gut durchdachte Schnittstellenoptionen, die dazu beitragen, die Schnittstelle f\u00fcr verschiedene Anwendungsf\u00e4lle geeignet zu machen. Drei Widget-Layouts helfen dabei, die Videos optimal anzuordnen. Eine Vielzahl von Wiedergabemodi macht das Ansehen Ihrer Videos in jedem Anwendungsfall komfortabel. Machen Sie dank der Kopfzeile Werbung f\u00fcr Ihren Kanal und gewinnen Sie mehr Abonnenten. Die Elfsight Vimeo-Erweiterung ist eine einfache M\u00f6glichkeit, nicht nur das Engagement zu steigern, sondern auch Ihr Gesch\u00e4ft auszubauen.<\/p> <div class=\"faq\" data-component=\"FAQ\"><div class=\"faq-item\">\r\n\t\t\t\t\t<div class=\"faq-item-question\">\r\n\t\t\t\t\t\t<h3 class=\"faq-item-question-text\">Wo kann ich dieses Plugin anzeigen<\/h3>\r\n\r\n\t\t\t\t\t\t<div class=\"faq-item-question-icon\"><\/div>\r\n\t\t\t\t\t<\/div>\r\n\r\n\t\t\t\t\t<div class=\"faq-item-answer\">\r\n\t\t\t\t\t\t<div class=\"faq-item-answer-text\"> <p>Das Widget kann angezeigt werden die Seite, die Sie ausw\u00e4hlen. Wenn Sie das Widget in die Website-Vorlage einf\u00fcgen, wird die Galerie auf allen Seiten angezeigt. <\/p> <\/div>\r\n\t\t\t\t\t<\/div>\r\n\t\t\t\t<\/div><div class=\"faq-item\">\r\n\t\t\t\t\t<div class=\"faq-item-question\">\r\n\t\t\t\t\t\t<h3 class=\"faq-item-question-text\">Wie profitiere ich von diesem Plugin?<\/h3>\r\n\r\n\t\t\t\t\t\t<div class=\"faq-item-question-icon\"><\/div>\r\n\t\t\t\t\t<\/div>\r\n\r\n\t\t\t\t\t<div class=\"faq-item-answer\">\r\n\t\t\t\t\t\t<div class=\"faq-item-answer-text\"> <p>Es erm\u00f6glicht Ihnen, die Benutzerinteraktion auf der Website mit attraktiven Videos zu steigern. Mit der Ein-Klick-Folgefunktion k\u00f6nnen Sie neue Abonnenten f\u00fcr Ihren Kanal gewinnen. <\/p><\/div>\r\n\t\t\t\t\t<\/div>\r\n\t\t\t\t<\/div> <div class=\"faq-item\">\r\n\t\t\t\t\t<div class=\"faq-item-question\">\r\n\t\t\t\t\t\t<h3 class=\"faq-item-question-text\">Wie kann ich den Vimeo-Player auf meiner Website haben?<\/h3>\r\n\r\n\t\t\t\t\t\t<div class=\"faq-item-question-icon\"><\/div>\r\n\t\t\t\t\t<\/div>\r\n\r\n\t\t\t\t\t<div class=\"faq-item-answer\">\r\n\t\t\t\t\t\t<div class=\"faq-item-answer-text\"> <p>Die Einrichtung des Widgets dauert drei Minuten. Es ist superschnell, kostenlos und ohne Programmierung. <\/p> <p>Der Elfsight Vimeo Video Player kann in unseren Dienst oder \u00fcber den Marktplatz eingebettet werden. Sie k\u00f6nnen mehr \u00fcber beide Varianten vergleichen und Ihre ausw\u00e4hlen.<\/p> <\/div>\r\n\t\t\t\t\t<\/div>\r\n\t\t\t\t<\/div> <\/div> <\/div> <div class=\"application-platform-content-item-features application-platform-content-item\" id=\"features\" data-nav-section=\"features\"> <h2>Funktionen<\/h2> <p>Um eine klare Vorstellung zu haben Wahrnehmung der Vimeo-Galerie, sehen Sie sich die Liste der wesentlichen Funktionen an. Sie machen das Widget f\u00fcr Ihre Website maximal n\u00fctzlich: <\/p> <ul><li>Einbetten ausgew\u00e4hlter Layouts f\u00fcr verschiedene Arten der Videogeschwindigkeit: Raster, Playlist, Slider; <\/li><li>Sieben umschaltbare Details des Headers: Name, Statistik, Beschreibung, Follow-Button, Profilbild; <\/li><li>Vier sofort einsatzbereite Wiedergabemodi: Popup, Player, Inline oder auf Vimeo. <\/li><\/ul><p><a href=\"#demo\">Entdecken Sie alle Funktionen in unserer Demo<\/a><\/p> <\/div> <div class=\"application-platform-content-item-installation application-platform-content-item\" id=\"installation\" data-nav-section=\"installation\"> <h2>Siehe So f\u00fcgen Sie das Vimeo-Video zu Ihrer Magento-Website hinzu<\/h2> <p>Befolgen Sie einfach die nachstehenden Anweisungen, um das Widget in Magento zu integrieren.<\/p> <ol><li><b>Nutzen Sie unseren kostenlosen Editor und legen Sie los Gestalten Sie Ihr einzigartiges Widget. <\/b><br> W\u00e4hlen Sie die bevorzugte Schnittstelle und Spezifikationen der Vimeo-Erweiterung und wenden Sie die Korrekturen an. <\/li> <li><b>Kopieren Sie Ihren individuellen Code, der in der speziellen Form auf Elfsight Apps erscheint. <\/b><br> Nachdem die Generierung Ihrer Erweiterung abgeschlossen ist, kopieren Sie den einzelnen Code in das entstandene Feld und speichern Sie ihn zur sp\u00e4teren Verwendung. <\/li> <li><b>Initiieren Sie den Einsatz des Tools auf Ihrer Magento-Seite. <\/b><br> F\u00fcgen Sie den k\u00fcrzlich kopierten Code auf Ihrer Webseite hinzu und speichern Sie die \u00c4nderungen. <\/li> <li><b>Die Installation ist vollst\u00e4ndig abgeschlossen. <\/b><br> Besuchen Sie Ihre Seite, um die Leistung der Erweiterung zu \u00fcberpr\u00fcfen. <\/li><\/ol><p>Immer noch unruhig? Oder \u00fcber irgendetwas gestolpert? Senden Sie Ihre Anfrage einfach an unseren Kundensupport. Wir werden jedes Problem l\u00f6sen.<\/p> <\/div>","protected":false},"excerpt":{"rendered":"","protected":false},"author":9,"featured_media":0,"parent":1162,"menu_order":0,"comment_status":"closed","ping_status":"closed","template":"templates\/template-application-platform.php","meta":{"publish_to_discourse":"","publish_post_category":"","wpdc_auto_publish_overridden":"","wpdc_topic_tags":"","wpdc_pin_topic":"","wpdc_pin_until":"","discourse_post_id":"","discourse_permalink":"","wpdc_publishing_response":"","wpdc_publishing_error":"","footnotes":""},"class_list":["post-10882","page","type-page","status-publish","hentry"],"yoast_head":"<!-- This site is optimized with the Yoast SEO plugin v25.3.1 - https:\/\/yoast.com\/wordpress\/plugins\/seo\/ -->\n<title>Vimeo-Videogalerie-Erweiterung zur Magento-Website hinzuf\u00fcgen (kostenlos und schnell)<\/title>\n<meta name=\"description\" content=\"Gestalten Sie das Vimeo-Galerie-Widget und integrieren Sie es schnell und einfach in Ihre Magento-Website. Erhalten Sie kostenlosen Kundenservice und andere Boni von Elfsight.\" \/>\n<meta name=\"robots\" content=\"index, follow, max-snippet:-1, max-image-preview:large, max-video-preview:-1\" \/>\n<link rel=\"canonical\" href=\"https:\/\/elfsight.com\/de\/vimeo-video-gallery-widget\/magento\/\" \/>\n<meta property=\"og:locale\" content=\"de_DE\" \/>\n<meta property=\"og:type\" content=\"article\" \/>\n<meta property=\"og:title\" content=\"Vimeo-Videogalerie-Erweiterung zur Magento-Website hinzuf\u00fcgen (kostenlos und schnell)\" \/>\n<meta property=\"og:description\" content=\"Gestalten Sie das Vimeo-Galerie-Widget und integrieren Sie es schnell und einfach in Ihre Magento-Website. Erhalten Sie kostenlosen Kundenservice und andere Boni von Elfsight.\" \/>\n<meta property=\"og:url\" content=\"https:\/\/elfsight.com\/de\/vimeo-video-gallery-widget\/magento\/\" \/>\n<meta property=\"og:site_name\" content=\"Elfsight DE\" \/>\n<meta property=\"article:modified_time\" content=\"2025-07-10T13:57:53+00:00\" \/>\n<meta name=\"twitter:card\" content=\"summary_large_image\" \/>\n<meta name=\"twitter:label1\" content=\"Gesch\u00e4tzte Lesezeit\" \/>\n\t<meta name=\"twitter:data1\" content=\"3\u00a0Minuten\" \/>\n<!-- \/ Yoast SEO plugin. -->","yoast_head_json":{"title":"Vimeo-Videogalerie-Erweiterung zur Magento-Website hinzuf\u00fcgen (kostenlos und schnell)","description":"Gestalten Sie das Vimeo-Galerie-Widget und integrieren Sie es schnell und einfach in Ihre Magento-Website. Erhalten Sie kostenlosen Kundenservice und andere Boni von Elfsight.","robots":{"index":"index","follow":"follow","max-snippet":"max-snippet:-1","max-image-preview":"max-image-preview:large","max-video-preview":"max-video-preview:-1"},"canonical":"https:\/\/elfsight.com\/de\/vimeo-video-gallery-widget\/magento\/","og_locale":"de_DE","og_type":"article","og_title":"Vimeo-Videogalerie-Erweiterung zur Magento-Website hinzuf\u00fcgen (kostenlos und schnell)","og_description":"Gestalten Sie das Vimeo-Galerie-Widget und integrieren Sie es schnell und einfach in Ihre Magento-Website. Erhalten Sie kostenlosen Kundenservice und andere Boni von Elfsight.","og_url":"https:\/\/elfsight.com\/de\/vimeo-video-gallery-widget\/magento\/","og_site_name":"Elfsight DE","article_modified_time":"2025-07-10T13:57:53+00:00","twitter_card":"summary_large_image","twitter_misc":{"Gesch\u00e4tzte Lesezeit":"3\u00a0Minuten"},"schema":{"@context":"https:\/\/schema.org","@graph":[{"@type":"WebPage","@id":"https:\/\/elfsight.com\/de\/vimeo-video-gallery-widget\/magento\/","url":"https:\/\/elfsight.com\/de\/vimeo-video-gallery-widget\/magento\/","name":"Vimeo-Videogalerie-Erweiterung zur Magento-Website hinzuf\u00fcgen (kostenlos und schnell)","isPartOf":{"@id":"https:\/\/elfsight.com\/de\/#website"},"datePublished":"1970-01-01T00:00:00+00:00","dateModified":"2025-07-10T13:57:53+00:00","description":"Gestalten Sie das Vimeo-Galerie-Widget und integrieren Sie es schnell und einfach in Ihre Magento-Website. Erhalten Sie kostenlosen Kundenservice und andere Boni von Elfsight.","breadcrumb":{"@id":"https:\/\/elfsight.com\/de\/vimeo-video-gallery-widget\/magento\/#breadcrumb"},"inLanguage":"de","potentialAction":[{"@type":"ReadAction","target":["https:\/\/elfsight.com\/de\/vimeo-video-gallery-widget\/magento\/"]}]},{"@type":"BreadcrumbList","@id":"https:\/\/elfsight.com\/de\/vimeo-video-gallery-widget\/magento\/#breadcrumb","itemListElement":[{"@type":"ListItem","position":1,"name":"Home","item":"https:\/\/elfsight.com\/de\/"},{"@type":"ListItem","position":2,"name":"Vimeo Gallery","item":"https:\/\/elfsight.com\/de\/vimeo-video-gallery-widget\/"},{"@type":"ListItem","position":3,"name":"Vimeo Gallery &#8211; Magento"}]},{"@type":"WebSite","@id":"https:\/\/elfsight.com\/de\/#website","url":"https:\/\/elfsight.com\/de\/","name":"Elfsight DE","description":"Just another Elfsight Sites site","potentialAction":[{"@type":"SearchAction","target":{"@type":"EntryPoint","urlTemplate":"https:\/\/elfsight.com\/de\/?s={search_term_string}"},"query-input":{"@type":"PropertyValueSpecification","valueRequired":true,"valueName":"search_term_string"}}],"inLanguage":"de"}]}},"meta_box":{"industry":"","seo_heading":"","heading":"","description":"","cta_heading":"","cta_description":"","application":"492","h1":"Magento Vimeo-Videogalerie","h1_caption":"Betten Sie eine Galerie mit Vimeo-Videos ein und bieten Sie so eine nahtlose M\u00f6glichkeit, Ihre Videoinhalte m\u00fchelos auf Ihrer Magento-Website zu pr\u00e4sentieren.","application_category":[],"applications_title":"","applications_request_title":"","applications_request_button_text":"","hero_text":"","hero_video":"","hero_video_schema_markup":"","selling_points_title":"","selling_points_caption":"","selling_points":[],"selling_points_cta_text":"","features_title":"","features":"","ed_cta_examples_text":"","ed_cta_examples_hidden":"","ed_cta_demo_text":"","ed_cta_demo_hidden":"","why_caption":"","why_editor_title":"","why_editor_text":"","why_team_title":"","why_team_text":"","why_service_title":"","why_service_text":"","template_catalog_visible":"","template_catalog_title":"","template_catalog_text":"","template_catalog_categories_visible":"","demo_title":"Erstellen Sie Ihre Vimeo-Galerie-Erweiterung","demo_caption":"Konfigurieren Sie Ihre Vimeo-Galerie und f\u00fcgen Sie sie kostenlos zu Ihrer Magento-Website hinzu!","default_faq_hidden":"","app_template_category":[],"platform":"256","template_public_id":"","codecanyon_url":"","codecanyon_item_id":"","codecanyon_price":"","pricing_caption":"","pricing_elfsight_apps_hide_column":"","pricing_elfsight_apps_url":"","pricing_codecanyon_price_caption":"","integration_category":[],"integration_request_title":"","integration_request_cta":"","integration_platform":"","integrations":[],"platform_category":[],"video_schema_markup":"","price":"ab 0 $ \/ Monat","trial":"","benefits":[{"text":"Kostenloser Installationsservice"},{"text":"Professioneller Kundenservice"},{"text":"14-t\u00e4gige R\u00fcckerstattungsgarantie"},{"text":"Regelm\u00e4\u00dfige kostenlose Updates"}],"button_url":"#demo","button_target_blank":"","button_nofollow":"","attributes":[{"name":"Installiert","content":"10,000 - 100,000"},{"name":"Reaktionsfreudig","content":"Ja"},{"name":"Kompatible Browser","content":"Firefox, Safari, Opera, Chrome, Edge"}],"tags":[],"tags_disable_links":"","hide_more_platforms":"","video_object":"","demo_hide_cta":"","demo_hide_cloud_options":"","pricing_title":"","pricing":[{"pricing_icon":"platform","pricing_title":"Elfsight Apps","pricing_title_caption":"Plattform\u00fcbergreifende Software, die f\u00fcr jede Website geeignet ist","pricing_price":"ab 0 $ \/ Monat","pricing_price_caption":"Beginnen Sie mit einem kostenlosen Plan","pricing_benefits":[{"text":"Unbegrenzte Websites"},{"text":"Engagierter Support und gut dokumentiert"},{"text":"Kostenlose Installationshilfe"},{"text":"Flexibles Design"}],"pricing_button_text":"Zur Website hinzuf\u00fcgen","pricing_button_url":"#demo"}],"related_apps_title":"","related_apps_hidden":"","author":"","image":[],"title":"","job":"","social_networks":[]},"_links":{"self":[{"href":"https:\/\/elfsight.com\/de\/wp-json\/wp\/v2\/pages\/10882","targetHints":{"allow":["GET"]}}],"collection":[{"href":"https:\/\/elfsight.com\/de\/wp-json\/wp\/v2\/pages"}],"about":[{"href":"https:\/\/elfsight.com\/de\/wp-json\/wp\/v2\/types\/page"}],"author":[{"embeddable":true,"href":"https:\/\/elfsight.com\/de\/wp-json\/wp\/v2\/users\/9"}],"replies":[{"embeddable":true,"href":"https:\/\/elfsight.com\/de\/wp-json\/wp\/v2\/comments?post=10882"}],"version-history":[{"count":1,"href":"https:\/\/elfsight.com\/de\/wp-json\/wp\/v2\/pages\/10882\/revisions"}],"predecessor-version":[{"id":10886,"href":"https:\/\/elfsight.com\/de\/wp-json\/wp\/v2\/pages\/10882\/revisions\/10886"}],"up":[{"embeddable":true,"href":"https:\/\/elfsight.com\/de\/wp-json\/wp\/v2\/pages\/1162"}],"wp:attachment":[{"href":"https:\/\/elfsight.com\/de\/wp-json\/wp\/v2\/media?parent=10882"}],"curies":[{"name":"wp","href":"https:\/\/api.w.org\/{rel}","templated":true}]}}