{"id":10881,"date":"1970-01-01T00:00:00","date_gmt":"1970-01-01T00:00:00","guid":{"rendered":"https:\/\/elfsight.com\/de\/?page_id=10881"},"modified":"2025-02-14T05:46:21","modified_gmt":"2025-02-14T05:46:21","slug":"html","status":"publish","type":"page","link":"https:\/\/elfsight.com\/de\/vimeo-video-gallery-widget\/html\/","title":{"rendered":"Vimeo Gallery &#8211; HTML"},"content":{"rendered":"\n<div class=\"application-platform-content-item-description application-platform-content-item\" id=\"description\" data-nav-section=\"description\"> <h2>Beschreibung<\/h2> <p>Das Elfsight Vimeo-Widget ist ein einfaches Tool f\u00fcr diejenigen, die Videoinhalte auf der Website hinzuf\u00fcgen m\u00f6chten. Es steht Ihnen frei, Wiedergabelisten zu erstellen, einen Kanal anzuzeigen, die interessantesten Themeninhalte f\u00fcr Ihre Galerie auszuw\u00e4hlen und vieles mehr. Das Widget verf\u00fcgt \u00fcber mehrere Designfunktionen, die dabei helfen, die Benutzeroberfl\u00e4che f\u00fcr verschiedene F\u00e4lle geeignet zu gestalten. Vorbereitete Widget-Layouts helfen dabei, die Videos optimal zu organisieren. Mehrere Wiedergabemodi machen das Ansehen von Videos f\u00fcr jeden Benutzer komfortabel. Dank des Headers besteht die M\u00f6glichkeit, allen von Ihrem Vimeo-Konto zu erz\u00e4hlen und neue Follower zu gewinnen. Die Elfsight Vimeo Gallery ist eine einfache M\u00f6glichkeit, nicht nur das Engagement zu steigern, sondern auch Ihr Gesch\u00e4ft auszubauen. <\/p> <div class=\"faq\" data-component=\"FAQ\"><div class=\"faq-item\">\r\n\t\t\t\t\t<div class=\"faq-item-question\">\r\n\t\t\t\t\t\t<h3 class=\"faq-item-question-text\">Wie f\u00fcge ich eine Vimeo-Galerie zur HTML-Site hinzu? <\/h3>\r\n\r\n\t\t\t\t\t\t<div class=\"faq-item-question-icon\"><\/div>\r\n\t\t\t\t\t<\/div>\r\n\r\n\t\t\t\t\t<div class=\"faq-item-answer\">\r\n\t\t\t\t\t\t<div class=\"faq-item-answer-text\"><p>Die Erstellung des Tools erfolgt innerhalb von Elfsight Website und es ist kein Code erforderlich. Nutzen Sie die Online-Demo, um Ihr pers\u00f6nliches Plugin zu erstellen, den Code zu erhalten und ihn in Ihre Website zu implementieren. <\/p><\/div>\r\n\t\t\t\t\t<\/div>\r\n\t\t\t\t<\/div><div class=\"faq-item\">\r\n\t\t\t\t\t<div class=\"faq-item-question\">\r\n\t\t\t\t\t\t<h3 class=\"faq-item-question-text\">Die besten Anwendungsbeispiele der Vimeo-Videogalerie-Integration<\/h3>\r\n\r\n\t\t\t\t\t\t<div class=\"faq-item-question-icon\"><\/div>\r\n\t\t\t\t\t<\/div>\r\n\r\n\t\t\t\t\t<div class=\"faq-item-answer\">\r\n\t\t\t\t\t\t<div class=\"faq-item-answer-text\"><p>Wir gew\u00e4hren Ihnen unz\u00e4hlige Anpassungsm\u00f6glichkeiten: vollwertige Widgets zur Implementierung im Inhaltsbereich , schwebende Plugins f\u00fcr die Scrollfunktion, Layouts f\u00fcr die Fu\u00dfzeile Ihrer Website, den Kopfbereich und alle m\u00f6glichen vertikalen Optionen f\u00fcr Seitenleisten und Men\u00fcs. <\/p><\/div>\r\n\t\t\t\t\t<\/div>\r\n\t\t\t\t<\/div><div class=\"faq-item\">\r\n\t\t\t\t\t<div class=\"faq-item-question\">\r\n\t\t\t\t\t\t<h3 class=\"faq-item-question-text\">Gibt es eine Option zum Erstellen einer Playlist oder einer Karussell-Vimeo-Galerie mit Hilfe Ihres Editors? <\/h3>\r\n\r\n\t\t\t\t\t\t<div class=\"faq-item-question-icon\"><\/div>\r\n\t\t\t\t\t<\/div>\r\n\r\n\t\t\t\t\t<div class=\"faq-item-answer\">\r\n\t\t\t\t\t\t<div class=\"faq-item-answer-text\"><p>Es steht Ihnen frei, Variationen aller Widgets zu erstellen . Im Editor stehen unz\u00e4hlige Layouts zur Verf\u00fcgung, die alle schnell nach Ihren W\u00fcnschen angepasst werden k\u00f6nnen. <\/p><\/div>\r\n\t\t\t\t\t<\/div>\r\n\t\t\t\t<\/div><\/div><\/div> <div class=\"application-platform-content-item-features application-platform-content-item\" id=\"features\" data-nav-section=\"features\"> <h2>Funktionen<\/h2> <p>Um ein besseres Verst\u00e4ndnis des Widgets zu erhalten, \u00fcberpr\u00fcfen Sie die Liste der prim\u00e4ren Merkmale. Sie machen dieses Widget f\u00fcr Ihre Website maximal effektiv: <\/p> <ul><li>Layouts f\u00fcr verschiedene Videoanordnungen: Raster, Playlist, Slider; <\/li><li>7 umschaltbare Bestandteile des Headers: Name, Statistik, Beschreibung, Follow-Button, Profilbild; <\/li><li>4 gebrauchsfertige Wiedergabemodi: Popup, Player, Inline oder auf Vimeo; <\/li><li>3 Varianten nach Ende des Videos: Als n\u00e4chstes abspielen, erneut abspielen, keine; <\/li><\/ul><p><a href=\"#demo\">Weitere Funktionen finden Sie in unserer Demo<\/a><\/p> <\/div><div class=\"application-platform-content-item-installation application-platform-content-item\" id=\"installation\" data-nav-section=\"installation\"> <h2>So betten Sie Vimeo-Videos in HTML ein<\/h2><div class=\"video-container\"><iframe width=\"560\" height=\"315\" src=\"https:\/\/www.youtube.com\/embed\/39Mebbhf50E?si=zu0Qv057cZMxYgoF\" frameborder=\"0\" allow=\"accelerometer; autoplay; clipboard-write; encrypted-media; gyroscope; picture-in-picture; web-share\" allowfullscreen><\/iframe><\/div><p>Die folgenden Aktionen sind das Einzige, was Sie zum Ver\u00f6ffentlichen ben\u00f6tigen. <\/p> <ol><li><b>Erstellen Sie Ihre individuelle Vimeo-Galerie<\/b><br> Erstellen Sie mit unserem kostenlosen Konfigurator ein Widget mit ausgew\u00e4hltem Aussehen und ausgew\u00e4hlten Funktionen.<\/li><li><b> Kopieren Sie den individuellen Code, um das Plugin anzuzeigen<\/b><br> Nachdem Sie Ihr Widget konfiguriert haben, erhalten Sie den individuellen Code aus der erscheinenden Benachrichtigung auf Elfsight Apps. Kopiere diesen Code. <\/li> <li><b>Integrieren Sie das Plugin in Ihre HTML-Website<\/b><br> W\u00e4hlen Sie den Bereich aus, in dem Sie das Widget anzeigen m\u00f6chten, und f\u00fcgen Sie dort den kopierten Code hinzu. Speichern Sie die Ergebnisse.<\/li> <li><b>Die Installation ist abgeschlossen<\/b><br> Besuchen Sie Ihre Webseite, um Ihr Widget anzuzeigen.<\/li> <\/ol><p>Immer noch nicht sicher? Oder \u00fcber irgendetwas gestolpert? Senden Sie einfach eine Anfrage an unser Support-Team. Wir helfen bei der L\u00f6sung jeder Angelegenheit. <\/p> <\/div>\n","protected":false},"excerpt":{"rendered":"","protected":false},"author":9,"featured_media":0,"parent":1162,"menu_order":0,"comment_status":"closed","ping_status":"closed","template":"templates\/template-application-platform.php","meta":{"publish_to_discourse":"","publish_post_category":"","wpdc_auto_publish_overridden":"","wpdc_topic_tags":"","wpdc_pin_topic":"","wpdc_pin_until":"","discourse_post_id":"","discourse_permalink":"","wpdc_publishing_response":"","wpdc_publishing_error":"","footnotes":""},"class_list":["post-10881","page","type-page","status-publish","hentry"],"yoast_head":"<!-- This site is optimized with the Yoast SEO plugin v25.3.1 - https:\/\/yoast.com\/wordpress\/plugins\/seo\/ -->\n<title>HTML Vimeo \u2013 Vimeo-Video-Widget in HTML-Website einbetten [2026]<\/title>\n<meta name=\"description\" content=\"Gestalten Sie mit Elfsight Ihre Vimeo-Videogalerie und betten Sie sie ganz einfach in die HTML-Website ein. Wir bieten kostenlosen Kundensupport und weitere Boni.\" \/>\n<meta name=\"robots\" content=\"index, follow, max-snippet:-1, max-image-preview:large, max-video-preview:-1\" \/>\n<link rel=\"canonical\" href=\"https:\/\/elfsight.com\/de\/vimeo-video-gallery-widget\/html\/\" \/>\n<meta property=\"og:locale\" content=\"de_DE\" \/>\n<meta property=\"og:type\" content=\"article\" \/>\n<meta property=\"og:title\" content=\"HTML Vimeo \u2013 Vimeo-Video-Widget in HTML-Website einbetten [2026]\" \/>\n<meta property=\"og:description\" content=\"Gestalten Sie mit Elfsight Ihre Vimeo-Videogalerie und betten Sie sie ganz einfach in die HTML-Website ein. Wir bieten kostenlosen Kundensupport und weitere Boni.\" \/>\n<meta property=\"og:url\" content=\"https:\/\/elfsight.com\/de\/vimeo-video-gallery-widget\/html\/\" \/>\n<meta property=\"og:site_name\" content=\"Elfsight DE\" \/>\n<meta property=\"article:modified_time\" content=\"2025-02-14T05:46:21+00:00\" \/>\n<meta name=\"twitter:card\" content=\"summary_large_image\" \/>\n<meta name=\"twitter:label1\" content=\"Gesch\u00e4tzte Lesezeit\" \/>\n\t<meta name=\"twitter:data1\" content=\"3\u00a0Minuten\" \/>\n<!-- \/ Yoast SEO plugin. -->","yoast_head_json":{"title":"HTML Vimeo \u2013 Vimeo-Video-Widget in HTML-Website einbetten [2026]","description":"Gestalten Sie mit Elfsight Ihre Vimeo-Videogalerie und betten Sie sie ganz einfach in die HTML-Website ein. Wir bieten kostenlosen Kundensupport und weitere Boni.","robots":{"index":"index","follow":"follow","max-snippet":"max-snippet:-1","max-image-preview":"max-image-preview:large","max-video-preview":"max-video-preview:-1"},"canonical":"https:\/\/elfsight.com\/de\/vimeo-video-gallery-widget\/html\/","og_locale":"de_DE","og_type":"article","og_title":"HTML Vimeo \u2013 Vimeo-Video-Widget in HTML-Website einbetten [2026]","og_description":"Gestalten Sie mit Elfsight Ihre Vimeo-Videogalerie und betten Sie sie ganz einfach in die HTML-Website ein. Wir bieten kostenlosen Kundensupport und weitere Boni.","og_url":"https:\/\/elfsight.com\/de\/vimeo-video-gallery-widget\/html\/","og_site_name":"Elfsight DE","article_modified_time":"2025-02-14T05:46:21+00:00","twitter_card":"summary_large_image","twitter_misc":{"Gesch\u00e4tzte Lesezeit":"3\u00a0Minuten"},"schema":{"@context":"https:\/\/schema.org","@graph":[{"@type":"WebPage","@id":"https:\/\/elfsight.com\/de\/vimeo-video-gallery-widget\/html\/","url":"https:\/\/elfsight.com\/de\/vimeo-video-gallery-widget\/html\/","name":"HTML Vimeo \u2013 Vimeo-Video-Widget in HTML-Website einbetten [2026]","isPartOf":{"@id":"https:\/\/elfsight.com\/de\/#website"},"datePublished":"1970-01-01T00:00:00+00:00","dateModified":"2025-02-14T05:46:21+00:00","description":"Gestalten Sie mit Elfsight Ihre Vimeo-Videogalerie und betten Sie sie ganz einfach in die HTML-Website ein. Wir bieten kostenlosen Kundensupport und weitere Boni.","breadcrumb":{"@id":"https:\/\/elfsight.com\/de\/vimeo-video-gallery-widget\/html\/#breadcrumb"},"inLanguage":"de","potentialAction":[{"@type":"ReadAction","target":["https:\/\/elfsight.com\/de\/vimeo-video-gallery-widget\/html\/"]}]},{"@type":"BreadcrumbList","@id":"https:\/\/elfsight.com\/de\/vimeo-video-gallery-widget\/html\/#breadcrumb","itemListElement":[{"@type":"ListItem","position":1,"name":"Home","item":"https:\/\/elfsight.com\/de\/"},{"@type":"ListItem","position":2,"name":"Vimeo Gallery","item":"https:\/\/elfsight.com\/de\/vimeo-video-gallery-widget\/"},{"@type":"ListItem","position":3,"name":"Vimeo Gallery &#8211; HTML"}]},{"@type":"WebSite","@id":"https:\/\/elfsight.com\/de\/#website","url":"https:\/\/elfsight.com\/de\/","name":"Elfsight DE","description":"Just another Elfsight Sites site","potentialAction":[{"@type":"SearchAction","target":{"@type":"EntryPoint","urlTemplate":"https:\/\/elfsight.com\/de\/?s={search_term_string}"},"query-input":{"@type":"PropertyValueSpecification","valueRequired":true,"valueName":"search_term_string"}}],"inLanguage":"de"}]}},"meta_box":{"industry":"","seo_heading":"","heading":"","description":"","cta_heading":"","cta_description":"","application":"492","h1":"HTML-Vimeo-Videogalerie","h1_caption":"Betten Sie eine Galerie mit Vimeo-Videos ein und bieten Sie so eine nahtlose M\u00f6glichkeit, Ihre Videoinhalte m\u00fchelos auf Ihrer HTML-Website zu pr\u00e4sentieren.","application_category":[],"applications_title":"","applications_request_title":"","applications_request_button_text":"","hero_text":"","hero_video":"","hero_video_schema_markup":"","selling_points_title":"","selling_points_caption":"","selling_points":[],"selling_points_cta_text":"","features_title":"","features":"","ed_cta_examples_text":"","ed_cta_examples_hidden":"","ed_cta_demo_text":"","ed_cta_demo_hidden":"","why_caption":"","why_editor_title":"","why_editor_text":"","why_team_title":"","why_team_text":"","why_service_title":"","why_service_text":"","template_catalog_visible":"0","template_catalog_title":"","template_catalog_text":"","template_catalog_categories_visible":"","demo_title":"Erstellen Sie Ihr Vimeo-Galerie-Widget","demo_caption":"Konfigurieren Sie Ihre Vimeo-Galerie und f\u00fcgen Sie sie kostenlos zu Ihrer HTML-Website hinzu!","default_faq_hidden":"","app_template_category":[],"platform":"260","template_public_id":"","codecanyon_url":"","codecanyon_item_id":"","codecanyon_price":"","pricing_caption":"","pricing_elfsight_apps_hide_column":"","pricing_elfsight_apps_url":"","pricing_codecanyon_price_caption":"","integration_category":[],"integration_request_title":"","integration_request_cta":"","integration_platform":"","integrations":[],"platform_category":[],"video_schema_markup":"","price":"ab 0 $ \/ Monat","trial":"","benefits":[{"text":"Kostenlose Installationshilfe"},{"text":"Premium-Support"},{"text":"14-t\u00e4gige Geld-zur\u00fcck-Garantie"},{"text":"Laufende kostenlose Verbesserungen"}],"button_url":"#demo","button_target_blank":"0","button_nofollow":"0","attributes":[{"name":"Installiert","content":"10,000 - 100,000"},{"name":"Reaktionsfreudig","content":"Ja"},{"name":"Kompatible Browser","content":"Firefox, Safari, Opera, Chrome, Edge"}],"tags":[],"tags_disable_links":"0","hide_more_platforms":"0","video_object":"","demo_hide_cta":"0","demo_hide_cloud_options":"0","pricing_title":"","pricing":[{"pricing_icon":"platform","pricing_title":"Elfsight Apps","pricing_title_caption":"Plattform\u00fcbergreifende Version","pricing_price":"ab 0 $ \/ Monat","pricing_price_caption":"Beginnen Sie mit einem kostenlosen Plan","pricing_benefits":[{"text":"Unbegrenzte Domains"},{"text":"24\/7 und p\u00fcnktlicher Support und gut dokumentiert"},{"text":"Kostenlose Installationsunterst\u00fctzung"},{"text":"Tolles Angebot f\u00fcr mehrere Apps"}],"pricing_button_text":"Zur Website hinzuf\u00fcgen","pricing_button_url":"#demo"}],"related_apps_title":"","related_apps_hidden":"0","author":"","image":[],"title":"","job":"","social_networks":[]},"_links":{"self":[{"href":"https:\/\/elfsight.com\/de\/wp-json\/wp\/v2\/pages\/10881","targetHints":{"allow":["GET"]}}],"collection":[{"href":"https:\/\/elfsight.com\/de\/wp-json\/wp\/v2\/pages"}],"about":[{"href":"https:\/\/elfsight.com\/de\/wp-json\/wp\/v2\/types\/page"}],"author":[{"embeddable":true,"href":"https:\/\/elfsight.com\/de\/wp-json\/wp\/v2\/users\/9"}],"replies":[{"embeddable":true,"href":"https:\/\/elfsight.com\/de\/wp-json\/wp\/v2\/comments?post=10881"}],"version-history":[{"count":3,"href":"https:\/\/elfsight.com\/de\/wp-json\/wp\/v2\/pages\/10881\/revisions"}],"predecessor-version":[{"id":24152,"href":"https:\/\/elfsight.com\/de\/wp-json\/wp\/v2\/pages\/10881\/revisions\/24152"}],"up":[{"embeddable":true,"href":"https:\/\/elfsight.com\/de\/wp-json\/wp\/v2\/pages\/1162"}],"wp:attachment":[{"href":"https:\/\/elfsight.com\/de\/wp-json\/wp\/v2\/media?parent=10881"}],"curies":[{"name":"wp","href":"https:\/\/api.w.org\/{rel}","templated":true}]}}