{"id":10875,"date":"1970-01-01T00:00:00","date_gmt":"1970-01-01T00:00:00","guid":{"rendered":"https:\/\/elfsight.com\/de\/?page_id=10875"},"modified":"2025-07-10T13:58:04","modified_gmt":"2025-07-10T13:58:04","slug":"opencart","status":"publish","type":"page","link":"https:\/\/elfsight.com\/de\/vimeo-video-gallery-widget\/opencart\/","title":{"rendered":"Vimeo Gallery &#8211; OpenCart"},"content":{"rendered":"<div class=\"application-platform-content-item-description application-platform-content-item\" id=\"description\" data-nav-section=\"description\"> <h2>Beschreibung<\/h2> <p>Elfsight Vimeo Gallery ist ein unkompliziertes Tool f\u00fcr alle, die Videoinhalte auf der Website einbetten m\u00fcssen. Sie haben die M\u00f6glichkeit, Playlists zu erstellen, einen ganzen Kanal zu zeigen, die interessantesten Themeninhalte f\u00fcr Ihre Galerie auszuw\u00e4hlen und vieles mehr. Das Widget enth\u00e4lt viele Designfunktionen, die dabei helfen, die Benutzeroberfl\u00e4che f\u00fcr verschiedene Anwendungsf\u00e4lle einzurichten. Integrierte Widget-Layouts helfen dabei, die Videos optimal anzuordnen. Mehrere Wiedergabemodi machen das Ansehen von Videos in jedem Layout praktisch. Machen Sie \u00fcber den Header Werbung f\u00fcr Ihr Vimeo-Konto und gewinnen Sie mehr Follower. Die Elfsight Vimeo-Erweiterung ist eine effiziente M\u00f6glichkeit, nicht nur das Engagement zu steigern, sondern auch Ihr Unternehmen weiterzuentwickeln. <\/p> <div class=\"faq\" data-component=\"FAQ\"><div class=\"faq-item\">\r\n\t\t\t\t\t<div class=\"faq-item-question\">\r\n\t\t\t\t\t\t<h3 class=\"faq-item-question-text\">Wo kann ich dieses Plugin integrieren<\/h3>\r\n\r\n\t\t\t\t\t\t<div class=\"faq-item-question-icon\"><\/div>\r\n\t\t\t\t\t<\/div>\r\n\r\n\t\t\t\t\t<div class=\"faq-item-answer\">\r\n\t\t\t\t\t\t<div class=\"faq-item-answer-text\"> <p>Sie k\u00f6nnen es genau auf der Seite platzieren, wo Sie es m\u00f6chten. Wenn Sie den Vimeo-Player in die Website-Vorlage einf\u00fcgen, wird er auf allen Seiten angezeigt. <\/p> <\/div>\r\n\t\t\t\t\t<\/div>\r\n\t\t\t\t<\/div><div class=\"faq-item\">\r\n\t\t\t\t\t<div class=\"faq-item-question\">\r\n\t\t\t\t\t\t<h3 class=\"faq-item-question-text\">Wie profitiere ich vom Widget?<\/h3>\r\n\r\n\t\t\t\t\t\t<div class=\"faq-item-question-icon\"><\/div>\r\n\t\t\t\t\t<\/div>\r\n\r\n\t\t\t\t\t<div class=\"faq-item-answer\">\r\n\t\t\t\t\t\t<div class=\"faq-item-answer-text\"> <p>Das Widget tr\u00e4gt mithilfe sorgf\u00e4ltig ausgew\u00e4hlter Videos dazu bei, das Engagement auf Ihrer Website zu steigern. Mit der Funktion \u201eSofort folgen\u201c k\u00f6nnen Sie neue Abonnenten f\u00fcr Ihren Vimeo-Kanal gewinnen. <\/p><\/div>\r\n\t\t\t\t\t<\/div>\r\n\t\t\t\t<\/div> <div class=\"faq-item\">\r\n\t\t\t\t\t<div class=\"faq-item-question\">\r\n\t\t\t\t\t\t<h3 class=\"faq-item-question-text\">Wie bette ich den Vimeo-Videoplayer ein?<\/h3>\r\n\r\n\t\t\t\t\t\t<div class=\"faq-item-question-icon\"><\/div>\r\n\t\t\t\t\t<\/div>\r\n\r\n\t\t\t\t\t<div class=\"faq-item-answer\">\r\n\t\t\t\t\t\t<div class=\"faq-item-answer-text\"> <p>Sie ben\u00f6tigen nur eine Minute, um das Widget zu aktivieren. Es ist sehr schnell, kostenlos und erfordert keine Programmierung. <\/p> <p>Die Elfsight Vimeo-Erweiterung kann \u00fcber unseren Service oder \u00fcber den Marktplatz eingef\u00fchrt werden. Sie k\u00f6nnen beide Varianten vergleichen und eine passendere ausw\u00e4hlen.<\/p> <\/div>\r\n\t\t\t\t\t<\/div>\r\n\t\t\t\t<\/div> <\/div> <\/div> <div class=\"application-platform-content-item-features application-platform-content-item\" id=\"features\" data-nav-section=\"features\"> <h2>Funktionen<\/h2> <p>Um eine zu gestalten F\u00fcr eine bessere Wahrnehmung des Widgets sehen Sie sich die Liste der Hauptfunktionen an. Sie machen dieses Widget f\u00fcr Ihr Unternehmen maximal effizient: <\/p> <ul><li>Sieben umschaltbare Details des Headers: Name, Statistiken, Beschreibung, Schaltfl\u00e4che \u201eFolgen\u201c, Profilbild; <\/li><li>Drei Optionen nach Ende des Videos: Als n\u00e4chstes abspielen, erneut abspielen, keine; <\/li><\/ul><li>Vier gebrauchsfertige Wiedergabemodi: Popup, Player, Inline oder auf Vimeo; <\/li><li>Einbettung ausgew\u00e4hlter Layouts f\u00fcr verschiedene Arten der Videogeschwindigkeit: Raster, Playlist, Slider.<\/li><p><a href=\"#demo\">Demo zeigt Ihnen eine vollst\u00e4ndige Liste der Funktionen<\/a><\/p> <\/div> <div class=\"application-platform-content-item-installation application-platform-content-item\" id=\"installation\" data-nav-section=\"installation\"> <h2>\u00dcberpr\u00fcfen Sie, wie Sie das Vimeo-Video zu Ihrer OpenCart-Website hinzuf\u00fcgen<\/h2> <p>Die folgenden Schritte sind das Einzige, was Sie tun m\u00fcssen tun, um die Erweiterung zu aktivieren. <\/p> <ol><li><b>Nutzen Sie unseren kostenlosen Editor und beginnen Sie mit der Erstellung Ihrer einzigartigen Vimeo-Erweiterung. <\/b><br> Finden Sie die benutzerdefinierte Anordnung und die Funktionsmerkmale der Erweiterung und speichern Sie alle \u00c4nderungen. <\/li> <li><b>Erhalten Sie den individuellen Code, der im Fenster von Elfsight Apps angezeigt wird. <\/b><br> Sobald die Anpassung Ihrer Erweiterung abgeschlossen ist, kopieren Sie Ihren Code im angezeigten Fenster und bewahren Sie ihn zur sp\u00e4teren Verwendung auf. <\/li> <li><b>Initiieren Sie die Anwendung der Erweiterung auf der OpenCart-Site. <\/b><br> Betten Sie den k\u00fcrzlich kopierten Code in Ihre Seite ein und \u00fcbernehmen Sie die Anpassungen. <\/li> <li><b>Die Installation wurde erfolgreich durchgef\u00fchrt. <\/b><br> \u00d6ffnen Sie Ihre Webseite, um die Funktionsweise der Erweiterung zu sehen. <\/li><\/ol><p>Immer noch unruhig? Oder \u00fcber irgendetwas gestolpert? Mit nur einer einzigen Anfrage an unseren Kundenservice l\u00e4sst sich jedes Problem l\u00f6sen. <\/p> <\/div>","protected":false},"excerpt":{"rendered":"","protected":false},"author":9,"featured_media":0,"parent":1162,"menu_order":0,"comment_status":"closed","ping_status":"closed","template":"templates\/template-application-platform.php","meta":{"publish_to_discourse":"","publish_post_category":"","wpdc_auto_publish_overridden":"","wpdc_topic_tags":"","wpdc_pin_topic":"","wpdc_pin_until":"","discourse_post_id":"","discourse_permalink":"","wpdc_publishing_response":"","wpdc_publishing_error":"","footnotes":""},"class_list":["post-10875","page","type-page","status-publish","hentry"],"yoast_head":"<!-- This site is optimized with the Yoast SEO plugin v25.3.1 - https:\/\/yoast.com\/wordpress\/plugins\/seo\/ -->\n<title>F\u00fcgen Sie die Vimeo-Videogalerie-Erweiterung zur OpenCart-Website hinzu (kostenlos und schnell)<\/title>\n<meta name=\"description\" content=\"Es ist ganz einfach, Ihre Vimeo-Videogalerie-Erweiterung zu erstellen und auf der OpenCart-Website hinzuzuf\u00fcgen. Der Kundendienst von Elfsight ist kostenlos und schnell.\" \/>\n<meta name=\"robots\" content=\"index, follow, max-snippet:-1, max-image-preview:large, max-video-preview:-1\" \/>\n<link rel=\"canonical\" href=\"https:\/\/elfsight.com\/de\/vimeo-video-gallery-widget\/opencart\/\" \/>\n<meta property=\"og:locale\" content=\"de_DE\" \/>\n<meta property=\"og:type\" content=\"article\" \/>\n<meta property=\"og:title\" content=\"F\u00fcgen Sie die Vimeo-Videogalerie-Erweiterung zur OpenCart-Website hinzu (kostenlos und schnell)\" \/>\n<meta property=\"og:description\" content=\"Es ist ganz einfach, Ihre Vimeo-Videogalerie-Erweiterung zu erstellen und auf der OpenCart-Website hinzuzuf\u00fcgen. Der Kundendienst von Elfsight ist kostenlos und schnell.\" \/>\n<meta property=\"og:url\" content=\"https:\/\/elfsight.com\/de\/vimeo-video-gallery-widget\/opencart\/\" \/>\n<meta property=\"og:site_name\" content=\"Elfsight DE\" \/>\n<meta property=\"article:modified_time\" content=\"2025-07-10T13:58:04+00:00\" \/>\n<meta name=\"twitter:card\" content=\"summary_large_image\" \/>\n<meta name=\"twitter:label1\" content=\"Gesch\u00e4tzte Lesezeit\" \/>\n\t<meta name=\"twitter:data1\" content=\"3\u00a0Minuten\" \/>\n<!-- \/ Yoast SEO plugin. -->","yoast_head_json":{"title":"F\u00fcgen Sie die Vimeo-Videogalerie-Erweiterung zur OpenCart-Website hinzu (kostenlos und schnell)","description":"Es ist ganz einfach, Ihre Vimeo-Videogalerie-Erweiterung zu erstellen und auf der OpenCart-Website hinzuzuf\u00fcgen. Der Kundendienst von Elfsight ist kostenlos und schnell.","robots":{"index":"index","follow":"follow","max-snippet":"max-snippet:-1","max-image-preview":"max-image-preview:large","max-video-preview":"max-video-preview:-1"},"canonical":"https:\/\/elfsight.com\/de\/vimeo-video-gallery-widget\/opencart\/","og_locale":"de_DE","og_type":"article","og_title":"F\u00fcgen Sie die Vimeo-Videogalerie-Erweiterung zur OpenCart-Website hinzu (kostenlos und schnell)","og_description":"Es ist ganz einfach, Ihre Vimeo-Videogalerie-Erweiterung zu erstellen und auf der OpenCart-Website hinzuzuf\u00fcgen. Der Kundendienst von Elfsight ist kostenlos und schnell.","og_url":"https:\/\/elfsight.com\/de\/vimeo-video-gallery-widget\/opencart\/","og_site_name":"Elfsight DE","article_modified_time":"2025-07-10T13:58:04+00:00","twitter_card":"summary_large_image","twitter_misc":{"Gesch\u00e4tzte Lesezeit":"3\u00a0Minuten"},"schema":{"@context":"https:\/\/schema.org","@graph":[{"@type":"WebPage","@id":"https:\/\/elfsight.com\/de\/vimeo-video-gallery-widget\/opencart\/","url":"https:\/\/elfsight.com\/de\/vimeo-video-gallery-widget\/opencart\/","name":"F\u00fcgen Sie die Vimeo-Videogalerie-Erweiterung zur OpenCart-Website hinzu (kostenlos und schnell)","isPartOf":{"@id":"https:\/\/elfsight.com\/de\/#website"},"datePublished":"1970-01-01T00:00:00+00:00","dateModified":"2025-07-10T13:58:04+00:00","description":"Es ist ganz einfach, Ihre Vimeo-Videogalerie-Erweiterung zu erstellen und auf der OpenCart-Website hinzuzuf\u00fcgen. Der Kundendienst von Elfsight ist kostenlos und schnell.","breadcrumb":{"@id":"https:\/\/elfsight.com\/de\/vimeo-video-gallery-widget\/opencart\/#breadcrumb"},"inLanguage":"de","potentialAction":[{"@type":"ReadAction","target":["https:\/\/elfsight.com\/de\/vimeo-video-gallery-widget\/opencart\/"]}]},{"@type":"BreadcrumbList","@id":"https:\/\/elfsight.com\/de\/vimeo-video-gallery-widget\/opencart\/#breadcrumb","itemListElement":[{"@type":"ListItem","position":1,"name":"Home","item":"https:\/\/elfsight.com\/de\/"},{"@type":"ListItem","position":2,"name":"Vimeo Gallery","item":"https:\/\/elfsight.com\/de\/vimeo-video-gallery-widget\/"},{"@type":"ListItem","position":3,"name":"Vimeo Gallery &#8211; OpenCart"}]},{"@type":"WebSite","@id":"https:\/\/elfsight.com\/de\/#website","url":"https:\/\/elfsight.com\/de\/","name":"Elfsight DE","description":"Just another Elfsight Sites site","potentialAction":[{"@type":"SearchAction","target":{"@type":"EntryPoint","urlTemplate":"https:\/\/elfsight.com\/de\/?s={search_term_string}"},"query-input":{"@type":"PropertyValueSpecification","valueRequired":true,"valueName":"search_term_string"}}],"inLanguage":"de"}]}},"meta_box":{"industry":"","seo_heading":"","heading":"","description":"","cta_heading":"","cta_description":"","application":"492","h1":"OpenCart Vimeo-Videogalerie","h1_caption":"Betten Sie eine Galerie mit Vimeo-Videos ein und bieten Sie so eine nahtlose M\u00f6glichkeit, Ihre Videoinhalte m\u00fchelos auf Ihrer Opencart-Website zu pr\u00e4sentieren.","application_category":[],"applications_title":"","applications_request_title":"","applications_request_button_text":"","hero_text":"","hero_video":"","hero_video_schema_markup":"","selling_points_title":"","selling_points_caption":"","selling_points":[],"selling_points_cta_text":"","features_title":"","features":"","ed_cta_examples_text":"","ed_cta_examples_hidden":"","ed_cta_demo_text":"","ed_cta_demo_hidden":"","why_caption":"","why_editor_title":"","why_editor_text":"","why_team_title":"","why_team_text":"","why_service_title":"","why_service_text":"","template_catalog_visible":"","template_catalog_title":"","template_catalog_text":"","template_catalog_categories_visible":"","demo_title":"Erstellen Sie Ihre Vimeo-Galerie-Erweiterung","demo_caption":"Konfigurieren Sie Ihre Vimeo-Galerie und f\u00fcgen Sie sie kostenlos zu Ihrer OpenCart-Website hinzu!","default_faq_hidden":"","app_template_category":[],"platform":"254","template_public_id":"","codecanyon_url":"","codecanyon_item_id":"","codecanyon_price":"","pricing_caption":"","pricing_elfsight_apps_hide_column":"","pricing_elfsight_apps_url":"","pricing_codecanyon_price_caption":"","integration_category":[],"integration_request_title":"","integration_request_cta":"","integration_platform":"","integrations":[],"platform_category":[],"video_schema_markup":"","price":"ab 0 $ \/ Monat","trial":"","benefits":[{"text":"Kostenlose Installationsunterst\u00fctzung"},{"text":"Kompetenter Kundenservice"},{"text":"14-t\u00e4gige R\u00fcckerstattungsgarantie"},{"text":"Lebenslange Verbesserungen"}],"button_url":"#demo","button_target_blank":"","button_nofollow":"","attributes":[{"name":"Installiert","content":"10,000 - 100,000"},{"name":"Reaktionsfreudig","content":"Ja"},{"name":"Kompatible Browser","content":"Chrome, Safari, Firefox, Edge, Opera"}],"tags":[],"tags_disable_links":"","hide_more_platforms":"","video_object":"","demo_hide_cta":"","demo_hide_cloud_options":"","pricing_title":"","pricing":[{"pricing_icon":"platform","pricing_title":"Elfsight Apps","pricing_title_caption":"Multiplattform-Version, die zu jeder Website passt","pricing_price":"ab 0 $ \/ Monat","pricing_price_caption":"Beginnen Sie mit einem kostenlosen Plan","pricing_benefits":[{"text":"Unbegrenzte Websites"},{"text":"Schneller Kundensupport"},{"text":"Kostenloser Installationsservice"},{"text":"Flexibles Design"}],"pricing_button_text":"Zur Website hinzuf\u00fcgen","pricing_button_url":"#demo"}],"related_apps_title":"","related_apps_hidden":"","author":"","image":[],"title":"","job":"","social_networks":[]},"_links":{"self":[{"href":"https:\/\/elfsight.com\/de\/wp-json\/wp\/v2\/pages\/10875","targetHints":{"allow":["GET"]}}],"collection":[{"href":"https:\/\/elfsight.com\/de\/wp-json\/wp\/v2\/pages"}],"about":[{"href":"https:\/\/elfsight.com\/de\/wp-json\/wp\/v2\/types\/page"}],"author":[{"embeddable":true,"href":"https:\/\/elfsight.com\/de\/wp-json\/wp\/v2\/users\/9"}],"replies":[{"embeddable":true,"href":"https:\/\/elfsight.com\/de\/wp-json\/wp\/v2\/comments?post=10875"}],"version-history":[{"count":1,"href":"https:\/\/elfsight.com\/de\/wp-json\/wp\/v2\/pages\/10875\/revisions"}],"predecessor-version":[{"id":10879,"href":"https:\/\/elfsight.com\/de\/wp-json\/wp\/v2\/pages\/10875\/revisions\/10879"}],"up":[{"embeddable":true,"href":"https:\/\/elfsight.com\/de\/wp-json\/wp\/v2\/pages\/1162"}],"wp:attachment":[{"href":"https:\/\/elfsight.com\/de\/wp-json\/wp\/v2\/media?parent=10875"}],"curies":[{"name":"wp","href":"https:\/\/api.w.org\/{rel}","templated":true}]}}