{"id":10874,"date":"1970-01-01T00:00:00","date_gmt":"1970-01-01T00:00:00","guid":{"rendered":"https:\/\/elfsight.com\/de\/?page_id=10874"},"modified":"2025-02-14T05:49:33","modified_gmt":"2025-02-14T05:49:33","slug":"shopify","status":"publish","type":"page","link":"https:\/\/elfsight.com\/de\/vimeo-video-gallery-widget\/shopify\/","title":{"rendered":"Vimeo Gallery &#8211; Shopify"},"content":{"rendered":"\n<div class=\"application-platform-content-item-description application-platform-content-item\" id=\"description\" data-nav-section=\"description\"> <h2>Vimeo-Galerie auf Shopify mit dem Elfsight-Widget einbetten<\/h2> <p>Die Elfsight Vimeo-App ist ein unkompliziertes Tool f\u00fcr diejenigen, die dazu bereit sind Integrieren Sie Videoinhalte auf der Website. Mit dem Widget k\u00f6nnen Sie Playlists mit Videos erstellen, einen ganzen Kanal anzeigen, den attraktivsten Themeninhalt f\u00fcr Ihre Videogalerie ausw\u00e4hlen und vieles mehr. Der Vimeo-Player von Elfsight verf\u00fcgt \u00fcber durchdachte Designoptionen, die dabei helfen, die Benutzeroberfl\u00e4che f\u00fcr verschiedene Anwendungsf\u00e4lle geeignet zu gestalten. Durch gebrauchsfertige Widget-Layouts werden die Videos optimal platziert. Mehrere Wiedergabemodi machen das Ansehen von Videos in jedem Layout praktisch. Mithilfe des umschaltbaren Headers k\u00f6nnen Sie Ihren Kanal ganz einfach bewerben und die Anzahl der Abonnenten steigern. Die Vimeo-Videogalerie von Elfsight wird zu einer effektiven M\u00f6glichkeit, nicht nur das Engagement zu steigern, sondern auch Ihr Unternehmen weiterzuentwickeln. <\/p> <div class=\"faq\" data-component=\"FAQ\"><div class=\"faq-item\">\r\n\t\t\t\t\t<div class=\"faq-item-question\">\r\n\t\t\t\t\t\t<h3 class=\"faq-item-question-text\">Wo auf meiner Website kann ich es anzeigen<\/h3>\r\n\r\n\t\t\t\t\t\t<div class=\"faq-item-question-icon\"><\/div>\r\n\t\t\t\t\t<\/div>\r\n\r\n\t\t\t\t\t<div class=\"faq-item-answer\">\r\n\t\t\t\t\t\t<div class=\"faq-item-answer-text\"> <p>Sie k\u00f6nnen die Vimeo-App auf jeder Ihrer Webseiten einbetten. Wenn Sie es in die Vorlage einf\u00fcgen, wird es auf jeder einzelnen Seite Ihrer Website angezeigt. <\/p> <\/div>\r\n\t\t\t\t\t<\/div>\r\n\t\t\t\t<\/div><div class=\"faq-item\">\r\n\t\t\t\t\t<div class=\"faq-item-question\">\r\n\t\t\t\t\t\t<h3 class=\"faq-item-question-text\">Welche Vorteile bietet mir der Vimeo Video Player?<\/h3>\r\n\r\n\t\t\t\t\t\t<div class=\"faq-item-question-icon\"><\/div>\r\n\t\t\t\t\t<\/div>\r\n\r\n\t\t\t\t\t<div class=\"faq-item-answer\">\r\n\t\t\t\t\t\t<div class=\"faq-item-answer-text\"> <p>Mit diesem Plugin k\u00f6nnen Sie die Besucherinteraktion auf der Website mit den interessantesten Videos steigern. Mit der Schnellabonnementfunktion k\u00f6nnen Sie neue Abonnenten f\u00fcr Ihren Kanal gewinnen. <\/p><\/div>\r\n\t\t\t\t\t<\/div>\r\n\t\t\t\t<\/div> <div class=\"faq-item\">\r\n\t\t\t\t\t<div class=\"faq-item-question\">\r\n\t\t\t\t\t\t<h3 class=\"faq-item-question-text\">Was ben\u00f6tige ich, um die Vimeo-Galerie auf meine Website zu bringen?<\/h3>\r\n\r\n\t\t\t\t\t\t<div class=\"faq-item-question-icon\"><\/div>\r\n\t\t\t\t\t<\/div>\r\n\r\n\t\t\t\t\t<div class=\"faq-item-answer\">\r\n\t\t\t\t\t\t<div class=\"faq-item-answer-text\"> <p>Es dauert nur zwei Minuten, das Widget zu verwenden. Die Integration ist wirklich schnell, kostenlos und ohne Programmierung. <\/p> <p>Das Widget kann \u00fcber unseren Service oder \u00fcber den Marktplatz eingebettet werden. Hier k\u00f6nnen Sie \u00fcber diese Optionen lesen und Ihre ausw\u00e4hlen.<\/p> <\/div>\r\n\t\t\t\t\t<\/div>\r\n\t\t\t\t<\/div> <\/div> <\/div> <div class=\"application-platform-content-item-features application-platform-content-item\" id=\"features\" data-nav-section=\"features\"> <h2>Hauptfunktionen des Vimeo-Galerie-Widgets<\/h2> <p>Um einen besseren \u00dcberblick \u00fcber die Vimeo-App zu erhalten, k\u00f6nnen Sie die Liste ihrer wichtigsten Funktionen studieren. Sie machen unser Widget f\u00fcr Ihre Werbung unglaublich effektiv: <\/p> <ul><li>Hinzuf\u00fcgen bestimmter Layouts f\u00fcr verschiedene Arten der Videoabfolge: Raster, Playlist, Slider; <\/li><li>7 umschaltbare Elemente des Headers: Name, Statistik, Beschreibung, Follow-Button, Profilbild; <\/li><li>4 gebrauchsfertige Wiedergabemodi: Popup, Player, Inline oder auf Vimeo; <\/li><li>Drei Szenarien nach dem Ende des Videos: Als n\u00e4chstes abspielen, erneut abspielen, keines; <\/li><\/ul><p><a href=\"#demo\">Alle Funktionen in der Live-Demo ansehen<\/a><\/p> <\/div><div class=\"application-platform-content-item-installation application-platform-content-item\" id=\"installation\" data-nav-section=\"installation\"> <h2>Entdecken So betten Sie das Vimeo-Video in Ihren Shopify-Shop ein<\/h2><div class=\"video-container\"><iframe width=\"560\" height=\"315\" src=\"https:\/\/www.youtube.com\/embed\/q_5lv918RXs?si=7xufXWs9Sk-wUfE4\" frameborder=\"0\" allow=\"accelerometer; autoplay; clipboard-write; encrypted-media; gyroscope; picture-in-picture; web-share\" allowfullscreen><\/iframe><\/div><p>Die folgenden Schritte sind das Einzige, was Sie tun m\u00fcssen, um das Widget zu aktivieren.<\/p> <ol><li><b>Nutzen Sie unseren kostenlosen Editor und beginnen Sie mit der Erstellung Ihrer individuellen App. <\/b><br> Bestimmen Sie das passende Layout und die Funktionalit\u00e4t der App und speichern Sie alle Korrekturen. <\/li> <li><b>Erhalten Sie den pers\u00f6nlichen Code, der im Feld von Elfsight Apps angezeigt wird. <\/b><br> Kopieren Sie unmittelbar nach Abschluss der Konfiguration Ihrer App den einzelnen Code im angezeigten Fenster und bewahren Sie ihn f\u00fcr einen sp\u00e4teren Zeitpunkt auf. <\/li> <li><b>Beginnen Sie mit der Nutzung der App auf der Shopify-Website. <\/b><br> Implementieren Sie den Code, den Sie k\u00fcrzlich gespeichert haben, in Ihre Seite und speichern Sie die Korrekturen. <\/li> <li><b>Fertig! Die Einbettung ist vollst\u00e4ndig beendet. <\/b><br> \u00d6ffnen Sie Ihre Website, um zu sehen, wie die App funktioniert. <\/li><\/ol><p>Zweifeln Sie immer noch an etwas? Oder haben Sie Fragen? Senden Sie einfach Ihre Anfrage an unseren Kundensupport, wir helfen Ihnen bei jedem Problem. <\/p> <\/div>\n","protected":false},"excerpt":{"rendered":"","protected":false},"author":9,"featured_media":0,"parent":1162,"menu_order":0,"comment_status":"closed","ping_status":"closed","template":"templates\/template-application-platform.php","meta":{"publish_to_discourse":"","publish_post_category":"","wpdc_auto_publish_overridden":"","wpdc_topic_tags":"","wpdc_pin_topic":"","wpdc_pin_until":"","discourse_post_id":"","discourse_permalink":"","wpdc_publishing_response":"","wpdc_publishing_error":"","footnotes":""},"class_list":["post-10874","page","type-page","status-publish","hentry"],"yoast_head":"<!-- This site is optimized with the Yoast SEO plugin v25.3.1 - https:\/\/yoast.com\/wordpress\/plugins\/seo\/ -->\n<title>Vimeo Video Gallery-App zur Shopify-Website hinzuf\u00fcgen (kostenlos und schnell)<\/title>\n<meta name=\"description\" content=\"Hier haben Sie die M\u00f6glichkeit, ein Vimeo-Galerie-Widget zu erstellen und es in Ihrem Shopify-Shop anzuzeigen. Genie\u00dfen Sie kostenlosen Kundensupport und andere Verg\u00fcnstigungen von Elfsight.\" \/>\n<meta name=\"robots\" content=\"index, follow, max-snippet:-1, max-image-preview:large, max-video-preview:-1\" \/>\n<link rel=\"canonical\" href=\"https:\/\/elfsight.com\/de\/vimeo-video-gallery-widget\/shopify\/\" \/>\n<meta property=\"og:locale\" content=\"de_DE\" \/>\n<meta property=\"og:type\" content=\"article\" \/>\n<meta property=\"og:title\" content=\"Vimeo Video Gallery-App zur Shopify-Website hinzuf\u00fcgen (kostenlos und schnell)\" \/>\n<meta property=\"og:description\" content=\"Hier haben Sie die M\u00f6glichkeit, ein Vimeo-Galerie-Widget zu erstellen und es in Ihrem Shopify-Shop anzuzeigen. Genie\u00dfen Sie kostenlosen Kundensupport und andere Verg\u00fcnstigungen von Elfsight.\" \/>\n<meta property=\"og:url\" content=\"https:\/\/elfsight.com\/de\/vimeo-video-gallery-widget\/shopify\/\" \/>\n<meta property=\"og:site_name\" content=\"Elfsight DE\" \/>\n<meta property=\"article:modified_time\" content=\"2025-02-14T05:49:33+00:00\" \/>\n<meta name=\"twitter:card\" content=\"summary_large_image\" \/>\n<meta name=\"twitter:label1\" content=\"Gesch\u00e4tzte Lesezeit\" \/>\n\t<meta name=\"twitter:data1\" content=\"3\u00a0Minuten\" \/>\n<!-- \/ Yoast SEO plugin. -->","yoast_head_json":{"title":"Vimeo Video Gallery-App zur Shopify-Website hinzuf\u00fcgen (kostenlos und schnell)","description":"Hier haben Sie die M\u00f6glichkeit, ein Vimeo-Galerie-Widget zu erstellen und es in Ihrem Shopify-Shop anzuzeigen. Genie\u00dfen Sie kostenlosen Kundensupport und andere Verg\u00fcnstigungen von Elfsight.","robots":{"index":"index","follow":"follow","max-snippet":"max-snippet:-1","max-image-preview":"max-image-preview:large","max-video-preview":"max-video-preview:-1"},"canonical":"https:\/\/elfsight.com\/de\/vimeo-video-gallery-widget\/shopify\/","og_locale":"de_DE","og_type":"article","og_title":"Vimeo Video Gallery-App zur Shopify-Website hinzuf\u00fcgen (kostenlos und schnell)","og_description":"Hier haben Sie die M\u00f6glichkeit, ein Vimeo-Galerie-Widget zu erstellen und es in Ihrem Shopify-Shop anzuzeigen. Genie\u00dfen Sie kostenlosen Kundensupport und andere Verg\u00fcnstigungen von Elfsight.","og_url":"https:\/\/elfsight.com\/de\/vimeo-video-gallery-widget\/shopify\/","og_site_name":"Elfsight DE","article_modified_time":"2025-02-14T05:49:33+00:00","twitter_card":"summary_large_image","twitter_misc":{"Gesch\u00e4tzte Lesezeit":"3\u00a0Minuten"},"schema":{"@context":"https:\/\/schema.org","@graph":[{"@type":"WebPage","@id":"https:\/\/elfsight.com\/de\/vimeo-video-gallery-widget\/shopify\/","url":"https:\/\/elfsight.com\/de\/vimeo-video-gallery-widget\/shopify\/","name":"Vimeo Video Gallery-App zur Shopify-Website hinzuf\u00fcgen (kostenlos und schnell)","isPartOf":{"@id":"https:\/\/elfsight.com\/de\/#website"},"datePublished":"1970-01-01T00:00:00+00:00","dateModified":"2025-02-14T05:49:33+00:00","description":"Hier haben Sie die M\u00f6glichkeit, ein Vimeo-Galerie-Widget zu erstellen und es in Ihrem Shopify-Shop anzuzeigen. Genie\u00dfen Sie kostenlosen Kundensupport und andere Verg\u00fcnstigungen von Elfsight.","breadcrumb":{"@id":"https:\/\/elfsight.com\/de\/vimeo-video-gallery-widget\/shopify\/#breadcrumb"},"inLanguage":"de","potentialAction":[{"@type":"ReadAction","target":["https:\/\/elfsight.com\/de\/vimeo-video-gallery-widget\/shopify\/"]}]},{"@type":"BreadcrumbList","@id":"https:\/\/elfsight.com\/de\/vimeo-video-gallery-widget\/shopify\/#breadcrumb","itemListElement":[{"@type":"ListItem","position":1,"name":"Home","item":"https:\/\/elfsight.com\/de\/"},{"@type":"ListItem","position":2,"name":"Vimeo Gallery","item":"https:\/\/elfsight.com\/de\/vimeo-video-gallery-widget\/"},{"@type":"ListItem","position":3,"name":"Vimeo Gallery &#8211; Shopify"}]},{"@type":"WebSite","@id":"https:\/\/elfsight.com\/de\/#website","url":"https:\/\/elfsight.com\/de\/","name":"Elfsight DE","description":"Just another Elfsight Sites site","potentialAction":[{"@type":"SearchAction","target":{"@type":"EntryPoint","urlTemplate":"https:\/\/elfsight.com\/de\/?s={search_term_string}"},"query-input":{"@type":"PropertyValueSpecification","valueRequired":true,"valueName":"search_term_string"}}],"inLanguage":"de"}]}},"meta_box":{"industry":"","seo_heading":"","heading":"","description":"","cta_heading":"","cta_description":"","application":"492","h1":"Shopify Vimeo-Videogalerie","h1_caption":"Betten Sie eine Galerie mit Vimeo-Videos ein und bieten Sie so eine nahtlose M\u00f6glichkeit, Ihre Videoinhalte m\u00fchelos auf Ihrer Shopify-Website zu pr\u00e4sentieren.","application_category":[],"applications_title":"","applications_request_title":"","applications_request_button_text":"","hero_text":"","hero_video":"","hero_video_schema_markup":"","selling_points_title":"","selling_points_caption":"","selling_points":[],"selling_points_cta_text":"","features_title":"","features":"","ed_cta_examples_text":"","ed_cta_examples_hidden":"","ed_cta_demo_text":"","ed_cta_demo_hidden":"","why_caption":"","why_editor_title":"","why_editor_text":"","why_team_title":"","why_team_text":"","why_service_title":"","why_service_text":"","template_catalog_visible":"0","template_catalog_title":"","template_catalog_text":"","template_catalog_categories_visible":"","demo_title":"Erstellen Sie Ihre Vimeo Gallery-App","demo_caption":"Konfigurieren Sie Ihre Vimeo-Galerie und f\u00fcgen Sie sie kostenlos zu Ihrer Shopify-Website hinzu!","default_faq_hidden":"","app_template_category":[],"platform":"253","template_public_id":"","codecanyon_url":"","codecanyon_item_id":"","codecanyon_price":"","pricing_caption":"","pricing_elfsight_apps_hide_column":"","pricing_elfsight_apps_url":"","pricing_codecanyon_price_caption":"","integration_category":[],"integration_request_title":"","integration_request_cta":"","integration_platform":"","integrations":[],"platform_category":[],"video_schema_markup":"","price":"ab 0 $ \/ Monat","trial":"","benefits":[{"text":"Kostenloser Installationsservice"},{"text":"Premium-Support"},{"text":"14-t\u00e4gige Geld-zur\u00fcck-Garantie"},{"text":"Kontinuierliche kostenlose Updates"}],"button_url":"#demo","button_target_blank":"0","button_nofollow":"0","attributes":[{"name":"Installiert","content":"10,000 - 100,000"},{"name":"Reaktionsfreudig","content":"Ja"},{"name":"Kompatible Browser","content":"Firefox, Safari, Opera, Chrome, Edge"}],"tags":[],"tags_disable_links":"0","hide_more_platforms":"0","video_object":"","demo_hide_cta":"0","demo_hide_cloud_options":"0","pricing_title":"","pricing":[{"pricing_icon":"platform","pricing_title":"Elfsight Apps","pricing_title_caption":"Plattform\u00fcbergreifende Version, die auf jeder Website funktioniert","pricing_price":"ab 0 $ \/ Monat","pricing_price_caption":"Beginnen Sie mit einem kostenlosen Plan","pricing_benefits":[{"text":"Unbegrenzte Websites"},{"text":"Premium-Support"},{"text":"Kostenloser Installationsservice"},{"text":"Sonderangebot f\u00fcr mehrere Apps"}],"pricing_button_text":"Zur Website hinzuf\u00fcgen","pricing_button_url":"#demo"}],"related_apps_title":"","related_apps_hidden":"0","author":"","image":[],"title":"","job":"","social_networks":[]},"_links":{"self":[{"href":"https:\/\/elfsight.com\/de\/wp-json\/wp\/v2\/pages\/10874","targetHints":{"allow":["GET"]}}],"collection":[{"href":"https:\/\/elfsight.com\/de\/wp-json\/wp\/v2\/pages"}],"about":[{"href":"https:\/\/elfsight.com\/de\/wp-json\/wp\/v2\/types\/page"}],"author":[{"embeddable":true,"href":"https:\/\/elfsight.com\/de\/wp-json\/wp\/v2\/users\/9"}],"replies":[{"embeddable":true,"href":"https:\/\/elfsight.com\/de\/wp-json\/wp\/v2\/comments?post=10874"}],"version-history":[{"count":3,"href":"https:\/\/elfsight.com\/de\/wp-json\/wp\/v2\/pages\/10874\/revisions"}],"predecessor-version":[{"id":24153,"href":"https:\/\/elfsight.com\/de\/wp-json\/wp\/v2\/pages\/10874\/revisions\/24153"}],"up":[{"embeddable":true,"href":"https:\/\/elfsight.com\/de\/wp-json\/wp\/v2\/pages\/1162"}],"wp:attachment":[{"href":"https:\/\/elfsight.com\/de\/wp-json\/wp\/v2\/media?parent=10874"}],"curies":[{"name":"wp","href":"https:\/\/api.w.org\/{rel}","templated":true}]}}