{"id":10873,"date":"1970-01-01T00:00:00","date_gmt":"1970-01-01T00:00:00","guid":{"rendered":"https:\/\/elfsight.com\/de\/?page_id=10873"},"modified":"2025-02-14T05:51:20","modified_gmt":"2025-02-14T05:51:20","slug":"squarespace","status":"publish","type":"page","link":"https:\/\/elfsight.com\/de\/vimeo-video-gallery-widget\/squarespace\/","title":{"rendered":"Vimeo Gallery &#8211; Squarespace"},"content":{"rendered":"\n<div class=\"application-platform-content-item-description application-platform-content-item\" id=\"description\" data-nav-section=\"description\"><h2>Vimeo-Galerie auf Squarespace mit dem Elfsight-Widget einbetten<\/h2><p>Das Elfsight Vimeo-Plugin ist ein einfaches Tool f\u00fcr diejenigen, die eine Website haben und die bereit sind, Vimeo-Videos auf der Website einzubinden. Mit dem Widget k\u00f6nnen Sie Wiedergabelisten sammeln, einen ganzen Kanal anzeigen und die attraktivsten Videoinhalte f\u00fcr Ihre Galerie und andere ausw\u00e4hlen. Das Elfsight-Widget verf\u00fcgt \u00fcber viele Designfunktionen, die dabei helfen, eine Schnittstelle zu erstellen, die f\u00fcr verschiedene F\u00e4lle geeignet ist. Integrierte Layouts helfen dabei, den Inhalt optimal anzuordnen, und eine Vielzahl von Wiedergabemodi machen das Ansehen Ihrer Videos f\u00fcr jeden Benutzer komfortabel. Mit dem umschaltbaren Header ist es ganz einfach, Ihren Kanal anzuk\u00fcndigen und die Anzahl der Abonnenten zu erh\u00f6hen. Der Elfsight Video Player f\u00fcr Vimeo ist eine einfache M\u00f6glichkeit, nicht nur das Engagement zu steigern, sondern auch Ihr Gesch\u00e4ft auszubauen.<\/p> <div class=\"faq\" data-component=\"FAQ\"><div class=\"faq-item\">\r\n\t\t\t\t\t<div class=\"faq-item-question\">\r\n\t\t\t\t\t\t<h3 class=\"faq-item-question-text\">Wo auf meiner Website kann ich die Vimeo-Galerie einbetten<\/h3>\r\n\r\n\t\t\t\t\t\t<div class=\"faq-item-question-icon\"><\/div>\r\n\t\t\t\t\t<\/div>\r\n\r\n\t\t\t\t\t<div class=\"faq-item-answer\">\r\n\t\t\t\t\t\t<div class=\"faq-item-answer-text\"><p>Die Das Widget kann genau auf der Seite eingebettet werden, wo Sie es m\u00f6chten. Wenn Sie den Vimeo-Player in die Vorlage einf\u00fcgen, wird er auf allen Seiten angezeigt. <\/p> <\/div>\r\n\t\t\t\t\t<\/div>\r\n\t\t\t\t<\/div><div class=\"faq-item\">\r\n\t\t\t\t\t<div class=\"faq-item-question\">\r\n\t\t\t\t\t\t<h3 class=\"faq-item-question-text\">Wie k\u00f6nnte ich davon profitieren?<\/h3>\r\n\r\n\t\t\t\t\t\t<div class=\"faq-item-question-icon\"><\/div>\r\n\t\t\t\t\t<\/div>\r\n\r\n\t\t\t\t\t<div class=\"faq-item-answer\">\r\n\t\t\t\t\t\t<div class=\"faq-item-answer-text\"><p>Der Vimeo Video Player hilft Ihnen, das Engagement auf der Website mit sorgf\u00e4ltig ausgew\u00e4hlten Videos zu steigern. Durch sofortiges Folgen k\u00f6nnen Sie neue Abonnenten f\u00fcr Ihr Konto gewinnen.<\/p><\/div>\r\n\t\t\t\t\t<\/div>\r\n\t\t\t\t<\/div><div class=\"faq-item\">\r\n\t\t\t\t\t<div class=\"faq-item-question\">\r\n\t\t\t\t\t\t<h3 class=\"faq-item-question-text\">Was ben\u00f6tige ich, um das Vimeo-Plugin auf meiner Website zu installieren?<\/h3>\r\n\r\n\t\t\t\t\t\t<div class=\"faq-item-question-icon\"><\/div>\r\n\t\t\t\t\t<\/div>\r\n\r\n\t\t\t\t\t<div class=\"faq-item-answer\">\r\n\t\t\t\t\t\t<div class=\"faq-item-answer-text\"><p>Sie ben\u00f6tigen nur eine Minute Ihrer Zeit um das Widget zum Laufen zu bringen. Das Einbetten ist sehr schnell, kostenlos und erfordert keine Programmierung. <\/p><p>Es besteht die M\u00f6glichkeit, das Widget direkt \u00fcber unseren Service auf Ihrer Website zu platzieren. Schauen Sie sich einfach die Anleitung unten auf dieser Seite an. <\/p><\/div>\r\n\t\t\t\t\t<\/div>\r\n\t\t\t\t<\/div><\/div><\/div><div class=\"application-platform-content-item-features application-platform-content-item\" id=\"features\" data-nav-section=\"features\"><h2>Hauptfunktionen des Vimeo-Galerie-Widgets<\/h2><p>Um eine klare Vorstellung von der Vimeo-Videogalerie zu bekommen , hier ist die Liste der wichtigsten Funktionen. Sie machen unser Widget f\u00fcr Sie maximal n\u00fctzlich: <\/p><ul><li>Einbettung ausgew\u00e4hlter Layouts f\u00fcr verschiedene Arten der Videoabfolge: Raster, Playlist, Slider; <\/li><li>7 flexible Elemente des Widget-Headers: Name, Statistiken, Beschreibung, Schaltfl\u00e4che \u201eFolgen\u201c, Profilbild; <\/li><li>Vier sofort einsatzbereite Wiedergabemodi: Popup, Player, Inline oder auf Vimeo; <\/li><li>3 Szenarien nach dem Ende des Videos: Als n\u00e4chstes abspielen, erneut abspielen, keine; <\/li><\/ul><p><a href=\"#demo\">Unsere Demo zeigt Ihnen alle Funktionen<\/a><\/p><\/div><div class=\"application-platform-content-item-installation application-platform-content-item\" id=\"installation\" data-nav-section=\"installation\"><h2>So betten Sie Vimeo auf Ihrer Squarespace-Website ein<\/h2><div class=\"video-container\"><iframe width=\"560\" height=\"315\" src=\"https:\/\/www.youtube.com\/embed\/ejTzUfo-C54?si=t9wJWow_RX9zdO6O\" frameborder=\"0\" allow=\"accelerometer; autoplay; clipboard-write; encrypted-media; gyroscope; picture-in-picture; web-share\" allowfullscreen><\/iframe><\/div><p> Ein paar schnelle Aktionen sind das Einzige, was Sie tun m\u00fcssen, um das Plugin auf Ihrer Website zu demonstrieren. <\/p><ol><li><b>Generieren Sie Ihren benutzerdefinierten Vimeo-Player<\/b><br> Erstellen Sie mit unserem kostenlosen Editor ein Plugin mit benutzerdefiniertem Layout und Funktionalit\u00e4t. <\/li><li><b>Holen Sie sich den individuellen Code zum Einrichten des Plugins<\/b><br> Nachdem Sie Ihr Widget erstellt haben, erhalten Sie Ihren Installationscode aus dem erscheinenden Fenster von Elfsight Apps. Kopieren Sie den Code. <\/li> <li><b>Ver\u00f6ffentlichen Sie das Plugin auf Ihrer Squarespace-Website<\/b><br> Suchen Sie den Ort, an dem Sie das Widget einbetten m\u00f6chten, und f\u00fcgen Sie dort den kopierten Code hinzu. Ver\u00f6ffentlichen Sie die \u00c4nderungen. <\/li> <li><b>Fertig!<\/b><br> Gehen Sie zur Webressource, um Ihr Widget anzuzeigen. <\/li> <\/ol><p>Sie k\u00f6nnen immer noch keine Entscheidung treffen? Oder haben Sie Fragen? Eine einzige Anfrage an unser Support-Team gen\u00fcgt, um alle Fragen zu kl\u00e4ren. <\/p><\/div>\n","protected":false},"excerpt":{"rendered":"","protected":false},"author":9,"featured_media":0,"parent":1162,"menu_order":0,"comment_status":"closed","ping_status":"closed","template":"templates\/template-application-platform.php","meta":{"publish_to_discourse":"","publish_post_category":"","wpdc_auto_publish_overridden":"","wpdc_topic_tags":"","wpdc_pin_topic":"","wpdc_pin_until":"","discourse_post_id":"","discourse_permalink":"","wpdc_publishing_response":"","wpdc_publishing_error":"","footnotes":""},"class_list":["post-10873","page","type-page","status-publish","hentry"],"yoast_head":"<!-- This site is optimized with the Yoast SEO plugin v25.3.1 - https:\/\/yoast.com\/wordpress\/plugins\/seo\/ -->\n<title>Squarespace Vimeo | Betten Sie die Vimeo-Galerie in die Squarespace-Website ein<\/title>\n<meta name=\"description\" content=\"Erstellen Sie mit Elfsight im Handumdrehen Ihre Vimeo-Videogalerie und betten Sie sie auf der Squarespace-Website ein. Wir bieten kostenlosen Kundenservice und andere Boni.\" \/>\n<meta name=\"robots\" content=\"index, follow, max-snippet:-1, max-image-preview:large, max-video-preview:-1\" \/>\n<link rel=\"canonical\" href=\"https:\/\/elfsight.com\/de\/vimeo-video-gallery-widget\/squarespace\/\" \/>\n<meta property=\"og:locale\" content=\"de_DE\" \/>\n<meta property=\"og:type\" content=\"article\" \/>\n<meta property=\"og:title\" content=\"Squarespace Vimeo | Betten Sie die Vimeo-Galerie in die Squarespace-Website ein\" \/>\n<meta property=\"og:description\" content=\"Erstellen Sie mit Elfsight im Handumdrehen Ihre Vimeo-Videogalerie und betten Sie sie auf der Squarespace-Website ein. Wir bieten kostenlosen Kundenservice und andere Boni.\" \/>\n<meta property=\"og:url\" content=\"https:\/\/elfsight.com\/de\/vimeo-video-gallery-widget\/squarespace\/\" \/>\n<meta property=\"og:site_name\" content=\"Elfsight DE\" \/>\n<meta property=\"article:modified_time\" content=\"2025-02-14T05:51:20+00:00\" \/>\n<meta name=\"twitter:card\" content=\"summary_large_image\" \/>\n<meta name=\"twitter:label1\" content=\"Gesch\u00e4tzte Lesezeit\" \/>\n\t<meta name=\"twitter:data1\" content=\"3\u00a0Minuten\" \/>\n<!-- \/ Yoast SEO plugin. -->","yoast_head_json":{"title":"Squarespace Vimeo | Betten Sie die Vimeo-Galerie in die Squarespace-Website ein","description":"Erstellen Sie mit Elfsight im Handumdrehen Ihre Vimeo-Videogalerie und betten Sie sie auf der Squarespace-Website ein. Wir bieten kostenlosen Kundenservice und andere Boni.","robots":{"index":"index","follow":"follow","max-snippet":"max-snippet:-1","max-image-preview":"max-image-preview:large","max-video-preview":"max-video-preview:-1"},"canonical":"https:\/\/elfsight.com\/de\/vimeo-video-gallery-widget\/squarespace\/","og_locale":"de_DE","og_type":"article","og_title":"Squarespace Vimeo | Betten Sie die Vimeo-Galerie in die Squarespace-Website ein","og_description":"Erstellen Sie mit Elfsight im Handumdrehen Ihre Vimeo-Videogalerie und betten Sie sie auf der Squarespace-Website ein. Wir bieten kostenlosen Kundenservice und andere Boni.","og_url":"https:\/\/elfsight.com\/de\/vimeo-video-gallery-widget\/squarespace\/","og_site_name":"Elfsight DE","article_modified_time":"2025-02-14T05:51:20+00:00","twitter_card":"summary_large_image","twitter_misc":{"Gesch\u00e4tzte Lesezeit":"3\u00a0Minuten"},"schema":{"@context":"https:\/\/schema.org","@graph":[{"@type":"WebPage","@id":"https:\/\/elfsight.com\/de\/vimeo-video-gallery-widget\/squarespace\/","url":"https:\/\/elfsight.com\/de\/vimeo-video-gallery-widget\/squarespace\/","name":"Squarespace Vimeo | Betten Sie die Vimeo-Galerie in die Squarespace-Website ein","isPartOf":{"@id":"https:\/\/elfsight.com\/de\/#website"},"datePublished":"1970-01-01T00:00:00+00:00","dateModified":"2025-02-14T05:51:20+00:00","description":"Erstellen Sie mit Elfsight im Handumdrehen Ihre Vimeo-Videogalerie und betten Sie sie auf der Squarespace-Website ein. Wir bieten kostenlosen Kundenservice und andere Boni.","breadcrumb":{"@id":"https:\/\/elfsight.com\/de\/vimeo-video-gallery-widget\/squarespace\/#breadcrumb"},"inLanguage":"de","potentialAction":[{"@type":"ReadAction","target":["https:\/\/elfsight.com\/de\/vimeo-video-gallery-widget\/squarespace\/"]}]},{"@type":"BreadcrumbList","@id":"https:\/\/elfsight.com\/de\/vimeo-video-gallery-widget\/squarespace\/#breadcrumb","itemListElement":[{"@type":"ListItem","position":1,"name":"Home","item":"https:\/\/elfsight.com\/de\/"},{"@type":"ListItem","position":2,"name":"Vimeo Gallery","item":"https:\/\/elfsight.com\/de\/vimeo-video-gallery-widget\/"},{"@type":"ListItem","position":3,"name":"Vimeo Gallery &#8211; Squarespace"}]},{"@type":"WebSite","@id":"https:\/\/elfsight.com\/de\/#website","url":"https:\/\/elfsight.com\/de\/","name":"Elfsight DE","description":"Just another Elfsight Sites site","potentialAction":[{"@type":"SearchAction","target":{"@type":"EntryPoint","urlTemplate":"https:\/\/elfsight.com\/de\/?s={search_term_string}"},"query-input":{"@type":"PropertyValueSpecification","valueRequired":true,"valueName":"search_term_string"}}],"inLanguage":"de"}]}},"meta_box":{"industry":"","seo_heading":"","heading":"","description":"","cta_heading":"","cta_description":"","application":"492","h1":"Squarespace Vimeo-Videogalerie","h1_caption":"Betten Sie eine Galerie mit Vimeo-Videos ein und bieten Sie so eine nahtlose M\u00f6glichkeit, Ihre Videoinhalte m\u00fchelos auf Ihrer Squarespace-Website zu pr\u00e4sentieren.","application_category":[],"applications_title":"","applications_request_title":"","applications_request_button_text":"","hero_text":"","hero_video":"","hero_video_schema_markup":"","selling_points_title":"","selling_points_caption":"","selling_points":[],"selling_points_cta_text":"","features_title":"","features":"","ed_cta_examples_text":"","ed_cta_examples_hidden":"","ed_cta_demo_text":"","ed_cta_demo_hidden":"","why_caption":"","why_editor_title":"","why_editor_text":"","why_team_title":"","why_team_text":"","why_service_title":"","why_service_text":"","template_catalog_visible":"0","template_catalog_title":"","template_catalog_text":"","template_catalog_categories_visible":"","demo_title":"Erstellen Sie Ihr Vimeo Gallery-Plugin","demo_caption":"Konfigurieren Sie Ihre Vimeo-Galerie und f\u00fcgen Sie sie kostenlos zu Ihrer Squarespace-Website hinzu!","default_faq_hidden":"","app_template_category":[],"platform":"252","template_public_id":"","codecanyon_url":"","codecanyon_item_id":"","codecanyon_price":"","pricing_caption":"","pricing_elfsight_apps_hide_column":"","pricing_elfsight_apps_url":"","pricing_codecanyon_price_caption":"","integration_category":[],"integration_request_title":"","integration_request_cta":"","integration_platform":"","integrations":[],"platform_category":[],"video_schema_markup":"","price":"ab 0 $ \/ Monat","trial":"","benefits":[{"text":"Kostenlose Installationsunterst\u00fctzung"},{"text":"Erfahrener Kundensupport"},{"text":"14-t\u00e4gige R\u00fcckerstattungsgarantie"},{"text":"Lebenslange kostenlose Updates"}],"button_url":"#demo","button_target_blank":"0","button_nofollow":"0","attributes":[{"name":"Installiert","content":"10,000 - 100,000"},{"name":"Reaktionsfreudig","content":"Ja"},{"name":"Kompatible Browser","content":"Firefox, Safari, Opera, Chrome, Edge"}],"tags":[],"tags_disable_links":"0","hide_more_platforms":"0","video_object":"","demo_hide_cta":"0","demo_hide_cloud_options":"0","pricing_title":"","pricing":[{"pricing_icon":"platform","pricing_title":"Elfsight Apps","pricing_title_caption":"Multiplattform-L\u00f6sung","pricing_price":"ab 0 $ \/ Monat","pricing_price_caption":"Beginnen Sie mit einem kostenlosen Plan","pricing_benefits":[{"text":"Unbegrenzte Domains"},{"text":"Kostenloser und p\u00fcnktlicher Support"},{"text":"Kostenlose Installationsunterst\u00fctzung"},{"text":"100 % anpassbar"}],"pricing_button_text":"Zur Website hinzuf\u00fcgen","pricing_button_url":"#demo"}],"related_apps_title":"","related_apps_hidden":"0","author":"","image":[],"title":"","job":"","social_networks":[]},"_links":{"self":[{"href":"https:\/\/elfsight.com\/de\/wp-json\/wp\/v2\/pages\/10873","targetHints":{"allow":["GET"]}}],"collection":[{"href":"https:\/\/elfsight.com\/de\/wp-json\/wp\/v2\/pages"}],"about":[{"href":"https:\/\/elfsight.com\/de\/wp-json\/wp\/v2\/types\/page"}],"author":[{"embeddable":true,"href":"https:\/\/elfsight.com\/de\/wp-json\/wp\/v2\/users\/9"}],"replies":[{"embeddable":true,"href":"https:\/\/elfsight.com\/de\/wp-json\/wp\/v2\/comments?post=10873"}],"version-history":[{"count":3,"href":"https:\/\/elfsight.com\/de\/wp-json\/wp\/v2\/pages\/10873\/revisions"}],"predecessor-version":[{"id":24154,"href":"https:\/\/elfsight.com\/de\/wp-json\/wp\/v2\/pages\/10873\/revisions\/24154"}],"up":[{"embeddable":true,"href":"https:\/\/elfsight.com\/de\/wp-json\/wp\/v2\/pages\/1162"}],"wp:attachment":[{"href":"https:\/\/elfsight.com\/de\/wp-json\/wp\/v2\/media?parent=10873"}],"curies":[{"name":"wp","href":"https:\/\/api.w.org\/{rel}","templated":true}]}}