{"id":10866,"date":"1970-01-01T00:00:00","date_gmt":"1970-01-01T00:00:00","guid":{"rendered":"https:\/\/elfsight.com\/de\/?page_id=10866"},"modified":"2025-02-14T05:57:26","modified_gmt":"2025-02-14T05:57:26","slug":"weebly","status":"publish","type":"page","link":"https:\/\/elfsight.com\/de\/vimeo-video-gallery-widget\/weebly\/","title":{"rendered":"Vimeo Gallery &#8211; Weebly"},"content":{"rendered":"\n<div class=\"application-platform-content-item-description application-platform-content-item\" id=\"description\" data-nav-section=\"description\"><h2>Beschreibung<\/h2><p>Elfsight Vimeo Gallery ist ein effektives Tool f\u00fcr diejenigen, die Vimeo-Videos auf der Website integrieren m\u00f6chten. Es steht Ihnen frei, Playlists zu sammeln, Kan\u00e4le anzuzeigen, die besten Inhalte f\u00fcr Ihre Galerie zu finden und vieles mehr. Das Elfsight-Widget verf\u00fcgt \u00fcber zahlreiche Schnittstelleneinstellungen, die dabei helfen, die Schnittstelle f\u00fcr verschiedene Anwendungsf\u00e4lle geeignet zu gestalten. Drei Layouts organisieren die Videos optimal, mehrere Wiedergabemodi machen das Ansehen von Videos in jedem Anwendungsfall komfortabel. Mit der Kopfzeile k\u00f6nnen Sie Ihren Kanal vorstellen und die Anzahl der Follower steigern. Die Elfsight Vimeo-App wird zu einer effizienten M\u00f6glichkeit, nicht nur das Engagement zu steigern, sondern auch Ihr Gesch\u00e4ft auszubauen. <\/p> <div class=\"faq\" data-component=\"FAQ\"><div class=\"faq-item\">\r\n\t\t\t\t\t<div class=\"faq-item-question\">\r\n\t\t\t\t\t\t<h3 class=\"faq-item-question-text\">Wo auf meiner Website kann ich das Widget anzeigen<\/h3>\r\n\r\n\t\t\t\t\t\t<div class=\"faq-item-question-icon\"><\/div>\r\n\t\t\t\t\t<\/div>\r\n\r\n\t\t\t\t\t<div class=\"faq-item-answer\">\r\n\t\t\t\t\t\t<div class=\"faq-item-answer-text\"><p>Der Vimeo-Videoplayer kann auf jeder Seite Ihrer Website angezeigt werden. Wenn Sie das Widget in die Website-Vorlage einf\u00fcgen, werden die Videos auf jeder Seite angezeigt.<\/p> <\/div>\r\n\t\t\t\t\t<\/div>\r\n\t\t\t\t<\/div><div class=\"faq-item\">\r\n\t\t\t\t\t<div class=\"faq-item-question\">\r\n\t\t\t\t\t\t<h3 class=\"faq-item-question-text\">Welche Vorteile kann es mir bieten?<\/h3>\r\n\r\n\t\t\t\t\t\t<div class=\"faq-item-question-icon\"><\/div>\r\n\t\t\t\t\t<\/div>\r\n\r\n\t\t\t\t\t<div class=\"faq-item-answer\">\r\n\t\t\t\t\t\t<div class=\"faq-item-answer-text\"><p>Dieses Plugin tr\u00e4gt zur Erh\u00f6hung der bei Mithilfe sorgf\u00e4ltig ausgew\u00e4hlter Videos k\u00f6nnen Sie den Grad der Benutzerinteraktion auf Ihrer Website steigern. Mit nur einem Klick k\u00f6nnen Sie neue Abonnenten f\u00fcr Ihren Kanal gewinnen. <\/p><\/div>\r\n\t\t\t\t\t<\/div>\r\n\t\t\t\t<\/div><div class=\"faq-item\">\r\n\t\t\t\t\t<div class=\"faq-item-question\">\r\n\t\t\t\t\t\t<h3 class=\"faq-item-question-text\">Wie kann ich die Vimeo-Galerie auf meiner Website hinzuf\u00fcgen?<\/h3>\r\n\r\n\t\t\t\t\t\t<div class=\"faq-item-question-icon\"><\/div>\r\n\t\t\t\t\t<\/div>\r\n\r\n\t\t\t\t\t<div class=\"faq-item-answer\">\r\n\t\t\t\t\t\t<div class=\"faq-item-answer-text\"><p>Die Einrichtung dauert nur ein paar Minuten. Das Hinzuf\u00fcgen erfolgt superschnell, kostenlos und ohne Programmieraufwand.<\/p><p>Das Widget kann \u00fcber unseren Service oder auf dem Marktplatz eingerichtet werden. Sie k\u00f6nnen alle Details beider Optionen vergleichen und Ihre ausw\u00e4hlen. <\/p><\/div>\r\n\t\t\t\t\t<\/div>\r\n\t\t\t\t<\/div><\/div><\/div><div class=\"application-platform-content-item-features application-platform-content-item\" id=\"features\" data-nav-section=\"features\"><h2>Funktionen<\/h2><p>Um eine klarere Kenntnis des Vimeo-Players zu erlangen, schauen Sie sich die Liste an seiner wertvollsten Eigenschaften. Sie machen unser Widget f\u00fcr Sie maximal effektiv: <\/p><ul><li>Die M\u00f6glichkeit, Layouts f\u00fcr verschiedene Arten der Videoanordnung einzubetten: Raster, Playlist, Slider; <\/li><li>Sieben flexible Elemente des Headers: Name, Statistik, Beschreibung, Schaltfl\u00e4che \u201eFolgen\u201c, Profilbild; <\/li><li>4 integrierte Wiedergabemodi: Popup, Player, Inline oder auf Vimeo; <\/li><li>Drei Varianten nach Ende des Videos: Als n\u00e4chstes abspielen, erneut abspielen, keine; <\/li><\/ul><p><a href=\"#demo\">Eine vollst\u00e4ndige Liste der Funktionen finden Sie in der Live-Demo<\/a><\/p><\/div><div class=\"application-platform-content-item-installation application-platform-content-item\" id=\"installation\" data-nav-section=\"installation\"><h2>\u00dcberpr\u00fcfen Sie, wie Sie das Vimeo-Video auf Ihrer Weebly-Site einbetten<\/h2><div class=\"video-container\"><iframe width=\"560\" height=\"315\" src=\"https:\/\/www.youtube.com\/embed\/IZBiapib_Gw?si=b9SQLQuQ16KndijQ\" frameborder=\"0\" allow=\"accelerometer; autoplay; clipboard-write; encrypted-media; gyroscope; picture-in-picture; web-share\" allowfullscreen><\/iframe><\/div><p>Diese mehreren Schritte sind das Einzige, was Sie ben\u00f6tigen, um das Widget auf Ihrer Website einzurichten. Es wird nur zwei Minuten Ihrer Zeit in Anspruch nehmen und Sie m\u00fcssen nicht programmieren. <\/p><ol><li><b>Nutzen Sie unseren kostenlosen Konfigurator und beginnen Sie mit der Arbeit mit Ihrer ma\u00dfgeschneiderten App. <\/b><br> Bestimmen Sie das bevorzugte Layout und die Eigenschaften der App und speichern Sie alle Korrekturen. <\/li> <li><b>Erwerben Sie den individuellen Code, der im speziellen Formular auf Elfsight Apps erscheint. <\/b><br> Nachdem die Konfiguration Ihrer App abgeschlossen ist, kopieren Sie den pers\u00f6nlichen Code im erscheinenden Popup und speichern Sie ihn f\u00fcr eine sp\u00e4tere Gelegenheit. <\/li> <li><b>Beginnen Sie mit der Anwendung der App auf der Weebly-Website. <\/b><br> F\u00fcgen Sie den zuvor kopierten Code in Ihre Website ein und speichern Sie die Anpassungen. <\/li> <li><b>Du bist fertig! Die Integration ist vollst\u00e4ndig beendet. <\/b><br> \u00d6ffnen Sie Ihre Website, um die Arbeit der App zu \u00fcberpr\u00fcfen. <\/li><\/ol><p>Sie k\u00f6nnen sich immer noch nicht entscheiden? Oder haben Sie Fragen? Senden Sie einfach eine Anfrage an unseren Kundenservice, um jedes Problem zu l\u00f6sen. <\/p><\/div>\n","protected":false},"excerpt":{"rendered":"","protected":false},"author":9,"featured_media":0,"parent":1162,"menu_order":0,"comment_status":"closed","ping_status":"closed","template":"templates\/template-application-platform.php","meta":{"publish_to_discourse":"","publish_post_category":"","wpdc_auto_publish_overridden":"","wpdc_topic_tags":"","wpdc_pin_topic":"","wpdc_pin_until":"","discourse_post_id":"","discourse_permalink":"","wpdc_publishing_response":"","wpdc_publishing_error":"","footnotes":""},"class_list":["post-10866","page","type-page","status-publish","hentry"],"yoast_head":"<!-- This site is optimized with the Yoast SEO plugin v25.3.1 - https:\/\/yoast.com\/wordpress\/plugins\/seo\/ -->\n<title>Vimeo-Videogalerie-App zur Weebly-Website hinzuf\u00fcgen (kostenlos und schnell)<\/title>\n<meta name=\"description\" content=\"Es ist ganz einfach, Ihr Vimeo-Videogalerie-Widget zu erstellen und auf der Weebly-Website anzuzeigen. Der Kundendienst von Elfsight ist kostenlos und schnell.\" \/>\n<meta name=\"robots\" content=\"index, follow, max-snippet:-1, max-image-preview:large, max-video-preview:-1\" \/>\n<link rel=\"canonical\" href=\"https:\/\/elfsight.com\/de\/vimeo-video-gallery-widget\/weebly\/\" \/>\n<meta property=\"og:locale\" content=\"de_DE\" \/>\n<meta property=\"og:type\" content=\"article\" \/>\n<meta property=\"og:title\" content=\"Vimeo-Videogalerie-App zur Weebly-Website hinzuf\u00fcgen (kostenlos und schnell)\" \/>\n<meta property=\"og:description\" content=\"Es ist ganz einfach, Ihr Vimeo-Videogalerie-Widget zu erstellen und auf der Weebly-Website anzuzeigen. Der Kundendienst von Elfsight ist kostenlos und schnell.\" \/>\n<meta property=\"og:url\" content=\"https:\/\/elfsight.com\/de\/vimeo-video-gallery-widget\/weebly\/\" \/>\n<meta property=\"og:site_name\" content=\"Elfsight DE\" \/>\n<meta property=\"article:modified_time\" content=\"2025-02-14T05:57:26+00:00\" \/>\n<meta name=\"twitter:card\" content=\"summary_large_image\" \/>\n<meta name=\"twitter:label1\" content=\"Gesch\u00e4tzte Lesezeit\" \/>\n\t<meta name=\"twitter:data1\" content=\"3\u00a0Minuten\" \/>\n<!-- \/ Yoast SEO plugin. -->","yoast_head_json":{"title":"Vimeo-Videogalerie-App zur Weebly-Website hinzuf\u00fcgen (kostenlos und schnell)","description":"Es ist ganz einfach, Ihr Vimeo-Videogalerie-Widget zu erstellen und auf der Weebly-Website anzuzeigen. Der Kundendienst von Elfsight ist kostenlos und schnell.","robots":{"index":"index","follow":"follow","max-snippet":"max-snippet:-1","max-image-preview":"max-image-preview:large","max-video-preview":"max-video-preview:-1"},"canonical":"https:\/\/elfsight.com\/de\/vimeo-video-gallery-widget\/weebly\/","og_locale":"de_DE","og_type":"article","og_title":"Vimeo-Videogalerie-App zur Weebly-Website hinzuf\u00fcgen (kostenlos und schnell)","og_description":"Es ist ganz einfach, Ihr Vimeo-Videogalerie-Widget zu erstellen und auf der Weebly-Website anzuzeigen. Der Kundendienst von Elfsight ist kostenlos und schnell.","og_url":"https:\/\/elfsight.com\/de\/vimeo-video-gallery-widget\/weebly\/","og_site_name":"Elfsight DE","article_modified_time":"2025-02-14T05:57:26+00:00","twitter_card":"summary_large_image","twitter_misc":{"Gesch\u00e4tzte Lesezeit":"3\u00a0Minuten"},"schema":{"@context":"https:\/\/schema.org","@graph":[{"@type":"WebPage","@id":"https:\/\/elfsight.com\/de\/vimeo-video-gallery-widget\/weebly\/","url":"https:\/\/elfsight.com\/de\/vimeo-video-gallery-widget\/weebly\/","name":"Vimeo-Videogalerie-App zur Weebly-Website hinzuf\u00fcgen (kostenlos und schnell)","isPartOf":{"@id":"https:\/\/elfsight.com\/de\/#website"},"datePublished":"1970-01-01T00:00:00+00:00","dateModified":"2025-02-14T05:57:26+00:00","description":"Es ist ganz einfach, Ihr Vimeo-Videogalerie-Widget zu erstellen und auf der Weebly-Website anzuzeigen. Der Kundendienst von Elfsight ist kostenlos und schnell.","breadcrumb":{"@id":"https:\/\/elfsight.com\/de\/vimeo-video-gallery-widget\/weebly\/#breadcrumb"},"inLanguage":"de","potentialAction":[{"@type":"ReadAction","target":["https:\/\/elfsight.com\/de\/vimeo-video-gallery-widget\/weebly\/"]}]},{"@type":"BreadcrumbList","@id":"https:\/\/elfsight.com\/de\/vimeo-video-gallery-widget\/weebly\/#breadcrumb","itemListElement":[{"@type":"ListItem","position":1,"name":"Home","item":"https:\/\/elfsight.com\/de\/"},{"@type":"ListItem","position":2,"name":"Vimeo Gallery","item":"https:\/\/elfsight.com\/de\/vimeo-video-gallery-widget\/"},{"@type":"ListItem","position":3,"name":"Vimeo Gallery &#8211; Weebly"}]},{"@type":"WebSite","@id":"https:\/\/elfsight.com\/de\/#website","url":"https:\/\/elfsight.com\/de\/","name":"Elfsight DE","description":"Just another Elfsight Sites site","potentialAction":[{"@type":"SearchAction","target":{"@type":"EntryPoint","urlTemplate":"https:\/\/elfsight.com\/de\/?s={search_term_string}"},"query-input":{"@type":"PropertyValueSpecification","valueRequired":true,"valueName":"search_term_string"}}],"inLanguage":"de"}]}},"meta_box":{"industry":"","seo_heading":"","heading":"","description":"","cta_heading":"","cta_description":"","application":"492","h1":"Weebly Vimeo-Videogalerie","h1_caption":"Betten Sie eine Galerie mit Vimeo-Videos ein und bieten Sie so eine nahtlose M\u00f6glichkeit, Ihre Videoinhalte m\u00fchelos auf Ihrer Weebly-Website zu pr\u00e4sentieren.","application_category":[],"applications_title":"","applications_request_title":"","applications_request_button_text":"","hero_text":"","hero_video":"","hero_video_schema_markup":"","selling_points_title":"","selling_points_caption":"","selling_points":[],"selling_points_cta_text":"","features_title":"","features":"","ed_cta_examples_text":"","ed_cta_examples_hidden":"","ed_cta_demo_text":"","ed_cta_demo_hidden":"","why_caption":"","why_editor_title":"","why_editor_text":"","why_team_title":"","why_team_text":"","why_service_title":"","why_service_text":"","template_catalog_visible":"0","template_catalog_title":"","template_catalog_text":"","template_catalog_categories_visible":"","demo_title":"Erstellen Sie Ihre Vimeo Gallery-App","demo_caption":"Konfigurieren Sie Ihre Vimeo-Galerie und f\u00fcgen Sie sie kostenlos zu Ihrer Weebly-Website hinzu!","default_faq_hidden":"","app_template_category":[],"platform":"249","template_public_id":"","codecanyon_url":"","codecanyon_item_id":"","codecanyon_price":"","pricing_caption":"","pricing_elfsight_apps_hide_column":"","pricing_elfsight_apps_url":"","pricing_codecanyon_price_caption":"","integration_category":[],"integration_request_title":"","integration_request_cta":"","integration_platform":"","integrations":[],"platform_category":[],"video_schema_markup":"","price":"ab 0 $ \/ Monat","trial":"","benefits":[{"text":"Kostenlose Installationsunterst\u00fctzung"},{"text":"Premium-Support"},{"text":"14-t\u00e4gige Geld-zur\u00fcck-Garantie"},{"text":"Fortlaufende Entwicklung"}],"button_url":"#demo","button_target_blank":"0","button_nofollow":"0","attributes":[{"name":"Installiert","content":"10,000 - 100,000"},{"name":"Reaktionsfreudig","content":"Ja"},{"name":"Kompatible Browser","content":"Firefox, Safari, Opera, Chrome, Edge"}],"tags":[],"tags_disable_links":"0","hide_more_platforms":"0","video_object":"","demo_hide_cta":"0","demo_hide_cloud_options":"0","pricing_title":"","pricing":[{"pricing_icon":"platform","pricing_title":"Elfsight Apps","pricing_title_caption":"Multiplattform-Version, die auf jeder Site funktioniert","pricing_price":"ab 0 $ \/ Monat","pricing_price_caption":"Beginnen Sie mit einem kostenlosen Plan","pricing_benefits":[{"text":"Unbegrenzte Websites"},{"text":"24\/7 und p\u00fcnktlicher Support"},{"text":"Kostenlose Installationsunterst\u00fctzung"},{"text":"Flexibles Design"}],"pricing_button_text":"Zur Website hinzuf\u00fcgen","pricing_button_url":"#demo"}],"related_apps_title":"","related_apps_hidden":"0","author":"","image":[],"title":"","job":"","social_networks":[]},"_links":{"self":[{"href":"https:\/\/elfsight.com\/de\/wp-json\/wp\/v2\/pages\/10866","targetHints":{"allow":["GET"]}}],"collection":[{"href":"https:\/\/elfsight.com\/de\/wp-json\/wp\/v2\/pages"}],"about":[{"href":"https:\/\/elfsight.com\/de\/wp-json\/wp\/v2\/types\/page"}],"author":[{"embeddable":true,"href":"https:\/\/elfsight.com\/de\/wp-json\/wp\/v2\/users\/9"}],"replies":[{"embeddable":true,"href":"https:\/\/elfsight.com\/de\/wp-json\/wp\/v2\/comments?post=10866"}],"version-history":[{"count":3,"href":"https:\/\/elfsight.com\/de\/wp-json\/wp\/v2\/pages\/10866\/revisions"}],"predecessor-version":[{"id":24158,"href":"https:\/\/elfsight.com\/de\/wp-json\/wp\/v2\/pages\/10866\/revisions\/24158"}],"up":[{"embeddable":true,"href":"https:\/\/elfsight.com\/de\/wp-json\/wp\/v2\/pages\/1162"}],"wp:attachment":[{"href":"https:\/\/elfsight.com\/de\/wp-json\/wp\/v2\/media?parent=10866"}],"curies":[{"name":"wp","href":"https:\/\/api.w.org\/{rel}","templated":true}]}}